{"id":3709,"date":"2016-04-04T14:44:49","date_gmt":"2016-04-04T13:44:49","guid":{"rendered":"https:\/\/tnd.ontesting.co.uk\/balzamas-plaukams-auksinis-imbieras-300-ml\/"},"modified":"2020-08-03T12:28:46","modified_gmt":"2020-08-03T11:28:46","slug":"balzamas-plaukams-auksinis-imbieras-300-ml","status":"publish","type":"product","link":"https:\/\/tiandeproducts.co.uk\/lt\/balzamas-plaukams-auksinis-imbieras-300-ml\/","title":{"rendered":"Balzamas plaukams \u201cAuksinis imbieras\u201d 300 ml."},"content":{"rendered":"<p>Balzamas plaukams\u00a0\u201eAuksinis imbieras\u200b\u200b\u200b\u200b\u201c &#8211; viena i\u0161 pa\u010di\u0173 efektyviausi\u0173 priemoni\u0173, i\u0161sprend\u017eian\u010di\u0173 daugel\u012f plauk\u0173 prie\u017ei\u016bros problem\u0173. Balzamo sud\u0117tyje esantis subalansuotas augalini\u0173 ekstrakt\u0173 kompleksas suaktyvina plauko svog\u016bn\u0117l\u012f, gerina plauko strukt\u016br\u0105, suteikia pilnavert\u012f maitinim\u0105, padeda\u00a0panaikinti per didel\u012f riebalavim\u0105si, riebias ir sausas pleiskanas, galvos odos u\u017edegiminius procesus. Reguliariai naudojant balzam\u0105 i\u0161sivalo galvos oda, sustipr\u0117ja plauk\u0173 \u0161aknys, spar\u010diau auga nauji sveiki plaukai.<\/p>\n<p>Subalansuotas augalini\u0173 ekstrakt\u0173 kompleksas, nat\u016bral\u016bs aliejai ir mikroelementai, aminor\u016bg\u0161tys ir vitaminai ypa\u010d efektyviai stiprina plaukus nuo pat \u0161akn\u0173, maitina, suteikia gyvybin\u0117s energijos. Plaukai tampa mink\u0161ti, pur\u016bs, lengvai su\u0161ukuojami.<\/p>\n<p><strong>Naudojimas:<\/strong><br \/>\nJei priemon\u0119 naudosite kaip kondicionieri\u0173, tuomet \u0161varius, dr\u0117gnus plaukus \u012ftrinkite balzamu, palaikykite 2-3 min. ir i\u0161skalaukite. Jeigu balzam\u0105 naudosite kaip atkuriam\u0105j\u0105 ir terapeutin\u0119 priemon\u0119, tada j\u012f \u012ftryn\u0119 palaikykite apie 20-30 min. ir gerai i\u0161skalaukite.<\/p>\n<p><strong>Veikliosios med\u017eiagos:<\/strong><\/p>\n<p><strong>Imbieras<\/strong>\u00a0Ryt\u0173 medicinoje rei\u0161kia universal\u0173 vaist\u0105, turint\u012f ypatingas antioksidantines, prie\u0161u\u017edegimines, prie\u0161mikrobines, tonizuojan\u010dias ir nuskausminan\u010dias savybes. Imbieras turi vitamino A, E, C, K, B grup\u0117s vitamin\u0173, beveik visas aminor\u016bg\u0161tis, mikroelementus: kal\u012f, kalc\u012f, gele\u017e\u012f, cink\u0105, fosfor\u0105, natr\u012f, magn\u012f, ir eterin\u012f aliej\u0173. Visi \u0161ie aktyv\u016bs komponentai stimuliuoja plauko svog\u016bn\u0117l\u012f, tvarko galvos odos problemas, gerina plauko elastingum\u0105, maitina nuo \u0161akn\u0173 iki galiuk\u0173.<\/p>\n<p><strong>Kokoso aliejus<\/strong>\u00a0puikiai maitina plonus ir i\u0161ret\u0117jusius plaukus, stiprina juos ir mink\u0161tina galvos od\u0105.<\/p>\n<p><strong>Ry\u017ei\u0173 proteinai<\/strong>\u00a0stiprina plauk\u0173 \u0161aknis, atstato plauko strukt\u016br\u0105 ir elastingum\u0105, suteikia plaukams ypating\u0105 blizges\u012f, neleid\u017eia elektrintis.<\/p>\n<p><strong>Lanolinas<\/strong>\u00a0maitina ir mink\u0161tina galvos od\u0105, veikia kaip antistatikas, turi kondicionuojan\u010di\u0173 s\u0105vybi\u0173.<\/p>\n","protected":false},"excerpt":{"rendered":"<p>Balzamas plaukams\u00a0\u201eAuksinis imbieras\u200b\u200b\u200b\u200b\u201c &#8211; viena i\u0161 pa\u010di\u0173 efektyviausi\u0173 priemoni\u0173, i\u0161sprend\u017eian\u010di\u0173 daugel\u012f plauk\u0173 prie\u017ei\u016bros problem\u0173. Balzamo sud\u0117tyje esantis subalansuotas augalini\u0173 ekstrakt\u0173 kompleksas suaktyvina plauko svog\u016bn\u0117l\u012f, gerina plauko strukt\u016br\u0105, suteikia pilnavert\u012f maitinim\u0105, padeda\u00a0panaikinti per didel\u012f riebalavim\u0105si, riebias ir sausas pleiskanas, galvos odos u\u017edegiminius procesus. Reguliariai naudojant balzam\u0105 i\u0161sivalo galvos oda, sustipr\u0117ja plauk\u0173 \u0161aknys, spar\u010diau auga nauji sveiki [&#8230;]\n","protected":false},"featured_media":414,"comment_status":"closed","ping_status":"closed","template":"","meta":[],"product_cat":[654,664,634],"product_tag":[],"class_list":{"0":"post-3709","1":"product","2":"type-product","3":"status-publish","4":"has-post-thumbnail","6":"product_cat-balzamai","7":"product_cat-master-herb-lt-2","8":"product_cat-plaukams","10":"first","11":"instock","12":"shipping-taxable","13":"purchasable","14":"product-type-simple"},"yoast_head":"<!-- This site is optimized with the Yoast SEO plugin v23.6 - https:\/\/yoast.com\/wordpress\/plugins\/seo\/ -->\n<title>Balzamas plaukams \u201cAuksinis imbieras\u201d 300 ml. - TianDe Online Shop - Beauty &amp; Health<\/title>\n<meta name=\"robots\" content=\"index, follow, max-snippet:-1, max-image-preview:large, max-video-preview:-1\" \/>\n<link rel=\"canonical\" href=\"https:\/\/tiandeproducts.co.uk\/lt\/balzamas-plaukams-auksinis-imbieras-300-ml\/\" \/>\n<meta property=\"og:locale\" content=\"lt_LT\" \/>\n<meta property=\"og:type\" content=\"article\" \/>\n<meta property=\"og:title\" content=\"Balzamas plaukams \u201cAuksinis imbieras\u201d 300 ml. - TianDe Online Shop - Beauty &amp; Health\" \/>\n<meta property=\"og:description\" content=\"Balzamas plaukams\u00a0\u201eAuksinis imbieras\u200b\u200b\u200b\u200b\u201c &#8211; viena i\u0161 pa\u010di\u0173 efektyviausi\u0173 priemoni\u0173, i\u0161sprend\u017eian\u010di\u0173 daugel\u012f plauk\u0173 prie\u017ei\u016bros problem\u0173. Balzamo sud\u0117tyje esantis subalansuotas augalini\u0173 ekstrakt\u0173 kompleksas suaktyvina plauko svog\u016bn\u0117l\u012f, gerina plauko strukt\u016br\u0105, suteikia pilnavert\u012f maitinim\u0105, padeda\u00a0panaikinti per didel\u012f riebalavim\u0105si, riebias ir sausas pleiskanas, galvos odos u\u017edegiminius procesus. Reguliariai naudojant balzam\u0105 i\u0161sivalo galvos oda, sustipr\u0117ja plauk\u0173 \u0161aknys, spar\u010diau auga nauji sveiki [...]\" \/>\n<meta property=\"og:url\" content=\"https:\/\/tiandeproducts.co.uk\/lt\/balzamas-plaukams-auksinis-imbieras-300-ml\/\" \/>\n<meta property=\"og:site_name\" content=\"TianDe Online Shop - Beauty &amp; Health\" \/>\n<meta property=\"article:publisher\" content=\"https:\/\/www.facebook.com\/tiande.products.england\/\" \/>\n<meta property=\"article:modified_time\" content=\"2020-08-03T11:28:46+00:00\" \/>\n<meta property=\"og:image\" content=\"https:\/\/tiandeproducts.co.uk\/wp-content\/uploads\/2016\/04\/21309_new.png\" \/>\n\t<meta property=\"og:image:width\" content=\"700\" \/>\n\t<meta property=\"og:image:height\" content=\"700\" \/>\n\t<meta property=\"og:image:type\" content=\"image\/png\" \/>\n<meta name=\"twitter:card\" content=\"summary_large_image\" \/>\n<meta name=\"twitter:label1\" content=\"Est. reading time\" \/>\n\t<meta name=\"twitter:data1\" content=\"1 minut\u0117\" \/>\n<script type=\"application\/ld+json\" class=\"yoast-schema-graph\">{\"@context\":\"https:\/\/schema.org\",\"@graph\":[{\"@type\":\"WebPage\",\"@id\":\"https:\/\/tiandeproducts.co.uk\/lt\/balzamas-plaukams-auksinis-imbieras-300-ml\/\",\"url\":\"https:\/\/tiandeproducts.co.uk\/lt\/balzamas-plaukams-auksinis-imbieras-300-ml\/\",\"name\":\"Balzamas plaukams \u201cAuksinis imbieras\u201d 300 ml. - TianDe Online Shop - Beauty &amp; Health\",\"isPartOf\":{\"@id\":\"https:\/\/tiandeproducts.co.uk\/#website\"},\"primaryImageOfPage\":{\"@id\":\"https:\/\/tiandeproducts.co.uk\/lt\/balzamas-plaukams-auksinis-imbieras-300-ml\/#primaryimage\"},\"image\":{\"@id\":\"https:\/\/tiandeproducts.co.uk\/lt\/balzamas-plaukams-auksinis-imbieras-300-ml\/#primaryimage\"},\"thumbnailUrl\":\"https:\/\/tiandeproducts.co.uk\/wp-content\/uploads\/2016\/04\/21309_new.png\",\"datePublished\":\"2016-04-04T13:44:49+00:00\",\"dateModified\":\"2020-08-03T11:28:46+00:00\",\"breadcrumb\":{\"@id\":\"https:\/\/tiandeproducts.co.uk\/lt\/balzamas-plaukams-auksinis-imbieras-300-ml\/#breadcrumb\"},\"inLanguage\":\"lt-LT\",\"potentialAction\":[{\"@type\":\"ReadAction\",\"target\":[\"https:\/\/tiandeproducts.co.uk\/lt\/balzamas-plaukams-auksinis-imbieras-300-ml\/\"]}]},{\"@type\":\"ImageObject\",\"inLanguage\":\"lt-LT\",\"@id\":\"https:\/\/tiandeproducts.co.uk\/lt\/balzamas-plaukams-auksinis-imbieras-300-ml\/#primaryimage\",\"url\":\"https:\/\/tiandeproducts.co.uk\/wp-content\/uploads\/2016\/04\/21309_new.png\",\"contentUrl\":\"https:\/\/tiandeproducts.co.uk\/wp-content\/uploads\/2016\/04\/21309_new.png\",\"width\":700,\"height\":700,\"caption\":\"Master Herb Gold Ginger Hair Balm,Anti-dandruff,300ml-0\"},{\"@type\":\"BreadcrumbList\",\"@id\":\"https:\/\/tiandeproducts.co.uk\/lt\/balzamas-plaukams-auksinis-imbieras-300-ml\/#breadcrumb\",\"itemListElement\":[{\"@type\":\"ListItem\",\"position\":1,\"name\":\"Home\",\"item\":\"https:\/\/tiandeproducts.co.uk\/lt\/\"},{\"@type\":\"ListItem\",\"position\":2,\"name\":\"Shop\",\"item\":\"https:\/\/tiandeproducts.co.uk\/lt\/shop-2\/\"},{\"@type\":\"ListItem\",\"position\":3,\"name\":\"Balzamas plaukams \u201cAuksinis imbieras\u201d 300 ml.\"}]},{\"@type\":\"WebSite\",\"@id\":\"https:\/\/tiandeproducts.co.uk\/#website\",\"url\":\"https:\/\/tiandeproducts.co.uk\/\",\"name\":\"TianDe Online Shop - Beauty & Health\",\"description\":\"Traditional Chinese Medicine\",\"potentialAction\":[{\"@type\":\"SearchAction\",\"target\":{\"@type\":\"EntryPoint\",\"urlTemplate\":\"https:\/\/tiandeproducts.co.uk\/?s={search_term_string}\"},\"query-input\":{\"@type\":\"PropertyValueSpecification\",\"valueRequired\":true,\"valueName\":\"search_term_string\"}}],\"inLanguage\":\"lt-LT\"}]}<\/script>\n<!-- \/ Yoast SEO plugin. -->","yoast_head_json":{"title":"Balzamas plaukams \u201cAuksinis imbieras\u201d 300 ml. - TianDe Online Shop - Beauty &amp; Health","robots":{"index":"index","follow":"follow","max-snippet":"max-snippet:-1","max-image-preview":"max-image-preview:large","max-video-preview":"max-video-preview:-1"},"canonical":"https:\/\/tiandeproducts.co.uk\/lt\/balzamas-plaukams-auksinis-imbieras-300-ml\/","og_locale":"lt_LT","og_type":"article","og_title":"Balzamas plaukams \u201cAuksinis imbieras\u201d 300 ml. - TianDe Online Shop - Beauty &amp; Health","og_description":"Balzamas plaukams\u00a0\u201eAuksinis imbieras\u200b\u200b\u200b\u200b\u201c &#8211; viena i\u0161 pa\u010di\u0173 efektyviausi\u0173 priemoni\u0173, i\u0161sprend\u017eian\u010di\u0173 daugel\u012f plauk\u0173 prie\u017ei\u016bros problem\u0173. Balzamo sud\u0117tyje esantis subalansuotas augalini\u0173 ekstrakt\u0173 kompleksas suaktyvina plauko svog\u016bn\u0117l\u012f, gerina plauko strukt\u016br\u0105, suteikia pilnavert\u012f maitinim\u0105, padeda\u00a0panaikinti per didel\u012f riebalavim\u0105si, riebias ir sausas pleiskanas, galvos odos u\u017edegiminius procesus. Reguliariai naudojant balzam\u0105 i\u0161sivalo galvos oda, sustipr\u0117ja plauk\u0173 \u0161aknys, spar\u010diau auga nauji sveiki [...]","og_url":"https:\/\/tiandeproducts.co.uk\/lt\/balzamas-plaukams-auksinis-imbieras-300-ml\/","og_site_name":"TianDe Online Shop - Beauty &amp; Health","article_publisher":"https:\/\/www.facebook.com\/tiande.products.england\/","article_modified_time":"2020-08-03T11:28:46+00:00","og_image":[{"width":700,"height":700,"url":"https:\/\/tiandeproducts.co.uk\/wp-content\/uploads\/2016\/04\/21309_new.png","type":"image\/png"}],"twitter_card":"summary_large_image","twitter_misc":{"Est. reading time":"1 minut\u0117"},"schema":{"@context":"https:\/\/schema.org","@graph":[{"@type":"WebPage","@id":"https:\/\/tiandeproducts.co.uk\/lt\/balzamas-plaukams-auksinis-imbieras-300-ml\/","url":"https:\/\/tiandeproducts.co.uk\/lt\/balzamas-plaukams-auksinis-imbieras-300-ml\/","name":"Balzamas plaukams \u201cAuksinis imbieras\u201d 300 ml. - TianDe Online Shop - Beauty &amp; Health","isPartOf":{"@id":"https:\/\/tiandeproducts.co.uk\/#website"},"primaryImageOfPage":{"@id":"https:\/\/tiandeproducts.co.uk\/lt\/balzamas-plaukams-auksinis-imbieras-300-ml\/#primaryimage"},"image":{"@id":"https:\/\/tiandeproducts.co.uk\/lt\/balzamas-plaukams-auksinis-imbieras-300-ml\/#primaryimage"},"thumbnailUrl":"https:\/\/tiandeproducts.co.uk\/wp-content\/uploads\/2016\/04\/21309_new.png","datePublished":"2016-04-04T13:44:49+00:00","dateModified":"2020-08-03T11:28:46+00:00","breadcrumb":{"@id":"https:\/\/tiandeproducts.co.uk\/lt\/balzamas-plaukams-auksinis-imbieras-300-ml\/#breadcrumb"},"inLanguage":"lt-LT","potentialAction":[{"@type":"ReadAction","target":["https:\/\/tiandeproducts.co.uk\/lt\/balzamas-plaukams-auksinis-imbieras-300-ml\/"]}]},{"@type":"ImageObject","inLanguage":"lt-LT","@id":"https:\/\/tiandeproducts.co.uk\/lt\/balzamas-plaukams-auksinis-imbieras-300-ml\/#primaryimage","url":"https:\/\/tiandeproducts.co.uk\/wp-content\/uploads\/2016\/04\/21309_new.png","contentUrl":"https:\/\/tiandeproducts.co.uk\/wp-content\/uploads\/2016\/04\/21309_new.png","width":700,"height":700,"caption":"Master Herb Gold Ginger Hair Balm,Anti-dandruff,300ml-0"},{"@type":"BreadcrumbList","@id":"https:\/\/tiandeproducts.co.uk\/lt\/balzamas-plaukams-auksinis-imbieras-300-ml\/#breadcrumb","itemListElement":[{"@type":"ListItem","position":1,"name":"Home","item":"https:\/\/tiandeproducts.co.uk\/lt\/"},{"@type":"ListItem","position":2,"name":"Shop","item":"https:\/\/tiandeproducts.co.uk\/lt\/shop-2\/"},{"@type":"ListItem","position":3,"name":"Balzamas plaukams \u201cAuksinis imbieras\u201d 300 ml."}]},{"@type":"WebSite","@id":"https:\/\/tiandeproducts.co.uk\/#website","url":"https:\/\/tiandeproducts.co.uk\/","name":"TianDe Online Shop - Beauty & Health","description":"Traditional Chinese Medicine","potentialAction":[{"@type":"SearchAction","target":{"@type":"EntryPoint","urlTemplate":"https:\/\/tiandeproducts.co.uk\/?s={search_term_string}"},"query-input":{"@type":"PropertyValueSpecification","valueRequired":true,"valueName":"search_term_string"}}],"inLanguage":"lt-LT"}]}},"_links":{"self":[{"href":"https:\/\/tiandeproducts.co.uk\/lt\/wp-json\/wp\/v2\/product\/3709","targetHints":{"allow":["GET"]}}],"collection":[{"href":"https:\/\/tiandeproducts.co.uk\/lt\/wp-json\/wp\/v2\/product"}],"about":[{"href":"https:\/\/tiandeproducts.co.uk\/lt\/wp-json\/wp\/v2\/types\/product"}],"replies":[{"embeddable":true,"href":"https:\/\/tiandeproducts.co.uk\/lt\/wp-json\/wp\/v2\/comments?post=3709"}],"wp:featuredmedia":[{"embeddable":true,"href":"https:\/\/tiandeproducts.co.uk\/lt\/wp-json\/wp\/v2\/media\/414"}],"wp:attachment":[{"href":"https:\/\/tiandeproducts.co.uk\/lt\/wp-json\/wp\/v2\/media?parent=3709"}],"wp:term":[{"taxonomy":"product_cat","embeddable":true,"href":"https:\/\/tiandeproducts.co.uk\/lt\/wp-json\/wp\/v2\/product_cat?post=3709"},{"taxonomy":"product_tag","embeddable":true,"href":"https:\/\/tiandeproducts.co.uk\/lt\/wp-json\/wp\/v2\/product_tag?post=3709"}],"curies":[{"name":"wp","href":"https:\/\/api.w.org\/{rel}","templated":true}]}}