{"id":3708,"date":"2016-04-04T14:50:16","date_gmt":"2016-04-04T13:50:16","guid":{"rendered":"https:\/\/tnd.ontesting.co.uk\/balzamas-plaukams-su-alijosiaus-ekstraktu-460-g\/"},"modified":"2021-06-08T14:41:35","modified_gmt":"2021-06-08T13:41:35","slug":"balzamas-plaukams-su-alijosiaus-ekstraktu-460-g","status":"publish","type":"product","link":"https:\/\/tiandeproducts.co.uk\/lt\/balzamas-plaukams-su-alijosiaus-ekstraktu-460-g\/","title":{"rendered":"Balzamas plaukams su Alijo\u0161iaus ekstraktu 460 g"},"content":{"rendered":"<p>Alavijo ekstraktas, nat\u016bral\u016bs aliejai ir mikroelementai, aminor\u016bg\u0161tys, vitaminai ypa\u010d efektyviai stiprina plaukus, neleid\u017eia plaukams l\u016b\u017ein\u0117ti ir \u0161akotis, dr\u0117kina, didina apimt\u012f, \u0161alina pleiskanas ir neleid\u017eia joms atsirasti. Malonus kvapas ir \u0161velni balzamo tekst\u016bra pilnai atgaivins j\u016bs\u0173 plaukus, jie taps mink\u0161ti, pur\u016bs, lengvai su\u0161ukuojami.<\/p>\n<p>Aktyvus balzamo komponentas \u2013 alavijo ekstraktas \u2013 prisotina plonus ir silpnus plaukus dideliu kiekiu biologi\u0161kai aktyvi\u0173 med\u017eiag\u0173. Jis efektyviai saugo nuo dr\u0117gm\u0117s praradimo, stiprina plauko strukt\u016br\u0105, gerina elastingum\u0105, suteikia sveiko blizgesio. Alavijo ekstraktas intensyviai dr\u0117kina ir plaukus ir galvos od\u0105. Plauk\u0173 \u017evilgesys, lengvas kritimas ir su\u0161ukavimas, apimtis, d\u017eiugins jus tiek laiko, kiek j\u016bs naudosite balzam\u0105 ne tik kaip kondicionieri\u0173, bet ir kaip maitinam\u0105j\u0105 bei dr\u0117kinam\u0105j\u0105 kauk\u0119.<\/p>\n<p><strong>Naudojimas:<\/strong><br \/>\nJei priemon\u0119 naudosite kaip kondicionieri\u0173, tuomet \u0161varius, dr\u0117gnus plaukus \u012ftrinkite balzamu, palaikykite 2-3 min. ir i\u0161skalaukite. Jeigu balzam\u0105 naudosite kaip dr\u0117kinam\u0105j\u0105 ir maitinam\u0105j\u0105 priemon\u0119, tada \u012ftryn\u0119 palaikykite 20-30 min. ir gerai i\u0161skalaukite.<\/p>\n<p><strong>Veikliosios med\u017eiagos:<\/strong><\/p>\n<p><strong>Alavijo ekstraktas<\/strong>\u00a0\u2013 vienas i\u0161 efektyviausi\u0173 nat\u016bralioje gamtoje aptinkam\u0173 dr\u0117kikli\u0173. Jis intensyviai dr\u0117kina, pripildo plaukus nat\u016braliais antioksidantais (vitaminas A, B, C, E), daugiau nei 30-ia element\u0173, 18 aminor\u016bg\u0161\u010di\u0173 ir mineral\u0173. Alavijo ekstraktas ramina saus\u0105 galvos od\u0105, ma\u017eina u\u017edegiminius procesus, reguliuoja galvos odos riebalini\u0173 liauk\u0173 aktyvum\u0105. Alavijas ant plauko pavir\u0161iaus sukuria apsaugin\u0119 hidropl\u0117vel\u0119 ir kaupia joje dr\u0117gm\u0119, tai sugr\u0105\u017eina plaukui gyvybingum\u0105 ir blizges\u012f.<\/p>\n","protected":false},"excerpt":{"rendered":"<p>Alavijo ekstraktas, nat\u016bral\u016bs aliejai ir mikroelementai, aminor\u016bg\u0161tys, vitaminai ypa\u010d efektyviai stiprina plaukus, neleid\u017eia plaukams l\u016b\u017ein\u0117ti ir \u0161akotis, dr\u0117kina, didina apimt\u012f, \u0161alina pleiskanas ir neleid\u017eia joms atsirasti. Malonus kvapas ir \u0161velni balzamo tekst\u016bra pilnai atgaivins j\u016bs\u0173 plaukus, jie taps mink\u0161ti, pur\u016bs, lengvai su\u0161ukuojami. Aktyvus balzamo komponentas \u2013 alavijo ekstraktas \u2013 prisotina plonus ir silpnus plaukus dideliu [&#8230;]\n","protected":false},"featured_media":419,"comment_status":"closed","ping_status":"closed","template":"","meta":[],"product_cat":[635,666,654,634],"product_tag":[],"class_list":{"0":"post-3708","1":"product","2":"type-product","3":"status-publish","4":"has-post-thumbnail","6":"product_cat-aloe-rich-lt","7":"product_cat-apimties-didinimui","8":"product_cat-balzamai","9":"product_cat-plaukams","11":"first","12":"outofstock","13":"shipping-taxable","14":"purchasable","15":"product-type-simple"},"yoast_head":"<!-- This site is optimized with the Yoast SEO plugin v23.6 - https:\/\/yoast.com\/wordpress\/plugins\/seo\/ -->\n<title>Balzamas plaukams su Alijo\u0161iaus ekstraktu 460 g - TianDe Online Shop - Beauty &amp; Health<\/title>\n<meta name=\"robots\" content=\"index, follow, max-snippet:-1, max-image-preview:large, max-video-preview:-1\" \/>\n<link rel=\"canonical\" href=\"https:\/\/tiandeproducts.co.uk\/lt\/balzamas-plaukams-su-alijosiaus-ekstraktu-460-g\/\" \/>\n<meta property=\"og:locale\" content=\"lt_LT\" \/>\n<meta property=\"og:type\" content=\"article\" \/>\n<meta property=\"og:title\" content=\"Balzamas plaukams su Alijo\u0161iaus ekstraktu 460 g - TianDe Online Shop - Beauty &amp; Health\" \/>\n<meta property=\"og:description\" content=\"Alavijo ekstraktas, nat\u016bral\u016bs aliejai ir mikroelementai, aminor\u016bg\u0161tys, vitaminai ypa\u010d efektyviai stiprina plaukus, neleid\u017eia plaukams l\u016b\u017ein\u0117ti ir \u0161akotis, dr\u0117kina, didina apimt\u012f, \u0161alina pleiskanas ir neleid\u017eia joms atsirasti. Malonus kvapas ir \u0161velni balzamo tekst\u016bra pilnai atgaivins j\u016bs\u0173 plaukus, jie taps mink\u0161ti, pur\u016bs, lengvai su\u0161ukuojami. Aktyvus balzamo komponentas \u2013 alavijo ekstraktas \u2013 prisotina plonus ir silpnus plaukus dideliu [...]\" \/>\n<meta property=\"og:url\" content=\"https:\/\/tiandeproducts.co.uk\/lt\/balzamas-plaukams-su-alijosiaus-ekstraktu-460-g\/\" \/>\n<meta property=\"og:site_name\" content=\"TianDe Online Shop - Beauty &amp; Health\" \/>\n<meta property=\"article:publisher\" content=\"https:\/\/www.facebook.com\/tiande.products.england\/\" \/>\n<meta property=\"article:modified_time\" content=\"2021-06-08T13:41:35+00:00\" \/>\n<meta property=\"og:image\" content=\"https:\/\/tiandeproducts.co.uk\/wp-content\/uploads\/2016\/04\/20116_2_.png\" \/>\n\t<meta property=\"og:image:width\" content=\"700\" \/>\n\t<meta property=\"og:image:height\" content=\"700\" \/>\n\t<meta property=\"og:image:type\" content=\"image\/png\" \/>\n<meta name=\"twitter:card\" content=\"summary_large_image\" \/>\n<meta name=\"twitter:label1\" content=\"Est. reading time\" \/>\n\t<meta name=\"twitter:data1\" content=\"1 minut\u0117\" \/>\n<script type=\"application\/ld+json\" class=\"yoast-schema-graph\">{\"@context\":\"https:\/\/schema.org\",\"@graph\":[{\"@type\":\"WebPage\",\"@id\":\"https:\/\/tiandeproducts.co.uk\/lt\/balzamas-plaukams-su-alijosiaus-ekstraktu-460-g\/\",\"url\":\"https:\/\/tiandeproducts.co.uk\/lt\/balzamas-plaukams-su-alijosiaus-ekstraktu-460-g\/\",\"name\":\"Balzamas plaukams su Alijo\u0161iaus ekstraktu 460 g - TianDe Online Shop - Beauty &amp; Health\",\"isPartOf\":{\"@id\":\"https:\/\/tiandeproducts.co.uk\/#website\"},\"primaryImageOfPage\":{\"@id\":\"https:\/\/tiandeproducts.co.uk\/lt\/balzamas-plaukams-su-alijosiaus-ekstraktu-460-g\/#primaryimage\"},\"image\":{\"@id\":\"https:\/\/tiandeproducts.co.uk\/lt\/balzamas-plaukams-su-alijosiaus-ekstraktu-460-g\/#primaryimage\"},\"thumbnailUrl\":\"https:\/\/tiandeproducts.co.uk\/wp-content\/uploads\/2016\/04\/20116_2_.png\",\"datePublished\":\"2016-04-04T13:50:16+00:00\",\"dateModified\":\"2021-06-08T13:41:35+00:00\",\"breadcrumb\":{\"@id\":\"https:\/\/tiandeproducts.co.uk\/lt\/balzamas-plaukams-su-alijosiaus-ekstraktu-460-g\/#breadcrumb\"},\"inLanguage\":\"lt-LT\",\"potentialAction\":[{\"@type\":\"ReadAction\",\"target\":[\"https:\/\/tiandeproducts.co.uk\/lt\/balzamas-plaukams-su-alijosiaus-ekstraktu-460-g\/\"]}]},{\"@type\":\"ImageObject\",\"inLanguage\":\"lt-LT\",\"@id\":\"https:\/\/tiandeproducts.co.uk\/lt\/balzamas-plaukams-su-alijosiaus-ekstraktu-460-g\/#primaryimage\",\"url\":\"https:\/\/tiandeproducts.co.uk\/wp-content\/uploads\/2016\/04\/20116_2_.png\",\"contentUrl\":\"https:\/\/tiandeproducts.co.uk\/wp-content\/uploads\/2016\/04\/20116_2_.png\",\"width\":700,\"height\":700,\"caption\":\"Aloe Rich Glossy Volume-Up Hair Balm,460ml-0\"},{\"@type\":\"BreadcrumbList\",\"@id\":\"https:\/\/tiandeproducts.co.uk\/lt\/balzamas-plaukams-su-alijosiaus-ekstraktu-460-g\/#breadcrumb\",\"itemListElement\":[{\"@type\":\"ListItem\",\"position\":1,\"name\":\"Home\",\"item\":\"https:\/\/tiandeproducts.co.uk\/lt\/\"},{\"@type\":\"ListItem\",\"position\":2,\"name\":\"Shop\",\"item\":\"https:\/\/tiandeproducts.co.uk\/lt\/shop-2\/\"},{\"@type\":\"ListItem\",\"position\":3,\"name\":\"Balzamas plaukams su Alijo\u0161iaus ekstraktu 460 g\"}]},{\"@type\":\"WebSite\",\"@id\":\"https:\/\/tiandeproducts.co.uk\/#website\",\"url\":\"https:\/\/tiandeproducts.co.uk\/\",\"name\":\"TianDe Online Shop - Beauty & Health\",\"description\":\"Traditional Chinese Medicine\",\"potentialAction\":[{\"@type\":\"SearchAction\",\"target\":{\"@type\":\"EntryPoint\",\"urlTemplate\":\"https:\/\/tiandeproducts.co.uk\/?s={search_term_string}\"},\"query-input\":{\"@type\":\"PropertyValueSpecification\",\"valueRequired\":true,\"valueName\":\"search_term_string\"}}],\"inLanguage\":\"lt-LT\"}]}<\/script>\n<!-- \/ Yoast SEO plugin. -->","yoast_head_json":{"title":"Balzamas plaukams su Alijo\u0161iaus ekstraktu 460 g - TianDe Online Shop - Beauty &amp; Health","robots":{"index":"index","follow":"follow","max-snippet":"max-snippet:-1","max-image-preview":"max-image-preview:large","max-video-preview":"max-video-preview:-1"},"canonical":"https:\/\/tiandeproducts.co.uk\/lt\/balzamas-plaukams-su-alijosiaus-ekstraktu-460-g\/","og_locale":"lt_LT","og_type":"article","og_title":"Balzamas plaukams su Alijo\u0161iaus ekstraktu 460 g - TianDe Online Shop - Beauty &amp; Health","og_description":"Alavijo ekstraktas, nat\u016bral\u016bs aliejai ir mikroelementai, aminor\u016bg\u0161tys, vitaminai ypa\u010d efektyviai stiprina plaukus, neleid\u017eia plaukams l\u016b\u017ein\u0117ti ir \u0161akotis, dr\u0117kina, didina apimt\u012f, \u0161alina pleiskanas ir neleid\u017eia joms atsirasti. Malonus kvapas ir \u0161velni balzamo tekst\u016bra pilnai atgaivins j\u016bs\u0173 plaukus, jie taps mink\u0161ti, pur\u016bs, lengvai su\u0161ukuojami. Aktyvus balzamo komponentas \u2013 alavijo ekstraktas \u2013 prisotina plonus ir silpnus plaukus dideliu [...]","og_url":"https:\/\/tiandeproducts.co.uk\/lt\/balzamas-plaukams-su-alijosiaus-ekstraktu-460-g\/","og_site_name":"TianDe Online Shop - Beauty &amp; Health","article_publisher":"https:\/\/www.facebook.com\/tiande.products.england\/","article_modified_time":"2021-06-08T13:41:35+00:00","og_image":[{"width":700,"height":700,"url":"https:\/\/tiandeproducts.co.uk\/wp-content\/uploads\/2016\/04\/20116_2_.png","type":"image\/png"}],"twitter_card":"summary_large_image","twitter_misc":{"Est. reading time":"1 minut\u0117"},"schema":{"@context":"https:\/\/schema.org","@graph":[{"@type":"WebPage","@id":"https:\/\/tiandeproducts.co.uk\/lt\/balzamas-plaukams-su-alijosiaus-ekstraktu-460-g\/","url":"https:\/\/tiandeproducts.co.uk\/lt\/balzamas-plaukams-su-alijosiaus-ekstraktu-460-g\/","name":"Balzamas plaukams su Alijo\u0161iaus ekstraktu 460 g - TianDe Online Shop - Beauty &amp; Health","isPartOf":{"@id":"https:\/\/tiandeproducts.co.uk\/#website"},"primaryImageOfPage":{"@id":"https:\/\/tiandeproducts.co.uk\/lt\/balzamas-plaukams-su-alijosiaus-ekstraktu-460-g\/#primaryimage"},"image":{"@id":"https:\/\/tiandeproducts.co.uk\/lt\/balzamas-plaukams-su-alijosiaus-ekstraktu-460-g\/#primaryimage"},"thumbnailUrl":"https:\/\/tiandeproducts.co.uk\/wp-content\/uploads\/2016\/04\/20116_2_.png","datePublished":"2016-04-04T13:50:16+00:00","dateModified":"2021-06-08T13:41:35+00:00","breadcrumb":{"@id":"https:\/\/tiandeproducts.co.uk\/lt\/balzamas-plaukams-su-alijosiaus-ekstraktu-460-g\/#breadcrumb"},"inLanguage":"lt-LT","potentialAction":[{"@type":"ReadAction","target":["https:\/\/tiandeproducts.co.uk\/lt\/balzamas-plaukams-su-alijosiaus-ekstraktu-460-g\/"]}]},{"@type":"ImageObject","inLanguage":"lt-LT","@id":"https:\/\/tiandeproducts.co.uk\/lt\/balzamas-plaukams-su-alijosiaus-ekstraktu-460-g\/#primaryimage","url":"https:\/\/tiandeproducts.co.uk\/wp-content\/uploads\/2016\/04\/20116_2_.png","contentUrl":"https:\/\/tiandeproducts.co.uk\/wp-content\/uploads\/2016\/04\/20116_2_.png","width":700,"height":700,"caption":"Aloe Rich Glossy Volume-Up Hair Balm,460ml-0"},{"@type":"BreadcrumbList","@id":"https:\/\/tiandeproducts.co.uk\/lt\/balzamas-plaukams-su-alijosiaus-ekstraktu-460-g\/#breadcrumb","itemListElement":[{"@type":"ListItem","position":1,"name":"Home","item":"https:\/\/tiandeproducts.co.uk\/lt\/"},{"@type":"ListItem","position":2,"name":"Shop","item":"https:\/\/tiandeproducts.co.uk\/lt\/shop-2\/"},{"@type":"ListItem","position":3,"name":"Balzamas plaukams su Alijo\u0161iaus ekstraktu 460 g"}]},{"@type":"WebSite","@id":"https:\/\/tiandeproducts.co.uk\/#website","url":"https:\/\/tiandeproducts.co.uk\/","name":"TianDe Online Shop - Beauty & Health","description":"Traditional Chinese Medicine","potentialAction":[{"@type":"SearchAction","target":{"@type":"EntryPoint","urlTemplate":"https:\/\/tiandeproducts.co.uk\/?s={search_term_string}"},"query-input":{"@type":"PropertyValueSpecification","valueRequired":true,"valueName":"search_term_string"}}],"inLanguage":"lt-LT"}]}},"_links":{"self":[{"href":"https:\/\/tiandeproducts.co.uk\/lt\/wp-json\/wp\/v2\/product\/3708","targetHints":{"allow":["GET"]}}],"collection":[{"href":"https:\/\/tiandeproducts.co.uk\/lt\/wp-json\/wp\/v2\/product"}],"about":[{"href":"https:\/\/tiandeproducts.co.uk\/lt\/wp-json\/wp\/v2\/types\/product"}],"replies":[{"embeddable":true,"href":"https:\/\/tiandeproducts.co.uk\/lt\/wp-json\/wp\/v2\/comments?post=3708"}],"wp:featuredmedia":[{"embeddable":true,"href":"https:\/\/tiandeproducts.co.uk\/lt\/wp-json\/wp\/v2\/media\/419"}],"wp:attachment":[{"href":"https:\/\/tiandeproducts.co.uk\/lt\/wp-json\/wp\/v2\/media?parent=3708"}],"wp:term":[{"taxonomy":"product_cat","embeddable":true,"href":"https:\/\/tiandeproducts.co.uk\/lt\/wp-json\/wp\/v2\/product_cat?post=3708"},{"taxonomy":"product_tag","embeddable":true,"href":"https:\/\/tiandeproducts.co.uk\/lt\/wp-json\/wp\/v2\/product_tag?post=3708"}],"curies":[{"name":"wp","href":"https:\/\/api.w.org\/{rel}","templated":true}]}}