{"id":3707,"date":"2016-04-04T14:56:30","date_gmt":"2016-04-04T13:56:30","guid":{"rendered":"https:\/\/tnd.ontesting.co.uk\/balzamas-plaukams-su-ganoderma-ekstraktu-stiprios-plauku-saknys-220-g\/"},"modified":"2019-09-19T12:42:34","modified_gmt":"2019-09-19T11:42:34","slug":"balzamas-plaukams-su-ganoderma-ekstraktu-stiprios-plauku-saknys-220-g","status":"publish","type":"product","link":"https:\/\/tiandeproducts.co.uk\/lt\/balzamas-plaukams-su-ganoderma-ekstraktu-stiprios-plauku-saknys-220-g\/","title":{"rendered":"Balzamas plaukams su Ganoderma ekstraktu (stiprios plauk\u0173 \u0161aknys) 220 g."},"content":{"rendered":"<p>Grybo lin\u010d\u017ei ekstraktas intensyviai maitina i\u0161plon\u0117jusius ir gyvybin\u0117s energijos netekusius plaukus, atstato plauko strukt\u016br\u0105 po cheminio su\u0161ukavimo ir da\u017eymo, efektyviai stabdo plauk\u0173 slinkim\u0105 bei aktyvina sveik\u0173 ir nauj\u0173 plauk\u0173 augim\u0105. Plaukai ilgiau i\u0161lieka \u0161var\u016bs, blizg\u016bs ir \u0161veln\u016bs, tampa sveikesni, tankesni, lengviau su\u0161ukuojami ir nesielektrina.<\/p>\n<p>Biologi\u0161kai aktyvus grybo lin\u010d\u017ei ekstraktas (ganoderma) saugo ne tik plaukus, bet ir galvos od\u0105 nuo bet kokio negatyvaus aplinkos poveikio, temperat\u016br\u0173 skirtum\u0173 pasekmi\u0173, UV spinduli\u0173 ir streso. Tai aktyvus imunomoduliatorius, kuris ypa\u010d efektyviai stiprina plauk\u0173 \u0161aknis, saugo nuo slinkimo, \u0161alina pleiskanas. Reguliarus balzamo naudojimas plaukams suteikia paklusnumo, papildomos apimties, jie atrodo akivaizd\u017eiai sveikesni.<br \/>\nBalzamas su grybo lin\u010d\u017ei ekstraktu pagamintas pagal tradicin\u0117s Kin\u0173 medicinos receptus.<\/p>\n<p><strong>Naudojimas:<\/strong><br \/>\nJei priemon\u0119 naudosite kaip kondicionieri\u0173, tuomet \u0161varius, dr\u0117gnus plaukus \u012ftrinkite balzamu, palaikykite 2-3 min. ir i\u0161skalaukite. Jeigu balzam\u0105 naudosite kaip atkuriam\u0105j\u0105 ir plauk\u0173 \u0161aknis stiprinan\u010di\u0105 priemon\u0119, tada \u012ftryn\u0119 palaikykite 20-30 min. ir gerai i\u0161skalaukite.<\/p>\n<p><strong>Veikliosios med\u017eiagos:<\/strong><\/p>\n<p>Balzamo sud\u0117tyje esantis\u00a0<strong>grybas lin\u010d\u017ei<\/strong>\u00a0Kinijos \u0160ventojoje augal\u0173 knygoje u\u017eima 1-aj\u0105 viet\u0105 i\u0161 365-i\u0173 augal\u0173 pavadinim\u0173 ir d\u0117l turtingos chemin\u0117s sud\u0117ties pavadintas nemirtingumo grybu. Jo sud\u0117tyje yra vis\u0173 nepakei\u010diam\u0173j\u0173 aminor\u016bg\u0161\u010di\u0173, o riebaluose daugiausia polineso\u010di\u0173j\u0173 riebal\u0173 r\u016bg\u0161\u010di\u0173, kuri\u0173 \u017emogaus organizmas pats nesintetina. Grybuose rasta daug vitamin\u0173 (daugiausia C ir D) bei mineral\u0173 (daugiausia kalcio, fosforo ir gele\u017eies). Grybas turi adaptogenini\u0173 ir tonizuojan\u010di\u0173 savybi\u0173. Veikliosios med\u017eiagos stimuliuoja galvos odos imunitet\u0105, ypa\u010d intensyviai stiprina plauk\u0173 \u0161aknis ir atstato plaukus per vis\u0105 j\u0173 ilg\u012f. Lin\u010d\u017ei grybas, kaip pats stipriausias antioksidantas, turi unikali\u0105 savyb\u0119 pagreitinti kolageno gavyb\u0105 plauko \u0161erdyje, tuo pa\u010diu \u017eenkliai stabdo sen\u0117jimo proces\u0105 ir skatina plauk\u0173 augim\u0105. \u0160ios plauk\u0173 apsaugos reikia atliekant chemin\u012f plauk\u0173 su\u0161ukavim\u0105 ar da\u017enai da\u017eant plaukus, tod\u0117l balzamas labai tinka silpniems, i\u0161ret\u0117jusiems ir pa\u017eeistiems plaukams.<\/p>\n","protected":false},"excerpt":{"rendered":"<p>Grybo lin\u010d\u017ei ekstraktas intensyviai maitina i\u0161plon\u0117jusius ir gyvybin\u0117s energijos netekusius plaukus, atstato plauko strukt\u016br\u0105 po cheminio su\u0161ukavimo ir da\u017eymo, efektyviai stabdo plauk\u0173 slinkim\u0105 bei aktyvina sveik\u0173 ir nauj\u0173 plauk\u0173 augim\u0105. Plaukai ilgiau i\u0161lieka \u0161var\u016bs, blizg\u016bs ir \u0161veln\u016bs, tampa sveikesni, tankesni, lengviau su\u0161ukuojami ir nesielektrina. Biologi\u0161kai aktyvus grybo lin\u010d\u017ei ekstraktas (ganoderma) saugo ne tik plaukus, bet [&#8230;]\n","protected":false},"featured_media":424,"comment_status":"closed","ping_status":"closed","template":"","meta":[],"product_cat":[654,854,662,634,676],"product_tag":[],"class_list":{"0":"post-3707","1":"product","2":"type-product","3":"status-publish","4":"has-post-thumbnail","6":"product_cat-balzamai","7":"product_cat-gyvibingumasenergija","8":"product_cat-ling-zhi-lt","9":"product_cat-plaukams","10":"product_cat-plauku-apsauga","12":"first","13":"instock","14":"shipping-taxable","15":"purchasable","16":"product-type-simple"},"yoast_head":"<!-- This site is optimized with the Yoast SEO plugin v23.6 - https:\/\/yoast.com\/wordpress\/plugins\/seo\/ -->\n<title>Balzamas plaukams su Ganoderma ekstraktu (stiprios plauk\u0173 \u0161aknys) 220 g. - TianDe Online Shop - Beauty &amp; Health<\/title>\n<meta name=\"robots\" content=\"index, follow, max-snippet:-1, max-image-preview:large, max-video-preview:-1\" \/>\n<link rel=\"canonical\" href=\"https:\/\/tiandeproducts.co.uk\/lt\/balzamas-plaukams-su-ganoderma-ekstraktu-stiprios-plauku-saknys-220-g\/\" \/>\n<meta property=\"og:locale\" content=\"lt_LT\" \/>\n<meta property=\"og:type\" content=\"article\" \/>\n<meta property=\"og:title\" content=\"Balzamas plaukams su Ganoderma ekstraktu (stiprios plauk\u0173 \u0161aknys) 220 g. - TianDe Online Shop - Beauty &amp; Health\" \/>\n<meta property=\"og:description\" content=\"Grybo lin\u010d\u017ei ekstraktas intensyviai maitina i\u0161plon\u0117jusius ir gyvybin\u0117s energijos netekusius plaukus, atstato plauko strukt\u016br\u0105 po cheminio su\u0161ukavimo ir da\u017eymo, efektyviai stabdo plauk\u0173 slinkim\u0105 bei aktyvina sveik\u0173 ir nauj\u0173 plauk\u0173 augim\u0105. Plaukai ilgiau i\u0161lieka \u0161var\u016bs, blizg\u016bs ir \u0161veln\u016bs, tampa sveikesni, tankesni, lengviau su\u0161ukuojami ir nesielektrina. Biologi\u0161kai aktyvus grybo lin\u010d\u017ei ekstraktas (ganoderma) saugo ne tik plaukus, bet [...]\" \/>\n<meta property=\"og:url\" content=\"https:\/\/tiandeproducts.co.uk\/lt\/balzamas-plaukams-su-ganoderma-ekstraktu-stiprios-plauku-saknys-220-g\/\" \/>\n<meta property=\"og:site_name\" content=\"TianDe Online Shop - Beauty &amp; Health\" \/>\n<meta property=\"article:publisher\" content=\"https:\/\/www.facebook.com\/tiande.products.england\/\" \/>\n<meta property=\"article:modified_time\" content=\"2019-09-19T11:42:34+00:00\" \/>\n<meta property=\"og:image\" content=\"https:\/\/tiandeproducts.co.uk\/wp-content\/uploads\/2016\/04\/20109_new.png\" \/>\n\t<meta property=\"og:image:width\" content=\"700\" \/>\n\t<meta property=\"og:image:height\" content=\"700\" \/>\n\t<meta property=\"og:image:type\" content=\"image\/png\" \/>\n<meta name=\"twitter:card\" content=\"summary_large_image\" \/>\n<meta name=\"twitter:label1\" content=\"Est. reading time\" \/>\n\t<meta name=\"twitter:data1\" content=\"2 minut\u0117s\" \/>\n<script type=\"application\/ld+json\" class=\"yoast-schema-graph\">{\"@context\":\"https:\/\/schema.org\",\"@graph\":[{\"@type\":\"WebPage\",\"@id\":\"https:\/\/tiandeproducts.co.uk\/lt\/balzamas-plaukams-su-ganoderma-ekstraktu-stiprios-plauku-saknys-220-g\/\",\"url\":\"https:\/\/tiandeproducts.co.uk\/lt\/balzamas-plaukams-su-ganoderma-ekstraktu-stiprios-plauku-saknys-220-g\/\",\"name\":\"Balzamas plaukams su Ganoderma ekstraktu (stiprios plauk\u0173 \u0161aknys) 220 g. - TianDe Online Shop - Beauty &amp; Health\",\"isPartOf\":{\"@id\":\"https:\/\/tiandeproducts.co.uk\/#website\"},\"primaryImageOfPage\":{\"@id\":\"https:\/\/tiandeproducts.co.uk\/lt\/balzamas-plaukams-su-ganoderma-ekstraktu-stiprios-plauku-saknys-220-g\/#primaryimage\"},\"image\":{\"@id\":\"https:\/\/tiandeproducts.co.uk\/lt\/balzamas-plaukams-su-ganoderma-ekstraktu-stiprios-plauku-saknys-220-g\/#primaryimage\"},\"thumbnailUrl\":\"https:\/\/tiandeproducts.co.uk\/wp-content\/uploads\/2016\/04\/20109_new.png\",\"datePublished\":\"2016-04-04T13:56:30+00:00\",\"dateModified\":\"2019-09-19T11:42:34+00:00\",\"breadcrumb\":{\"@id\":\"https:\/\/tiandeproducts.co.uk\/lt\/balzamas-plaukams-su-ganoderma-ekstraktu-stiprios-plauku-saknys-220-g\/#breadcrumb\"},\"inLanguage\":\"lt-LT\",\"potentialAction\":[{\"@type\":\"ReadAction\",\"target\":[\"https:\/\/tiandeproducts.co.uk\/lt\/balzamas-plaukams-su-ganoderma-ekstraktu-stiprios-plauku-saknys-220-g\/\"]}]},{\"@type\":\"ImageObject\",\"inLanguage\":\"lt-LT\",\"@id\":\"https:\/\/tiandeproducts.co.uk\/lt\/balzamas-plaukams-su-ganoderma-ekstraktu-stiprios-plauku-saknys-220-g\/#primaryimage\",\"url\":\"https:\/\/tiandeproducts.co.uk\/wp-content\/uploads\/2016\/04\/20109_new.png\",\"contentUrl\":\"https:\/\/tiandeproducts.co.uk\/wp-content\/uploads\/2016\/04\/20109_new.png\",\"width\":700,\"height\":700,\"caption\":\"Lingzhi Hair Strengthening Balm,Strong Hair,220g-0\"},{\"@type\":\"BreadcrumbList\",\"@id\":\"https:\/\/tiandeproducts.co.uk\/lt\/balzamas-plaukams-su-ganoderma-ekstraktu-stiprios-plauku-saknys-220-g\/#breadcrumb\",\"itemListElement\":[{\"@type\":\"ListItem\",\"position\":1,\"name\":\"Home\",\"item\":\"https:\/\/tiandeproducts.co.uk\/lt\/\"},{\"@type\":\"ListItem\",\"position\":2,\"name\":\"Shop\",\"item\":\"https:\/\/tiandeproducts.co.uk\/lt\/shop-2\/\"},{\"@type\":\"ListItem\",\"position\":3,\"name\":\"Balzamas plaukams su Ganoderma ekstraktu (stiprios plauk\u0173 \u0161aknys) 220 g.\"}]},{\"@type\":\"WebSite\",\"@id\":\"https:\/\/tiandeproducts.co.uk\/#website\",\"url\":\"https:\/\/tiandeproducts.co.uk\/\",\"name\":\"TianDe Online Shop - Beauty & Health\",\"description\":\"Traditional Chinese Medicine\",\"potentialAction\":[{\"@type\":\"SearchAction\",\"target\":{\"@type\":\"EntryPoint\",\"urlTemplate\":\"https:\/\/tiandeproducts.co.uk\/?s={search_term_string}\"},\"query-input\":{\"@type\":\"PropertyValueSpecification\",\"valueRequired\":true,\"valueName\":\"search_term_string\"}}],\"inLanguage\":\"lt-LT\"}]}<\/script>\n<!-- \/ Yoast SEO plugin. -->","yoast_head_json":{"title":"Balzamas plaukams su Ganoderma ekstraktu (stiprios plauk\u0173 \u0161aknys) 220 g. - TianDe Online Shop - Beauty &amp; Health","robots":{"index":"index","follow":"follow","max-snippet":"max-snippet:-1","max-image-preview":"max-image-preview:large","max-video-preview":"max-video-preview:-1"},"canonical":"https:\/\/tiandeproducts.co.uk\/lt\/balzamas-plaukams-su-ganoderma-ekstraktu-stiprios-plauku-saknys-220-g\/","og_locale":"lt_LT","og_type":"article","og_title":"Balzamas plaukams su Ganoderma ekstraktu (stiprios plauk\u0173 \u0161aknys) 220 g. - TianDe Online Shop - Beauty &amp; Health","og_description":"Grybo lin\u010d\u017ei ekstraktas intensyviai maitina i\u0161plon\u0117jusius ir gyvybin\u0117s energijos netekusius plaukus, atstato plauko strukt\u016br\u0105 po cheminio su\u0161ukavimo ir da\u017eymo, efektyviai stabdo plauk\u0173 slinkim\u0105 bei aktyvina sveik\u0173 ir nauj\u0173 plauk\u0173 augim\u0105. Plaukai ilgiau i\u0161lieka \u0161var\u016bs, blizg\u016bs ir \u0161veln\u016bs, tampa sveikesni, tankesni, lengviau su\u0161ukuojami ir nesielektrina. Biologi\u0161kai aktyvus grybo lin\u010d\u017ei ekstraktas (ganoderma) saugo ne tik plaukus, bet [...]","og_url":"https:\/\/tiandeproducts.co.uk\/lt\/balzamas-plaukams-su-ganoderma-ekstraktu-stiprios-plauku-saknys-220-g\/","og_site_name":"TianDe Online Shop - Beauty &amp; Health","article_publisher":"https:\/\/www.facebook.com\/tiande.products.england\/","article_modified_time":"2019-09-19T11:42:34+00:00","og_image":[{"width":700,"height":700,"url":"https:\/\/tiandeproducts.co.uk\/wp-content\/uploads\/2016\/04\/20109_new.png","type":"image\/png"}],"twitter_card":"summary_large_image","twitter_misc":{"Est. reading time":"2 minut\u0117s"},"schema":{"@context":"https:\/\/schema.org","@graph":[{"@type":"WebPage","@id":"https:\/\/tiandeproducts.co.uk\/lt\/balzamas-plaukams-su-ganoderma-ekstraktu-stiprios-plauku-saknys-220-g\/","url":"https:\/\/tiandeproducts.co.uk\/lt\/balzamas-plaukams-su-ganoderma-ekstraktu-stiprios-plauku-saknys-220-g\/","name":"Balzamas plaukams su Ganoderma ekstraktu (stiprios plauk\u0173 \u0161aknys) 220 g. - TianDe Online Shop - Beauty &amp; Health","isPartOf":{"@id":"https:\/\/tiandeproducts.co.uk\/#website"},"primaryImageOfPage":{"@id":"https:\/\/tiandeproducts.co.uk\/lt\/balzamas-plaukams-su-ganoderma-ekstraktu-stiprios-plauku-saknys-220-g\/#primaryimage"},"image":{"@id":"https:\/\/tiandeproducts.co.uk\/lt\/balzamas-plaukams-su-ganoderma-ekstraktu-stiprios-plauku-saknys-220-g\/#primaryimage"},"thumbnailUrl":"https:\/\/tiandeproducts.co.uk\/wp-content\/uploads\/2016\/04\/20109_new.png","datePublished":"2016-04-04T13:56:30+00:00","dateModified":"2019-09-19T11:42:34+00:00","breadcrumb":{"@id":"https:\/\/tiandeproducts.co.uk\/lt\/balzamas-plaukams-su-ganoderma-ekstraktu-stiprios-plauku-saknys-220-g\/#breadcrumb"},"inLanguage":"lt-LT","potentialAction":[{"@type":"ReadAction","target":["https:\/\/tiandeproducts.co.uk\/lt\/balzamas-plaukams-su-ganoderma-ekstraktu-stiprios-plauku-saknys-220-g\/"]}]},{"@type":"ImageObject","inLanguage":"lt-LT","@id":"https:\/\/tiandeproducts.co.uk\/lt\/balzamas-plaukams-su-ganoderma-ekstraktu-stiprios-plauku-saknys-220-g\/#primaryimage","url":"https:\/\/tiandeproducts.co.uk\/wp-content\/uploads\/2016\/04\/20109_new.png","contentUrl":"https:\/\/tiandeproducts.co.uk\/wp-content\/uploads\/2016\/04\/20109_new.png","width":700,"height":700,"caption":"Lingzhi Hair Strengthening Balm,Strong Hair,220g-0"},{"@type":"BreadcrumbList","@id":"https:\/\/tiandeproducts.co.uk\/lt\/balzamas-plaukams-su-ganoderma-ekstraktu-stiprios-plauku-saknys-220-g\/#breadcrumb","itemListElement":[{"@type":"ListItem","position":1,"name":"Home","item":"https:\/\/tiandeproducts.co.uk\/lt\/"},{"@type":"ListItem","position":2,"name":"Shop","item":"https:\/\/tiandeproducts.co.uk\/lt\/shop-2\/"},{"@type":"ListItem","position":3,"name":"Balzamas plaukams su Ganoderma ekstraktu (stiprios plauk\u0173 \u0161aknys) 220 g."}]},{"@type":"WebSite","@id":"https:\/\/tiandeproducts.co.uk\/#website","url":"https:\/\/tiandeproducts.co.uk\/","name":"TianDe Online Shop - Beauty & Health","description":"Traditional Chinese Medicine","potentialAction":[{"@type":"SearchAction","target":{"@type":"EntryPoint","urlTemplate":"https:\/\/tiandeproducts.co.uk\/?s={search_term_string}"},"query-input":{"@type":"PropertyValueSpecification","valueRequired":true,"valueName":"search_term_string"}}],"inLanguage":"lt-LT"}]}},"_links":{"self":[{"href":"https:\/\/tiandeproducts.co.uk\/lt\/wp-json\/wp\/v2\/product\/3707","targetHints":{"allow":["GET"]}}],"collection":[{"href":"https:\/\/tiandeproducts.co.uk\/lt\/wp-json\/wp\/v2\/product"}],"about":[{"href":"https:\/\/tiandeproducts.co.uk\/lt\/wp-json\/wp\/v2\/types\/product"}],"replies":[{"embeddable":true,"href":"https:\/\/tiandeproducts.co.uk\/lt\/wp-json\/wp\/v2\/comments?post=3707"}],"wp:featuredmedia":[{"embeddable":true,"href":"https:\/\/tiandeproducts.co.uk\/lt\/wp-json\/wp\/v2\/media\/424"}],"wp:attachment":[{"href":"https:\/\/tiandeproducts.co.uk\/lt\/wp-json\/wp\/v2\/media?parent=3707"}],"wp:term":[{"taxonomy":"product_cat","embeddable":true,"href":"https:\/\/tiandeproducts.co.uk\/lt\/wp-json\/wp\/v2\/product_cat?post=3707"},{"taxonomy":"product_tag","embeddable":true,"href":"https:\/\/tiandeproducts.co.uk\/lt\/wp-json\/wp\/v2\/product_tag?post=3707"}],"curies":[{"name":"wp","href":"https:\/\/api.w.org\/{rel}","templated":true}]}}