{"id":3706,"date":"2016-04-04T15:09:46","date_gmt":"2016-04-04T14:09:46","guid":{"rendered":"https:\/\/tnd.ontesting.co.uk\/balzamas-pazeistiems-plaukams-master-herb-500-g\/"},"modified":"2019-09-19T12:47:12","modified_gmt":"2019-09-19T11:47:12","slug":"balzamas-pazeistiems-plaukams-master-herb-500-g","status":"publish","type":"product","link":"https:\/\/tiandeproducts.co.uk\/lt\/balzamas-pazeistiems-plaukams-master-herb-500-g\/","title":{"rendered":"Balzamas pa\u017eeistiems plaukams &#8222;Master Herb&#8221; 500 g."},"content":{"rendered":"<p>Balzamas sukuria bioaktyvi\u0105 apsaugos pl\u0117vel\u0119, stimuliuoja galvos odos kraujo cirkuliacij\u0105 ir suaktyvina plauk\u0173 augim\u0105, atstato pa\u017eeistus plaukus, neleid\u017eia jiems i\u0161saus\u0117ti ir l\u016b\u017ein\u0117ti, apsaugo nuo plauk\u0173 \u017eilimo. Balzamo sud\u0117tis turtinga aktyviais augaliniais ekstraktais, tod\u0117l jie gausiai prisotina galvos od\u0105 maitinamaisiais ir dr\u0117kinamaisiais komponentais bei vitaminais, stiprina plaukus nuo \u0161akn\u0173 iki galiuk\u0173, detoksikuoja. Plaukai tampa mink\u0161ti, blizg\u016bs ir lengvai su\u0161ukuojami.<\/p>\n<p>Naudodami ilgesn\u012f laik\u0105 (2-3 m\u0117n.) pamir\u0161ite sausus, l\u016b\u017ein\u0117jan\u010dius plaukus, jie nustos slinkti, bus \u0161veln\u016bs, atrodys sveikai.<\/p>\n<p><strong>Naudojimas:<\/strong><br \/>\nJei priemon\u0119 naudosite kaip kondicionieri\u0173, tuomet \u0161varius, dr\u0117gnus plaukus \u012ftrinkite balzamu, palaikykite 2-3 min. ir i\u0161skalaukite. Jeigu balzam\u0105 naudosite kaip priemon\u0119 pa\u017eeistiems plaukams, tada \u012ftryn\u0119 palaikykite 20-30 min. ir gerai i\u0161skalaukite.<\/p>\n<p><strong>Veikliosios med\u017eiagos:<\/strong><\/p>\n<p><strong>\u017den\u0161enio<\/strong>\u00a0sud\u0117tyje gausu vitamin\u0173: E, B1, B21, B12, C, folio r\u016bg\u0161\u010di\u0173, mikroelement\u0173: fosforo, kalio, silicio, gele\u017eies, natrio, mangano, kalcio, cinko, magnio, titano ir kt. \u017den\u0161enis greitina med\u017eiag\u0173 apykait\u0105, puosel\u0117ja ir stiprina plaukus, gali saugoti nuo plikimo, dr\u0117gm\u0117s praradimo ir UV spinduli\u0173. Normalizuoja galvos riebalini\u0173 liauk\u0173 veikl\u0105, stabilizuoja pa\u017eeist\u0105 plauk\u0173 strukt\u016br\u0105, jie tampa gyvybingi, stipr\u016bs, elastingi. Veikliosios med\u017eiagos suteikia plaukams blizgesio ir atsparumo nuo neigiamo aplinkos poveikio.<\/p>\n<p><strong>Rozmarino lap\u0173 ekstraktas<\/strong>\u00a0labai vertingas antioksidantas, kuris slopina u\u017edegimus ir turi antimikrobini\u0173 savybi\u0173. Rozmarino lap\u0173 ekstraktas gerina galvos odos kraujo apykait\u0105, tonizuoja. Ypatinga rozmarino savyb\u0117 \u2013 stabdo bakterij\u0173 dauginim\u0105si, u\u017ekerta keli\u0105 u\u017edegiminiams procesams ar nie\u017euliui atsirasti.<\/p>\n<p><strong>Imbieras<\/strong>\u00a0Ryt\u0173 medicinoje rei\u0161kia universal\u0173 vaist\u0105, turint\u012f ypatingas antioksidantines, prie\u0161u\u017edegimines, prie\u0161mikrobines, tonizuojan\u010dias ir nuskausminan\u010dias savybes. Imbieras turi vitamino A, E, C, K, B grup\u0117s vitamin\u0173, beveik visas aminor\u016bg\u0161tis, mikroelementus: kal\u012f, kalc\u012f, gele\u017e\u012f, cink\u0105, fosfor\u0105, natr\u012f, magn\u012f, ir eterin\u012f aliej\u0173. Visi \u0161ie aktyv\u016bs komponentai stimuliuoja plauko svog\u016bn\u0117l\u012f, tvarko galvos odos problemas, gerina plauko elastingum\u0105, maitina nuo \u0161akn\u0173 iki galiuk\u0173.<\/p>\n<p><strong>Liucernos s\u0117kl\u0173 ekstrakte<\/strong>\u00a0yra labai didelis kiekis vitamin\u0173: C, B1, B2, B12, A, D, mikroelement\u0173: magnio, kalcio, kalio, gele\u017eies, natrio, fosforo; eterinio aliejaus, fruktoz\u0117s, organini\u0173 ir aminor\u016bg\u0161\u010di\u0173. Joje yra net 18,9% baltym\u0173, kas ypa\u010d stiprina plauk\u0173 \u0161aknis ir akivaizd\u017eiai pagreitina plauk\u0173 augim\u0105.<\/p>\n<p><strong>Kvapniojo pipiro lap\u0173 aliejus<\/strong>\u00a0suteikia plaukams ypatingo blizgesio, \u0161velnumo ir lengvina su\u0161ukavim\u0105.<\/p>\n<p><strong>Paprastojo \u010diobrelio lap\u0173 ekstraktas<\/strong>\u00a0&#8211; efektyviai veikia odos susirgimus, pasi\u017eymi prie\u0161grybeliniu veikimu, stiprina plaukus.<\/p>\n","protected":false},"excerpt":{"rendered":"<p>Balzamas sukuria bioaktyvi\u0105 apsaugos pl\u0117vel\u0119, stimuliuoja galvos odos kraujo cirkuliacij\u0105 ir suaktyvina plauk\u0173 augim\u0105, atstato pa\u017eeistus plaukus, neleid\u017eia jiems i\u0161saus\u0117ti ir l\u016b\u017ein\u0117ti, apsaugo nuo plauk\u0173 \u017eilimo. Balzamo sud\u0117tis turtinga aktyviais augaliniais ekstraktais, tod\u0117l jie gausiai prisotina galvos od\u0105 maitinamaisiais ir dr\u0117kinamaisiais komponentais bei vitaminais, stiprina plaukus nuo \u0161akn\u0173 iki galiuk\u0173, detoksikuoja. Plaukai tampa mink\u0161ti, blizg\u016bs [&#8230;]\n","protected":false},"featured_media":429,"comment_status":"closed","ping_status":"closed","template":"","meta":[],"product_cat":[717,654,664,634,656],"product_tag":[],"class_list":{"0":"post-3706","1":"product","2":"type-product","3":"status-publish","4":"has-post-thumbnail","6":"product_cat-akcijos","7":"product_cat-balzamai","8":"product_cat-master-herb-lt-2","9":"product_cat-plaukams","10":"product_cat-plauku-jaunyste","12":"first","13":"instock","14":"sale","15":"shipping-taxable","16":"purchasable","17":"product-type-simple"},"yoast_head":"<!-- This site is optimized with the Yoast SEO plugin v23.6 - https:\/\/yoast.com\/wordpress\/plugins\/seo\/ -->\n<title>Balzamas pa\u017eeistiems plaukams &quot;Master Herb&quot; 500 g. - TianDe Online Shop - Beauty &amp; Health<\/title>\n<meta name=\"robots\" content=\"index, follow, max-snippet:-1, max-image-preview:large, max-video-preview:-1\" \/>\n<link rel=\"canonical\" href=\"https:\/\/tiandeproducts.co.uk\/lt\/balzamas-pazeistiems-plaukams-master-herb-500-g\/\" \/>\n<meta property=\"og:locale\" content=\"lt_LT\" \/>\n<meta property=\"og:type\" content=\"article\" \/>\n<meta property=\"og:title\" content=\"Balzamas pa\u017eeistiems plaukams &quot;Master Herb&quot; 500 g. - TianDe Online Shop - Beauty &amp; Health\" \/>\n<meta property=\"og:description\" content=\"Balzamas sukuria bioaktyvi\u0105 apsaugos pl\u0117vel\u0119, stimuliuoja galvos odos kraujo cirkuliacij\u0105 ir suaktyvina plauk\u0173 augim\u0105, atstato pa\u017eeistus plaukus, neleid\u017eia jiems i\u0161saus\u0117ti ir l\u016b\u017ein\u0117ti, apsaugo nuo plauk\u0173 \u017eilimo. Balzamo sud\u0117tis turtinga aktyviais augaliniais ekstraktais, tod\u0117l jie gausiai prisotina galvos od\u0105 maitinamaisiais ir dr\u0117kinamaisiais komponentais bei vitaminais, stiprina plaukus nuo \u0161akn\u0173 iki galiuk\u0173, detoksikuoja. Plaukai tampa mink\u0161ti, blizg\u016bs [...]\" \/>\n<meta property=\"og:url\" content=\"https:\/\/tiandeproducts.co.uk\/lt\/balzamas-pazeistiems-plaukams-master-herb-500-g\/\" \/>\n<meta property=\"og:site_name\" content=\"TianDe Online Shop - Beauty &amp; Health\" \/>\n<meta property=\"article:publisher\" content=\"https:\/\/www.facebook.com\/tiande.products.england\/\" \/>\n<meta property=\"article:modified_time\" content=\"2019-09-19T11:47:12+00:00\" \/>\n<meta property=\"og:image\" content=\"https:\/\/tiandeproducts.co.uk\/wp-content\/uploads\/2016\/04\/21316_new.png\" \/>\n\t<meta property=\"og:image:width\" content=\"700\" \/>\n\t<meta property=\"og:image:height\" content=\"700\" \/>\n\t<meta property=\"og:image:type\" content=\"image\/png\" \/>\n<meta name=\"twitter:card\" content=\"summary_large_image\" \/>\n<meta name=\"twitter:label1\" content=\"Est. reading time\" \/>\n\t<meta name=\"twitter:data1\" content=\"2 minut\u0117s\" \/>\n<script type=\"application\/ld+json\" class=\"yoast-schema-graph\">{\"@context\":\"https:\/\/schema.org\",\"@graph\":[{\"@type\":\"WebPage\",\"@id\":\"https:\/\/tiandeproducts.co.uk\/lt\/balzamas-pazeistiems-plaukams-master-herb-500-g\/\",\"url\":\"https:\/\/tiandeproducts.co.uk\/lt\/balzamas-pazeistiems-plaukams-master-herb-500-g\/\",\"name\":\"Balzamas pa\u017eeistiems plaukams \\\"Master Herb\\\" 500 g. - TianDe Online Shop - Beauty &amp; Health\",\"isPartOf\":{\"@id\":\"https:\/\/tiandeproducts.co.uk\/#website\"},\"primaryImageOfPage\":{\"@id\":\"https:\/\/tiandeproducts.co.uk\/lt\/balzamas-pazeistiems-plaukams-master-herb-500-g\/#primaryimage\"},\"image\":{\"@id\":\"https:\/\/tiandeproducts.co.uk\/lt\/balzamas-pazeistiems-plaukams-master-herb-500-g\/#primaryimage\"},\"thumbnailUrl\":\"https:\/\/tiandeproducts.co.uk\/wp-content\/uploads\/2016\/04\/21316_new.png\",\"datePublished\":\"2016-04-04T14:09:46+00:00\",\"dateModified\":\"2019-09-19T11:47:12+00:00\",\"breadcrumb\":{\"@id\":\"https:\/\/tiandeproducts.co.uk\/lt\/balzamas-pazeistiems-plaukams-master-herb-500-g\/#breadcrumb\"},\"inLanguage\":\"lt-LT\",\"potentialAction\":[{\"@type\":\"ReadAction\",\"target\":[\"https:\/\/tiandeproducts.co.uk\/lt\/balzamas-pazeistiems-plaukams-master-herb-500-g\/\"]}]},{\"@type\":\"ImageObject\",\"inLanguage\":\"lt-LT\",\"@id\":\"https:\/\/tiandeproducts.co.uk\/lt\/balzamas-pazeistiems-plaukams-master-herb-500-g\/#primaryimage\",\"url\":\"https:\/\/tiandeproducts.co.uk\/wp-content\/uploads\/2016\/04\/21316_new.png\",\"contentUrl\":\"https:\/\/tiandeproducts.co.uk\/wp-content\/uploads\/2016\/04\/21316_new.png\",\"width\":700,\"height\":700,\"caption\":\"Master Herb Damage-Erasing Hair Balm,Plant Complex,500g-0\"},{\"@type\":\"BreadcrumbList\",\"@id\":\"https:\/\/tiandeproducts.co.uk\/lt\/balzamas-pazeistiems-plaukams-master-herb-500-g\/#breadcrumb\",\"itemListElement\":[{\"@type\":\"ListItem\",\"position\":1,\"name\":\"Home\",\"item\":\"https:\/\/tiandeproducts.co.uk\/lt\/\"},{\"@type\":\"ListItem\",\"position\":2,\"name\":\"Shop\",\"item\":\"https:\/\/tiandeproducts.co.uk\/lt\/shop-2\/\"},{\"@type\":\"ListItem\",\"position\":3,\"name\":\"Balzamas pa\u017eeistiems plaukams &#8220;Master Herb&#8221; 500 g.\"}]},{\"@type\":\"WebSite\",\"@id\":\"https:\/\/tiandeproducts.co.uk\/#website\",\"url\":\"https:\/\/tiandeproducts.co.uk\/\",\"name\":\"TianDe Online Shop - Beauty & Health\",\"description\":\"Traditional Chinese Medicine\",\"potentialAction\":[{\"@type\":\"SearchAction\",\"target\":{\"@type\":\"EntryPoint\",\"urlTemplate\":\"https:\/\/tiandeproducts.co.uk\/?s={search_term_string}\"},\"query-input\":{\"@type\":\"PropertyValueSpecification\",\"valueRequired\":true,\"valueName\":\"search_term_string\"}}],\"inLanguage\":\"lt-LT\"}]}<\/script>\n<!-- \/ Yoast SEO plugin. -->","yoast_head_json":{"title":"Balzamas pa\u017eeistiems plaukams \"Master Herb\" 500 g. - TianDe Online Shop - Beauty &amp; Health","robots":{"index":"index","follow":"follow","max-snippet":"max-snippet:-1","max-image-preview":"max-image-preview:large","max-video-preview":"max-video-preview:-1"},"canonical":"https:\/\/tiandeproducts.co.uk\/lt\/balzamas-pazeistiems-plaukams-master-herb-500-g\/","og_locale":"lt_LT","og_type":"article","og_title":"Balzamas pa\u017eeistiems plaukams \"Master Herb\" 500 g. - TianDe Online Shop - Beauty &amp; Health","og_description":"Balzamas sukuria bioaktyvi\u0105 apsaugos pl\u0117vel\u0119, stimuliuoja galvos odos kraujo cirkuliacij\u0105 ir suaktyvina plauk\u0173 augim\u0105, atstato pa\u017eeistus plaukus, neleid\u017eia jiems i\u0161saus\u0117ti ir l\u016b\u017ein\u0117ti, apsaugo nuo plauk\u0173 \u017eilimo. Balzamo sud\u0117tis turtinga aktyviais augaliniais ekstraktais, tod\u0117l jie gausiai prisotina galvos od\u0105 maitinamaisiais ir dr\u0117kinamaisiais komponentais bei vitaminais, stiprina plaukus nuo \u0161akn\u0173 iki galiuk\u0173, detoksikuoja. Plaukai tampa mink\u0161ti, blizg\u016bs [...]","og_url":"https:\/\/tiandeproducts.co.uk\/lt\/balzamas-pazeistiems-plaukams-master-herb-500-g\/","og_site_name":"TianDe Online Shop - Beauty &amp; Health","article_publisher":"https:\/\/www.facebook.com\/tiande.products.england\/","article_modified_time":"2019-09-19T11:47:12+00:00","og_image":[{"width":700,"height":700,"url":"https:\/\/tiandeproducts.co.uk\/wp-content\/uploads\/2016\/04\/21316_new.png","type":"image\/png"}],"twitter_card":"summary_large_image","twitter_misc":{"Est. reading time":"2 minut\u0117s"},"schema":{"@context":"https:\/\/schema.org","@graph":[{"@type":"WebPage","@id":"https:\/\/tiandeproducts.co.uk\/lt\/balzamas-pazeistiems-plaukams-master-herb-500-g\/","url":"https:\/\/tiandeproducts.co.uk\/lt\/balzamas-pazeistiems-plaukams-master-herb-500-g\/","name":"Balzamas pa\u017eeistiems plaukams \"Master Herb\" 500 g. - TianDe Online Shop - Beauty &amp; Health","isPartOf":{"@id":"https:\/\/tiandeproducts.co.uk\/#website"},"primaryImageOfPage":{"@id":"https:\/\/tiandeproducts.co.uk\/lt\/balzamas-pazeistiems-plaukams-master-herb-500-g\/#primaryimage"},"image":{"@id":"https:\/\/tiandeproducts.co.uk\/lt\/balzamas-pazeistiems-plaukams-master-herb-500-g\/#primaryimage"},"thumbnailUrl":"https:\/\/tiandeproducts.co.uk\/wp-content\/uploads\/2016\/04\/21316_new.png","datePublished":"2016-04-04T14:09:46+00:00","dateModified":"2019-09-19T11:47:12+00:00","breadcrumb":{"@id":"https:\/\/tiandeproducts.co.uk\/lt\/balzamas-pazeistiems-plaukams-master-herb-500-g\/#breadcrumb"},"inLanguage":"lt-LT","potentialAction":[{"@type":"ReadAction","target":["https:\/\/tiandeproducts.co.uk\/lt\/balzamas-pazeistiems-plaukams-master-herb-500-g\/"]}]},{"@type":"ImageObject","inLanguage":"lt-LT","@id":"https:\/\/tiandeproducts.co.uk\/lt\/balzamas-pazeistiems-plaukams-master-herb-500-g\/#primaryimage","url":"https:\/\/tiandeproducts.co.uk\/wp-content\/uploads\/2016\/04\/21316_new.png","contentUrl":"https:\/\/tiandeproducts.co.uk\/wp-content\/uploads\/2016\/04\/21316_new.png","width":700,"height":700,"caption":"Master Herb Damage-Erasing Hair Balm,Plant Complex,500g-0"},{"@type":"BreadcrumbList","@id":"https:\/\/tiandeproducts.co.uk\/lt\/balzamas-pazeistiems-plaukams-master-herb-500-g\/#breadcrumb","itemListElement":[{"@type":"ListItem","position":1,"name":"Home","item":"https:\/\/tiandeproducts.co.uk\/lt\/"},{"@type":"ListItem","position":2,"name":"Shop","item":"https:\/\/tiandeproducts.co.uk\/lt\/shop-2\/"},{"@type":"ListItem","position":3,"name":"Balzamas pa\u017eeistiems plaukams &#8220;Master Herb&#8221; 500 g."}]},{"@type":"WebSite","@id":"https:\/\/tiandeproducts.co.uk\/#website","url":"https:\/\/tiandeproducts.co.uk\/","name":"TianDe Online Shop - Beauty & Health","description":"Traditional Chinese Medicine","potentialAction":[{"@type":"SearchAction","target":{"@type":"EntryPoint","urlTemplate":"https:\/\/tiandeproducts.co.uk\/?s={search_term_string}"},"query-input":{"@type":"PropertyValueSpecification","valueRequired":true,"valueName":"search_term_string"}}],"inLanguage":"lt-LT"}]}},"_links":{"self":[{"href":"https:\/\/tiandeproducts.co.uk\/lt\/wp-json\/wp\/v2\/product\/3706","targetHints":{"allow":["GET"]}}],"collection":[{"href":"https:\/\/tiandeproducts.co.uk\/lt\/wp-json\/wp\/v2\/product"}],"about":[{"href":"https:\/\/tiandeproducts.co.uk\/lt\/wp-json\/wp\/v2\/types\/product"}],"replies":[{"embeddable":true,"href":"https:\/\/tiandeproducts.co.uk\/lt\/wp-json\/wp\/v2\/comments?post=3706"}],"wp:featuredmedia":[{"embeddable":true,"href":"https:\/\/tiandeproducts.co.uk\/lt\/wp-json\/wp\/v2\/media\/429"}],"wp:attachment":[{"href":"https:\/\/tiandeproducts.co.uk\/lt\/wp-json\/wp\/v2\/media?parent=3706"}],"wp:term":[{"taxonomy":"product_cat","embeddable":true,"href":"https:\/\/tiandeproducts.co.uk\/lt\/wp-json\/wp\/v2\/product_cat?post=3706"},{"taxonomy":"product_tag","embeddable":true,"href":"https:\/\/tiandeproducts.co.uk\/lt\/wp-json\/wp\/v2\/product_tag?post=3706"}],"curies":[{"name":"wp","href":"https:\/\/api.w.org\/{rel}","templated":true}]}}