{"id":3703,"date":"2016-04-04T15:29:22","date_gmt":"2016-04-04T14:29:22","guid":{"rendered":"https:\/\/tnd.ontesting.co.uk\/atstatantis-balzamas-su-zensenio-ekstraktu-500-g\/"},"modified":"2019-11-26T11:16:38","modified_gmt":"2019-11-26T11:16:38","slug":"atstatantis-balzamas-su-zensenio-ekstraktu-500-g","status":"publish","type":"product","link":"https:\/\/tiandeproducts.co.uk\/lt\/atstatantis-balzamas-su-zensenio-ekstraktu-500-g\/","title":{"rendered":"Atstatantis balzamas su \u017een\u0161enio ekstraktu 500 g."},"content":{"rendered":"<p>I\u0161tobulintos sud\u0117ties balzamas efektyviai atstato pa\u017eeistus plaukus po da\u017eymo, cheminio su\u0161ukavimo ar kit\u0173 pa\u017eeidim\u0173, maitina trapius plaukus bei stimuliuoja augim\u0105, d\u0117l to jie tampa storesni ir elastingesni. Priemon\u0117 \u0161alina pleiskanas, apsaugo silpnus plaukus nuo slinkimo, dr\u0117gm\u0117s praradimo bei negatyvaus UV spinduli\u0173 poveikio.<\/p>\n<p>Sud\u0117tyje esantys \u017een\u0161enio ir kit\u0173 augal\u0173 ekstraktai efektyviai atstato plauko strukt\u016br\u0105 per vis\u0105 jo ilg\u012f, suteikia antistatin\u012f efekt\u0105 (neleid\u017eia plaukams veltis). Balzamas malonios bei ekonomi\u0161kos kremin\u0117s tekst\u016bros.<br \/>\nRekomenduojama visiems, kurie nori susigr\u0105\u017einti savo plaukams sveik\u0105 i\u0161vaizd\u0105 ir j\u0117g\u0105, bei padidinti apimt\u012f.<\/p>\n<p><strong>Naudojimas:<\/strong><br \/>\nJei priemon\u0119 naudosite kaip kondicionieri\u0173, tuomet \u0161varius, dr\u0117gnus plaukus \u012ftrinkite balzamu, palaikykite 2-3 min. ir i\u0161skalaukite. Jeigu balzam\u0105 naudosite kaip atstatom\u0105j\u0105 ir apsaugin\u0119 priemon\u0119, tada \u012ftryn\u0119 palaikykite 20-30 min. ir gerai i\u0161skalaukite.<\/p>\n<p><strong>Veikliosios med\u017eiagos:<\/strong><\/p>\n<p><strong>\u017den\u0161enis<\/strong>\u00a0&#8211; gyvyb\u0117s \u0161aknis, \u017einomas kaip pats did\u017eiausias adaptogenas. Apie vertingas gydom\u0105sias savybes \u017emonija \u017einojo jau prie\u0161 kelis t\u016bkstan\u010dius met\u0173. Sp\u0117jama, kad \u0161io augalo \u0161aknys gali i\u0161likti gyvybingos iki 400 met\u0173. \u017den\u0161enio sud\u0117tyje gausu vitamin\u0173: E, B1, B21, B12, C, folio r\u016bg\u0161\u010di\u0173, mikroelement\u0173: fosforo, kalio, silicio, gele\u017eies, natrio, mangano, kalcio, cinko, magnio, titano ir kt. \u012erodyta, kad jis ne tik stabdo plauk\u0173 slinkim\u0105, puosel\u0117ja ir stiprina plaukus, bet gali saugoti nuo plikimo, dr\u0117gm\u0117s praradimo ir UV spinduli\u0173.<\/p>\n","protected":false},"excerpt":{"rendered":"<p>I\u0161tobulintos sud\u0117ties balzamas efektyviai atstato pa\u017eeistus plaukus po da\u017eymo, cheminio su\u0161ukavimo ar kit\u0173 pa\u017eeidim\u0173, maitina trapius plaukus bei stimuliuoja augim\u0105, d\u0117l to jie tampa storesni ir elastingesni. Priemon\u0117 \u0161alina pleiskanas, apsaugo silpnus plaukus nuo slinkimo, dr\u0117gm\u0117s praradimo bei negatyvaus UV spinduli\u0173 poveikio. Sud\u0117tyje esantys \u017een\u0161enio ir kit\u0173 augal\u0173 ekstraktai efektyviai atstato plauko strukt\u016br\u0105 per vis\u0105 [&#8230;]\n","protected":false},"featured_media":439,"comment_status":"closed","ping_status":"closed","template":"","meta":[],"product_cat":[666,654,652,854,634,676],"product_tag":[],"class_list":{"0":"post-3703","1":"product","2":"type-product","3":"status-publish","4":"has-post-thumbnail","6":"product_cat-apimties-didinimui","7":"product_cat-balzamai","8":"product_cat-ginseng-lt","9":"product_cat-gyvibingumasenergija","10":"product_cat-plaukams","11":"product_cat-plauku-apsauga","13":"first","14":"instock","15":"shipping-taxable","16":"purchasable","17":"product-type-simple"},"yoast_head":"<!-- This site is optimized with the Yoast SEO plugin v23.6 - https:\/\/yoast.com\/wordpress\/plugins\/seo\/ -->\n<title>Atstatantis balzamas su \u017een\u0161enio ekstraktu 500 g. - TianDe Online Shop - Beauty &amp; Health<\/title>\n<meta name=\"robots\" content=\"index, follow, max-snippet:-1, max-image-preview:large, max-video-preview:-1\" \/>\n<link rel=\"canonical\" href=\"https:\/\/tiandeproducts.co.uk\/lt\/atstatantis-balzamas-su-zensenio-ekstraktu-500-g\/\" \/>\n<meta property=\"og:locale\" content=\"lt_LT\" \/>\n<meta property=\"og:type\" content=\"article\" \/>\n<meta property=\"og:title\" content=\"Atstatantis balzamas su \u017een\u0161enio ekstraktu 500 g. - TianDe Online Shop - Beauty &amp; Health\" \/>\n<meta property=\"og:description\" content=\"I\u0161tobulintos sud\u0117ties balzamas efektyviai atstato pa\u017eeistus plaukus po da\u017eymo, cheminio su\u0161ukavimo ar kit\u0173 pa\u017eeidim\u0173, maitina trapius plaukus bei stimuliuoja augim\u0105, d\u0117l to jie tampa storesni ir elastingesni. Priemon\u0117 \u0161alina pleiskanas, apsaugo silpnus plaukus nuo slinkimo, dr\u0117gm\u0117s praradimo bei negatyvaus UV spinduli\u0173 poveikio. Sud\u0117tyje esantys \u017een\u0161enio ir kit\u0173 augal\u0173 ekstraktai efektyviai atstato plauko strukt\u016br\u0105 per vis\u0105 [...]\" \/>\n<meta property=\"og:url\" content=\"https:\/\/tiandeproducts.co.uk\/lt\/atstatantis-balzamas-su-zensenio-ekstraktu-500-g\/\" \/>\n<meta property=\"og:site_name\" content=\"TianDe Online Shop - Beauty &amp; Health\" \/>\n<meta property=\"article:publisher\" content=\"https:\/\/www.facebook.com\/tiande.products.england\/\" \/>\n<meta property=\"article:modified_time\" content=\"2019-11-26T11:16:38+00:00\" \/>\n<meta property=\"og:image\" content=\"https:\/\/tiandeproducts.co.uk\/wp-content\/uploads\/2016\/04\/20115_1_.png\" \/>\n\t<meta property=\"og:image:width\" content=\"700\" \/>\n\t<meta property=\"og:image:height\" content=\"700\" \/>\n\t<meta property=\"og:image:type\" content=\"image\/png\" \/>\n<meta name=\"twitter:card\" content=\"summary_large_image\" \/>\n<meta name=\"twitter:label1\" content=\"Est. reading time\" \/>\n\t<meta name=\"twitter:data1\" content=\"1 minut\u0117\" \/>\n<script type=\"application\/ld+json\" class=\"yoast-schema-graph\">{\"@context\":\"https:\/\/schema.org\",\"@graph\":[{\"@type\":\"WebPage\",\"@id\":\"https:\/\/tiandeproducts.co.uk\/lt\/atstatantis-balzamas-su-zensenio-ekstraktu-500-g\/\",\"url\":\"https:\/\/tiandeproducts.co.uk\/lt\/atstatantis-balzamas-su-zensenio-ekstraktu-500-g\/\",\"name\":\"Atstatantis balzamas su \u017een\u0161enio ekstraktu 500 g. - TianDe Online Shop - Beauty &amp; Health\",\"isPartOf\":{\"@id\":\"https:\/\/tiandeproducts.co.uk\/#website\"},\"primaryImageOfPage\":{\"@id\":\"https:\/\/tiandeproducts.co.uk\/lt\/atstatantis-balzamas-su-zensenio-ekstraktu-500-g\/#primaryimage\"},\"image\":{\"@id\":\"https:\/\/tiandeproducts.co.uk\/lt\/atstatantis-balzamas-su-zensenio-ekstraktu-500-g\/#primaryimage\"},\"thumbnailUrl\":\"https:\/\/tiandeproducts.co.uk\/wp-content\/uploads\/2016\/04\/20115_1_.png\",\"datePublished\":\"2016-04-04T14:29:22+00:00\",\"dateModified\":\"2019-11-26T11:16:38+00:00\",\"breadcrumb\":{\"@id\":\"https:\/\/tiandeproducts.co.uk\/lt\/atstatantis-balzamas-su-zensenio-ekstraktu-500-g\/#breadcrumb\"},\"inLanguage\":\"lt-LT\",\"potentialAction\":[{\"@type\":\"ReadAction\",\"target\":[\"https:\/\/tiandeproducts.co.uk\/lt\/atstatantis-balzamas-su-zensenio-ekstraktu-500-g\/\"]}]},{\"@type\":\"ImageObject\",\"inLanguage\":\"lt-LT\",\"@id\":\"https:\/\/tiandeproducts.co.uk\/lt\/atstatantis-balzamas-su-zensenio-ekstraktu-500-g\/#primaryimage\",\"url\":\"https:\/\/tiandeproducts.co.uk\/wp-content\/uploads\/2016\/04\/20115_1_.png\",\"contentUrl\":\"https:\/\/tiandeproducts.co.uk\/wp-content\/uploads\/2016\/04\/20115_1_.png\",\"width\":700,\"height\":700,\"caption\":\"Ginseng Hair Balm, for weakened,chemically treated hair,500g-0\"},{\"@type\":\"BreadcrumbList\",\"@id\":\"https:\/\/tiandeproducts.co.uk\/lt\/atstatantis-balzamas-su-zensenio-ekstraktu-500-g\/#breadcrumb\",\"itemListElement\":[{\"@type\":\"ListItem\",\"position\":1,\"name\":\"Home\",\"item\":\"https:\/\/tiandeproducts.co.uk\/lt\/\"},{\"@type\":\"ListItem\",\"position\":2,\"name\":\"Shop\",\"item\":\"https:\/\/tiandeproducts.co.uk\/lt\/shop-2\/\"},{\"@type\":\"ListItem\",\"position\":3,\"name\":\"Atstatantis balzamas su \u017een\u0161enio ekstraktu 500 g.\"}]},{\"@type\":\"WebSite\",\"@id\":\"https:\/\/tiandeproducts.co.uk\/#website\",\"url\":\"https:\/\/tiandeproducts.co.uk\/\",\"name\":\"TianDe Online Shop - Beauty & Health\",\"description\":\"Traditional Chinese Medicine\",\"potentialAction\":[{\"@type\":\"SearchAction\",\"target\":{\"@type\":\"EntryPoint\",\"urlTemplate\":\"https:\/\/tiandeproducts.co.uk\/?s={search_term_string}\"},\"query-input\":{\"@type\":\"PropertyValueSpecification\",\"valueRequired\":true,\"valueName\":\"search_term_string\"}}],\"inLanguage\":\"lt-LT\"}]}<\/script>\n<!-- \/ Yoast SEO plugin. -->","yoast_head_json":{"title":"Atstatantis balzamas su \u017een\u0161enio ekstraktu 500 g. - TianDe Online Shop - Beauty &amp; Health","robots":{"index":"index","follow":"follow","max-snippet":"max-snippet:-1","max-image-preview":"max-image-preview:large","max-video-preview":"max-video-preview:-1"},"canonical":"https:\/\/tiandeproducts.co.uk\/lt\/atstatantis-balzamas-su-zensenio-ekstraktu-500-g\/","og_locale":"lt_LT","og_type":"article","og_title":"Atstatantis balzamas su \u017een\u0161enio ekstraktu 500 g. - TianDe Online Shop - Beauty &amp; Health","og_description":"I\u0161tobulintos sud\u0117ties balzamas efektyviai atstato pa\u017eeistus plaukus po da\u017eymo, cheminio su\u0161ukavimo ar kit\u0173 pa\u017eeidim\u0173, maitina trapius plaukus bei stimuliuoja augim\u0105, d\u0117l to jie tampa storesni ir elastingesni. Priemon\u0117 \u0161alina pleiskanas, apsaugo silpnus plaukus nuo slinkimo, dr\u0117gm\u0117s praradimo bei negatyvaus UV spinduli\u0173 poveikio. Sud\u0117tyje esantys \u017een\u0161enio ir kit\u0173 augal\u0173 ekstraktai efektyviai atstato plauko strukt\u016br\u0105 per vis\u0105 [...]","og_url":"https:\/\/tiandeproducts.co.uk\/lt\/atstatantis-balzamas-su-zensenio-ekstraktu-500-g\/","og_site_name":"TianDe Online Shop - Beauty &amp; Health","article_publisher":"https:\/\/www.facebook.com\/tiande.products.england\/","article_modified_time":"2019-11-26T11:16:38+00:00","og_image":[{"width":700,"height":700,"url":"https:\/\/tiandeproducts.co.uk\/wp-content\/uploads\/2016\/04\/20115_1_.png","type":"image\/png"}],"twitter_card":"summary_large_image","twitter_misc":{"Est. reading time":"1 minut\u0117"},"schema":{"@context":"https:\/\/schema.org","@graph":[{"@type":"WebPage","@id":"https:\/\/tiandeproducts.co.uk\/lt\/atstatantis-balzamas-su-zensenio-ekstraktu-500-g\/","url":"https:\/\/tiandeproducts.co.uk\/lt\/atstatantis-balzamas-su-zensenio-ekstraktu-500-g\/","name":"Atstatantis balzamas su \u017een\u0161enio ekstraktu 500 g. - TianDe Online Shop - Beauty &amp; Health","isPartOf":{"@id":"https:\/\/tiandeproducts.co.uk\/#website"},"primaryImageOfPage":{"@id":"https:\/\/tiandeproducts.co.uk\/lt\/atstatantis-balzamas-su-zensenio-ekstraktu-500-g\/#primaryimage"},"image":{"@id":"https:\/\/tiandeproducts.co.uk\/lt\/atstatantis-balzamas-su-zensenio-ekstraktu-500-g\/#primaryimage"},"thumbnailUrl":"https:\/\/tiandeproducts.co.uk\/wp-content\/uploads\/2016\/04\/20115_1_.png","datePublished":"2016-04-04T14:29:22+00:00","dateModified":"2019-11-26T11:16:38+00:00","breadcrumb":{"@id":"https:\/\/tiandeproducts.co.uk\/lt\/atstatantis-balzamas-su-zensenio-ekstraktu-500-g\/#breadcrumb"},"inLanguage":"lt-LT","potentialAction":[{"@type":"ReadAction","target":["https:\/\/tiandeproducts.co.uk\/lt\/atstatantis-balzamas-su-zensenio-ekstraktu-500-g\/"]}]},{"@type":"ImageObject","inLanguage":"lt-LT","@id":"https:\/\/tiandeproducts.co.uk\/lt\/atstatantis-balzamas-su-zensenio-ekstraktu-500-g\/#primaryimage","url":"https:\/\/tiandeproducts.co.uk\/wp-content\/uploads\/2016\/04\/20115_1_.png","contentUrl":"https:\/\/tiandeproducts.co.uk\/wp-content\/uploads\/2016\/04\/20115_1_.png","width":700,"height":700,"caption":"Ginseng Hair Balm, for weakened,chemically treated hair,500g-0"},{"@type":"BreadcrumbList","@id":"https:\/\/tiandeproducts.co.uk\/lt\/atstatantis-balzamas-su-zensenio-ekstraktu-500-g\/#breadcrumb","itemListElement":[{"@type":"ListItem","position":1,"name":"Home","item":"https:\/\/tiandeproducts.co.uk\/lt\/"},{"@type":"ListItem","position":2,"name":"Shop","item":"https:\/\/tiandeproducts.co.uk\/lt\/shop-2\/"},{"@type":"ListItem","position":3,"name":"Atstatantis balzamas su \u017een\u0161enio ekstraktu 500 g."}]},{"@type":"WebSite","@id":"https:\/\/tiandeproducts.co.uk\/#website","url":"https:\/\/tiandeproducts.co.uk\/","name":"TianDe Online Shop - Beauty & Health","description":"Traditional Chinese Medicine","potentialAction":[{"@type":"SearchAction","target":{"@type":"EntryPoint","urlTemplate":"https:\/\/tiandeproducts.co.uk\/?s={search_term_string}"},"query-input":{"@type":"PropertyValueSpecification","valueRequired":true,"valueName":"search_term_string"}}],"inLanguage":"lt-LT"}]}},"_links":{"self":[{"href":"https:\/\/tiandeproducts.co.uk\/lt\/wp-json\/wp\/v2\/product\/3703","targetHints":{"allow":["GET"]}}],"collection":[{"href":"https:\/\/tiandeproducts.co.uk\/lt\/wp-json\/wp\/v2\/product"}],"about":[{"href":"https:\/\/tiandeproducts.co.uk\/lt\/wp-json\/wp\/v2\/types\/product"}],"replies":[{"embeddable":true,"href":"https:\/\/tiandeproducts.co.uk\/lt\/wp-json\/wp\/v2\/comments?post=3703"}],"wp:featuredmedia":[{"embeddable":true,"href":"https:\/\/tiandeproducts.co.uk\/lt\/wp-json\/wp\/v2\/media\/439"}],"wp:attachment":[{"href":"https:\/\/tiandeproducts.co.uk\/lt\/wp-json\/wp\/v2\/media?parent=3703"}],"wp:term":[{"taxonomy":"product_cat","embeddable":true,"href":"https:\/\/tiandeproducts.co.uk\/lt\/wp-json\/wp\/v2\/product_cat?post=3703"},{"taxonomy":"product_tag","embeddable":true,"href":"https:\/\/tiandeproducts.co.uk\/lt\/wp-json\/wp\/v2\/product_tag?post=3703"}],"curies":[{"name":"wp","href":"https:\/\/api.w.org\/{rel}","templated":true}]}}