{"id":3702,"date":"2016-04-04T15:52:25","date_gmt":"2016-04-04T14:52:25","guid":{"rendered":"https:\/\/tnd.ontesting.co.uk\/kremas-balzamas-nuo-plikimo-slinkimo-master-herb-500-g\/"},"modified":"2020-04-22T11:50:20","modified_gmt":"2020-04-22T10:50:20","slug":"kremas-balzamas-nuo-plikimo-slinkimo-master-herb-500-g","status":"publish","type":"product","link":"https:\/\/tiandeproducts.co.uk\/lt\/kremas-balzamas-nuo-plikimo-slinkimo-master-herb-500-g\/","title":{"rendered":"Kremas &#8211; balzamas nuo plikimo (slinkimo) &#8222;Master Herb&#8221; 500 g."},"content":{"rendered":"<p>Net l\u016b\u017ein\u0117jantys, silpni, slenkantys plaukai prad\u0117s spar\u010diau augti, atgaus nat\u016brali\u0105 sveik\u0173 plauk\u0173 i\u0161vaizd\u0105. Unikali, patobulinta balzamo \u2013 kremo formul\u0117 atstatys sveik\u0105 plauk\u0173 augimo cikl\u0105. Tai vyksta d\u0117l tiesioginio aktyvi\u0173 komponent\u0173 poveikio plauk\u0173 folikulams. Balzamas skatina j\u0173 aktyvum\u0105, pagreitina tarpl\u0105stelinius apykaitinius procesus, aktyvina apsaugines galvos odos funkcijas, gerina viso plauko (nuo \u0161akn\u0173 iki galiuk\u0173) strukt\u016br\u0105, akivaizd\u017eiai pagreitina plauk\u0173 augim\u0105. Rezultatas \u2013 stipresni ir tankesni plaukai.<\/p>\n<p>Balzamo veikliosios med\u017eiagos stiprina plauk\u0173 \u0161aknis ir skatina nauj\u0173 plauk\u0173 augim\u0105, pagreitina tarpl\u0105stelinius apykaitinius procesus, aktyvina apsaugines galvos odos funkcijas. Didelis kiekis maitinam\u0173j\u0173 med\u017eiag\u0173 puosel\u0117ja ir stiprina plaukus, saugo nuo dr\u0117gm\u0117s praradimo ir UV spinduli\u0173, sugr\u0105\u017eina jiems sveik\u0105 i\u0161vaizd\u0105 ir gro\u017e\u012f.<\/p>\n<p><strong>Naudojimas:<\/strong><br \/>\nJei priemon\u0119 naudosite kaip kondicionieri\u0173, tuomet \u0161varius, dr\u0117gnus plaukus \u012ftrinkite balzamu \u2013 kremu, palaikykite 2-3 min. ir i\u0161skalaukite. Jeigu balzam\u0105 &#8211; krem\u0105 naudosite kaip priemon\u0119 nuo plauk\u0173 slinkimo, tada \u012ftryn\u0119 palaikykite 20-30 min. ir gerai i\u0161skalaukite.<\/p>\n<p><strong>Veikliosios med\u017eiagos:<\/strong><\/p>\n<p><strong>Japoninis skudutis<\/strong>\u00a0turi daug vitamin\u0173: A, B3, B12, C, E ir mineral\u0173: kalcio, gele\u017eies, cinko, magnio, natrio. Tai nat\u016bralus fitoestrogen\u0173 (augaliniai hormonai) \u0161altinis.<\/p>\n<p><strong>\u017den\u0161enio<\/strong>\u00a0sud\u0117tyje gausu vitamin\u0173: E, B1, B21, B12, C, folio r\u016bg\u0161\u010di\u0173, mikroelement\u0173: fosforo, kalio, silicio, gele\u017eies, natrio, mangano, kalcio, cinko, magnio, titano ir kt. \u017den\u0161enis greitina med\u017eiag\u0173 apykait\u0105, puosel\u0117ja ir stiprina plaukus, gali saugoti nuo plikimo, dr\u0117gm\u0117s praradimo ir UV spinduli\u0173. Normalizuoja galvos riebalini\u0173 liauk\u0173 veikl\u0105, stabilizuoja pa\u017eeist\u0105 plauk\u0173 strukt\u016br\u0105, jie tampa gyvybingi, stipr\u016bs, elastingi. Veikliosios med\u017eiagos suteikia plaukams blizgesio ir atsparumo nuo neigiamo aplinkos poveikio.<\/p>\n<p><strong>Gelsv\u0117<\/strong>\u00a0saugo plaukus nuo slinkimo, suteikia blizgesio, \u0161velnumo, daro paklusnius.<\/p>\n<p>Jauninantis ir tonizuojantis\u00a0<strong>remanijos ekstraktas<\/strong>\u00a0greitina apykaitinius audini\u0173 procesus.<\/p>\n<p><strong>S\u0117jamosios juodgr\u016bd\u0117s s\u0117kl\u0173 ekstraktas<\/strong>\u00a0suteikia blizgesio, \u0161velnumo ir paklusnumo, turi kondicionuojan\u010di\u0173 savybi\u0173.<\/p>\n<p><strong>Daugia\u017eied\u017eio kalnie\u010dio \u0161aknis<\/strong>\u00a0(dar vadinama \u0161ou vu) skatina nat\u016bralaus melanino gamyb\u0105, stabdo plauk\u0173 \u017eilim\u0105. Ekstraktas sustiprina plauk\u0173 maitinim\u0105, gr\u0105\u017eina plaukams nat\u016bral\u0173 blizges\u012f.<\/p>\n<p><strong>Indini\u0173 sezam\u0173 aliejus<\/strong>\u00a0gerai dr\u0117kina ir mink\u0161tina od\u0105, apr\u016bpina j\u0105 naudingomis med\u017eiagomis, tinka vis\u0173 tip\u0173, ypa\u010d sausai odai. Sezam\u0173 aliejus turi antioksidantini\u0173 savybi\u0173, ypa\u010d naudingas gydant \u012fvairius odos sutrikimus (psoriaz\u0117, egzema ir kt).<\/p>\n","protected":false},"excerpt":{"rendered":"<p>Net l\u016b\u017ein\u0117jantys, silpni, slenkantys plaukai prad\u0117s spar\u010diau augti, atgaus nat\u016brali\u0105 sveik\u0173 plauk\u0173 i\u0161vaizd\u0105. Unikali, patobulinta balzamo \u2013 kremo formul\u0117 atstatys sveik\u0105 plauk\u0173 augimo cikl\u0105. Tai vyksta d\u0117l tiesioginio aktyvi\u0173 komponent\u0173 poveikio plauk\u0173 folikulams. Balzamas skatina j\u0173 aktyvum\u0105, pagreitina tarpl\u0105stelinius apykaitinius procesus, aktyvina apsaugines galvos odos funkcijas, gerina viso plauko (nuo \u0161akn\u0173 iki galiuk\u0173) strukt\u016br\u0105, akivaizd\u017eiai [&#8230;]\n","protected":false},"featured_media":454,"comment_status":"closed","ping_status":"closed","template":"","meta":[],"product_cat":[654,664,634,653],"product_tag":[],"class_list":{"0":"post-3702","1":"product","2":"type-product","3":"status-publish","4":"has-post-thumbnail","6":"product_cat-balzamai","7":"product_cat-master-herb-lt-2","8":"product_cat-plaukams","9":"product_cat-plauku-augimo-linija","11":"first","12":"instock","13":"shipping-taxable","14":"purchasable","15":"product-type-simple"},"yoast_head":"<!-- This site is optimized with the Yoast SEO plugin v23.6 - https:\/\/yoast.com\/wordpress\/plugins\/seo\/ -->\n<title>Kremas - balzamas nuo plikimo (slinkimo) &quot;Master Herb&quot; 500 g. - TianDe Online Shop - Beauty &amp; Health<\/title>\n<meta name=\"robots\" content=\"index, follow, max-snippet:-1, max-image-preview:large, max-video-preview:-1\" \/>\n<link rel=\"canonical\" href=\"https:\/\/tiandeproducts.co.uk\/lt\/kremas-balzamas-nuo-plikimo-slinkimo-master-herb-500-g\/\" \/>\n<meta property=\"og:locale\" content=\"lt_LT\" \/>\n<meta property=\"og:type\" content=\"article\" \/>\n<meta property=\"og:title\" content=\"Kremas - balzamas nuo plikimo (slinkimo) &quot;Master Herb&quot; 500 g. - TianDe Online Shop - Beauty &amp; Health\" \/>\n<meta property=\"og:description\" content=\"Net l\u016b\u017ein\u0117jantys, silpni, slenkantys plaukai prad\u0117s spar\u010diau augti, atgaus nat\u016brali\u0105 sveik\u0173 plauk\u0173 i\u0161vaizd\u0105. Unikali, patobulinta balzamo \u2013 kremo formul\u0117 atstatys sveik\u0105 plauk\u0173 augimo cikl\u0105. Tai vyksta d\u0117l tiesioginio aktyvi\u0173 komponent\u0173 poveikio plauk\u0173 folikulams. Balzamas skatina j\u0173 aktyvum\u0105, pagreitina tarpl\u0105stelinius apykaitinius procesus, aktyvina apsaugines galvos odos funkcijas, gerina viso plauko (nuo \u0161akn\u0173 iki galiuk\u0173) strukt\u016br\u0105, akivaizd\u017eiai [...]\" \/>\n<meta property=\"og:url\" content=\"https:\/\/tiandeproducts.co.uk\/lt\/kremas-balzamas-nuo-plikimo-slinkimo-master-herb-500-g\/\" \/>\n<meta property=\"og:site_name\" content=\"TianDe Online Shop - Beauty &amp; Health\" \/>\n<meta property=\"article:publisher\" content=\"https:\/\/www.facebook.com\/tiande.products.england\/\" \/>\n<meta property=\"article:modified_time\" content=\"2020-04-22T10:50:20+00:00\" \/>\n<meta property=\"og:image\" content=\"https:\/\/tiandeproducts.co.uk\/wp-content\/uploads\/2016\/04\/21311_new.png\" \/>\n\t<meta property=\"og:image:width\" content=\"700\" \/>\n\t<meta property=\"og:image:height\" content=\"700\" \/>\n\t<meta property=\"og:image:type\" content=\"image\/png\" \/>\n<meta name=\"twitter:card\" content=\"summary_large_image\" \/>\n<meta name=\"twitter:label1\" content=\"Est. reading time\" \/>\n\t<meta name=\"twitter:data1\" content=\"2 minut\u0117s\" \/>\n<script type=\"application\/ld+json\" class=\"yoast-schema-graph\">{\"@context\":\"https:\/\/schema.org\",\"@graph\":[{\"@type\":\"WebPage\",\"@id\":\"https:\/\/tiandeproducts.co.uk\/lt\/kremas-balzamas-nuo-plikimo-slinkimo-master-herb-500-g\/\",\"url\":\"https:\/\/tiandeproducts.co.uk\/lt\/kremas-balzamas-nuo-plikimo-slinkimo-master-herb-500-g\/\",\"name\":\"Kremas - balzamas nuo plikimo (slinkimo) \\\"Master Herb\\\" 500 g. - TianDe Online Shop - Beauty &amp; Health\",\"isPartOf\":{\"@id\":\"https:\/\/tiandeproducts.co.uk\/#website\"},\"primaryImageOfPage\":{\"@id\":\"https:\/\/tiandeproducts.co.uk\/lt\/kremas-balzamas-nuo-plikimo-slinkimo-master-herb-500-g\/#primaryimage\"},\"image\":{\"@id\":\"https:\/\/tiandeproducts.co.uk\/lt\/kremas-balzamas-nuo-plikimo-slinkimo-master-herb-500-g\/#primaryimage\"},\"thumbnailUrl\":\"https:\/\/tiandeproducts.co.uk\/wp-content\/uploads\/2016\/04\/21311_new.png\",\"datePublished\":\"2016-04-04T14:52:25+00:00\",\"dateModified\":\"2020-04-22T10:50:20+00:00\",\"breadcrumb\":{\"@id\":\"https:\/\/tiandeproducts.co.uk\/lt\/kremas-balzamas-nuo-plikimo-slinkimo-master-herb-500-g\/#breadcrumb\"},\"inLanguage\":\"lt-LT\",\"potentialAction\":[{\"@type\":\"ReadAction\",\"target\":[\"https:\/\/tiandeproducts.co.uk\/lt\/kremas-balzamas-nuo-plikimo-slinkimo-master-herb-500-g\/\"]}]},{\"@type\":\"ImageObject\",\"inLanguage\":\"lt-LT\",\"@id\":\"https:\/\/tiandeproducts.co.uk\/lt\/kremas-balzamas-nuo-plikimo-slinkimo-master-herb-500-g\/#primaryimage\",\"url\":\"https:\/\/tiandeproducts.co.uk\/wp-content\/uploads\/2016\/04\/21311_new.png\",\"contentUrl\":\"https:\/\/tiandeproducts.co.uk\/wp-content\/uploads\/2016\/04\/21311_new.png\",\"width\":700,\"height\":700,\"caption\":\"Master Herb Hair-Loss Reversal Cream Balm,500g-0\"},{\"@type\":\"BreadcrumbList\",\"@id\":\"https:\/\/tiandeproducts.co.uk\/lt\/kremas-balzamas-nuo-plikimo-slinkimo-master-herb-500-g\/#breadcrumb\",\"itemListElement\":[{\"@type\":\"ListItem\",\"position\":1,\"name\":\"Home\",\"item\":\"https:\/\/tiandeproducts.co.uk\/lt\/\"},{\"@type\":\"ListItem\",\"position\":2,\"name\":\"Shop\",\"item\":\"https:\/\/tiandeproducts.co.uk\/lt\/shop-2\/\"},{\"@type\":\"ListItem\",\"position\":3,\"name\":\"Kremas &#8211; balzamas nuo plikimo (slinkimo) &#8220;Master Herb&#8221; 500 g.\"}]},{\"@type\":\"WebSite\",\"@id\":\"https:\/\/tiandeproducts.co.uk\/#website\",\"url\":\"https:\/\/tiandeproducts.co.uk\/\",\"name\":\"TianDe Online Shop - Beauty & Health\",\"description\":\"Traditional Chinese Medicine\",\"potentialAction\":[{\"@type\":\"SearchAction\",\"target\":{\"@type\":\"EntryPoint\",\"urlTemplate\":\"https:\/\/tiandeproducts.co.uk\/?s={search_term_string}\"},\"query-input\":{\"@type\":\"PropertyValueSpecification\",\"valueRequired\":true,\"valueName\":\"search_term_string\"}}],\"inLanguage\":\"lt-LT\"}]}<\/script>\n<!-- \/ Yoast SEO plugin. -->","yoast_head_json":{"title":"Kremas - balzamas nuo plikimo (slinkimo) \"Master Herb\" 500 g. - TianDe Online Shop - Beauty &amp; Health","robots":{"index":"index","follow":"follow","max-snippet":"max-snippet:-1","max-image-preview":"max-image-preview:large","max-video-preview":"max-video-preview:-1"},"canonical":"https:\/\/tiandeproducts.co.uk\/lt\/kremas-balzamas-nuo-plikimo-slinkimo-master-herb-500-g\/","og_locale":"lt_LT","og_type":"article","og_title":"Kremas - balzamas nuo plikimo (slinkimo) \"Master Herb\" 500 g. - TianDe Online Shop - Beauty &amp; Health","og_description":"Net l\u016b\u017ein\u0117jantys, silpni, slenkantys plaukai prad\u0117s spar\u010diau augti, atgaus nat\u016brali\u0105 sveik\u0173 plauk\u0173 i\u0161vaizd\u0105. Unikali, patobulinta balzamo \u2013 kremo formul\u0117 atstatys sveik\u0105 plauk\u0173 augimo cikl\u0105. Tai vyksta d\u0117l tiesioginio aktyvi\u0173 komponent\u0173 poveikio plauk\u0173 folikulams. Balzamas skatina j\u0173 aktyvum\u0105, pagreitina tarpl\u0105stelinius apykaitinius procesus, aktyvina apsaugines galvos odos funkcijas, gerina viso plauko (nuo \u0161akn\u0173 iki galiuk\u0173) strukt\u016br\u0105, akivaizd\u017eiai [...]","og_url":"https:\/\/tiandeproducts.co.uk\/lt\/kremas-balzamas-nuo-plikimo-slinkimo-master-herb-500-g\/","og_site_name":"TianDe Online Shop - Beauty &amp; Health","article_publisher":"https:\/\/www.facebook.com\/tiande.products.england\/","article_modified_time":"2020-04-22T10:50:20+00:00","og_image":[{"width":700,"height":700,"url":"https:\/\/tiandeproducts.co.uk\/wp-content\/uploads\/2016\/04\/21311_new.png","type":"image\/png"}],"twitter_card":"summary_large_image","twitter_misc":{"Est. reading time":"2 minut\u0117s"},"schema":{"@context":"https:\/\/schema.org","@graph":[{"@type":"WebPage","@id":"https:\/\/tiandeproducts.co.uk\/lt\/kremas-balzamas-nuo-plikimo-slinkimo-master-herb-500-g\/","url":"https:\/\/tiandeproducts.co.uk\/lt\/kremas-balzamas-nuo-plikimo-slinkimo-master-herb-500-g\/","name":"Kremas - balzamas nuo plikimo (slinkimo) \"Master Herb\" 500 g. - TianDe Online Shop - Beauty &amp; Health","isPartOf":{"@id":"https:\/\/tiandeproducts.co.uk\/#website"},"primaryImageOfPage":{"@id":"https:\/\/tiandeproducts.co.uk\/lt\/kremas-balzamas-nuo-plikimo-slinkimo-master-herb-500-g\/#primaryimage"},"image":{"@id":"https:\/\/tiandeproducts.co.uk\/lt\/kremas-balzamas-nuo-plikimo-slinkimo-master-herb-500-g\/#primaryimage"},"thumbnailUrl":"https:\/\/tiandeproducts.co.uk\/wp-content\/uploads\/2016\/04\/21311_new.png","datePublished":"2016-04-04T14:52:25+00:00","dateModified":"2020-04-22T10:50:20+00:00","breadcrumb":{"@id":"https:\/\/tiandeproducts.co.uk\/lt\/kremas-balzamas-nuo-plikimo-slinkimo-master-herb-500-g\/#breadcrumb"},"inLanguage":"lt-LT","potentialAction":[{"@type":"ReadAction","target":["https:\/\/tiandeproducts.co.uk\/lt\/kremas-balzamas-nuo-plikimo-slinkimo-master-herb-500-g\/"]}]},{"@type":"ImageObject","inLanguage":"lt-LT","@id":"https:\/\/tiandeproducts.co.uk\/lt\/kremas-balzamas-nuo-plikimo-slinkimo-master-herb-500-g\/#primaryimage","url":"https:\/\/tiandeproducts.co.uk\/wp-content\/uploads\/2016\/04\/21311_new.png","contentUrl":"https:\/\/tiandeproducts.co.uk\/wp-content\/uploads\/2016\/04\/21311_new.png","width":700,"height":700,"caption":"Master Herb Hair-Loss Reversal Cream Balm,500g-0"},{"@type":"BreadcrumbList","@id":"https:\/\/tiandeproducts.co.uk\/lt\/kremas-balzamas-nuo-plikimo-slinkimo-master-herb-500-g\/#breadcrumb","itemListElement":[{"@type":"ListItem","position":1,"name":"Home","item":"https:\/\/tiandeproducts.co.uk\/lt\/"},{"@type":"ListItem","position":2,"name":"Shop","item":"https:\/\/tiandeproducts.co.uk\/lt\/shop-2\/"},{"@type":"ListItem","position":3,"name":"Kremas &#8211; balzamas nuo plikimo (slinkimo) &#8220;Master Herb&#8221; 500 g."}]},{"@type":"WebSite","@id":"https:\/\/tiandeproducts.co.uk\/#website","url":"https:\/\/tiandeproducts.co.uk\/","name":"TianDe Online Shop - Beauty & Health","description":"Traditional Chinese Medicine","potentialAction":[{"@type":"SearchAction","target":{"@type":"EntryPoint","urlTemplate":"https:\/\/tiandeproducts.co.uk\/?s={search_term_string}"},"query-input":{"@type":"PropertyValueSpecification","valueRequired":true,"valueName":"search_term_string"}}],"inLanguage":"lt-LT"}]}},"_links":{"self":[{"href":"https:\/\/tiandeproducts.co.uk\/lt\/wp-json\/wp\/v2\/product\/3702","targetHints":{"allow":["GET"]}}],"collection":[{"href":"https:\/\/tiandeproducts.co.uk\/lt\/wp-json\/wp\/v2\/product"}],"about":[{"href":"https:\/\/tiandeproducts.co.uk\/lt\/wp-json\/wp\/v2\/types\/product"}],"replies":[{"embeddable":true,"href":"https:\/\/tiandeproducts.co.uk\/lt\/wp-json\/wp\/v2\/comments?post=3702"}],"wp:featuredmedia":[{"embeddable":true,"href":"https:\/\/tiandeproducts.co.uk\/lt\/wp-json\/wp\/v2\/media\/454"}],"wp:attachment":[{"href":"https:\/\/tiandeproducts.co.uk\/lt\/wp-json\/wp\/v2\/media?parent=3702"}],"wp:term":[{"taxonomy":"product_cat","embeddable":true,"href":"https:\/\/tiandeproducts.co.uk\/lt\/wp-json\/wp\/v2\/product_cat?post=3702"},{"taxonomy":"product_tag","embeddable":true,"href":"https:\/\/tiandeproducts.co.uk\/lt\/wp-json\/wp\/v2\/product_tag?post=3702"}],"curies":[{"name":"wp","href":"https:\/\/api.w.org\/{rel}","templated":true}]}}