{"id":3701,"date":"2016-04-04T15:55:07","date_gmt":"2016-04-04T14:55:07","guid":{"rendered":"https:\/\/tnd.ontesting.co.uk\/kauke-augimo-aktyvatorius-plaukams-bio-rehab-250-g\/"},"modified":"2023-01-08T13:20:14","modified_gmt":"2023-01-08T13:20:14","slug":"kauke-augimo-aktyvatorius-plaukams-bio-rehab-250-g","status":"publish","type":"product","link":"https:\/\/tiandeproducts.co.uk\/lt\/kauke-augimo-aktyvatorius-plaukams-bio-rehab-250-g\/","title":{"rendered":"Kauk\u0117 \u2013 augimo aktyvatorius plaukams \u201eBio Rehab\u201c 250 g."},"content":{"rendered":"<p>Biologi\u0161kai aktyvios med\u017eiagos (kuri\u0173 sud\u0117tyje yra nat\u016brali\u0173 fitoestrogen\u0173) greitai \u012fsiskverbia \u012f plauko svog\u016bn\u0117l\u012f ir atstato baltymin\u0119 strukt\u016br\u0105, gerina kraujo mikrocirkuliacij\u0105, skatina plauk\u0173 folikul\u0173 aktyvum\u0105 ir nauj\u0173 plauk\u0173 augim\u0105. Priemon\u0117 suteikia kokybi\u0161k\u0105 maitinim\u0105, galvos odos bei plauk\u0173 dr\u0117kinim\u0105, \u0161alina pleiskanas nepa\u017eeisdamas nat\u016bralus pH lygio. Plaukai atgaus nat\u016bral\u0173 \u017evilges\u012f, jie atrodys stipr\u016bs ir gyvybingi.<\/p>\n<p>I\u0161tobulinta kauk\u0117s formul\u0117 stiprina \u0161aknis\u00a0ir atkuria plauko strukt\u016br\u0105 per vis\u0105 jo ilg\u012f. Rekomenduojama naudoti gyvybingum\u0105 praradusiems ar slenkantiems plaukams.<\/p>\n<p><strong>Naudojimas:<\/strong><br \/>\n\u012e \u0161varius ir dr\u0117gnus plaukus \u012ftrinkite nedidel\u012f kiek\u012f kauk\u0117s ir palikite 5-10 min. Didesn\u012f efektyvum\u0105 pasieksite papildomai\u00a0pamasa\u017euodami galvos od\u0105, apdengdami j\u0105 \u0161iltu rank\u0161luos\u010diu 10-20 min. V\u0117liau kruop\u0161\u010diai i\u0161plaukite. Naudokite 2-3 kartus per savait\u0119.<\/p>\n<p><strong>Veikliosios med\u017eiagos:<\/strong><\/p>\n<p><strong>Kaln\u0173 imbiero<\/strong>\u00a0ekstrakto ir Tibeto \u017eoli\u0173 kompleksas &#8211; gerina kraujo mikrocirkuliacij\u0105, naikina pleiskanas (saugo nuo j\u0173 atsiradimo) ir sebor\u0117j\u0105, palaiko visos galvos odos nat\u016bral\u0173 vandens-lipid\u0173 balans\u0105.<\/p>\n<p><strong>\u017den\u0161enio<\/strong>\u00a0sud\u0117tyje gausu vitamin\u0173: E, B1, B21, B12, C, folio r\u016bg\u0161\u010di\u0173, mikroelement\u0173: fosforo, kalio, silicio, gele\u017eies, natrio, mangano, kalcio, cinko, magnio, titano ir kt. \u017den\u0161enis greitina med\u017eiag\u0173 apykait\u0105, puosel\u0117ja ir stiprina plaukus, gali saugoti nuo plikimo, dr\u0117gm\u0117s praradimo ir UV spinduli\u0173. Normalizuoja galvos riebalini\u0173 liauk\u0173 veikl\u0105, stabilizuoja pa\u017eeist\u0105 plauk\u0173 strukt\u016br\u0105, jie tampa gyvybingi, stipr\u016bs, elastingi. Veikliosios med\u017eiagos suteikia plaukams blizgesio ir atsparumo nuo neigiamo aplinkos poveikio.<\/p>\n<p><strong>\u0160ventagar\u0161v\u0117s \u0161aknies ekstraktas<\/strong>\u00a0turi daug vitamin\u0173: A, B3, B12, C, E, ir mineral\u0173: kalcio, gele\u017eies, cinko, magnio, natrio. Tai nat\u016bralus fitoestrogen\u0173 (augaliniai hormonai) \u0161altinis.<\/p>\n<p><strong>Pantenolio (provitamino B5)<\/strong>\u00a0veikliosios med\u017eiagos aktyviai dalyvauja odos l\u0105steli\u0173 atsinaujinimo procesuose, pasi\u017eymi raminan\u010diu, prie\u0161u\u017edegiminiu ir u\u017egydan\u010diu poveikiu, palaiko fiziologin\u012f vandens balans\u0105. Pantenolis gerina galvos odos med\u017eiag\u0173 apykait\u0105, ma\u017eina riebal\u0173 i\u0161siskyrim\u0105 ir mal\u0161ina nie\u017eul\u012f, didina kit\u0173 med\u017eiag\u0173 veiksmingum\u0105 (b\u016bdamas sud\u0117tyje kartu su kitomis med\u017eiagomis). Tai labai svarbi med\u017eiaga, kuri naudojama tikrai kokybi\u0161koje nat\u016bralioje kosmetikoje.<\/p>\n<p><strong>Daugia\u017eied\u017eio kalnie\u010dio \u0161aknis<\/strong>\u00a0(dar vadinama \u0161ou vu) skatina nat\u016bralaus melanino gamyb\u0105, stabdo plauk\u0173 \u017eilim\u0105. Ekstraktas sustiprina plauk\u0173 maitinim\u0105, gr\u0105\u017eina plaukams nat\u016bral\u0173 blizges\u012f.<\/p>\n","protected":false},"excerpt":{"rendered":"<p>Biologi\u0161kai aktyvios med\u017eiagos (kuri\u0173 sud\u0117tyje yra nat\u016brali\u0173 fitoestrogen\u0173) greitai \u012fsiskverbia \u012f plauko svog\u016bn\u0117l\u012f ir atstato baltymin\u0119 strukt\u016br\u0105, gerina kraujo mikrocirkuliacij\u0105, skatina plauk\u0173 folikul\u0173 aktyvum\u0105 ir nauj\u0173 plauk\u0173 augim\u0105. Priemon\u0117 suteikia kokybi\u0161k\u0105 maitinim\u0105, galvos odos bei plauk\u0173 dr\u0117kinim\u0105, \u0161alina pleiskanas nepa\u017eeisdamas nat\u016bralus pH lygio. Plaukai atgaus nat\u016bral\u0173 \u017evilges\u012f, jie atrodys stipr\u016bs ir gyvybingi. I\u0161tobulinta kauk\u0117s formul\u0117 [&#8230;]\n","protected":false},"featured_media":459,"comment_status":"closed","ping_status":"closed","template":"","meta":[],"product_cat":[638,655,634,653],"product_tag":[],"class_list":{"0":"post-3701","1":"product","2":"type-product","3":"status-publish","4":"has-post-thumbnail","6":"product_cat-bio-rehab-lt","7":"product_cat-kaukes-lt-2","8":"product_cat-plaukams","9":"product_cat-plauku-augimo-linija","11":"first","12":"instock","13":"shipping-taxable","14":"purchasable","15":"product-type-simple"},"yoast_head":"<!-- This site is optimized with the Yoast SEO plugin v23.6 - https:\/\/yoast.com\/wordpress\/plugins\/seo\/ -->\n<title>Kauk\u0117 \u2013 augimo aktyvatorius plaukams \u201eBio Rehab\u201c 250 g. - TianDe Online Shop - Beauty &amp; Health<\/title>\n<meta name=\"robots\" content=\"index, follow, max-snippet:-1, max-image-preview:large, max-video-preview:-1\" \/>\n<link rel=\"canonical\" href=\"https:\/\/tiandeproducts.co.uk\/lt\/kauke-augimo-aktyvatorius-plaukams-bio-rehab-250-g\/\" \/>\n<meta property=\"og:locale\" content=\"lt_LT\" \/>\n<meta property=\"og:type\" content=\"article\" \/>\n<meta property=\"og:title\" content=\"Kauk\u0117 \u2013 augimo aktyvatorius plaukams \u201eBio Rehab\u201c 250 g. - TianDe Online Shop - Beauty &amp; Health\" \/>\n<meta property=\"og:description\" content=\"Biologi\u0161kai aktyvios med\u017eiagos (kuri\u0173 sud\u0117tyje yra nat\u016brali\u0173 fitoestrogen\u0173) greitai \u012fsiskverbia \u012f plauko svog\u016bn\u0117l\u012f ir atstato baltymin\u0119 strukt\u016br\u0105, gerina kraujo mikrocirkuliacij\u0105, skatina plauk\u0173 folikul\u0173 aktyvum\u0105 ir nauj\u0173 plauk\u0173 augim\u0105. Priemon\u0117 suteikia kokybi\u0161k\u0105 maitinim\u0105, galvos odos bei plauk\u0173 dr\u0117kinim\u0105, \u0161alina pleiskanas nepa\u017eeisdamas nat\u016bralus pH lygio. Plaukai atgaus nat\u016bral\u0173 \u017evilges\u012f, jie atrodys stipr\u016bs ir gyvybingi. I\u0161tobulinta kauk\u0117s formul\u0117 [...]\" \/>\n<meta property=\"og:url\" content=\"https:\/\/tiandeproducts.co.uk\/lt\/kauke-augimo-aktyvatorius-plaukams-bio-rehab-250-g\/\" \/>\n<meta property=\"og:site_name\" content=\"TianDe Online Shop - Beauty &amp; Health\" \/>\n<meta property=\"article:publisher\" content=\"https:\/\/www.facebook.com\/tiande.products.england\/\" \/>\n<meta property=\"article:modified_time\" content=\"2023-01-08T13:20:14+00:00\" \/>\n<meta property=\"og:image\" content=\"https:\/\/tiandeproducts.co.uk\/wp-content\/uploads\/2016\/04\/23402_new_1_.png\" \/>\n\t<meta property=\"og:image:width\" content=\"700\" \/>\n\t<meta property=\"og:image:height\" content=\"700\" \/>\n\t<meta property=\"og:image:type\" content=\"image\/png\" \/>\n<meta name=\"twitter:card\" content=\"summary_large_image\" \/>\n<meta name=\"twitter:label1\" content=\"Est. reading time\" \/>\n\t<meta name=\"twitter:data1\" content=\"2 minut\u0117s\" \/>\n<script type=\"application\/ld+json\" class=\"yoast-schema-graph\">{\"@context\":\"https:\/\/schema.org\",\"@graph\":[{\"@type\":\"WebPage\",\"@id\":\"https:\/\/tiandeproducts.co.uk\/lt\/kauke-augimo-aktyvatorius-plaukams-bio-rehab-250-g\/\",\"url\":\"https:\/\/tiandeproducts.co.uk\/lt\/kauke-augimo-aktyvatorius-plaukams-bio-rehab-250-g\/\",\"name\":\"Kauk\u0117 \u2013 augimo aktyvatorius plaukams \u201eBio Rehab\u201c 250 g. - TianDe Online Shop - Beauty &amp; Health\",\"isPartOf\":{\"@id\":\"https:\/\/tiandeproducts.co.uk\/#website\"},\"primaryImageOfPage\":{\"@id\":\"https:\/\/tiandeproducts.co.uk\/lt\/kauke-augimo-aktyvatorius-plaukams-bio-rehab-250-g\/#primaryimage\"},\"image\":{\"@id\":\"https:\/\/tiandeproducts.co.uk\/lt\/kauke-augimo-aktyvatorius-plaukams-bio-rehab-250-g\/#primaryimage\"},\"thumbnailUrl\":\"https:\/\/tiandeproducts.co.uk\/wp-content\/uploads\/2016\/04\/23402_new_1_.png\",\"datePublished\":\"2016-04-04T14:55:07+00:00\",\"dateModified\":\"2023-01-08T13:20:14+00:00\",\"breadcrumb\":{\"@id\":\"https:\/\/tiandeproducts.co.uk\/lt\/kauke-augimo-aktyvatorius-plaukams-bio-rehab-250-g\/#breadcrumb\"},\"inLanguage\":\"lt-LT\",\"potentialAction\":[{\"@type\":\"ReadAction\",\"target\":[\"https:\/\/tiandeproducts.co.uk\/lt\/kauke-augimo-aktyvatorius-plaukams-bio-rehab-250-g\/\"]}]},{\"@type\":\"ImageObject\",\"inLanguage\":\"lt-LT\",\"@id\":\"https:\/\/tiandeproducts.co.uk\/lt\/kauke-augimo-aktyvatorius-plaukams-bio-rehab-250-g\/#primaryimage\",\"url\":\"https:\/\/tiandeproducts.co.uk\/wp-content\/uploads\/2016\/04\/23402_new_1_.png\",\"contentUrl\":\"https:\/\/tiandeproducts.co.uk\/wp-content\/uploads\/2016\/04\/23402_new_1_.png\",\"width\":700,\"height\":700,\"caption\":\"Bio Rehab Hair Growth Activator Mask,Power in length,250g-0\"},{\"@type\":\"BreadcrumbList\",\"@id\":\"https:\/\/tiandeproducts.co.uk\/lt\/kauke-augimo-aktyvatorius-plaukams-bio-rehab-250-g\/#breadcrumb\",\"itemListElement\":[{\"@type\":\"ListItem\",\"position\":1,\"name\":\"Home\",\"item\":\"https:\/\/tiandeproducts.co.uk\/lt\/\"},{\"@type\":\"ListItem\",\"position\":2,\"name\":\"Shop\",\"item\":\"https:\/\/tiandeproducts.co.uk\/lt\/shop-2\/\"},{\"@type\":\"ListItem\",\"position\":3,\"name\":\"Kauk\u0117 \u2013 augimo aktyvatorius plaukams \u201eBio Rehab\u201c 250 g.\"}]},{\"@type\":\"WebSite\",\"@id\":\"https:\/\/tiandeproducts.co.uk\/#website\",\"url\":\"https:\/\/tiandeproducts.co.uk\/\",\"name\":\"TianDe Online Shop - Beauty & Health\",\"description\":\"Traditional Chinese Medicine\",\"potentialAction\":[{\"@type\":\"SearchAction\",\"target\":{\"@type\":\"EntryPoint\",\"urlTemplate\":\"https:\/\/tiandeproducts.co.uk\/?s={search_term_string}\"},\"query-input\":{\"@type\":\"PropertyValueSpecification\",\"valueRequired\":true,\"valueName\":\"search_term_string\"}}],\"inLanguage\":\"lt-LT\"}]}<\/script>\n<!-- \/ Yoast SEO plugin. -->","yoast_head_json":{"title":"Kauk\u0117 \u2013 augimo aktyvatorius plaukams \u201eBio Rehab\u201c 250 g. - TianDe Online Shop - Beauty &amp; Health","robots":{"index":"index","follow":"follow","max-snippet":"max-snippet:-1","max-image-preview":"max-image-preview:large","max-video-preview":"max-video-preview:-1"},"canonical":"https:\/\/tiandeproducts.co.uk\/lt\/kauke-augimo-aktyvatorius-plaukams-bio-rehab-250-g\/","og_locale":"lt_LT","og_type":"article","og_title":"Kauk\u0117 \u2013 augimo aktyvatorius plaukams \u201eBio Rehab\u201c 250 g. - TianDe Online Shop - Beauty &amp; Health","og_description":"Biologi\u0161kai aktyvios med\u017eiagos (kuri\u0173 sud\u0117tyje yra nat\u016brali\u0173 fitoestrogen\u0173) greitai \u012fsiskverbia \u012f plauko svog\u016bn\u0117l\u012f ir atstato baltymin\u0119 strukt\u016br\u0105, gerina kraujo mikrocirkuliacij\u0105, skatina plauk\u0173 folikul\u0173 aktyvum\u0105 ir nauj\u0173 plauk\u0173 augim\u0105. Priemon\u0117 suteikia kokybi\u0161k\u0105 maitinim\u0105, galvos odos bei plauk\u0173 dr\u0117kinim\u0105, \u0161alina pleiskanas nepa\u017eeisdamas nat\u016bralus pH lygio. Plaukai atgaus nat\u016bral\u0173 \u017evilges\u012f, jie atrodys stipr\u016bs ir gyvybingi. I\u0161tobulinta kauk\u0117s formul\u0117 [...]","og_url":"https:\/\/tiandeproducts.co.uk\/lt\/kauke-augimo-aktyvatorius-plaukams-bio-rehab-250-g\/","og_site_name":"TianDe Online Shop - Beauty &amp; Health","article_publisher":"https:\/\/www.facebook.com\/tiande.products.england\/","article_modified_time":"2023-01-08T13:20:14+00:00","og_image":[{"width":700,"height":700,"url":"https:\/\/tiandeproducts.co.uk\/wp-content\/uploads\/2016\/04\/23402_new_1_.png","type":"image\/png"}],"twitter_card":"summary_large_image","twitter_misc":{"Est. reading time":"2 minut\u0117s"},"schema":{"@context":"https:\/\/schema.org","@graph":[{"@type":"WebPage","@id":"https:\/\/tiandeproducts.co.uk\/lt\/kauke-augimo-aktyvatorius-plaukams-bio-rehab-250-g\/","url":"https:\/\/tiandeproducts.co.uk\/lt\/kauke-augimo-aktyvatorius-plaukams-bio-rehab-250-g\/","name":"Kauk\u0117 \u2013 augimo aktyvatorius plaukams \u201eBio Rehab\u201c 250 g. - TianDe Online Shop - Beauty &amp; Health","isPartOf":{"@id":"https:\/\/tiandeproducts.co.uk\/#website"},"primaryImageOfPage":{"@id":"https:\/\/tiandeproducts.co.uk\/lt\/kauke-augimo-aktyvatorius-plaukams-bio-rehab-250-g\/#primaryimage"},"image":{"@id":"https:\/\/tiandeproducts.co.uk\/lt\/kauke-augimo-aktyvatorius-plaukams-bio-rehab-250-g\/#primaryimage"},"thumbnailUrl":"https:\/\/tiandeproducts.co.uk\/wp-content\/uploads\/2016\/04\/23402_new_1_.png","datePublished":"2016-04-04T14:55:07+00:00","dateModified":"2023-01-08T13:20:14+00:00","breadcrumb":{"@id":"https:\/\/tiandeproducts.co.uk\/lt\/kauke-augimo-aktyvatorius-plaukams-bio-rehab-250-g\/#breadcrumb"},"inLanguage":"lt-LT","potentialAction":[{"@type":"ReadAction","target":["https:\/\/tiandeproducts.co.uk\/lt\/kauke-augimo-aktyvatorius-plaukams-bio-rehab-250-g\/"]}]},{"@type":"ImageObject","inLanguage":"lt-LT","@id":"https:\/\/tiandeproducts.co.uk\/lt\/kauke-augimo-aktyvatorius-plaukams-bio-rehab-250-g\/#primaryimage","url":"https:\/\/tiandeproducts.co.uk\/wp-content\/uploads\/2016\/04\/23402_new_1_.png","contentUrl":"https:\/\/tiandeproducts.co.uk\/wp-content\/uploads\/2016\/04\/23402_new_1_.png","width":700,"height":700,"caption":"Bio Rehab Hair Growth Activator Mask,Power in length,250g-0"},{"@type":"BreadcrumbList","@id":"https:\/\/tiandeproducts.co.uk\/lt\/kauke-augimo-aktyvatorius-plaukams-bio-rehab-250-g\/#breadcrumb","itemListElement":[{"@type":"ListItem","position":1,"name":"Home","item":"https:\/\/tiandeproducts.co.uk\/lt\/"},{"@type":"ListItem","position":2,"name":"Shop","item":"https:\/\/tiandeproducts.co.uk\/lt\/shop-2\/"},{"@type":"ListItem","position":3,"name":"Kauk\u0117 \u2013 augimo aktyvatorius plaukams \u201eBio Rehab\u201c 250 g."}]},{"@type":"WebSite","@id":"https:\/\/tiandeproducts.co.uk\/#website","url":"https:\/\/tiandeproducts.co.uk\/","name":"TianDe Online Shop - Beauty & Health","description":"Traditional Chinese Medicine","potentialAction":[{"@type":"SearchAction","target":{"@type":"EntryPoint","urlTemplate":"https:\/\/tiandeproducts.co.uk\/?s={search_term_string}"},"query-input":{"@type":"PropertyValueSpecification","valueRequired":true,"valueName":"search_term_string"}}],"inLanguage":"lt-LT"}]}},"_links":{"self":[{"href":"https:\/\/tiandeproducts.co.uk\/lt\/wp-json\/wp\/v2\/product\/3701","targetHints":{"allow":["GET"]}}],"collection":[{"href":"https:\/\/tiandeproducts.co.uk\/lt\/wp-json\/wp\/v2\/product"}],"about":[{"href":"https:\/\/tiandeproducts.co.uk\/lt\/wp-json\/wp\/v2\/types\/product"}],"replies":[{"embeddable":true,"href":"https:\/\/tiandeproducts.co.uk\/lt\/wp-json\/wp\/v2\/comments?post=3701"}],"wp:featuredmedia":[{"embeddable":true,"href":"https:\/\/tiandeproducts.co.uk\/lt\/wp-json\/wp\/v2\/media\/459"}],"wp:attachment":[{"href":"https:\/\/tiandeproducts.co.uk\/lt\/wp-json\/wp\/v2\/media?parent=3701"}],"wp:term":[{"taxonomy":"product_cat","embeddable":true,"href":"https:\/\/tiandeproducts.co.uk\/lt\/wp-json\/wp\/v2\/product_cat?post=3701"},{"taxonomy":"product_tag","embeddable":true,"href":"https:\/\/tiandeproducts.co.uk\/lt\/wp-json\/wp\/v2\/product_tag?post=3701"}],"curies":[{"name":"wp","href":"https:\/\/api.w.org\/{rel}","templated":true}]}}