{"id":3700,"date":"2016-04-04T15:59:21","date_gmt":"2016-04-04T14:59:21","guid":{"rendered":"https:\/\/tnd.ontesting.co.uk\/rinkinys-su-zensenio-ekstraktu-sampunas-220-g-ir-kauke-100-g\/"},"modified":"2020-01-02T21:58:10","modified_gmt":"2020-01-02T21:58:10","slug":"rinkinys-su-zensenio-ekstraktu-sampunas-220-g-ir-kauke-100-g","status":"publish","type":"product","link":"https:\/\/tiandeproducts.co.uk\/lt\/rinkinys-su-zensenio-ekstraktu-sampunas-220-g-ir-kauke-100-g\/","title":{"rendered":"Rinkinys su \u017een\u0161enio ekstraktu (\u0161amp\u016bnas 220 g. ir kauk\u0117 100 g.)"},"content":{"rendered":"<p>\u0160amp\u016bnas &#8211; atkuria pa\u017eeistus plaukus, stiprina j\u0173 \u0161aknis, skatina augim\u0105, u\u017ekerta keli\u0105 pleiskanoms, apsaugo nuo riebalavimosi. Kauk\u0117 &#8211; aktyviai maitina, saugo nuo dr\u0117gm\u0117s praradimo ir negatyvaus UV poveikio. Puiki priemon\u0117 tiek \u017eiem\u0105 tiek vasar\u0105. Ypa\u010d rekomenduojama silpniems plaukams. Plaukai atrodys sveiki ir stipr\u016bs. Rinkinys lengvas, kompakti\u0161kas (vienas \u012fpakavimas), patogus kelion\u0117s metu. Tinka vis\u0173 tip\u0173 plaukams.<\/p>\n<p>Rinkinys puikiai tinka \u0161altos \u017eiemos s\u0105lygomis &#8211; ypatingai kokybi\u0161kai maitina, taip pat ir kar\u0161tos vasaros periodu, kada aktyviosios kauk\u0117s med\u017eiagos kruop\u0161\u010diai saugo plaukus nuo dr\u0117gm\u0117s praradimo ir negatyvaus aplinkos poveikio. Kauk\u0117 padidina plauko svog\u016bn\u0117lio mikrocirkuliacij\u0105, apr\u016bpina j\u012f deguonimi, tod\u0117l atstato net pa\u017eeisto plauko \u0161erd\u012f. Reguliariai naudojant\u00a0tiek \u0161amp\u016bn\u0105 tiek kauk\u0119\u00a0plaukai nat\u016braliai blizg\u0117s, bus \u0161veln\u016bs, lengvai \u0161ukuosis, nesielektrins.<\/p>\n<p><strong>Veikliosios med\u017eiagos:<\/strong><\/p>\n<p><strong>\u017den\u0161enio<\/strong>\u00a0sud\u0117tyje gausu vitamin\u0173: E, B1, B21, B12, C, folio r\u016bg\u0161\u010di\u0173, mikroelement\u0173: fosforo, kalio, silicio, gele\u017eies, natrio, mangano, kalcio, cinko, magnio, titano ir kt. \u017den\u0161enis greitina med\u017eiag\u0173 apykait\u0105, puosel\u0117ja ir stiprina plaukus, gali saugoti nuo plikimo, dr\u0117gm\u0117s praradimo ir UV spinduli\u0173. Normalizuoja galvos riebalini\u0173 liauk\u0173 veikl\u0105.<\/p>\n<p><strong>Daugia\u017eied\u017eio kalnie\u010dio \u0161aknis<\/strong>\u00a0(dar vadinama \u0161ou vu) skatina nat\u016bralaus melanino gamyb\u0105, stabdo plauk\u0173 \u017eilim\u0105. Ekstraktas sustiprina plauk\u0173 maitinim\u0105, gr\u0105\u017eina plaukams nat\u016bral\u0173 blizges\u012f.<\/p>\n<p><strong>Pantenolio<\/strong>\u00a0(provitamino B5) veikliosios med\u017eiagos aktyviai dalyvauja odos l\u0105steli\u0173 atsinaujinimo procesuose, pasi\u017eymi raminan\u010diu, prie\u0161u\u017edegiminiu ir u\u017egydan\u010diu poveikiu, palaiko fiziologin\u012f vandens balans\u0105. Pantenolis gerina galvos odos med\u017eiag\u0173 apykait\u0105, ma\u017eina riebal\u0173 i\u0161siskyrim\u0105 ir mal\u0161ina nie\u017eul\u012f, didina kit\u0173 med\u017eiag\u0173 veiksmingum\u0105 (b\u016bdamas sud\u0117tyje kartu su kitomis med\u017eiagomis). Tai labai svarbi med\u017eiaga, kuri naudojama tikrai kokybi\u0161koje nat\u016bralioje kosmetikoje.<\/p>\n<p><strong>\u010ciobreli\u0173 aliejus<\/strong>\u00a0&#8211; u\u017egydo \u017eaizdeles, efektyviai veikia odos susirgimus, pasi\u017eymi prie\u0161grybeliniu veikimu, stiprina plaukus.<\/p>\n<p><strong>Lanolinas<\/strong>\u00a0maitina ir mink\u0161tina galvos od\u0105, veikia kaip antistatikas, turi kondicionuojan\u010di\u0173 s\u0105vybi\u0173.<\/p>\n<p><strong>Cinko piritionas<\/strong>\u00a0pasi\u017eymi prie\u0161grybeliniu ir antibakteriniu poveikiu. \u0160iuo metu cinko piritionas yra viena i\u0161 labiausiai naudojam\u0173 ir pripa\u017eint\u0173 veikli\u0173j\u0173 med\u017eiag\u0173, kuri ma\u017eina odos paraudimus ir nie\u017e\u0117jim\u0105, greitai ir efektyviai pa\u0161alina tiek riebias tiek sausas pleiskanas, apsaugo nuo j\u0173 pasikartojimo.<\/p>\n<p><strong>Perl\u0173 ekstraktas<\/strong>\u00a0saugo nuo negatyvaus laisv\u0173j\u0173 radikal\u0173 poveikio, stabdo prie\u0161laikinius l\u0105steli\u0173 sen\u0117jimo procesus. Tai koncentruotas, ypa\u010d gerai pasisavinamo kalcio \u0161altinis, kuriame gausu antioksidant\u0173, aminor\u016bg\u0161\u010di\u0173 ir mineral\u0173.<\/p>\n","protected":false},"excerpt":{"rendered":"<p>\u0160amp\u016bnas &#8211; atkuria pa\u017eeistus plaukus, stiprina j\u0173 \u0161aknis, skatina augim\u0105, u\u017ekerta keli\u0105 pleiskanoms, apsaugo nuo riebalavimosi. Kauk\u0117 &#8211; aktyviai maitina, saugo nuo dr\u0117gm\u0117s praradimo ir negatyvaus UV poveikio. Puiki priemon\u0117 tiek \u017eiem\u0105 tiek vasar\u0105. Ypa\u010d rekomenduojama silpniems plaukams. Plaukai atrodys sveiki ir stipr\u016bs. Rinkinys lengvas, kompakti\u0161kas (vienas \u012fpakavimas), patogus kelion\u0117s metu. Tinka vis\u0173 tip\u0173 plaukams. [&#8230;]\n","protected":false},"featured_media":468,"comment_status":"closed","ping_status":"closed","template":"","meta":[],"product_cat":[652,854,655,634,676,672],"product_tag":[],"class_list":{"0":"post-3700","1":"product","2":"type-product","3":"status-publish","4":"has-post-thumbnail","6":"product_cat-ginseng-lt","7":"product_cat-gyvibingumasenergija","8":"product_cat-kaukes-lt-2","9":"product_cat-plaukams","10":"product_cat-plauku-apsauga","11":"product_cat-sampunai","13":"first","14":"instock","15":"shipping-taxable","16":"purchasable","17":"product-type-simple"},"yoast_head":"<!-- This site is optimized with the Yoast SEO plugin v23.6 - https:\/\/yoast.com\/wordpress\/plugins\/seo\/ -->\n<title>Rinkinys su \u017een\u0161enio ekstraktu (\u0161amp\u016bnas 220 g. ir kauk\u0117 100 g.) - TianDe Online Shop - Beauty &amp; Health<\/title>\n<meta name=\"robots\" content=\"index, follow, max-snippet:-1, max-image-preview:large, max-video-preview:-1\" \/>\n<link rel=\"canonical\" href=\"https:\/\/tiandeproducts.co.uk\/lt\/rinkinys-su-zensenio-ekstraktu-sampunas-220-g-ir-kauke-100-g\/\" \/>\n<meta property=\"og:locale\" content=\"lt_LT\" \/>\n<meta property=\"og:type\" content=\"article\" \/>\n<meta property=\"og:title\" content=\"Rinkinys su \u017een\u0161enio ekstraktu (\u0161amp\u016bnas 220 g. ir kauk\u0117 100 g.) - TianDe Online Shop - Beauty &amp; Health\" \/>\n<meta property=\"og:description\" content=\"\u0160amp\u016bnas &#8211; atkuria pa\u017eeistus plaukus, stiprina j\u0173 \u0161aknis, skatina augim\u0105, u\u017ekerta keli\u0105 pleiskanoms, apsaugo nuo riebalavimosi. Kauk\u0117 &#8211; aktyviai maitina, saugo nuo dr\u0117gm\u0117s praradimo ir negatyvaus UV poveikio. Puiki priemon\u0117 tiek \u017eiem\u0105 tiek vasar\u0105. Ypa\u010d rekomenduojama silpniems plaukams. Plaukai atrodys sveiki ir stipr\u016bs. Rinkinys lengvas, kompakti\u0161kas (vienas \u012fpakavimas), patogus kelion\u0117s metu. Tinka vis\u0173 tip\u0173 plaukams. [...]\" \/>\n<meta property=\"og:url\" content=\"https:\/\/tiandeproducts.co.uk\/lt\/rinkinys-su-zensenio-ekstraktu-sampunas-220-g-ir-kauke-100-g\/\" \/>\n<meta property=\"og:site_name\" content=\"TianDe Online Shop - Beauty &amp; Health\" \/>\n<meta property=\"article:publisher\" content=\"https:\/\/www.facebook.com\/tiande.products.england\/\" \/>\n<meta property=\"article:modified_time\" content=\"2020-01-02T21:58:10+00:00\" \/>\n<meta property=\"og:image\" content=\"https:\/\/tiandeproducts.co.uk\/wp-content\/uploads\/2016\/04\/20101_new.png\" \/>\n\t<meta property=\"og:image:width\" content=\"700\" \/>\n\t<meta property=\"og:image:height\" content=\"700\" \/>\n\t<meta property=\"og:image:type\" content=\"image\/png\" \/>\n<meta name=\"twitter:card\" content=\"summary_large_image\" \/>\n<meta name=\"twitter:label1\" content=\"Est. reading time\" \/>\n\t<meta name=\"twitter:data1\" content=\"2 minut\u0117s\" \/>\n<script type=\"application\/ld+json\" class=\"yoast-schema-graph\">{\"@context\":\"https:\/\/schema.org\",\"@graph\":[{\"@type\":\"WebPage\",\"@id\":\"https:\/\/tiandeproducts.co.uk\/lt\/rinkinys-su-zensenio-ekstraktu-sampunas-220-g-ir-kauke-100-g\/\",\"url\":\"https:\/\/tiandeproducts.co.uk\/lt\/rinkinys-su-zensenio-ekstraktu-sampunas-220-g-ir-kauke-100-g\/\",\"name\":\"Rinkinys su \u017een\u0161enio ekstraktu (\u0161amp\u016bnas 220 g. ir kauk\u0117 100 g.) - TianDe Online Shop - Beauty &amp; Health\",\"isPartOf\":{\"@id\":\"https:\/\/tiandeproducts.co.uk\/#website\"},\"primaryImageOfPage\":{\"@id\":\"https:\/\/tiandeproducts.co.uk\/lt\/rinkinys-su-zensenio-ekstraktu-sampunas-220-g-ir-kauke-100-g\/#primaryimage\"},\"image\":{\"@id\":\"https:\/\/tiandeproducts.co.uk\/lt\/rinkinys-su-zensenio-ekstraktu-sampunas-220-g-ir-kauke-100-g\/#primaryimage\"},\"thumbnailUrl\":\"https:\/\/tiandeproducts.co.uk\/wp-content\/uploads\/2016\/04\/20101_new.png\",\"datePublished\":\"2016-04-04T14:59:21+00:00\",\"dateModified\":\"2020-01-02T21:58:10+00:00\",\"breadcrumb\":{\"@id\":\"https:\/\/tiandeproducts.co.uk\/lt\/rinkinys-su-zensenio-ekstraktu-sampunas-220-g-ir-kauke-100-g\/#breadcrumb\"},\"inLanguage\":\"lt-LT\",\"potentialAction\":[{\"@type\":\"ReadAction\",\"target\":[\"https:\/\/tiandeproducts.co.uk\/lt\/rinkinys-su-zensenio-ekstraktu-sampunas-220-g-ir-kauke-100-g\/\"]}]},{\"@type\":\"ImageObject\",\"inLanguage\":\"lt-LT\",\"@id\":\"https:\/\/tiandeproducts.co.uk\/lt\/rinkinys-su-zensenio-ekstraktu-sampunas-220-g-ir-kauke-100-g\/#primaryimage\",\"url\":\"https:\/\/tiandeproducts.co.uk\/wp-content\/uploads\/2016\/04\/20101_new.png\",\"contentUrl\":\"https:\/\/tiandeproducts.co.uk\/wp-content\/uploads\/2016\/04\/20101_new.png\",\"width\":700,\"height\":700,\"caption\":\"Ginseng Shampoo & Mask,Comprehensive hair repair,220g+100g-0\"},{\"@type\":\"BreadcrumbList\",\"@id\":\"https:\/\/tiandeproducts.co.uk\/lt\/rinkinys-su-zensenio-ekstraktu-sampunas-220-g-ir-kauke-100-g\/#breadcrumb\",\"itemListElement\":[{\"@type\":\"ListItem\",\"position\":1,\"name\":\"Home\",\"item\":\"https:\/\/tiandeproducts.co.uk\/lt\/\"},{\"@type\":\"ListItem\",\"position\":2,\"name\":\"Shop\",\"item\":\"https:\/\/tiandeproducts.co.uk\/lt\/shop-2\/\"},{\"@type\":\"ListItem\",\"position\":3,\"name\":\"Rinkinys su \u017een\u0161enio ekstraktu (\u0161amp\u016bnas 220 g. ir kauk\u0117 100 g.)\"}]},{\"@type\":\"WebSite\",\"@id\":\"https:\/\/tiandeproducts.co.uk\/#website\",\"url\":\"https:\/\/tiandeproducts.co.uk\/\",\"name\":\"TianDe Online Shop - Beauty & Health\",\"description\":\"Traditional Chinese Medicine\",\"potentialAction\":[{\"@type\":\"SearchAction\",\"target\":{\"@type\":\"EntryPoint\",\"urlTemplate\":\"https:\/\/tiandeproducts.co.uk\/?s={search_term_string}\"},\"query-input\":{\"@type\":\"PropertyValueSpecification\",\"valueRequired\":true,\"valueName\":\"search_term_string\"}}],\"inLanguage\":\"lt-LT\"}]}<\/script>\n<!-- \/ Yoast SEO plugin. -->","yoast_head_json":{"title":"Rinkinys su \u017een\u0161enio ekstraktu (\u0161amp\u016bnas 220 g. ir kauk\u0117 100 g.) - TianDe Online Shop - Beauty &amp; Health","robots":{"index":"index","follow":"follow","max-snippet":"max-snippet:-1","max-image-preview":"max-image-preview:large","max-video-preview":"max-video-preview:-1"},"canonical":"https:\/\/tiandeproducts.co.uk\/lt\/rinkinys-su-zensenio-ekstraktu-sampunas-220-g-ir-kauke-100-g\/","og_locale":"lt_LT","og_type":"article","og_title":"Rinkinys su \u017een\u0161enio ekstraktu (\u0161amp\u016bnas 220 g. ir kauk\u0117 100 g.) - TianDe Online Shop - Beauty &amp; Health","og_description":"\u0160amp\u016bnas &#8211; atkuria pa\u017eeistus plaukus, stiprina j\u0173 \u0161aknis, skatina augim\u0105, u\u017ekerta keli\u0105 pleiskanoms, apsaugo nuo riebalavimosi. Kauk\u0117 &#8211; aktyviai maitina, saugo nuo dr\u0117gm\u0117s praradimo ir negatyvaus UV poveikio. Puiki priemon\u0117 tiek \u017eiem\u0105 tiek vasar\u0105. Ypa\u010d rekomenduojama silpniems plaukams. Plaukai atrodys sveiki ir stipr\u016bs. Rinkinys lengvas, kompakti\u0161kas (vienas \u012fpakavimas), patogus kelion\u0117s metu. Tinka vis\u0173 tip\u0173 plaukams. [...]","og_url":"https:\/\/tiandeproducts.co.uk\/lt\/rinkinys-su-zensenio-ekstraktu-sampunas-220-g-ir-kauke-100-g\/","og_site_name":"TianDe Online Shop - Beauty &amp; Health","article_publisher":"https:\/\/www.facebook.com\/tiande.products.england\/","article_modified_time":"2020-01-02T21:58:10+00:00","og_image":[{"width":700,"height":700,"url":"https:\/\/tiandeproducts.co.uk\/wp-content\/uploads\/2016\/04\/20101_new.png","type":"image\/png"}],"twitter_card":"summary_large_image","twitter_misc":{"Est. reading time":"2 minut\u0117s"},"schema":{"@context":"https:\/\/schema.org","@graph":[{"@type":"WebPage","@id":"https:\/\/tiandeproducts.co.uk\/lt\/rinkinys-su-zensenio-ekstraktu-sampunas-220-g-ir-kauke-100-g\/","url":"https:\/\/tiandeproducts.co.uk\/lt\/rinkinys-su-zensenio-ekstraktu-sampunas-220-g-ir-kauke-100-g\/","name":"Rinkinys su \u017een\u0161enio ekstraktu (\u0161amp\u016bnas 220 g. ir kauk\u0117 100 g.) - TianDe Online Shop - Beauty &amp; Health","isPartOf":{"@id":"https:\/\/tiandeproducts.co.uk\/#website"},"primaryImageOfPage":{"@id":"https:\/\/tiandeproducts.co.uk\/lt\/rinkinys-su-zensenio-ekstraktu-sampunas-220-g-ir-kauke-100-g\/#primaryimage"},"image":{"@id":"https:\/\/tiandeproducts.co.uk\/lt\/rinkinys-su-zensenio-ekstraktu-sampunas-220-g-ir-kauke-100-g\/#primaryimage"},"thumbnailUrl":"https:\/\/tiandeproducts.co.uk\/wp-content\/uploads\/2016\/04\/20101_new.png","datePublished":"2016-04-04T14:59:21+00:00","dateModified":"2020-01-02T21:58:10+00:00","breadcrumb":{"@id":"https:\/\/tiandeproducts.co.uk\/lt\/rinkinys-su-zensenio-ekstraktu-sampunas-220-g-ir-kauke-100-g\/#breadcrumb"},"inLanguage":"lt-LT","potentialAction":[{"@type":"ReadAction","target":["https:\/\/tiandeproducts.co.uk\/lt\/rinkinys-su-zensenio-ekstraktu-sampunas-220-g-ir-kauke-100-g\/"]}]},{"@type":"ImageObject","inLanguage":"lt-LT","@id":"https:\/\/tiandeproducts.co.uk\/lt\/rinkinys-su-zensenio-ekstraktu-sampunas-220-g-ir-kauke-100-g\/#primaryimage","url":"https:\/\/tiandeproducts.co.uk\/wp-content\/uploads\/2016\/04\/20101_new.png","contentUrl":"https:\/\/tiandeproducts.co.uk\/wp-content\/uploads\/2016\/04\/20101_new.png","width":700,"height":700,"caption":"Ginseng Shampoo & Mask,Comprehensive hair repair,220g+100g-0"},{"@type":"BreadcrumbList","@id":"https:\/\/tiandeproducts.co.uk\/lt\/rinkinys-su-zensenio-ekstraktu-sampunas-220-g-ir-kauke-100-g\/#breadcrumb","itemListElement":[{"@type":"ListItem","position":1,"name":"Home","item":"https:\/\/tiandeproducts.co.uk\/lt\/"},{"@type":"ListItem","position":2,"name":"Shop","item":"https:\/\/tiandeproducts.co.uk\/lt\/shop-2\/"},{"@type":"ListItem","position":3,"name":"Rinkinys su \u017een\u0161enio ekstraktu (\u0161amp\u016bnas 220 g. ir kauk\u0117 100 g.)"}]},{"@type":"WebSite","@id":"https:\/\/tiandeproducts.co.uk\/#website","url":"https:\/\/tiandeproducts.co.uk\/","name":"TianDe Online Shop - Beauty & Health","description":"Traditional Chinese Medicine","potentialAction":[{"@type":"SearchAction","target":{"@type":"EntryPoint","urlTemplate":"https:\/\/tiandeproducts.co.uk\/?s={search_term_string}"},"query-input":{"@type":"PropertyValueSpecification","valueRequired":true,"valueName":"search_term_string"}}],"inLanguage":"lt-LT"}]}},"_links":{"self":[{"href":"https:\/\/tiandeproducts.co.uk\/lt\/wp-json\/wp\/v2\/product\/3700","targetHints":{"allow":["GET"]}}],"collection":[{"href":"https:\/\/tiandeproducts.co.uk\/lt\/wp-json\/wp\/v2\/product"}],"about":[{"href":"https:\/\/tiandeproducts.co.uk\/lt\/wp-json\/wp\/v2\/types\/product"}],"replies":[{"embeddable":true,"href":"https:\/\/tiandeproducts.co.uk\/lt\/wp-json\/wp\/v2\/comments?post=3700"}],"wp:featuredmedia":[{"embeddable":true,"href":"https:\/\/tiandeproducts.co.uk\/lt\/wp-json\/wp\/v2\/media\/468"}],"wp:attachment":[{"href":"https:\/\/tiandeproducts.co.uk\/lt\/wp-json\/wp\/v2\/media?parent=3700"}],"wp:term":[{"taxonomy":"product_cat","embeddable":true,"href":"https:\/\/tiandeproducts.co.uk\/lt\/wp-json\/wp\/v2\/product_cat?post=3700"},{"taxonomy":"product_tag","embeddable":true,"href":"https:\/\/tiandeproducts.co.uk\/lt\/wp-json\/wp\/v2\/product_tag?post=3700"}],"curies":[{"name":"wp","href":"https:\/\/api.w.org\/{rel}","templated":true}]}}