{"id":3699,"date":"2016-04-04T16:11:36","date_gmt":"2016-04-04T15:11:36","guid":{"rendered":"https:\/\/tnd.ontesting.co.uk\/maitinantis-sampunas-su-zensenio-saknimi-450-ml\/"},"modified":"2020-02-16T14:27:12","modified_gmt":"2020-02-16T14:27:12","slug":"maitinantis-sampunas-su-zensenio-saknimi-450-ml","status":"publish","type":"product","link":"https:\/\/tiandeproducts.co.uk\/lt\/maitinantis-sampunas-su-zensenio-saknimi-450-ml\/","title":{"rendered":"Maitinantis \u0161amp\u016bnas su \u017een\u0161enio \u0161aknimi 450 ml."},"content":{"rendered":"<p>\u017den\u0161enis- gyvyb\u0117s \u0161aknis, \u017einomas kaip pats did\u017eiausias adaptogenas. Sud\u0117tyje esantis \u017een\u0161enio ekstraktas stimuliuoja imunin\u0119 sistem\u0105, plauk\u0173 augim\u0105, atstato pa\u017eeist\u0173 plauk\u0173 strukt\u016br\u0105, apsaugo nuo pleiskan\u0173 atsiradimo. Ypa\u010d tinka chemi\u0161kai pa\u017eeist\u0173 plon\u0173 plauk\u0173 prie\u017ei\u016brai. \u0160amp\u016bnas suteikia stipryb\u0117s, blizgesio ir \u017eavesio. Tinka naudoti kasdien.\u200b Kartu rekomenduojame tianDe plauk\u0173 balzam\u0105 su \u017een\u0161enio \u0161aknimi.<\/p>\n<p><strong>Veikliosios med\u017eiagos:<\/strong><\/p>\n<p><strong>\u017den\u0161enis<\/strong>\u00a0&#8211; gyvyb\u0117s \u0161aknis, \u017einomas kaip pats did\u017eiausias adaptogenas. Apie vertingas gydom\u0105sias savybes \u017emonija \u017einojo jau prie\u0161 kelis t\u016bkstan\u010dius met\u0173. Sp\u0117jama, kad \u0161io augalo \u0161aknys gali i\u0161likti gyvybingos iki 400 met\u0173. \u017den\u0161enio sud\u0117tyje gausu vitamin\u0173: E, B1, B21, B12, C, folio r\u016bg\u0161\u010di\u0173, mikroelement\u0173: fosforo, kalio, silicio, gele\u017eies, natrio, mangano, kalcio, cinko, magnio, titano ir kt. \u012erodyta, kad jis ne tik stabdo plauk\u0173 slinkim\u0105, puosel\u0117ja ir stiprina plaukus, bet gali saugoti nuo plikimo, dr\u0117gm\u0117s praradimo ir UV spinduli\u0173.<\/p>\n","protected":false},"excerpt":{"rendered":"<p>\u017den\u0161enis- gyvyb\u0117s \u0161aknis, \u017einomas kaip pats did\u017eiausias adaptogenas. Sud\u0117tyje esantis \u017een\u0161enio ekstraktas stimuliuoja imunin\u0119 sistem\u0105, plauk\u0173 augim\u0105, atstato pa\u017eeist\u0173 plauk\u0173 strukt\u016br\u0105, apsaugo nuo pleiskan\u0173 atsiradimo. Ypa\u010d tinka chemi\u0161kai pa\u017eeist\u0173 plon\u0173 plauk\u0173 prie\u017ei\u016brai. \u0160amp\u016bnas suteikia stipryb\u0117s, blizgesio ir \u017eavesio. Tinka naudoti kasdien.\u200b Kartu rekomenduojame tianDe plauk\u0173 balzam\u0105 su \u017een\u0161enio \u0161aknimi. Veikliosios med\u017eiagos: \u017den\u0161enis\u00a0&#8211; gyvyb\u0117s \u0161aknis, \u017einomas [&#8230;]\n","protected":false},"featured_media":473,"comment_status":"closed","ping_status":"closed","template":"","meta":[],"product_cat":[652,854,634,676,672],"product_tag":[],"class_list":{"0":"post-3699","1":"product","2":"type-product","3":"status-publish","4":"has-post-thumbnail","6":"product_cat-ginseng-lt","7":"product_cat-gyvibingumasenergija","8":"product_cat-plaukams","9":"product_cat-plauku-apsauga","10":"product_cat-sampunai","12":"first","13":"instock","14":"shipping-taxable","15":"purchasable","16":"product-type-simple"},"yoast_head":"<!-- This site is optimized with the Yoast SEO plugin v23.6 - https:\/\/yoast.com\/wordpress\/plugins\/seo\/ -->\n<title>Maitinantis \u0161amp\u016bnas su \u017een\u0161enio \u0161aknimi 450 ml. - TianDe Online Shop - Beauty &amp; Health<\/title>\n<meta name=\"robots\" content=\"index, follow, max-snippet:-1, max-image-preview:large, max-video-preview:-1\" \/>\n<link rel=\"canonical\" href=\"https:\/\/tiandeproducts.co.uk\/lt\/maitinantis-sampunas-su-zensenio-saknimi-450-ml\/\" \/>\n<meta property=\"og:locale\" content=\"lt_LT\" \/>\n<meta property=\"og:type\" content=\"article\" \/>\n<meta property=\"og:title\" content=\"Maitinantis \u0161amp\u016bnas su \u017een\u0161enio \u0161aknimi 450 ml. - TianDe Online Shop - Beauty &amp; Health\" \/>\n<meta property=\"og:description\" content=\"\u017den\u0161enis- gyvyb\u0117s \u0161aknis, \u017einomas kaip pats did\u017eiausias adaptogenas. Sud\u0117tyje esantis \u017een\u0161enio ekstraktas stimuliuoja imunin\u0119 sistem\u0105, plauk\u0173 augim\u0105, atstato pa\u017eeist\u0173 plauk\u0173 strukt\u016br\u0105, apsaugo nuo pleiskan\u0173 atsiradimo. Ypa\u010d tinka chemi\u0161kai pa\u017eeist\u0173 plon\u0173 plauk\u0173 prie\u017ei\u016brai. \u0160amp\u016bnas suteikia stipryb\u0117s, blizgesio ir \u017eavesio. Tinka naudoti kasdien.\u200b Kartu rekomenduojame tianDe plauk\u0173 balzam\u0105 su \u017een\u0161enio \u0161aknimi. Veikliosios med\u017eiagos: \u017den\u0161enis\u00a0&#8211; gyvyb\u0117s \u0161aknis, \u017einomas [...]\" \/>\n<meta property=\"og:url\" content=\"https:\/\/tiandeproducts.co.uk\/lt\/maitinantis-sampunas-su-zensenio-saknimi-450-ml\/\" \/>\n<meta property=\"og:site_name\" content=\"TianDe Online Shop - Beauty &amp; Health\" \/>\n<meta property=\"article:publisher\" content=\"https:\/\/www.facebook.com\/tiande.products.england\/\" \/>\n<meta property=\"article:modified_time\" content=\"2020-02-16T14:27:12+00:00\" \/>\n<meta property=\"og:image\" content=\"https:\/\/tiandeproducts.co.uk\/wp-content\/uploads\/2016\/04\/20102_new_design_new_1_.png\" \/>\n\t<meta property=\"og:image:width\" content=\"700\" \/>\n\t<meta property=\"og:image:height\" content=\"700\" \/>\n\t<meta property=\"og:image:type\" content=\"image\/png\" \/>\n<meta name=\"twitter:card\" content=\"summary_large_image\" \/>\n<meta name=\"twitter:label1\" content=\"Est. reading time\" \/>\n\t<meta name=\"twitter:data1\" content=\"1 minut\u0117\" \/>\n<script type=\"application\/ld+json\" class=\"yoast-schema-graph\">{\"@context\":\"https:\/\/schema.org\",\"@graph\":[{\"@type\":\"WebPage\",\"@id\":\"https:\/\/tiandeproducts.co.uk\/lt\/maitinantis-sampunas-su-zensenio-saknimi-450-ml\/\",\"url\":\"https:\/\/tiandeproducts.co.uk\/lt\/maitinantis-sampunas-su-zensenio-saknimi-450-ml\/\",\"name\":\"Maitinantis \u0161amp\u016bnas su \u017een\u0161enio \u0161aknimi 450 ml. - TianDe Online Shop - Beauty &amp; Health\",\"isPartOf\":{\"@id\":\"https:\/\/tiandeproducts.co.uk\/#website\"},\"primaryImageOfPage\":{\"@id\":\"https:\/\/tiandeproducts.co.uk\/lt\/maitinantis-sampunas-su-zensenio-saknimi-450-ml\/#primaryimage\"},\"image\":{\"@id\":\"https:\/\/tiandeproducts.co.uk\/lt\/maitinantis-sampunas-su-zensenio-saknimi-450-ml\/#primaryimage\"},\"thumbnailUrl\":\"https:\/\/tiandeproducts.co.uk\/wp-content\/uploads\/2016\/04\/20102_new_design_new_1_.png\",\"datePublished\":\"2016-04-04T15:11:36+00:00\",\"dateModified\":\"2020-02-16T14:27:12+00:00\",\"breadcrumb\":{\"@id\":\"https:\/\/tiandeproducts.co.uk\/lt\/maitinantis-sampunas-su-zensenio-saknimi-450-ml\/#breadcrumb\"},\"inLanguage\":\"lt-LT\",\"potentialAction\":[{\"@type\":\"ReadAction\",\"target\":[\"https:\/\/tiandeproducts.co.uk\/lt\/maitinantis-sampunas-su-zensenio-saknimi-450-ml\/\"]}]},{\"@type\":\"ImageObject\",\"inLanguage\":\"lt-LT\",\"@id\":\"https:\/\/tiandeproducts.co.uk\/lt\/maitinantis-sampunas-su-zensenio-saknimi-450-ml\/#primaryimage\",\"url\":\"https:\/\/tiandeproducts.co.uk\/wp-content\/uploads\/2016\/04\/20102_new_design_new_1_.png\",\"contentUrl\":\"https:\/\/tiandeproducts.co.uk\/wp-content\/uploads\/2016\/04\/20102_new_design_new_1_.png\",\"width\":700,\"height\":700,\"caption\":\"Nourishing Shampoo with Ginseng Root,450ml-0\"},{\"@type\":\"BreadcrumbList\",\"@id\":\"https:\/\/tiandeproducts.co.uk\/lt\/maitinantis-sampunas-su-zensenio-saknimi-450-ml\/#breadcrumb\",\"itemListElement\":[{\"@type\":\"ListItem\",\"position\":1,\"name\":\"Home\",\"item\":\"https:\/\/tiandeproducts.co.uk\/lt\/\"},{\"@type\":\"ListItem\",\"position\":2,\"name\":\"Shop\",\"item\":\"https:\/\/tiandeproducts.co.uk\/lt\/shop-2\/\"},{\"@type\":\"ListItem\",\"position\":3,\"name\":\"Maitinantis \u0161amp\u016bnas su \u017een\u0161enio \u0161aknimi 450 ml.\"}]},{\"@type\":\"WebSite\",\"@id\":\"https:\/\/tiandeproducts.co.uk\/#website\",\"url\":\"https:\/\/tiandeproducts.co.uk\/\",\"name\":\"TianDe Online Shop - Beauty & Health\",\"description\":\"Traditional Chinese Medicine\",\"potentialAction\":[{\"@type\":\"SearchAction\",\"target\":{\"@type\":\"EntryPoint\",\"urlTemplate\":\"https:\/\/tiandeproducts.co.uk\/?s={search_term_string}\"},\"query-input\":{\"@type\":\"PropertyValueSpecification\",\"valueRequired\":true,\"valueName\":\"search_term_string\"}}],\"inLanguage\":\"lt-LT\"}]}<\/script>\n<!-- \/ Yoast SEO plugin. -->","yoast_head_json":{"title":"Maitinantis \u0161amp\u016bnas su \u017een\u0161enio \u0161aknimi 450 ml. - TianDe Online Shop - Beauty &amp; Health","robots":{"index":"index","follow":"follow","max-snippet":"max-snippet:-1","max-image-preview":"max-image-preview:large","max-video-preview":"max-video-preview:-1"},"canonical":"https:\/\/tiandeproducts.co.uk\/lt\/maitinantis-sampunas-su-zensenio-saknimi-450-ml\/","og_locale":"lt_LT","og_type":"article","og_title":"Maitinantis \u0161amp\u016bnas su \u017een\u0161enio \u0161aknimi 450 ml. - TianDe Online Shop - Beauty &amp; Health","og_description":"\u017den\u0161enis- gyvyb\u0117s \u0161aknis, \u017einomas kaip pats did\u017eiausias adaptogenas. Sud\u0117tyje esantis \u017een\u0161enio ekstraktas stimuliuoja imunin\u0119 sistem\u0105, plauk\u0173 augim\u0105, atstato pa\u017eeist\u0173 plauk\u0173 strukt\u016br\u0105, apsaugo nuo pleiskan\u0173 atsiradimo. Ypa\u010d tinka chemi\u0161kai pa\u017eeist\u0173 plon\u0173 plauk\u0173 prie\u017ei\u016brai. \u0160amp\u016bnas suteikia stipryb\u0117s, blizgesio ir \u017eavesio. Tinka naudoti kasdien.\u200b Kartu rekomenduojame tianDe plauk\u0173 balzam\u0105 su \u017een\u0161enio \u0161aknimi. Veikliosios med\u017eiagos: \u017den\u0161enis\u00a0&#8211; gyvyb\u0117s \u0161aknis, \u017einomas [...]","og_url":"https:\/\/tiandeproducts.co.uk\/lt\/maitinantis-sampunas-su-zensenio-saknimi-450-ml\/","og_site_name":"TianDe Online Shop - Beauty &amp; Health","article_publisher":"https:\/\/www.facebook.com\/tiande.products.england\/","article_modified_time":"2020-02-16T14:27:12+00:00","og_image":[{"width":700,"height":700,"url":"https:\/\/tiandeproducts.co.uk\/wp-content\/uploads\/2016\/04\/20102_new_design_new_1_.png","type":"image\/png"}],"twitter_card":"summary_large_image","twitter_misc":{"Est. reading time":"1 minut\u0117"},"schema":{"@context":"https:\/\/schema.org","@graph":[{"@type":"WebPage","@id":"https:\/\/tiandeproducts.co.uk\/lt\/maitinantis-sampunas-su-zensenio-saknimi-450-ml\/","url":"https:\/\/tiandeproducts.co.uk\/lt\/maitinantis-sampunas-su-zensenio-saknimi-450-ml\/","name":"Maitinantis \u0161amp\u016bnas su \u017een\u0161enio \u0161aknimi 450 ml. - TianDe Online Shop - Beauty &amp; Health","isPartOf":{"@id":"https:\/\/tiandeproducts.co.uk\/#website"},"primaryImageOfPage":{"@id":"https:\/\/tiandeproducts.co.uk\/lt\/maitinantis-sampunas-su-zensenio-saknimi-450-ml\/#primaryimage"},"image":{"@id":"https:\/\/tiandeproducts.co.uk\/lt\/maitinantis-sampunas-su-zensenio-saknimi-450-ml\/#primaryimage"},"thumbnailUrl":"https:\/\/tiandeproducts.co.uk\/wp-content\/uploads\/2016\/04\/20102_new_design_new_1_.png","datePublished":"2016-04-04T15:11:36+00:00","dateModified":"2020-02-16T14:27:12+00:00","breadcrumb":{"@id":"https:\/\/tiandeproducts.co.uk\/lt\/maitinantis-sampunas-su-zensenio-saknimi-450-ml\/#breadcrumb"},"inLanguage":"lt-LT","potentialAction":[{"@type":"ReadAction","target":["https:\/\/tiandeproducts.co.uk\/lt\/maitinantis-sampunas-su-zensenio-saknimi-450-ml\/"]}]},{"@type":"ImageObject","inLanguage":"lt-LT","@id":"https:\/\/tiandeproducts.co.uk\/lt\/maitinantis-sampunas-su-zensenio-saknimi-450-ml\/#primaryimage","url":"https:\/\/tiandeproducts.co.uk\/wp-content\/uploads\/2016\/04\/20102_new_design_new_1_.png","contentUrl":"https:\/\/tiandeproducts.co.uk\/wp-content\/uploads\/2016\/04\/20102_new_design_new_1_.png","width":700,"height":700,"caption":"Nourishing Shampoo with Ginseng Root,450ml-0"},{"@type":"BreadcrumbList","@id":"https:\/\/tiandeproducts.co.uk\/lt\/maitinantis-sampunas-su-zensenio-saknimi-450-ml\/#breadcrumb","itemListElement":[{"@type":"ListItem","position":1,"name":"Home","item":"https:\/\/tiandeproducts.co.uk\/lt\/"},{"@type":"ListItem","position":2,"name":"Shop","item":"https:\/\/tiandeproducts.co.uk\/lt\/shop-2\/"},{"@type":"ListItem","position":3,"name":"Maitinantis \u0161amp\u016bnas su \u017een\u0161enio \u0161aknimi 450 ml."}]},{"@type":"WebSite","@id":"https:\/\/tiandeproducts.co.uk\/#website","url":"https:\/\/tiandeproducts.co.uk\/","name":"TianDe Online Shop - Beauty & Health","description":"Traditional Chinese Medicine","potentialAction":[{"@type":"SearchAction","target":{"@type":"EntryPoint","urlTemplate":"https:\/\/tiandeproducts.co.uk\/?s={search_term_string}"},"query-input":{"@type":"PropertyValueSpecification","valueRequired":true,"valueName":"search_term_string"}}],"inLanguage":"lt-LT"}]}},"_links":{"self":[{"href":"https:\/\/tiandeproducts.co.uk\/lt\/wp-json\/wp\/v2\/product\/3699","targetHints":{"allow":["GET"]}}],"collection":[{"href":"https:\/\/tiandeproducts.co.uk\/lt\/wp-json\/wp\/v2\/product"}],"about":[{"href":"https:\/\/tiandeproducts.co.uk\/lt\/wp-json\/wp\/v2\/types\/product"}],"replies":[{"embeddable":true,"href":"https:\/\/tiandeproducts.co.uk\/lt\/wp-json\/wp\/v2\/comments?post=3699"}],"wp:featuredmedia":[{"embeddable":true,"href":"https:\/\/tiandeproducts.co.uk\/lt\/wp-json\/wp\/v2\/media\/473"}],"wp:attachment":[{"href":"https:\/\/tiandeproducts.co.uk\/lt\/wp-json\/wp\/v2\/media?parent=3699"}],"wp:term":[{"taxonomy":"product_cat","embeddable":true,"href":"https:\/\/tiandeproducts.co.uk\/lt\/wp-json\/wp\/v2\/product_cat?post=3699"},{"taxonomy":"product_tag","embeddable":true,"href":"https:\/\/tiandeproducts.co.uk\/lt\/wp-json\/wp\/v2\/product_tag?post=3699"}],"curies":[{"name":"wp","href":"https:\/\/api.w.org\/{rel}","templated":true}]}}