{"id":3698,"date":"2016-04-04T16:13:50","date_gmt":"2016-04-04T15:13:50","guid":{"rendered":"https:\/\/tnd.ontesting.co.uk\/tonikas-augimo-aktyvatorius-plaukams-bio-rehab-50-g\/"},"modified":"2022-06-03T18:52:10","modified_gmt":"2022-06-03T17:52:10","slug":"tonikas-augimo-aktyvatorius-plaukams-bio-rehab-50-g","status":"publish","type":"product","link":"https:\/\/tiandeproducts.co.uk\/lt\/tonikas-augimo-aktyvatorius-plaukams-bio-rehab-50-g\/","title":{"rendered":"Tonikas \u2013 augimo aktyvatorius plaukams \u201eBio Rehab\u201c 50 g."},"content":{"rendered":"<p>Aktyviosios toniko med\u017eiagos tiesiogiai veikia plauko folikulus ir suteikia kompleksin\u012f efekt\u0105 &#8211; padeda sustabdyti plauk\u0173 slinkim\u0105, stimuliuoja ir greitina nauj\u0173 plauk\u0173 augim\u0105, normalizuoja riebalini\u0173 liauk\u0173 darb\u0105, gerina plauk\u0173 maitinim\u0105, apsaugo juos nuo negatyvaus i\u0161or\u0117s poveikio, sugr\u0105\u017eina gyvybin\u0119 j\u0117g\u0105 ir gro\u017e\u012f.<\/p>\n<p>Toniko sud\u0117tyje yra ypatingai turtingas ir koncentruotas Tibeto \u017eoleli\u0173 ekstrakt\u0173 rinkinys. Inovatyv\u016bs toniko komponentai tiesiogiai veikia plauko svog\u016bn\u0117l\u012f ir vis\u0105 jo ilg\u012f, efektyviai stabdo j\u0173 slinkim\u0105 ir skatina nauj\u0173 plauk\u0173 augim\u0105, \u0161alina pleiskanas.<\/p>\n<p><strong>Naudojimas:<\/strong><br \/>\nSudr\u0117kinkite vatos diskel\u012f toniku ir \u012ftrinkite galvos od\u0105 i\u0161plikimo vietose. Kelet\u0105 minu\u010di\u0173 pamasa\u017euokite. \u0160i\u0105 proced\u016br\u0105 atlikite kasdien ryte ir vakare. Nuplauti nereikia. Rekomenduojamas kursas &#8211; 30 dien\u0173.<\/p>\n<p><strong>Veikliosios med\u017eiagos:<\/strong><\/p>\n<p><strong>Lin\u010d\u017ei grybas<\/strong>\u00a0Kinijos \u0160ventojoje augal\u0173 knygoje u\u017eima 1-aj\u0105 viet\u0105 i\u0161 365-i\u0173 augal\u0173 pavadinim\u0173. Jis pirm\u0105 kart\u0105 istorijoje pamin\u0117tas daugiau nei prie\u0161 2400 met\u0173 ir d\u0117l turtingos chemin\u0117s sud\u0117ties pavadintas nemirtingumo grybu. Jo sud\u0117tyje yra vis\u0173 nepakei\u010diam\u0173j\u0173 aminor\u016bg\u0161\u010di\u0173, o riebaluose daugiausia polineso\u010di\u0173j\u0173 riebal\u0173 r\u016bg\u0161\u010di\u0173, kuri\u0173 \u017emogaus organizmas pats nesintetina. Grybuose rasta daug vitamin\u0173 (daugiausia C ir D) bei mineral\u0173 (daugiausia kalcio, fosforo ir gele\u017eies). Grybas turi adaptogenini\u0173 ir tonizuojan\u010di\u0173 savybi\u0173.<\/p>\n<p><strong>\u017den\u0161enio<\/strong>\u00a0sud\u0117tyje gausu vitamin\u0173: E, B1, B21, B12, C, folio r\u016bg\u0161\u010di\u0173, mikroelement\u0173: fosforo, kalio, silicio, gele\u017eies, natrio, mangano, kalcio, cinko, magnio, titano ir kt. \u017den\u0161enis greitina med\u017eiag\u0173 apykait\u0105, puosel\u0117ja ir stiprina plaukus, gali saugoti nuo plikimo, dr\u0117gm\u0117s praradimo ir UV spinduli\u0173. Normalizuoja galvos riebalini\u0173 liauk\u0173 veikl\u0105, stabilizuoja pa\u017eeist\u0105 plauk\u0173 strukt\u016br\u0105, jie tampa gyvybingi, stipr\u016bs, elastingi. Veikliosios med\u017eiagos suteikia plaukams blizgesio ir atsparumo nuo neigiamo aplinkos poveikio.<\/p>\n<p><strong>Imbieras<\/strong>\u00a0Ryt\u0173 medicinoje rei\u0161kia universal\u0173 vaist\u0105, turint\u012f ypatingas antioksidantines, prie\u0161u\u017edegimines, prie\u0161mikrobines, tonizuojan\u010dias ir nuskausminan\u010dias savybes. Imbieras turi vitamino A, E, C, K, B grup\u0117s vitamin\u0173, beveik visas aminor\u016bg\u0161tis, mikroelementus: kal\u012f, kalc\u012f, gele\u017e\u012f, cink\u0105, fosfor\u0105, natr\u012f, magn\u012f, ir eterin\u012f aliej\u0173. Visi \u0161ie aktyv\u016bs komponentai stimuliuoja plauko svog\u016bn\u0117l\u012f, tvarko galvos odos problemas, gerina plauko elastingum\u0105, maitina nuo \u0161akn\u0173 iki galiuk\u0173.<\/p>\n<p><strong>Smailiaskiautis skudutis (\u0161ventagar\u0161v\u0117)<\/strong>\u00a0turi daug vitamin\u0173: A, B3, B12, C, E ir mineral\u0173: kalcio, gele\u017eies, cinko, magnio, natrio. Jis nat\u016bralus fitoestogen\u0173 (augaliniai hormonai) \u0161altinis.<\/p>\n<p><strong>Gledi\u010dijos vaisi\u0173<\/strong>\u00a0sud\u0117tyje esantys saponinai \u2013 augaliniai gliukozidai &#8211; saugiai valo galvos od\u0105 ir plaukus. Bioaktyv\u016bs vaisi\u0173 komponentai normalizuoja riebalini\u0173 liauk\u0173 darb\u0105, atstato plauko strukt\u016br\u0105, daro juos elastingais ir paklusniais.<\/p>\n<p><strong>Baltojo \u0161ilkmed\u017eio \u017eiev\u0117s ekstraktas<\/strong>\u00a0naudojamas kaip plauk\u0173 augimo stimuliatorius. Jame gausu baltym\u0173, kalcio, fosforo, gele\u017eies, vitamin\u0173 A, C, 17 aminor\u016bg\u0161\u010di\u0173, polisacharid\u0173. Jis efektyviai ma\u017eina odos alergij\u0105, turi antioksidantini\u0173 savybi\u0173. Flavanoid\u0173 d\u0117ka \u0161ilkmed\u017eio ekstraktas veikia kaip prie\u0161u\u017edegimin\u0117, antibakterin\u0117 ir prie\u0161virusin\u0117 priemon\u0117.<\/p>\n","protected":false},"excerpt":{"rendered":"<p>Aktyviosios toniko med\u017eiagos tiesiogiai veikia plauko folikulus ir suteikia kompleksin\u012f efekt\u0105 &#8211; padeda sustabdyti plauk\u0173 slinkim\u0105, stimuliuoja ir greitina nauj\u0173 plauk\u0173 augim\u0105, normalizuoja riebalini\u0173 liauk\u0173 darb\u0105, gerina plauk\u0173 maitinim\u0105, apsaugo juos nuo negatyvaus i\u0161or\u0117s poveikio, sugr\u0105\u017eina gyvybin\u0119 j\u0117g\u0105 ir gro\u017e\u012f. Toniko sud\u0117tyje yra ypatingai turtingas ir koncentruotas Tibeto \u017eoleli\u0173 ekstrakt\u0173 rinkinys. Inovatyv\u016bs toniko komponentai tiesiogiai [&#8230;]\n","protected":false},"featured_media":478,"comment_status":"closed","ping_status":"closed","template":"","meta":[],"product_cat":[638,634,653,670],"product_tag":[],"class_list":{"0":"post-3698","1":"product","2":"type-product","3":"status-publish","4":"has-post-thumbnail","6":"product_cat-bio-rehab-lt","7":"product_cat-plaukams","8":"product_cat-plauku-augimo-linija","9":"product_cat-serumaialiejai","11":"first","12":"instock","13":"shipping-taxable","14":"purchasable","15":"product-type-simple"},"yoast_head":"<!-- This site is optimized with the Yoast SEO plugin v23.6 - https:\/\/yoast.com\/wordpress\/plugins\/seo\/ -->\n<title>Tonikas \u2013 augimo aktyvatorius plaukams \u201eBio Rehab\u201c 50 g. - TianDe Online Shop - Beauty &amp; Health<\/title>\n<meta name=\"robots\" content=\"index, follow, max-snippet:-1, max-image-preview:large, max-video-preview:-1\" \/>\n<link rel=\"canonical\" href=\"https:\/\/tiandeproducts.co.uk\/lt\/tonikas-augimo-aktyvatorius-plaukams-bio-rehab-50-g\/\" \/>\n<meta property=\"og:locale\" content=\"lt_LT\" \/>\n<meta property=\"og:type\" content=\"article\" \/>\n<meta property=\"og:title\" content=\"Tonikas \u2013 augimo aktyvatorius plaukams \u201eBio Rehab\u201c 50 g. - TianDe Online Shop - Beauty &amp; Health\" \/>\n<meta property=\"og:description\" content=\"Aktyviosios toniko med\u017eiagos tiesiogiai veikia plauko folikulus ir suteikia kompleksin\u012f efekt\u0105 &#8211; padeda sustabdyti plauk\u0173 slinkim\u0105, stimuliuoja ir greitina nauj\u0173 plauk\u0173 augim\u0105, normalizuoja riebalini\u0173 liauk\u0173 darb\u0105, gerina plauk\u0173 maitinim\u0105, apsaugo juos nuo negatyvaus i\u0161or\u0117s poveikio, sugr\u0105\u017eina gyvybin\u0119 j\u0117g\u0105 ir gro\u017e\u012f. Toniko sud\u0117tyje yra ypatingai turtingas ir koncentruotas Tibeto \u017eoleli\u0173 ekstrakt\u0173 rinkinys. Inovatyv\u016bs toniko komponentai tiesiogiai [...]\" \/>\n<meta property=\"og:url\" content=\"https:\/\/tiandeproducts.co.uk\/lt\/tonikas-augimo-aktyvatorius-plaukams-bio-rehab-50-g\/\" \/>\n<meta property=\"og:site_name\" content=\"TianDe Online Shop - Beauty &amp; Health\" \/>\n<meta property=\"article:publisher\" content=\"https:\/\/www.facebook.com\/tiande.products.england\/\" \/>\n<meta property=\"article:modified_time\" content=\"2022-06-03T17:52:10+00:00\" \/>\n<meta property=\"og:image\" content=\"https:\/\/tiandeproducts.co.uk\/wp-content\/uploads\/2016\/04\/23403_new_1_.png\" \/>\n\t<meta property=\"og:image:width\" content=\"700\" \/>\n\t<meta property=\"og:image:height\" content=\"700\" \/>\n\t<meta property=\"og:image:type\" content=\"image\/png\" \/>\n<meta name=\"twitter:card\" content=\"summary_large_image\" \/>\n<meta name=\"twitter:label1\" content=\"Est. reading time\" \/>\n\t<meta name=\"twitter:data1\" content=\"2 minut\u0117s\" \/>\n<script type=\"application\/ld+json\" class=\"yoast-schema-graph\">{\"@context\":\"https:\/\/schema.org\",\"@graph\":[{\"@type\":\"WebPage\",\"@id\":\"https:\/\/tiandeproducts.co.uk\/lt\/tonikas-augimo-aktyvatorius-plaukams-bio-rehab-50-g\/\",\"url\":\"https:\/\/tiandeproducts.co.uk\/lt\/tonikas-augimo-aktyvatorius-plaukams-bio-rehab-50-g\/\",\"name\":\"Tonikas \u2013 augimo aktyvatorius plaukams \u201eBio Rehab\u201c 50 g. - TianDe Online Shop - Beauty &amp; Health\",\"isPartOf\":{\"@id\":\"https:\/\/tiandeproducts.co.uk\/#website\"},\"primaryImageOfPage\":{\"@id\":\"https:\/\/tiandeproducts.co.uk\/lt\/tonikas-augimo-aktyvatorius-plaukams-bio-rehab-50-g\/#primaryimage\"},\"image\":{\"@id\":\"https:\/\/tiandeproducts.co.uk\/lt\/tonikas-augimo-aktyvatorius-plaukams-bio-rehab-50-g\/#primaryimage\"},\"thumbnailUrl\":\"https:\/\/tiandeproducts.co.uk\/wp-content\/uploads\/2016\/04\/23403_new_1_.png\",\"datePublished\":\"2016-04-04T15:13:50+00:00\",\"dateModified\":\"2022-06-03T17:52:10+00:00\",\"breadcrumb\":{\"@id\":\"https:\/\/tiandeproducts.co.uk\/lt\/tonikas-augimo-aktyvatorius-plaukams-bio-rehab-50-g\/#breadcrumb\"},\"inLanguage\":\"lt-LT\",\"potentialAction\":[{\"@type\":\"ReadAction\",\"target\":[\"https:\/\/tiandeproducts.co.uk\/lt\/tonikas-augimo-aktyvatorius-plaukams-bio-rehab-50-g\/\"]}]},{\"@type\":\"ImageObject\",\"inLanguage\":\"lt-LT\",\"@id\":\"https:\/\/tiandeproducts.co.uk\/lt\/tonikas-augimo-aktyvatorius-plaukams-bio-rehab-50-g\/#primaryimage\",\"url\":\"https:\/\/tiandeproducts.co.uk\/wp-content\/uploads\/2016\/04\/23403_new_1_.png\",\"contentUrl\":\"https:\/\/tiandeproducts.co.uk\/wp-content\/uploads\/2016\/04\/23403_new_1_.png\",\"width\":700,\"height\":700,\"caption\":\"Bio Rehab Hair Growth Activator Tonic,Power in length,50g-0\"},{\"@type\":\"BreadcrumbList\",\"@id\":\"https:\/\/tiandeproducts.co.uk\/lt\/tonikas-augimo-aktyvatorius-plaukams-bio-rehab-50-g\/#breadcrumb\",\"itemListElement\":[{\"@type\":\"ListItem\",\"position\":1,\"name\":\"Home\",\"item\":\"https:\/\/tiandeproducts.co.uk\/lt\/\"},{\"@type\":\"ListItem\",\"position\":2,\"name\":\"Shop\",\"item\":\"https:\/\/tiandeproducts.co.uk\/lt\/shop-2\/\"},{\"@type\":\"ListItem\",\"position\":3,\"name\":\"Tonikas \u2013 augimo aktyvatorius plaukams \u201eBio Rehab\u201c 50 g.\"}]},{\"@type\":\"WebSite\",\"@id\":\"https:\/\/tiandeproducts.co.uk\/#website\",\"url\":\"https:\/\/tiandeproducts.co.uk\/\",\"name\":\"TianDe Online Shop - Beauty & Health\",\"description\":\"Traditional Chinese Medicine\",\"potentialAction\":[{\"@type\":\"SearchAction\",\"target\":{\"@type\":\"EntryPoint\",\"urlTemplate\":\"https:\/\/tiandeproducts.co.uk\/?s={search_term_string}\"},\"query-input\":{\"@type\":\"PropertyValueSpecification\",\"valueRequired\":true,\"valueName\":\"search_term_string\"}}],\"inLanguage\":\"lt-LT\"}]}<\/script>\n<!-- \/ Yoast SEO plugin. -->","yoast_head_json":{"title":"Tonikas \u2013 augimo aktyvatorius plaukams \u201eBio Rehab\u201c 50 g. - TianDe Online Shop - Beauty &amp; Health","robots":{"index":"index","follow":"follow","max-snippet":"max-snippet:-1","max-image-preview":"max-image-preview:large","max-video-preview":"max-video-preview:-1"},"canonical":"https:\/\/tiandeproducts.co.uk\/lt\/tonikas-augimo-aktyvatorius-plaukams-bio-rehab-50-g\/","og_locale":"lt_LT","og_type":"article","og_title":"Tonikas \u2013 augimo aktyvatorius plaukams \u201eBio Rehab\u201c 50 g. - TianDe Online Shop - Beauty &amp; Health","og_description":"Aktyviosios toniko med\u017eiagos tiesiogiai veikia plauko folikulus ir suteikia kompleksin\u012f efekt\u0105 &#8211; padeda sustabdyti plauk\u0173 slinkim\u0105, stimuliuoja ir greitina nauj\u0173 plauk\u0173 augim\u0105, normalizuoja riebalini\u0173 liauk\u0173 darb\u0105, gerina plauk\u0173 maitinim\u0105, apsaugo juos nuo negatyvaus i\u0161or\u0117s poveikio, sugr\u0105\u017eina gyvybin\u0119 j\u0117g\u0105 ir gro\u017e\u012f. Toniko sud\u0117tyje yra ypatingai turtingas ir koncentruotas Tibeto \u017eoleli\u0173 ekstrakt\u0173 rinkinys. Inovatyv\u016bs toniko komponentai tiesiogiai [...]","og_url":"https:\/\/tiandeproducts.co.uk\/lt\/tonikas-augimo-aktyvatorius-plaukams-bio-rehab-50-g\/","og_site_name":"TianDe Online Shop - Beauty &amp; Health","article_publisher":"https:\/\/www.facebook.com\/tiande.products.england\/","article_modified_time":"2022-06-03T17:52:10+00:00","og_image":[{"width":700,"height":700,"url":"https:\/\/tiandeproducts.co.uk\/wp-content\/uploads\/2016\/04\/23403_new_1_.png","type":"image\/png"}],"twitter_card":"summary_large_image","twitter_misc":{"Est. reading time":"2 minut\u0117s"},"schema":{"@context":"https:\/\/schema.org","@graph":[{"@type":"WebPage","@id":"https:\/\/tiandeproducts.co.uk\/lt\/tonikas-augimo-aktyvatorius-plaukams-bio-rehab-50-g\/","url":"https:\/\/tiandeproducts.co.uk\/lt\/tonikas-augimo-aktyvatorius-plaukams-bio-rehab-50-g\/","name":"Tonikas \u2013 augimo aktyvatorius plaukams \u201eBio Rehab\u201c 50 g. - TianDe Online Shop - Beauty &amp; Health","isPartOf":{"@id":"https:\/\/tiandeproducts.co.uk\/#website"},"primaryImageOfPage":{"@id":"https:\/\/tiandeproducts.co.uk\/lt\/tonikas-augimo-aktyvatorius-plaukams-bio-rehab-50-g\/#primaryimage"},"image":{"@id":"https:\/\/tiandeproducts.co.uk\/lt\/tonikas-augimo-aktyvatorius-plaukams-bio-rehab-50-g\/#primaryimage"},"thumbnailUrl":"https:\/\/tiandeproducts.co.uk\/wp-content\/uploads\/2016\/04\/23403_new_1_.png","datePublished":"2016-04-04T15:13:50+00:00","dateModified":"2022-06-03T17:52:10+00:00","breadcrumb":{"@id":"https:\/\/tiandeproducts.co.uk\/lt\/tonikas-augimo-aktyvatorius-plaukams-bio-rehab-50-g\/#breadcrumb"},"inLanguage":"lt-LT","potentialAction":[{"@type":"ReadAction","target":["https:\/\/tiandeproducts.co.uk\/lt\/tonikas-augimo-aktyvatorius-plaukams-bio-rehab-50-g\/"]}]},{"@type":"ImageObject","inLanguage":"lt-LT","@id":"https:\/\/tiandeproducts.co.uk\/lt\/tonikas-augimo-aktyvatorius-plaukams-bio-rehab-50-g\/#primaryimage","url":"https:\/\/tiandeproducts.co.uk\/wp-content\/uploads\/2016\/04\/23403_new_1_.png","contentUrl":"https:\/\/tiandeproducts.co.uk\/wp-content\/uploads\/2016\/04\/23403_new_1_.png","width":700,"height":700,"caption":"Bio Rehab Hair Growth Activator Tonic,Power in length,50g-0"},{"@type":"BreadcrumbList","@id":"https:\/\/tiandeproducts.co.uk\/lt\/tonikas-augimo-aktyvatorius-plaukams-bio-rehab-50-g\/#breadcrumb","itemListElement":[{"@type":"ListItem","position":1,"name":"Home","item":"https:\/\/tiandeproducts.co.uk\/lt\/"},{"@type":"ListItem","position":2,"name":"Shop","item":"https:\/\/tiandeproducts.co.uk\/lt\/shop-2\/"},{"@type":"ListItem","position":3,"name":"Tonikas \u2013 augimo aktyvatorius plaukams \u201eBio Rehab\u201c 50 g."}]},{"@type":"WebSite","@id":"https:\/\/tiandeproducts.co.uk\/#website","url":"https:\/\/tiandeproducts.co.uk\/","name":"TianDe Online Shop - Beauty & Health","description":"Traditional Chinese Medicine","potentialAction":[{"@type":"SearchAction","target":{"@type":"EntryPoint","urlTemplate":"https:\/\/tiandeproducts.co.uk\/?s={search_term_string}"},"query-input":{"@type":"PropertyValueSpecification","valueRequired":true,"valueName":"search_term_string"}}],"inLanguage":"lt-LT"}]}},"_links":{"self":[{"href":"https:\/\/tiandeproducts.co.uk\/lt\/wp-json\/wp\/v2\/product\/3698","targetHints":{"allow":["GET"]}}],"collection":[{"href":"https:\/\/tiandeproducts.co.uk\/lt\/wp-json\/wp\/v2\/product"}],"about":[{"href":"https:\/\/tiandeproducts.co.uk\/lt\/wp-json\/wp\/v2\/types\/product"}],"replies":[{"embeddable":true,"href":"https:\/\/tiandeproducts.co.uk\/lt\/wp-json\/wp\/v2\/comments?post=3698"}],"wp:featuredmedia":[{"embeddable":true,"href":"https:\/\/tiandeproducts.co.uk\/lt\/wp-json\/wp\/v2\/media\/478"}],"wp:attachment":[{"href":"https:\/\/tiandeproducts.co.uk\/lt\/wp-json\/wp\/v2\/media?parent=3698"}],"wp:term":[{"taxonomy":"product_cat","embeddable":true,"href":"https:\/\/tiandeproducts.co.uk\/lt\/wp-json\/wp\/v2\/product_cat?post=3698"},{"taxonomy":"product_tag","embeddable":true,"href":"https:\/\/tiandeproducts.co.uk\/lt\/wp-json\/wp\/v2\/product_tag?post=3698"}],"curies":[{"name":"wp","href":"https:\/\/api.w.org\/{rel}","templated":true}]}}