{"id":3697,"date":"2016-04-04T16:17:50","date_gmt":"2016-04-04T15:17:50","guid":{"rendered":"https:\/\/tnd.ontesting.co.uk\/atkurianti-kauke-plaukams-gyvaciu-taukai-500-g\/"},"modified":"2020-04-24T10:24:25","modified_gmt":"2020-04-24T09:24:25","slug":"atkurianti-kauke-plaukams-gyvaciu-taukai-500-g","status":"publish","type":"product","link":"https:\/\/tiandeproducts.co.uk\/lt\/atkurianti-kauke-plaukams-gyvaciu-taukai-500-g\/","title":{"rendered":"Atkurianti kauk\u0117 plaukams \u201eGyva\u010di\u0173 taukai\u201c 500 g."},"content":{"rendered":"<p>Efektyvi papildomos plauk\u0173 prie\u017ei\u016bros priemon\u0117, idealiai tinkanti sausiems, l\u016b\u017ein\u0117jantiems ir pa\u017eeistiems plaukams, reikalaujantiems dr\u0117gm\u0117s ir maitinimo. Rekomenduojama intensyviam plauk\u0173 atstatymui ar optimalios b\u016bkl\u0117s palaikymui. Kauk\u0117 suteikia sveik\u0105 i\u0161vaizd\u0105, plaukai atgauna blizges\u012f, \u0161velnum\u0105 ir purum\u0105.<\/p>\n<p>M\u016bs\u0173 plauk\u0173 stiebai turi \u017eiev\u0119, kuri savo strukt\u016bra primena gyvat\u0117s od\u0105, nes susideda i\u0161 daugyb\u0117s \u017evyneli\u0173. Kai plaukas yra sveikas, \u017evyneliai gerai priglunda vienas prie kito, sukurdami veidrodinio lygumo pavir\u0161i\u0173 ir puikiai atspindi \u0161vies\u0105. Ta\u010diau negatyv\u016bs faktoriai, tokie, kaip d\u017eiovinimas fenu, garbanojimas kar\u0161tomis \u017eirkl\u0117mis, da\u017eymas ir kt., pa\u017eeid\u017eia plauko strukt\u016br\u0105 ir atskiria \u017evynelius vienus nuo kit\u0173. Tuomet dingsta sveikas plauk\u0173 blizgesys, plaukai praranda spalv\u0105 ir tampa nu\u0161iur\u0119, l\u016b\u017ein\u0117ja. Stiprinamoji plauk\u0173 kauk\u0117 \u201eGyvat\u0117s taukai\u201c intensyviai maitina, atkuria plauk\u0173 vientisum\u0105 (tarsi suklijuoja atsisluoksniavusius \u017evynelius) pripildo dr\u0117gme, aminor\u016bg\u0161timis ir vitaminais, kurie ilgam pasilieka plauko stiebo viduje. Plaukai tampa \u017evilgantys, elastingi, \u0161ukuosena puikiai i\u0161laiko form\u0105.<\/p>\n<p><strong>Naudojimas:<\/strong><br \/>\nJei priemon\u0119 naudosite kaip kondicionieri\u0173, tuomet \u0161varius, dr\u0117gnus plaukus \u012ftrinkite balzamu &#8211;\u00a0kremu, palaikykite 2-3 min. ir i\u0161skalaukite. Jeigu balzam\u0105 &#8211; krem\u0105 naudosite kaip atstatom\u0105j\u0105 priemon\u0119, tada \u012ftryn\u0119 palaikykite 20-30 min. ir gerai i\u0161skalaukite.<\/p>\n<p><strong>Veikliosios med\u017eiagos:<\/strong><\/p>\n<p>Kauk\u0117s \u201eSnake Factor\u201c sud\u0117tyje yra\u00a0<strong>nat\u016bral\u016bs gyvat\u0117s mamushi lipidai<\/strong>. Lipidai &#8211; kaip \u201ecementas\u201c, kuris saugo plaukus nuo pa\u017eeidim\u0173, kuriuos sukeliame kaskart juos da\u017eant, tiesinant, \u0161ukuojant (suardomas lipidinis sluoksnis). D\u0117l to plaukai netenka dr\u0117gm\u0117s, l\u016b\u017eta, veliasi, saus\u0117ja, \u0161akojasi. Nat\u016bral\u016bs gyvat\u0117s lipidai sugeba atstatyti ir pakeisti nat\u016bral\u0173 kiekvieno plauko apsaugin\u012f sluoksn\u012f.<br \/>\nGyvat\u0117s taukuose, kaip ir kit\u0173 gyv\u016bn\u0173 paodin\u0117je l\u0105stelienoje yra gausu vitamin\u0173 A, D, E ir B grup\u0117s vitamin\u0173. Jie, kartu su neso\u010diosiomis riebiosiomis r\u016bg\u0161timis sudaro dvigub\u0105 veikimo tandem\u0105: stimuliuoja kolageno ir elastino gamyb\u0105, saugo nuo UV spinduli\u0173 bei laisv\u0173j\u0173 radikal\u0173, palaiko vandens, lipid\u0173 balans\u0105, atstato dr\u0117gm\u0119, bei nat\u016bral\u0173 kiekvieno plauko apsaugin\u012f sluoksn\u012f.<br \/>\nPlaukai lengvai \u0161ukuosis, bus ypatingai \u0161veln\u016bs.<\/p>\n","protected":false},"excerpt":{"rendered":"<p>Efektyvi papildomos plauk\u0173 prie\u017ei\u016bros priemon\u0117, idealiai tinkanti sausiems, l\u016b\u017ein\u0117jantiems ir pa\u017eeistiems plaukams, reikalaujantiems dr\u0117gm\u0117s ir maitinimo. Rekomenduojama intensyviam plauk\u0173 atstatymui ar optimalios b\u016bkl\u0117s palaikymui. Kauk\u0117 suteikia sveik\u0105 i\u0161vaizd\u0105, plaukai atgauna blizges\u012f, \u0161velnum\u0105 ir purum\u0105. M\u016bs\u0173 plauk\u0173 stiebai turi \u017eiev\u0119, kuri savo strukt\u016bra primena gyvat\u0117s od\u0105, nes susideda i\u0161 daugyb\u0117s \u017evyneli\u0173. Kai plaukas yra sveikas, \u017evyneliai [&#8230;]\n","protected":false},"featured_media":483,"comment_status":"closed","ping_status":"closed","template":"","meta":[],"product_cat":[655,634,676],"product_tag":[],"class_list":{"0":"post-3697","1":"product","2":"type-product","3":"status-publish","4":"has-post-thumbnail","6":"product_cat-kaukes-lt-2","7":"product_cat-plaukams","8":"product_cat-plauku-apsauga","10":"first","11":"instock","12":"shipping-taxable","13":"purchasable","14":"product-type-simple"},"yoast_head":"<!-- This site is optimized with the Yoast SEO plugin v23.6 - https:\/\/yoast.com\/wordpress\/plugins\/seo\/ -->\n<title>Atkurianti kauk\u0117 plaukams \u201eGyva\u010di\u0173 taukai\u201c 500 g. - TianDe Online Shop - Beauty &amp; Health<\/title>\n<meta name=\"robots\" content=\"index, follow, max-snippet:-1, max-image-preview:large, max-video-preview:-1\" \/>\n<link rel=\"canonical\" href=\"https:\/\/tiandeproducts.co.uk\/lt\/atkurianti-kauke-plaukams-gyvaciu-taukai-500-g\/\" \/>\n<meta property=\"og:locale\" content=\"lt_LT\" \/>\n<meta property=\"og:type\" content=\"article\" \/>\n<meta property=\"og:title\" content=\"Atkurianti kauk\u0117 plaukams \u201eGyva\u010di\u0173 taukai\u201c 500 g. - TianDe Online Shop - Beauty &amp; Health\" \/>\n<meta property=\"og:description\" content=\"Efektyvi papildomos plauk\u0173 prie\u017ei\u016bros priemon\u0117, idealiai tinkanti sausiems, l\u016b\u017ein\u0117jantiems ir pa\u017eeistiems plaukams, reikalaujantiems dr\u0117gm\u0117s ir maitinimo. Rekomenduojama intensyviam plauk\u0173 atstatymui ar optimalios b\u016bkl\u0117s palaikymui. Kauk\u0117 suteikia sveik\u0105 i\u0161vaizd\u0105, plaukai atgauna blizges\u012f, \u0161velnum\u0105 ir purum\u0105. M\u016bs\u0173 plauk\u0173 stiebai turi \u017eiev\u0119, kuri savo strukt\u016bra primena gyvat\u0117s od\u0105, nes susideda i\u0161 daugyb\u0117s \u017evyneli\u0173. Kai plaukas yra sveikas, \u017evyneliai [...]\" \/>\n<meta property=\"og:url\" content=\"https:\/\/tiandeproducts.co.uk\/lt\/atkurianti-kauke-plaukams-gyvaciu-taukai-500-g\/\" \/>\n<meta property=\"og:site_name\" content=\"TianDe Online Shop - Beauty &amp; Health\" \/>\n<meta property=\"article:publisher\" content=\"https:\/\/www.facebook.com\/tiande.products.england\/\" \/>\n<meta property=\"article:modified_time\" content=\"2020-04-24T09:24:25+00:00\" \/>\n<meta property=\"og:image\" content=\"https:\/\/tiandeproducts.co.uk\/wp-content\/uploads\/2016\/04\/20127_1.jpg\" \/>\n\t<meta property=\"og:image:width\" content=\"700\" \/>\n\t<meta property=\"og:image:height\" content=\"707\" \/>\n\t<meta property=\"og:image:type\" content=\"image\/jpeg\" \/>\n<meta name=\"twitter:card\" content=\"summary_large_image\" \/>\n<meta name=\"twitter:label1\" content=\"Est. reading time\" \/>\n\t<meta name=\"twitter:data1\" content=\"2 minut\u0117s\" \/>\n<script type=\"application\/ld+json\" class=\"yoast-schema-graph\">{\"@context\":\"https:\/\/schema.org\",\"@graph\":[{\"@type\":\"WebPage\",\"@id\":\"https:\/\/tiandeproducts.co.uk\/lt\/atkurianti-kauke-plaukams-gyvaciu-taukai-500-g\/\",\"url\":\"https:\/\/tiandeproducts.co.uk\/lt\/atkurianti-kauke-plaukams-gyvaciu-taukai-500-g\/\",\"name\":\"Atkurianti kauk\u0117 plaukams \u201eGyva\u010di\u0173 taukai\u201c 500 g. - TianDe Online Shop - Beauty &amp; Health\",\"isPartOf\":{\"@id\":\"https:\/\/tiandeproducts.co.uk\/#website\"},\"primaryImageOfPage\":{\"@id\":\"https:\/\/tiandeproducts.co.uk\/lt\/atkurianti-kauke-plaukams-gyvaciu-taukai-500-g\/#primaryimage\"},\"image\":{\"@id\":\"https:\/\/tiandeproducts.co.uk\/lt\/atkurianti-kauke-plaukams-gyvaciu-taukai-500-g\/#primaryimage\"},\"thumbnailUrl\":\"https:\/\/tiandeproducts.co.uk\/wp-content\/uploads\/2016\/04\/20127_1.jpg\",\"datePublished\":\"2016-04-04T15:17:50+00:00\",\"dateModified\":\"2020-04-24T09:24:25+00:00\",\"breadcrumb\":{\"@id\":\"https:\/\/tiandeproducts.co.uk\/lt\/atkurianti-kauke-plaukams-gyvaciu-taukai-500-g\/#breadcrumb\"},\"inLanguage\":\"lt-LT\",\"potentialAction\":[{\"@type\":\"ReadAction\",\"target\":[\"https:\/\/tiandeproducts.co.uk\/lt\/atkurianti-kauke-plaukams-gyvaciu-taukai-500-g\/\"]}]},{\"@type\":\"ImageObject\",\"inLanguage\":\"lt-LT\",\"@id\":\"https:\/\/tiandeproducts.co.uk\/lt\/atkurianti-kauke-plaukams-gyvaciu-taukai-500-g\/#primaryimage\",\"url\":\"https:\/\/tiandeproducts.co.uk\/wp-content\/uploads\/2016\/04\/20127_1.jpg\",\"contentUrl\":\"https:\/\/tiandeproducts.co.uk\/wp-content\/uploads\/2016\/04\/20127_1.jpg\",\"width\":700,\"height\":707,\"caption\":\"Snake Oil Strengthening Hair Mask,500g-0\"},{\"@type\":\"BreadcrumbList\",\"@id\":\"https:\/\/tiandeproducts.co.uk\/lt\/atkurianti-kauke-plaukams-gyvaciu-taukai-500-g\/#breadcrumb\",\"itemListElement\":[{\"@type\":\"ListItem\",\"position\":1,\"name\":\"Home\",\"item\":\"https:\/\/tiandeproducts.co.uk\/lt\/\"},{\"@type\":\"ListItem\",\"position\":2,\"name\":\"Shop\",\"item\":\"https:\/\/tiandeproducts.co.uk\/lt\/shop-2\/\"},{\"@type\":\"ListItem\",\"position\":3,\"name\":\"Atkurianti kauk\u0117 plaukams \u201eGyva\u010di\u0173 taukai\u201c 500 g.\"}]},{\"@type\":\"WebSite\",\"@id\":\"https:\/\/tiandeproducts.co.uk\/#website\",\"url\":\"https:\/\/tiandeproducts.co.uk\/\",\"name\":\"TianDe Online Shop - Beauty & Health\",\"description\":\"Traditional Chinese Medicine\",\"potentialAction\":[{\"@type\":\"SearchAction\",\"target\":{\"@type\":\"EntryPoint\",\"urlTemplate\":\"https:\/\/tiandeproducts.co.uk\/?s={search_term_string}\"},\"query-input\":{\"@type\":\"PropertyValueSpecification\",\"valueRequired\":true,\"valueName\":\"search_term_string\"}}],\"inLanguage\":\"lt-LT\"}]}<\/script>\n<!-- \/ Yoast SEO plugin. -->","yoast_head_json":{"title":"Atkurianti kauk\u0117 plaukams \u201eGyva\u010di\u0173 taukai\u201c 500 g. - TianDe Online Shop - Beauty &amp; Health","robots":{"index":"index","follow":"follow","max-snippet":"max-snippet:-1","max-image-preview":"max-image-preview:large","max-video-preview":"max-video-preview:-1"},"canonical":"https:\/\/tiandeproducts.co.uk\/lt\/atkurianti-kauke-plaukams-gyvaciu-taukai-500-g\/","og_locale":"lt_LT","og_type":"article","og_title":"Atkurianti kauk\u0117 plaukams \u201eGyva\u010di\u0173 taukai\u201c 500 g. - TianDe Online Shop - Beauty &amp; Health","og_description":"Efektyvi papildomos plauk\u0173 prie\u017ei\u016bros priemon\u0117, idealiai tinkanti sausiems, l\u016b\u017ein\u0117jantiems ir pa\u017eeistiems plaukams, reikalaujantiems dr\u0117gm\u0117s ir maitinimo. Rekomenduojama intensyviam plauk\u0173 atstatymui ar optimalios b\u016bkl\u0117s palaikymui. Kauk\u0117 suteikia sveik\u0105 i\u0161vaizd\u0105, plaukai atgauna blizges\u012f, \u0161velnum\u0105 ir purum\u0105. M\u016bs\u0173 plauk\u0173 stiebai turi \u017eiev\u0119, kuri savo strukt\u016bra primena gyvat\u0117s od\u0105, nes susideda i\u0161 daugyb\u0117s \u017evyneli\u0173. Kai plaukas yra sveikas, \u017evyneliai [...]","og_url":"https:\/\/tiandeproducts.co.uk\/lt\/atkurianti-kauke-plaukams-gyvaciu-taukai-500-g\/","og_site_name":"TianDe Online Shop - Beauty &amp; Health","article_publisher":"https:\/\/www.facebook.com\/tiande.products.england\/","article_modified_time":"2020-04-24T09:24:25+00:00","og_image":[{"width":700,"height":707,"url":"https:\/\/tiandeproducts.co.uk\/wp-content\/uploads\/2016\/04\/20127_1.jpg","type":"image\/jpeg"}],"twitter_card":"summary_large_image","twitter_misc":{"Est. reading time":"2 minut\u0117s"},"schema":{"@context":"https:\/\/schema.org","@graph":[{"@type":"WebPage","@id":"https:\/\/tiandeproducts.co.uk\/lt\/atkurianti-kauke-plaukams-gyvaciu-taukai-500-g\/","url":"https:\/\/tiandeproducts.co.uk\/lt\/atkurianti-kauke-plaukams-gyvaciu-taukai-500-g\/","name":"Atkurianti kauk\u0117 plaukams \u201eGyva\u010di\u0173 taukai\u201c 500 g. - TianDe Online Shop - Beauty &amp; Health","isPartOf":{"@id":"https:\/\/tiandeproducts.co.uk\/#website"},"primaryImageOfPage":{"@id":"https:\/\/tiandeproducts.co.uk\/lt\/atkurianti-kauke-plaukams-gyvaciu-taukai-500-g\/#primaryimage"},"image":{"@id":"https:\/\/tiandeproducts.co.uk\/lt\/atkurianti-kauke-plaukams-gyvaciu-taukai-500-g\/#primaryimage"},"thumbnailUrl":"https:\/\/tiandeproducts.co.uk\/wp-content\/uploads\/2016\/04\/20127_1.jpg","datePublished":"2016-04-04T15:17:50+00:00","dateModified":"2020-04-24T09:24:25+00:00","breadcrumb":{"@id":"https:\/\/tiandeproducts.co.uk\/lt\/atkurianti-kauke-plaukams-gyvaciu-taukai-500-g\/#breadcrumb"},"inLanguage":"lt-LT","potentialAction":[{"@type":"ReadAction","target":["https:\/\/tiandeproducts.co.uk\/lt\/atkurianti-kauke-plaukams-gyvaciu-taukai-500-g\/"]}]},{"@type":"ImageObject","inLanguage":"lt-LT","@id":"https:\/\/tiandeproducts.co.uk\/lt\/atkurianti-kauke-plaukams-gyvaciu-taukai-500-g\/#primaryimage","url":"https:\/\/tiandeproducts.co.uk\/wp-content\/uploads\/2016\/04\/20127_1.jpg","contentUrl":"https:\/\/tiandeproducts.co.uk\/wp-content\/uploads\/2016\/04\/20127_1.jpg","width":700,"height":707,"caption":"Snake Oil Strengthening Hair Mask,500g-0"},{"@type":"BreadcrumbList","@id":"https:\/\/tiandeproducts.co.uk\/lt\/atkurianti-kauke-plaukams-gyvaciu-taukai-500-g\/#breadcrumb","itemListElement":[{"@type":"ListItem","position":1,"name":"Home","item":"https:\/\/tiandeproducts.co.uk\/lt\/"},{"@type":"ListItem","position":2,"name":"Shop","item":"https:\/\/tiandeproducts.co.uk\/lt\/shop-2\/"},{"@type":"ListItem","position":3,"name":"Atkurianti kauk\u0117 plaukams \u201eGyva\u010di\u0173 taukai\u201c 500 g."}]},{"@type":"WebSite","@id":"https:\/\/tiandeproducts.co.uk\/#website","url":"https:\/\/tiandeproducts.co.uk\/","name":"TianDe Online Shop - Beauty & Health","description":"Traditional Chinese Medicine","potentialAction":[{"@type":"SearchAction","target":{"@type":"EntryPoint","urlTemplate":"https:\/\/tiandeproducts.co.uk\/?s={search_term_string}"},"query-input":{"@type":"PropertyValueSpecification","valueRequired":true,"valueName":"search_term_string"}}],"inLanguage":"lt-LT"}]}},"_links":{"self":[{"href":"https:\/\/tiandeproducts.co.uk\/lt\/wp-json\/wp\/v2\/product\/3697","targetHints":{"allow":["GET"]}}],"collection":[{"href":"https:\/\/tiandeproducts.co.uk\/lt\/wp-json\/wp\/v2\/product"}],"about":[{"href":"https:\/\/tiandeproducts.co.uk\/lt\/wp-json\/wp\/v2\/types\/product"}],"replies":[{"embeddable":true,"href":"https:\/\/tiandeproducts.co.uk\/lt\/wp-json\/wp\/v2\/comments?post=3697"}],"wp:featuredmedia":[{"embeddable":true,"href":"https:\/\/tiandeproducts.co.uk\/lt\/wp-json\/wp\/v2\/media\/483"}],"wp:attachment":[{"href":"https:\/\/tiandeproducts.co.uk\/lt\/wp-json\/wp\/v2\/media?parent=3697"}],"wp:term":[{"taxonomy":"product_cat","embeddable":true,"href":"https:\/\/tiandeproducts.co.uk\/lt\/wp-json\/wp\/v2\/product_cat?post=3697"},{"taxonomy":"product_tag","embeddable":true,"href":"https:\/\/tiandeproducts.co.uk\/lt\/wp-json\/wp\/v2\/product_tag?post=3697"}],"curies":[{"name":"wp","href":"https:\/\/api.w.org\/{rel}","templated":true}]}}