{"id":3696,"date":"2016-04-04T16:31:02","date_gmt":"2016-04-04T15:31:02","guid":{"rendered":"https:\/\/tnd.ontesting.co.uk\/sampunas-plaukams-auksinis-imbieras-300-ml\/"},"modified":"2021-10-15T21:25:15","modified_gmt":"2021-10-15T20:25:15","slug":"sampunas-plaukams-auksinis-imbieras-300-ml","status":"publish","type":"product","link":"https:\/\/tiandeproducts.co.uk\/lt\/sampunas-plaukams-auksinis-imbieras-300-ml\/","title":{"rendered":"\u0160amp\u016bnas plaukams \u201eAuksinis imbieras\u201c 300 ml."},"content":{"rendered":"<p>Auksinio imbiero ekstraktas, esantis \u0161io \u0161amp\u016bno sud\u0117tyje, nuslopina padid\u0117jus\u012f riebalini\u0173 liauk\u0173 aktyvum\u0105, pa\u0161alina pleiskan\u0173 atsiradimo prie\u017eastis. Aktyvina galvos odos mikrocirkuliacij\u0105, stimuliuoja plauk\u0173 svog\u016bn\u0117lius ir greitina plauk\u0173 augim\u0105. I\u0161skirtin\u0117 technologija pripildo plaukus gyvybin\u0117s energijos, efektyviai atkuria plauko strukt\u016br\u0105, padidina apimt\u012f, didina atsparum\u0105 agresyviam aplinkos poveikiui. Tinka vis\u0173 tip\u0173 plaukams. Kartu rekomenduojame tianDe plauk\u0173 balzam\u0105 \u201eAuksinis imbieras&#8221; (21309).<\/p>\n<p><strong>Veikliosios med\u017eiagos:<\/strong><\/p>\n<p><strong>Imbieras<\/strong>\u00a0Ryt\u0173 medicinoje rei\u0161kia universal\u0173 vaist\u0105, turint\u012f ypatingas antioksidantines, prie\u0161u\u017edegimines, prie\u0161mikrobines, tonizuojan\u010dias ir nuskausminan\u010dias savybes. Imbieras turi vitamino A, E, C, K, B grup\u0117s vitamin\u0173, beveik visas aminor\u016bg\u0161tis, mikroelementus: kal\u012f, kalc\u012f, gele\u017e\u012f, cink\u0105, fosfor\u0105, natr\u012f, magn\u012f, ir eterin\u012f aliej\u0173. Visi \u0161ie aktyv\u016bs komponentai stimuliuoja plauko svog\u016bn\u0117l\u012f, tvarko galvos odos problemas, gerina plauko elastingum\u0105, maitina nuo \u0161akn\u0173 iki galiuk\u0173.<\/p>\n<p><strong>Cinko piritionas<\/strong>\u00a0pasi\u017eymi prie\u0161grybeliniu ir antibakteriniu poveikiu. \u0160iuo metu cinko piritionas yra viena i\u0161 labiausiai naudojam\u0173 ir pripa\u017eint\u0173 veikli\u0173j\u0173 med\u017eiag\u0173, kuri ma\u017eina odos paraudimus ir nie\u017e\u0117jim\u0105, greitai ir efektyviai pa\u0161alina tiek riebias tiek sausas pleiskanas, apsaugo nuo j\u0173 pasikartojimo.<\/p>\n<p><strong>Pantenolio (provitamino B5)<\/strong>\u00a0veikliosios med\u017eiagos aktyviai dalyvauja odos l\u0105steli\u0173 atsinaujinimo procesuose, pasi\u017eymi raminan\u010diu, prie\u0161u\u017edegiminiu ir u\u017egydan\u010diu poveikiu, palaiko fiziologin\u012f vandens balans\u0105. Pantenolis gerina galvos odos med\u017eiag\u0173 apykait\u0105, ma\u017eina riebal\u0173 i\u0161siskyrim\u0105 ir mal\u0161ina nie\u017eul\u012f, didina kit\u0173 med\u017eiag\u0173 veiksmingum\u0105 (b\u016bdamas sud\u0117tyje kartu su kitomis med\u017eiagomis). Tai labai svarbi med\u017eiaga, kuri naudojama tikrai kokybi\u0161koje nat\u016bralioje kosmetikoje.<\/p>\n","protected":false},"excerpt":{"rendered":"<p>Auksinio imbiero ekstraktas, esantis \u0161io \u0161amp\u016bno sud\u0117tyje, nuslopina padid\u0117jus\u012f riebalini\u0173 liauk\u0173 aktyvum\u0105, pa\u0161alina pleiskan\u0173 atsiradimo prie\u017eastis. Aktyvina galvos odos mikrocirkuliacij\u0105, stimuliuoja plauk\u0173 svog\u016bn\u0117lius ir greitina plauk\u0173 augim\u0105. I\u0161skirtin\u0117 technologija pripildo plaukus gyvybin\u0117s energijos, efektyviai atkuria plauko strukt\u016br\u0105, padidina apimt\u012f, didina atsparum\u0105 agresyviam aplinkos poveikiui. Tinka vis\u0173 tip\u0173 plaukams. Kartu rekomenduojame tianDe plauk\u0173 balzam\u0105 \u201eAuksinis imbieras&#8221; [&#8230;]\n","protected":false},"featured_media":488,"comment_status":"closed","ping_status":"closed","template":"","meta":[],"product_cat":[664,634,672],"product_tag":[],"class_list":{"0":"post-3696","1":"product","2":"type-product","3":"status-publish","4":"has-post-thumbnail","6":"product_cat-master-herb-lt-2","7":"product_cat-plaukams","8":"product_cat-sampunai","10":"first","11":"instock","12":"shipping-taxable","13":"purchasable","14":"product-type-simple"},"yoast_head":"<!-- This site is optimized with the Yoast SEO plugin v23.6 - https:\/\/yoast.com\/wordpress\/plugins\/seo\/ -->\n<title>\u0160amp\u016bnas plaukams \u201eAuksinis imbieras\u201c 300 ml. - TianDe Online Shop - Beauty &amp; Health<\/title>\n<meta name=\"robots\" content=\"index, follow, max-snippet:-1, max-image-preview:large, max-video-preview:-1\" \/>\n<link rel=\"canonical\" href=\"https:\/\/tiandeproducts.co.uk\/lt\/sampunas-plaukams-auksinis-imbieras-300-ml\/\" \/>\n<meta property=\"og:locale\" content=\"lt_LT\" \/>\n<meta property=\"og:type\" content=\"article\" \/>\n<meta property=\"og:title\" content=\"\u0160amp\u016bnas plaukams \u201eAuksinis imbieras\u201c 300 ml. - TianDe Online Shop - Beauty &amp; Health\" \/>\n<meta property=\"og:description\" content=\"Auksinio imbiero ekstraktas, esantis \u0161io \u0161amp\u016bno sud\u0117tyje, nuslopina padid\u0117jus\u012f riebalini\u0173 liauk\u0173 aktyvum\u0105, pa\u0161alina pleiskan\u0173 atsiradimo prie\u017eastis. Aktyvina galvos odos mikrocirkuliacij\u0105, stimuliuoja plauk\u0173 svog\u016bn\u0117lius ir greitina plauk\u0173 augim\u0105. I\u0161skirtin\u0117 technologija pripildo plaukus gyvybin\u0117s energijos, efektyviai atkuria plauko strukt\u016br\u0105, padidina apimt\u012f, didina atsparum\u0105 agresyviam aplinkos poveikiui. Tinka vis\u0173 tip\u0173 plaukams. Kartu rekomenduojame tianDe plauk\u0173 balzam\u0105 \u201eAuksinis imbieras&#8221; [...]\" \/>\n<meta property=\"og:url\" content=\"https:\/\/tiandeproducts.co.uk\/lt\/sampunas-plaukams-auksinis-imbieras-300-ml\/\" \/>\n<meta property=\"og:site_name\" content=\"TianDe Online Shop - Beauty &amp; Health\" \/>\n<meta property=\"article:publisher\" content=\"https:\/\/www.facebook.com\/tiande.products.england\/\" \/>\n<meta property=\"article:modified_time\" content=\"2021-10-15T20:25:15+00:00\" \/>\n<meta property=\"og:image\" content=\"https:\/\/tiandeproducts.co.uk\/wp-content\/uploads\/2016\/04\/21308_new_1_.png\" \/>\n\t<meta property=\"og:image:width\" content=\"700\" \/>\n\t<meta property=\"og:image:height\" content=\"700\" \/>\n\t<meta property=\"og:image:type\" content=\"image\/png\" \/>\n<meta name=\"twitter:card\" content=\"summary_large_image\" \/>\n<meta name=\"twitter:label1\" content=\"Est. reading time\" \/>\n\t<meta name=\"twitter:data1\" content=\"1 minut\u0117\" \/>\n<script type=\"application\/ld+json\" class=\"yoast-schema-graph\">{\"@context\":\"https:\/\/schema.org\",\"@graph\":[{\"@type\":\"WebPage\",\"@id\":\"https:\/\/tiandeproducts.co.uk\/lt\/sampunas-plaukams-auksinis-imbieras-300-ml\/\",\"url\":\"https:\/\/tiandeproducts.co.uk\/lt\/sampunas-plaukams-auksinis-imbieras-300-ml\/\",\"name\":\"\u0160amp\u016bnas plaukams \u201eAuksinis imbieras\u201c 300 ml. - TianDe Online Shop - Beauty &amp; Health\",\"isPartOf\":{\"@id\":\"https:\/\/tiandeproducts.co.uk\/#website\"},\"primaryImageOfPage\":{\"@id\":\"https:\/\/tiandeproducts.co.uk\/lt\/sampunas-plaukams-auksinis-imbieras-300-ml\/#primaryimage\"},\"image\":{\"@id\":\"https:\/\/tiandeproducts.co.uk\/lt\/sampunas-plaukams-auksinis-imbieras-300-ml\/#primaryimage\"},\"thumbnailUrl\":\"https:\/\/tiandeproducts.co.uk\/wp-content\/uploads\/2016\/04\/21308_new_1_.png\",\"datePublished\":\"2016-04-04T15:31:02+00:00\",\"dateModified\":\"2021-10-15T20:25:15+00:00\",\"breadcrumb\":{\"@id\":\"https:\/\/tiandeproducts.co.uk\/lt\/sampunas-plaukams-auksinis-imbieras-300-ml\/#breadcrumb\"},\"inLanguage\":\"lt-LT\",\"potentialAction\":[{\"@type\":\"ReadAction\",\"target\":[\"https:\/\/tiandeproducts.co.uk\/lt\/sampunas-plaukams-auksinis-imbieras-300-ml\/\"]}]},{\"@type\":\"ImageObject\",\"inLanguage\":\"lt-LT\",\"@id\":\"https:\/\/tiandeproducts.co.uk\/lt\/sampunas-plaukams-auksinis-imbieras-300-ml\/#primaryimage\",\"url\":\"https:\/\/tiandeproducts.co.uk\/wp-content\/uploads\/2016\/04\/21308_new_1_.png\",\"contentUrl\":\"https:\/\/tiandeproducts.co.uk\/wp-content\/uploads\/2016\/04\/21308_new_1_.png\",\"width\":700,\"height\":700,\"caption\":\"Gold Ginger Hair Shampoo,Anti-dandruff,300ml-0\"},{\"@type\":\"BreadcrumbList\",\"@id\":\"https:\/\/tiandeproducts.co.uk\/lt\/sampunas-plaukams-auksinis-imbieras-300-ml\/#breadcrumb\",\"itemListElement\":[{\"@type\":\"ListItem\",\"position\":1,\"name\":\"Home\",\"item\":\"https:\/\/tiandeproducts.co.uk\/lt\/\"},{\"@type\":\"ListItem\",\"position\":2,\"name\":\"Shop\",\"item\":\"https:\/\/tiandeproducts.co.uk\/lt\/shop-2\/\"},{\"@type\":\"ListItem\",\"position\":3,\"name\":\"\u0160amp\u016bnas plaukams \u201eAuksinis imbieras\u201c 300 ml.\"}]},{\"@type\":\"WebSite\",\"@id\":\"https:\/\/tiandeproducts.co.uk\/#website\",\"url\":\"https:\/\/tiandeproducts.co.uk\/\",\"name\":\"TianDe Online Shop - Beauty & Health\",\"description\":\"Traditional Chinese Medicine\",\"potentialAction\":[{\"@type\":\"SearchAction\",\"target\":{\"@type\":\"EntryPoint\",\"urlTemplate\":\"https:\/\/tiandeproducts.co.uk\/?s={search_term_string}\"},\"query-input\":{\"@type\":\"PropertyValueSpecification\",\"valueRequired\":true,\"valueName\":\"search_term_string\"}}],\"inLanguage\":\"lt-LT\"}]}<\/script>\n<!-- \/ Yoast SEO plugin. -->","yoast_head_json":{"title":"\u0160amp\u016bnas plaukams \u201eAuksinis imbieras\u201c 300 ml. - TianDe Online Shop - Beauty &amp; Health","robots":{"index":"index","follow":"follow","max-snippet":"max-snippet:-1","max-image-preview":"max-image-preview:large","max-video-preview":"max-video-preview:-1"},"canonical":"https:\/\/tiandeproducts.co.uk\/lt\/sampunas-plaukams-auksinis-imbieras-300-ml\/","og_locale":"lt_LT","og_type":"article","og_title":"\u0160amp\u016bnas plaukams \u201eAuksinis imbieras\u201c 300 ml. - TianDe Online Shop - Beauty &amp; Health","og_description":"Auksinio imbiero ekstraktas, esantis \u0161io \u0161amp\u016bno sud\u0117tyje, nuslopina padid\u0117jus\u012f riebalini\u0173 liauk\u0173 aktyvum\u0105, pa\u0161alina pleiskan\u0173 atsiradimo prie\u017eastis. Aktyvina galvos odos mikrocirkuliacij\u0105, stimuliuoja plauk\u0173 svog\u016bn\u0117lius ir greitina plauk\u0173 augim\u0105. I\u0161skirtin\u0117 technologija pripildo plaukus gyvybin\u0117s energijos, efektyviai atkuria plauko strukt\u016br\u0105, padidina apimt\u012f, didina atsparum\u0105 agresyviam aplinkos poveikiui. Tinka vis\u0173 tip\u0173 plaukams. Kartu rekomenduojame tianDe plauk\u0173 balzam\u0105 \u201eAuksinis imbieras&#8221; [...]","og_url":"https:\/\/tiandeproducts.co.uk\/lt\/sampunas-plaukams-auksinis-imbieras-300-ml\/","og_site_name":"TianDe Online Shop - Beauty &amp; Health","article_publisher":"https:\/\/www.facebook.com\/tiande.products.england\/","article_modified_time":"2021-10-15T20:25:15+00:00","og_image":[{"width":700,"height":700,"url":"https:\/\/tiandeproducts.co.uk\/wp-content\/uploads\/2016\/04\/21308_new_1_.png","type":"image\/png"}],"twitter_card":"summary_large_image","twitter_misc":{"Est. reading time":"1 minut\u0117"},"schema":{"@context":"https:\/\/schema.org","@graph":[{"@type":"WebPage","@id":"https:\/\/tiandeproducts.co.uk\/lt\/sampunas-plaukams-auksinis-imbieras-300-ml\/","url":"https:\/\/tiandeproducts.co.uk\/lt\/sampunas-plaukams-auksinis-imbieras-300-ml\/","name":"\u0160amp\u016bnas plaukams \u201eAuksinis imbieras\u201c 300 ml. - TianDe Online Shop - Beauty &amp; Health","isPartOf":{"@id":"https:\/\/tiandeproducts.co.uk\/#website"},"primaryImageOfPage":{"@id":"https:\/\/tiandeproducts.co.uk\/lt\/sampunas-plaukams-auksinis-imbieras-300-ml\/#primaryimage"},"image":{"@id":"https:\/\/tiandeproducts.co.uk\/lt\/sampunas-plaukams-auksinis-imbieras-300-ml\/#primaryimage"},"thumbnailUrl":"https:\/\/tiandeproducts.co.uk\/wp-content\/uploads\/2016\/04\/21308_new_1_.png","datePublished":"2016-04-04T15:31:02+00:00","dateModified":"2021-10-15T20:25:15+00:00","breadcrumb":{"@id":"https:\/\/tiandeproducts.co.uk\/lt\/sampunas-plaukams-auksinis-imbieras-300-ml\/#breadcrumb"},"inLanguage":"lt-LT","potentialAction":[{"@type":"ReadAction","target":["https:\/\/tiandeproducts.co.uk\/lt\/sampunas-plaukams-auksinis-imbieras-300-ml\/"]}]},{"@type":"ImageObject","inLanguage":"lt-LT","@id":"https:\/\/tiandeproducts.co.uk\/lt\/sampunas-plaukams-auksinis-imbieras-300-ml\/#primaryimage","url":"https:\/\/tiandeproducts.co.uk\/wp-content\/uploads\/2016\/04\/21308_new_1_.png","contentUrl":"https:\/\/tiandeproducts.co.uk\/wp-content\/uploads\/2016\/04\/21308_new_1_.png","width":700,"height":700,"caption":"Gold Ginger Hair Shampoo,Anti-dandruff,300ml-0"},{"@type":"BreadcrumbList","@id":"https:\/\/tiandeproducts.co.uk\/lt\/sampunas-plaukams-auksinis-imbieras-300-ml\/#breadcrumb","itemListElement":[{"@type":"ListItem","position":1,"name":"Home","item":"https:\/\/tiandeproducts.co.uk\/lt\/"},{"@type":"ListItem","position":2,"name":"Shop","item":"https:\/\/tiandeproducts.co.uk\/lt\/shop-2\/"},{"@type":"ListItem","position":3,"name":"\u0160amp\u016bnas plaukams \u201eAuksinis imbieras\u201c 300 ml."}]},{"@type":"WebSite","@id":"https:\/\/tiandeproducts.co.uk\/#website","url":"https:\/\/tiandeproducts.co.uk\/","name":"TianDe Online Shop - Beauty & Health","description":"Traditional Chinese Medicine","potentialAction":[{"@type":"SearchAction","target":{"@type":"EntryPoint","urlTemplate":"https:\/\/tiandeproducts.co.uk\/?s={search_term_string}"},"query-input":{"@type":"PropertyValueSpecification","valueRequired":true,"valueName":"search_term_string"}}],"inLanguage":"lt-LT"}]}},"_links":{"self":[{"href":"https:\/\/tiandeproducts.co.uk\/lt\/wp-json\/wp\/v2\/product\/3696","targetHints":{"allow":["GET"]}}],"collection":[{"href":"https:\/\/tiandeproducts.co.uk\/lt\/wp-json\/wp\/v2\/product"}],"about":[{"href":"https:\/\/tiandeproducts.co.uk\/lt\/wp-json\/wp\/v2\/types\/product"}],"replies":[{"embeddable":true,"href":"https:\/\/tiandeproducts.co.uk\/lt\/wp-json\/wp\/v2\/comments?post=3696"}],"wp:featuredmedia":[{"embeddable":true,"href":"https:\/\/tiandeproducts.co.uk\/lt\/wp-json\/wp\/v2\/media\/488"}],"wp:attachment":[{"href":"https:\/\/tiandeproducts.co.uk\/lt\/wp-json\/wp\/v2\/media?parent=3696"}],"wp:term":[{"taxonomy":"product_cat","embeddable":true,"href":"https:\/\/tiandeproducts.co.uk\/lt\/wp-json\/wp\/v2\/product_cat?post=3696"},{"taxonomy":"product_tag","embeddable":true,"href":"https:\/\/tiandeproducts.co.uk\/lt\/wp-json\/wp\/v2\/product_tag?post=3696"}],"curies":[{"name":"wp","href":"https:\/\/api.w.org\/{rel}","templated":true}]}}