{"id":3695,"date":"2016-04-04T17:37:44","date_gmt":"2016-04-04T16:37:44","guid":{"rendered":"https:\/\/tnd.ontesting.co.uk\/sampunas-plaukams-su-alijosiaus-ekstraktu-200-g\/"},"modified":"2019-09-28T09:52:41","modified_gmt":"2019-09-28T08:52:41","slug":"sampunas-plaukams-su-alijosiaus-ekstraktu-200-g","status":"publish","type":"product","link":"https:\/\/tiandeproducts.co.uk\/lt\/sampunas-plaukams-su-alijosiaus-ekstraktu-200-g\/","title":{"rendered":"\u0160amp\u016bnas plaukams su Alijo\u0161iaus ekstraktu 200 g."},"content":{"rendered":"<p>\u0160amp\u016bnas \u0161velniai plauna plaukus ir tuo pat metu maitina galvos od\u0105, naikina per didel\u012f riebalavim\u0105si, garantuoja i\u0161puosel\u0117t\u0105 prie\u017ei\u016br\u0105 pa\u017eeistiems, ploniems ir silpniems plaukams, suteikia \u017evilgesio ir purumo. Sud\u0117tyje gausu vitamin\u0173 A, B, C ir E, kurie atgaivina plaukus, padidina apimt\u012f nuo pat \u0161akn\u0173, pripildo juos gyvybin\u0117s energijos.<\/p>\n<p>Nat\u016bral\u016bs augaliniai ekstraktai atstato\u00a0hidrobalans\u0105 nuo \u0161akn\u0173 iki galiuk\u0173, suteikia purumo ir blizgesio, nedirgina. Galima naudoti kasdien.<\/p>\n<p><strong>Veikliosios med\u017eiagos:<\/strong><\/p>\n<p><strong>Alavijo ekstraktas<\/strong>\u00a0\u2013 vienas i\u0161 efektyviausi\u0173 nat\u016bralioje gamtoje aptinkam\u0173 dr\u0117kikli\u0173. Jis intensyviai dr\u0117kina, pripildo plaukus nat\u016braliais antioksidantais (vitaminas A, B, C, E), daugiau nei 30-ia element\u0173, 18 aminor\u016bg\u0161\u010di\u0173 ir mineral\u0173. Alavijo ekstraktas ramina saus\u0105 galvos od\u0105, ma\u017eina u\u017edegiminius procesus, reguliuoja galvos odos riebalini\u0173 liauk\u0173 aktyvum\u0105. Alavijas ant plauko pavir\u0161iaus sukuria apsaugin\u0119 hidropl\u0117vel\u0119 ir kaupia joje dr\u0117gm\u0119, tai sugr\u0105\u017eina plaukui gyvybingum\u0105 ir blizges\u012f.<\/p>\n<p><strong>Kamelijos s\u0117kl\u0173 ekstraktas<\/strong>\u00a0pasi\u017eymi antioksidantin\u0117mis ir antimikrobin\u0117mis savyb\u0117mis. Mink\u0161tina ir dr\u0117kina od\u0105, saugo j\u0105 nuo sudirgimo.<\/p>\n<p><strong>Pipirm\u0117t\u0117s ekstraktas<\/strong>\u00a0ma\u017eina odos dirglum\u0105 ir u\u017edegim\u0105, mink\u0161tina.<\/p>\n<p><strong>Cinko piritionas<\/strong>\u00a0pasi\u017eymi prie\u0161grybeliniu ir antibakteriniu poveikiu. \u0160iuo metu cinko piritionas yra viena i\u0161 labiausiai naudojam\u0173 ir pripa\u017eint\u0173 veikli\u0173j\u0173 med\u017eiag\u0173, kuri ma\u017eina odos paraudimus ir nie\u017e\u0117jim\u0105, greitai ir efektyviai pa\u0161alina tiek riebias tiek sausas pleiskanas, apsaugo nuo j\u0173 pasikartojimo.<\/p>\n","protected":false},"excerpt":{"rendered":"<p>\u0160amp\u016bnas \u0161velniai plauna plaukus ir tuo pat metu maitina galvos od\u0105, naikina per didel\u012f riebalavim\u0105si, garantuoja i\u0161puosel\u0117t\u0105 prie\u017ei\u016br\u0105 pa\u017eeistiems, ploniems ir silpniems plaukams, suteikia \u017evilgesio ir purumo. Sud\u0117tyje gausu vitamin\u0173 A, B, C ir E, kurie atgaivina plaukus, padidina apimt\u012f nuo pat \u0161akn\u0173, pripildo juos gyvybin\u0117s energijos. Nat\u016bral\u016bs augaliniai ekstraktai atstato\u00a0hidrobalans\u0105 nuo \u0161akn\u0173 iki galiuk\u0173, [&#8230;]\n","protected":false},"featured_media":498,"comment_status":"closed","ping_status":"closed","template":"","meta":[],"product_cat":[635,666,634,672],"product_tag":[],"class_list":{"0":"post-3695","1":"product","2":"type-product","3":"status-publish","4":"has-post-thumbnail","6":"product_cat-aloe-rich-lt","7":"product_cat-apimties-didinimui","8":"product_cat-plaukams","9":"product_cat-sampunai","11":"first","12":"instock","13":"shipping-taxable","14":"purchasable","15":"product-type-simple"},"yoast_head":"<!-- This site is optimized with the Yoast SEO plugin v23.6 - https:\/\/yoast.com\/wordpress\/plugins\/seo\/ -->\n<title>\u0160amp\u016bnas plaukams su Alijo\u0161iaus ekstraktu 200 g. - TianDe Online Shop - Beauty &amp; Health<\/title>\n<meta name=\"robots\" content=\"index, follow, max-snippet:-1, max-image-preview:large, max-video-preview:-1\" \/>\n<link rel=\"canonical\" href=\"https:\/\/tiandeproducts.co.uk\/lt\/sampunas-plaukams-su-alijosiaus-ekstraktu-200-g\/\" \/>\n<meta property=\"og:locale\" content=\"lt_LT\" \/>\n<meta property=\"og:type\" content=\"article\" \/>\n<meta property=\"og:title\" content=\"\u0160amp\u016bnas plaukams su Alijo\u0161iaus ekstraktu 200 g. - TianDe Online Shop - Beauty &amp; Health\" \/>\n<meta property=\"og:description\" content=\"\u0160amp\u016bnas \u0161velniai plauna plaukus ir tuo pat metu maitina galvos od\u0105, naikina per didel\u012f riebalavim\u0105si, garantuoja i\u0161puosel\u0117t\u0105 prie\u017ei\u016br\u0105 pa\u017eeistiems, ploniems ir silpniems plaukams, suteikia \u017evilgesio ir purumo. Sud\u0117tyje gausu vitamin\u0173 A, B, C ir E, kurie atgaivina plaukus, padidina apimt\u012f nuo pat \u0161akn\u0173, pripildo juos gyvybin\u0117s energijos. Nat\u016bral\u016bs augaliniai ekstraktai atstato\u00a0hidrobalans\u0105 nuo \u0161akn\u0173 iki galiuk\u0173, [...]\" \/>\n<meta property=\"og:url\" content=\"https:\/\/tiandeproducts.co.uk\/lt\/sampunas-plaukams-su-alijosiaus-ekstraktu-200-g\/\" \/>\n<meta property=\"og:site_name\" content=\"TianDe Online Shop - Beauty &amp; Health\" \/>\n<meta property=\"article:publisher\" content=\"https:\/\/www.facebook.com\/tiande.products.england\/\" \/>\n<meta property=\"article:modified_time\" content=\"2019-09-28T08:52:41+00:00\" \/>\n<meta property=\"og:image\" content=\"https:\/\/tiandeproducts.co.uk\/wp-content\/uploads\/2016\/04\/20117.png\" \/>\n\t<meta property=\"og:image:width\" content=\"700\" \/>\n\t<meta property=\"og:image:height\" content=\"700\" \/>\n\t<meta property=\"og:image:type\" content=\"image\/png\" \/>\n<meta name=\"twitter:card\" content=\"summary_large_image\" \/>\n<meta name=\"twitter:label1\" content=\"Est. reading time\" \/>\n\t<meta name=\"twitter:data1\" content=\"1 minut\u0117\" \/>\n<script type=\"application\/ld+json\" class=\"yoast-schema-graph\">{\"@context\":\"https:\/\/schema.org\",\"@graph\":[{\"@type\":\"WebPage\",\"@id\":\"https:\/\/tiandeproducts.co.uk\/lt\/sampunas-plaukams-su-alijosiaus-ekstraktu-200-g\/\",\"url\":\"https:\/\/tiandeproducts.co.uk\/lt\/sampunas-plaukams-su-alijosiaus-ekstraktu-200-g\/\",\"name\":\"\u0160amp\u016bnas plaukams su Alijo\u0161iaus ekstraktu 200 g. - TianDe Online Shop - Beauty &amp; Health\",\"isPartOf\":{\"@id\":\"https:\/\/tiandeproducts.co.uk\/#website\"},\"primaryImageOfPage\":{\"@id\":\"https:\/\/tiandeproducts.co.uk\/lt\/sampunas-plaukams-su-alijosiaus-ekstraktu-200-g\/#primaryimage\"},\"image\":{\"@id\":\"https:\/\/tiandeproducts.co.uk\/lt\/sampunas-plaukams-su-alijosiaus-ekstraktu-200-g\/#primaryimage\"},\"thumbnailUrl\":\"https:\/\/tiandeproducts.co.uk\/wp-content\/uploads\/2016\/04\/20117.png\",\"datePublished\":\"2016-04-04T16:37:44+00:00\",\"dateModified\":\"2019-09-28T08:52:41+00:00\",\"breadcrumb\":{\"@id\":\"https:\/\/tiandeproducts.co.uk\/lt\/sampunas-plaukams-su-alijosiaus-ekstraktu-200-g\/#breadcrumb\"},\"inLanguage\":\"lt-LT\",\"potentialAction\":[{\"@type\":\"ReadAction\",\"target\":[\"https:\/\/tiandeproducts.co.uk\/lt\/sampunas-plaukams-su-alijosiaus-ekstraktu-200-g\/\"]}]},{\"@type\":\"ImageObject\",\"inLanguage\":\"lt-LT\",\"@id\":\"https:\/\/tiandeproducts.co.uk\/lt\/sampunas-plaukams-su-alijosiaus-ekstraktu-200-g\/#primaryimage\",\"url\":\"https:\/\/tiandeproducts.co.uk\/wp-content\/uploads\/2016\/04\/20117.png\",\"contentUrl\":\"https:\/\/tiandeproducts.co.uk\/wp-content\/uploads\/2016\/04\/20117.png\",\"width\":700,\"height\":700,\"caption\":\"Aloe Rich Volume-Up Hair Shampoo,200g-0\"},{\"@type\":\"BreadcrumbList\",\"@id\":\"https:\/\/tiandeproducts.co.uk\/lt\/sampunas-plaukams-su-alijosiaus-ekstraktu-200-g\/#breadcrumb\",\"itemListElement\":[{\"@type\":\"ListItem\",\"position\":1,\"name\":\"Home\",\"item\":\"https:\/\/tiandeproducts.co.uk\/lt\/\"},{\"@type\":\"ListItem\",\"position\":2,\"name\":\"Shop\",\"item\":\"https:\/\/tiandeproducts.co.uk\/lt\/shop-2\/\"},{\"@type\":\"ListItem\",\"position\":3,\"name\":\"\u0160amp\u016bnas plaukams su Alijo\u0161iaus ekstraktu 200 g.\"}]},{\"@type\":\"WebSite\",\"@id\":\"https:\/\/tiandeproducts.co.uk\/#website\",\"url\":\"https:\/\/tiandeproducts.co.uk\/\",\"name\":\"TianDe Online Shop - Beauty & Health\",\"description\":\"Traditional Chinese Medicine\",\"potentialAction\":[{\"@type\":\"SearchAction\",\"target\":{\"@type\":\"EntryPoint\",\"urlTemplate\":\"https:\/\/tiandeproducts.co.uk\/?s={search_term_string}\"},\"query-input\":{\"@type\":\"PropertyValueSpecification\",\"valueRequired\":true,\"valueName\":\"search_term_string\"}}],\"inLanguage\":\"lt-LT\"}]}<\/script>\n<!-- \/ Yoast SEO plugin. -->","yoast_head_json":{"title":"\u0160amp\u016bnas plaukams su Alijo\u0161iaus ekstraktu 200 g. - TianDe Online Shop - Beauty &amp; Health","robots":{"index":"index","follow":"follow","max-snippet":"max-snippet:-1","max-image-preview":"max-image-preview:large","max-video-preview":"max-video-preview:-1"},"canonical":"https:\/\/tiandeproducts.co.uk\/lt\/sampunas-plaukams-su-alijosiaus-ekstraktu-200-g\/","og_locale":"lt_LT","og_type":"article","og_title":"\u0160amp\u016bnas plaukams su Alijo\u0161iaus ekstraktu 200 g. - TianDe Online Shop - Beauty &amp; Health","og_description":"\u0160amp\u016bnas \u0161velniai plauna plaukus ir tuo pat metu maitina galvos od\u0105, naikina per didel\u012f riebalavim\u0105si, garantuoja i\u0161puosel\u0117t\u0105 prie\u017ei\u016br\u0105 pa\u017eeistiems, ploniems ir silpniems plaukams, suteikia \u017evilgesio ir purumo. Sud\u0117tyje gausu vitamin\u0173 A, B, C ir E, kurie atgaivina plaukus, padidina apimt\u012f nuo pat \u0161akn\u0173, pripildo juos gyvybin\u0117s energijos. Nat\u016bral\u016bs augaliniai ekstraktai atstato\u00a0hidrobalans\u0105 nuo \u0161akn\u0173 iki galiuk\u0173, [...]","og_url":"https:\/\/tiandeproducts.co.uk\/lt\/sampunas-plaukams-su-alijosiaus-ekstraktu-200-g\/","og_site_name":"TianDe Online Shop - Beauty &amp; Health","article_publisher":"https:\/\/www.facebook.com\/tiande.products.england\/","article_modified_time":"2019-09-28T08:52:41+00:00","og_image":[{"width":700,"height":700,"url":"https:\/\/tiandeproducts.co.uk\/wp-content\/uploads\/2016\/04\/20117.png","type":"image\/png"}],"twitter_card":"summary_large_image","twitter_misc":{"Est. reading time":"1 minut\u0117"},"schema":{"@context":"https:\/\/schema.org","@graph":[{"@type":"WebPage","@id":"https:\/\/tiandeproducts.co.uk\/lt\/sampunas-plaukams-su-alijosiaus-ekstraktu-200-g\/","url":"https:\/\/tiandeproducts.co.uk\/lt\/sampunas-plaukams-su-alijosiaus-ekstraktu-200-g\/","name":"\u0160amp\u016bnas plaukams su Alijo\u0161iaus ekstraktu 200 g. - TianDe Online Shop - Beauty &amp; Health","isPartOf":{"@id":"https:\/\/tiandeproducts.co.uk\/#website"},"primaryImageOfPage":{"@id":"https:\/\/tiandeproducts.co.uk\/lt\/sampunas-plaukams-su-alijosiaus-ekstraktu-200-g\/#primaryimage"},"image":{"@id":"https:\/\/tiandeproducts.co.uk\/lt\/sampunas-plaukams-su-alijosiaus-ekstraktu-200-g\/#primaryimage"},"thumbnailUrl":"https:\/\/tiandeproducts.co.uk\/wp-content\/uploads\/2016\/04\/20117.png","datePublished":"2016-04-04T16:37:44+00:00","dateModified":"2019-09-28T08:52:41+00:00","breadcrumb":{"@id":"https:\/\/tiandeproducts.co.uk\/lt\/sampunas-plaukams-su-alijosiaus-ekstraktu-200-g\/#breadcrumb"},"inLanguage":"lt-LT","potentialAction":[{"@type":"ReadAction","target":["https:\/\/tiandeproducts.co.uk\/lt\/sampunas-plaukams-su-alijosiaus-ekstraktu-200-g\/"]}]},{"@type":"ImageObject","inLanguage":"lt-LT","@id":"https:\/\/tiandeproducts.co.uk\/lt\/sampunas-plaukams-su-alijosiaus-ekstraktu-200-g\/#primaryimage","url":"https:\/\/tiandeproducts.co.uk\/wp-content\/uploads\/2016\/04\/20117.png","contentUrl":"https:\/\/tiandeproducts.co.uk\/wp-content\/uploads\/2016\/04\/20117.png","width":700,"height":700,"caption":"Aloe Rich Volume-Up Hair Shampoo,200g-0"},{"@type":"BreadcrumbList","@id":"https:\/\/tiandeproducts.co.uk\/lt\/sampunas-plaukams-su-alijosiaus-ekstraktu-200-g\/#breadcrumb","itemListElement":[{"@type":"ListItem","position":1,"name":"Home","item":"https:\/\/tiandeproducts.co.uk\/lt\/"},{"@type":"ListItem","position":2,"name":"Shop","item":"https:\/\/tiandeproducts.co.uk\/lt\/shop-2\/"},{"@type":"ListItem","position":3,"name":"\u0160amp\u016bnas plaukams su Alijo\u0161iaus ekstraktu 200 g."}]},{"@type":"WebSite","@id":"https:\/\/tiandeproducts.co.uk\/#website","url":"https:\/\/tiandeproducts.co.uk\/","name":"TianDe Online Shop - Beauty & Health","description":"Traditional Chinese Medicine","potentialAction":[{"@type":"SearchAction","target":{"@type":"EntryPoint","urlTemplate":"https:\/\/tiandeproducts.co.uk\/?s={search_term_string}"},"query-input":{"@type":"PropertyValueSpecification","valueRequired":true,"valueName":"search_term_string"}}],"inLanguage":"lt-LT"}]}},"_links":{"self":[{"href":"https:\/\/tiandeproducts.co.uk\/lt\/wp-json\/wp\/v2\/product\/3695","targetHints":{"allow":["GET"]}}],"collection":[{"href":"https:\/\/tiandeproducts.co.uk\/lt\/wp-json\/wp\/v2\/product"}],"about":[{"href":"https:\/\/tiandeproducts.co.uk\/lt\/wp-json\/wp\/v2\/types\/product"}],"replies":[{"embeddable":true,"href":"https:\/\/tiandeproducts.co.uk\/lt\/wp-json\/wp\/v2\/comments?post=3695"}],"wp:featuredmedia":[{"embeddable":true,"href":"https:\/\/tiandeproducts.co.uk\/lt\/wp-json\/wp\/v2\/media\/498"}],"wp:attachment":[{"href":"https:\/\/tiandeproducts.co.uk\/lt\/wp-json\/wp\/v2\/media?parent=3695"}],"wp:term":[{"taxonomy":"product_cat","embeddable":true,"href":"https:\/\/tiandeproducts.co.uk\/lt\/wp-json\/wp\/v2\/product_cat?post=3695"},{"taxonomy":"product_tag","embeddable":true,"href":"https:\/\/tiandeproducts.co.uk\/lt\/wp-json\/wp\/v2\/product_tag?post=3695"}],"curies":[{"name":"wp","href":"https:\/\/api.w.org\/{rel}","templated":true}]}}