{"id":3693,"date":"2016-04-04T17:50:14","date_gmt":"2016-04-04T16:50:14","guid":{"rendered":"https:\/\/tnd.ontesting.co.uk\/sampunas-nuo-plikimo-slinkimo-master-herb-420-ml\/"},"modified":"2021-12-30T11:51:23","modified_gmt":"2021-12-30T11:51:23","slug":"sampunas-nuo-plikimo-slinkimo-master-herb-420-ml","status":"publish","type":"product","link":"https:\/\/tiandeproducts.co.uk\/lt\/sampunas-nuo-plikimo-slinkimo-master-herb-420-ml\/","title":{"rendered":"\u0160amp\u016bnas nuo plikimo (slinkimo) &#8222;Master Herb&#8221; 420 ml."},"content":{"rendered":"<p>\u0160amp\u016bnas ypa\u010d veiksmingai sustiprina plauk\u0173 \u0161aknis, atstato pa\u017eeistus plaukus, aktyvina med\u017eiag\u0173 apykait\u0105 nuplikimo zonose, skatina nauj\u0173 plauk\u0173 augim\u0105. Naudojant ilgesn\u012f laik\u0105 priemon\u0117 sustabdo plauk\u0173 ret\u0117jim\u0105, gaus\u0173 slinkim\u0105, daro ypatingai teigiam\u0105 poveik\u012f galvos odai. Plaukai tampa sveiki, stipr\u016bs ir \u017evilgantys.<\/p>\n<p>Itin turtingos sud\u0117ties, subalansuotas \u017eolini\u0173 ekstrakt\u0173 kompleksas stiprina plauko svog\u016bn\u0117lio folikul\u0105, aktyvuoja l\u0105steli\u0173 dalinim\u0105si, tuo prailgina plauko gyvybin\u012f cikl\u0105. Reguliarus \u0161amp\u016bno naudojimas pilnai atstato mineral\u0173 ir vitamin\u0173 balans\u0105, b\u016btin\u0105 baltym\u0173 sintezei, o augalini\u0173 ekstrakt\u0173 sud\u0117tyje yra ne\u012fkainojamas aminor\u016bg\u0161\u010di\u0173, vitamin\u0173 ir mikroelement\u0173 rinkinys.<\/p>\n<p><strong>Veikliosios med\u017eiagos:<\/strong><\/p>\n<p><strong>Japonin\u0117 \u0161ventagar\u0161v\u0117<\/strong>\u00a0turi daug vitamin\u0173: A, B3, B12, C, E ir mineral\u0173: kalcio, gele\u017eies, cinko, magnio, natrio. Tai nat\u016bralus fitoestogen\u0173 (augaliniai hormonai) \u0161altinis.<\/p>\n<p><strong>\u017den\u0161enio<\/strong>\u00a0sud\u0117tyje gausu vitamin\u0173: E, B1, B21, B12, C, folio r\u016bg\u0161\u010di\u0173, mikroelement\u0173: fosforo, kalio, silicio, gele\u017eies, natrio, mangano, kalcio, cinko, magnio, titano ir kt. \u017den\u0161enis greitina med\u017eiag\u0173 apykait\u0105, puosel\u0117ja ir stiprina plaukus, gali saugoti nuo plikimo, dr\u0117gm\u0117s praradimo ir UV spinduli\u0173. Normalizuoja galvos riebalini\u0173 liauk\u0173 veikl\u0105.<\/p>\n<p><strong>Gelsv\u0117<\/strong>\u00a0saugo plaukus nuo slinkimo, suteikia blizgesio, \u0161velnumo, daro paklusnius.<\/p>\n<p>Jauninantis ir tonizuojantis r<strong>emanijos ekstraktas<\/strong>\u00a0greitina apykaitinius audini\u0173 procesus.<\/p>\n<p><strong>Cinko piritionas<\/strong>\u00a0pasi\u017eymi prie\u0161grybeliniu ir antibakteriniu poveikiu. \u0160iuo metu cinko piritionas yra viena i\u0161 labiausiai naudojam\u0173 ir pripa\u017eint\u0173 veikli\u0173j\u0173 med\u017eiag\u0173, kuri ma\u017eina odos paraudimus ir nie\u017e\u0117jim\u0105, greitai ir efektyviai pa\u0161alina tiek riebias tiek sausas pleiskanas, apsaugo nuo j\u0173 pasikartojimo.<\/p>\n<p><strong>Daugia\u017eied\u017eio kalnie\u010dio \u0161aknis<\/strong>\u00a0(dar vadinama \u0161ou vu) skatina nat\u016bralaus melanino gamyb\u0105, stabdo plauk\u0173 \u017eilim\u0105. Ekstraktas sustiprina plauk\u0173 maitinim\u0105, gr\u0105\u017eina plaukams nat\u016bral\u0173 blizges\u012f.<\/p>\n<p><strong>S\u0117jamosios juodgr\u016bd\u0117s s\u0117kl\u0173 ekstraktas<\/strong>\u00a0suteikia blizgesio, \u0161velnumo ir paklusnumo, turi kondicionuojan\u010di\u0173 savybi\u0173.<\/p>\n<p><strong>Pl\u0117v\u0117t\u0173j\u0173 kulk\u0161n\u0173 \u0161akn\u0173 ekstraktas<\/strong>\u00a0kondicionuoja od\u0105 ir plaukus.<\/p>\n","protected":false},"excerpt":{"rendered":"<p>\u0160amp\u016bnas ypa\u010d veiksmingai sustiprina plauk\u0173 \u0161aknis, atstato pa\u017eeistus plaukus, aktyvina med\u017eiag\u0173 apykait\u0105 nuplikimo zonose, skatina nauj\u0173 plauk\u0173 augim\u0105. Naudojant ilgesn\u012f laik\u0105 priemon\u0117 sustabdo plauk\u0173 ret\u0117jim\u0105, gaus\u0173 slinkim\u0105, daro ypatingai teigiam\u0105 poveik\u012f galvos odai. Plaukai tampa sveiki, stipr\u016bs ir \u017evilgantys. Itin turtingos sud\u0117ties, subalansuotas \u017eolini\u0173 ekstrakt\u0173 kompleksas stiprina plauko svog\u016bn\u0117lio folikul\u0105, aktyvuoja l\u0105steli\u0173 dalinim\u0105si, tuo prailgina [&#8230;]\n","protected":false},"featured_media":508,"comment_status":"closed","ping_status":"closed","template":"","meta":[],"product_cat":[131,45,129,102],"product_tag":[],"class_list":{"0":"post-3693","1":"product","2":"type-product","3":"status-publish","4":"has-post-thumbnail","6":"product_cat-master-herb","7":"product_cat-hair-care","8":"product_cat-growth-line","9":"product_cat-shampoos","11":"first","12":"instock","13":"shipping-taxable","14":"purchasable","15":"product-type-simple"},"yoast_head":"<!-- This site is optimized with the Yoast SEO plugin v23.6 - https:\/\/yoast.com\/wordpress\/plugins\/seo\/ -->\n<title>\u0160amp\u016bnas nuo plikimo (slinkimo) &quot;Master Herb&quot; 420 ml. - TianDe Online Shop - Beauty &amp; Health<\/title>\n<meta name=\"robots\" content=\"index, follow, max-snippet:-1, max-image-preview:large, max-video-preview:-1\" \/>\n<link rel=\"canonical\" href=\"https:\/\/tiandeproducts.co.uk\/lt\/sampunas-nuo-plikimo-slinkimo-master-herb-420-ml\/\" \/>\n<meta property=\"og:locale\" content=\"lt_LT\" \/>\n<meta property=\"og:type\" content=\"article\" \/>\n<meta property=\"og:title\" content=\"\u0160amp\u016bnas nuo plikimo (slinkimo) &quot;Master Herb&quot; 420 ml. - TianDe Online Shop - Beauty &amp; Health\" \/>\n<meta property=\"og:description\" content=\"\u0160amp\u016bnas ypa\u010d veiksmingai sustiprina plauk\u0173 \u0161aknis, atstato pa\u017eeistus plaukus, aktyvina med\u017eiag\u0173 apykait\u0105 nuplikimo zonose, skatina nauj\u0173 plauk\u0173 augim\u0105. Naudojant ilgesn\u012f laik\u0105 priemon\u0117 sustabdo plauk\u0173 ret\u0117jim\u0105, gaus\u0173 slinkim\u0105, daro ypatingai teigiam\u0105 poveik\u012f galvos odai. Plaukai tampa sveiki, stipr\u016bs ir \u017evilgantys. Itin turtingos sud\u0117ties, subalansuotas \u017eolini\u0173 ekstrakt\u0173 kompleksas stiprina plauko svog\u016bn\u0117lio folikul\u0105, aktyvuoja l\u0105steli\u0173 dalinim\u0105si, tuo prailgina [...]\" \/>\n<meta property=\"og:url\" content=\"https:\/\/tiandeproducts.co.uk\/lt\/sampunas-nuo-plikimo-slinkimo-master-herb-420-ml\/\" \/>\n<meta property=\"og:site_name\" content=\"TianDe Online Shop - Beauty &amp; Health\" \/>\n<meta property=\"article:publisher\" content=\"https:\/\/www.facebook.com\/tiande.products.england\/\" \/>\n<meta property=\"article:modified_time\" content=\"2021-12-30T11:51:23+00:00\" \/>\n<meta property=\"og:image\" content=\"https:\/\/tiandeproducts.co.uk\/wp-content\/uploads\/2016\/04\/21310_new.png\" \/>\n\t<meta property=\"og:image:width\" content=\"700\" \/>\n\t<meta property=\"og:image:height\" content=\"700\" \/>\n\t<meta property=\"og:image:type\" content=\"image\/png\" \/>\n<meta name=\"twitter:card\" content=\"summary_large_image\" \/>\n<meta name=\"twitter:label1\" content=\"Est. reading time\" \/>\n\t<meta name=\"twitter:data1\" content=\"2 minut\u0117s\" \/>\n<script type=\"application\/ld+json\" class=\"yoast-schema-graph\">{\"@context\":\"https:\/\/schema.org\",\"@graph\":[{\"@type\":\"WebPage\",\"@id\":\"https:\/\/tiandeproducts.co.uk\/lt\/sampunas-nuo-plikimo-slinkimo-master-herb-420-ml\/\",\"url\":\"https:\/\/tiandeproducts.co.uk\/lt\/sampunas-nuo-plikimo-slinkimo-master-herb-420-ml\/\",\"name\":\"\u0160amp\u016bnas nuo plikimo (slinkimo) \\\"Master Herb\\\" 420 ml. - TianDe Online Shop - Beauty &amp; Health\",\"isPartOf\":{\"@id\":\"https:\/\/tiandeproducts.co.uk\/#website\"},\"primaryImageOfPage\":{\"@id\":\"https:\/\/tiandeproducts.co.uk\/lt\/sampunas-nuo-plikimo-slinkimo-master-herb-420-ml\/#primaryimage\"},\"image\":{\"@id\":\"https:\/\/tiandeproducts.co.uk\/lt\/sampunas-nuo-plikimo-slinkimo-master-herb-420-ml\/#primaryimage\"},\"thumbnailUrl\":\"https:\/\/tiandeproducts.co.uk\/wp-content\/uploads\/2016\/04\/21310_new.png\",\"datePublished\":\"2016-04-04T16:50:14+00:00\",\"dateModified\":\"2021-12-30T11:51:23+00:00\",\"breadcrumb\":{\"@id\":\"https:\/\/tiandeproducts.co.uk\/lt\/sampunas-nuo-plikimo-slinkimo-master-herb-420-ml\/#breadcrumb\"},\"inLanguage\":\"lt-LT\",\"potentialAction\":[{\"@type\":\"ReadAction\",\"target\":[\"https:\/\/tiandeproducts.co.uk\/lt\/sampunas-nuo-plikimo-slinkimo-master-herb-420-ml\/\"]}]},{\"@type\":\"ImageObject\",\"inLanguage\":\"lt-LT\",\"@id\":\"https:\/\/tiandeproducts.co.uk\/lt\/sampunas-nuo-plikimo-slinkimo-master-herb-420-ml\/#primaryimage\",\"url\":\"https:\/\/tiandeproducts.co.uk\/wp-content\/uploads\/2016\/04\/21310_new.png\",\"contentUrl\":\"https:\/\/tiandeproducts.co.uk\/wp-content\/uploads\/2016\/04\/21310_new.png\",\"width\":700,\"height\":700,\"caption\":\"Master Herb Hair-Loss Reversal Shampoo,420ml-0\"},{\"@type\":\"BreadcrumbList\",\"@id\":\"https:\/\/tiandeproducts.co.uk\/lt\/sampunas-nuo-plikimo-slinkimo-master-herb-420-ml\/#breadcrumb\",\"itemListElement\":[{\"@type\":\"ListItem\",\"position\":1,\"name\":\"Home\",\"item\":\"https:\/\/tiandeproducts.co.uk\/lt\/\"},{\"@type\":\"ListItem\",\"position\":2,\"name\":\"Shop\",\"item\":\"https:\/\/tiandeproducts.co.uk\/lt\/shop-2\/\"},{\"@type\":\"ListItem\",\"position\":3,\"name\":\"\u0160amp\u016bnas nuo plikimo (slinkimo) &#8220;Master Herb&#8221; 420 ml.\"}]},{\"@type\":\"WebSite\",\"@id\":\"https:\/\/tiandeproducts.co.uk\/#website\",\"url\":\"https:\/\/tiandeproducts.co.uk\/\",\"name\":\"TianDe Online Shop - Beauty & Health\",\"description\":\"Traditional Chinese Medicine\",\"potentialAction\":[{\"@type\":\"SearchAction\",\"target\":{\"@type\":\"EntryPoint\",\"urlTemplate\":\"https:\/\/tiandeproducts.co.uk\/?s={search_term_string}\"},\"query-input\":{\"@type\":\"PropertyValueSpecification\",\"valueRequired\":true,\"valueName\":\"search_term_string\"}}],\"inLanguage\":\"lt-LT\"}]}<\/script>\n<!-- \/ Yoast SEO plugin. -->","yoast_head_json":{"title":"\u0160amp\u016bnas nuo plikimo (slinkimo) \"Master Herb\" 420 ml. - TianDe Online Shop - Beauty &amp; Health","robots":{"index":"index","follow":"follow","max-snippet":"max-snippet:-1","max-image-preview":"max-image-preview:large","max-video-preview":"max-video-preview:-1"},"canonical":"https:\/\/tiandeproducts.co.uk\/lt\/sampunas-nuo-plikimo-slinkimo-master-herb-420-ml\/","og_locale":"lt_LT","og_type":"article","og_title":"\u0160amp\u016bnas nuo plikimo (slinkimo) \"Master Herb\" 420 ml. - TianDe Online Shop - Beauty &amp; Health","og_description":"\u0160amp\u016bnas ypa\u010d veiksmingai sustiprina plauk\u0173 \u0161aknis, atstato pa\u017eeistus plaukus, aktyvina med\u017eiag\u0173 apykait\u0105 nuplikimo zonose, skatina nauj\u0173 plauk\u0173 augim\u0105. Naudojant ilgesn\u012f laik\u0105 priemon\u0117 sustabdo plauk\u0173 ret\u0117jim\u0105, gaus\u0173 slinkim\u0105, daro ypatingai teigiam\u0105 poveik\u012f galvos odai. Plaukai tampa sveiki, stipr\u016bs ir \u017evilgantys. Itin turtingos sud\u0117ties, subalansuotas \u017eolini\u0173 ekstrakt\u0173 kompleksas stiprina plauko svog\u016bn\u0117lio folikul\u0105, aktyvuoja l\u0105steli\u0173 dalinim\u0105si, tuo prailgina [...]","og_url":"https:\/\/tiandeproducts.co.uk\/lt\/sampunas-nuo-plikimo-slinkimo-master-herb-420-ml\/","og_site_name":"TianDe Online Shop - Beauty &amp; Health","article_publisher":"https:\/\/www.facebook.com\/tiande.products.england\/","article_modified_time":"2021-12-30T11:51:23+00:00","og_image":[{"width":700,"height":700,"url":"https:\/\/tiandeproducts.co.uk\/wp-content\/uploads\/2016\/04\/21310_new.png","type":"image\/png"}],"twitter_card":"summary_large_image","twitter_misc":{"Est. reading time":"2 minut\u0117s"},"schema":{"@context":"https:\/\/schema.org","@graph":[{"@type":"WebPage","@id":"https:\/\/tiandeproducts.co.uk\/lt\/sampunas-nuo-plikimo-slinkimo-master-herb-420-ml\/","url":"https:\/\/tiandeproducts.co.uk\/lt\/sampunas-nuo-plikimo-slinkimo-master-herb-420-ml\/","name":"\u0160amp\u016bnas nuo plikimo (slinkimo) \"Master Herb\" 420 ml. - TianDe Online Shop - Beauty &amp; Health","isPartOf":{"@id":"https:\/\/tiandeproducts.co.uk\/#website"},"primaryImageOfPage":{"@id":"https:\/\/tiandeproducts.co.uk\/lt\/sampunas-nuo-plikimo-slinkimo-master-herb-420-ml\/#primaryimage"},"image":{"@id":"https:\/\/tiandeproducts.co.uk\/lt\/sampunas-nuo-plikimo-slinkimo-master-herb-420-ml\/#primaryimage"},"thumbnailUrl":"https:\/\/tiandeproducts.co.uk\/wp-content\/uploads\/2016\/04\/21310_new.png","datePublished":"2016-04-04T16:50:14+00:00","dateModified":"2021-12-30T11:51:23+00:00","breadcrumb":{"@id":"https:\/\/tiandeproducts.co.uk\/lt\/sampunas-nuo-plikimo-slinkimo-master-herb-420-ml\/#breadcrumb"},"inLanguage":"lt-LT","potentialAction":[{"@type":"ReadAction","target":["https:\/\/tiandeproducts.co.uk\/lt\/sampunas-nuo-plikimo-slinkimo-master-herb-420-ml\/"]}]},{"@type":"ImageObject","inLanguage":"lt-LT","@id":"https:\/\/tiandeproducts.co.uk\/lt\/sampunas-nuo-plikimo-slinkimo-master-herb-420-ml\/#primaryimage","url":"https:\/\/tiandeproducts.co.uk\/wp-content\/uploads\/2016\/04\/21310_new.png","contentUrl":"https:\/\/tiandeproducts.co.uk\/wp-content\/uploads\/2016\/04\/21310_new.png","width":700,"height":700,"caption":"Master Herb Hair-Loss Reversal Shampoo,420ml-0"},{"@type":"BreadcrumbList","@id":"https:\/\/tiandeproducts.co.uk\/lt\/sampunas-nuo-plikimo-slinkimo-master-herb-420-ml\/#breadcrumb","itemListElement":[{"@type":"ListItem","position":1,"name":"Home","item":"https:\/\/tiandeproducts.co.uk\/lt\/"},{"@type":"ListItem","position":2,"name":"Shop","item":"https:\/\/tiandeproducts.co.uk\/lt\/shop-2\/"},{"@type":"ListItem","position":3,"name":"\u0160amp\u016bnas nuo plikimo (slinkimo) &#8220;Master Herb&#8221; 420 ml."}]},{"@type":"WebSite","@id":"https:\/\/tiandeproducts.co.uk\/#website","url":"https:\/\/tiandeproducts.co.uk\/","name":"TianDe Online Shop - Beauty & Health","description":"Traditional Chinese Medicine","potentialAction":[{"@type":"SearchAction","target":{"@type":"EntryPoint","urlTemplate":"https:\/\/tiandeproducts.co.uk\/?s={search_term_string}"},"query-input":{"@type":"PropertyValueSpecification","valueRequired":true,"valueName":"search_term_string"}}],"inLanguage":"lt-LT"}]}},"_links":{"self":[{"href":"https:\/\/tiandeproducts.co.uk\/lt\/wp-json\/wp\/v2\/product\/3693","targetHints":{"allow":["GET"]}}],"collection":[{"href":"https:\/\/tiandeproducts.co.uk\/lt\/wp-json\/wp\/v2\/product"}],"about":[{"href":"https:\/\/tiandeproducts.co.uk\/lt\/wp-json\/wp\/v2\/types\/product"}],"replies":[{"embeddable":true,"href":"https:\/\/tiandeproducts.co.uk\/lt\/wp-json\/wp\/v2\/comments?post=3693"}],"wp:featuredmedia":[{"embeddable":true,"href":"https:\/\/tiandeproducts.co.uk\/lt\/wp-json\/wp\/v2\/media\/508"}],"wp:attachment":[{"href":"https:\/\/tiandeproducts.co.uk\/lt\/wp-json\/wp\/v2\/media?parent=3693"}],"wp:term":[{"taxonomy":"product_cat","embeddable":true,"href":"https:\/\/tiandeproducts.co.uk\/lt\/wp-json\/wp\/v2\/product_cat?post=3693"},{"taxonomy":"product_tag","embeddable":true,"href":"https:\/\/tiandeproducts.co.uk\/lt\/wp-json\/wp\/v2\/product_tag?post=3693"}],"curies":[{"name":"wp","href":"https:\/\/api.w.org\/{rel}","templated":true}]}}