{"id":3692,"date":"2016-04-04T18:34:50","date_gmt":"2016-04-04T17:34:50","guid":{"rendered":"https:\/\/tnd.ontesting.co.uk\/sampunas-nuo-zilu-plauku-master-herb-420-ml\/"},"modified":"2020-10-18T09:49:45","modified_gmt":"2020-10-18T08:49:45","slug":"sampunas-nuo-zilu-plauku-master-herb-420-ml","status":"publish","type":"product","link":"https:\/\/tiandeproducts.co.uk\/lt\/sampunas-nuo-zilu-plauku-master-herb-420-ml\/","title":{"rendered":"\u0160amp\u016bnas nuo \u017eil\u0173 plauk\u0173 &#8222;Master Herb&#8221; 420 ml."},"content":{"rendered":"<p>\u0160amp\u016bnas padeda atstatyti nat\u016bral\u0173 plauko pigment\u0105, stimuliuoja melanino gamyb\u0105. Veikliosios med\u017eiagos aktyvina galvos odos kraujotak\u0105 ir limfos tek\u0117jim\u0105, efektyviai \u201etransportuoja\u201c deguon\u012f \u012f plauko svog\u016bn\u0117l\u012f. Tai ypatingai naudinga priemon\u0117 prad\u0117jusi\u0173 \u017eilti (\u017eil\u0173) plauk\u0173 prie\u017ei\u016brai. Sud\u0117tyje n\u0117ra da\u017ean\u010di\u0173 med\u017eiag\u0173.<\/p>\n<p>Gausus \u017eolini\u0173 ekstrakt\u0173 kompleksas idealiai tinka pa\u017eeist\u0173 plauk\u0173 prie\u017ei\u016brai, suteikia gyvybin\u0117s energijos, gerina apykaitinius procesus, skatina nauj\u0173 plauk\u0173 augim\u0105 ir nat\u016brali\u0105 j\u0173 apsaug\u0105.<\/p>\n<p><strong>Veikliosios med\u017eiagos:<\/strong><\/p>\n<p><strong>Smailiaskiautis skudutis<\/strong>\u00a0(\u0161ventagar\u0161v\u0117) turi daug vitamin\u0173: A, B3, B12, C, E ir mineral\u0173: kalcio, gele\u017eies, cinko, magnio, natrio. Jis nat\u016bralus fitoestogen\u0173 (augaliniai hormonai) \u0161altinis.<\/p>\n<p><strong>\u017den\u0161enis<\/strong>\u00a0&#8211; gyvyb\u0117s \u0161aknis, \u017einomas kaip pats did\u017eiausias adaptogenas. Apie vertingas gydom\u0105sias savybes \u017emonija \u017einojo jau prie\u0161 kelis t\u016bkstan\u010dius met\u0173. Sp\u0117jama, kad \u0161io augalo \u0161aknys gali i\u0161likti gyvybingos iki 400 met\u0173. \u017den\u0161enio sud\u0117tyje gausu vitamin\u0173: E, B1, B21, B12, C, folio r\u016bg\u0161\u010di\u0173, mikroelement\u0173: fosforo, kalio, silicio, gele\u017eies, natrio, mangano, kalcio, cinko, magnio, titano ir kt. \u012erodyta, kad jis ne tik stabdo plauk\u0173 slinkim\u0105, puosel\u0117ja ir stiprina plaukus, bet gali saugoti nuo plikimo, dr\u0117gm\u0117s praradimo ir UV spinduli\u0173.<\/p>\n<p><strong>Gelsv\u0117<\/strong>\u00a0saugo plaukus nuo slinkimo, suteikia blizgesio, \u0161velnumo, daro paklusnius.<\/p>\n<p><strong>Indini\u0173 sezam\u0173 aliejus<\/strong>\u00a0gerai dr\u0117kina ir mink\u0161tina od\u0105, apr\u016bpina j\u0105 naudingomis med\u017eiagomis, tinka vis\u0173 tip\u0173, ypa\u010d sausai odai. Sezam\u0173 aliejus turi antioksidantini\u0173 savybi\u0173, ypa\u010d naudingas gydant \u012fvairius odos sutrikimus (psoriaz\u0117, egzema ir kt).<\/p>\n","protected":false},"excerpt":{"rendered":"<p>\u0160amp\u016bnas padeda atstatyti nat\u016bral\u0173 plauko pigment\u0105, stimuliuoja melanino gamyb\u0105. Veikliosios med\u017eiagos aktyvina galvos odos kraujotak\u0105 ir limfos tek\u0117jim\u0105, efektyviai \u201etransportuoja\u201c deguon\u012f \u012f plauko svog\u016bn\u0117l\u012f. Tai ypatingai naudinga priemon\u0117 prad\u0117jusi\u0173 \u017eilti (\u017eil\u0173) plauk\u0173 prie\u017ei\u016brai. Sud\u0117tyje n\u0117ra da\u017ean\u010di\u0173 med\u017eiag\u0173. Gausus \u017eolini\u0173 ekstrakt\u0173 kompleksas idealiai tinka pa\u017eeist\u0173 plauk\u0173 prie\u017ei\u016brai, suteikia gyvybin\u0117s energijos, gerina apykaitinius procesus, skatina nauj\u0173 plauk\u0173 [&#8230;]\n","protected":false},"featured_media":513,"comment_status":"closed","ping_status":"closed","template":"","meta":[],"product_cat":[717,664,634,656,672],"product_tag":[],"class_list":{"0":"post-3692","1":"product","2":"type-product","3":"status-publish","4":"has-post-thumbnail","6":"product_cat-akcijos","7":"product_cat-master-herb-lt-2","8":"product_cat-plaukams","9":"product_cat-plauku-jaunyste","10":"product_cat-sampunai","12":"first","13":"instock","14":"sale","15":"shipping-taxable","16":"purchasable","17":"product-type-simple"},"yoast_head":"<!-- This site is optimized with the Yoast SEO plugin v23.6 - https:\/\/yoast.com\/wordpress\/plugins\/seo\/ -->\n<title>\u0160amp\u016bnas nuo \u017eil\u0173 plauk\u0173 &quot;Master Herb&quot; 420 ml. - TianDe Online Shop - Beauty &amp; Health<\/title>\n<meta name=\"robots\" content=\"index, follow, max-snippet:-1, max-image-preview:large, max-video-preview:-1\" \/>\n<link rel=\"canonical\" href=\"https:\/\/tiandeproducts.co.uk\/lt\/sampunas-nuo-zilu-plauku-master-herb-420-ml\/\" \/>\n<meta property=\"og:locale\" content=\"lt_LT\" \/>\n<meta property=\"og:type\" content=\"article\" \/>\n<meta property=\"og:title\" content=\"\u0160amp\u016bnas nuo \u017eil\u0173 plauk\u0173 &quot;Master Herb&quot; 420 ml. - TianDe Online Shop - Beauty &amp; Health\" \/>\n<meta property=\"og:description\" content=\"\u0160amp\u016bnas padeda atstatyti nat\u016bral\u0173 plauko pigment\u0105, stimuliuoja melanino gamyb\u0105. Veikliosios med\u017eiagos aktyvina galvos odos kraujotak\u0105 ir limfos tek\u0117jim\u0105, efektyviai \u201etransportuoja\u201c deguon\u012f \u012f plauko svog\u016bn\u0117l\u012f. Tai ypatingai naudinga priemon\u0117 prad\u0117jusi\u0173 \u017eilti (\u017eil\u0173) plauk\u0173 prie\u017ei\u016brai. Sud\u0117tyje n\u0117ra da\u017ean\u010di\u0173 med\u017eiag\u0173. Gausus \u017eolini\u0173 ekstrakt\u0173 kompleksas idealiai tinka pa\u017eeist\u0173 plauk\u0173 prie\u017ei\u016brai, suteikia gyvybin\u0117s energijos, gerina apykaitinius procesus, skatina nauj\u0173 plauk\u0173 [...]\" \/>\n<meta property=\"og:url\" content=\"https:\/\/tiandeproducts.co.uk\/lt\/sampunas-nuo-zilu-plauku-master-herb-420-ml\/\" \/>\n<meta property=\"og:site_name\" content=\"TianDe Online Shop - Beauty &amp; Health\" \/>\n<meta property=\"article:publisher\" content=\"https:\/\/www.facebook.com\/tiande.products.england\/\" \/>\n<meta property=\"article:modified_time\" content=\"2020-10-18T08:49:45+00:00\" \/>\n<meta property=\"og:image\" content=\"https:\/\/tiandeproducts.co.uk\/wp-content\/uploads\/2016\/04\/21315_new.png\" \/>\n\t<meta property=\"og:image:width\" content=\"700\" \/>\n\t<meta property=\"og:image:height\" content=\"700\" \/>\n\t<meta property=\"og:image:type\" content=\"image\/png\" \/>\n<meta name=\"twitter:card\" content=\"summary_large_image\" \/>\n<meta name=\"twitter:label1\" content=\"Est. reading time\" \/>\n\t<meta name=\"twitter:data1\" content=\"1 minut\u0117\" \/>\n<script type=\"application\/ld+json\" class=\"yoast-schema-graph\">{\"@context\":\"https:\/\/schema.org\",\"@graph\":[{\"@type\":\"WebPage\",\"@id\":\"https:\/\/tiandeproducts.co.uk\/lt\/sampunas-nuo-zilu-plauku-master-herb-420-ml\/\",\"url\":\"https:\/\/tiandeproducts.co.uk\/lt\/sampunas-nuo-zilu-plauku-master-herb-420-ml\/\",\"name\":\"\u0160amp\u016bnas nuo \u017eil\u0173 plauk\u0173 \\\"Master Herb\\\" 420 ml. - TianDe Online Shop - Beauty &amp; Health\",\"isPartOf\":{\"@id\":\"https:\/\/tiandeproducts.co.uk\/#website\"},\"primaryImageOfPage\":{\"@id\":\"https:\/\/tiandeproducts.co.uk\/lt\/sampunas-nuo-zilu-plauku-master-herb-420-ml\/#primaryimage\"},\"image\":{\"@id\":\"https:\/\/tiandeproducts.co.uk\/lt\/sampunas-nuo-zilu-plauku-master-herb-420-ml\/#primaryimage\"},\"thumbnailUrl\":\"https:\/\/tiandeproducts.co.uk\/wp-content\/uploads\/2016\/04\/21315_new.png\",\"datePublished\":\"2016-04-04T17:34:50+00:00\",\"dateModified\":\"2020-10-18T08:49:45+00:00\",\"breadcrumb\":{\"@id\":\"https:\/\/tiandeproducts.co.uk\/lt\/sampunas-nuo-zilu-plauku-master-herb-420-ml\/#breadcrumb\"},\"inLanguage\":\"lt-LT\",\"potentialAction\":[{\"@type\":\"ReadAction\",\"target\":[\"https:\/\/tiandeproducts.co.uk\/lt\/sampunas-nuo-zilu-plauku-master-herb-420-ml\/\"]}]},{\"@type\":\"ImageObject\",\"inLanguage\":\"lt-LT\",\"@id\":\"https:\/\/tiandeproducts.co.uk\/lt\/sampunas-nuo-zilu-plauku-master-herb-420-ml\/#primaryimage\",\"url\":\"https:\/\/tiandeproducts.co.uk\/wp-content\/uploads\/2016\/04\/21315_new.png\",\"contentUrl\":\"https:\/\/tiandeproducts.co.uk\/wp-content\/uploads\/2016\/04\/21315_new.png\",\"width\":700,\"height\":700,\"caption\":\"Master Herb Grey Hair Prevention Shampoo,420ml-0\"},{\"@type\":\"BreadcrumbList\",\"@id\":\"https:\/\/tiandeproducts.co.uk\/lt\/sampunas-nuo-zilu-plauku-master-herb-420-ml\/#breadcrumb\",\"itemListElement\":[{\"@type\":\"ListItem\",\"position\":1,\"name\":\"Home\",\"item\":\"https:\/\/tiandeproducts.co.uk\/lt\/\"},{\"@type\":\"ListItem\",\"position\":2,\"name\":\"Shop\",\"item\":\"https:\/\/tiandeproducts.co.uk\/lt\/shop-2\/\"},{\"@type\":\"ListItem\",\"position\":3,\"name\":\"\u0160amp\u016bnas nuo \u017eil\u0173 plauk\u0173 &#8220;Master Herb&#8221; 420 ml.\"}]},{\"@type\":\"WebSite\",\"@id\":\"https:\/\/tiandeproducts.co.uk\/#website\",\"url\":\"https:\/\/tiandeproducts.co.uk\/\",\"name\":\"TianDe Online Shop - Beauty & Health\",\"description\":\"Traditional Chinese Medicine\",\"potentialAction\":[{\"@type\":\"SearchAction\",\"target\":{\"@type\":\"EntryPoint\",\"urlTemplate\":\"https:\/\/tiandeproducts.co.uk\/?s={search_term_string}\"},\"query-input\":{\"@type\":\"PropertyValueSpecification\",\"valueRequired\":true,\"valueName\":\"search_term_string\"}}],\"inLanguage\":\"lt-LT\"}]}<\/script>\n<!-- \/ Yoast SEO plugin. -->","yoast_head_json":{"title":"\u0160amp\u016bnas nuo \u017eil\u0173 plauk\u0173 \"Master Herb\" 420 ml. - TianDe Online Shop - Beauty &amp; Health","robots":{"index":"index","follow":"follow","max-snippet":"max-snippet:-1","max-image-preview":"max-image-preview:large","max-video-preview":"max-video-preview:-1"},"canonical":"https:\/\/tiandeproducts.co.uk\/lt\/sampunas-nuo-zilu-plauku-master-herb-420-ml\/","og_locale":"lt_LT","og_type":"article","og_title":"\u0160amp\u016bnas nuo \u017eil\u0173 plauk\u0173 \"Master Herb\" 420 ml. - TianDe Online Shop - Beauty &amp; Health","og_description":"\u0160amp\u016bnas padeda atstatyti nat\u016bral\u0173 plauko pigment\u0105, stimuliuoja melanino gamyb\u0105. Veikliosios med\u017eiagos aktyvina galvos odos kraujotak\u0105 ir limfos tek\u0117jim\u0105, efektyviai \u201etransportuoja\u201c deguon\u012f \u012f plauko svog\u016bn\u0117l\u012f. Tai ypatingai naudinga priemon\u0117 prad\u0117jusi\u0173 \u017eilti (\u017eil\u0173) plauk\u0173 prie\u017ei\u016brai. Sud\u0117tyje n\u0117ra da\u017ean\u010di\u0173 med\u017eiag\u0173. Gausus \u017eolini\u0173 ekstrakt\u0173 kompleksas idealiai tinka pa\u017eeist\u0173 plauk\u0173 prie\u017ei\u016brai, suteikia gyvybin\u0117s energijos, gerina apykaitinius procesus, skatina nauj\u0173 plauk\u0173 [...]","og_url":"https:\/\/tiandeproducts.co.uk\/lt\/sampunas-nuo-zilu-plauku-master-herb-420-ml\/","og_site_name":"TianDe Online Shop - Beauty &amp; Health","article_publisher":"https:\/\/www.facebook.com\/tiande.products.england\/","article_modified_time":"2020-10-18T08:49:45+00:00","og_image":[{"width":700,"height":700,"url":"https:\/\/tiandeproducts.co.uk\/wp-content\/uploads\/2016\/04\/21315_new.png","type":"image\/png"}],"twitter_card":"summary_large_image","twitter_misc":{"Est. reading time":"1 minut\u0117"},"schema":{"@context":"https:\/\/schema.org","@graph":[{"@type":"WebPage","@id":"https:\/\/tiandeproducts.co.uk\/lt\/sampunas-nuo-zilu-plauku-master-herb-420-ml\/","url":"https:\/\/tiandeproducts.co.uk\/lt\/sampunas-nuo-zilu-plauku-master-herb-420-ml\/","name":"\u0160amp\u016bnas nuo \u017eil\u0173 plauk\u0173 \"Master Herb\" 420 ml. - TianDe Online Shop - Beauty &amp; Health","isPartOf":{"@id":"https:\/\/tiandeproducts.co.uk\/#website"},"primaryImageOfPage":{"@id":"https:\/\/tiandeproducts.co.uk\/lt\/sampunas-nuo-zilu-plauku-master-herb-420-ml\/#primaryimage"},"image":{"@id":"https:\/\/tiandeproducts.co.uk\/lt\/sampunas-nuo-zilu-plauku-master-herb-420-ml\/#primaryimage"},"thumbnailUrl":"https:\/\/tiandeproducts.co.uk\/wp-content\/uploads\/2016\/04\/21315_new.png","datePublished":"2016-04-04T17:34:50+00:00","dateModified":"2020-10-18T08:49:45+00:00","breadcrumb":{"@id":"https:\/\/tiandeproducts.co.uk\/lt\/sampunas-nuo-zilu-plauku-master-herb-420-ml\/#breadcrumb"},"inLanguage":"lt-LT","potentialAction":[{"@type":"ReadAction","target":["https:\/\/tiandeproducts.co.uk\/lt\/sampunas-nuo-zilu-plauku-master-herb-420-ml\/"]}]},{"@type":"ImageObject","inLanguage":"lt-LT","@id":"https:\/\/tiandeproducts.co.uk\/lt\/sampunas-nuo-zilu-plauku-master-herb-420-ml\/#primaryimage","url":"https:\/\/tiandeproducts.co.uk\/wp-content\/uploads\/2016\/04\/21315_new.png","contentUrl":"https:\/\/tiandeproducts.co.uk\/wp-content\/uploads\/2016\/04\/21315_new.png","width":700,"height":700,"caption":"Master Herb Grey Hair Prevention Shampoo,420ml-0"},{"@type":"BreadcrumbList","@id":"https:\/\/tiandeproducts.co.uk\/lt\/sampunas-nuo-zilu-plauku-master-herb-420-ml\/#breadcrumb","itemListElement":[{"@type":"ListItem","position":1,"name":"Home","item":"https:\/\/tiandeproducts.co.uk\/lt\/"},{"@type":"ListItem","position":2,"name":"Shop","item":"https:\/\/tiandeproducts.co.uk\/lt\/shop-2\/"},{"@type":"ListItem","position":3,"name":"\u0160amp\u016bnas nuo \u017eil\u0173 plauk\u0173 &#8220;Master Herb&#8221; 420 ml."}]},{"@type":"WebSite","@id":"https:\/\/tiandeproducts.co.uk\/#website","url":"https:\/\/tiandeproducts.co.uk\/","name":"TianDe Online Shop - Beauty & Health","description":"Traditional Chinese Medicine","potentialAction":[{"@type":"SearchAction","target":{"@type":"EntryPoint","urlTemplate":"https:\/\/tiandeproducts.co.uk\/?s={search_term_string}"},"query-input":{"@type":"PropertyValueSpecification","valueRequired":true,"valueName":"search_term_string"}}],"inLanguage":"lt-LT"}]}},"_links":{"self":[{"href":"https:\/\/tiandeproducts.co.uk\/lt\/wp-json\/wp\/v2\/product\/3692","targetHints":{"allow":["GET"]}}],"collection":[{"href":"https:\/\/tiandeproducts.co.uk\/lt\/wp-json\/wp\/v2\/product"}],"about":[{"href":"https:\/\/tiandeproducts.co.uk\/lt\/wp-json\/wp\/v2\/types\/product"}],"replies":[{"embeddable":true,"href":"https:\/\/tiandeproducts.co.uk\/lt\/wp-json\/wp\/v2\/comments?post=3692"}],"wp:featuredmedia":[{"embeddable":true,"href":"https:\/\/tiandeproducts.co.uk\/lt\/wp-json\/wp\/v2\/media\/513"}],"wp:attachment":[{"href":"https:\/\/tiandeproducts.co.uk\/lt\/wp-json\/wp\/v2\/media?parent=3692"}],"wp:term":[{"taxonomy":"product_cat","embeddable":true,"href":"https:\/\/tiandeproducts.co.uk\/lt\/wp-json\/wp\/v2\/product_cat?post=3692"},{"taxonomy":"product_tag","embeddable":true,"href":"https:\/\/tiandeproducts.co.uk\/lt\/wp-json\/wp\/v2\/product_tag?post=3692"}],"curies":[{"name":"wp","href":"https:\/\/api.w.org\/{rel}","templated":true}]}}