{"id":3691,"date":"2016-04-04T18:40:08","date_gmt":"2016-04-04T17:40:08","guid":{"rendered":"https:\/\/tnd.ontesting.co.uk\/sampunas-augimo-aktyvatorius-plaukams-bio-rehab-250-g\/"},"modified":"2022-06-03T18:52:10","modified_gmt":"2022-06-03T17:52:10","slug":"sampunas-augimo-aktyvatorius-plaukams-bio-rehab-250-g","status":"publish","type":"product","link":"https:\/\/tiandeproducts.co.uk\/lt\/sampunas-augimo-aktyvatorius-plaukams-bio-rehab-250-g\/","title":{"rendered":"\u0160amp\u016bnas \u2013 augimo aktyvatorius plaukams \u201eBio Rehab\u201c 250 g."},"content":{"rendered":"<p>\u201eBio Rehab\u201c \u0161amp\u016bnas &#8211;\u00a0plauk\u0173 augimo aktyvatorius \u2013 inovacinis kosmetinis produktas, aktyviai kovojantis prie\u0161 nuplikim\u0105. \u012e \u0160amp\u016bno sud\u0117t\u012f \u012feina nat\u016bral\u016bs fitoestrogenai, kurie efektyviai atstato, aktyvina plauko svog\u016bn\u0117l\u012f, tuo pa\u010diu skatina nauj\u0173 plauk\u0173 augim\u0105. Fitoestrogenai taip pat saugo sveikus plaukus nuo slinkimo.<\/p>\n<p>Biologi\u0161kai aktyvi\u0173 \u017eoleli\u0173 ekstraktai tiesiogiai veikia plauko folikul\u0105 ir vis\u0105 plauko ilg\u012f, aktyvina kraujo mikrocirkuliacij\u0105, skatina nauj\u0173 plauk\u0173 augim\u0105, \u0161alina pleiskanas.\u00a0Didelis kiekis maitinam\u0173j\u0173 med\u017eiag\u0173 sugr\u0105\u017eina plaukams sveik\u0105 i\u0161vaizd\u0105 ir gro\u017e\u012f, stiprina, padeda pasiekti pageidaujam\u0105 rezultat\u0105 per trump\u0105 laik\u0105. Sud\u0117tyje n\u0117ra sulfat\u0173.<\/p>\n<p><strong>Naudojimas:<\/strong><br \/>\nNedidel\u012f kiek\u012f \u0161amp\u016bno \u0161velniai \u012ftrinkite \u012f \u0161lapius plaukus, pamasa\u017euokite, nuskalaukite didesniu kiekiu vandens.<\/p>\n<p><strong>Veikliosios med\u017eiagos:<\/strong><\/p>\n<div class=\"product_second_section\">\n<div class=\"container\">\n<div class=\"bottom_more_info_block pro_more_info p-t-1 p-b-1 \">\n<div class=\"product_info_tabs sttab_block mobile_tab  sttab_2 sttab_2_2 \">\n<div class=\"tab-content \">\n<div id=\"easycontent-tab-21\" class=\"tab-pane active\" role=\"tabpanel\">\n<div class=\"tab-pane-body\">\n<div class=\"product-easycontent-block\">\n<aside id=\"easycontent_21\" class=\"easycontent_21   block  easycontent   \">\n<div class=\"style_content  block_content \">\n<div class=\"easy_brother_block text-1 text-md-0\">\n<p><strong>Kaln\u0173 imbiero ekstrakto<\/strong>\u00a0ir\u00a0<strong>Tibeto \u017eoli\u0173<\/strong>\u00a0kompleksas &#8211; gerina kraujo mikrocirkuliacij\u0105, naikina pleiskanas (saugo nuo j\u0173 atsiradimo) ir sebor\u0117j\u0105, palaiko visos galvos odos nat\u016bral\u0173 vandens-lipid\u0173 balans\u0105.<\/p>\n<p><strong>Pantenolio (provitamino B5)<\/strong>\u00a0veikliosios med\u017eiagos aktyviai dalyvauja odos l\u0105steli\u0173 atsinaujinimo procesuose, pasi\u017eymi raminan\u010diu, prie\u0161u\u017edegiminiu ir u\u017egydan\u010diu poveikiu, palaiko fiziologin\u012f vandens balans\u0105. Pantenolis gerina galvos odos med\u017eiag\u0173 apykait\u0105, ma\u017eina riebal\u0173 i\u0161siskyrim\u0105 ir mal\u0161ina nie\u017eul\u012f, didina kit\u0173 med\u017eiag\u0173 veiksmingum\u0105 (b\u016bdamas sud\u0117tyje kartu su kitomis med\u017eiagomis). Tai labai svarbi med\u017eiaga, kuri naudojama tikrai kokybi\u0161koje nat\u016bralioje kosmetikoje.<\/p>\n<p><strong>Klimbazolis<\/strong>\u00a0pasi\u017eymi prie\u0161grybeliniu poveikiu ir naudojamas gydant grybelinius odos susirgimus.<\/p>\n<\/div>\n<div id=\"steasy_column_44\" class=\"row \">\n<div id=\"steasy_column_45\" class=\"col-lg-12 steasy_column \">\n<div class=\"steasy_element_block\">\n<div class=\"row\">\n<div id=\"steasy_element_35\" class=\"col-lg-12 sttext_block sttext_1 sttext_1_2 \">\n<div class=\"steasy_element_item text-0  text-md-0   clearfix \">\n<div class=\"sttext_item_content \"><\/div>\n<\/div>\n<\/div>\n<\/div>\n<\/div>\n<\/div>\n<\/div>\n<\/div>\n<\/aside>\n<\/div>\n<\/div>\n<\/div>\n<\/div>\n<\/div>\n<\/div>\n<\/div>\n<\/div>\n<div class=\"product_third_section\">\n<div class=\"container\">\n<div id=\"strelatedproducts_container_01182a9005\" class=\"strelatedproducts_container  block  s_countdown_block   products_container  \">\n<section class=\"products_section\">\n<div class=\"row flex_lg_container flex_stretch\">\n<div class=\"col-lg-12 products_slider \">\n<div class=\"title_block flex_container title_align_1 title_style_0\"><\/div>\n<\/div>\n<\/div>\n<\/section>\n<\/div>\n<\/div>\n<\/div>\n","protected":false},"excerpt":{"rendered":"<p>\u201eBio Rehab\u201c \u0161amp\u016bnas &#8211;\u00a0plauk\u0173 augimo aktyvatorius \u2013 inovacinis kosmetinis produktas, aktyviai kovojantis prie\u0161 nuplikim\u0105. \u012e \u0160amp\u016bno sud\u0117t\u012f \u012feina nat\u016bral\u016bs fitoestrogenai, kurie efektyviai atstato, aktyvina plauko svog\u016bn\u0117l\u012f, tuo pa\u010diu skatina nauj\u0173 plauk\u0173 augim\u0105. Fitoestrogenai taip pat saugo sveikus plaukus nuo slinkimo. Biologi\u0161kai aktyvi\u0173 \u017eoleli\u0173 ekstraktai tiesiogiai veikia plauko folikul\u0105 ir vis\u0105 plauko ilg\u012f, aktyvina kraujo mikrocirkuliacij\u0105, [&#8230;]\n","protected":false},"featured_media":518,"comment_status":"closed","ping_status":"closed","template":"","meta":[],"product_cat":[638,634,653,672],"product_tag":[],"class_list":{"0":"post-3691","1":"product","2":"type-product","3":"status-publish","4":"has-post-thumbnail","6":"product_cat-bio-rehab-lt","7":"product_cat-plaukams","8":"product_cat-plauku-augimo-linija","9":"product_cat-sampunai","11":"first","12":"instock","13":"shipping-taxable","14":"purchasable","15":"product-type-simple"},"yoast_head":"<!-- This site is optimized with the Yoast SEO plugin v23.6 - https:\/\/yoast.com\/wordpress\/plugins\/seo\/ -->\n<title>\u0160amp\u016bnas \u2013 augimo aktyvatorius plaukams \u201eBio Rehab\u201c 250 g. - TianDe Online Shop - Beauty &amp; Health<\/title>\n<meta name=\"robots\" content=\"index, follow, max-snippet:-1, max-image-preview:large, max-video-preview:-1\" \/>\n<link rel=\"canonical\" href=\"https:\/\/tiandeproducts.co.uk\/lt\/sampunas-augimo-aktyvatorius-plaukams-bio-rehab-250-g\/\" \/>\n<meta property=\"og:locale\" content=\"lt_LT\" \/>\n<meta property=\"og:type\" content=\"article\" \/>\n<meta property=\"og:title\" content=\"\u0160amp\u016bnas \u2013 augimo aktyvatorius plaukams \u201eBio Rehab\u201c 250 g. - TianDe Online Shop - Beauty &amp; Health\" \/>\n<meta property=\"og:description\" content=\"\u201eBio Rehab\u201c \u0161amp\u016bnas &#8211;\u00a0plauk\u0173 augimo aktyvatorius \u2013 inovacinis kosmetinis produktas, aktyviai kovojantis prie\u0161 nuplikim\u0105. \u012e \u0160amp\u016bno sud\u0117t\u012f \u012feina nat\u016bral\u016bs fitoestrogenai, kurie efektyviai atstato, aktyvina plauko svog\u016bn\u0117l\u012f, tuo pa\u010diu skatina nauj\u0173 plauk\u0173 augim\u0105. Fitoestrogenai taip pat saugo sveikus plaukus nuo slinkimo. Biologi\u0161kai aktyvi\u0173 \u017eoleli\u0173 ekstraktai tiesiogiai veikia plauko folikul\u0105 ir vis\u0105 plauko ilg\u012f, aktyvina kraujo mikrocirkuliacij\u0105, [...]\" \/>\n<meta property=\"og:url\" content=\"https:\/\/tiandeproducts.co.uk\/lt\/sampunas-augimo-aktyvatorius-plaukams-bio-rehab-250-g\/\" \/>\n<meta property=\"og:site_name\" content=\"TianDe Online Shop - Beauty &amp; Health\" \/>\n<meta property=\"article:publisher\" content=\"https:\/\/www.facebook.com\/tiande.products.england\/\" \/>\n<meta property=\"article:modified_time\" content=\"2022-06-03T17:52:10+00:00\" \/>\n<meta property=\"og:image\" content=\"https:\/\/tiandeproducts.co.uk\/wp-content\/uploads\/2016\/04\/23401_new.png\" \/>\n\t<meta property=\"og:image:width\" content=\"700\" \/>\n\t<meta property=\"og:image:height\" content=\"700\" \/>\n\t<meta property=\"og:image:type\" content=\"image\/png\" \/>\n<meta name=\"twitter:card\" content=\"summary_large_image\" \/>\n<meta name=\"twitter:label1\" content=\"Est. reading time\" \/>\n\t<meta name=\"twitter:data1\" content=\"1 minut\u0117\" \/>\n<script type=\"application\/ld+json\" class=\"yoast-schema-graph\">{\"@context\":\"https:\/\/schema.org\",\"@graph\":[{\"@type\":\"WebPage\",\"@id\":\"https:\/\/tiandeproducts.co.uk\/lt\/sampunas-augimo-aktyvatorius-plaukams-bio-rehab-250-g\/\",\"url\":\"https:\/\/tiandeproducts.co.uk\/lt\/sampunas-augimo-aktyvatorius-plaukams-bio-rehab-250-g\/\",\"name\":\"\u0160amp\u016bnas \u2013 augimo aktyvatorius plaukams \u201eBio Rehab\u201c 250 g. - TianDe Online Shop - Beauty &amp; Health\",\"isPartOf\":{\"@id\":\"https:\/\/tiandeproducts.co.uk\/#website\"},\"primaryImageOfPage\":{\"@id\":\"https:\/\/tiandeproducts.co.uk\/lt\/sampunas-augimo-aktyvatorius-plaukams-bio-rehab-250-g\/#primaryimage\"},\"image\":{\"@id\":\"https:\/\/tiandeproducts.co.uk\/lt\/sampunas-augimo-aktyvatorius-plaukams-bio-rehab-250-g\/#primaryimage\"},\"thumbnailUrl\":\"https:\/\/tiandeproducts.co.uk\/wp-content\/uploads\/2016\/04\/23401_new.png\",\"datePublished\":\"2016-04-04T17:40:08+00:00\",\"dateModified\":\"2022-06-03T17:52:10+00:00\",\"breadcrumb\":{\"@id\":\"https:\/\/tiandeproducts.co.uk\/lt\/sampunas-augimo-aktyvatorius-plaukams-bio-rehab-250-g\/#breadcrumb\"},\"inLanguage\":\"lt-LT\",\"potentialAction\":[{\"@type\":\"ReadAction\",\"target\":[\"https:\/\/tiandeproducts.co.uk\/lt\/sampunas-augimo-aktyvatorius-plaukams-bio-rehab-250-g\/\"]}]},{\"@type\":\"ImageObject\",\"inLanguage\":\"lt-LT\",\"@id\":\"https:\/\/tiandeproducts.co.uk\/lt\/sampunas-augimo-aktyvatorius-plaukams-bio-rehab-250-g\/#primaryimage\",\"url\":\"https:\/\/tiandeproducts.co.uk\/wp-content\/uploads\/2016\/04\/23401_new.png\",\"contentUrl\":\"https:\/\/tiandeproducts.co.uk\/wp-content\/uploads\/2016\/04\/23401_new.png\",\"width\":700,\"height\":700,\"caption\":\"Hair Growth Activator Shampoo,Power in length,250g-0\"},{\"@type\":\"BreadcrumbList\",\"@id\":\"https:\/\/tiandeproducts.co.uk\/lt\/sampunas-augimo-aktyvatorius-plaukams-bio-rehab-250-g\/#breadcrumb\",\"itemListElement\":[{\"@type\":\"ListItem\",\"position\":1,\"name\":\"Home\",\"item\":\"https:\/\/tiandeproducts.co.uk\/lt\/\"},{\"@type\":\"ListItem\",\"position\":2,\"name\":\"Shop\",\"item\":\"https:\/\/tiandeproducts.co.uk\/lt\/shop-2\/\"},{\"@type\":\"ListItem\",\"position\":3,\"name\":\"\u0160amp\u016bnas \u2013 augimo aktyvatorius plaukams \u201eBio Rehab\u201c 250 g.\"}]},{\"@type\":\"WebSite\",\"@id\":\"https:\/\/tiandeproducts.co.uk\/#website\",\"url\":\"https:\/\/tiandeproducts.co.uk\/\",\"name\":\"TianDe Online Shop - Beauty & Health\",\"description\":\"Traditional Chinese Medicine\",\"potentialAction\":[{\"@type\":\"SearchAction\",\"target\":{\"@type\":\"EntryPoint\",\"urlTemplate\":\"https:\/\/tiandeproducts.co.uk\/?s={search_term_string}\"},\"query-input\":{\"@type\":\"PropertyValueSpecification\",\"valueRequired\":true,\"valueName\":\"search_term_string\"}}],\"inLanguage\":\"lt-LT\"}]}<\/script>\n<!-- \/ Yoast SEO plugin. -->","yoast_head_json":{"title":"\u0160amp\u016bnas \u2013 augimo aktyvatorius plaukams \u201eBio Rehab\u201c 250 g. - TianDe Online Shop - Beauty &amp; Health","robots":{"index":"index","follow":"follow","max-snippet":"max-snippet:-1","max-image-preview":"max-image-preview:large","max-video-preview":"max-video-preview:-1"},"canonical":"https:\/\/tiandeproducts.co.uk\/lt\/sampunas-augimo-aktyvatorius-plaukams-bio-rehab-250-g\/","og_locale":"lt_LT","og_type":"article","og_title":"\u0160amp\u016bnas \u2013 augimo aktyvatorius plaukams \u201eBio Rehab\u201c 250 g. - TianDe Online Shop - Beauty &amp; Health","og_description":"\u201eBio Rehab\u201c \u0161amp\u016bnas &#8211;\u00a0plauk\u0173 augimo aktyvatorius \u2013 inovacinis kosmetinis produktas, aktyviai kovojantis prie\u0161 nuplikim\u0105. \u012e \u0160amp\u016bno sud\u0117t\u012f \u012feina nat\u016bral\u016bs fitoestrogenai, kurie efektyviai atstato, aktyvina plauko svog\u016bn\u0117l\u012f, tuo pa\u010diu skatina nauj\u0173 plauk\u0173 augim\u0105. Fitoestrogenai taip pat saugo sveikus plaukus nuo slinkimo. Biologi\u0161kai aktyvi\u0173 \u017eoleli\u0173 ekstraktai tiesiogiai veikia plauko folikul\u0105 ir vis\u0105 plauko ilg\u012f, aktyvina kraujo mikrocirkuliacij\u0105, [...]","og_url":"https:\/\/tiandeproducts.co.uk\/lt\/sampunas-augimo-aktyvatorius-plaukams-bio-rehab-250-g\/","og_site_name":"TianDe Online Shop - Beauty &amp; Health","article_publisher":"https:\/\/www.facebook.com\/tiande.products.england\/","article_modified_time":"2022-06-03T17:52:10+00:00","og_image":[{"width":700,"height":700,"url":"https:\/\/tiandeproducts.co.uk\/wp-content\/uploads\/2016\/04\/23401_new.png","type":"image\/png"}],"twitter_card":"summary_large_image","twitter_misc":{"Est. reading time":"1 minut\u0117"},"schema":{"@context":"https:\/\/schema.org","@graph":[{"@type":"WebPage","@id":"https:\/\/tiandeproducts.co.uk\/lt\/sampunas-augimo-aktyvatorius-plaukams-bio-rehab-250-g\/","url":"https:\/\/tiandeproducts.co.uk\/lt\/sampunas-augimo-aktyvatorius-plaukams-bio-rehab-250-g\/","name":"\u0160amp\u016bnas \u2013 augimo aktyvatorius plaukams \u201eBio Rehab\u201c 250 g. - TianDe Online Shop - Beauty &amp; Health","isPartOf":{"@id":"https:\/\/tiandeproducts.co.uk\/#website"},"primaryImageOfPage":{"@id":"https:\/\/tiandeproducts.co.uk\/lt\/sampunas-augimo-aktyvatorius-plaukams-bio-rehab-250-g\/#primaryimage"},"image":{"@id":"https:\/\/tiandeproducts.co.uk\/lt\/sampunas-augimo-aktyvatorius-plaukams-bio-rehab-250-g\/#primaryimage"},"thumbnailUrl":"https:\/\/tiandeproducts.co.uk\/wp-content\/uploads\/2016\/04\/23401_new.png","datePublished":"2016-04-04T17:40:08+00:00","dateModified":"2022-06-03T17:52:10+00:00","breadcrumb":{"@id":"https:\/\/tiandeproducts.co.uk\/lt\/sampunas-augimo-aktyvatorius-plaukams-bio-rehab-250-g\/#breadcrumb"},"inLanguage":"lt-LT","potentialAction":[{"@type":"ReadAction","target":["https:\/\/tiandeproducts.co.uk\/lt\/sampunas-augimo-aktyvatorius-plaukams-bio-rehab-250-g\/"]}]},{"@type":"ImageObject","inLanguage":"lt-LT","@id":"https:\/\/tiandeproducts.co.uk\/lt\/sampunas-augimo-aktyvatorius-plaukams-bio-rehab-250-g\/#primaryimage","url":"https:\/\/tiandeproducts.co.uk\/wp-content\/uploads\/2016\/04\/23401_new.png","contentUrl":"https:\/\/tiandeproducts.co.uk\/wp-content\/uploads\/2016\/04\/23401_new.png","width":700,"height":700,"caption":"Hair Growth Activator Shampoo,Power in length,250g-0"},{"@type":"BreadcrumbList","@id":"https:\/\/tiandeproducts.co.uk\/lt\/sampunas-augimo-aktyvatorius-plaukams-bio-rehab-250-g\/#breadcrumb","itemListElement":[{"@type":"ListItem","position":1,"name":"Home","item":"https:\/\/tiandeproducts.co.uk\/lt\/"},{"@type":"ListItem","position":2,"name":"Shop","item":"https:\/\/tiandeproducts.co.uk\/lt\/shop-2\/"},{"@type":"ListItem","position":3,"name":"\u0160amp\u016bnas \u2013 augimo aktyvatorius plaukams \u201eBio Rehab\u201c 250 g."}]},{"@type":"WebSite","@id":"https:\/\/tiandeproducts.co.uk\/#website","url":"https:\/\/tiandeproducts.co.uk\/","name":"TianDe Online Shop - Beauty & Health","description":"Traditional Chinese Medicine","potentialAction":[{"@type":"SearchAction","target":{"@type":"EntryPoint","urlTemplate":"https:\/\/tiandeproducts.co.uk\/?s={search_term_string}"},"query-input":{"@type":"PropertyValueSpecification","valueRequired":true,"valueName":"search_term_string"}}],"inLanguage":"lt-LT"}]}},"_links":{"self":[{"href":"https:\/\/tiandeproducts.co.uk\/lt\/wp-json\/wp\/v2\/product\/3691","targetHints":{"allow":["GET"]}}],"collection":[{"href":"https:\/\/tiandeproducts.co.uk\/lt\/wp-json\/wp\/v2\/product"}],"about":[{"href":"https:\/\/tiandeproducts.co.uk\/lt\/wp-json\/wp\/v2\/types\/product"}],"replies":[{"embeddable":true,"href":"https:\/\/tiandeproducts.co.uk\/lt\/wp-json\/wp\/v2\/comments?post=3691"}],"wp:featuredmedia":[{"embeddable":true,"href":"https:\/\/tiandeproducts.co.uk\/lt\/wp-json\/wp\/v2\/media\/518"}],"wp:attachment":[{"href":"https:\/\/tiandeproducts.co.uk\/lt\/wp-json\/wp\/v2\/media?parent=3691"}],"wp:term":[{"taxonomy":"product_cat","embeddable":true,"href":"https:\/\/tiandeproducts.co.uk\/lt\/wp-json\/wp\/v2\/product_cat?post=3691"},{"taxonomy":"product_tag","embeddable":true,"href":"https:\/\/tiandeproducts.co.uk\/lt\/wp-json\/wp\/v2\/product_tag?post=3691"}],"curies":[{"name":"wp","href":"https:\/\/api.w.org\/{rel}","templated":true}]}}