{"id":3689,"date":"2016-04-04T18:44:28","date_gmt":"2016-04-04T17:44:28","guid":{"rendered":"https:\/\/tnd.ontesting.co.uk\/sampunas-kauke-su-keratinu-dazytiems-plaukams-250-ml\/"},"modified":"2019-09-28T09:32:50","modified_gmt":"2019-09-28T08:32:50","slug":"sampunas-kauke-su-keratinu-dazytiems-plaukams-250-ml","status":"publish","type":"product","link":"https:\/\/tiandeproducts.co.uk\/lt\/sampunas-kauke-su-keratinu-dazytiems-plaukams-250-ml\/","title":{"rendered":"\u0160amp\u016bnas &#8211; kauk\u0117 su keratinu da\u017eytiems plaukams 250 ml."},"content":{"rendered":"<p>\u0160amp\u016bnas skirtas da\u017eytiems, ry\u0161ki\u0173 ir tamsi\u0173 atspalvi\u0173 plaukams, puikiai tinka po tiesinimo keratinu ir laminavimo. D\u0117l inovatyvaus SILSOFT Q komplekso da\u017eyti plaukai i\u0161laiko spalv\u0105 7-8 sav., net 100% spalv\u0173 po 20 plovim\u0173. Panaudojus \u0161amp\u016bn\u0105 \u2013 kauk\u0119 balzamo naudoti nebereikia. Sud\u0117tyje n\u0117ra paraben\u0173 ir sulfat\u0173. Tai garantuoja \u0161velni\u0105 j\u016bs\u0173 plauk\u0173 ir galvos odos prie\u017ei\u016br\u0105.<\/p>\n<p>\u0160is \u0161amp\u016bnas \u2013 kauk\u0117 \u2013 plauk\u0173 prie\u017ei\u016bros priemon\u0117 du viename: \u0161velnus plovimas + plauk\u0173 prie\u017ei\u016bra. U\u017e plauk\u0173 strukt\u016bros atstatym\u0105 atsako \u0161amp\u016bno sud\u0117tyje esantis nat\u016bral\u016bs baltymai \u2013 keratinai. Priemon\u0117 idealiai tinka COWASHING proced\u016brai. Tai populiari plauk\u0173 plovimo kondicionieriumi proced\u016bra, kuri padeda atstatyti plonus ir pa\u017eeistus, da\u017eym\u0173, kar\u0161to su\u0161ukavimo ir kit\u0173 gro\u017eio proced\u016br\u0173 nualintus plaukus..<\/p>\n<p><strong>Veikliosios med\u017eiagos:<\/strong><\/p>\n<p><strong>Keratinas<\/strong>\u00a0\u2013 gamtinis (nat\u016bralus) baltymas, sudarantis plauko strukt\u016bros pagrind\u0105. Jo molekul\u0117s prasiskverbia \u012f pa\u010di\u0105 plauko gilum\u0105, maitina plauko folikul\u0105. Keratinas u\u017epildo pa\u017eeistas sritis, sutvirtina plauko \u017evynelius, atkuria nat\u016bral\u0173 keratino sluoksn\u012f. Taip jis sustiprina kiekvien\u0105 plauk\u0105, suteikia \u0161ukuosenai daugiau apimties.<\/p>\n<p><strong>SILSOFT Q<\/strong>\u00a0\u2013 dvigubo poveikio kondicionuojantis agentas. Ilgam u\u017etvirtina spalvos pigment\u0105, apsaugo j\u012f nuo nublukimo, taip u\u017etikrina plauk\u0173 spalvos intensyvum\u0105. Silsoft Q suteikia plaukams i\u0161skirtinio mink\u0161tumo ir paklusnumo, neapsunkina j\u0173.<\/p>\n<p><strong>Vitaminas E<\/strong>\u00a0\u2013 antioksidantas, apsaugantis plauk\u0173 lipidus nuo oksidacinio irimo. Maitina ir stiprina plaukus, suteikia jiems blizgesio, gerina plauko svog\u016bn\u0117lio kv\u0117pavim\u0105.<\/p>\n<p><strong>Vitaminas B3<\/strong>\u00a0atstato plauko l\u0105steli\u0173 strukt\u016br\u0105, skatina dr\u0117gm\u0117s kaupim\u0105si ir i\u0161laikym\u0105 kiekvienoje plauko l\u0105stel\u0117je. Padeda i\u0161vengti plauk\u0173 l\u016b\u017ein\u0117jimo, skilin\u0117jimo ir i\u0161saus\u0117jimo.<\/p>\n<p><strong>Pantenolio (provitamino B5)<\/strong>\u00a0veikliosios med\u017eiagos aktyviai dalyvauja odos l\u0105steli\u0173 atsinaujinimo procesuose, pasi\u017eymi raminan\u010diu, prie\u0161u\u017edegiminiu ir u\u017egydan\u010diu poveikiu, palaiko fiziologin\u012f vandens balans\u0105. Pantenolis gerina galvos odos med\u017eiag\u0173 apykait\u0105, ma\u017eina riebal\u0173 i\u0161siskyrim\u0105 ir mal\u0161ina nie\u017eul\u012f, didina kit\u0173 med\u017eiag\u0173 veiksmingum\u0105 (b\u016bdamas sud\u0117tyje kartu su kitomis med\u017eiagomis). Tai labai svarbi med\u017eiaga, kuri naudojama tikrai kokybi\u0161koje nat\u016bralioje kosmetikoje.<\/p>\n","protected":false},"excerpt":{"rendered":"<p>\u0160amp\u016bnas skirtas da\u017eytiems, ry\u0161ki\u0173 ir tamsi\u0173 atspalvi\u0173 plaukams, puikiai tinka po tiesinimo keratinu ir laminavimo. D\u0117l inovatyvaus SILSOFT Q komplekso da\u017eyti plaukai i\u0161laiko spalv\u0105 7-8 sav., net 100% spalv\u0173 po 20 plovim\u0173. Panaudojus \u0161amp\u016bn\u0105 \u2013 kauk\u0119 balzamo naudoti nebereikia. Sud\u0117tyje n\u0117ra paraben\u0173 ir sulfat\u0173. Tai garantuoja \u0161velni\u0105 j\u016bs\u0173 plauk\u0173 ir galvos odos prie\u017ei\u016br\u0105. \u0160is \u0161amp\u016bnas [&#8230;]\n","protected":false},"featured_media":523,"comment_status":"closed","ping_status":"closed","template":"","meta":[],"product_cat":[655,634,672],"product_tag":[],"class_list":{"0":"post-3689","1":"product","2":"type-product","3":"status-publish","4":"has-post-thumbnail","6":"product_cat-kaukes-lt-2","7":"product_cat-plaukams","8":"product_cat-sampunai","10":"first","11":"outofstock","12":"shipping-taxable","13":"purchasable","14":"product-type-simple"},"yoast_head":"<!-- This site is optimized with the Yoast SEO plugin v23.6 - https:\/\/yoast.com\/wordpress\/plugins\/seo\/ -->\n<title>\u0160amp\u016bnas - kauk\u0117 su keratinu da\u017eytiems plaukams 250 ml. - TianDe Online Shop - Beauty &amp; Health<\/title>\n<meta name=\"robots\" content=\"index, follow, max-snippet:-1, max-image-preview:large, max-video-preview:-1\" \/>\n<link rel=\"canonical\" href=\"https:\/\/tiandeproducts.co.uk\/lt\/sampunas-kauke-su-keratinu-dazytiems-plaukams-250-ml\/\" \/>\n<meta property=\"og:locale\" content=\"lt_LT\" \/>\n<meta property=\"og:type\" content=\"article\" \/>\n<meta property=\"og:title\" content=\"\u0160amp\u016bnas - kauk\u0117 su keratinu da\u017eytiems plaukams 250 ml. - TianDe Online Shop - Beauty &amp; Health\" \/>\n<meta property=\"og:description\" content=\"\u0160amp\u016bnas skirtas da\u017eytiems, ry\u0161ki\u0173 ir tamsi\u0173 atspalvi\u0173 plaukams, puikiai tinka po tiesinimo keratinu ir laminavimo. D\u0117l inovatyvaus SILSOFT Q komplekso da\u017eyti plaukai i\u0161laiko spalv\u0105 7-8 sav., net 100% spalv\u0173 po 20 plovim\u0173. Panaudojus \u0161amp\u016bn\u0105 \u2013 kauk\u0119 balzamo naudoti nebereikia. Sud\u0117tyje n\u0117ra paraben\u0173 ir sulfat\u0173. Tai garantuoja \u0161velni\u0105 j\u016bs\u0173 plauk\u0173 ir galvos odos prie\u017ei\u016br\u0105. \u0160is \u0161amp\u016bnas [...]\" \/>\n<meta property=\"og:url\" content=\"https:\/\/tiandeproducts.co.uk\/lt\/sampunas-kauke-su-keratinu-dazytiems-plaukams-250-ml\/\" \/>\n<meta property=\"og:site_name\" content=\"TianDe Online Shop - Beauty &amp; Health\" \/>\n<meta property=\"article:publisher\" content=\"https:\/\/www.facebook.com\/tiande.products.england\/\" \/>\n<meta property=\"article:modified_time\" content=\"2019-09-28T08:32:50+00:00\" \/>\n<meta property=\"og:image\" content=\"https:\/\/tiandeproducts.co.uk\/wp-content\/uploads\/2016\/04\/20139.png\" \/>\n\t<meta property=\"og:image:width\" content=\"700\" \/>\n\t<meta property=\"og:image:height\" content=\"700\" \/>\n\t<meta property=\"og:image:type\" content=\"image\/png\" \/>\n<meta name=\"twitter:card\" content=\"summary_large_image\" \/>\n<meta name=\"twitter:label1\" content=\"Est. reading time\" \/>\n\t<meta name=\"twitter:data1\" content=\"2 minut\u0117s\" \/>\n<script type=\"application\/ld+json\" class=\"yoast-schema-graph\">{\"@context\":\"https:\/\/schema.org\",\"@graph\":[{\"@type\":\"WebPage\",\"@id\":\"https:\/\/tiandeproducts.co.uk\/lt\/sampunas-kauke-su-keratinu-dazytiems-plaukams-250-ml\/\",\"url\":\"https:\/\/tiandeproducts.co.uk\/lt\/sampunas-kauke-su-keratinu-dazytiems-plaukams-250-ml\/\",\"name\":\"\u0160amp\u016bnas - kauk\u0117 su keratinu da\u017eytiems plaukams 250 ml. - TianDe Online Shop - Beauty &amp; Health\",\"isPartOf\":{\"@id\":\"https:\/\/tiandeproducts.co.uk\/#website\"},\"primaryImageOfPage\":{\"@id\":\"https:\/\/tiandeproducts.co.uk\/lt\/sampunas-kauke-su-keratinu-dazytiems-plaukams-250-ml\/#primaryimage\"},\"image\":{\"@id\":\"https:\/\/tiandeproducts.co.uk\/lt\/sampunas-kauke-su-keratinu-dazytiems-plaukams-250-ml\/#primaryimage\"},\"thumbnailUrl\":\"https:\/\/tiandeproducts.co.uk\/wp-content\/uploads\/2016\/04\/20139.png\",\"datePublished\":\"2016-04-04T17:44:28+00:00\",\"dateModified\":\"2019-09-28T08:32:50+00:00\",\"breadcrumb\":{\"@id\":\"https:\/\/tiandeproducts.co.uk\/lt\/sampunas-kauke-su-keratinu-dazytiems-plaukams-250-ml\/#breadcrumb\"},\"inLanguage\":\"lt-LT\",\"potentialAction\":[{\"@type\":\"ReadAction\",\"target\":[\"https:\/\/tiandeproducts.co.uk\/lt\/sampunas-kauke-su-keratinu-dazytiems-plaukams-250-ml\/\"]}]},{\"@type\":\"ImageObject\",\"inLanguage\":\"lt-LT\",\"@id\":\"https:\/\/tiandeproducts.co.uk\/lt\/sampunas-kauke-su-keratinu-dazytiems-plaukams-250-ml\/#primaryimage\",\"url\":\"https:\/\/tiandeproducts.co.uk\/wp-content\/uploads\/2016\/04\/20139.png\",\"contentUrl\":\"https:\/\/tiandeproducts.co.uk\/wp-content\/uploads\/2016\/04\/20139.png\",\"width\":700,\"height\":700,\"caption\":\"Shampoo - Mask with Keratin for colour - treated hair,250g-0\"},{\"@type\":\"BreadcrumbList\",\"@id\":\"https:\/\/tiandeproducts.co.uk\/lt\/sampunas-kauke-su-keratinu-dazytiems-plaukams-250-ml\/#breadcrumb\",\"itemListElement\":[{\"@type\":\"ListItem\",\"position\":1,\"name\":\"Home\",\"item\":\"https:\/\/tiandeproducts.co.uk\/lt\/\"},{\"@type\":\"ListItem\",\"position\":2,\"name\":\"Shop\",\"item\":\"https:\/\/tiandeproducts.co.uk\/lt\/shop-2\/\"},{\"@type\":\"ListItem\",\"position\":3,\"name\":\"\u0160amp\u016bnas &#8211; kauk\u0117 su keratinu da\u017eytiems plaukams 250 ml.\"}]},{\"@type\":\"WebSite\",\"@id\":\"https:\/\/tiandeproducts.co.uk\/#website\",\"url\":\"https:\/\/tiandeproducts.co.uk\/\",\"name\":\"TianDe Online Shop - Beauty & Health\",\"description\":\"Traditional Chinese Medicine\",\"potentialAction\":[{\"@type\":\"SearchAction\",\"target\":{\"@type\":\"EntryPoint\",\"urlTemplate\":\"https:\/\/tiandeproducts.co.uk\/?s={search_term_string}\"},\"query-input\":{\"@type\":\"PropertyValueSpecification\",\"valueRequired\":true,\"valueName\":\"search_term_string\"}}],\"inLanguage\":\"lt-LT\"}]}<\/script>\n<!-- \/ Yoast SEO plugin. -->","yoast_head_json":{"title":"\u0160amp\u016bnas - kauk\u0117 su keratinu da\u017eytiems plaukams 250 ml. - TianDe Online Shop - Beauty &amp; Health","robots":{"index":"index","follow":"follow","max-snippet":"max-snippet:-1","max-image-preview":"max-image-preview:large","max-video-preview":"max-video-preview:-1"},"canonical":"https:\/\/tiandeproducts.co.uk\/lt\/sampunas-kauke-su-keratinu-dazytiems-plaukams-250-ml\/","og_locale":"lt_LT","og_type":"article","og_title":"\u0160amp\u016bnas - kauk\u0117 su keratinu da\u017eytiems plaukams 250 ml. - TianDe Online Shop - Beauty &amp; Health","og_description":"\u0160amp\u016bnas skirtas da\u017eytiems, ry\u0161ki\u0173 ir tamsi\u0173 atspalvi\u0173 plaukams, puikiai tinka po tiesinimo keratinu ir laminavimo. D\u0117l inovatyvaus SILSOFT Q komplekso da\u017eyti plaukai i\u0161laiko spalv\u0105 7-8 sav., net 100% spalv\u0173 po 20 plovim\u0173. Panaudojus \u0161amp\u016bn\u0105 \u2013 kauk\u0119 balzamo naudoti nebereikia. Sud\u0117tyje n\u0117ra paraben\u0173 ir sulfat\u0173. Tai garantuoja \u0161velni\u0105 j\u016bs\u0173 plauk\u0173 ir galvos odos prie\u017ei\u016br\u0105. \u0160is \u0161amp\u016bnas [...]","og_url":"https:\/\/tiandeproducts.co.uk\/lt\/sampunas-kauke-su-keratinu-dazytiems-plaukams-250-ml\/","og_site_name":"TianDe Online Shop - Beauty &amp; Health","article_publisher":"https:\/\/www.facebook.com\/tiande.products.england\/","article_modified_time":"2019-09-28T08:32:50+00:00","og_image":[{"width":700,"height":700,"url":"https:\/\/tiandeproducts.co.uk\/wp-content\/uploads\/2016\/04\/20139.png","type":"image\/png"}],"twitter_card":"summary_large_image","twitter_misc":{"Est. reading time":"2 minut\u0117s"},"schema":{"@context":"https:\/\/schema.org","@graph":[{"@type":"WebPage","@id":"https:\/\/tiandeproducts.co.uk\/lt\/sampunas-kauke-su-keratinu-dazytiems-plaukams-250-ml\/","url":"https:\/\/tiandeproducts.co.uk\/lt\/sampunas-kauke-su-keratinu-dazytiems-plaukams-250-ml\/","name":"\u0160amp\u016bnas - kauk\u0117 su keratinu da\u017eytiems plaukams 250 ml. - TianDe Online Shop - Beauty &amp; Health","isPartOf":{"@id":"https:\/\/tiandeproducts.co.uk\/#website"},"primaryImageOfPage":{"@id":"https:\/\/tiandeproducts.co.uk\/lt\/sampunas-kauke-su-keratinu-dazytiems-plaukams-250-ml\/#primaryimage"},"image":{"@id":"https:\/\/tiandeproducts.co.uk\/lt\/sampunas-kauke-su-keratinu-dazytiems-plaukams-250-ml\/#primaryimage"},"thumbnailUrl":"https:\/\/tiandeproducts.co.uk\/wp-content\/uploads\/2016\/04\/20139.png","datePublished":"2016-04-04T17:44:28+00:00","dateModified":"2019-09-28T08:32:50+00:00","breadcrumb":{"@id":"https:\/\/tiandeproducts.co.uk\/lt\/sampunas-kauke-su-keratinu-dazytiems-plaukams-250-ml\/#breadcrumb"},"inLanguage":"lt-LT","potentialAction":[{"@type":"ReadAction","target":["https:\/\/tiandeproducts.co.uk\/lt\/sampunas-kauke-su-keratinu-dazytiems-plaukams-250-ml\/"]}]},{"@type":"ImageObject","inLanguage":"lt-LT","@id":"https:\/\/tiandeproducts.co.uk\/lt\/sampunas-kauke-su-keratinu-dazytiems-plaukams-250-ml\/#primaryimage","url":"https:\/\/tiandeproducts.co.uk\/wp-content\/uploads\/2016\/04\/20139.png","contentUrl":"https:\/\/tiandeproducts.co.uk\/wp-content\/uploads\/2016\/04\/20139.png","width":700,"height":700,"caption":"Shampoo - Mask with Keratin for colour - treated hair,250g-0"},{"@type":"BreadcrumbList","@id":"https:\/\/tiandeproducts.co.uk\/lt\/sampunas-kauke-su-keratinu-dazytiems-plaukams-250-ml\/#breadcrumb","itemListElement":[{"@type":"ListItem","position":1,"name":"Home","item":"https:\/\/tiandeproducts.co.uk\/lt\/"},{"@type":"ListItem","position":2,"name":"Shop","item":"https:\/\/tiandeproducts.co.uk\/lt\/shop-2\/"},{"@type":"ListItem","position":3,"name":"\u0160amp\u016bnas &#8211; kauk\u0117 su keratinu da\u017eytiems plaukams 250 ml."}]},{"@type":"WebSite","@id":"https:\/\/tiandeproducts.co.uk\/#website","url":"https:\/\/tiandeproducts.co.uk\/","name":"TianDe Online Shop - Beauty & Health","description":"Traditional Chinese Medicine","potentialAction":[{"@type":"SearchAction","target":{"@type":"EntryPoint","urlTemplate":"https:\/\/tiandeproducts.co.uk\/?s={search_term_string}"},"query-input":{"@type":"PropertyValueSpecification","valueRequired":true,"valueName":"search_term_string"}}],"inLanguage":"lt-LT"}]}},"_links":{"self":[{"href":"https:\/\/tiandeproducts.co.uk\/lt\/wp-json\/wp\/v2\/product\/3689","targetHints":{"allow":["GET"]}}],"collection":[{"href":"https:\/\/tiandeproducts.co.uk\/lt\/wp-json\/wp\/v2\/product"}],"about":[{"href":"https:\/\/tiandeproducts.co.uk\/lt\/wp-json\/wp\/v2\/types\/product"}],"replies":[{"embeddable":true,"href":"https:\/\/tiandeproducts.co.uk\/lt\/wp-json\/wp\/v2\/comments?post=3689"}],"wp:featuredmedia":[{"embeddable":true,"href":"https:\/\/tiandeproducts.co.uk\/lt\/wp-json\/wp\/v2\/media\/523"}],"wp:attachment":[{"href":"https:\/\/tiandeproducts.co.uk\/lt\/wp-json\/wp\/v2\/media?parent=3689"}],"wp:term":[{"taxonomy":"product_cat","embeddable":true,"href":"https:\/\/tiandeproducts.co.uk\/lt\/wp-json\/wp\/v2\/product_cat?post=3689"},{"taxonomy":"product_tag","embeddable":true,"href":"https:\/\/tiandeproducts.co.uk\/lt\/wp-json\/wp\/v2\/product_tag?post=3689"}],"curies":[{"name":"wp","href":"https:\/\/api.w.org\/{rel}","templated":true}]}}