{"id":3688,"date":"2016-04-04T18:48:20","date_gmt":"2016-04-04T17:48:20","guid":{"rendered":"https:\/\/tnd.ontesting.co.uk\/stiprinantis-plauku-saknis-sampunas-su-ganoderma-grybu-220-g\/"},"modified":"2021-06-29T20:51:44","modified_gmt":"2021-06-29T19:51:44","slug":"stiprinantis-plauku-saknis-sampunas-su-ganoderma-grybu-220-g","status":"publish","type":"product","link":"https:\/\/tiandeproducts.co.uk\/lt\/stiprinantis-plauku-saknis-sampunas-su-ganoderma-grybu-220-g\/","title":{"rendered":"Stiprinantis plauk\u0173 \u0161aknis \u0161amp\u016bnas su Ganoderma grybu 220 g."},"content":{"rendered":"<p>\u0160amp\u016bnas atkuria plauk\u0173 strukt\u016br\u0105 po da\u017eymo ir cheminio su\u0161ukavimo, saugo nuo pleiskan\u0173, negatyvaus i\u0161or\u0117s ir streso poveikio. Puikiai tinka nusilpusiems, i\u0161saus\u0117jusiems, ret\u0117jantiems, chemi\u0161kai pa\u017eeistiems plaukams.<\/p>\n<p>Sud\u0117tyje esantis grybas lin\u010d\u017ei &#8211; gerai \u017einoma antioksidantin\u0117 plauk\u0173 apsaugos priemon\u0117. Ji stimuliuoja galvos odos imunitet\u0105, ypa\u010d intensyviai stiprina plauk\u0173 \u0161aknis ir atstato plaukus per vis\u0105 j\u0173 ilg\u012f, saugo nuo slinkimo ir i\u0161ret\u0117jimo. Lin\u010d\u017ei grybas, kaip pats stipriausias antioksidantas, turi unikali\u0105 savyb\u0119 pagreitinti kolageno gavyb\u0105 plauko \u0161erdyje, tuo pa\u010diu \u017eenkliai stabdo sen\u0117jimo proces\u0105 ir skatina plauk\u0173 augim\u0105. Tokia plauko apsauga ypatingai reikalinga atliekant chemin\u012f plauk\u0173 su\u0161ukavim\u0105 ar da\u017enai da\u017eant plaukus, tod\u0117l tinka silpniems, i\u0161ret\u0117jusiems ir pa\u017eeistiems plaukams.<\/p>\n<p><strong>Veikliosios med\u017eiagos:<\/strong><\/p>\n<p><strong>Lin\u010d\u017ei grybas<\/strong>\u00a0Kinijos \u0160ventojoje augal\u0173 knygoje u\u017eima 1-aj\u0105 viet\u0105 i\u0161 365-i\u0173 augal\u0173 pavadinim\u0173. Jis pirm\u0105 kart\u0105 istorijoje pamin\u0117tas daugiau nei prie\u0161 2400 met\u0173 ir d\u0117l turtingos chemin\u0117s sud\u0117ties pavadintas nemirtingumo grybu. Jo sud\u0117tyje yra vis\u0173 nepakei\u010diam\u0173j\u0173 aminor\u016bg\u0161\u010di\u0173, o riebaluose daugiausia polineso\u010di\u0173j\u0173 riebal\u0173 r\u016bg\u0161\u010di\u0173, kuri\u0173 \u017emogaus organizmas pats nesintetina. Grybuose rasta daug vitamin\u0173 (daugiausia C ir D) bei mineral\u0173 (daugiausia kalcio, fosforo ir gele\u017eies). Grybas turi adaptogenini\u0173 ir tonizuojan\u010di\u0173 savybi\u0173.<\/p>\n<p><strong>Lanolinas<\/strong>\u00a0maitina ir mink\u0161tina galvos od\u0105, veikia kaip antistatikas, turi kondicionuojan\u010di\u0173 s\u0105vybi\u0173.<\/p>\n<p><strong>Klimbazolis<\/strong>\u00a0pasi\u017eymi prie\u0161grybeliniu poveikiu ir naudojamas gydant grybelinius odos susirgimus.<\/p>\n","protected":false},"excerpt":{"rendered":"<p>\u0160amp\u016bnas atkuria plauk\u0173 strukt\u016br\u0105 po da\u017eymo ir cheminio su\u0161ukavimo, saugo nuo pleiskan\u0173, negatyvaus i\u0161or\u0117s ir streso poveikio. Puikiai tinka nusilpusiems, i\u0161saus\u0117jusiems, ret\u0117jantiems, chemi\u0161kai pa\u017eeistiems plaukams. Sud\u0117tyje esantis grybas lin\u010d\u017ei &#8211; gerai \u017einoma antioksidantin\u0117 plauk\u0173 apsaugos priemon\u0117. Ji stimuliuoja galvos odos imunitet\u0105, ypa\u010d intensyviai stiprina plauk\u0173 \u0161aknis ir atstato plaukus per vis\u0105 j\u0173 ilg\u012f, saugo nuo [&#8230;]\n","protected":false},"featured_media":528,"comment_status":"closed","ping_status":"closed","template":"","meta":[],"product_cat":[854,662,634,672],"product_tag":[],"class_list":{"0":"post-3688","1":"product","2":"type-product","3":"status-publish","4":"has-post-thumbnail","6":"product_cat-gyvibingumasenergija","7":"product_cat-ling-zhi-lt","8":"product_cat-plaukams","9":"product_cat-sampunai","11":"first","12":"instock","13":"shipping-taxable","14":"purchasable","15":"product-type-simple"},"yoast_head":"<!-- This site is optimized with the Yoast SEO plugin v23.6 - https:\/\/yoast.com\/wordpress\/plugins\/seo\/ -->\n<title>Stiprinantis plauk\u0173 \u0161aknis \u0161amp\u016bnas su Ganoderma grybu 220 g. - TianDe Online Shop - Beauty &amp; Health<\/title>\n<meta name=\"robots\" content=\"index, follow, max-snippet:-1, max-image-preview:large, max-video-preview:-1\" \/>\n<link rel=\"canonical\" href=\"https:\/\/tiandeproducts.co.uk\/lt\/stiprinantis-plauku-saknis-sampunas-su-ganoderma-grybu-220-g\/\" \/>\n<meta property=\"og:locale\" content=\"lt_LT\" \/>\n<meta property=\"og:type\" content=\"article\" \/>\n<meta property=\"og:title\" content=\"Stiprinantis plauk\u0173 \u0161aknis \u0161amp\u016bnas su Ganoderma grybu 220 g. - TianDe Online Shop - Beauty &amp; Health\" \/>\n<meta property=\"og:description\" content=\"\u0160amp\u016bnas atkuria plauk\u0173 strukt\u016br\u0105 po da\u017eymo ir cheminio su\u0161ukavimo, saugo nuo pleiskan\u0173, negatyvaus i\u0161or\u0117s ir streso poveikio. Puikiai tinka nusilpusiems, i\u0161saus\u0117jusiems, ret\u0117jantiems, chemi\u0161kai pa\u017eeistiems plaukams. Sud\u0117tyje esantis grybas lin\u010d\u017ei &#8211; gerai \u017einoma antioksidantin\u0117 plauk\u0173 apsaugos priemon\u0117. Ji stimuliuoja galvos odos imunitet\u0105, ypa\u010d intensyviai stiprina plauk\u0173 \u0161aknis ir atstato plaukus per vis\u0105 j\u0173 ilg\u012f, saugo nuo [...]\" \/>\n<meta property=\"og:url\" content=\"https:\/\/tiandeproducts.co.uk\/lt\/stiprinantis-plauku-saknis-sampunas-su-ganoderma-grybu-220-g\/\" \/>\n<meta property=\"og:site_name\" content=\"TianDe Online Shop - Beauty &amp; Health\" \/>\n<meta property=\"article:publisher\" content=\"https:\/\/www.facebook.com\/tiande.products.england\/\" \/>\n<meta property=\"article:modified_time\" content=\"2021-06-29T19:51:44+00:00\" \/>\n<meta property=\"og:image\" content=\"https:\/\/tiandeproducts.co.uk\/wp-content\/uploads\/2016\/04\/20107_new.png\" \/>\n\t<meta property=\"og:image:width\" content=\"700\" \/>\n\t<meta property=\"og:image:height\" content=\"700\" \/>\n\t<meta property=\"og:image:type\" content=\"image\/png\" \/>\n<meta name=\"twitter:card\" content=\"summary_large_image\" \/>\n<meta name=\"twitter:label1\" content=\"Est. reading time\" \/>\n\t<meta name=\"twitter:data1\" content=\"1 minut\u0117\" \/>\n<script type=\"application\/ld+json\" class=\"yoast-schema-graph\">{\"@context\":\"https:\/\/schema.org\",\"@graph\":[{\"@type\":\"WebPage\",\"@id\":\"https:\/\/tiandeproducts.co.uk\/lt\/stiprinantis-plauku-saknis-sampunas-su-ganoderma-grybu-220-g\/\",\"url\":\"https:\/\/tiandeproducts.co.uk\/lt\/stiprinantis-plauku-saknis-sampunas-su-ganoderma-grybu-220-g\/\",\"name\":\"Stiprinantis plauk\u0173 \u0161aknis \u0161amp\u016bnas su Ganoderma grybu 220 g. - TianDe Online Shop - Beauty &amp; Health\",\"isPartOf\":{\"@id\":\"https:\/\/tiandeproducts.co.uk\/#website\"},\"primaryImageOfPage\":{\"@id\":\"https:\/\/tiandeproducts.co.uk\/lt\/stiprinantis-plauku-saknis-sampunas-su-ganoderma-grybu-220-g\/#primaryimage\"},\"image\":{\"@id\":\"https:\/\/tiandeproducts.co.uk\/lt\/stiprinantis-plauku-saknis-sampunas-su-ganoderma-grybu-220-g\/#primaryimage\"},\"thumbnailUrl\":\"https:\/\/tiandeproducts.co.uk\/wp-content\/uploads\/2016\/04\/20107_new.png\",\"datePublished\":\"2016-04-04T17:48:20+00:00\",\"dateModified\":\"2021-06-29T19:51:44+00:00\",\"breadcrumb\":{\"@id\":\"https:\/\/tiandeproducts.co.uk\/lt\/stiprinantis-plauku-saknis-sampunas-su-ganoderma-grybu-220-g\/#breadcrumb\"},\"inLanguage\":\"lt-LT\",\"potentialAction\":[{\"@type\":\"ReadAction\",\"target\":[\"https:\/\/tiandeproducts.co.uk\/lt\/stiprinantis-plauku-saknis-sampunas-su-ganoderma-grybu-220-g\/\"]}]},{\"@type\":\"ImageObject\",\"inLanguage\":\"lt-LT\",\"@id\":\"https:\/\/tiandeproducts.co.uk\/lt\/stiprinantis-plauku-saknis-sampunas-su-ganoderma-grybu-220-g\/#primaryimage\",\"url\":\"https:\/\/tiandeproducts.co.uk\/wp-content\/uploads\/2016\/04\/20107_new.png\",\"contentUrl\":\"https:\/\/tiandeproducts.co.uk\/wp-content\/uploads\/2016\/04\/20107_new.png\",\"width\":700,\"height\":700,\"caption\":\"Lingzhi Strengthening Shampoo,Anti-static effect, 220g-0\"},{\"@type\":\"BreadcrumbList\",\"@id\":\"https:\/\/tiandeproducts.co.uk\/lt\/stiprinantis-plauku-saknis-sampunas-su-ganoderma-grybu-220-g\/#breadcrumb\",\"itemListElement\":[{\"@type\":\"ListItem\",\"position\":1,\"name\":\"Home\",\"item\":\"https:\/\/tiandeproducts.co.uk\/lt\/\"},{\"@type\":\"ListItem\",\"position\":2,\"name\":\"Shop\",\"item\":\"https:\/\/tiandeproducts.co.uk\/lt\/shop-2\/\"},{\"@type\":\"ListItem\",\"position\":3,\"name\":\"Stiprinantis plauk\u0173 \u0161aknis \u0161amp\u016bnas su Ganoderma grybu 220 g.\"}]},{\"@type\":\"WebSite\",\"@id\":\"https:\/\/tiandeproducts.co.uk\/#website\",\"url\":\"https:\/\/tiandeproducts.co.uk\/\",\"name\":\"TianDe Online Shop - Beauty & Health\",\"description\":\"Traditional Chinese Medicine\",\"potentialAction\":[{\"@type\":\"SearchAction\",\"target\":{\"@type\":\"EntryPoint\",\"urlTemplate\":\"https:\/\/tiandeproducts.co.uk\/?s={search_term_string}\"},\"query-input\":{\"@type\":\"PropertyValueSpecification\",\"valueRequired\":true,\"valueName\":\"search_term_string\"}}],\"inLanguage\":\"lt-LT\"}]}<\/script>\n<!-- \/ Yoast SEO plugin. -->","yoast_head_json":{"title":"Stiprinantis plauk\u0173 \u0161aknis \u0161amp\u016bnas su Ganoderma grybu 220 g. - TianDe Online Shop - Beauty &amp; Health","robots":{"index":"index","follow":"follow","max-snippet":"max-snippet:-1","max-image-preview":"max-image-preview:large","max-video-preview":"max-video-preview:-1"},"canonical":"https:\/\/tiandeproducts.co.uk\/lt\/stiprinantis-plauku-saknis-sampunas-su-ganoderma-grybu-220-g\/","og_locale":"lt_LT","og_type":"article","og_title":"Stiprinantis plauk\u0173 \u0161aknis \u0161amp\u016bnas su Ganoderma grybu 220 g. - TianDe Online Shop - Beauty &amp; Health","og_description":"\u0160amp\u016bnas atkuria plauk\u0173 strukt\u016br\u0105 po da\u017eymo ir cheminio su\u0161ukavimo, saugo nuo pleiskan\u0173, negatyvaus i\u0161or\u0117s ir streso poveikio. Puikiai tinka nusilpusiems, i\u0161saus\u0117jusiems, ret\u0117jantiems, chemi\u0161kai pa\u017eeistiems plaukams. Sud\u0117tyje esantis grybas lin\u010d\u017ei &#8211; gerai \u017einoma antioksidantin\u0117 plauk\u0173 apsaugos priemon\u0117. Ji stimuliuoja galvos odos imunitet\u0105, ypa\u010d intensyviai stiprina plauk\u0173 \u0161aknis ir atstato plaukus per vis\u0105 j\u0173 ilg\u012f, saugo nuo [...]","og_url":"https:\/\/tiandeproducts.co.uk\/lt\/stiprinantis-plauku-saknis-sampunas-su-ganoderma-grybu-220-g\/","og_site_name":"TianDe Online Shop - Beauty &amp; Health","article_publisher":"https:\/\/www.facebook.com\/tiande.products.england\/","article_modified_time":"2021-06-29T19:51:44+00:00","og_image":[{"width":700,"height":700,"url":"https:\/\/tiandeproducts.co.uk\/wp-content\/uploads\/2016\/04\/20107_new.png","type":"image\/png"}],"twitter_card":"summary_large_image","twitter_misc":{"Est. reading time":"1 minut\u0117"},"schema":{"@context":"https:\/\/schema.org","@graph":[{"@type":"WebPage","@id":"https:\/\/tiandeproducts.co.uk\/lt\/stiprinantis-plauku-saknis-sampunas-su-ganoderma-grybu-220-g\/","url":"https:\/\/tiandeproducts.co.uk\/lt\/stiprinantis-plauku-saknis-sampunas-su-ganoderma-grybu-220-g\/","name":"Stiprinantis plauk\u0173 \u0161aknis \u0161amp\u016bnas su Ganoderma grybu 220 g. - TianDe Online Shop - Beauty &amp; Health","isPartOf":{"@id":"https:\/\/tiandeproducts.co.uk\/#website"},"primaryImageOfPage":{"@id":"https:\/\/tiandeproducts.co.uk\/lt\/stiprinantis-plauku-saknis-sampunas-su-ganoderma-grybu-220-g\/#primaryimage"},"image":{"@id":"https:\/\/tiandeproducts.co.uk\/lt\/stiprinantis-plauku-saknis-sampunas-su-ganoderma-grybu-220-g\/#primaryimage"},"thumbnailUrl":"https:\/\/tiandeproducts.co.uk\/wp-content\/uploads\/2016\/04\/20107_new.png","datePublished":"2016-04-04T17:48:20+00:00","dateModified":"2021-06-29T19:51:44+00:00","breadcrumb":{"@id":"https:\/\/tiandeproducts.co.uk\/lt\/stiprinantis-plauku-saknis-sampunas-su-ganoderma-grybu-220-g\/#breadcrumb"},"inLanguage":"lt-LT","potentialAction":[{"@type":"ReadAction","target":["https:\/\/tiandeproducts.co.uk\/lt\/stiprinantis-plauku-saknis-sampunas-su-ganoderma-grybu-220-g\/"]}]},{"@type":"ImageObject","inLanguage":"lt-LT","@id":"https:\/\/tiandeproducts.co.uk\/lt\/stiprinantis-plauku-saknis-sampunas-su-ganoderma-grybu-220-g\/#primaryimage","url":"https:\/\/tiandeproducts.co.uk\/wp-content\/uploads\/2016\/04\/20107_new.png","contentUrl":"https:\/\/tiandeproducts.co.uk\/wp-content\/uploads\/2016\/04\/20107_new.png","width":700,"height":700,"caption":"Lingzhi Strengthening Shampoo,Anti-static effect, 220g-0"},{"@type":"BreadcrumbList","@id":"https:\/\/tiandeproducts.co.uk\/lt\/stiprinantis-plauku-saknis-sampunas-su-ganoderma-grybu-220-g\/#breadcrumb","itemListElement":[{"@type":"ListItem","position":1,"name":"Home","item":"https:\/\/tiandeproducts.co.uk\/lt\/"},{"@type":"ListItem","position":2,"name":"Shop","item":"https:\/\/tiandeproducts.co.uk\/lt\/shop-2\/"},{"@type":"ListItem","position":3,"name":"Stiprinantis plauk\u0173 \u0161aknis \u0161amp\u016bnas su Ganoderma grybu 220 g."}]},{"@type":"WebSite","@id":"https:\/\/tiandeproducts.co.uk\/#website","url":"https:\/\/tiandeproducts.co.uk\/","name":"TianDe Online Shop - Beauty & Health","description":"Traditional Chinese Medicine","potentialAction":[{"@type":"SearchAction","target":{"@type":"EntryPoint","urlTemplate":"https:\/\/tiandeproducts.co.uk\/?s={search_term_string}"},"query-input":{"@type":"PropertyValueSpecification","valueRequired":true,"valueName":"search_term_string"}}],"inLanguage":"lt-LT"}]}},"_links":{"self":[{"href":"https:\/\/tiandeproducts.co.uk\/lt\/wp-json\/wp\/v2\/product\/3688","targetHints":{"allow":["GET"]}}],"collection":[{"href":"https:\/\/tiandeproducts.co.uk\/lt\/wp-json\/wp\/v2\/product"}],"about":[{"href":"https:\/\/tiandeproducts.co.uk\/lt\/wp-json\/wp\/v2\/types\/product"}],"replies":[{"embeddable":true,"href":"https:\/\/tiandeproducts.co.uk\/lt\/wp-json\/wp\/v2\/comments?post=3688"}],"wp:featuredmedia":[{"embeddable":true,"href":"https:\/\/tiandeproducts.co.uk\/lt\/wp-json\/wp\/v2\/media\/528"}],"wp:attachment":[{"href":"https:\/\/tiandeproducts.co.uk\/lt\/wp-json\/wp\/v2\/media?parent=3688"}],"wp:term":[{"taxonomy":"product_cat","embeddable":true,"href":"https:\/\/tiandeproducts.co.uk\/lt\/wp-json\/wp\/v2\/product_cat?post=3688"},{"taxonomy":"product_tag","embeddable":true,"href":"https:\/\/tiandeproducts.co.uk\/lt\/wp-json\/wp\/v2\/product_tag?post=3688"}],"curies":[{"name":"wp","href":"https:\/\/api.w.org\/{rel}","templated":true}]}}