{"id":3685,"date":"2017-03-27T12:42:06","date_gmt":"2017-03-27T11:42:06","guid":{"rendered":"https:\/\/tnd.ontesting.co.uk\/sampunas-kauke-su-keratinu-dazytiems-plaukams-8-ml\/"},"modified":"2021-02-25T11:51:18","modified_gmt":"2021-02-25T11:51:18","slug":"sampunas-kauke-su-keratinu-dazytiems-plaukams-8-ml","status":"publish","type":"product","link":"https:\/\/tiandeproducts.co.uk\/lt\/sampunas-kauke-su-keratinu-dazytiems-plaukams-8-ml\/","title":{"rendered":"\u0160amp\u016bnas &#8211; kauk\u0117 su keratinu da\u017eytiems plaukams 8 ml."},"content":{"rendered":"<p><img decoding=\"async\" style=\"max-width: 16px; margin-right: 5px;\" src=\"https:\/\/tiandeproducts.co.uk\/wp-content\/uploads\/points-green.svg\" \/>\u00a0Earn 1 points worth \u00a30.05 when buying this product<\/p>\n<p>Ilgam i\u0161laiko plauk\u0173 spalv\u0105, suteikia blizges\u012f ir mink\u0161tum\u0105 susilpn\u0117jusiems plaukams, sukuria prabangi\u0105 apimt\u012f!<\/p>\n<p>\u0160amp\u016bnas \u2013 kauk\u0117 su keratinu da\u017eytiems plaukams&#8230; Tai du viename: \u0161velnus i\u0161valymas ir prie\u017ei\u016bra. Po \u0161ios priemon\u0117s naudojimo jums nebereik\u0117s papildomai naudoti balzamo. \u0160is \u0161amp\u016bnas &#8211; kauk\u0117 sukurtas specialiai da\u017eytiems plaukams. Jis veikia dvejopai: atstato plauko strukt\u016br\u0105 ir d\u0117l sud\u0117tyje esan\u010dio Silsoft Q i\u0161saugo spalv\u0105 iki 7-8 savai\u010di\u0173. Sud\u0117tyje n\u0117ra sulfat\u0173 ir paraben\u0173&#8230;<\/p>\n<p>\u0160amp\u016bnas-kauk\u0117 puikiai tinka keratinu tiesintiems plaukams ir po laminavimo, jis prailgina \u0161i\u0173 procedur\u0173 i\u0161silaikym\u0105.<\/p>\n<p>Net \u0161lapi plaukai tampa lengvai i\u0161\u0161ukuojami, paklusn\u016bs, nesipu\u010dia bei blizga&#8230;<\/p>\n","protected":false},"excerpt":{"rendered":"<p>\u00a0Earn 1 points worth \u00a30.05 when buying this product Ilgam i\u0161laiko plauk\u0173 spalv\u0105, suteikia blizges\u012f ir mink\u0161tum\u0105 susilpn\u0117jusiems plaukams, sukuria prabangi\u0105 apimt\u012f! \u0160amp\u016bnas \u2013 kauk\u0117 su keratinu da\u017eytiems plaukams&#8230; Tai du viename: \u0161velnus i\u0161valymas ir prie\u017ei\u016bra. Po \u0161ios priemon\u0117s naudojimo jums nebereik\u0117s papildomai naudoti balzamo. \u0160is \u0161amp\u016bnas &#8211; kauk\u0117 sukurtas specialiai da\u017eytiems plaukams. Jis veikia [&#8230;]\n","protected":false},"featured_media":1492,"comment_status":"closed","ping_status":"closed","template":"","meta":[],"product_cat":[634,672],"product_tag":[],"class_list":{"0":"post-3685","1":"product","2":"type-product","3":"status-publish","4":"has-post-thumbnail","6":"product_cat-plaukams","7":"product_cat-sampunai","9":"first","10":"outofstock","11":"shipping-taxable","12":"purchasable","13":"product-type-simple"},"yoast_head":"<!-- This site is optimized with the Yoast SEO plugin v23.6 - https:\/\/yoast.com\/wordpress\/plugins\/seo\/ -->\n<title>\u0160amp\u016bnas - kauk\u0117 su keratinu da\u017eytiems plaukams 8 ml. - TianDe Online Shop - Beauty &amp; Health<\/title>\n<meta name=\"robots\" content=\"index, follow, max-snippet:-1, max-image-preview:large, max-video-preview:-1\" \/>\n<link rel=\"canonical\" href=\"https:\/\/tiandeproducts.co.uk\/lt\/sampunas-kauke-su-keratinu-dazytiems-plaukams-8-ml\/\" \/>\n<meta property=\"og:locale\" content=\"lt_LT\" \/>\n<meta property=\"og:type\" content=\"article\" \/>\n<meta property=\"og:title\" content=\"\u0160amp\u016bnas - kauk\u0117 su keratinu da\u017eytiems plaukams 8 ml. - TianDe Online Shop - Beauty &amp; Health\" \/>\n<meta property=\"og:description\" content=\"\u00a0Earn 1 points worth \u00a30.05 when buying this product Ilgam i\u0161laiko plauk\u0173 spalv\u0105, suteikia blizges\u012f ir mink\u0161tum\u0105 susilpn\u0117jusiems plaukams, sukuria prabangi\u0105 apimt\u012f! \u0160amp\u016bnas \u2013 kauk\u0117 su keratinu da\u017eytiems plaukams&#8230; Tai du viename: \u0161velnus i\u0161valymas ir prie\u017ei\u016bra. Po \u0161ios priemon\u0117s naudojimo jums nebereik\u0117s papildomai naudoti balzamo. \u0160is \u0161amp\u016bnas &#8211; kauk\u0117 sukurtas specialiai da\u017eytiems plaukams. Jis veikia [...]\" \/>\n<meta property=\"og:url\" content=\"https:\/\/tiandeproducts.co.uk\/lt\/sampunas-kauke-su-keratinu-dazytiems-plaukams-8-ml\/\" \/>\n<meta property=\"og:site_name\" content=\"TianDe Online Shop - Beauty &amp; Health\" \/>\n<meta property=\"article:publisher\" content=\"https:\/\/www.facebook.com\/tiande.products.england\/\" \/>\n<meta property=\"article:modified_time\" content=\"2021-02-25T11:51:18+00:00\" \/>\n<meta property=\"og:image\" content=\"https:\/\/tiandeproducts.co.uk\/wp-content\/uploads\/2017\/03\/20142.jpg\" \/>\n\t<meta property=\"og:image:width\" content=\"800\" \/>\n\t<meta property=\"og:image:height\" content=\"800\" \/>\n\t<meta property=\"og:image:type\" content=\"image\/jpeg\" \/>\n<meta name=\"twitter:card\" content=\"summary_large_image\" \/>\n<meta name=\"twitter:label1\" content=\"Est. reading time\" \/>\n\t<meta name=\"twitter:data1\" content=\"1 minut\u0117\" \/>\n<script type=\"application\/ld+json\" class=\"yoast-schema-graph\">{\"@context\":\"https:\/\/schema.org\",\"@graph\":[{\"@type\":\"WebPage\",\"@id\":\"https:\/\/tiandeproducts.co.uk\/lt\/sampunas-kauke-su-keratinu-dazytiems-plaukams-8-ml\/\",\"url\":\"https:\/\/tiandeproducts.co.uk\/lt\/sampunas-kauke-su-keratinu-dazytiems-plaukams-8-ml\/\",\"name\":\"\u0160amp\u016bnas - kauk\u0117 su keratinu da\u017eytiems plaukams 8 ml. - TianDe Online Shop - Beauty &amp; Health\",\"isPartOf\":{\"@id\":\"https:\/\/tiandeproducts.co.uk\/#website\"},\"primaryImageOfPage\":{\"@id\":\"https:\/\/tiandeproducts.co.uk\/lt\/sampunas-kauke-su-keratinu-dazytiems-plaukams-8-ml\/#primaryimage\"},\"image\":{\"@id\":\"https:\/\/tiandeproducts.co.uk\/lt\/sampunas-kauke-su-keratinu-dazytiems-plaukams-8-ml\/#primaryimage\"},\"thumbnailUrl\":\"https:\/\/tiandeproducts.co.uk\/wp-content\/uploads\/2017\/03\/20142.jpg\",\"datePublished\":\"2017-03-27T11:42:06+00:00\",\"dateModified\":\"2021-02-25T11:51:18+00:00\",\"breadcrumb\":{\"@id\":\"https:\/\/tiandeproducts.co.uk\/lt\/sampunas-kauke-su-keratinu-dazytiems-plaukams-8-ml\/#breadcrumb\"},\"inLanguage\":\"lt-LT\",\"potentialAction\":[{\"@type\":\"ReadAction\",\"target\":[\"https:\/\/tiandeproducts.co.uk\/lt\/sampunas-kauke-su-keratinu-dazytiems-plaukams-8-ml\/\"]}]},{\"@type\":\"ImageObject\",\"inLanguage\":\"lt-LT\",\"@id\":\"https:\/\/tiandeproducts.co.uk\/lt\/sampunas-kauke-su-keratinu-dazytiems-plaukams-8-ml\/#primaryimage\",\"url\":\"https:\/\/tiandeproducts.co.uk\/wp-content\/uploads\/2017\/03\/20142.jpg\",\"contentUrl\":\"https:\/\/tiandeproducts.co.uk\/wp-content\/uploads\/2017\/03\/20142.jpg\",\"width\":800,\"height\":800,\"caption\":\"Shampoo - Mask With Keratin For Colour - Treated Hair,8g sample-0\"},{\"@type\":\"BreadcrumbList\",\"@id\":\"https:\/\/tiandeproducts.co.uk\/lt\/sampunas-kauke-su-keratinu-dazytiems-plaukams-8-ml\/#breadcrumb\",\"itemListElement\":[{\"@type\":\"ListItem\",\"position\":1,\"name\":\"Home\",\"item\":\"https:\/\/tiandeproducts.co.uk\/lt\/\"},{\"@type\":\"ListItem\",\"position\":2,\"name\":\"Shop\",\"item\":\"https:\/\/tiandeproducts.co.uk\/lt\/shop-2\/\"},{\"@type\":\"ListItem\",\"position\":3,\"name\":\"\u0160amp\u016bnas &#8211; kauk\u0117 su keratinu da\u017eytiems plaukams 8 ml.\"}]},{\"@type\":\"WebSite\",\"@id\":\"https:\/\/tiandeproducts.co.uk\/#website\",\"url\":\"https:\/\/tiandeproducts.co.uk\/\",\"name\":\"TianDe Online Shop - Beauty & Health\",\"description\":\"Traditional Chinese Medicine\",\"potentialAction\":[{\"@type\":\"SearchAction\",\"target\":{\"@type\":\"EntryPoint\",\"urlTemplate\":\"https:\/\/tiandeproducts.co.uk\/?s={search_term_string}\"},\"query-input\":{\"@type\":\"PropertyValueSpecification\",\"valueRequired\":true,\"valueName\":\"search_term_string\"}}],\"inLanguage\":\"lt-LT\"}]}<\/script>\n<!-- \/ Yoast SEO plugin. -->","yoast_head_json":{"title":"\u0160amp\u016bnas - kauk\u0117 su keratinu da\u017eytiems plaukams 8 ml. - TianDe Online Shop - Beauty &amp; Health","robots":{"index":"index","follow":"follow","max-snippet":"max-snippet:-1","max-image-preview":"max-image-preview:large","max-video-preview":"max-video-preview:-1"},"canonical":"https:\/\/tiandeproducts.co.uk\/lt\/sampunas-kauke-su-keratinu-dazytiems-plaukams-8-ml\/","og_locale":"lt_LT","og_type":"article","og_title":"\u0160amp\u016bnas - kauk\u0117 su keratinu da\u017eytiems plaukams 8 ml. - TianDe Online Shop - Beauty &amp; Health","og_description":"\u00a0Earn 1 points worth \u00a30.05 when buying this product Ilgam i\u0161laiko plauk\u0173 spalv\u0105, suteikia blizges\u012f ir mink\u0161tum\u0105 susilpn\u0117jusiems plaukams, sukuria prabangi\u0105 apimt\u012f! \u0160amp\u016bnas \u2013 kauk\u0117 su keratinu da\u017eytiems plaukams&#8230; Tai du viename: \u0161velnus i\u0161valymas ir prie\u017ei\u016bra. Po \u0161ios priemon\u0117s naudojimo jums nebereik\u0117s papildomai naudoti balzamo. \u0160is \u0161amp\u016bnas &#8211; kauk\u0117 sukurtas specialiai da\u017eytiems plaukams. Jis veikia [...]","og_url":"https:\/\/tiandeproducts.co.uk\/lt\/sampunas-kauke-su-keratinu-dazytiems-plaukams-8-ml\/","og_site_name":"TianDe Online Shop - Beauty &amp; Health","article_publisher":"https:\/\/www.facebook.com\/tiande.products.england\/","article_modified_time":"2021-02-25T11:51:18+00:00","og_image":[{"width":800,"height":800,"url":"https:\/\/tiandeproducts.co.uk\/wp-content\/uploads\/2017\/03\/20142.jpg","type":"image\/jpeg"}],"twitter_card":"summary_large_image","twitter_misc":{"Est. reading time":"1 minut\u0117"},"schema":{"@context":"https:\/\/schema.org","@graph":[{"@type":"WebPage","@id":"https:\/\/tiandeproducts.co.uk\/lt\/sampunas-kauke-su-keratinu-dazytiems-plaukams-8-ml\/","url":"https:\/\/tiandeproducts.co.uk\/lt\/sampunas-kauke-su-keratinu-dazytiems-plaukams-8-ml\/","name":"\u0160amp\u016bnas - kauk\u0117 su keratinu da\u017eytiems plaukams 8 ml. - TianDe Online Shop - Beauty &amp; Health","isPartOf":{"@id":"https:\/\/tiandeproducts.co.uk\/#website"},"primaryImageOfPage":{"@id":"https:\/\/tiandeproducts.co.uk\/lt\/sampunas-kauke-su-keratinu-dazytiems-plaukams-8-ml\/#primaryimage"},"image":{"@id":"https:\/\/tiandeproducts.co.uk\/lt\/sampunas-kauke-su-keratinu-dazytiems-plaukams-8-ml\/#primaryimage"},"thumbnailUrl":"https:\/\/tiandeproducts.co.uk\/wp-content\/uploads\/2017\/03\/20142.jpg","datePublished":"2017-03-27T11:42:06+00:00","dateModified":"2021-02-25T11:51:18+00:00","breadcrumb":{"@id":"https:\/\/tiandeproducts.co.uk\/lt\/sampunas-kauke-su-keratinu-dazytiems-plaukams-8-ml\/#breadcrumb"},"inLanguage":"lt-LT","potentialAction":[{"@type":"ReadAction","target":["https:\/\/tiandeproducts.co.uk\/lt\/sampunas-kauke-su-keratinu-dazytiems-plaukams-8-ml\/"]}]},{"@type":"ImageObject","inLanguage":"lt-LT","@id":"https:\/\/tiandeproducts.co.uk\/lt\/sampunas-kauke-su-keratinu-dazytiems-plaukams-8-ml\/#primaryimage","url":"https:\/\/tiandeproducts.co.uk\/wp-content\/uploads\/2017\/03\/20142.jpg","contentUrl":"https:\/\/tiandeproducts.co.uk\/wp-content\/uploads\/2017\/03\/20142.jpg","width":800,"height":800,"caption":"Shampoo - Mask With Keratin For Colour - Treated Hair,8g sample-0"},{"@type":"BreadcrumbList","@id":"https:\/\/tiandeproducts.co.uk\/lt\/sampunas-kauke-su-keratinu-dazytiems-plaukams-8-ml\/#breadcrumb","itemListElement":[{"@type":"ListItem","position":1,"name":"Home","item":"https:\/\/tiandeproducts.co.uk\/lt\/"},{"@type":"ListItem","position":2,"name":"Shop","item":"https:\/\/tiandeproducts.co.uk\/lt\/shop-2\/"},{"@type":"ListItem","position":3,"name":"\u0160amp\u016bnas &#8211; kauk\u0117 su keratinu da\u017eytiems plaukams 8 ml."}]},{"@type":"WebSite","@id":"https:\/\/tiandeproducts.co.uk\/#website","url":"https:\/\/tiandeproducts.co.uk\/","name":"TianDe Online Shop - Beauty & Health","description":"Traditional Chinese Medicine","potentialAction":[{"@type":"SearchAction","target":{"@type":"EntryPoint","urlTemplate":"https:\/\/tiandeproducts.co.uk\/?s={search_term_string}"},"query-input":{"@type":"PropertyValueSpecification","valueRequired":true,"valueName":"search_term_string"}}],"inLanguage":"lt-LT"}]}},"_links":{"self":[{"href":"https:\/\/tiandeproducts.co.uk\/lt\/wp-json\/wp\/v2\/product\/3685","targetHints":{"allow":["GET"]}}],"collection":[{"href":"https:\/\/tiandeproducts.co.uk\/lt\/wp-json\/wp\/v2\/product"}],"about":[{"href":"https:\/\/tiandeproducts.co.uk\/lt\/wp-json\/wp\/v2\/types\/product"}],"replies":[{"embeddable":true,"href":"https:\/\/tiandeproducts.co.uk\/lt\/wp-json\/wp\/v2\/comments?post=3685"}],"wp:featuredmedia":[{"embeddable":true,"href":"https:\/\/tiandeproducts.co.uk\/lt\/wp-json\/wp\/v2\/media\/1492"}],"wp:attachment":[{"href":"https:\/\/tiandeproducts.co.uk\/lt\/wp-json\/wp\/v2\/media?parent=3685"}],"wp:term":[{"taxonomy":"product_cat","embeddable":true,"href":"https:\/\/tiandeproducts.co.uk\/lt\/wp-json\/wp\/v2\/product_cat?post=3685"},{"taxonomy":"product_tag","embeddable":true,"href":"https:\/\/tiandeproducts.co.uk\/lt\/wp-json\/wp\/v2\/product_tag?post=3685"}],"curies":[{"name":"wp","href":"https:\/\/api.w.org\/{rel}","templated":true}]}}