{"id":3683,"date":"2017-08-15T19:41:49","date_gmt":"2017-08-15T18:41:49","guid":{"rendered":"https:\/\/tnd.ontesting.co.uk\/losjonas-lakas-su-alijosiumi-apimtis-ir-elastingumas-200-ml\/"},"modified":"2021-02-12T12:45:56","modified_gmt":"2021-02-12T12:45:56","slug":"losjonas-lakas-su-alijosiumi-apimtis-ir-elastingumas-200-ml","status":"publish","type":"product","link":"https:\/\/tiandeproducts.co.uk\/lt\/losjonas-lakas-su-alijosiumi-apimtis-ir-elastingumas-200-ml\/","title":{"rendered":"Losjonas \u2013 lakas su alijo\u0161iumi \u201cApimtis ir elastingumas\u201d 200 ml."},"content":{"rendered":"<p><img decoding=\"async\" style=\"max-width: 16px; margin-right: 5px;\" src=\"https:\/\/tiandeproducts.co.uk\/wp-content\/uploads\/points-green.svg\" \/>\u00a0Earn 12 points worth \u00a30.60 when buying this product<\/p>\n<p>Su pur\u0161kiama plauk\u0173 formavimo priemone greitai suteiksite plaukams apimt\u012f, lengvai suformuosite ir fiksuosite atskiras garbanas ar \u201esulyginsite&#8221; nepaklusnius plauk\u0173 galiukus. Aktyv\u016bs priemon\u0117s komponentai veiksmingai apsaugo plaukus\u00a0nuo kenksmingo d\u017eiovinimo, lyginimo ar garbanojimo proced\u016br\u0173, neleid\u017eia elektrintis. Plaukai atrodys tvarkingi, pri\u017ei\u016br\u0117ti, sveiki ir nuostabiai blizg\u016bs.<\/p>\n<p><strong>Panaudojimo b\u016bdai<\/strong><\/p>\n<ol>\n<li>Norite lengv\u0173 krentan\u010di\u0173 garban\u0173? Naudokite plauk\u0173 suktukus, po to supurk\u0161kite plauk\u0173 formavimo priemone.<\/li>\n<li>Norite nat\u016brali\u0173, lengvai krentan\u010di\u0173 ir sveikai atrodan\u010di\u0173 i\u0161puosel\u0117t\u0173 plauk\u0173? I\u0161plaukite plaukus \u0161amp\u016bnu, lengvai nusausinkite rank\u0161luos\u010diu, i\u0161purk\u0161kite plauk\u0173 prie\u017ei\u016bros priemone su alaviju. Po to i\u0161d\u017eiovinkite fenu arba nat\u016braliai. J\u016bs\u0173 plaukai taps tvarkingi, atrodys pri\u017ei\u016br\u0117ti ir nuostabiai blizg\u016bs.<\/li>\n<li>Neu\u017etenka apimties? I\u0161plaukite plaukus \u0161amp\u016bnu, lengvai nusausinkite rank\u0161luos\u010diu, i\u0161purk\u0161kite plauk\u0173 formavimo priemone prie pat \u0161akn\u0173. Po to d\u017eiovinkite fenu, pakelkite plaukus nuo \u0161akn\u0173 ir formuokite \u0161ukuosen\u0105.<\/li>\n<li>Plaukai elektrinasi? Naudokite priemon\u0119 ant saus\u0173 plauk\u0173. Sruogos i\u0161silygins ir plaukai atrodys nuostabiai.<\/li>\n<\/ol>\n<p><strong>Naudojimas:<br \/>\n<\/strong>U\u017epurk\u0161kite plauk\u0173 formavimo priemon\u0119 ant \u0161akn\u0173 (jei reikia apimties) ar ant viso plauk\u0173 ilgio (jei plaukai \u0161akojasi, \u0161iau\u0161iasi, pu\u010diasi ar neklauso) ir i\u0161d\u017eiovinkite juos fenu ar nat\u016braliai.<\/p>\n<p><strong>Veikliosios med\u017eiagos:<\/strong><\/p>\n<p><strong>Alavijo ekstraktas<\/strong>\u00a0\u2013 vienas i\u0161 efektyviausi\u0173 nat\u016bralioje gamtoje aptinkam\u0173 dr\u0117kikli\u0173. Jis intensyviai dr\u0117kina, pripildo plaukus nat\u016braliais antioksidantais (vitaminas A, B, C, E), daugiau nei 30-ia element\u0173, 18 aminor\u016bg\u0161\u010di\u0173 ir mineral\u0173. Alavijo ekstraktas ramina saus\u0105 galvos od\u0105, ma\u017eina u\u017edegiminius procesus, reguliuoja galvos odos riebalini\u0173 liauk\u0173 aktyvum\u0105. Alavijas ant plauko pavir\u0161iaus sukuria apsaugin\u0119 hidropl\u0117vel\u0119 ir kaupia joje dr\u0117gm\u0119, tai sugr\u0105\u017eina plaukui gyvybingum\u0105 ir blizges\u012f.<\/p>\n<p><strong>Pantenolio (provitamino B5)<\/strong>\u00a0veikliosios med\u017eiagos aktyviai dalyvauja odos l\u0105steli\u0173 atsinaujinimo procesuose, pasi\u017eymi raminan\u010diu, prie\u0161u\u017edegiminiu ir u\u017egydan\u010diu poveikiu, palaiko fiziologin\u012f vandens balans\u0105. Pantenolis gerina galvos odos med\u017eiag\u0173 apykait\u0105, ma\u017eina riebal\u0173 i\u0161siskyrim\u0105 ir mal\u0161ina nie\u017eul\u012f, didina kit\u0173 med\u017eiag\u0173 veiksmingum\u0105 (b\u016bdamas sud\u0117tyje kartu su kitomis med\u017eiagomis). Tai labai svarbi med\u017eiaga, kuri naudojama tikrai kokybi\u0161koje nat\u016bralioje kosmetikoje.<\/p>\n","protected":false},"excerpt":{"rendered":"<div id=\"product-description-short-337\" class=\"product-description-short mb-3 \">\n<p>&nbsp;<\/p>\n<\/div>\n<div class=\"steasy_divider between_short_and_price\"><\/div>\n","protected":false},"featured_media":1655,"comment_status":"closed","ping_status":"closed","template":"","meta":[],"product_cat":[635,666,634,670],"product_tag":[],"class_list":{"0":"post-3683","1":"product","2":"type-product","3":"status-publish","4":"has-post-thumbnail","6":"product_cat-aloe-rich-lt","7":"product_cat-apimties-didinimui","8":"product_cat-plaukams","9":"product_cat-serumaialiejai","11":"first","12":"instock","13":"shipping-taxable","14":"purchasable","15":"product-type-simple"},"yoast_head":"<!-- This site is optimized with the Yoast SEO plugin v23.6 - https:\/\/yoast.com\/wordpress\/plugins\/seo\/ -->\n<title>Losjonas \u2013 lakas su alijo\u0161iumi \u201cApimtis ir elastingumas\u201d 200 ml. - TianDe Online Shop - Beauty &amp; Health<\/title>\n<meta name=\"robots\" content=\"index, follow, max-snippet:-1, max-image-preview:large, max-video-preview:-1\" \/>\n<link rel=\"canonical\" href=\"https:\/\/tiandeproducts.co.uk\/lt\/losjonas-lakas-su-alijosiumi-apimtis-ir-elastingumas-200-ml\/\" \/>\n<meta property=\"og:locale\" content=\"lt_LT\" \/>\n<meta property=\"og:type\" content=\"article\" \/>\n<meta property=\"og:title\" content=\"Losjonas \u2013 lakas su alijo\u0161iumi \u201cApimtis ir elastingumas\u201d 200 ml. - TianDe Online Shop - Beauty &amp; Health\" \/>\n<meta property=\"og:description\" content=\"&nbsp;\" \/>\n<meta property=\"og:url\" content=\"https:\/\/tiandeproducts.co.uk\/lt\/losjonas-lakas-su-alijosiumi-apimtis-ir-elastingumas-200-ml\/\" \/>\n<meta property=\"og:site_name\" content=\"TianDe Online Shop - Beauty &amp; Health\" \/>\n<meta property=\"article:publisher\" content=\"https:\/\/www.facebook.com\/tiande.products.england\/\" \/>\n<meta property=\"article:modified_time\" content=\"2021-02-12T12:45:56+00:00\" \/>\n<meta property=\"og:image\" content=\"https:\/\/tiandeproducts.co.uk\/wp-content\/uploads\/2017\/08\/20144.jpg\" \/>\n\t<meta property=\"og:image:width\" content=\"800\" \/>\n\t<meta property=\"og:image:height\" content=\"800\" \/>\n\t<meta property=\"og:image:type\" content=\"image\/jpeg\" \/>\n<meta name=\"twitter:card\" content=\"summary_large_image\" \/>\n<meta name=\"twitter:label1\" content=\"Est. reading time\" \/>\n\t<meta name=\"twitter:data1\" content=\"2 minut\u0117s\" \/>\n<script type=\"application\/ld+json\" class=\"yoast-schema-graph\">{\"@context\":\"https:\/\/schema.org\",\"@graph\":[{\"@type\":\"WebPage\",\"@id\":\"https:\/\/tiandeproducts.co.uk\/lt\/losjonas-lakas-su-alijosiumi-apimtis-ir-elastingumas-200-ml\/\",\"url\":\"https:\/\/tiandeproducts.co.uk\/lt\/losjonas-lakas-su-alijosiumi-apimtis-ir-elastingumas-200-ml\/\",\"name\":\"Losjonas \u2013 lakas su alijo\u0161iumi \u201cApimtis ir elastingumas\u201d 200 ml. - TianDe Online Shop - Beauty &amp; Health\",\"isPartOf\":{\"@id\":\"https:\/\/tiandeproducts.co.uk\/#website\"},\"primaryImageOfPage\":{\"@id\":\"https:\/\/tiandeproducts.co.uk\/lt\/losjonas-lakas-su-alijosiumi-apimtis-ir-elastingumas-200-ml\/#primaryimage\"},\"image\":{\"@id\":\"https:\/\/tiandeproducts.co.uk\/lt\/losjonas-lakas-su-alijosiumi-apimtis-ir-elastingumas-200-ml\/#primaryimage\"},\"thumbnailUrl\":\"https:\/\/tiandeproducts.co.uk\/wp-content\/uploads\/2017\/08\/20144.jpg\",\"datePublished\":\"2017-08-15T18:41:49+00:00\",\"dateModified\":\"2021-02-12T12:45:56+00:00\",\"breadcrumb\":{\"@id\":\"https:\/\/tiandeproducts.co.uk\/lt\/losjonas-lakas-su-alijosiumi-apimtis-ir-elastingumas-200-ml\/#breadcrumb\"},\"inLanguage\":\"lt-LT\",\"potentialAction\":[{\"@type\":\"ReadAction\",\"target\":[\"https:\/\/tiandeproducts.co.uk\/lt\/losjonas-lakas-su-alijosiumi-apimtis-ir-elastingumas-200-ml\/\"]}]},{\"@type\":\"ImageObject\",\"inLanguage\":\"lt-LT\",\"@id\":\"https:\/\/tiandeproducts.co.uk\/lt\/losjonas-lakas-su-alijosiumi-apimtis-ir-elastingumas-200-ml\/#primaryimage\",\"url\":\"https:\/\/tiandeproducts.co.uk\/wp-content\/uploads\/2017\/08\/20144.jpg\",\"contentUrl\":\"https:\/\/tiandeproducts.co.uk\/wp-content\/uploads\/2017\/08\/20144.jpg\",\"width\":800,\"height\":800,\"caption\":\"Aloe Styling Hairspray for Volume & Flexibility,200 ml-0\"},{\"@type\":\"BreadcrumbList\",\"@id\":\"https:\/\/tiandeproducts.co.uk\/lt\/losjonas-lakas-su-alijosiumi-apimtis-ir-elastingumas-200-ml\/#breadcrumb\",\"itemListElement\":[{\"@type\":\"ListItem\",\"position\":1,\"name\":\"Home\",\"item\":\"https:\/\/tiandeproducts.co.uk\/lt\/\"},{\"@type\":\"ListItem\",\"position\":2,\"name\":\"Shop\",\"item\":\"https:\/\/tiandeproducts.co.uk\/lt\/shop-2\/\"},{\"@type\":\"ListItem\",\"position\":3,\"name\":\"Losjonas \u2013 lakas su alijo\u0161iumi \u201cApimtis ir elastingumas\u201d 200 ml.\"}]},{\"@type\":\"WebSite\",\"@id\":\"https:\/\/tiandeproducts.co.uk\/#website\",\"url\":\"https:\/\/tiandeproducts.co.uk\/\",\"name\":\"TianDe Online Shop - Beauty & Health\",\"description\":\"Traditional Chinese Medicine\",\"potentialAction\":[{\"@type\":\"SearchAction\",\"target\":{\"@type\":\"EntryPoint\",\"urlTemplate\":\"https:\/\/tiandeproducts.co.uk\/?s={search_term_string}\"},\"query-input\":{\"@type\":\"PropertyValueSpecification\",\"valueRequired\":true,\"valueName\":\"search_term_string\"}}],\"inLanguage\":\"lt-LT\"}]}<\/script>\n<!-- \/ Yoast SEO plugin. -->","yoast_head_json":{"title":"Losjonas \u2013 lakas su alijo\u0161iumi \u201cApimtis ir elastingumas\u201d 200 ml. - TianDe Online Shop - Beauty &amp; Health","robots":{"index":"index","follow":"follow","max-snippet":"max-snippet:-1","max-image-preview":"max-image-preview:large","max-video-preview":"max-video-preview:-1"},"canonical":"https:\/\/tiandeproducts.co.uk\/lt\/losjonas-lakas-su-alijosiumi-apimtis-ir-elastingumas-200-ml\/","og_locale":"lt_LT","og_type":"article","og_title":"Losjonas \u2013 lakas su alijo\u0161iumi \u201cApimtis ir elastingumas\u201d 200 ml. - TianDe Online Shop - Beauty &amp; Health","og_description":"&nbsp;","og_url":"https:\/\/tiandeproducts.co.uk\/lt\/losjonas-lakas-su-alijosiumi-apimtis-ir-elastingumas-200-ml\/","og_site_name":"TianDe Online Shop - Beauty &amp; Health","article_publisher":"https:\/\/www.facebook.com\/tiande.products.england\/","article_modified_time":"2021-02-12T12:45:56+00:00","og_image":[{"width":800,"height":800,"url":"https:\/\/tiandeproducts.co.uk\/wp-content\/uploads\/2017\/08\/20144.jpg","type":"image\/jpeg"}],"twitter_card":"summary_large_image","twitter_misc":{"Est. reading time":"2 minut\u0117s"},"schema":{"@context":"https:\/\/schema.org","@graph":[{"@type":"WebPage","@id":"https:\/\/tiandeproducts.co.uk\/lt\/losjonas-lakas-su-alijosiumi-apimtis-ir-elastingumas-200-ml\/","url":"https:\/\/tiandeproducts.co.uk\/lt\/losjonas-lakas-su-alijosiumi-apimtis-ir-elastingumas-200-ml\/","name":"Losjonas \u2013 lakas su alijo\u0161iumi \u201cApimtis ir elastingumas\u201d 200 ml. - TianDe Online Shop - Beauty &amp; Health","isPartOf":{"@id":"https:\/\/tiandeproducts.co.uk\/#website"},"primaryImageOfPage":{"@id":"https:\/\/tiandeproducts.co.uk\/lt\/losjonas-lakas-su-alijosiumi-apimtis-ir-elastingumas-200-ml\/#primaryimage"},"image":{"@id":"https:\/\/tiandeproducts.co.uk\/lt\/losjonas-lakas-su-alijosiumi-apimtis-ir-elastingumas-200-ml\/#primaryimage"},"thumbnailUrl":"https:\/\/tiandeproducts.co.uk\/wp-content\/uploads\/2017\/08\/20144.jpg","datePublished":"2017-08-15T18:41:49+00:00","dateModified":"2021-02-12T12:45:56+00:00","breadcrumb":{"@id":"https:\/\/tiandeproducts.co.uk\/lt\/losjonas-lakas-su-alijosiumi-apimtis-ir-elastingumas-200-ml\/#breadcrumb"},"inLanguage":"lt-LT","potentialAction":[{"@type":"ReadAction","target":["https:\/\/tiandeproducts.co.uk\/lt\/losjonas-lakas-su-alijosiumi-apimtis-ir-elastingumas-200-ml\/"]}]},{"@type":"ImageObject","inLanguage":"lt-LT","@id":"https:\/\/tiandeproducts.co.uk\/lt\/losjonas-lakas-su-alijosiumi-apimtis-ir-elastingumas-200-ml\/#primaryimage","url":"https:\/\/tiandeproducts.co.uk\/wp-content\/uploads\/2017\/08\/20144.jpg","contentUrl":"https:\/\/tiandeproducts.co.uk\/wp-content\/uploads\/2017\/08\/20144.jpg","width":800,"height":800,"caption":"Aloe Styling Hairspray for Volume & Flexibility,200 ml-0"},{"@type":"BreadcrumbList","@id":"https:\/\/tiandeproducts.co.uk\/lt\/losjonas-lakas-su-alijosiumi-apimtis-ir-elastingumas-200-ml\/#breadcrumb","itemListElement":[{"@type":"ListItem","position":1,"name":"Home","item":"https:\/\/tiandeproducts.co.uk\/lt\/"},{"@type":"ListItem","position":2,"name":"Shop","item":"https:\/\/tiandeproducts.co.uk\/lt\/shop-2\/"},{"@type":"ListItem","position":3,"name":"Losjonas \u2013 lakas su alijo\u0161iumi \u201cApimtis ir elastingumas\u201d 200 ml."}]},{"@type":"WebSite","@id":"https:\/\/tiandeproducts.co.uk\/#website","url":"https:\/\/tiandeproducts.co.uk\/","name":"TianDe Online Shop - Beauty & Health","description":"Traditional Chinese Medicine","potentialAction":[{"@type":"SearchAction","target":{"@type":"EntryPoint","urlTemplate":"https:\/\/tiandeproducts.co.uk\/?s={search_term_string}"},"query-input":{"@type":"PropertyValueSpecification","valueRequired":true,"valueName":"search_term_string"}}],"inLanguage":"lt-LT"}]}},"_links":{"self":[{"href":"https:\/\/tiandeproducts.co.uk\/lt\/wp-json\/wp\/v2\/product\/3683","targetHints":{"allow":["GET"]}}],"collection":[{"href":"https:\/\/tiandeproducts.co.uk\/lt\/wp-json\/wp\/v2\/product"}],"about":[{"href":"https:\/\/tiandeproducts.co.uk\/lt\/wp-json\/wp\/v2\/types\/product"}],"replies":[{"embeddable":true,"href":"https:\/\/tiandeproducts.co.uk\/lt\/wp-json\/wp\/v2\/comments?post=3683"}],"wp:featuredmedia":[{"embeddable":true,"href":"https:\/\/tiandeproducts.co.uk\/lt\/wp-json\/wp\/v2\/media\/1655"}],"wp:attachment":[{"href":"https:\/\/tiandeproducts.co.uk\/lt\/wp-json\/wp\/v2\/media?parent=3683"}],"wp:term":[{"taxonomy":"product_cat","embeddable":true,"href":"https:\/\/tiandeproducts.co.uk\/lt\/wp-json\/wp\/v2\/product_cat?post=3683"},{"taxonomy":"product_tag","embeddable":true,"href":"https:\/\/tiandeproducts.co.uk\/lt\/wp-json\/wp\/v2\/product_tag?post=3683"}],"curies":[{"name":"wp","href":"https:\/\/api.w.org\/{rel}","templated":true}]}}