{"id":3680,"date":"2017-08-15T20:07:50","date_gmt":"2017-08-15T19:07:50","guid":{"rendered":"https:\/\/tnd.ontesting.co.uk\/sampunas-svelnus-salavijas-250-g\/"},"modified":"2021-02-12T12:43:30","modified_gmt":"2021-02-12T12:43:30","slug":"sampunas-svelnus-salavijas-250-g","status":"publish","type":"product","link":"https:\/\/tiandeproducts.co.uk\/lt\/sampunas-svelnus-salavijas-250-g\/","title":{"rendered":"\u0160amp\u016bnas \u201c\u0160velnus \u0161alavijas\u201d 250 g."},"content":{"rendered":"<p><img decoding=\"async\" style=\"max-width: 16px; margin-right: 5px;\" src=\"https:\/\/tiandeproducts.co.uk\/wp-content\/uploads\/points-green.svg\" \/>\u00a0Earn 4 points worth \u00a30.20 when buying this product<\/p>\n<p>Ar j\u016bs\u0173 plaukai link\u0119 riebaluotis? Pavargote nuo da\u017eno plovimo? \u0160amp\u016bnas \u201d\u0160velnus \u0161alavijas\u201c i\u0161 My Family Care linijos pad\u0117s i\u0161spr\u0119sti \u0161i\u0105 problem\u0105! \u017doleli\u0173 ekstraktas \u0161velniai veikia galvos od\u0105 ir plauko pavir\u0161i\u0173, sugr\u0105\u017eindamas jiems \u0161vie\u017ei\u0105, puiki\u0105 i\u0161vaizd\u0105. \u0160vie\u017eias \u0161alavijo aromatas su dulsviomis ir gintarin\u0117mis natomis, turi raminant\u012f poveik\u012f, sukuria v\u0117sos jausm\u0105. Pasinerkite \u012f paslaptingo stebuklingo mi\u0161ko kvap\u0105! \u0160velnus \u0161amp\u016bnas tinka visiems \u0161eimos skoniams! Tai suteiks galimyb\u0119 taupyti \u0161eimos biud\u017eet\u0105 kokybi\u0161kai naudojant.<\/p>\n<p>\u201eMy Family Care\u201c linija yra kokybi\u0161kas pagrindini\u0173 produkt\u0173 rinkinys visai \u0161eimai u\u017e ypa\u010d ekonomi\u0161k\u0105 kain\u0105<\/p>\n<p>Naudojimas: u\u017epilkite nedidel\u012f \u0161amp\u016bno kiek\u012f ant deln\u0173, u\u017etepkite ant\u00a0 \u0161lapi\u0173 plauk\u0173, \u012fmasa\u017euokite ir nuskalaukite dideliu kiekiu vandens.<\/p>\n<p><strong>Aktyv\u016bs komponentai:<\/strong><\/p>\n<p><strong>Pantenolis<\/strong> \u2013 nepakei\u010diama priemon\u0117 plauk\u0173 maitinimui ir augimui: sutankina ir sustiprina juos, plaukai tampa paslankesni, elastingesni ir nesielektrina.<\/p>\n<p><strong>\u0160alavijo ekstraktas<\/strong> \u2013 veikia raminan\u010diai, tonizuoja ir atnaujina galvos od\u0105. Turi prie\u0161grybelini\u0173 savybi\u0173, suteikia \u0161varos ir \u0161vie\u017eumo jausm\u0105.<\/p>\n<p><strong>Rozmarino lap\u0173 ekstraktas<\/strong> \u2013 gaivina, tonizuoja, turi antibakterini\u0173 savybi\u0173, neleid\u017eia atsirasti sudirgimui.<\/p>\n<p><strong>Ramun\u0117l\u0117s ekstraktas<\/strong> \u2013 suteikia plaukams papildom\u0105 mink\u0161tum\u0105, stiprum\u0105 ir blizg\u0117jim\u0105. Suma\u017eina odos sudirgim\u0105, maitina j\u0105, veikia raminan\u010diai. Ramun\u0117l\u0117s puikiai tinka jautriai odai.<\/p>\n","protected":false},"excerpt":{"rendered":"<p>\u00a0Earn 4 points worth \u00a30.20 when buying this product Ar j\u016bs\u0173 plaukai link\u0119 riebaluotis? Pavargote nuo da\u017eno plovimo? \u0160amp\u016bnas \u201d\u0160velnus \u0161alavijas\u201c i\u0161 My Family Care linijos pad\u0117s i\u0161spr\u0119sti \u0161i\u0105 problem\u0105! \u017doleli\u0173 ekstraktas \u0161velniai veikia galvos od\u0105 ir plauko pavir\u0161i\u0173, sugr\u0105\u017eindamas jiems \u0161vie\u017ei\u0105, puiki\u0105 i\u0161vaizd\u0105. \u0160vie\u017eias \u0161alavijo aromatas su dulsviomis ir gintarin\u0117mis natomis, turi raminant\u012f poveik\u012f, [&#8230;]\n","protected":false},"featured_media":16693,"comment_status":"closed","ping_status":"closed","template":"","meta":[],"product_cat":[667,634,672],"product_tag":[],"class_list":{"0":"post-3680","1":"product","2":"type-product","3":"status-publish","4":"has-post-thumbnail","6":"product_cat-my-family-care-lt-2","7":"product_cat-plaukams","8":"product_cat-sampunai","10":"first","11":"instock","12":"shipping-taxable","13":"purchasable","14":"product-type-simple"},"yoast_head":"<!-- This site is optimized with the Yoast SEO plugin v23.6 - https:\/\/yoast.com\/wordpress\/plugins\/seo\/ -->\n<title>\u0160amp\u016bnas \u201c\u0160velnus \u0161alavijas\u201d 250 g. - TianDe Online Shop - Beauty &amp; Health<\/title>\n<meta name=\"robots\" content=\"index, follow, max-snippet:-1, max-image-preview:large, max-video-preview:-1\" \/>\n<link rel=\"canonical\" href=\"https:\/\/tiandeproducts.co.uk\/lt\/sampunas-svelnus-salavijas-250-g\/\" \/>\n<meta property=\"og:locale\" content=\"lt_LT\" \/>\n<meta property=\"og:type\" content=\"article\" \/>\n<meta property=\"og:title\" content=\"\u0160amp\u016bnas \u201c\u0160velnus \u0161alavijas\u201d 250 g. - TianDe Online Shop - Beauty &amp; Health\" \/>\n<meta property=\"og:description\" content=\"\u00a0Earn 4 points worth \u00a30.20 when buying this product Ar j\u016bs\u0173 plaukai link\u0119 riebaluotis? Pavargote nuo da\u017eno plovimo? \u0160amp\u016bnas \u201d\u0160velnus \u0161alavijas\u201c i\u0161 My Family Care linijos pad\u0117s i\u0161spr\u0119sti \u0161i\u0105 problem\u0105! \u017doleli\u0173 ekstraktas \u0161velniai veikia galvos od\u0105 ir plauko pavir\u0161i\u0173, sugr\u0105\u017eindamas jiems \u0161vie\u017ei\u0105, puiki\u0105 i\u0161vaizd\u0105. \u0160vie\u017eias \u0161alavijo aromatas su dulsviomis ir gintarin\u0117mis natomis, turi raminant\u012f poveik\u012f, [...]\" \/>\n<meta property=\"og:url\" content=\"https:\/\/tiandeproducts.co.uk\/lt\/sampunas-svelnus-salavijas-250-g\/\" \/>\n<meta property=\"og:site_name\" content=\"TianDe Online Shop - Beauty &amp; Health\" \/>\n<meta property=\"article:publisher\" content=\"https:\/\/www.facebook.com\/tiande.products.england\/\" \/>\n<meta property=\"article:modified_time\" content=\"2021-02-12T12:43:30+00:00\" \/>\n<meta property=\"og:image\" content=\"https:\/\/tiandeproducts.co.uk\/wp-content\/uploads\/346546.png\" \/>\n\t<meta property=\"og:image:width\" content=\"700\" \/>\n\t<meta property=\"og:image:height\" content=\"700\" \/>\n\t<meta property=\"og:image:type\" content=\"image\/png\" \/>\n<meta name=\"twitter:card\" content=\"summary_large_image\" \/>\n<meta name=\"twitter:label1\" content=\"Est. reading time\" \/>\n\t<meta name=\"twitter:data1\" content=\"1 minut\u0117\" \/>\n<script type=\"application\/ld+json\" class=\"yoast-schema-graph\">{\"@context\":\"https:\/\/schema.org\",\"@graph\":[{\"@type\":\"WebPage\",\"@id\":\"https:\/\/tiandeproducts.co.uk\/lt\/sampunas-svelnus-salavijas-250-g\/\",\"url\":\"https:\/\/tiandeproducts.co.uk\/lt\/sampunas-svelnus-salavijas-250-g\/\",\"name\":\"\u0160amp\u016bnas \u201c\u0160velnus \u0161alavijas\u201d 250 g. - TianDe Online Shop - Beauty &amp; Health\",\"isPartOf\":{\"@id\":\"https:\/\/tiandeproducts.co.uk\/#website\"},\"primaryImageOfPage\":{\"@id\":\"https:\/\/tiandeproducts.co.uk\/lt\/sampunas-svelnus-salavijas-250-g\/#primaryimage\"},\"image\":{\"@id\":\"https:\/\/tiandeproducts.co.uk\/lt\/sampunas-svelnus-salavijas-250-g\/#primaryimage\"},\"thumbnailUrl\":\"https:\/\/tiandeproducts.co.uk\/wp-content\/uploads\/346546.png\",\"datePublished\":\"2017-08-15T19:07:50+00:00\",\"dateModified\":\"2021-02-12T12:43:30+00:00\",\"breadcrumb\":{\"@id\":\"https:\/\/tiandeproducts.co.uk\/lt\/sampunas-svelnus-salavijas-250-g\/#breadcrumb\"},\"inLanguage\":\"lt-LT\",\"potentialAction\":[{\"@type\":\"ReadAction\",\"target\":[\"https:\/\/tiandeproducts.co.uk\/lt\/sampunas-svelnus-salavijas-250-g\/\"]}]},{\"@type\":\"ImageObject\",\"inLanguage\":\"lt-LT\",\"@id\":\"https:\/\/tiandeproducts.co.uk\/lt\/sampunas-svelnus-salavijas-250-g\/#primaryimage\",\"url\":\"https:\/\/tiandeproducts.co.uk\/wp-content\/uploads\/346546.png\",\"contentUrl\":\"https:\/\/tiandeproducts.co.uk\/wp-content\/uploads\/346546.png\",\"width\":700,\"height\":700},{\"@type\":\"BreadcrumbList\",\"@id\":\"https:\/\/tiandeproducts.co.uk\/lt\/sampunas-svelnus-salavijas-250-g\/#breadcrumb\",\"itemListElement\":[{\"@type\":\"ListItem\",\"position\":1,\"name\":\"Home\",\"item\":\"https:\/\/tiandeproducts.co.uk\/lt\/\"},{\"@type\":\"ListItem\",\"position\":2,\"name\":\"Shop\",\"item\":\"https:\/\/tiandeproducts.co.uk\/lt\/shop-2\/\"},{\"@type\":\"ListItem\",\"position\":3,\"name\":\"\u0160amp\u016bnas \u201c\u0160velnus \u0161alavijas\u201d 250 g.\"}]},{\"@type\":\"WebSite\",\"@id\":\"https:\/\/tiandeproducts.co.uk\/#website\",\"url\":\"https:\/\/tiandeproducts.co.uk\/\",\"name\":\"TianDe Online Shop - Beauty & Health\",\"description\":\"Traditional Chinese Medicine\",\"potentialAction\":[{\"@type\":\"SearchAction\",\"target\":{\"@type\":\"EntryPoint\",\"urlTemplate\":\"https:\/\/tiandeproducts.co.uk\/?s={search_term_string}\"},\"query-input\":{\"@type\":\"PropertyValueSpecification\",\"valueRequired\":true,\"valueName\":\"search_term_string\"}}],\"inLanguage\":\"lt-LT\"}]}<\/script>\n<!-- \/ Yoast SEO plugin. -->","yoast_head_json":{"title":"\u0160amp\u016bnas \u201c\u0160velnus \u0161alavijas\u201d 250 g. - TianDe Online Shop - Beauty &amp; Health","robots":{"index":"index","follow":"follow","max-snippet":"max-snippet:-1","max-image-preview":"max-image-preview:large","max-video-preview":"max-video-preview:-1"},"canonical":"https:\/\/tiandeproducts.co.uk\/lt\/sampunas-svelnus-salavijas-250-g\/","og_locale":"lt_LT","og_type":"article","og_title":"\u0160amp\u016bnas \u201c\u0160velnus \u0161alavijas\u201d 250 g. - TianDe Online Shop - Beauty &amp; Health","og_description":"\u00a0Earn 4 points worth \u00a30.20 when buying this product Ar j\u016bs\u0173 plaukai link\u0119 riebaluotis? Pavargote nuo da\u017eno plovimo? \u0160amp\u016bnas \u201d\u0160velnus \u0161alavijas\u201c i\u0161 My Family Care linijos pad\u0117s i\u0161spr\u0119sti \u0161i\u0105 problem\u0105! \u017doleli\u0173 ekstraktas \u0161velniai veikia galvos od\u0105 ir plauko pavir\u0161i\u0173, sugr\u0105\u017eindamas jiems \u0161vie\u017ei\u0105, puiki\u0105 i\u0161vaizd\u0105. \u0160vie\u017eias \u0161alavijo aromatas su dulsviomis ir gintarin\u0117mis natomis, turi raminant\u012f poveik\u012f, [...]","og_url":"https:\/\/tiandeproducts.co.uk\/lt\/sampunas-svelnus-salavijas-250-g\/","og_site_name":"TianDe Online Shop - Beauty &amp; Health","article_publisher":"https:\/\/www.facebook.com\/tiande.products.england\/","article_modified_time":"2021-02-12T12:43:30+00:00","og_image":[{"width":700,"height":700,"url":"https:\/\/tiandeproducts.co.uk\/wp-content\/uploads\/346546.png","type":"image\/png"}],"twitter_card":"summary_large_image","twitter_misc":{"Est. reading time":"1 minut\u0117"},"schema":{"@context":"https:\/\/schema.org","@graph":[{"@type":"WebPage","@id":"https:\/\/tiandeproducts.co.uk\/lt\/sampunas-svelnus-salavijas-250-g\/","url":"https:\/\/tiandeproducts.co.uk\/lt\/sampunas-svelnus-salavijas-250-g\/","name":"\u0160amp\u016bnas \u201c\u0160velnus \u0161alavijas\u201d 250 g. - TianDe Online Shop - Beauty &amp; Health","isPartOf":{"@id":"https:\/\/tiandeproducts.co.uk\/#website"},"primaryImageOfPage":{"@id":"https:\/\/tiandeproducts.co.uk\/lt\/sampunas-svelnus-salavijas-250-g\/#primaryimage"},"image":{"@id":"https:\/\/tiandeproducts.co.uk\/lt\/sampunas-svelnus-salavijas-250-g\/#primaryimage"},"thumbnailUrl":"https:\/\/tiandeproducts.co.uk\/wp-content\/uploads\/346546.png","datePublished":"2017-08-15T19:07:50+00:00","dateModified":"2021-02-12T12:43:30+00:00","breadcrumb":{"@id":"https:\/\/tiandeproducts.co.uk\/lt\/sampunas-svelnus-salavijas-250-g\/#breadcrumb"},"inLanguage":"lt-LT","potentialAction":[{"@type":"ReadAction","target":["https:\/\/tiandeproducts.co.uk\/lt\/sampunas-svelnus-salavijas-250-g\/"]}]},{"@type":"ImageObject","inLanguage":"lt-LT","@id":"https:\/\/tiandeproducts.co.uk\/lt\/sampunas-svelnus-salavijas-250-g\/#primaryimage","url":"https:\/\/tiandeproducts.co.uk\/wp-content\/uploads\/346546.png","contentUrl":"https:\/\/tiandeproducts.co.uk\/wp-content\/uploads\/346546.png","width":700,"height":700},{"@type":"BreadcrumbList","@id":"https:\/\/tiandeproducts.co.uk\/lt\/sampunas-svelnus-salavijas-250-g\/#breadcrumb","itemListElement":[{"@type":"ListItem","position":1,"name":"Home","item":"https:\/\/tiandeproducts.co.uk\/lt\/"},{"@type":"ListItem","position":2,"name":"Shop","item":"https:\/\/tiandeproducts.co.uk\/lt\/shop-2\/"},{"@type":"ListItem","position":3,"name":"\u0160amp\u016bnas \u201c\u0160velnus \u0161alavijas\u201d 250 g."}]},{"@type":"WebSite","@id":"https:\/\/tiandeproducts.co.uk\/#website","url":"https:\/\/tiandeproducts.co.uk\/","name":"TianDe Online Shop - Beauty & Health","description":"Traditional Chinese Medicine","potentialAction":[{"@type":"SearchAction","target":{"@type":"EntryPoint","urlTemplate":"https:\/\/tiandeproducts.co.uk\/?s={search_term_string}"},"query-input":{"@type":"PropertyValueSpecification","valueRequired":true,"valueName":"search_term_string"}}],"inLanguage":"lt-LT"}]}},"_links":{"self":[{"href":"https:\/\/tiandeproducts.co.uk\/lt\/wp-json\/wp\/v2\/product\/3680","targetHints":{"allow":["GET"]}}],"collection":[{"href":"https:\/\/tiandeproducts.co.uk\/lt\/wp-json\/wp\/v2\/product"}],"about":[{"href":"https:\/\/tiandeproducts.co.uk\/lt\/wp-json\/wp\/v2\/types\/product"}],"replies":[{"embeddable":true,"href":"https:\/\/tiandeproducts.co.uk\/lt\/wp-json\/wp\/v2\/comments?post=3680"}],"wp:featuredmedia":[{"embeddable":true,"href":"https:\/\/tiandeproducts.co.uk\/lt\/wp-json\/wp\/v2\/media\/16693"}],"wp:attachment":[{"href":"https:\/\/tiandeproducts.co.uk\/lt\/wp-json\/wp\/v2\/media?parent=3680"}],"wp:term":[{"taxonomy":"product_cat","embeddable":true,"href":"https:\/\/tiandeproducts.co.uk\/lt\/wp-json\/wp\/v2\/product_cat?post=3680"},{"taxonomy":"product_tag","embeddable":true,"href":"https:\/\/tiandeproducts.co.uk\/lt\/wp-json\/wp\/v2\/product_tag?post=3680"}],"curies":[{"name":"wp","href":"https:\/\/api.w.org\/{rel}","templated":true}]}}