{"id":3670,"date":"2018-11-13T13:31:51","date_gmt":"2018-11-13T13:31:51","guid":{"rendered":"https:\/\/tnd.ontesting.co.uk\/sampunas-senoves-kinijos-receptai-220-g\/"},"modified":"2021-02-12T11:41:57","modified_gmt":"2021-02-12T11:41:57","slug":"sampunas-senoves-kinijos-receptai-220-g","status":"publish","type":"product","link":"https:\/\/tiandeproducts.co.uk\/lt\/sampunas-senoves-kinijos-receptai-220-g\/","title":{"rendered":"\u0160amp\u016bnas &#8222;Senov\u0117s Kinijos receptai&#8221; 220 g."},"content":{"rendered":"<p><img decoding=\"async\" style=\"max-width: 16px; margin-right: 5px;\" src=\"https:\/\/tiandeproducts.co.uk\/wp-content\/uploads\/points-green.svg\" \/>\u00a0Earn 12 points worth \u00a30.60 when buying this product<\/p>\n<p>Plaukus stiprinantis fito kompleksas saugo nuo pleiskan\u0173 atsiradimo, \u0161velniai valo plaukus ir galvos od\u0105, panaikina nie\u017eul\u012f ir sudirgimus. D\u0117ka veikli\u0173j\u0173 \u0161amp\u016bno ingredient\u0173 i\u0161vengsite ankstyvojo \u017eil\u0173 plauk\u0173 atsiradimo, sustiprinsite plauk\u0173 svog\u016bn\u0117lius ir pagerinsite\u00a0j\u0173 augim\u0105. \u0160i fito terapin\u0117 priemon\u0117 gr\u0105\u017eins j\u016bs\u0173 plaukams j\u0117g\u0105, nat\u016brali\u0105 bei sveik\u0105\u00a0i\u0161vaizd\u0105.<\/p>\n<p>Daugia\u017eied\u017eio kalnie\u010dio, imbiero, saldymed\u017eio \u0161akn\u0173 ekstraktai suteiks plaukams elastingumo, stiprumo, gyvybin\u0117s j\u0117gos \u0161aknims, paskatins visos plauko strukt\u016bros atsistatym\u0105. \u0160amp\u016bno sud\u0117tyje esantys \u017eoleli\u0173 ekstraktai i\u0161saugo nat\u016brali\u0105 galvos odos ir keratininio sluoksnio pusiausvyr\u0105, nat\u016braliai dr\u0117kina, maitina ir saugo nuo kenksmingo aplinkos poveikio. \u0160amp\u016bno formul\u0117 sustiprinta klimbazoliu, kuris veikia kaip stiprus prie\u0161grybelinis komponentas, padeda\u00a0\u201enaikinti\u201c pleiskanas.<\/p>\n<p><strong>Veikliosios med\u017eiagos:<\/strong><\/p>\n<p><strong>Daugia\u017eied\u017eio kalnie\u010dio \u0161aknis<\/strong>\u00a0(dar vadinama \u0161ou vu) skatina nat\u016bralaus melanino gamyb\u0105, stabdo plauk\u0173 \u017eilim\u0105. Ekstraktas sustiprina plauk\u0173 maitinim\u0105, gr\u0105\u017eina plaukams nat\u016bral\u0173 blizges\u012f. \u0160aknies ekstraktas padeda neutralizuoti agresyv\u0173 hormon\u0105 &#8211; dihidrotesteron\u0105 (aktyvus testosteronas), kuris da\u017eniausiai kaupiasi plauk\u0173 folikuluose ir tampa plauk\u0173 i\u0161slinkimo prie\u017eastimi.<\/p>\n<p><strong>Imbiero \u0161aknies ekstraktas<\/strong>\u00a0&#8211; Ryt\u0173 medicinoje rei\u0161kia universal\u0173 vaist\u0105, turint\u012f ypatingas antioksidantines, prie\u0161u\u017edegimines, prie\u0161mikrobines, tonizuojan\u010dias ir nuskausminan\u010dias savybes. Imbieras turi vitamino A, E, C, K, B grup\u0117s vitamin\u0173, beveik visas aminor\u016bg\u0161tis, mikroelementus: kal\u012f, kalc\u012f, gele\u017e\u012f, cink\u0105, fosfor\u0105, natr\u012f, magn\u012f, ir eterin\u012f aliej\u0173. Visi \u0161ie aktyv\u016bs komponentai stimuliuoja plauko svog\u016bn\u0117l\u012f, tvarko galvos odos problemas, gerina plauko elastingum\u0105, maitina nuo \u0161akn\u0173 iki galiuk\u0173.<\/p>\n<p><strong>Uralinio saldymed\u017eio \u0161aknies ekstrakte<\/strong>\u00a0yra saponin\u0173, gliukoz\u0117s, krakmolo, askorbo r\u016bg\u0161ties ir kit\u0173 nauding\u0173 med\u017eiag\u0173. Pasi\u017eymi u\u017edegim\u0105 ma\u017einan\u010diu poveikiu, nuima nie\u017eul\u012f, galvos odos sausum\u0105, naikina pleiskanas. Suaktyvina kraujotak\u0105 plauko folikuluose, tod\u0117l stabdo plauk\u0173 slinkim\u0105 ir stiprina viso plauko strukt\u016br\u0105.<\/p>\n<p><strong>Klimbazolis<\/strong>\u00a0pasi\u017eymi prie\u0161grybeliniu ir antibakteriniu poveikiu, naudojamas gydant grybelinius odos susirgimus, pleiskanas.<\/p>\n","protected":false},"excerpt":{"rendered":"<p>\u00a0Earn 12 points worth \u00a30.60 when buying this product Plaukus stiprinantis fito kompleksas saugo nuo pleiskan\u0173 atsiradimo, \u0161velniai valo plaukus ir galvos od\u0105, panaikina nie\u017eul\u012f ir sudirgimus. D\u0117ka veikli\u0173j\u0173 \u0161amp\u016bno ingredient\u0173 i\u0161vengsite ankstyvojo \u017eil\u0173 plauk\u0173 atsiradimo, sustiprinsite plauk\u0173 svog\u016bn\u0117lius ir pagerinsite\u00a0j\u0173 augim\u0105. \u0160i fito terapin\u0117 priemon\u0117 gr\u0105\u017eins j\u016bs\u0173 plaukams j\u0117g\u0105, nat\u016brali\u0105 bei sveik\u0105\u00a0i\u0161vaizd\u0105. Daugia\u017eied\u017eio kalnie\u010dio, [&#8230;]\n","protected":false},"featured_media":2086,"comment_status":"closed","ping_status":"closed","template":"","meta":[],"product_cat":[634,656,672],"product_tag":[],"class_list":{"0":"post-3670","1":"product","2":"type-product","3":"status-publish","4":"has-post-thumbnail","6":"product_cat-plaukams","7":"product_cat-plauku-jaunyste","8":"product_cat-sampunai","10":"first","11":"outofstock","12":"shipping-taxable","13":"purchasable","14":"product-type-simple"},"yoast_head":"<!-- This site is optimized with the Yoast SEO plugin v23.6 - https:\/\/yoast.com\/wordpress\/plugins\/seo\/ -->\n<title>\u0160amp\u016bnas &quot;Senov\u0117s Kinijos receptai&quot; 220 g. - TianDe Online Shop - Beauty &amp; Health<\/title>\n<meta name=\"robots\" content=\"index, follow, max-snippet:-1, max-image-preview:large, max-video-preview:-1\" \/>\n<link rel=\"canonical\" href=\"https:\/\/tiandeproducts.co.uk\/lt\/sampunas-senoves-kinijos-receptai-220-g\/\" \/>\n<meta property=\"og:locale\" content=\"lt_LT\" \/>\n<meta property=\"og:type\" content=\"article\" \/>\n<meta property=\"og:title\" content=\"\u0160amp\u016bnas &quot;Senov\u0117s Kinijos receptai&quot; 220 g. - TianDe Online Shop - Beauty &amp; Health\" \/>\n<meta property=\"og:description\" content=\"\u00a0Earn 12 points worth \u00a30.60 when buying this product Plaukus stiprinantis fito kompleksas saugo nuo pleiskan\u0173 atsiradimo, \u0161velniai valo plaukus ir galvos od\u0105, panaikina nie\u017eul\u012f ir sudirgimus. D\u0117ka veikli\u0173j\u0173 \u0161amp\u016bno ingredient\u0173 i\u0161vengsite ankstyvojo \u017eil\u0173 plauk\u0173 atsiradimo, sustiprinsite plauk\u0173 svog\u016bn\u0117lius ir pagerinsite\u00a0j\u0173 augim\u0105. \u0160i fito terapin\u0117 priemon\u0117 gr\u0105\u017eins j\u016bs\u0173 plaukams j\u0117g\u0105, nat\u016brali\u0105 bei sveik\u0105\u00a0i\u0161vaizd\u0105. Daugia\u017eied\u017eio kalnie\u010dio, [...]\" \/>\n<meta property=\"og:url\" content=\"https:\/\/tiandeproducts.co.uk\/lt\/sampunas-senoves-kinijos-receptai-220-g\/\" \/>\n<meta property=\"og:site_name\" content=\"TianDe Online Shop - Beauty &amp; Health\" \/>\n<meta property=\"article:publisher\" content=\"https:\/\/www.facebook.com\/tiande.products.england\/\" \/>\n<meta property=\"article:modified_time\" content=\"2021-02-12T11:41:57+00:00\" \/>\n<meta property=\"og:image\" content=\"https:\/\/tiandeproducts.co.uk\/wp-content\/uploads\/2018\/11\/20146.jpg\" \/>\n\t<meta property=\"og:image:width\" content=\"700\" \/>\n\t<meta property=\"og:image:height\" content=\"700\" \/>\n\t<meta property=\"og:image:type\" content=\"image\/jpeg\" \/>\n<meta name=\"twitter:card\" content=\"summary_large_image\" \/>\n<meta name=\"twitter:label1\" content=\"Est. reading time\" \/>\n\t<meta name=\"twitter:data1\" content=\"2 minut\u0117s\" \/>\n<script type=\"application\/ld+json\" class=\"yoast-schema-graph\">{\"@context\":\"https:\/\/schema.org\",\"@graph\":[{\"@type\":\"WebPage\",\"@id\":\"https:\/\/tiandeproducts.co.uk\/lt\/sampunas-senoves-kinijos-receptai-220-g\/\",\"url\":\"https:\/\/tiandeproducts.co.uk\/lt\/sampunas-senoves-kinijos-receptai-220-g\/\",\"name\":\"\u0160amp\u016bnas \\\"Senov\u0117s Kinijos receptai\\\" 220 g. - TianDe Online Shop - Beauty &amp; Health\",\"isPartOf\":{\"@id\":\"https:\/\/tiandeproducts.co.uk\/#website\"},\"primaryImageOfPage\":{\"@id\":\"https:\/\/tiandeproducts.co.uk\/lt\/sampunas-senoves-kinijos-receptai-220-g\/#primaryimage\"},\"image\":{\"@id\":\"https:\/\/tiandeproducts.co.uk\/lt\/sampunas-senoves-kinijos-receptai-220-g\/#primaryimage\"},\"thumbnailUrl\":\"https:\/\/tiandeproducts.co.uk\/wp-content\/uploads\/2018\/11\/20146.jpg\",\"datePublished\":\"2018-11-13T13:31:51+00:00\",\"dateModified\":\"2021-02-12T11:41:57+00:00\",\"breadcrumb\":{\"@id\":\"https:\/\/tiandeproducts.co.uk\/lt\/sampunas-senoves-kinijos-receptai-220-g\/#breadcrumb\"},\"inLanguage\":\"lt-LT\",\"potentialAction\":[{\"@type\":\"ReadAction\",\"target\":[\"https:\/\/tiandeproducts.co.uk\/lt\/sampunas-senoves-kinijos-receptai-220-g\/\"]}]},{\"@type\":\"ImageObject\",\"inLanguage\":\"lt-LT\",\"@id\":\"https:\/\/tiandeproducts.co.uk\/lt\/sampunas-senoves-kinijos-receptai-220-g\/#primaryimage\",\"url\":\"https:\/\/tiandeproducts.co.uk\/wp-content\/uploads\/2018\/11\/20146.jpg\",\"contentUrl\":\"https:\/\/tiandeproducts.co.uk\/wp-content\/uploads\/2018\/11\/20146.jpg\",\"width\":700,\"height\":700,\"caption\":\"Ancient China Recipe Shampoo,220g-0\"},{\"@type\":\"BreadcrumbList\",\"@id\":\"https:\/\/tiandeproducts.co.uk\/lt\/sampunas-senoves-kinijos-receptai-220-g\/#breadcrumb\",\"itemListElement\":[{\"@type\":\"ListItem\",\"position\":1,\"name\":\"Home\",\"item\":\"https:\/\/tiandeproducts.co.uk\/lt\/\"},{\"@type\":\"ListItem\",\"position\":2,\"name\":\"Shop\",\"item\":\"https:\/\/tiandeproducts.co.uk\/lt\/shop-2\/\"},{\"@type\":\"ListItem\",\"position\":3,\"name\":\"\u0160amp\u016bnas &#8220;Senov\u0117s Kinijos receptai&#8221; 220 g.\"}]},{\"@type\":\"WebSite\",\"@id\":\"https:\/\/tiandeproducts.co.uk\/#website\",\"url\":\"https:\/\/tiandeproducts.co.uk\/\",\"name\":\"TianDe Online Shop - Beauty & Health\",\"description\":\"Traditional Chinese Medicine\",\"potentialAction\":[{\"@type\":\"SearchAction\",\"target\":{\"@type\":\"EntryPoint\",\"urlTemplate\":\"https:\/\/tiandeproducts.co.uk\/?s={search_term_string}\"},\"query-input\":{\"@type\":\"PropertyValueSpecification\",\"valueRequired\":true,\"valueName\":\"search_term_string\"}}],\"inLanguage\":\"lt-LT\"}]}<\/script>\n<!-- \/ Yoast SEO plugin. -->","yoast_head_json":{"title":"\u0160amp\u016bnas \"Senov\u0117s Kinijos receptai\" 220 g. - TianDe Online Shop - Beauty &amp; Health","robots":{"index":"index","follow":"follow","max-snippet":"max-snippet:-1","max-image-preview":"max-image-preview:large","max-video-preview":"max-video-preview:-1"},"canonical":"https:\/\/tiandeproducts.co.uk\/lt\/sampunas-senoves-kinijos-receptai-220-g\/","og_locale":"lt_LT","og_type":"article","og_title":"\u0160amp\u016bnas \"Senov\u0117s Kinijos receptai\" 220 g. - TianDe Online Shop - Beauty &amp; Health","og_description":"\u00a0Earn 12 points worth \u00a30.60 when buying this product Plaukus stiprinantis fito kompleksas saugo nuo pleiskan\u0173 atsiradimo, \u0161velniai valo plaukus ir galvos od\u0105, panaikina nie\u017eul\u012f ir sudirgimus. D\u0117ka veikli\u0173j\u0173 \u0161amp\u016bno ingredient\u0173 i\u0161vengsite ankstyvojo \u017eil\u0173 plauk\u0173 atsiradimo, sustiprinsite plauk\u0173 svog\u016bn\u0117lius ir pagerinsite\u00a0j\u0173 augim\u0105. \u0160i fito terapin\u0117 priemon\u0117 gr\u0105\u017eins j\u016bs\u0173 plaukams j\u0117g\u0105, nat\u016brali\u0105 bei sveik\u0105\u00a0i\u0161vaizd\u0105. Daugia\u017eied\u017eio kalnie\u010dio, [...]","og_url":"https:\/\/tiandeproducts.co.uk\/lt\/sampunas-senoves-kinijos-receptai-220-g\/","og_site_name":"TianDe Online Shop - Beauty &amp; Health","article_publisher":"https:\/\/www.facebook.com\/tiande.products.england\/","article_modified_time":"2021-02-12T11:41:57+00:00","og_image":[{"width":700,"height":700,"url":"https:\/\/tiandeproducts.co.uk\/wp-content\/uploads\/2018\/11\/20146.jpg","type":"image\/jpeg"}],"twitter_card":"summary_large_image","twitter_misc":{"Est. reading time":"2 minut\u0117s"},"schema":{"@context":"https:\/\/schema.org","@graph":[{"@type":"WebPage","@id":"https:\/\/tiandeproducts.co.uk\/lt\/sampunas-senoves-kinijos-receptai-220-g\/","url":"https:\/\/tiandeproducts.co.uk\/lt\/sampunas-senoves-kinijos-receptai-220-g\/","name":"\u0160amp\u016bnas \"Senov\u0117s Kinijos receptai\" 220 g. - TianDe Online Shop - Beauty &amp; Health","isPartOf":{"@id":"https:\/\/tiandeproducts.co.uk\/#website"},"primaryImageOfPage":{"@id":"https:\/\/tiandeproducts.co.uk\/lt\/sampunas-senoves-kinijos-receptai-220-g\/#primaryimage"},"image":{"@id":"https:\/\/tiandeproducts.co.uk\/lt\/sampunas-senoves-kinijos-receptai-220-g\/#primaryimage"},"thumbnailUrl":"https:\/\/tiandeproducts.co.uk\/wp-content\/uploads\/2018\/11\/20146.jpg","datePublished":"2018-11-13T13:31:51+00:00","dateModified":"2021-02-12T11:41:57+00:00","breadcrumb":{"@id":"https:\/\/tiandeproducts.co.uk\/lt\/sampunas-senoves-kinijos-receptai-220-g\/#breadcrumb"},"inLanguage":"lt-LT","potentialAction":[{"@type":"ReadAction","target":["https:\/\/tiandeproducts.co.uk\/lt\/sampunas-senoves-kinijos-receptai-220-g\/"]}]},{"@type":"ImageObject","inLanguage":"lt-LT","@id":"https:\/\/tiandeproducts.co.uk\/lt\/sampunas-senoves-kinijos-receptai-220-g\/#primaryimage","url":"https:\/\/tiandeproducts.co.uk\/wp-content\/uploads\/2018\/11\/20146.jpg","contentUrl":"https:\/\/tiandeproducts.co.uk\/wp-content\/uploads\/2018\/11\/20146.jpg","width":700,"height":700,"caption":"Ancient China Recipe Shampoo,220g-0"},{"@type":"BreadcrumbList","@id":"https:\/\/tiandeproducts.co.uk\/lt\/sampunas-senoves-kinijos-receptai-220-g\/#breadcrumb","itemListElement":[{"@type":"ListItem","position":1,"name":"Home","item":"https:\/\/tiandeproducts.co.uk\/lt\/"},{"@type":"ListItem","position":2,"name":"Shop","item":"https:\/\/tiandeproducts.co.uk\/lt\/shop-2\/"},{"@type":"ListItem","position":3,"name":"\u0160amp\u016bnas &#8220;Senov\u0117s Kinijos receptai&#8221; 220 g."}]},{"@type":"WebSite","@id":"https:\/\/tiandeproducts.co.uk\/#website","url":"https:\/\/tiandeproducts.co.uk\/","name":"TianDe Online Shop - Beauty & Health","description":"Traditional Chinese Medicine","potentialAction":[{"@type":"SearchAction","target":{"@type":"EntryPoint","urlTemplate":"https:\/\/tiandeproducts.co.uk\/?s={search_term_string}"},"query-input":{"@type":"PropertyValueSpecification","valueRequired":true,"valueName":"search_term_string"}}],"inLanguage":"lt-LT"}]}},"_links":{"self":[{"href":"https:\/\/tiandeproducts.co.uk\/lt\/wp-json\/wp\/v2\/product\/3670","targetHints":{"allow":["GET"]}}],"collection":[{"href":"https:\/\/tiandeproducts.co.uk\/lt\/wp-json\/wp\/v2\/product"}],"about":[{"href":"https:\/\/tiandeproducts.co.uk\/lt\/wp-json\/wp\/v2\/types\/product"}],"replies":[{"embeddable":true,"href":"https:\/\/tiandeproducts.co.uk\/lt\/wp-json\/wp\/v2\/comments?post=3670"}],"wp:featuredmedia":[{"embeddable":true,"href":"https:\/\/tiandeproducts.co.uk\/lt\/wp-json\/wp\/v2\/media\/2086"}],"wp:attachment":[{"href":"https:\/\/tiandeproducts.co.uk\/lt\/wp-json\/wp\/v2\/media?parent=3670"}],"wp:term":[{"taxonomy":"product_cat","embeddable":true,"href":"https:\/\/tiandeproducts.co.uk\/lt\/wp-json\/wp\/v2\/product_cat?post=3670"},{"taxonomy":"product_tag","embeddable":true,"href":"https:\/\/tiandeproducts.co.uk\/lt\/wp-json\/wp\/v2\/product_tag?post=3670"}],"curies":[{"name":"wp","href":"https:\/\/api.w.org\/{rel}","templated":true}]}}