{"id":3669,"date":"2019-07-17T19:17:50","date_gmt":"2019-07-17T18:17:50","guid":{"rendered":"https:\/\/tnd.ontesting.co.uk\/termo-purskiama-apsauga-su-keratinu-dazytiems-plaukams-200-ml\/"},"modified":"2021-02-12T11:02:53","modified_gmt":"2021-02-12T11:02:53","slug":"termo-purskiama-apsauga-su-keratinu-dazytiems-plaukams-200-ml","status":"publish","type":"product","link":"https:\/\/tiandeproducts.co.uk\/lt\/termo-purskiama-apsauga-su-keratinu-dazytiems-plaukams-200-ml\/","title":{"rendered":"Termo pur\u0161kiama apsauga su keratinu da\u017eytiems plaukams 200 ml."},"content":{"rendered":"<p><img decoding=\"async\" style=\"max-width: 16px; margin-right: 5px;\" src=\"https:\/\/tiandeproducts.co.uk\/wp-content\/uploads\/points-green.svg\" \/>\u00a0Earn 12 points worth \u00a30.60 when buying this product<\/p>\n<p>Dienos metu plaukai patiria neigiam\u0105 aplinkos poveik\u012f. Be to, J\u016bs tikriausiai i\u0161d\u017eiovinkite juos plauk\u0173 d\u017eiovintuvu, tiesinate su kar\u0161tomis \u017enypl\u0117mis. \u0160i\u0173 prietais\u0173 atsisakyti labai sunku. Svarbu tik suma\u017einti \u0161iuolaikini\u0173 prietais\u0173 \u017ealing\u0105 poveik\u012f! Tai pad\u0117s Jums termo pur\u0161kiama apsauga su keratinu da\u017eytiems plaukams i\u0161 TianDe.<\/p>\n<p>Termo pur\u0161kiama apsauga su keratinu da\u017eytiems plaukams yra:<br \/>\n&#8211; auk\u0161tas termo apsaugos lygis;<br \/>\n&#8211; ma\u017einti \u017ealing\u0105 elektrinio plauk\u0173 formavimo priemoni\u0173 poveik\u012f plaukams;<br \/>\n&#8211; apimtis ir paprastas modeliavimas;<br \/>\n&#8211; da\u017eyt\u0173 plauk\u0173 spalvos apsauga;<br \/>\n&#8211; antistatinis poveikis.<\/p>\n<p>D\u0117l savo turtingos sud\u0117ties pur\u0161kalas giliai dr\u0117kina plaukus, jie tampa lyg\u016bs ir \u0161ilkiniai. Veikliosios med\u017eiagos r\u016bpinasi plaukais ir neleid\u017eia da\u017eams i\u0161blukti. Dabar j\u016bs\u0173 plaukai visada bus ry\u0161k\u016bs ir blizg\u016bs!<\/p>\n<p><strong>Naudojimas:<\/strong> i\u0161pur\u0161kite priemon\u0119 per vis\u0105 dr\u0117gn\u0173 ar saus\u0173 plauk\u0173 ilg\u012f, kad prid\u0117tum\u0117te t\u016brio purk\u0161ti ant plauk\u0173 \u0161akn\u0173.<\/p>\n","protected":false},"excerpt":{"rendered":"<p>\u00a0Earn 12 points worth \u00a30.60 when buying this product Dienos metu plaukai patiria neigiam\u0105 aplinkos poveik\u012f. Be to, J\u016bs tikriausiai i\u0161d\u017eiovinkite juos plauk\u0173 d\u017eiovintuvu, tiesinate su kar\u0161tomis \u017enypl\u0117mis. \u0160i\u0173 prietais\u0173 atsisakyti labai sunku. Svarbu tik suma\u017einti \u0161iuolaikini\u0173 prietais\u0173 \u017ealing\u0105 poveik\u012f! Tai pad\u0117s Jums termo pur\u0161kiama apsauga su keratinu da\u017eytiems plaukams i\u0161 TianDe. Termo pur\u0161kiama apsauga [&#8230;]\n","protected":false},"featured_media":3207,"comment_status":"closed","ping_status":"closed","template":"","meta":[],"product_cat":[666,634,676,670],"product_tag":[],"class_list":{"0":"post-3669","1":"product","2":"type-product","3":"status-publish","4":"has-post-thumbnail","6":"product_cat-apimties-didinimui","7":"product_cat-plaukams","8":"product_cat-plauku-apsauga","9":"product_cat-serumaialiejai","11":"first","12":"outofstock","13":"shipping-taxable","14":"purchasable","15":"product-type-simple"},"yoast_head":"<!-- This site is optimized with the Yoast SEO plugin v23.6 - https:\/\/yoast.com\/wordpress\/plugins\/seo\/ -->\n<title>Termo pur\u0161kiama apsauga su keratinu da\u017eytiems plaukams 200 ml. - TianDe Online Shop - Beauty &amp; Health<\/title>\n<meta name=\"robots\" content=\"index, follow, max-snippet:-1, max-image-preview:large, max-video-preview:-1\" \/>\n<link rel=\"canonical\" href=\"https:\/\/tiandeproducts.co.uk\/lt\/termo-purskiama-apsauga-su-keratinu-dazytiems-plaukams-200-ml\/\" \/>\n<meta property=\"og:locale\" content=\"lt_LT\" \/>\n<meta property=\"og:type\" content=\"article\" \/>\n<meta property=\"og:title\" content=\"Termo pur\u0161kiama apsauga su keratinu da\u017eytiems plaukams 200 ml. - TianDe Online Shop - Beauty &amp; Health\" \/>\n<meta property=\"og:description\" content=\"\u00a0Earn 12 points worth \u00a30.60 when buying this product Dienos metu plaukai patiria neigiam\u0105 aplinkos poveik\u012f. Be to, J\u016bs tikriausiai i\u0161d\u017eiovinkite juos plauk\u0173 d\u017eiovintuvu, tiesinate su kar\u0161tomis \u017enypl\u0117mis. \u0160i\u0173 prietais\u0173 atsisakyti labai sunku. Svarbu tik suma\u017einti \u0161iuolaikini\u0173 prietais\u0173 \u017ealing\u0105 poveik\u012f! Tai pad\u0117s Jums termo pur\u0161kiama apsauga su keratinu da\u017eytiems plaukams i\u0161 TianDe. Termo pur\u0161kiama apsauga [...]\" \/>\n<meta property=\"og:url\" content=\"https:\/\/tiandeproducts.co.uk\/lt\/termo-purskiama-apsauga-su-keratinu-dazytiems-plaukams-200-ml\/\" \/>\n<meta property=\"og:site_name\" content=\"TianDe Online Shop - Beauty &amp; Health\" \/>\n<meta property=\"article:publisher\" content=\"https:\/\/www.facebook.com\/tiande.products.england\/\" \/>\n<meta property=\"article:modified_time\" content=\"2021-02-12T11:02:53+00:00\" \/>\n<meta property=\"og:image\" content=\"https:\/\/tiandeproducts.co.uk\/wp-content\/uploads\/201481.png\" \/>\n\t<meta property=\"og:image:width\" content=\"700\" \/>\n\t<meta property=\"og:image:height\" content=\"700\" \/>\n\t<meta property=\"og:image:type\" content=\"image\/png\" \/>\n<meta name=\"twitter:card\" content=\"summary_large_image\" \/>\n<meta name=\"twitter:label1\" content=\"Est. reading time\" \/>\n\t<meta name=\"twitter:data1\" content=\"1 minut\u0117\" \/>\n<script type=\"application\/ld+json\" class=\"yoast-schema-graph\">{\"@context\":\"https:\/\/schema.org\",\"@graph\":[{\"@type\":\"WebPage\",\"@id\":\"https:\/\/tiandeproducts.co.uk\/lt\/termo-purskiama-apsauga-su-keratinu-dazytiems-plaukams-200-ml\/\",\"url\":\"https:\/\/tiandeproducts.co.uk\/lt\/termo-purskiama-apsauga-su-keratinu-dazytiems-plaukams-200-ml\/\",\"name\":\"Termo pur\u0161kiama apsauga su keratinu da\u017eytiems plaukams 200 ml. - TianDe Online Shop - Beauty &amp; Health\",\"isPartOf\":{\"@id\":\"https:\/\/tiandeproducts.co.uk\/#website\"},\"primaryImageOfPage\":{\"@id\":\"https:\/\/tiandeproducts.co.uk\/lt\/termo-purskiama-apsauga-su-keratinu-dazytiems-plaukams-200-ml\/#primaryimage\"},\"image\":{\"@id\":\"https:\/\/tiandeproducts.co.uk\/lt\/termo-purskiama-apsauga-su-keratinu-dazytiems-plaukams-200-ml\/#primaryimage\"},\"thumbnailUrl\":\"https:\/\/tiandeproducts.co.uk\/wp-content\/uploads\/201481.png\",\"datePublished\":\"2019-07-17T18:17:50+00:00\",\"dateModified\":\"2021-02-12T11:02:53+00:00\",\"breadcrumb\":{\"@id\":\"https:\/\/tiandeproducts.co.uk\/lt\/termo-purskiama-apsauga-su-keratinu-dazytiems-plaukams-200-ml\/#breadcrumb\"},\"inLanguage\":\"lt-LT\",\"potentialAction\":[{\"@type\":\"ReadAction\",\"target\":[\"https:\/\/tiandeproducts.co.uk\/lt\/termo-purskiama-apsauga-su-keratinu-dazytiems-plaukams-200-ml\/\"]}]},{\"@type\":\"ImageObject\",\"inLanguage\":\"lt-LT\",\"@id\":\"https:\/\/tiandeproducts.co.uk\/lt\/termo-purskiama-apsauga-su-keratinu-dazytiems-plaukams-200-ml\/#primaryimage\",\"url\":\"https:\/\/tiandeproducts.co.uk\/wp-content\/uploads\/201481.png\",\"contentUrl\":\"https:\/\/tiandeproducts.co.uk\/wp-content\/uploads\/201481.png\",\"width\":700,\"height\":700},{\"@type\":\"BreadcrumbList\",\"@id\":\"https:\/\/tiandeproducts.co.uk\/lt\/termo-purskiama-apsauga-su-keratinu-dazytiems-plaukams-200-ml\/#breadcrumb\",\"itemListElement\":[{\"@type\":\"ListItem\",\"position\":1,\"name\":\"Home\",\"item\":\"https:\/\/tiandeproducts.co.uk\/lt\/\"},{\"@type\":\"ListItem\",\"position\":2,\"name\":\"Shop\",\"item\":\"https:\/\/tiandeproducts.co.uk\/lt\/shop-2\/\"},{\"@type\":\"ListItem\",\"position\":3,\"name\":\"Termo pur\u0161kiama apsauga su keratinu da\u017eytiems plaukams 200 ml.\"}]},{\"@type\":\"WebSite\",\"@id\":\"https:\/\/tiandeproducts.co.uk\/#website\",\"url\":\"https:\/\/tiandeproducts.co.uk\/\",\"name\":\"TianDe Online Shop - Beauty & Health\",\"description\":\"Traditional Chinese Medicine\",\"potentialAction\":[{\"@type\":\"SearchAction\",\"target\":{\"@type\":\"EntryPoint\",\"urlTemplate\":\"https:\/\/tiandeproducts.co.uk\/?s={search_term_string}\"},\"query-input\":{\"@type\":\"PropertyValueSpecification\",\"valueRequired\":true,\"valueName\":\"search_term_string\"}}],\"inLanguage\":\"lt-LT\"}]}<\/script>\n<!-- \/ Yoast SEO plugin. -->","yoast_head_json":{"title":"Termo pur\u0161kiama apsauga su keratinu da\u017eytiems plaukams 200 ml. - TianDe Online Shop - Beauty &amp; Health","robots":{"index":"index","follow":"follow","max-snippet":"max-snippet:-1","max-image-preview":"max-image-preview:large","max-video-preview":"max-video-preview:-1"},"canonical":"https:\/\/tiandeproducts.co.uk\/lt\/termo-purskiama-apsauga-su-keratinu-dazytiems-plaukams-200-ml\/","og_locale":"lt_LT","og_type":"article","og_title":"Termo pur\u0161kiama apsauga su keratinu da\u017eytiems plaukams 200 ml. - TianDe Online Shop - Beauty &amp; Health","og_description":"\u00a0Earn 12 points worth \u00a30.60 when buying this product Dienos metu plaukai patiria neigiam\u0105 aplinkos poveik\u012f. Be to, J\u016bs tikriausiai i\u0161d\u017eiovinkite juos plauk\u0173 d\u017eiovintuvu, tiesinate su kar\u0161tomis \u017enypl\u0117mis. \u0160i\u0173 prietais\u0173 atsisakyti labai sunku. Svarbu tik suma\u017einti \u0161iuolaikini\u0173 prietais\u0173 \u017ealing\u0105 poveik\u012f! Tai pad\u0117s Jums termo pur\u0161kiama apsauga su keratinu da\u017eytiems plaukams i\u0161 TianDe. Termo pur\u0161kiama apsauga [...]","og_url":"https:\/\/tiandeproducts.co.uk\/lt\/termo-purskiama-apsauga-su-keratinu-dazytiems-plaukams-200-ml\/","og_site_name":"TianDe Online Shop - Beauty &amp; Health","article_publisher":"https:\/\/www.facebook.com\/tiande.products.england\/","article_modified_time":"2021-02-12T11:02:53+00:00","og_image":[{"width":700,"height":700,"url":"https:\/\/tiandeproducts.co.uk\/wp-content\/uploads\/201481.png","type":"image\/png"}],"twitter_card":"summary_large_image","twitter_misc":{"Est. reading time":"1 minut\u0117"},"schema":{"@context":"https:\/\/schema.org","@graph":[{"@type":"WebPage","@id":"https:\/\/tiandeproducts.co.uk\/lt\/termo-purskiama-apsauga-su-keratinu-dazytiems-plaukams-200-ml\/","url":"https:\/\/tiandeproducts.co.uk\/lt\/termo-purskiama-apsauga-su-keratinu-dazytiems-plaukams-200-ml\/","name":"Termo pur\u0161kiama apsauga su keratinu da\u017eytiems plaukams 200 ml. - TianDe Online Shop - Beauty &amp; Health","isPartOf":{"@id":"https:\/\/tiandeproducts.co.uk\/#website"},"primaryImageOfPage":{"@id":"https:\/\/tiandeproducts.co.uk\/lt\/termo-purskiama-apsauga-su-keratinu-dazytiems-plaukams-200-ml\/#primaryimage"},"image":{"@id":"https:\/\/tiandeproducts.co.uk\/lt\/termo-purskiama-apsauga-su-keratinu-dazytiems-plaukams-200-ml\/#primaryimage"},"thumbnailUrl":"https:\/\/tiandeproducts.co.uk\/wp-content\/uploads\/201481.png","datePublished":"2019-07-17T18:17:50+00:00","dateModified":"2021-02-12T11:02:53+00:00","breadcrumb":{"@id":"https:\/\/tiandeproducts.co.uk\/lt\/termo-purskiama-apsauga-su-keratinu-dazytiems-plaukams-200-ml\/#breadcrumb"},"inLanguage":"lt-LT","potentialAction":[{"@type":"ReadAction","target":["https:\/\/tiandeproducts.co.uk\/lt\/termo-purskiama-apsauga-su-keratinu-dazytiems-plaukams-200-ml\/"]}]},{"@type":"ImageObject","inLanguage":"lt-LT","@id":"https:\/\/tiandeproducts.co.uk\/lt\/termo-purskiama-apsauga-su-keratinu-dazytiems-plaukams-200-ml\/#primaryimage","url":"https:\/\/tiandeproducts.co.uk\/wp-content\/uploads\/201481.png","contentUrl":"https:\/\/tiandeproducts.co.uk\/wp-content\/uploads\/201481.png","width":700,"height":700},{"@type":"BreadcrumbList","@id":"https:\/\/tiandeproducts.co.uk\/lt\/termo-purskiama-apsauga-su-keratinu-dazytiems-plaukams-200-ml\/#breadcrumb","itemListElement":[{"@type":"ListItem","position":1,"name":"Home","item":"https:\/\/tiandeproducts.co.uk\/lt\/"},{"@type":"ListItem","position":2,"name":"Shop","item":"https:\/\/tiandeproducts.co.uk\/lt\/shop-2\/"},{"@type":"ListItem","position":3,"name":"Termo pur\u0161kiama apsauga su keratinu da\u017eytiems plaukams 200 ml."}]},{"@type":"WebSite","@id":"https:\/\/tiandeproducts.co.uk\/#website","url":"https:\/\/tiandeproducts.co.uk\/","name":"TianDe Online Shop - Beauty & Health","description":"Traditional Chinese Medicine","potentialAction":[{"@type":"SearchAction","target":{"@type":"EntryPoint","urlTemplate":"https:\/\/tiandeproducts.co.uk\/?s={search_term_string}"},"query-input":{"@type":"PropertyValueSpecification","valueRequired":true,"valueName":"search_term_string"}}],"inLanguage":"lt-LT"}]}},"_links":{"self":[{"href":"https:\/\/tiandeproducts.co.uk\/lt\/wp-json\/wp\/v2\/product\/3669","targetHints":{"allow":["GET"]}}],"collection":[{"href":"https:\/\/tiandeproducts.co.uk\/lt\/wp-json\/wp\/v2\/product"}],"about":[{"href":"https:\/\/tiandeproducts.co.uk\/lt\/wp-json\/wp\/v2\/types\/product"}],"replies":[{"embeddable":true,"href":"https:\/\/tiandeproducts.co.uk\/lt\/wp-json\/wp\/v2\/comments?post=3669"}],"wp:featuredmedia":[{"embeddable":true,"href":"https:\/\/tiandeproducts.co.uk\/lt\/wp-json\/wp\/v2\/media\/3207"}],"wp:attachment":[{"href":"https:\/\/tiandeproducts.co.uk\/lt\/wp-json\/wp\/v2\/media?parent=3669"}],"wp:term":[{"taxonomy":"product_cat","embeddable":true,"href":"https:\/\/tiandeproducts.co.uk\/lt\/wp-json\/wp\/v2\/product_cat?post=3669"},{"taxonomy":"product_tag","embeddable":true,"href":"https:\/\/tiandeproducts.co.uk\/lt\/wp-json\/wp\/v2\/product_tag?post=3669"}],"curies":[{"name":"wp","href":"https:\/\/api.w.org\/{rel}","templated":true}]}}