{"id":3665,"date":"2016-04-07T22:21:42","date_gmt":"2016-04-07T21:21:42","guid":{"rendered":"https:\/\/tnd.ontesting.co.uk\/indu-ploviklis-muilo-riesuto-pagrindu-500-ml\/"},"modified":"2019-12-11T09:13:00","modified_gmt":"2019-12-11T09:13:00","slug":"indu-ploviklis-muilo-riesuto-pagrindu-500-ml","status":"publish","type":"product","link":"https:\/\/tiandeproducts.co.uk\/lt\/indu-ploviklis-muilo-riesuto-pagrindu-500-ml\/","title":{"rendered":"Ind\u0173 ploviklis muilo rie\u0161uto pagrindu 500 ml."},"content":{"rendered":"<p>Viena i\u0161 pagrindini\u0173 priemon\u0117s sudedam\u0173j\u0173 dali\u0173 \u2013 saponinai \u2013 randami muilo rie\u0161uto kevale, kaip nat\u016braliai putojanti priemon\u0117. Visi\u0161kai suyra aplinkoje ir nesukelia \u0161armini\u0173 reakcij\u0173.<\/p>\n<ul>\n<li>Efektyviai plauna indus tiek \u0161iltame, tiek \u0161altame vandenyje;<\/li>\n<li>Tirpdo ir \u0161alina riebal\u0173 apna\u0161as;<\/li>\n<li>Nedirgina ir nesausina rank\u0173 odos;<\/li>\n<li>Pilnai pasi\u0161alina nuo ind\u0173 pavir\u0161iaus.<\/li>\n<\/ul>\n<p><strong>Naudojimas:<\/strong>\u00a0<span id=\"result_box\" lang=\"lt\"><span title=\"\u041d\u0430\u043d\u0435\u0441\u0438\u0442\u0435 1-2 \u043a\u0430\u043f\u043b\u0438 \u0441\u0440\u0435\u0434\u0441\u0442\u0432\u0430 \u043d\u0430 \u0432\u043b\u0430\u0436\u043d\u0443\u044e \u0433\u0443\u0431\u043a\u0443, \u043f\u0440\u043e\u0442\u0440\u0438\u0442\u0435 \u043f\u043e\u0441\u0443\u0434\u0443, \u043f\u043e\u0441\u043b\u0435 \u0447\u0435\u0433\u043e \u043e\u043f\u043e\u043b\u043e\u0441\u043d\u0438\u0442\u0435 \u0435\u0435 \u043f\u043e\u0434 \u0441\u0442\u0440\u0443\u0435\u0439 \u0432\u043e\u0434\u044b.\">ant dr\u0117gnos kempin\u0117l\u0117s u\u017epilkite 1-2 la\u0161us produkto, plaukite kempin\u0117le indus ir praplaukite po tekan\u010diu vandeniu.\u00a0<\/span><span title=\"\u0418\u043b\u0438 \u0440\u0430\u0441\u0442\u0432\u043e\u0440\u0438\u0442\u0435 1 \u0447\u0430\u0439\u043d\u0443\u044e \u043b\u043e\u0436\u043a\u0443 \u0441\u0440\u0435\u0434\u0441\u0442\u0432\u0430 \u0432 5 \u043b \u0432\u043e\u0434\u044b, \u0432\u044b\u043c\u043e\u0439\u0442\u0435 \u043f\u043e\u0441\u0443\u0434\u0443, \u043e\u043f\u043e\u043b\u043e\u0441\u043d\u0438\u0442\u0435.\">Arba \u012fpilkite 1 arbatin\u012f \u0161auk\u0161tel\u012f priemon\u0117s \u012f 5 litrus vandens, plaukite indus, praplaukite vandeniu.<\/span><\/span><\/p>\n<p><strong>Veikliosios med\u017eiagos:<\/strong><\/p>\n<p><strong>Saponinai<\/strong>\u00a0&#8211; nat\u016bralios med\u017eiagos esan\u010dios muilo rie\u0161uto kevale. Jie veikia lygiai taip pat kaip pavir\u0161iaus aktyviosios med\u017eiagos (PAM), ta\u010diau yra visi\u0161kai saug\u016bs \u017emogui ir gamtai. Jie pilnai i\u0161siskaido gamtoje (kaip ir kitos organin\u0117s med\u017eiagos). Saponinus galima valgyti, jie naudojami ir maisto pramon\u0117je kaip nat\u016bral\u016bs emulgatoriai (pvz. gaminant konditerijos gaminius ir putojan\u010dius g\u0117rimus). Kosmetikos ir k\u016bno prie\u017ei\u016bros priemon\u0117se naudojami d\u0117l savo raminan\u010dio ir prie\u0161u\u017edegiminio poveikio odai. Muilo rie\u0161uto saponiniai pla\u010diai naudojami ir medicinoje, kaip adaptogenai, valomoji ir atsikos\u0117jimo priemon\u0117. Jie nei\u0161\u0161aukia \u0161armin\u0117s reakcijos, nedirgina ir ned\u017eiovina odos. Tai puiki ir rekomenduojama priemon\u0117 alergi\u0161kiems \u017emon\u0117ms, turintiems rimtas odos problemas, kai bet koks kontaktas su chemin\u0117mis priemon\u0117mis yra nepageidaujamas ar \u017ealingas. Veikia prie\u0161u\u017edegimi\u0161kai ir prie\u0161mikrobi\u0161kai.<\/p>\n<p><strong>Koko-gliukozidai<\/strong>\u00a0&#8211; 100% bioproduktas, i\u0161gaunamas i\u0161skirtinai i\u0161 kokoso aliejaus. Jis sustiprina pagrindin\u0117s priemon\u0117s valom\u0105sias ir mink\u0161tinam\u0105sias savybes. Koko &#8211; gliukozidai naudojami ir produktuose, skirtuose \u0161velniai ir jautriai k\u016bdikio odelei pri\u017ei\u016br\u0117ti. Veikia prie\u0161u\u017edegimi\u0161kai.<\/p>\n<p><strong>Fenoksietanolis<\/strong>\u00a0&#8211; inovacinis konservantas, kuris naudojamas \u201e\u017ealios\u201c kosmetikos sud\u0117tyje. Jis sukurtas specialiai odos prie\u017ei\u016bros priemon\u0117ms. Pagal efektyvum\u0105 prilyginamas parabenams, priemonei, kuri suteikia pat\u012f galingiausi\u0105 konservuojant\u012f efekt\u0105, ta\u010diau yra visi\u0161kai nekenksminga nei odai, nei gamtai.<\/p>\n<p><strong>Citrin\u0173 r\u016bg\u0161tis ir citrin\u0173 aliejus<\/strong>\u00a0&#8211; nat\u016bral\u016bs konservantai, aromatizatoriai ir antiseptikai, saugantys od\u0105 nuo u\u017edegimo.<\/p>\n","protected":false},"excerpt":{"rendered":"<p>Viena i\u0161 pagrindini\u0173 priemon\u0117s sudedam\u0173j\u0173 dali\u0173 \u2013 saponinai \u2013 randami muilo rie\u0161uto kevale, kaip nat\u016braliai putojanti priemon\u0117. Visi\u0161kai suyra aplinkoje ir nesukelia \u0161armini\u0173 reakcij\u0173. Efektyviai plauna indus tiek \u0161iltame, tiek \u0161altame vandenyje; Tirpdo ir \u0161alina riebal\u0173 apna\u0161as; Nedirgina ir nesausina rank\u0173 odos; Pilnai pasi\u0161alina nuo ind\u0173 pavir\u0161iaus. Naudojimas:\u00a0ant dr\u0117gnos kempin\u0117l\u0117s u\u017epilkite 1-2 la\u0161us produkto, plaukite [&#8230;]\n","protected":false},"featured_media":947,"comment_status":"closed","ping_status":"closed","template":"","meta":[],"product_cat":[621,620,622],"product_tag":[],"class_list":{"0":"post-3665","1":"product","2":"type-product","3":"status-publish","4":"has-post-thumbnail","6":"product_cat-ekosferos-skalbimui","7":"product_cat-namams","8":"product_cat-virtuvei","10":"first","11":"instock","12":"shipping-taxable","13":"purchasable","14":"product-type-simple"},"yoast_head":"<!-- This site is optimized with the Yoast SEO plugin v23.6 - https:\/\/yoast.com\/wordpress\/plugins\/seo\/ -->\n<title>Ind\u0173 ploviklis muilo rie\u0161uto pagrindu 500 ml. - TianDe Online Shop - Beauty &amp; Health<\/title>\n<meta name=\"robots\" content=\"index, follow, max-snippet:-1, max-image-preview:large, max-video-preview:-1\" \/>\n<link rel=\"canonical\" href=\"https:\/\/tiandeproducts.co.uk\/lt\/indu-ploviklis-muilo-riesuto-pagrindu-500-ml\/\" \/>\n<meta property=\"og:locale\" content=\"lt_LT\" \/>\n<meta property=\"og:type\" content=\"article\" \/>\n<meta property=\"og:title\" content=\"Ind\u0173 ploviklis muilo rie\u0161uto pagrindu 500 ml. - TianDe Online Shop - Beauty &amp; Health\" \/>\n<meta property=\"og:description\" content=\"Viena i\u0161 pagrindini\u0173 priemon\u0117s sudedam\u0173j\u0173 dali\u0173 \u2013 saponinai \u2013 randami muilo rie\u0161uto kevale, kaip nat\u016braliai putojanti priemon\u0117. Visi\u0161kai suyra aplinkoje ir nesukelia \u0161armini\u0173 reakcij\u0173. Efektyviai plauna indus tiek \u0161iltame, tiek \u0161altame vandenyje; Tirpdo ir \u0161alina riebal\u0173 apna\u0161as; Nedirgina ir nesausina rank\u0173 odos; Pilnai pasi\u0161alina nuo ind\u0173 pavir\u0161iaus. Naudojimas:\u00a0ant dr\u0117gnos kempin\u0117l\u0117s u\u017epilkite 1-2 la\u0161us produkto, plaukite [...]\" \/>\n<meta property=\"og:url\" content=\"https:\/\/tiandeproducts.co.uk\/lt\/indu-ploviklis-muilo-riesuto-pagrindu-500-ml\/\" \/>\n<meta property=\"og:site_name\" content=\"TianDe Online Shop - Beauty &amp; Health\" \/>\n<meta property=\"article:publisher\" content=\"https:\/\/www.facebook.com\/tiande.products.england\/\" \/>\n<meta property=\"article:modified_time\" content=\"2019-12-11T09:13:00+00:00\" \/>\n<meta property=\"og:image\" content=\"https:\/\/tiandeproducts.co.uk\/wp-content\/uploads\/2016\/04\/144303_new.png\" \/>\n\t<meta property=\"og:image:width\" content=\"700\" \/>\n\t<meta property=\"og:image:height\" content=\"700\" \/>\n\t<meta property=\"og:image:type\" content=\"image\/png\" \/>\n<meta name=\"twitter:card\" content=\"summary_large_image\" \/>\n<meta name=\"twitter:label1\" content=\"Est. reading time\" \/>\n\t<meta name=\"twitter:data1\" content=\"2 minut\u0117s\" \/>\n<script type=\"application\/ld+json\" class=\"yoast-schema-graph\">{\"@context\":\"https:\/\/schema.org\",\"@graph\":[{\"@type\":\"WebPage\",\"@id\":\"https:\/\/tiandeproducts.co.uk\/lt\/indu-ploviklis-muilo-riesuto-pagrindu-500-ml\/\",\"url\":\"https:\/\/tiandeproducts.co.uk\/lt\/indu-ploviklis-muilo-riesuto-pagrindu-500-ml\/\",\"name\":\"Ind\u0173 ploviklis muilo rie\u0161uto pagrindu 500 ml. - TianDe Online Shop - Beauty &amp; Health\",\"isPartOf\":{\"@id\":\"https:\/\/tiandeproducts.co.uk\/#website\"},\"primaryImageOfPage\":{\"@id\":\"https:\/\/tiandeproducts.co.uk\/lt\/indu-ploviklis-muilo-riesuto-pagrindu-500-ml\/#primaryimage\"},\"image\":{\"@id\":\"https:\/\/tiandeproducts.co.uk\/lt\/indu-ploviklis-muilo-riesuto-pagrindu-500-ml\/#primaryimage\"},\"thumbnailUrl\":\"https:\/\/tiandeproducts.co.uk\/wp-content\/uploads\/2016\/04\/144303_new.png\",\"datePublished\":\"2016-04-07T21:21:42+00:00\",\"dateModified\":\"2019-12-11T09:13:00+00:00\",\"breadcrumb\":{\"@id\":\"https:\/\/tiandeproducts.co.uk\/lt\/indu-ploviklis-muilo-riesuto-pagrindu-500-ml\/#breadcrumb\"},\"inLanguage\":\"lt-LT\",\"potentialAction\":[{\"@type\":\"ReadAction\",\"target\":[\"https:\/\/tiandeproducts.co.uk\/lt\/indu-ploviklis-muilo-riesuto-pagrindu-500-ml\/\"]}]},{\"@type\":\"ImageObject\",\"inLanguage\":\"lt-LT\",\"@id\":\"https:\/\/tiandeproducts.co.uk\/lt\/indu-ploviklis-muilo-riesuto-pagrindu-500-ml\/#primaryimage\",\"url\":\"https:\/\/tiandeproducts.co.uk\/wp-content\/uploads\/2016\/04\/144303_new.png\",\"contentUrl\":\"https:\/\/tiandeproducts.co.uk\/wp-content\/uploads\/2016\/04\/144303_new.png\",\"width\":700,\"height\":700,\"caption\":\"Soap Nut Dishwashing Liquid,500ml-0\"},{\"@type\":\"BreadcrumbList\",\"@id\":\"https:\/\/tiandeproducts.co.uk\/lt\/indu-ploviklis-muilo-riesuto-pagrindu-500-ml\/#breadcrumb\",\"itemListElement\":[{\"@type\":\"ListItem\",\"position\":1,\"name\":\"Home\",\"item\":\"https:\/\/tiandeproducts.co.uk\/lt\/\"},{\"@type\":\"ListItem\",\"position\":2,\"name\":\"Shop\",\"item\":\"https:\/\/tiandeproducts.co.uk\/lt\/shop-2\/\"},{\"@type\":\"ListItem\",\"position\":3,\"name\":\"Ind\u0173 ploviklis muilo rie\u0161uto pagrindu 500 ml.\"}]},{\"@type\":\"WebSite\",\"@id\":\"https:\/\/tiandeproducts.co.uk\/#website\",\"url\":\"https:\/\/tiandeproducts.co.uk\/\",\"name\":\"TianDe Online Shop - Beauty & Health\",\"description\":\"Traditional Chinese Medicine\",\"potentialAction\":[{\"@type\":\"SearchAction\",\"target\":{\"@type\":\"EntryPoint\",\"urlTemplate\":\"https:\/\/tiandeproducts.co.uk\/?s={search_term_string}\"},\"query-input\":{\"@type\":\"PropertyValueSpecification\",\"valueRequired\":true,\"valueName\":\"search_term_string\"}}],\"inLanguage\":\"lt-LT\"}]}<\/script>\n<!-- \/ Yoast SEO plugin. -->","yoast_head_json":{"title":"Ind\u0173 ploviklis muilo rie\u0161uto pagrindu 500 ml. - TianDe Online Shop - Beauty &amp; Health","robots":{"index":"index","follow":"follow","max-snippet":"max-snippet:-1","max-image-preview":"max-image-preview:large","max-video-preview":"max-video-preview:-1"},"canonical":"https:\/\/tiandeproducts.co.uk\/lt\/indu-ploviklis-muilo-riesuto-pagrindu-500-ml\/","og_locale":"lt_LT","og_type":"article","og_title":"Ind\u0173 ploviklis muilo rie\u0161uto pagrindu 500 ml. - TianDe Online Shop - Beauty &amp; Health","og_description":"Viena i\u0161 pagrindini\u0173 priemon\u0117s sudedam\u0173j\u0173 dali\u0173 \u2013 saponinai \u2013 randami muilo rie\u0161uto kevale, kaip nat\u016braliai putojanti priemon\u0117. Visi\u0161kai suyra aplinkoje ir nesukelia \u0161armini\u0173 reakcij\u0173. Efektyviai plauna indus tiek \u0161iltame, tiek \u0161altame vandenyje; Tirpdo ir \u0161alina riebal\u0173 apna\u0161as; Nedirgina ir nesausina rank\u0173 odos; Pilnai pasi\u0161alina nuo ind\u0173 pavir\u0161iaus. Naudojimas:\u00a0ant dr\u0117gnos kempin\u0117l\u0117s u\u017epilkite 1-2 la\u0161us produkto, plaukite [...]","og_url":"https:\/\/tiandeproducts.co.uk\/lt\/indu-ploviklis-muilo-riesuto-pagrindu-500-ml\/","og_site_name":"TianDe Online Shop - Beauty &amp; Health","article_publisher":"https:\/\/www.facebook.com\/tiande.products.england\/","article_modified_time":"2019-12-11T09:13:00+00:00","og_image":[{"width":700,"height":700,"url":"https:\/\/tiandeproducts.co.uk\/wp-content\/uploads\/2016\/04\/144303_new.png","type":"image\/png"}],"twitter_card":"summary_large_image","twitter_misc":{"Est. reading time":"2 minut\u0117s"},"schema":{"@context":"https:\/\/schema.org","@graph":[{"@type":"WebPage","@id":"https:\/\/tiandeproducts.co.uk\/lt\/indu-ploviklis-muilo-riesuto-pagrindu-500-ml\/","url":"https:\/\/tiandeproducts.co.uk\/lt\/indu-ploviklis-muilo-riesuto-pagrindu-500-ml\/","name":"Ind\u0173 ploviklis muilo rie\u0161uto pagrindu 500 ml. - TianDe Online Shop - Beauty &amp; Health","isPartOf":{"@id":"https:\/\/tiandeproducts.co.uk\/#website"},"primaryImageOfPage":{"@id":"https:\/\/tiandeproducts.co.uk\/lt\/indu-ploviklis-muilo-riesuto-pagrindu-500-ml\/#primaryimage"},"image":{"@id":"https:\/\/tiandeproducts.co.uk\/lt\/indu-ploviklis-muilo-riesuto-pagrindu-500-ml\/#primaryimage"},"thumbnailUrl":"https:\/\/tiandeproducts.co.uk\/wp-content\/uploads\/2016\/04\/144303_new.png","datePublished":"2016-04-07T21:21:42+00:00","dateModified":"2019-12-11T09:13:00+00:00","breadcrumb":{"@id":"https:\/\/tiandeproducts.co.uk\/lt\/indu-ploviklis-muilo-riesuto-pagrindu-500-ml\/#breadcrumb"},"inLanguage":"lt-LT","potentialAction":[{"@type":"ReadAction","target":["https:\/\/tiandeproducts.co.uk\/lt\/indu-ploviklis-muilo-riesuto-pagrindu-500-ml\/"]}]},{"@type":"ImageObject","inLanguage":"lt-LT","@id":"https:\/\/tiandeproducts.co.uk\/lt\/indu-ploviklis-muilo-riesuto-pagrindu-500-ml\/#primaryimage","url":"https:\/\/tiandeproducts.co.uk\/wp-content\/uploads\/2016\/04\/144303_new.png","contentUrl":"https:\/\/tiandeproducts.co.uk\/wp-content\/uploads\/2016\/04\/144303_new.png","width":700,"height":700,"caption":"Soap Nut Dishwashing Liquid,500ml-0"},{"@type":"BreadcrumbList","@id":"https:\/\/tiandeproducts.co.uk\/lt\/indu-ploviklis-muilo-riesuto-pagrindu-500-ml\/#breadcrumb","itemListElement":[{"@type":"ListItem","position":1,"name":"Home","item":"https:\/\/tiandeproducts.co.uk\/lt\/"},{"@type":"ListItem","position":2,"name":"Shop","item":"https:\/\/tiandeproducts.co.uk\/lt\/shop-2\/"},{"@type":"ListItem","position":3,"name":"Ind\u0173 ploviklis muilo rie\u0161uto pagrindu 500 ml."}]},{"@type":"WebSite","@id":"https:\/\/tiandeproducts.co.uk\/#website","url":"https:\/\/tiandeproducts.co.uk\/","name":"TianDe Online Shop - Beauty & Health","description":"Traditional Chinese Medicine","potentialAction":[{"@type":"SearchAction","target":{"@type":"EntryPoint","urlTemplate":"https:\/\/tiandeproducts.co.uk\/?s={search_term_string}"},"query-input":{"@type":"PropertyValueSpecification","valueRequired":true,"valueName":"search_term_string"}}],"inLanguage":"lt-LT"}]}},"_links":{"self":[{"href":"https:\/\/tiandeproducts.co.uk\/lt\/wp-json\/wp\/v2\/product\/3665","targetHints":{"allow":["GET"]}}],"collection":[{"href":"https:\/\/tiandeproducts.co.uk\/lt\/wp-json\/wp\/v2\/product"}],"about":[{"href":"https:\/\/tiandeproducts.co.uk\/lt\/wp-json\/wp\/v2\/types\/product"}],"replies":[{"embeddable":true,"href":"https:\/\/tiandeproducts.co.uk\/lt\/wp-json\/wp\/v2\/comments?post=3665"}],"wp:featuredmedia":[{"embeddable":true,"href":"https:\/\/tiandeproducts.co.uk\/lt\/wp-json\/wp\/v2\/media\/947"}],"wp:attachment":[{"href":"https:\/\/tiandeproducts.co.uk\/lt\/wp-json\/wp\/v2\/media?parent=3665"}],"wp:term":[{"taxonomy":"product_cat","embeddable":true,"href":"https:\/\/tiandeproducts.co.uk\/lt\/wp-json\/wp\/v2\/product_cat?post=3665"},{"taxonomy":"product_tag","embeddable":true,"href":"https:\/\/tiandeproducts.co.uk\/lt\/wp-json\/wp\/v2\/product_tag?post=3665"}],"curies":[{"name":"wp","href":"https:\/\/api.w.org\/{rel}","templated":true}]}}