{"id":3656,"date":"2016-12-13T22:54:08","date_gmt":"2016-12-13T22:54:08","guid":{"rendered":"https:\/\/tnd.ontesting.co.uk\/sampunas-gelis-plaukams-ir-kunui-baby-bambo-250-g\/"},"modified":"2021-02-25T11:59:04","modified_gmt":"2021-02-25T11:59:04","slug":"sampunas-gelis-plaukams-ir-kunui-baby-bambo-250-g","status":"publish","type":"product","link":"https:\/\/tiandeproducts.co.uk\/lt\/sampunas-gelis-plaukams-ir-kunui-baby-bambo-250-g\/","title":{"rendered":"\u0160amp\u016bnas &#8211; gelis plaukams ir k\u016bnui \u201eBaby Bambo\u201c 250 g."},"content":{"rendered":"<p><img decoding=\"async\" style=\"max-width: 16px; margin-right: 5px;\" src=\"https:\/\/tiandeproducts.co.uk\/wp-content\/uploads\/points-green.svg\" \/>\u00a0Earn 7 points worth \u00a30.35 when buying this product<\/p>\n<p><span title=\"\u0423\u043d\u0438\u0432\u0435\u0440\u0441\u0430\u043b\u044c\u043d\u043e\u0435 \u0441\u0440\u0435\u0434\u0441\u0442\u0432\u043e \u0434\u043b\u044f \u043c\u044b\u0442\u044c\u044f \u0440\u0435\u0431\u0435\u043d\u043a\u0430.\">Universali priemon\u0117 vaiko prausimui.\u00a0<\/span><span title=\"\u0414\u0435\u043b\u0438\u043a\u0430\u0442\u043d\u044b\u0439 \u0448\u0430\u043c\u043f\u0443\u043d\u044c-\u0433\u0435\u043b\u044c \u0431\u0435\u0440\u0435\u0436\u043d\u043e \u043e\u0447\u0438\u0449\u0430\u0435\u0442 \u0432\u043e\u043b\u043e\u0441\u044b, \u043d\u0435 \u0432\u044b\u0437\u044b\u0432\u0430\u0435\u0442 \u0440\u0430\u0437\u0434\u0440\u0430\u0436\u0435\u043d\u0438\u044f \u0438 \u0445\u043e\u0440\u043e\u0448\u043e \u0441\u043c\u044b\u0432\u0430\u0435\u0442\u0441\u044f.\">\u0160amp\u016bno gelis \u0161velniai valo plaukus, nedirgina ir gerai nusiplauna.\u00a0<\/span><span title=\"\u0412 \u0435\u0433\u043e \u0441\u043e\u0441\u0442\u0430\u0432 \u0432\u0445\u043e\u0434\u0438\u0442 \u043a\u043e\u043c\u043f\u043b\u0435\u043a\u0441 \u043d\u0430\u0442\u0443\u0440\u0430\u043b\u044c\u043d\u044b\u0445 \u043a\u043e\u043d\u0434\u0438\u0446\u0438\u043e\u043d\u0438\u0440\u0443\u044e\u0449\u0438\u0445 \u0432\u0435\u0449\u0435\u0441\u0442\u0432, \u0431\u043b\u0430\u0433\u043e\u0434\u0430\u0440\u044f \u0447\u0435\u043c\u0443 \u0432\u043e\u043b\u043e\u0441\u044b \u0440\u0435\u0431\u0435\u043d\u043a\u0430 \u043d\u0435 \u043f\u0443\u0442\u0430\u044e\u0442\u0441\u044f \u0438 \u043b\u0435\u0433\u043a\u043e \u0440\u0430\u0441\u0447\u0435\u0441\u044b\u0432\u0430\u044e\u0442\u0441\u044f. \">Sud\u0117tyje yra nat\u016bralios med\u017eiagos, kuri\u0173 pagalba vaiko plaukai nesivelia ir lengvai i\u0161\u0161ukuojami.<\/span><span title=\"\u041c\u044f\u0433\u043a\u0430\u044f \u043c\u043e\u044e\u0449\u0430\u044f \u0444\u043e\u0440\u043c\u0443\u043b\u0430 \u0438\u0434\u0435\u0430\u043b\u044c\u043d\u043e \u043f\u043e\u0434\u0445\u043e\u0434\u0438\u0442 \u0434\u043b\u044f \u043a\u043e\u0436\u0438 \u0440\u0435\u0431\u0435\u043d\u043a\u0430, \u043f\u0440\u0438\u0447\u0435\u043c \u0434\u043b\u044f \u0432\u0441\u0435\u0433\u043e \u0442\u0435\u043b\u0430.\">\u00a0\u0160velni valymo formul\u0117 idealiai tinka k\u016bno odai ir visam k\u016bnui.\u00a0<\/span><span title=\"\u0418\u043c\u0435\u043d\u043d\u043e \u043f\u043e\u044d\u0442\u043e\u043c\u0443 \u0448\u0430\u043c\u043f\u0443\u043d\u044c-\u0433\u0435\u043b\u044c \u0434\u043b\u044f \u0432\u043e\u043b\u043e\u0441 \u0438 \u0442\u0435\u043b\u0430 \u00ab\u0411\u0435\u0439\u0431\u0438 \u0411\u0430\u043c\u0431\u043e\u00bb \u043c\u043e\u0436\u043d\u043e \u0438\u0441\u043f\u043e\u043b\u044c\u0437\u043e\u0432\u0430\u0442\u044c \u043a\u0430\u043a \u0433\u0435\u043b\u044c \u0434\u043b\u044f \u0434\u0443\u0448\u0430, \u0430 \u0442\u0430\u043a\u0436\u0435 \u043a\u0430\u043a \u0441\u0440\u0435\u0434\u0441\u0442\u0432\u043e \u0434\u043b\u044f \u043a\u0443\u043f\u0430\u043d\u0438\u044f, \u0434\u043e\u0431\u0430\u0432\u0438\u0432 \u0435\u0433\u043e \u0432 \u0432\u0430\u043d\u043d\u043e\u0447\u043a\u0443.\">Plauk\u0173 ir k\u016bno \u0161amp\u016bnas \u201eBaby Bambo\u201c gali b\u016bti naudojamas kaip du\u0161o gelis, taip pat kaip maudymosi priemon\u0117, pilama \u012f voni\u0105.\u00a0<\/span><span title=\"\u041f\u043e\u0441\u043a\u043e\u043b\u044c\u043a\u0443 \u0432 \u0441\u043e\u0441\u0442\u0430\u0432 \u0432\u0445\u043e\u0434\u0438\u0442 \u044d\u043a\u0441\u0442\u0440\u0430\u043a\u0442 \u0440\u043e\u043c\u0430\u0448\u043a\u0438, \u0441\u0440\u0435\u0434\u0441\u0442\u0432\u043e \u043d\u0435 \u0442\u043e\u043b\u044c\u043a\u043e \u043e\u0447\u0438\u0449\u0430\u0435\u0442, \u043d\u043e \u0438 \u0443\u0441\u043f\u043e\u043a\u0430\u0438\u0432\u0430\u0435\u0442 \u043a\u043e\u0436\u0443. \">Priemon\u0117s sud\u0117tyje yra ramun\u0117li\u0173 ekstrakto, \u00a0tod\u0117l ji ne tik valo, bet ir ramina od\u0105.<\/span><\/p>\n<p><strong><span title=\"\u041d\u0435 \u0441\u043e\u0434\u0435\u0440\u0436\u0438\u0442 \u043f\u0430\u0440\u0430\u0431\u0435\u043d\u043e\u0432 \u0438 \u043a\u0440\u0430\u0441\u0438\u0442\u0435\u043b\u0435\u0439. \">N\u0117ra paraben\u0173 ir da\u017eikli\u0173.<\/span><\/strong><\/p>\n<p><span title=\"\u041f\u0420\u0418\u041c\u0415\u041d\u0415\u041d\u0418\u0415: \"><strong>Naudojimas:<\/strong> naudoti \u0161velniai masa\u017euojant, nuplauti.<\/span><\/p>\n<p><strong>Aktyv\u016bs komponentai:<\/strong><\/p>\n<p><strong>Ramun\u0117li\u0173 ekstraktas<\/strong> suteikia plaukams mink\u0161tumo, stiprumo ir blizgesio. Suma\u017eina odos sudirgim\u0105, maitina j\u0105. Ramun\u0117li\u0173 ekstraktas nepakei\u010diamas jautrios odos prie\u017ei\u016broje.<\/p>\n","protected":false},"excerpt":{"rendered":"<p>\u00a0Earn 7 points worth \u00a30.35 when buying this product Universali priemon\u0117 vaiko prausimui.\u00a0\u0160amp\u016bno gelis \u0161velniai valo plaukus, nedirgina ir gerai nusiplauna.\u00a0Sud\u0117tyje yra nat\u016bralios med\u017eiagos, kuri\u0173 pagalba vaiko plaukai nesivelia ir lengvai i\u0161\u0161ukuojami.\u00a0\u0160velni valymo formul\u0117 idealiai tinka k\u016bno odai ir visam k\u016bnui.\u00a0Plauk\u0173 ir k\u016bno \u0161amp\u016bnas \u201eBaby Bambo\u201c gali b\u016bti naudojamas kaip du\u0161o gelis, taip pat kaip [&#8230;]\n","protected":false},"featured_media":1420,"comment_status":"closed","ping_status":"closed","template":"","meta":[],"product_cat":[1352,617],"product_tag":[],"class_list":{"0":"post-3656","1":"product","2":"type-product","3":"status-publish","4":"has-post-thumbnail","6":"product_cat-kosmetikos-produktai-lt","7":"product_cat-vaikams","9":"first","10":"outofstock","11":"shipping-taxable","12":"purchasable","13":"product-type-simple"},"yoast_head":"<!-- This site is optimized with the Yoast SEO plugin v23.6 - https:\/\/yoast.com\/wordpress\/plugins\/seo\/ -->\n<title>\u0160amp\u016bnas - gelis plaukams ir k\u016bnui \u201eBaby Bambo\u201c 250 g. - TianDe Online Shop - Beauty &amp; Health<\/title>\n<meta name=\"robots\" content=\"index, follow, max-snippet:-1, max-image-preview:large, max-video-preview:-1\" \/>\n<link rel=\"canonical\" href=\"https:\/\/tiandeproducts.co.uk\/lt\/sampunas-gelis-plaukams-ir-kunui-baby-bambo-250-g\/\" \/>\n<meta property=\"og:locale\" content=\"lt_LT\" \/>\n<meta property=\"og:type\" content=\"article\" \/>\n<meta property=\"og:title\" content=\"\u0160amp\u016bnas - gelis plaukams ir k\u016bnui \u201eBaby Bambo\u201c 250 g. - TianDe Online Shop - Beauty &amp; Health\" \/>\n<meta property=\"og:description\" content=\"\u00a0Earn 7 points worth \u00a30.35 when buying this product Universali priemon\u0117 vaiko prausimui.\u00a0\u0160amp\u016bno gelis \u0161velniai valo plaukus, nedirgina ir gerai nusiplauna.\u00a0Sud\u0117tyje yra nat\u016bralios med\u017eiagos, kuri\u0173 pagalba vaiko plaukai nesivelia ir lengvai i\u0161\u0161ukuojami.\u00a0\u0160velni valymo formul\u0117 idealiai tinka k\u016bno odai ir visam k\u016bnui.\u00a0Plauk\u0173 ir k\u016bno \u0161amp\u016bnas \u201eBaby Bambo\u201c gali b\u016bti naudojamas kaip du\u0161o gelis, taip pat kaip [...]\" \/>\n<meta property=\"og:url\" content=\"https:\/\/tiandeproducts.co.uk\/lt\/sampunas-gelis-plaukams-ir-kunui-baby-bambo-250-g\/\" \/>\n<meta property=\"og:site_name\" content=\"TianDe Online Shop - Beauty &amp; Health\" \/>\n<meta property=\"article:publisher\" content=\"https:\/\/www.facebook.com\/tiande.products.england\/\" \/>\n<meta property=\"article:modified_time\" content=\"2021-02-25T11:59:04+00:00\" \/>\n<meta property=\"og:image\" content=\"https:\/\/tiandeproducts.co.uk\/wp-content\/uploads\/2016\/12\/20141s_1_.png\" \/>\n\t<meta property=\"og:image:width\" content=\"700\" \/>\n\t<meta property=\"og:image:height\" content=\"700\" \/>\n\t<meta property=\"og:image:type\" content=\"image\/png\" \/>\n<meta name=\"twitter:card\" content=\"summary_large_image\" \/>\n<meta name=\"twitter:label1\" content=\"Est. reading time\" \/>\n\t<meta name=\"twitter:data1\" content=\"1 minut\u0117\" \/>\n<script type=\"application\/ld+json\" class=\"yoast-schema-graph\">{\"@context\":\"https:\/\/schema.org\",\"@graph\":[{\"@type\":\"WebPage\",\"@id\":\"https:\/\/tiandeproducts.co.uk\/lt\/sampunas-gelis-plaukams-ir-kunui-baby-bambo-250-g\/\",\"url\":\"https:\/\/tiandeproducts.co.uk\/lt\/sampunas-gelis-plaukams-ir-kunui-baby-bambo-250-g\/\",\"name\":\"\u0160amp\u016bnas - gelis plaukams ir k\u016bnui \u201eBaby Bambo\u201c 250 g. - TianDe Online Shop - Beauty &amp; Health\",\"isPartOf\":{\"@id\":\"https:\/\/tiandeproducts.co.uk\/#website\"},\"primaryImageOfPage\":{\"@id\":\"https:\/\/tiandeproducts.co.uk\/lt\/sampunas-gelis-plaukams-ir-kunui-baby-bambo-250-g\/#primaryimage\"},\"image\":{\"@id\":\"https:\/\/tiandeproducts.co.uk\/lt\/sampunas-gelis-plaukams-ir-kunui-baby-bambo-250-g\/#primaryimage\"},\"thumbnailUrl\":\"https:\/\/tiandeproducts.co.uk\/wp-content\/uploads\/2016\/12\/20141s_1_.png\",\"datePublished\":\"2016-12-13T22:54:08+00:00\",\"dateModified\":\"2021-02-25T11:59:04+00:00\",\"breadcrumb\":{\"@id\":\"https:\/\/tiandeproducts.co.uk\/lt\/sampunas-gelis-plaukams-ir-kunui-baby-bambo-250-g\/#breadcrumb\"},\"inLanguage\":\"lt-LT\",\"potentialAction\":[{\"@type\":\"ReadAction\",\"target\":[\"https:\/\/tiandeproducts.co.uk\/lt\/sampunas-gelis-plaukams-ir-kunui-baby-bambo-250-g\/\"]}]},{\"@type\":\"ImageObject\",\"inLanguage\":\"lt-LT\",\"@id\":\"https:\/\/tiandeproducts.co.uk\/lt\/sampunas-gelis-plaukams-ir-kunui-baby-bambo-250-g\/#primaryimage\",\"url\":\"https:\/\/tiandeproducts.co.uk\/wp-content\/uploads\/2016\/12\/20141s_1_.png\",\"contentUrl\":\"https:\/\/tiandeproducts.co.uk\/wp-content\/uploads\/2016\/12\/20141s_1_.png\",\"width\":700,\"height\":700,\"caption\":\"Shampoo body and hair gel Baby Bambo,250 g-0\"},{\"@type\":\"BreadcrumbList\",\"@id\":\"https:\/\/tiandeproducts.co.uk\/lt\/sampunas-gelis-plaukams-ir-kunui-baby-bambo-250-g\/#breadcrumb\",\"itemListElement\":[{\"@type\":\"ListItem\",\"position\":1,\"name\":\"Home\",\"item\":\"https:\/\/tiandeproducts.co.uk\/lt\/\"},{\"@type\":\"ListItem\",\"position\":2,\"name\":\"Shop\",\"item\":\"https:\/\/tiandeproducts.co.uk\/lt\/shop-2\/\"},{\"@type\":\"ListItem\",\"position\":3,\"name\":\"\u0160amp\u016bnas &#8211; gelis plaukams ir k\u016bnui \u201eBaby Bambo\u201c 250 g.\"}]},{\"@type\":\"WebSite\",\"@id\":\"https:\/\/tiandeproducts.co.uk\/#website\",\"url\":\"https:\/\/tiandeproducts.co.uk\/\",\"name\":\"TianDe Online Shop - Beauty & Health\",\"description\":\"Traditional Chinese Medicine\",\"potentialAction\":[{\"@type\":\"SearchAction\",\"target\":{\"@type\":\"EntryPoint\",\"urlTemplate\":\"https:\/\/tiandeproducts.co.uk\/?s={search_term_string}\"},\"query-input\":{\"@type\":\"PropertyValueSpecification\",\"valueRequired\":true,\"valueName\":\"search_term_string\"}}],\"inLanguage\":\"lt-LT\"}]}<\/script>\n<!-- \/ Yoast SEO plugin. -->","yoast_head_json":{"title":"\u0160amp\u016bnas - gelis plaukams ir k\u016bnui \u201eBaby Bambo\u201c 250 g. - TianDe Online Shop - Beauty &amp; Health","robots":{"index":"index","follow":"follow","max-snippet":"max-snippet:-1","max-image-preview":"max-image-preview:large","max-video-preview":"max-video-preview:-1"},"canonical":"https:\/\/tiandeproducts.co.uk\/lt\/sampunas-gelis-plaukams-ir-kunui-baby-bambo-250-g\/","og_locale":"lt_LT","og_type":"article","og_title":"\u0160amp\u016bnas - gelis plaukams ir k\u016bnui \u201eBaby Bambo\u201c 250 g. - TianDe Online Shop - Beauty &amp; Health","og_description":"\u00a0Earn 7 points worth \u00a30.35 when buying this product Universali priemon\u0117 vaiko prausimui.\u00a0\u0160amp\u016bno gelis \u0161velniai valo plaukus, nedirgina ir gerai nusiplauna.\u00a0Sud\u0117tyje yra nat\u016bralios med\u017eiagos, kuri\u0173 pagalba vaiko plaukai nesivelia ir lengvai i\u0161\u0161ukuojami.\u00a0\u0160velni valymo formul\u0117 idealiai tinka k\u016bno odai ir visam k\u016bnui.\u00a0Plauk\u0173 ir k\u016bno \u0161amp\u016bnas \u201eBaby Bambo\u201c gali b\u016bti naudojamas kaip du\u0161o gelis, taip pat kaip [...]","og_url":"https:\/\/tiandeproducts.co.uk\/lt\/sampunas-gelis-plaukams-ir-kunui-baby-bambo-250-g\/","og_site_name":"TianDe Online Shop - Beauty &amp; Health","article_publisher":"https:\/\/www.facebook.com\/tiande.products.england\/","article_modified_time":"2021-02-25T11:59:04+00:00","og_image":[{"width":700,"height":700,"url":"https:\/\/tiandeproducts.co.uk\/wp-content\/uploads\/2016\/12\/20141s_1_.png","type":"image\/png"}],"twitter_card":"summary_large_image","twitter_misc":{"Est. reading time":"1 minut\u0117"},"schema":{"@context":"https:\/\/schema.org","@graph":[{"@type":"WebPage","@id":"https:\/\/tiandeproducts.co.uk\/lt\/sampunas-gelis-plaukams-ir-kunui-baby-bambo-250-g\/","url":"https:\/\/tiandeproducts.co.uk\/lt\/sampunas-gelis-plaukams-ir-kunui-baby-bambo-250-g\/","name":"\u0160amp\u016bnas - gelis plaukams ir k\u016bnui \u201eBaby Bambo\u201c 250 g. - TianDe Online Shop - Beauty &amp; Health","isPartOf":{"@id":"https:\/\/tiandeproducts.co.uk\/#website"},"primaryImageOfPage":{"@id":"https:\/\/tiandeproducts.co.uk\/lt\/sampunas-gelis-plaukams-ir-kunui-baby-bambo-250-g\/#primaryimage"},"image":{"@id":"https:\/\/tiandeproducts.co.uk\/lt\/sampunas-gelis-plaukams-ir-kunui-baby-bambo-250-g\/#primaryimage"},"thumbnailUrl":"https:\/\/tiandeproducts.co.uk\/wp-content\/uploads\/2016\/12\/20141s_1_.png","datePublished":"2016-12-13T22:54:08+00:00","dateModified":"2021-02-25T11:59:04+00:00","breadcrumb":{"@id":"https:\/\/tiandeproducts.co.uk\/lt\/sampunas-gelis-plaukams-ir-kunui-baby-bambo-250-g\/#breadcrumb"},"inLanguage":"lt-LT","potentialAction":[{"@type":"ReadAction","target":["https:\/\/tiandeproducts.co.uk\/lt\/sampunas-gelis-plaukams-ir-kunui-baby-bambo-250-g\/"]}]},{"@type":"ImageObject","inLanguage":"lt-LT","@id":"https:\/\/tiandeproducts.co.uk\/lt\/sampunas-gelis-plaukams-ir-kunui-baby-bambo-250-g\/#primaryimage","url":"https:\/\/tiandeproducts.co.uk\/wp-content\/uploads\/2016\/12\/20141s_1_.png","contentUrl":"https:\/\/tiandeproducts.co.uk\/wp-content\/uploads\/2016\/12\/20141s_1_.png","width":700,"height":700,"caption":"Shampoo body and hair gel Baby Bambo,250 g-0"},{"@type":"BreadcrumbList","@id":"https:\/\/tiandeproducts.co.uk\/lt\/sampunas-gelis-plaukams-ir-kunui-baby-bambo-250-g\/#breadcrumb","itemListElement":[{"@type":"ListItem","position":1,"name":"Home","item":"https:\/\/tiandeproducts.co.uk\/lt\/"},{"@type":"ListItem","position":2,"name":"Shop","item":"https:\/\/tiandeproducts.co.uk\/lt\/shop-2\/"},{"@type":"ListItem","position":3,"name":"\u0160amp\u016bnas &#8211; gelis plaukams ir k\u016bnui \u201eBaby Bambo\u201c 250 g."}]},{"@type":"WebSite","@id":"https:\/\/tiandeproducts.co.uk\/#website","url":"https:\/\/tiandeproducts.co.uk\/","name":"TianDe Online Shop - Beauty & Health","description":"Traditional Chinese Medicine","potentialAction":[{"@type":"SearchAction","target":{"@type":"EntryPoint","urlTemplate":"https:\/\/tiandeproducts.co.uk\/?s={search_term_string}"},"query-input":{"@type":"PropertyValueSpecification","valueRequired":true,"valueName":"search_term_string"}}],"inLanguage":"lt-LT"}]}},"_links":{"self":[{"href":"https:\/\/tiandeproducts.co.uk\/lt\/wp-json\/wp\/v2\/product\/3656","targetHints":{"allow":["GET"]}}],"collection":[{"href":"https:\/\/tiandeproducts.co.uk\/lt\/wp-json\/wp\/v2\/product"}],"about":[{"href":"https:\/\/tiandeproducts.co.uk\/lt\/wp-json\/wp\/v2\/types\/product"}],"replies":[{"embeddable":true,"href":"https:\/\/tiandeproducts.co.uk\/lt\/wp-json\/wp\/v2\/comments?post=3656"}],"wp:featuredmedia":[{"embeddable":true,"href":"https:\/\/tiandeproducts.co.uk\/lt\/wp-json\/wp\/v2\/media\/1420"}],"wp:attachment":[{"href":"https:\/\/tiandeproducts.co.uk\/lt\/wp-json\/wp\/v2\/media?parent=3656"}],"wp:term":[{"taxonomy":"product_cat","embeddable":true,"href":"https:\/\/tiandeproducts.co.uk\/lt\/wp-json\/wp\/v2\/product_cat?post=3656"},{"taxonomy":"product_tag","embeddable":true,"href":"https:\/\/tiandeproducts.co.uk\/lt\/wp-json\/wp\/v2\/product_tag?post=3656"}],"curies":[{"name":"wp","href":"https:\/\/api.w.org\/{rel}","templated":true}]}}