{"id":3652,"date":"2016-12-13T22:46:35","date_gmt":"2016-12-13T22:46:35","guid":{"rendered":"https:\/\/tnd.ontesting.co.uk\/vaikiska-kempine-pirstine-baby-bambo\/"},"modified":"2021-02-25T11:59:48","modified_gmt":"2021-02-25T11:59:48","slug":"vaikiska-plausine-pirstine-baby-bambo-1vnt","status":"publish","type":"product","link":"https:\/\/tiandeproducts.co.uk\/lt\/vaikiska-plausine-pirstine-baby-bambo-1vnt\/","title":{"rendered":"Vaiki\u0161ka plau\u0161in\u0117 &#8211; pir\u0161tin\u0117 \u201eBaby Bambo\u201c, 1vnt."},"content":{"rendered":"<p><img decoding=\"async\" style=\"max-width: 16px; margin-right: 5px;\" src=\"https:\/\/tiandeproducts.co.uk\/wp-content\/uploads\/points-green.svg\" \/>\u00a0Earn 6 points worth \u00a30.30 when buying this product<\/p>\n<p>Vaiki\u0161ka plau\u0161in\u0117 &#8211; pir\u0161tin\u0117 pagaminta i\u0161 auk\u0161t\u0173j\u0173 technologij\u0173 poliesterio pluo\u0161to, kuri labai \u0161velniai valo vaiko od\u0105, nepa\u017eeid\u017eia jos, masa\u017euoja. Priemon\u0117 gerai putoja su bet kokiu muilu ar kita k\u016bno prie\u017ei\u016bros priemone. \u0160i\u0105 vaiki\u0161k\u0105 prausimosi pir\u0161tin\u0119 naudosite ilg\u0105 laik\u0105, j\u0105 lengva i\u0161plauti, greitai i\u0161d\u017ei\u016bsta.<\/p>\n<p><strong>Naudojimas:<\/strong><br \/>\nPo kiekvieno panaudojimo\u00a0plau\u0161in\u0119 atid\u017eiai i\u0161skalaukite po tekan\u010diu vandeniu, kad i\u0161siplaut\u0173 visi ne\u0161varumai bei muilo ar kitos priemon\u0117s liku\u010diai, ir pad\u0117kite i\u0161d\u017ei\u016bti.<\/p>\n<p>&nbsp;<\/p>\n","protected":false},"excerpt":{"rendered":"<p>\u00a0Earn 6 points worth \u00a30.30 when buying this product Vaiki\u0161ka plau\u0161in\u0117 &#8211; pir\u0161tin\u0117 pagaminta i\u0161 auk\u0161t\u0173j\u0173 technologij\u0173 poliesterio pluo\u0161to, kuri labai \u0161velniai valo vaiko od\u0105, nepa\u017eeid\u017eia jos, masa\u017euoja. Priemon\u0117 gerai putoja su bet kokiu muilu ar kita k\u016bno prie\u017ei\u016bros priemone. \u0160i\u0105 vaiki\u0161k\u0105 prausimosi pir\u0161tin\u0119 naudosite ilg\u0105 laik\u0105, j\u0105 lengva i\u0161plauti, greitai i\u0161d\u017ei\u016bsta. Naudojimas: Po kiekvieno [&#8230;]\n","protected":false},"featured_media":1415,"comment_status":"closed","ping_status":"closed","template":"","meta":[],"product_cat":[461,1357,678,677,488,617],"product_tag":[],"class_list":{"0":"post-3652","1":"product","2":"type-product","3":"status-publish","4":"has-post-thumbnail","6":"product_cat-aksesuarai","7":"product_cat-aksesuarai-prausimuisi","8":"product_cat-valymas-ir-apsauga","9":"product_cat-higiena","10":"product_cat-odos-valymas","11":"product_cat-vaikams","13":"first","14":"instock","15":"shipping-taxable","16":"purchasable","17":"product-type-simple"},"yoast_head":"<!-- This site is optimized with the Yoast SEO plugin v23.6 - https:\/\/yoast.com\/wordpress\/plugins\/seo\/ -->\n<title>Vaiki\u0161ka plau\u0161in\u0117 - pir\u0161tin\u0117 \u201eBaby Bambo\u201c, 1vnt. - TianDe Online Shop - Beauty &amp; Health<\/title>\n<meta name=\"robots\" content=\"index, follow, max-snippet:-1, max-image-preview:large, max-video-preview:-1\" \/>\n<link rel=\"canonical\" href=\"https:\/\/tiandeproducts.co.uk\/lt\/vaikiska-plausine-pirstine-baby-bambo-1vnt\/\" \/>\n<meta property=\"og:locale\" content=\"lt_LT\" \/>\n<meta property=\"og:type\" content=\"article\" \/>\n<meta property=\"og:title\" content=\"Vaiki\u0161ka plau\u0161in\u0117 - pir\u0161tin\u0117 \u201eBaby Bambo\u201c, 1vnt. - TianDe Online Shop - Beauty &amp; Health\" \/>\n<meta property=\"og:description\" content=\"\u00a0Earn 6 points worth \u00a30.30 when buying this product Vaiki\u0161ka plau\u0161in\u0117 &#8211; pir\u0161tin\u0117 pagaminta i\u0161 auk\u0161t\u0173j\u0173 technologij\u0173 poliesterio pluo\u0161to, kuri labai \u0161velniai valo vaiko od\u0105, nepa\u017eeid\u017eia jos, masa\u017euoja. Priemon\u0117 gerai putoja su bet kokiu muilu ar kita k\u016bno prie\u017ei\u016bros priemone. \u0160i\u0105 vaiki\u0161k\u0105 prausimosi pir\u0161tin\u0119 naudosite ilg\u0105 laik\u0105, j\u0105 lengva i\u0161plauti, greitai i\u0161d\u017ei\u016bsta. Naudojimas: Po kiekvieno [...]\" \/>\n<meta property=\"og:url\" content=\"https:\/\/tiandeproducts.co.uk\/lt\/vaikiska-plausine-pirstine-baby-bambo-1vnt\/\" \/>\n<meta property=\"og:site_name\" content=\"TianDe Online Shop - Beauty &amp; Health\" \/>\n<meta property=\"article:publisher\" content=\"https:\/\/www.facebook.com\/tiande.products.england\/\" \/>\n<meta property=\"article:modified_time\" content=\"2021-02-25T11:59:48+00:00\" \/>\n<meta property=\"og:image\" content=\"https:\/\/tiandeproducts.co.uk\/wp-content\/uploads\/2016\/12\/90157.png\" \/>\n\t<meta property=\"og:image:width\" content=\"700\" \/>\n\t<meta property=\"og:image:height\" content=\"700\" \/>\n\t<meta property=\"og:image:type\" content=\"image\/png\" \/>\n<meta name=\"twitter:card\" content=\"summary_large_image\" \/>\n<meta name=\"twitter:label1\" content=\"Est. reading time\" \/>\n\t<meta name=\"twitter:data1\" content=\"1 minut\u0117\" \/>\n<script type=\"application\/ld+json\" class=\"yoast-schema-graph\">{\"@context\":\"https:\/\/schema.org\",\"@graph\":[{\"@type\":\"WebPage\",\"@id\":\"https:\/\/tiandeproducts.co.uk\/lt\/vaikiska-plausine-pirstine-baby-bambo-1vnt\/\",\"url\":\"https:\/\/tiandeproducts.co.uk\/lt\/vaikiska-plausine-pirstine-baby-bambo-1vnt\/\",\"name\":\"Vaiki\u0161ka plau\u0161in\u0117 - pir\u0161tin\u0117 \u201eBaby Bambo\u201c, 1vnt. - TianDe Online Shop - Beauty &amp; Health\",\"isPartOf\":{\"@id\":\"https:\/\/tiandeproducts.co.uk\/#website\"},\"primaryImageOfPage\":{\"@id\":\"https:\/\/tiandeproducts.co.uk\/lt\/vaikiska-plausine-pirstine-baby-bambo-1vnt\/#primaryimage\"},\"image\":{\"@id\":\"https:\/\/tiandeproducts.co.uk\/lt\/vaikiska-plausine-pirstine-baby-bambo-1vnt\/#primaryimage\"},\"thumbnailUrl\":\"https:\/\/tiandeproducts.co.uk\/wp-content\/uploads\/2016\/12\/90157.png\",\"datePublished\":\"2016-12-13T22:46:35+00:00\",\"dateModified\":\"2021-02-25T11:59:48+00:00\",\"breadcrumb\":{\"@id\":\"https:\/\/tiandeproducts.co.uk\/lt\/vaikiska-plausine-pirstine-baby-bambo-1vnt\/#breadcrumb\"},\"inLanguage\":\"lt-LT\",\"potentialAction\":[{\"@type\":\"ReadAction\",\"target\":[\"https:\/\/tiandeproducts.co.uk\/lt\/vaikiska-plausine-pirstine-baby-bambo-1vnt\/\"]}]},{\"@type\":\"ImageObject\",\"inLanguage\":\"lt-LT\",\"@id\":\"https:\/\/tiandeproducts.co.uk\/lt\/vaikiska-plausine-pirstine-baby-bambo-1vnt\/#primaryimage\",\"url\":\"https:\/\/tiandeproducts.co.uk\/wp-content\/uploads\/2016\/12\/90157.png\",\"contentUrl\":\"https:\/\/tiandeproducts.co.uk\/wp-content\/uploads\/2016\/12\/90157.png\",\"width\":700,\"height\":700,\"caption\":\"Children's sponge mitten Baby Bambo,1pc-0\"},{\"@type\":\"BreadcrumbList\",\"@id\":\"https:\/\/tiandeproducts.co.uk\/lt\/vaikiska-plausine-pirstine-baby-bambo-1vnt\/#breadcrumb\",\"itemListElement\":[{\"@type\":\"ListItem\",\"position\":1,\"name\":\"Home\",\"item\":\"https:\/\/tiandeproducts.co.uk\/lt\/\"},{\"@type\":\"ListItem\",\"position\":2,\"name\":\"Shop\",\"item\":\"https:\/\/tiandeproducts.co.uk\/lt\/shop-2\/\"},{\"@type\":\"ListItem\",\"position\":3,\"name\":\"Vaiki\u0161ka plau\u0161in\u0117 &#8211; pir\u0161tin\u0117 \u201eBaby Bambo\u201c, 1vnt.\"}]},{\"@type\":\"WebSite\",\"@id\":\"https:\/\/tiandeproducts.co.uk\/#website\",\"url\":\"https:\/\/tiandeproducts.co.uk\/\",\"name\":\"TianDe Online Shop - Beauty & Health\",\"description\":\"Traditional Chinese Medicine\",\"potentialAction\":[{\"@type\":\"SearchAction\",\"target\":{\"@type\":\"EntryPoint\",\"urlTemplate\":\"https:\/\/tiandeproducts.co.uk\/?s={search_term_string}\"},\"query-input\":{\"@type\":\"PropertyValueSpecification\",\"valueRequired\":true,\"valueName\":\"search_term_string\"}}],\"inLanguage\":\"lt-LT\"}]}<\/script>\n<!-- \/ Yoast SEO plugin. -->","yoast_head_json":{"title":"Vaiki\u0161ka plau\u0161in\u0117 - pir\u0161tin\u0117 \u201eBaby Bambo\u201c, 1vnt. - TianDe Online Shop - Beauty &amp; Health","robots":{"index":"index","follow":"follow","max-snippet":"max-snippet:-1","max-image-preview":"max-image-preview:large","max-video-preview":"max-video-preview:-1"},"canonical":"https:\/\/tiandeproducts.co.uk\/lt\/vaikiska-plausine-pirstine-baby-bambo-1vnt\/","og_locale":"lt_LT","og_type":"article","og_title":"Vaiki\u0161ka plau\u0161in\u0117 - pir\u0161tin\u0117 \u201eBaby Bambo\u201c, 1vnt. - TianDe Online Shop - Beauty &amp; Health","og_description":"\u00a0Earn 6 points worth \u00a30.30 when buying this product Vaiki\u0161ka plau\u0161in\u0117 &#8211; pir\u0161tin\u0117 pagaminta i\u0161 auk\u0161t\u0173j\u0173 technologij\u0173 poliesterio pluo\u0161to, kuri labai \u0161velniai valo vaiko od\u0105, nepa\u017eeid\u017eia jos, masa\u017euoja. Priemon\u0117 gerai putoja su bet kokiu muilu ar kita k\u016bno prie\u017ei\u016bros priemone. \u0160i\u0105 vaiki\u0161k\u0105 prausimosi pir\u0161tin\u0119 naudosite ilg\u0105 laik\u0105, j\u0105 lengva i\u0161plauti, greitai i\u0161d\u017ei\u016bsta. Naudojimas: Po kiekvieno [...]","og_url":"https:\/\/tiandeproducts.co.uk\/lt\/vaikiska-plausine-pirstine-baby-bambo-1vnt\/","og_site_name":"TianDe Online Shop - Beauty &amp; Health","article_publisher":"https:\/\/www.facebook.com\/tiande.products.england\/","article_modified_time":"2021-02-25T11:59:48+00:00","og_image":[{"width":700,"height":700,"url":"https:\/\/tiandeproducts.co.uk\/wp-content\/uploads\/2016\/12\/90157.png","type":"image\/png"}],"twitter_card":"summary_large_image","twitter_misc":{"Est. reading time":"1 minut\u0117"},"schema":{"@context":"https:\/\/schema.org","@graph":[{"@type":"WebPage","@id":"https:\/\/tiandeproducts.co.uk\/lt\/vaikiska-plausine-pirstine-baby-bambo-1vnt\/","url":"https:\/\/tiandeproducts.co.uk\/lt\/vaikiska-plausine-pirstine-baby-bambo-1vnt\/","name":"Vaiki\u0161ka plau\u0161in\u0117 - pir\u0161tin\u0117 \u201eBaby Bambo\u201c, 1vnt. - TianDe Online Shop - Beauty &amp; Health","isPartOf":{"@id":"https:\/\/tiandeproducts.co.uk\/#website"},"primaryImageOfPage":{"@id":"https:\/\/tiandeproducts.co.uk\/lt\/vaikiska-plausine-pirstine-baby-bambo-1vnt\/#primaryimage"},"image":{"@id":"https:\/\/tiandeproducts.co.uk\/lt\/vaikiska-plausine-pirstine-baby-bambo-1vnt\/#primaryimage"},"thumbnailUrl":"https:\/\/tiandeproducts.co.uk\/wp-content\/uploads\/2016\/12\/90157.png","datePublished":"2016-12-13T22:46:35+00:00","dateModified":"2021-02-25T11:59:48+00:00","breadcrumb":{"@id":"https:\/\/tiandeproducts.co.uk\/lt\/vaikiska-plausine-pirstine-baby-bambo-1vnt\/#breadcrumb"},"inLanguage":"lt-LT","potentialAction":[{"@type":"ReadAction","target":["https:\/\/tiandeproducts.co.uk\/lt\/vaikiska-plausine-pirstine-baby-bambo-1vnt\/"]}]},{"@type":"ImageObject","inLanguage":"lt-LT","@id":"https:\/\/tiandeproducts.co.uk\/lt\/vaikiska-plausine-pirstine-baby-bambo-1vnt\/#primaryimage","url":"https:\/\/tiandeproducts.co.uk\/wp-content\/uploads\/2016\/12\/90157.png","contentUrl":"https:\/\/tiandeproducts.co.uk\/wp-content\/uploads\/2016\/12\/90157.png","width":700,"height":700,"caption":"Children's sponge mitten Baby Bambo,1pc-0"},{"@type":"BreadcrumbList","@id":"https:\/\/tiandeproducts.co.uk\/lt\/vaikiska-plausine-pirstine-baby-bambo-1vnt\/#breadcrumb","itemListElement":[{"@type":"ListItem","position":1,"name":"Home","item":"https:\/\/tiandeproducts.co.uk\/lt\/"},{"@type":"ListItem","position":2,"name":"Shop","item":"https:\/\/tiandeproducts.co.uk\/lt\/shop-2\/"},{"@type":"ListItem","position":3,"name":"Vaiki\u0161ka plau\u0161in\u0117 &#8211; pir\u0161tin\u0117 \u201eBaby Bambo\u201c, 1vnt."}]},{"@type":"WebSite","@id":"https:\/\/tiandeproducts.co.uk\/#website","url":"https:\/\/tiandeproducts.co.uk\/","name":"TianDe Online Shop - Beauty & Health","description":"Traditional Chinese Medicine","potentialAction":[{"@type":"SearchAction","target":{"@type":"EntryPoint","urlTemplate":"https:\/\/tiandeproducts.co.uk\/?s={search_term_string}"},"query-input":{"@type":"PropertyValueSpecification","valueRequired":true,"valueName":"search_term_string"}}],"inLanguage":"lt-LT"}]}},"_links":{"self":[{"href":"https:\/\/tiandeproducts.co.uk\/lt\/wp-json\/wp\/v2\/product\/3652","targetHints":{"allow":["GET"]}}],"collection":[{"href":"https:\/\/tiandeproducts.co.uk\/lt\/wp-json\/wp\/v2\/product"}],"about":[{"href":"https:\/\/tiandeproducts.co.uk\/lt\/wp-json\/wp\/v2\/types\/product"}],"replies":[{"embeddable":true,"href":"https:\/\/tiandeproducts.co.uk\/lt\/wp-json\/wp\/v2\/comments?post=3652"}],"wp:featuredmedia":[{"embeddable":true,"href":"https:\/\/tiandeproducts.co.uk\/lt\/wp-json\/wp\/v2\/media\/1415"}],"wp:attachment":[{"href":"https:\/\/tiandeproducts.co.uk\/lt\/wp-json\/wp\/v2\/media?parent=3652"}],"wp:term":[{"taxonomy":"product_cat","embeddable":true,"href":"https:\/\/tiandeproducts.co.uk\/lt\/wp-json\/wp\/v2\/product_cat?post=3652"},{"taxonomy":"product_tag","embeddable":true,"href":"https:\/\/tiandeproducts.co.uk\/lt\/wp-json\/wp\/v2\/product_tag?post=3652"}],"curies":[{"name":"wp","href":"https:\/\/api.w.org\/{rel}","templated":true}]}}