{"id":3651,"date":"2016-04-07T17:26:03","date_gmt":"2016-04-07T16:26:03","guid":{"rendered":"https:\/\/tnd.ontesting.co.uk\/kasdieninis-higieninis-iklotas-gyvenimo-energija-1-vnt\/"},"modified":"2019-10-23T15:29:09","modified_gmt":"2019-10-23T14:29:09","slug":"kasdieninis-higieninis-iklotas-gyvenimo-energija-1-vnt","status":"publish","type":"product","link":"https:\/\/tiandeproducts.co.uk\/lt\/kasdieninis-higieninis-iklotas-gyvenimo-energija-1-vnt\/","title":{"rendered":"Kasdieninis higieninis \u012fklotas \u201eGyvenimo energija\u201c 1 vnt."},"content":{"rendered":"<p>Higieniniai \u012fklotai pasi\u017eymi stipriu prie\u0161u\u017edegiminiu ir spazmus \u0161alinan\u010diu poveikiu, atstato gimdos ir lytini\u0173 organ\u0173 gleivin\u0117s mikroflor\u0105, naikina bakterijas, mikrobus, virusus, \u0161alina nie\u017eul\u012f, per\u0161t\u0117jim\u0105, i\u0161orini\u0173 lytini\u0173 organ\u0173 patinimus, padeda \u0161alinti toksinus. Priemon\u0117 normalizuoja ma\u017eojo dubens organ\u0173 funkcijas, harmonizuoja menstruacin\u012f cikl\u0105, aktyvuoja reflektorines zonas, didina lytin\u012f aktyvum\u0105, ma\u017eina hemorojaus keliamus skausmo simptomus, didina imunitet\u0105.<br \/>\n\u012eklotus galima naudoti ir profilakti\u0161kai ir kompleksinio gydymo metu, kai, kartu su medikamentiniais vaistais, sprend\u017eiamos tokios moters sveikatos problemos: kandidoz\u0117, bakterin\u0117 vaginoz\u0117, vaginitas, vulvitas, gimdos kaklelio erozija, cistitas, \u0161lapimo p\u016bsl\u0117s u\u017edegimas, hemorojus. Priemon\u0117 ypa\u010d rekomenduojama po ginekologini\u0173 operacij\u0173 ar susirgim\u0173 rezultatui u\u017etvirtinti (po medikamentinio gydymo).<\/p>\n<p>\u012eklot\u0173 &#8211; fito kompres\u0173 \u201eGyvenimo energija&#8221; efektyvumo garantas &#8211; biologin\u0117 fito mas\u0117, sudaryta i\u0161 38 gydom\u0173j\u0173 augal\u0173 ekstrakt\u0173 ir saus\u0173 \u017eoli\u0173 komplekso bei eterini\u0173 aliej\u0173, kuri turi ypa\u010d veiksming\u0105 prie\u0161u\u017edegimin\u012f, antivirusin\u012f, antibakterin\u012f ir nuskausminam\u0105j\u012f poveik\u012f. Tai auk\u0161\u010diausios kokyb\u0117s, saugus ir funkcionalus higienos produktas &#8211; be jokios chemin\u0117s \u017ealos moters sveikatai ir gamtai, panaudojant tik augal\u0173 gyvybin\u0119 j\u0117g\u0105 ir Ryt\u0173 medicinos i\u0161mint\u012f!<\/p>\n<p><strong>Kasdienini\u0173 higienini\u0173 \u012fklot\u0173 \u201eGyvenimo energija\u201c naudojimo programos:<\/strong><\/p>\n<ol>\n<li>profilaktin\u0117 \u2013 naudokite 7 dienas i\u0161 eil\u0117s 1-2 kartus per metus, arba 2-3 dienas likus kelioms dienoms iki menstruacinio ciklo 2-3 kartus per metus.<\/li>\n<li>palaikomoji \u2013 naudokite po medikamentinio gydymo vaistais teigiamam rezultatui u\u017etvirtinti arba pooperaciniu &#8211; atstatomuoju laikotarpiu 10 &#8211; 30 dien\u0173 i\u0161 eil\u0117s po 1 fito kompres\u0105 per dien\u0105.<\/li>\n<li>intensyvioji \u2013 fito kompresas suderinamas su bet kokiais preparatais, neturi jokio \u0161alutinio poveikio, tod\u0117l rekomenduojamas prie bet koki\u0173 ginekologini\u0173 ar uroginekologini\u0173 negalavim\u0173, bei diskomforto, kur\u012f sukelia bakterijos, grybeliai, u\u017edegimai. Naudoti po 1 \u012fklot\u0105 per dien\u0105 iki pasieksite reikiam\u0105 rezultat\u0105 (nuo 1-3 m\u0117n.).<\/li>\n<\/ol>\n<p><strong>Naudojimas:<br \/>\n<\/strong>1 paketas veiksmingas 24 val. \u012eklot\u0173 efektyvumas juntamas jau po keli\u0173 minu\u010di\u0173 &#8211; i\u0161nyksta diskomforto ar deginimo jausmas, nie\u017eulys. Galite pajusti maloni\u0105 v\u0117s\u0105 ar pulsacij\u0105 energetiniuose centruose, kuri pranyks po keli\u0173 minu\u010di\u0173. Nenaudoti n\u0117\u0161\u010dioms moterims, paaugl\u0117ms mergait\u0117ms (d\u0117l padidinto seksualinio jautrumo) bei menstruacij\u0173 metu.<\/p>\n<p><strong>Veikliosios med\u017eiagos:<\/strong><\/p>\n<p><strong>Sibirin\u0117s guost\u0117s s\u0117kl\u0173 ekstraktas<\/strong>\u00a0turi plat\u0173 spektr\u0105 farmakologini\u0173 savybi\u0173, galin\u010di\u0173 pad\u0117ti kovoti su moters lyties organ\u0173, vyr\u0173 impotencijos, odos lig\u0173 problemomis. Ekstraktas ypa\u010d efektyvus esant grybeliui, alergin\u0117ms reakcijoms, u\u017edegiminiams procesams, stipriam nie\u017euliui. Aktyviosios med\u017eiagos pagreitina kraujo pritek\u0117jim\u0105 \u012f lyties organus, kas \u012ftakoja geresn\u012f audini\u0173 maitinim\u0105 ir aktyvesn\u0119 kraujo apytak\u0105. Visa tai padidina libido ir seksualines galimybes.<\/p>\n<p><strong>Ciber\u017eol\u0117s lap\u0173 ekstraktas<\/strong>\u00a0pasi\u017eymi stipriu prie\u0161u\u017edegiminiu poveikiu. Tur\u0117dama stiprias antioksidantines savybes ciber\u017eol\u0117 naudojama gydant genitalin\u012f herpio virus\u0105.<\/p>\n<p><strong>Pipirm\u0117t\u0117s ekstraktas<\/strong>\u00a0pa\u0161alina patinimus, nie\u017eul\u012f, sudirgimus, ma\u017eina u\u017edegimin\u012f proces\u0105, u\u017ekerta keli\u0105 grybelinei, virusinei ir bakterinei infekcijai plisti, pasi\u017eymi \u0161aldan\u010diu ir skausm\u0105 mal\u0161inan\u010diu poveikiu.Tai mikrobiologinis kompleksas su antibakteriniu efektu.<\/p>\n<p><strong>Smailiaskiau\u010dio skudu\u010dio \u0161aknies ekstraktas<\/strong>\u00a0suteikia antibakterin\u012f, skausm\u0105 ma\u017einant\u012f ir dezodoruojant\u012f efekt\u0105.<\/p>\n<p><strong>Kininio skudu\u010dio (\u0161ventagar\u0161v\u0117s) lap\u0173 ekstraktas<\/strong>\u00a0naudojamas kompleksinio gydymo metu prie vis\u0173 ginekologini\u0173 susirgim\u0173, menopauz\u0117s metu, esant disharmonialiniam sutrikimui, pasi\u017eymi spazmus ma\u017einan\u010diu ir raminamuoju poveikiu, padeda suma\u017einti jautrum\u0105 skausmui. Jame esantys eteriniai aliejai turi stipr\u0173 prie\u0161u\u017edegimin\u012f, antiseptin\u012f, antibakterin\u012f poveik\u012f.<\/p>\n<p><strong>Puikiojo bij\u016bno \u0161akn\u0173 ekstraktas<\/strong>\u00a0koreguoja endokrinin\u0117s ir imunin\u0117s sistem\u0173 darb\u0105, reguliuoja menstruacin\u012f cikl\u0105, veikia prie\u0161u\u017edegimi\u0161kai.<\/p>\n<p><strong>Daugia\u017eied\u0117s balta\u0161akn\u0117s (\u0160ou vu) \u0161aknies ekstrakto<\/strong>\u00a0sud\u0117tyje yra organini\u0173 r\u016bg\u0161\u010di\u0173, pasi\u017eymi prie\u0161u\u017edegimin\u0117mis savyb\u0117mis, tonizuoja, stiprina imunitet\u0105.<\/p>\n<p><strong>Alavijo lap\u0173 ekstraktas<\/strong>\u00a0pasi\u017eymi stipriu antibakteriniu poveikiu, naudojamas kaip efektyvi \u017eaizd\u0173 gydymo priemon\u0117, skatina audini\u0173 regeneracij\u0105, turi antimikrobini\u0173 savybi\u0173. I\u0161ori\u0161kai vartojamas esant p\u016blingoms u\u017edegimin\u0117ms ligoms, egzemoms, p\u016bliniams.<\/p>\n<p><strong>Alunitas<\/strong>\u00a0veikia antibakteri\u0161kai, sutraukian\u010diai, stabdo kraujavim\u0105, mink\u0161tina ir dr\u0117kina od\u0105, neerzina jos. I\u0161tirpusi aluno druska puikiai tinka bet kokios k\u016bno dalies i\u0161orinei dezinfekcijai, apsaugo nuo nemalonaus kvapo. Alunas &#8211;\u00a0viena nat\u016braliausi\u0173\u00a0gamtoje susiformavusi\u0173 higienos priemoni\u0173.<\/p>\n","protected":false},"excerpt":{"rendered":"<p>Higieniniai \u012fklotai pasi\u017eymi stipriu prie\u0161u\u017edegiminiu ir spazmus \u0161alinan\u010diu poveikiu, atstato gimdos ir lytini\u0173 organ\u0173 gleivin\u0117s mikroflor\u0105, naikina bakterijas, mikrobus, virusus, \u0161alina nie\u017eul\u012f, per\u0161t\u0117jim\u0105, i\u0161orini\u0173 lytini\u0173 organ\u0173 patinimus, padeda \u0161alinti toksinus. Priemon\u0117 normalizuoja ma\u017eojo dubens organ\u0173 funkcijas, harmonizuoja menstruacin\u012f cikl\u0105, aktyvuoja reflektorines zonas, didina lytin\u012f aktyvum\u0105, ma\u017eina hemorojaus keliamus skausmo simptomus, didina imunitet\u0105. \u012eklotus galima naudoti [&#8230;]\n","protected":false},"featured_media":767,"comment_status":"closed","ping_status":"closed","template":"","meta":[],"product_cat":[677,682,679],"product_tag":[],"class_list":{"0":"post-3651","1":"product","2":"type-product","3":"status-publish","4":"has-post-thumbnail","6":"product_cat-higiena","7":"product_cat-intymi-higiena","8":"product_cat-kasdieniniiai-iklotai","10":"first","11":"instock","12":"shipping-taxable","13":"purchasable","14":"product-type-simple"},"yoast_head":"<!-- This site is optimized with the Yoast SEO plugin v23.6 - https:\/\/yoast.com\/wordpress\/plugins\/seo\/ -->\n<title>Kasdieninis higieninis \u012fklotas \u201eGyvenimo energija\u201c 1 vnt. - TianDe Online Shop - Beauty &amp; Health<\/title>\n<meta name=\"robots\" content=\"index, follow, max-snippet:-1, max-image-preview:large, max-video-preview:-1\" \/>\n<link rel=\"canonical\" href=\"https:\/\/tiandeproducts.co.uk\/lt\/kasdieninis-higieninis-iklotas-gyvenimo-energija-1-vnt\/\" \/>\n<meta property=\"og:locale\" content=\"lt_LT\" \/>\n<meta property=\"og:type\" content=\"article\" \/>\n<meta property=\"og:title\" content=\"Kasdieninis higieninis \u012fklotas \u201eGyvenimo energija\u201c 1 vnt. - TianDe Online Shop - Beauty &amp; Health\" \/>\n<meta property=\"og:description\" content=\"Higieniniai \u012fklotai pasi\u017eymi stipriu prie\u0161u\u017edegiminiu ir spazmus \u0161alinan\u010diu poveikiu, atstato gimdos ir lytini\u0173 organ\u0173 gleivin\u0117s mikroflor\u0105, naikina bakterijas, mikrobus, virusus, \u0161alina nie\u017eul\u012f, per\u0161t\u0117jim\u0105, i\u0161orini\u0173 lytini\u0173 organ\u0173 patinimus, padeda \u0161alinti toksinus. Priemon\u0117 normalizuoja ma\u017eojo dubens organ\u0173 funkcijas, harmonizuoja menstruacin\u012f cikl\u0105, aktyvuoja reflektorines zonas, didina lytin\u012f aktyvum\u0105, ma\u017eina hemorojaus keliamus skausmo simptomus, didina imunitet\u0105. \u012eklotus galima naudoti [...]\" \/>\n<meta property=\"og:url\" content=\"https:\/\/tiandeproducts.co.uk\/lt\/kasdieninis-higieninis-iklotas-gyvenimo-energija-1-vnt\/\" \/>\n<meta property=\"og:site_name\" content=\"TianDe Online Shop - Beauty &amp; Health\" \/>\n<meta property=\"article:publisher\" content=\"https:\/\/www.facebook.com\/tiande.products.england\/\" \/>\n<meta property=\"article:modified_time\" content=\"2019-10-23T14:29:09+00:00\" \/>\n<meta property=\"og:image\" content=\"https:\/\/tiandeproducts.co.uk\/wp-content\/uploads\/2016\/04\/63601.jpg\" \/>\n\t<meta property=\"og:image:width\" content=\"420\" \/>\n\t<meta property=\"og:image:height\" content=\"420\" \/>\n\t<meta property=\"og:image:type\" content=\"image\/jpeg\" \/>\n<meta name=\"twitter:card\" content=\"summary_large_image\" \/>\n<meta name=\"twitter:label1\" content=\"Est. reading time\" \/>\n\t<meta name=\"twitter:data1\" content=\"3 minut\u0117s\" \/>\n<script type=\"application\/ld+json\" class=\"yoast-schema-graph\">{\"@context\":\"https:\/\/schema.org\",\"@graph\":[{\"@type\":\"WebPage\",\"@id\":\"https:\/\/tiandeproducts.co.uk\/lt\/kasdieninis-higieninis-iklotas-gyvenimo-energija-1-vnt\/\",\"url\":\"https:\/\/tiandeproducts.co.uk\/lt\/kasdieninis-higieninis-iklotas-gyvenimo-energija-1-vnt\/\",\"name\":\"Kasdieninis higieninis \u012fklotas \u201eGyvenimo energija\u201c 1 vnt. - TianDe Online Shop - Beauty &amp; Health\",\"isPartOf\":{\"@id\":\"https:\/\/tiandeproducts.co.uk\/#website\"},\"primaryImageOfPage\":{\"@id\":\"https:\/\/tiandeproducts.co.uk\/lt\/kasdieninis-higieninis-iklotas-gyvenimo-energija-1-vnt\/#primaryimage\"},\"image\":{\"@id\":\"https:\/\/tiandeproducts.co.uk\/lt\/kasdieninis-higieninis-iklotas-gyvenimo-energija-1-vnt\/#primaryimage\"},\"thumbnailUrl\":\"https:\/\/tiandeproducts.co.uk\/wp-content\/uploads\/2016\/04\/63601.jpg\",\"datePublished\":\"2016-04-07T16:26:03+00:00\",\"dateModified\":\"2019-10-23T14:29:09+00:00\",\"breadcrumb\":{\"@id\":\"https:\/\/tiandeproducts.co.uk\/lt\/kasdieninis-higieninis-iklotas-gyvenimo-energija-1-vnt\/#breadcrumb\"},\"inLanguage\":\"lt-LT\",\"potentialAction\":[{\"@type\":\"ReadAction\",\"target\":[\"https:\/\/tiandeproducts.co.uk\/lt\/kasdieninis-higieninis-iklotas-gyvenimo-energija-1-vnt\/\"]}]},{\"@type\":\"ImageObject\",\"inLanguage\":\"lt-LT\",\"@id\":\"https:\/\/tiandeproducts.co.uk\/lt\/kasdieninis-higieninis-iklotas-gyvenimo-energija-1-vnt\/#primaryimage\",\"url\":\"https:\/\/tiandeproducts.co.uk\/wp-content\/uploads\/2016\/04\/63601.jpg\",\"contentUrl\":\"https:\/\/tiandeproducts.co.uk\/wp-content\/uploads\/2016\/04\/63601.jpg\",\"width\":420,\"height\":420,\"caption\":\"Life Energies Daily Panty Liner,Protects Natural Microflora,1pc-0\"},{\"@type\":\"BreadcrumbList\",\"@id\":\"https:\/\/tiandeproducts.co.uk\/lt\/kasdieninis-higieninis-iklotas-gyvenimo-energija-1-vnt\/#breadcrumb\",\"itemListElement\":[{\"@type\":\"ListItem\",\"position\":1,\"name\":\"Home\",\"item\":\"https:\/\/tiandeproducts.co.uk\/lt\/\"},{\"@type\":\"ListItem\",\"position\":2,\"name\":\"Shop\",\"item\":\"https:\/\/tiandeproducts.co.uk\/lt\/shop-2\/\"},{\"@type\":\"ListItem\",\"position\":3,\"name\":\"Kasdieninis higieninis \u012fklotas \u201eGyvenimo energija\u201c 1 vnt.\"}]},{\"@type\":\"WebSite\",\"@id\":\"https:\/\/tiandeproducts.co.uk\/#website\",\"url\":\"https:\/\/tiandeproducts.co.uk\/\",\"name\":\"TianDe Online Shop - Beauty & Health\",\"description\":\"Traditional Chinese Medicine\",\"potentialAction\":[{\"@type\":\"SearchAction\",\"target\":{\"@type\":\"EntryPoint\",\"urlTemplate\":\"https:\/\/tiandeproducts.co.uk\/?s={search_term_string}\"},\"query-input\":{\"@type\":\"PropertyValueSpecification\",\"valueRequired\":true,\"valueName\":\"search_term_string\"}}],\"inLanguage\":\"lt-LT\"}]}<\/script>\n<!-- \/ Yoast SEO plugin. -->","yoast_head_json":{"title":"Kasdieninis higieninis \u012fklotas \u201eGyvenimo energija\u201c 1 vnt. - TianDe Online Shop - Beauty &amp; Health","robots":{"index":"index","follow":"follow","max-snippet":"max-snippet:-1","max-image-preview":"max-image-preview:large","max-video-preview":"max-video-preview:-1"},"canonical":"https:\/\/tiandeproducts.co.uk\/lt\/kasdieninis-higieninis-iklotas-gyvenimo-energija-1-vnt\/","og_locale":"lt_LT","og_type":"article","og_title":"Kasdieninis higieninis \u012fklotas \u201eGyvenimo energija\u201c 1 vnt. - TianDe Online Shop - Beauty &amp; Health","og_description":"Higieniniai \u012fklotai pasi\u017eymi stipriu prie\u0161u\u017edegiminiu ir spazmus \u0161alinan\u010diu poveikiu, atstato gimdos ir lytini\u0173 organ\u0173 gleivin\u0117s mikroflor\u0105, naikina bakterijas, mikrobus, virusus, \u0161alina nie\u017eul\u012f, per\u0161t\u0117jim\u0105, i\u0161orini\u0173 lytini\u0173 organ\u0173 patinimus, padeda \u0161alinti toksinus. Priemon\u0117 normalizuoja ma\u017eojo dubens organ\u0173 funkcijas, harmonizuoja menstruacin\u012f cikl\u0105, aktyvuoja reflektorines zonas, didina lytin\u012f aktyvum\u0105, ma\u017eina hemorojaus keliamus skausmo simptomus, didina imunitet\u0105. \u012eklotus galima naudoti [...]","og_url":"https:\/\/tiandeproducts.co.uk\/lt\/kasdieninis-higieninis-iklotas-gyvenimo-energija-1-vnt\/","og_site_name":"TianDe Online Shop - Beauty &amp; Health","article_publisher":"https:\/\/www.facebook.com\/tiande.products.england\/","article_modified_time":"2019-10-23T14:29:09+00:00","og_image":[{"width":420,"height":420,"url":"https:\/\/tiandeproducts.co.uk\/wp-content\/uploads\/2016\/04\/63601.jpg","type":"image\/jpeg"}],"twitter_card":"summary_large_image","twitter_misc":{"Est. reading time":"3 minut\u0117s"},"schema":{"@context":"https:\/\/schema.org","@graph":[{"@type":"WebPage","@id":"https:\/\/tiandeproducts.co.uk\/lt\/kasdieninis-higieninis-iklotas-gyvenimo-energija-1-vnt\/","url":"https:\/\/tiandeproducts.co.uk\/lt\/kasdieninis-higieninis-iklotas-gyvenimo-energija-1-vnt\/","name":"Kasdieninis higieninis \u012fklotas \u201eGyvenimo energija\u201c 1 vnt. - TianDe Online Shop - Beauty &amp; Health","isPartOf":{"@id":"https:\/\/tiandeproducts.co.uk\/#website"},"primaryImageOfPage":{"@id":"https:\/\/tiandeproducts.co.uk\/lt\/kasdieninis-higieninis-iklotas-gyvenimo-energija-1-vnt\/#primaryimage"},"image":{"@id":"https:\/\/tiandeproducts.co.uk\/lt\/kasdieninis-higieninis-iklotas-gyvenimo-energija-1-vnt\/#primaryimage"},"thumbnailUrl":"https:\/\/tiandeproducts.co.uk\/wp-content\/uploads\/2016\/04\/63601.jpg","datePublished":"2016-04-07T16:26:03+00:00","dateModified":"2019-10-23T14:29:09+00:00","breadcrumb":{"@id":"https:\/\/tiandeproducts.co.uk\/lt\/kasdieninis-higieninis-iklotas-gyvenimo-energija-1-vnt\/#breadcrumb"},"inLanguage":"lt-LT","potentialAction":[{"@type":"ReadAction","target":["https:\/\/tiandeproducts.co.uk\/lt\/kasdieninis-higieninis-iklotas-gyvenimo-energija-1-vnt\/"]}]},{"@type":"ImageObject","inLanguage":"lt-LT","@id":"https:\/\/tiandeproducts.co.uk\/lt\/kasdieninis-higieninis-iklotas-gyvenimo-energija-1-vnt\/#primaryimage","url":"https:\/\/tiandeproducts.co.uk\/wp-content\/uploads\/2016\/04\/63601.jpg","contentUrl":"https:\/\/tiandeproducts.co.uk\/wp-content\/uploads\/2016\/04\/63601.jpg","width":420,"height":420,"caption":"Life Energies Daily Panty Liner,Protects Natural Microflora,1pc-0"},{"@type":"BreadcrumbList","@id":"https:\/\/tiandeproducts.co.uk\/lt\/kasdieninis-higieninis-iklotas-gyvenimo-energija-1-vnt\/#breadcrumb","itemListElement":[{"@type":"ListItem","position":1,"name":"Home","item":"https:\/\/tiandeproducts.co.uk\/lt\/"},{"@type":"ListItem","position":2,"name":"Shop","item":"https:\/\/tiandeproducts.co.uk\/lt\/shop-2\/"},{"@type":"ListItem","position":3,"name":"Kasdieninis higieninis \u012fklotas \u201eGyvenimo energija\u201c 1 vnt."}]},{"@type":"WebSite","@id":"https:\/\/tiandeproducts.co.uk\/#website","url":"https:\/\/tiandeproducts.co.uk\/","name":"TianDe Online Shop - Beauty & Health","description":"Traditional Chinese Medicine","potentialAction":[{"@type":"SearchAction","target":{"@type":"EntryPoint","urlTemplate":"https:\/\/tiandeproducts.co.uk\/?s={search_term_string}"},"query-input":{"@type":"PropertyValueSpecification","valueRequired":true,"valueName":"search_term_string"}}],"inLanguage":"lt-LT"}]}},"_links":{"self":[{"href":"https:\/\/tiandeproducts.co.uk\/lt\/wp-json\/wp\/v2\/product\/3651","targetHints":{"allow":["GET"]}}],"collection":[{"href":"https:\/\/tiandeproducts.co.uk\/lt\/wp-json\/wp\/v2\/product"}],"about":[{"href":"https:\/\/tiandeproducts.co.uk\/lt\/wp-json\/wp\/v2\/types\/product"}],"replies":[{"embeddable":true,"href":"https:\/\/tiandeproducts.co.uk\/lt\/wp-json\/wp\/v2\/comments?post=3651"}],"wp:featuredmedia":[{"embeddable":true,"href":"https:\/\/tiandeproducts.co.uk\/lt\/wp-json\/wp\/v2\/media\/767"}],"wp:attachment":[{"href":"https:\/\/tiandeproducts.co.uk\/lt\/wp-json\/wp\/v2\/media?parent=3651"}],"wp:term":[{"taxonomy":"product_cat","embeddable":true,"href":"https:\/\/tiandeproducts.co.uk\/lt\/wp-json\/wp\/v2\/product_cat?post=3651"},{"taxonomy":"product_tag","embeddable":true,"href":"https:\/\/tiandeproducts.co.uk\/lt\/wp-json\/wp\/v2\/product_tag?post=3651"}],"curies":[{"name":"wp","href":"https:\/\/api.w.org\/{rel}","templated":true}]}}