{"id":3650,"date":"2016-04-07T17:16:42","date_gmt":"2016-04-07T16:16:42","guid":{"rendered":"https:\/\/tnd.ontesting.co.uk\/gelis-dantims-skystas-kalcis-stiprus-dantu-emalis-120-g\/"},"modified":"2019-09-27T17:35:31","modified_gmt":"2019-09-27T16:35:31","slug":"gelis-dantims-skystas-kalcis-stiprus-dantu-emalis-120-g","status":"publish","type":"product","link":"https:\/\/tiandeproducts.co.uk\/lt\/gelis-dantims-skystas-kalcis-stiprus-dantu-emalis-120-g\/","title":{"rendered":"Gelis dantims \u201eSkystas Kalcis\u201c (stiprus dant\u0173 emalis) 120 g."},"content":{"rendered":"<p>Skystas kalcis u\u017epildo \u012ftr\u016bkimus dant\u0173 pavir\u0161iuje, atkuria pa\u017eeist\u0105 emal\u012f, labai efektyvus po dant\u0173 akmen\u0173 pa\u0161alinimo.\u00a0Gelio aktyviosios med\u017eiagos\u00a0suma\u017eina dant\u0173 jautrum\u0105, efektyviai pa\u0161alina apna\u0161as, \u0161viesina dantis ir suteikia papildomo spindesio, neleid\u017eia atsirasti ir pl\u0117totis \u0117duoniui (remineralizuoja), ilgam suteikia gaiv\u0173 burnos kvap\u0105.<\/p>\n<p>Jeigu turite jautrius dantis, b\u016btina rinktis jautrum\u0105 ma\u017einan\u010di\u0105 dant\u0173 priemon\u0119.<br \/>\nDant\u0173 jautrumui \u012ftakos gali tur\u0117ti mineralini\u0173 med\u017eiag\u0173 (magnio, fosforo, kalcio ir kt.) tr\u016bkumas, bet da\u017eniausiai jo prie\u017eastys b\u016bna susijusios su netinkamais burnos higienos ir mitybos \u012fpro\u010diais. Esant nepakankamai burnos ertm\u0117s higienai, per dien\u0105 danties pavir\u0161ius pasidengia seil\u0117mis, mikroorganizmais, maisto liku\u010diais. Viso to tinkamai nekontroliuojant, apna\u0161os kaupiasi tarpdan\u010diuose ir kitose burnos ertm\u0117s vietose. Toliau tinkamai nepri\u017ei\u016brint burnos ertm\u0117s atsiranda blogas burnos kvapas, neesteti\u0161kai atrodo dantys, dantenos, vystosi dant\u0173 \u0117duonies ir apydan\u010dio ligos. Bakterijos tampa pagrindin\u0117mis dant\u0173 \u0117duonies bei periodonto lig\u0173 atsiradimo prie\u017eastimis. Tinkamai naudojant asmens higienos priemones galima apsisaugoti nuo \u0161i\u0173 nemalonum\u0173.<\/p>\n<p><strong>Naudojimas<\/strong>: valykite i\u0161orin\u0119 ir galin\u0119 dant\u0173 pus\u0119, nepamir\u0161kite tarpdan\u010di\u0173 bei lie\u017euvio (valykite 2 kartus per dien\u0105 ne ma\u017eiau nei 5 min.). Nepraryti.\u00a0Vaikai iki 6 met\u0173 am\u017eiaus tur\u0117t\u0173 valytis dantis pri\u017ei\u016brimi suaugusi\u0173j\u0173.<\/p>\n<p><strong>Veikliosios med\u017eiagos:<\/strong><\/p>\n<p><strong>Titano dioksidas<\/strong>\u00a0\u0161velniai pa\u0161alina dant\u0173 apna\u0161as (vienas i\u0161 \u0161velniausi\u0173 \u017einom\u0173 abrazyv\u0173).<\/p>\n<p><strong>Mentolis<\/strong>\u00a0valo burnos ertm\u0119 nuo bakterij\u0173, ilgam suteikia gaiv\u0173 ir malon\u0173 burnos kvap\u0105. Turi antiseptin\u012f, tonizuojant\u012f ir prie\u0161u\u017edegimin\u012f poveik\u012f.<\/p>\n<p><strong>Kalcio karbonatas<\/strong>\u00a0atstato ir stiprina emal\u012f, aktyvina remineralizacijos procesus, patikimai apsaugo nuo \u0117duonies.<\/p>\n<p>Dant\u0173 pastose naudojamas\u00a0<strong>natrio fluoridas<\/strong>\u00a0yra saugus ir venas efektyviausi\u0173 b\u016bd\u0173 apsaugoti dantis nuo \u0117duonies ar bakterij\u0173 atsiradimo. Jis lengvai ir greitai suyra \u012f aktyvius jonus, kurie geba pasiekti norim\u0105 efekt\u0105 per 1-3 min.<\/p>\n","protected":false},"excerpt":{"rendered":"<p>Skystas kalcis u\u017epildo \u012ftr\u016bkimus dant\u0173 pavir\u0161iuje, atkuria pa\u017eeist\u0105 emal\u012f, labai efektyvus po dant\u0173 akmen\u0173 pa\u0161alinimo.\u00a0Gelio aktyviosios med\u017eiagos\u00a0suma\u017eina dant\u0173 jautrum\u0105, efektyviai pa\u0161alina apna\u0161as, \u0161viesina dantis ir suteikia papildomo spindesio, neleid\u017eia atsirasti ir pl\u0117totis \u0117duoniui (remineralizuoja), ilgam suteikia gaiv\u0173 burnos kvap\u0105. Jeigu turite jautrius dantis, b\u016btina rinktis jautrum\u0105 ma\u017einan\u010di\u0105 dant\u0173 priemon\u0119. Dant\u0173 jautrumui \u012ftakos gali tur\u0117ti mineralini\u0173 [&#8230;]\n","protected":false},"featured_media":747,"comment_status":"closed","ping_status":"closed","template":"","meta":[],"product_cat":[684,686,677],"product_tag":[],"class_list":{"0":"post-3650","1":"product","2":"type-product","3":"status-publish","4":"has-post-thumbnail","6":"product_cat-burnos-higiena","7":"product_cat-dantu-pastosgeliai","8":"product_cat-higiena","10":"first","11":"instock","12":"shipping-taxable","13":"purchasable","14":"product-type-simple"},"yoast_head":"<!-- This site is optimized with the Yoast SEO plugin v23.6 - https:\/\/yoast.com\/wordpress\/plugins\/seo\/ -->\n<title>Gelis dantims \u201eSkystas Kalcis\u201c (stiprus dant\u0173 emalis) 120 g. - TianDe Online Shop - Beauty &amp; Health<\/title>\n<meta name=\"robots\" content=\"index, follow, max-snippet:-1, max-image-preview:large, max-video-preview:-1\" \/>\n<link rel=\"canonical\" href=\"https:\/\/tiandeproducts.co.uk\/lt\/gelis-dantims-skystas-kalcis-stiprus-dantu-emalis-120-g\/\" \/>\n<meta property=\"og:locale\" content=\"lt_LT\" \/>\n<meta property=\"og:type\" content=\"article\" \/>\n<meta property=\"og:title\" content=\"Gelis dantims \u201eSkystas Kalcis\u201c (stiprus dant\u0173 emalis) 120 g. - TianDe Online Shop - Beauty &amp; Health\" \/>\n<meta property=\"og:description\" content=\"Skystas kalcis u\u017epildo \u012ftr\u016bkimus dant\u0173 pavir\u0161iuje, atkuria pa\u017eeist\u0105 emal\u012f, labai efektyvus po dant\u0173 akmen\u0173 pa\u0161alinimo.\u00a0Gelio aktyviosios med\u017eiagos\u00a0suma\u017eina dant\u0173 jautrum\u0105, efektyviai pa\u0161alina apna\u0161as, \u0161viesina dantis ir suteikia papildomo spindesio, neleid\u017eia atsirasti ir pl\u0117totis \u0117duoniui (remineralizuoja), ilgam suteikia gaiv\u0173 burnos kvap\u0105. Jeigu turite jautrius dantis, b\u016btina rinktis jautrum\u0105 ma\u017einan\u010di\u0105 dant\u0173 priemon\u0119. Dant\u0173 jautrumui \u012ftakos gali tur\u0117ti mineralini\u0173 [...]\" \/>\n<meta property=\"og:url\" content=\"https:\/\/tiandeproducts.co.uk\/lt\/gelis-dantims-skystas-kalcis-stiprus-dantu-emalis-120-g\/\" \/>\n<meta property=\"og:site_name\" content=\"TianDe Online Shop - Beauty &amp; Health\" \/>\n<meta property=\"article:publisher\" content=\"https:\/\/www.facebook.com\/tiande.products.england\/\" \/>\n<meta property=\"article:modified_time\" content=\"2019-09-27T16:35:31+00:00\" \/>\n<meta property=\"og:image\" content=\"https:\/\/tiandeproducts.co.uk\/wp-content\/uploads\/2016\/04\/60140.png\" \/>\n\t<meta property=\"og:image:width\" content=\"700\" \/>\n\t<meta property=\"og:image:height\" content=\"700\" \/>\n\t<meta property=\"og:image:type\" content=\"image\/png\" \/>\n<meta name=\"twitter:card\" content=\"summary_large_image\" \/>\n<meta name=\"twitter:label1\" content=\"Est. reading time\" \/>\n\t<meta name=\"twitter:data1\" content=\"2 minut\u0117s\" \/>\n<script type=\"application\/ld+json\" class=\"yoast-schema-graph\">{\"@context\":\"https:\/\/schema.org\",\"@graph\":[{\"@type\":\"WebPage\",\"@id\":\"https:\/\/tiandeproducts.co.uk\/lt\/gelis-dantims-skystas-kalcis-stiprus-dantu-emalis-120-g\/\",\"url\":\"https:\/\/tiandeproducts.co.uk\/lt\/gelis-dantims-skystas-kalcis-stiprus-dantu-emalis-120-g\/\",\"name\":\"Gelis dantims \u201eSkystas Kalcis\u201c (stiprus dant\u0173 emalis) 120 g. - TianDe Online Shop - Beauty &amp; Health\",\"isPartOf\":{\"@id\":\"https:\/\/tiandeproducts.co.uk\/#website\"},\"primaryImageOfPage\":{\"@id\":\"https:\/\/tiandeproducts.co.uk\/lt\/gelis-dantims-skystas-kalcis-stiprus-dantu-emalis-120-g\/#primaryimage\"},\"image\":{\"@id\":\"https:\/\/tiandeproducts.co.uk\/lt\/gelis-dantims-skystas-kalcis-stiprus-dantu-emalis-120-g\/#primaryimage\"},\"thumbnailUrl\":\"https:\/\/tiandeproducts.co.uk\/wp-content\/uploads\/2016\/04\/60140.png\",\"datePublished\":\"2016-04-07T16:16:42+00:00\",\"dateModified\":\"2019-09-27T16:35:31+00:00\",\"breadcrumb\":{\"@id\":\"https:\/\/tiandeproducts.co.uk\/lt\/gelis-dantims-skystas-kalcis-stiprus-dantu-emalis-120-g\/#breadcrumb\"},\"inLanguage\":\"lt-LT\",\"potentialAction\":[{\"@type\":\"ReadAction\",\"target\":[\"https:\/\/tiandeproducts.co.uk\/lt\/gelis-dantims-skystas-kalcis-stiprus-dantu-emalis-120-g\/\"]}]},{\"@type\":\"ImageObject\",\"inLanguage\":\"lt-LT\",\"@id\":\"https:\/\/tiandeproducts.co.uk\/lt\/gelis-dantims-skystas-kalcis-stiprus-dantu-emalis-120-g\/#primaryimage\",\"url\":\"https:\/\/tiandeproducts.co.uk\/wp-content\/uploads\/2016\/04\/60140.png\",\"contentUrl\":\"https:\/\/tiandeproducts.co.uk\/wp-content\/uploads\/2016\/04\/60140.png\",\"width\":700,\"height\":700,\"caption\":\"Liquid Calcium Tooth Gel,Ideal For Sensitive Teeth,120g-0\"},{\"@type\":\"BreadcrumbList\",\"@id\":\"https:\/\/tiandeproducts.co.uk\/lt\/gelis-dantims-skystas-kalcis-stiprus-dantu-emalis-120-g\/#breadcrumb\",\"itemListElement\":[{\"@type\":\"ListItem\",\"position\":1,\"name\":\"Home\",\"item\":\"https:\/\/tiandeproducts.co.uk\/lt\/\"},{\"@type\":\"ListItem\",\"position\":2,\"name\":\"Shop\",\"item\":\"https:\/\/tiandeproducts.co.uk\/lt\/shop-2\/\"},{\"@type\":\"ListItem\",\"position\":3,\"name\":\"Gelis dantims \u201eSkystas Kalcis\u201c (stiprus dant\u0173 emalis) 120 g.\"}]},{\"@type\":\"WebSite\",\"@id\":\"https:\/\/tiandeproducts.co.uk\/#website\",\"url\":\"https:\/\/tiandeproducts.co.uk\/\",\"name\":\"TianDe Online Shop - Beauty & Health\",\"description\":\"Traditional Chinese Medicine\",\"potentialAction\":[{\"@type\":\"SearchAction\",\"target\":{\"@type\":\"EntryPoint\",\"urlTemplate\":\"https:\/\/tiandeproducts.co.uk\/?s={search_term_string}\"},\"query-input\":{\"@type\":\"PropertyValueSpecification\",\"valueRequired\":true,\"valueName\":\"search_term_string\"}}],\"inLanguage\":\"lt-LT\"}]}<\/script>\n<!-- \/ Yoast SEO plugin. -->","yoast_head_json":{"title":"Gelis dantims \u201eSkystas Kalcis\u201c (stiprus dant\u0173 emalis) 120 g. - TianDe Online Shop - Beauty &amp; Health","robots":{"index":"index","follow":"follow","max-snippet":"max-snippet:-1","max-image-preview":"max-image-preview:large","max-video-preview":"max-video-preview:-1"},"canonical":"https:\/\/tiandeproducts.co.uk\/lt\/gelis-dantims-skystas-kalcis-stiprus-dantu-emalis-120-g\/","og_locale":"lt_LT","og_type":"article","og_title":"Gelis dantims \u201eSkystas Kalcis\u201c (stiprus dant\u0173 emalis) 120 g. - TianDe Online Shop - Beauty &amp; Health","og_description":"Skystas kalcis u\u017epildo \u012ftr\u016bkimus dant\u0173 pavir\u0161iuje, atkuria pa\u017eeist\u0105 emal\u012f, labai efektyvus po dant\u0173 akmen\u0173 pa\u0161alinimo.\u00a0Gelio aktyviosios med\u017eiagos\u00a0suma\u017eina dant\u0173 jautrum\u0105, efektyviai pa\u0161alina apna\u0161as, \u0161viesina dantis ir suteikia papildomo spindesio, neleid\u017eia atsirasti ir pl\u0117totis \u0117duoniui (remineralizuoja), ilgam suteikia gaiv\u0173 burnos kvap\u0105. Jeigu turite jautrius dantis, b\u016btina rinktis jautrum\u0105 ma\u017einan\u010di\u0105 dant\u0173 priemon\u0119. Dant\u0173 jautrumui \u012ftakos gali tur\u0117ti mineralini\u0173 [...]","og_url":"https:\/\/tiandeproducts.co.uk\/lt\/gelis-dantims-skystas-kalcis-stiprus-dantu-emalis-120-g\/","og_site_name":"TianDe Online Shop - Beauty &amp; Health","article_publisher":"https:\/\/www.facebook.com\/tiande.products.england\/","article_modified_time":"2019-09-27T16:35:31+00:00","og_image":[{"width":700,"height":700,"url":"https:\/\/tiandeproducts.co.uk\/wp-content\/uploads\/2016\/04\/60140.png","type":"image\/png"}],"twitter_card":"summary_large_image","twitter_misc":{"Est. reading time":"2 minut\u0117s"},"schema":{"@context":"https:\/\/schema.org","@graph":[{"@type":"WebPage","@id":"https:\/\/tiandeproducts.co.uk\/lt\/gelis-dantims-skystas-kalcis-stiprus-dantu-emalis-120-g\/","url":"https:\/\/tiandeproducts.co.uk\/lt\/gelis-dantims-skystas-kalcis-stiprus-dantu-emalis-120-g\/","name":"Gelis dantims \u201eSkystas Kalcis\u201c (stiprus dant\u0173 emalis) 120 g. - TianDe Online Shop - Beauty &amp; Health","isPartOf":{"@id":"https:\/\/tiandeproducts.co.uk\/#website"},"primaryImageOfPage":{"@id":"https:\/\/tiandeproducts.co.uk\/lt\/gelis-dantims-skystas-kalcis-stiprus-dantu-emalis-120-g\/#primaryimage"},"image":{"@id":"https:\/\/tiandeproducts.co.uk\/lt\/gelis-dantims-skystas-kalcis-stiprus-dantu-emalis-120-g\/#primaryimage"},"thumbnailUrl":"https:\/\/tiandeproducts.co.uk\/wp-content\/uploads\/2016\/04\/60140.png","datePublished":"2016-04-07T16:16:42+00:00","dateModified":"2019-09-27T16:35:31+00:00","breadcrumb":{"@id":"https:\/\/tiandeproducts.co.uk\/lt\/gelis-dantims-skystas-kalcis-stiprus-dantu-emalis-120-g\/#breadcrumb"},"inLanguage":"lt-LT","potentialAction":[{"@type":"ReadAction","target":["https:\/\/tiandeproducts.co.uk\/lt\/gelis-dantims-skystas-kalcis-stiprus-dantu-emalis-120-g\/"]}]},{"@type":"ImageObject","inLanguage":"lt-LT","@id":"https:\/\/tiandeproducts.co.uk\/lt\/gelis-dantims-skystas-kalcis-stiprus-dantu-emalis-120-g\/#primaryimage","url":"https:\/\/tiandeproducts.co.uk\/wp-content\/uploads\/2016\/04\/60140.png","contentUrl":"https:\/\/tiandeproducts.co.uk\/wp-content\/uploads\/2016\/04\/60140.png","width":700,"height":700,"caption":"Liquid Calcium Tooth Gel,Ideal For Sensitive Teeth,120g-0"},{"@type":"BreadcrumbList","@id":"https:\/\/tiandeproducts.co.uk\/lt\/gelis-dantims-skystas-kalcis-stiprus-dantu-emalis-120-g\/#breadcrumb","itemListElement":[{"@type":"ListItem","position":1,"name":"Home","item":"https:\/\/tiandeproducts.co.uk\/lt\/"},{"@type":"ListItem","position":2,"name":"Shop","item":"https:\/\/tiandeproducts.co.uk\/lt\/shop-2\/"},{"@type":"ListItem","position":3,"name":"Gelis dantims \u201eSkystas Kalcis\u201c (stiprus dant\u0173 emalis) 120 g."}]},{"@type":"WebSite","@id":"https:\/\/tiandeproducts.co.uk\/#website","url":"https:\/\/tiandeproducts.co.uk\/","name":"TianDe Online Shop - Beauty & Health","description":"Traditional Chinese Medicine","potentialAction":[{"@type":"SearchAction","target":{"@type":"EntryPoint","urlTemplate":"https:\/\/tiandeproducts.co.uk\/?s={search_term_string}"},"query-input":{"@type":"PropertyValueSpecification","valueRequired":true,"valueName":"search_term_string"}}],"inLanguage":"lt-LT"}]}},"_links":{"self":[{"href":"https:\/\/tiandeproducts.co.uk\/lt\/wp-json\/wp\/v2\/product\/3650","targetHints":{"allow":["GET"]}}],"collection":[{"href":"https:\/\/tiandeproducts.co.uk\/lt\/wp-json\/wp\/v2\/product"}],"about":[{"href":"https:\/\/tiandeproducts.co.uk\/lt\/wp-json\/wp\/v2\/types\/product"}],"replies":[{"embeddable":true,"href":"https:\/\/tiandeproducts.co.uk\/lt\/wp-json\/wp\/v2\/comments?post=3650"}],"wp:featuredmedia":[{"embeddable":true,"href":"https:\/\/tiandeproducts.co.uk\/lt\/wp-json\/wp\/v2\/media\/747"}],"wp:attachment":[{"href":"https:\/\/tiandeproducts.co.uk\/lt\/wp-json\/wp\/v2\/media?parent=3650"}],"wp:term":[{"taxonomy":"product_cat","embeddable":true,"href":"https:\/\/tiandeproducts.co.uk\/lt\/wp-json\/wp\/v2\/product_cat?post=3650"},{"taxonomy":"product_tag","embeddable":true,"href":"https:\/\/tiandeproducts.co.uk\/lt\/wp-json\/wp\/v2\/product_tag?post=3650"}],"curies":[{"name":"wp","href":"https:\/\/api.w.org\/{rel}","templated":true}]}}