{"id":3649,"date":"2016-04-04T19:31:48","date_gmt":"2016-04-04T18:31:48","guid":{"rendered":"https:\/\/tnd.ontesting.co.uk\/kristalinis-dezodorantas-natural-veil-60-g\/"},"modified":"2020-02-01T18:21:27","modified_gmt":"2020-02-01T18:21:27","slug":"kristalinis-dezodorantas-natural-veil-60-g","status":"publish","type":"product","link":"https:\/\/tiandeproducts.co.uk\/lt\/kristalinis-dezodorantas-natural-veil-60-g\/","title":{"rendered":"Kristalinis dezodorantas Natural Veil 60 g."},"content":{"rendered":"<p>Priemon\u0117 visi\u0161kai neutralizuoja nemalon\u0173 odos kvap\u0105, slopina bakterij\u0173 (sukelian\u010di\u0173 t\u0105 kvap\u0105) dauginim\u0105si, pasi\u017eymi antiseptiniu ir bakteriostatiniu poveikiu. Dezodorantas \u0161velnus odai, leid\u017eia laisvai kv\u0117puoti, neu\u017ekem\u0161a por\u0173 ir prakaito liauk\u0173, d\u0117l to nesutrinka prakaitavimas ir toksin\u0173 \u0161alinimas. Priemon\u0117 pasi\u017eymi stipriomis antimikrobin\u0117mis, antialergin\u0117mis, prie\u0161u\u017edegimin\u0117mis ir prie\u0161grybelin\u0117mis savyb\u0117mis, stabdo kraujavim\u0105.<\/p>\n<p>Al\u016bnito tirpalas su distiliuotu vandeniu padeda gydyti angin\u0105, pienlig\u0119, p\u016bslelin\u0119, slog\u0105, grybelinius koj\u0173 susirgimus, nuramina od\u0105 po depiliacijos, rekomenduojamas vyrams po skutimosi. Dezodorantas tinka naudoti alergi\u0161kiems \u017emon\u0117ms, n\u0117\u0161\u010diosioms ir k\u016bdikius maitinan\u010dioms moterims. Ekonomi\u0161kas, naudodamiesi kasdien \u0161ia priemone d\u017eiaugsit\u0117s visus metus.<\/p>\n<p><strong>Kod\u0117l b\u016btent al\u016bnitas?<br \/>\n<\/strong>Tai\u00a0vulkanin\u0117s kilm\u0117s mineralin\u0117 druska, nat\u016braliai gamtoje susiformavusi sveika ir saugi higienos priemon\u0117 nuo nemalonaus kvapo. I\u0161tirpusi al\u016bno druska puikiai tinka bet kokios k\u016bno dalies i\u0161orinei dezinfekcijai: burnos ertm\u0117s skalavimui (nuo nemalonaus kvapo ir bakterij\u0173), dezinfekuojan\u010dioms koj\u0173 ir rank\u0173 vonel\u0117ms, \u017eaizd\u0173 praplovimams, pragul\u0173 dezinfekcijai ir kt. Al\u016bno kristalas veikia antibakteri\u0161kai, sutraukian\u010diai, stabdo kraujavim\u0105, mink\u0161tina ir dr\u0117kina, tinka vabzd\u017ei\u0173 \u012fkandimo vietoms bei odos nubrozdinimams dezinfekuoti, padeda atstatyti od\u0105 po skutimosi, apsaugo nuo spuogeli\u0173 susidarymo. Al\u016bno kristalas hipoalergi\u0161kas, neerzina odos, yra ypa\u010d \u0161velnus, tod\u0117l tinkamas ypa\u010d jautri\u0105 od\u0105 turintiems \u017emon\u0117ms bei b\u016bsimoms ir maitinan\u010dioms mamoms. Kristalas bespalvis, bekvapis, permatomas, nepalieka \u017eymi\u0173 ant drabu\u017ei\u0173.<\/p>\n<p><strong>Naudojimas:<\/strong><br \/>\nPo du\u0161o palikite od\u0105 dr\u0117gn\u0105 (arba sudr\u0117kinkite pat\u012f kristal\u0105) ir gerai i\u0161trinkite juo prakaituoti linkusias vietas (pa\u017eastis, p\u0117das). Dezodorantas padengia od\u0105 nematoma apsaugine pl\u0117vele, kuri 24-ias valandas neutralizuoja kvap\u0105 sukelian\u010dias bakterijas. Po naudojimo nuplaukite tekan\u010diu v\u0117siu vandeniu, lengvai nusausinkite arba 2-3 min. palaukite kol i\u0161d\u017eius, tik tada u\u017edenkite. Nelaikykite ant saul\u0117s ir neplaukite \u0161iltu vandeniu &#8211; jis tirpsta.<\/p>\n","protected":false},"excerpt":{"rendered":"<p>Priemon\u0117 visi\u0161kai neutralizuoja nemalon\u0173 odos kvap\u0105, slopina bakterij\u0173 (sukelian\u010di\u0173 t\u0105 kvap\u0105) dauginim\u0105si, pasi\u017eymi antiseptiniu ir bakteriostatiniu poveikiu. Dezodorantas \u0161velnus odai, leid\u017eia laisvai kv\u0117puoti, neu\u017ekem\u0161a por\u0173 ir prakaito liauk\u0173, d\u0117l to nesutrinka prakaitavimas ir toksin\u0173 \u0161alinimas. Priemon\u0117 pasi\u017eymi stipriomis antimikrobin\u0117mis, antialergin\u0117mis, prie\u0161u\u017edegimin\u0117mis ir prie\u0161grybelin\u0117mis savyb\u0117mis, stabdo kraujavim\u0105. Al\u016bnito tirpalas su distiliuotu vandeniu padeda gydyti angin\u0105, pienlig\u0119, [&#8230;]\n","protected":false},"featured_media":572,"comment_status":"closed","ping_status":"closed","template":"","meta":[],"product_cat":[678,681,677],"product_tag":[],"class_list":{"0":"post-3649","1":"product","2":"type-product","3":"status-publish","4":"has-post-thumbnail","6":"product_cat-valymas-ir-apsauga","7":"product_cat-dezodorantai","8":"product_cat-higiena","10":"first","11":"instock","12":"shipping-taxable","13":"purchasable","14":"product-type-simple"},"yoast_head":"<!-- This site is optimized with the Yoast SEO plugin v23.6 - https:\/\/yoast.com\/wordpress\/plugins\/seo\/ -->\n<title>Kristalinis dezodorantas Natural Veil 60 g. - TianDe Online Shop - Beauty &amp; Health<\/title>\n<meta name=\"robots\" content=\"index, follow, max-snippet:-1, max-image-preview:large, max-video-preview:-1\" \/>\n<link rel=\"canonical\" href=\"https:\/\/tiandeproducts.co.uk\/lt\/kristalinis-dezodorantas-natural-veil-60-g\/\" \/>\n<meta property=\"og:locale\" content=\"lt_LT\" \/>\n<meta property=\"og:type\" content=\"article\" \/>\n<meta property=\"og:title\" content=\"Kristalinis dezodorantas Natural Veil 60 g. - TianDe Online Shop - Beauty &amp; Health\" \/>\n<meta property=\"og:description\" content=\"Priemon\u0117 visi\u0161kai neutralizuoja nemalon\u0173 odos kvap\u0105, slopina bakterij\u0173 (sukelian\u010di\u0173 t\u0105 kvap\u0105) dauginim\u0105si, pasi\u017eymi antiseptiniu ir bakteriostatiniu poveikiu. Dezodorantas \u0161velnus odai, leid\u017eia laisvai kv\u0117puoti, neu\u017ekem\u0161a por\u0173 ir prakaito liauk\u0173, d\u0117l to nesutrinka prakaitavimas ir toksin\u0173 \u0161alinimas. Priemon\u0117 pasi\u017eymi stipriomis antimikrobin\u0117mis, antialergin\u0117mis, prie\u0161u\u017edegimin\u0117mis ir prie\u0161grybelin\u0117mis savyb\u0117mis, stabdo kraujavim\u0105. Al\u016bnito tirpalas su distiliuotu vandeniu padeda gydyti angin\u0105, pienlig\u0119, [...]\" \/>\n<meta property=\"og:url\" content=\"https:\/\/tiandeproducts.co.uk\/lt\/kristalinis-dezodorantas-natural-veil-60-g\/\" \/>\n<meta property=\"og:site_name\" content=\"TianDe Online Shop - Beauty &amp; Health\" \/>\n<meta property=\"article:publisher\" content=\"https:\/\/www.facebook.com\/tiande.products.england\/\" \/>\n<meta property=\"article:modified_time\" content=\"2020-02-01T18:21:27+00:00\" \/>\n<meta property=\"og:image\" content=\"https:\/\/tiandeproducts.co.uk\/wp-content\/uploads\/2016\/04\/30101.png\" \/>\n\t<meta property=\"og:image:width\" content=\"700\" \/>\n\t<meta property=\"og:image:height\" content=\"700\" \/>\n\t<meta property=\"og:image:type\" content=\"image\/png\" \/>\n<meta name=\"twitter:card\" content=\"summary_large_image\" \/>\n<meta name=\"twitter:label1\" content=\"Est. reading time\" \/>\n\t<meta name=\"twitter:data1\" content=\"2 minut\u0117s\" \/>\n<script type=\"application\/ld+json\" class=\"yoast-schema-graph\">{\"@context\":\"https:\/\/schema.org\",\"@graph\":[{\"@type\":\"WebPage\",\"@id\":\"https:\/\/tiandeproducts.co.uk\/lt\/kristalinis-dezodorantas-natural-veil-60-g\/\",\"url\":\"https:\/\/tiandeproducts.co.uk\/lt\/kristalinis-dezodorantas-natural-veil-60-g\/\",\"name\":\"Kristalinis dezodorantas Natural Veil 60 g. - TianDe Online Shop - Beauty &amp; Health\",\"isPartOf\":{\"@id\":\"https:\/\/tiandeproducts.co.uk\/#website\"},\"primaryImageOfPage\":{\"@id\":\"https:\/\/tiandeproducts.co.uk\/lt\/kristalinis-dezodorantas-natural-veil-60-g\/#primaryimage\"},\"image\":{\"@id\":\"https:\/\/tiandeproducts.co.uk\/lt\/kristalinis-dezodorantas-natural-veil-60-g\/#primaryimage\"},\"thumbnailUrl\":\"https:\/\/tiandeproducts.co.uk\/wp-content\/uploads\/2016\/04\/30101.png\",\"datePublished\":\"2016-04-04T18:31:48+00:00\",\"dateModified\":\"2020-02-01T18:21:27+00:00\",\"breadcrumb\":{\"@id\":\"https:\/\/tiandeproducts.co.uk\/lt\/kristalinis-dezodorantas-natural-veil-60-g\/#breadcrumb\"},\"inLanguage\":\"lt-LT\",\"potentialAction\":[{\"@type\":\"ReadAction\",\"target\":[\"https:\/\/tiandeproducts.co.uk\/lt\/kristalinis-dezodorantas-natural-veil-60-g\/\"]}]},{\"@type\":\"ImageObject\",\"inLanguage\":\"lt-LT\",\"@id\":\"https:\/\/tiandeproducts.co.uk\/lt\/kristalinis-dezodorantas-natural-veil-60-g\/#primaryimage\",\"url\":\"https:\/\/tiandeproducts.co.uk\/wp-content\/uploads\/2016\/04\/30101.png\",\"contentUrl\":\"https:\/\/tiandeproducts.co.uk\/wp-content\/uploads\/2016\/04\/30101.png\",\"width\":700,\"height\":700,\"caption\":\"Natural Veil Crystal Body Deodorant,Antibacterial Crystal,1pc-0\"},{\"@type\":\"BreadcrumbList\",\"@id\":\"https:\/\/tiandeproducts.co.uk\/lt\/kristalinis-dezodorantas-natural-veil-60-g\/#breadcrumb\",\"itemListElement\":[{\"@type\":\"ListItem\",\"position\":1,\"name\":\"Home\",\"item\":\"https:\/\/tiandeproducts.co.uk\/lt\/\"},{\"@type\":\"ListItem\",\"position\":2,\"name\":\"Shop\",\"item\":\"https:\/\/tiandeproducts.co.uk\/lt\/shop-2\/\"},{\"@type\":\"ListItem\",\"position\":3,\"name\":\"Kristalinis dezodorantas Natural Veil 60 g.\"}]},{\"@type\":\"WebSite\",\"@id\":\"https:\/\/tiandeproducts.co.uk\/#website\",\"url\":\"https:\/\/tiandeproducts.co.uk\/\",\"name\":\"TianDe Online Shop - Beauty & Health\",\"description\":\"Traditional Chinese Medicine\",\"potentialAction\":[{\"@type\":\"SearchAction\",\"target\":{\"@type\":\"EntryPoint\",\"urlTemplate\":\"https:\/\/tiandeproducts.co.uk\/?s={search_term_string}\"},\"query-input\":{\"@type\":\"PropertyValueSpecification\",\"valueRequired\":true,\"valueName\":\"search_term_string\"}}],\"inLanguage\":\"lt-LT\"}]}<\/script>\n<!-- \/ Yoast SEO plugin. -->","yoast_head_json":{"title":"Kristalinis dezodorantas Natural Veil 60 g. - TianDe Online Shop - Beauty &amp; Health","robots":{"index":"index","follow":"follow","max-snippet":"max-snippet:-1","max-image-preview":"max-image-preview:large","max-video-preview":"max-video-preview:-1"},"canonical":"https:\/\/tiandeproducts.co.uk\/lt\/kristalinis-dezodorantas-natural-veil-60-g\/","og_locale":"lt_LT","og_type":"article","og_title":"Kristalinis dezodorantas Natural Veil 60 g. - TianDe Online Shop - Beauty &amp; Health","og_description":"Priemon\u0117 visi\u0161kai neutralizuoja nemalon\u0173 odos kvap\u0105, slopina bakterij\u0173 (sukelian\u010di\u0173 t\u0105 kvap\u0105) dauginim\u0105si, pasi\u017eymi antiseptiniu ir bakteriostatiniu poveikiu. Dezodorantas \u0161velnus odai, leid\u017eia laisvai kv\u0117puoti, neu\u017ekem\u0161a por\u0173 ir prakaito liauk\u0173, d\u0117l to nesutrinka prakaitavimas ir toksin\u0173 \u0161alinimas. Priemon\u0117 pasi\u017eymi stipriomis antimikrobin\u0117mis, antialergin\u0117mis, prie\u0161u\u017edegimin\u0117mis ir prie\u0161grybelin\u0117mis savyb\u0117mis, stabdo kraujavim\u0105. Al\u016bnito tirpalas su distiliuotu vandeniu padeda gydyti angin\u0105, pienlig\u0119, [...]","og_url":"https:\/\/tiandeproducts.co.uk\/lt\/kristalinis-dezodorantas-natural-veil-60-g\/","og_site_name":"TianDe Online Shop - Beauty &amp; Health","article_publisher":"https:\/\/www.facebook.com\/tiande.products.england\/","article_modified_time":"2020-02-01T18:21:27+00:00","og_image":[{"width":700,"height":700,"url":"https:\/\/tiandeproducts.co.uk\/wp-content\/uploads\/2016\/04\/30101.png","type":"image\/png"}],"twitter_card":"summary_large_image","twitter_misc":{"Est. reading time":"2 minut\u0117s"},"schema":{"@context":"https:\/\/schema.org","@graph":[{"@type":"WebPage","@id":"https:\/\/tiandeproducts.co.uk\/lt\/kristalinis-dezodorantas-natural-veil-60-g\/","url":"https:\/\/tiandeproducts.co.uk\/lt\/kristalinis-dezodorantas-natural-veil-60-g\/","name":"Kristalinis dezodorantas Natural Veil 60 g. - TianDe Online Shop - Beauty &amp; Health","isPartOf":{"@id":"https:\/\/tiandeproducts.co.uk\/#website"},"primaryImageOfPage":{"@id":"https:\/\/tiandeproducts.co.uk\/lt\/kristalinis-dezodorantas-natural-veil-60-g\/#primaryimage"},"image":{"@id":"https:\/\/tiandeproducts.co.uk\/lt\/kristalinis-dezodorantas-natural-veil-60-g\/#primaryimage"},"thumbnailUrl":"https:\/\/tiandeproducts.co.uk\/wp-content\/uploads\/2016\/04\/30101.png","datePublished":"2016-04-04T18:31:48+00:00","dateModified":"2020-02-01T18:21:27+00:00","breadcrumb":{"@id":"https:\/\/tiandeproducts.co.uk\/lt\/kristalinis-dezodorantas-natural-veil-60-g\/#breadcrumb"},"inLanguage":"lt-LT","potentialAction":[{"@type":"ReadAction","target":["https:\/\/tiandeproducts.co.uk\/lt\/kristalinis-dezodorantas-natural-veil-60-g\/"]}]},{"@type":"ImageObject","inLanguage":"lt-LT","@id":"https:\/\/tiandeproducts.co.uk\/lt\/kristalinis-dezodorantas-natural-veil-60-g\/#primaryimage","url":"https:\/\/tiandeproducts.co.uk\/wp-content\/uploads\/2016\/04\/30101.png","contentUrl":"https:\/\/tiandeproducts.co.uk\/wp-content\/uploads\/2016\/04\/30101.png","width":700,"height":700,"caption":"Natural Veil Crystal Body Deodorant,Antibacterial Crystal,1pc-0"},{"@type":"BreadcrumbList","@id":"https:\/\/tiandeproducts.co.uk\/lt\/kristalinis-dezodorantas-natural-veil-60-g\/#breadcrumb","itemListElement":[{"@type":"ListItem","position":1,"name":"Home","item":"https:\/\/tiandeproducts.co.uk\/lt\/"},{"@type":"ListItem","position":2,"name":"Shop","item":"https:\/\/tiandeproducts.co.uk\/lt\/shop-2\/"},{"@type":"ListItem","position":3,"name":"Kristalinis dezodorantas Natural Veil 60 g."}]},{"@type":"WebSite","@id":"https:\/\/tiandeproducts.co.uk\/#website","url":"https:\/\/tiandeproducts.co.uk\/","name":"TianDe Online Shop - Beauty & Health","description":"Traditional Chinese Medicine","potentialAction":[{"@type":"SearchAction","target":{"@type":"EntryPoint","urlTemplate":"https:\/\/tiandeproducts.co.uk\/?s={search_term_string}"},"query-input":{"@type":"PropertyValueSpecification","valueRequired":true,"valueName":"search_term_string"}}],"inLanguage":"lt-LT"}]}},"_links":{"self":[{"href":"https:\/\/tiandeproducts.co.uk\/lt\/wp-json\/wp\/v2\/product\/3649","targetHints":{"allow":["GET"]}}],"collection":[{"href":"https:\/\/tiandeproducts.co.uk\/lt\/wp-json\/wp\/v2\/product"}],"about":[{"href":"https:\/\/tiandeproducts.co.uk\/lt\/wp-json\/wp\/v2\/types\/product"}],"replies":[{"embeddable":true,"href":"https:\/\/tiandeproducts.co.uk\/lt\/wp-json\/wp\/v2\/comments?post=3649"}],"wp:featuredmedia":[{"embeddable":true,"href":"https:\/\/tiandeproducts.co.uk\/lt\/wp-json\/wp\/v2\/media\/572"}],"wp:attachment":[{"href":"https:\/\/tiandeproducts.co.uk\/lt\/wp-json\/wp\/v2\/media?parent=3649"}],"wp:term":[{"taxonomy":"product_cat","embeddable":true,"href":"https:\/\/tiandeproducts.co.uk\/lt\/wp-json\/wp\/v2\/product_cat?post=3649"},{"taxonomy":"product_tag","embeddable":true,"href":"https:\/\/tiandeproducts.co.uk\/lt\/wp-json\/wp\/v2\/product_tag?post=3649"}],"curies":[{"name":"wp","href":"https:\/\/api.w.org\/{rel}","templated":true}]}}