{"id":3648,"date":"2016-12-13T22:33:53","date_gmt":"2016-12-13T22:33:53","guid":{"rendered":"https:\/\/tnd.ontesting.co.uk\/naturalus-dezodorantas-purskiklis-alunitas-ir-salavijas-100-ml\/"},"modified":"2021-02-25T12:00:44","modified_gmt":"2021-02-25T12:00:44","slug":"dezodorantas-purskiklis-alunitas-ir-salavijas%e2%80%8b%e2%80%8b-100ml","status":"publish","type":"product","link":"https:\/\/tiandeproducts.co.uk\/lt\/dezodorantas-purskiklis-alunitas-ir-salavijas%e2%80%8b%e2%80%8b-100ml\/","title":{"rendered":"Dezodorantas &#8211; pur\u0161kiklis \u201eAl\u016bnitas ir \u0161alavijas\u201c\u200b\u200b, 100ml."},"content":{"rendered":"<p><img decoding=\"async\" style=\"max-width: 16px; margin-right: 5px;\" src=\"https:\/\/tiandeproducts.co.uk\/wp-content\/uploads\/points-green.svg\" \/>\u00a0Earn 12 points worth \u00a30.60 when buying this product<\/p>\n<p>Efektyvus, ilgalaikio poveikio dezodorantas slopina bakterij\u0173, sukelian\u010di\u0173 blog\u0105 k\u016bno kvap\u0105, dauginim\u0105si, leid\u017eia odai kv\u0117puoti bei \u0161alinti toksinus, neu\u017ekem\u0161a prakaito liauk\u0173, ramina. Priemon\u0117 nedirgina ir neerzina odos, tod\u0117l tinka naudoti ir ypa\u010d jautriai odai. Dezodorantas ypa\u010d veiksmingas po depiliacijos ar skutimosi, apsaugo nuo spuogeli\u0173 ar b\u0117rimo susidarymo, ma\u017eina plaukeli\u0173 \u012faugimo tikimyb\u0119. Be aliuminio drusk\u0173, paraben\u0173, alkoholio ir da\u017eikli\u0173, tinka b\u016bsimoms ir maitinan\u010dioms mamoms, nekenksmingas sveikatai bei aplinkai. Priemon\u0117 ekonomi\u0161ka (daugiau nei 800 papur\u0161kim\u0173), nepalieka d\u0117mi\u0173 ant r\u016bb\u0173.<\/p>\n<p><strong>Naudojimas:<\/strong><br \/>\nPurk\u0161kite priemon\u0119 ant \u0161varios odos tose vietose, kuriose prakaituojate gausiausiai (pa\u017eastys, p\u0117dos, delnai ar kt.). Dezodorantas neutralizuoja nemalon\u0173 kvap\u0105 sukelian\u010dias bakterijas 24 val.<\/p>\n<p><strong>Veikliosios med\u017eiagos:<\/strong><\/p>\n<p><strong>Al\u016bnitas<\/strong>\u00a0&#8211; vulkanin\u0117s kilm\u0117s mineralin\u0117 druska, nat\u016braliai gamtoje susiformavusi sveika ir saugi higienos priemon\u0117 nuo nemalonaus kvapo. I\u0161tirpusi al\u016bno druska puikiai tinka bet kokios k\u016bno dalies i\u0161orinei dezinfekcijai: burnos ertm\u0117s skalavimui (nuo nemalonaus kvapo ir bakterij\u0173), dezinfekuojan\u010dioms koj\u0173 ir rank\u0173 vonel\u0117ms, \u017eaizd\u0173 praplovimams, pragul\u0173 dezinfekcijai ir kt. Al\u016bno kristalas veikia antibakteri\u0161kai, sutraukian\u010diai, stabdo kraujavim\u0105, mink\u0161tina ir dr\u0117kina, tinka vabzd\u017ei\u0173 \u012fkandimo vietoms bei odos nubrozdinimams dezinfekuoti, padeda atstatyti od\u0105 po skutimosi, apsaugo nuo spuogeli\u0173 susidarymo. Al\u016bno kristalas hipoalergi\u0161kas, neerzina odos, yra ypa\u010d \u0161velnus, tod\u0117l tinkamas ypa\u010d jautri\u0105 od\u0105 turintiems \u017emon\u0117ms bei b\u016bsimoms ir maitinan\u010dioms mamoms. Kristalas bespalvis, bekvapis, permatomas, nepalieka \u017eymi\u0173 ant drabu\u017ei\u0173.<\/p>\n<p><strong>Cinko PCA<\/strong>\u00a0efektyviai reguliuoja prakaito liauk\u0173 darb\u0105, odos sekrecij\u0105 ir riebal\u0173 i\u0161siskyrim\u0105. Ypa\u010d veiksmingas kovoje su jaunatvi\u0161kais spuogais bei per dideliu odos riebalavimusi. Aktyviosios med\u017eiagos reguliuoja epidermio \u0161alinimo funkcij\u0105, padeda neutralizuoti nemalonius kvapus.<\/p>\n<p><strong>Vaistinio \u0161alavijo lap\u0173 ekstraktas<\/strong>\u00a0&#8211; fitoestrogen\u0173 \u0161altinis. Jie ne tik efektyviai stabdo odos sen\u0117jimo proces\u0105, bet ir \u017eenkliai ma\u017eina perteklin\u012f odos riebal\u0173 i\u0161siskyrim\u0105, kas padeda u\u017ekirsti keli\u0105 akn\u0117s atsiradimui. \u0160alavij\u0173 ekstrakte gausu eterini\u0173 aliej\u0173, raugini\u0173 ir kar\u010di\u0173j\u0173 med\u017eiag\u0173, organini\u0173 r\u016bg\u0161\u010di\u0173, vitamino PP ir daugyb\u0117 mineralini\u0173 med\u017eiag\u0173. Didelis kiekis linolenin\u0117s r\u016bg\u0161ties apsaugo ir nuo jaunatvi\u0161k\u0173 spuogeli\u0173 ir nuo u\u017edegimini\u0173 proces\u0173 porose. Veikliosios ekstrakto med\u017eiagos ma\u017eina u\u017edegim\u0105, naikina bakterijas ir puikiai dezinfekuoja. Ekstraktas sugeba i\u0161saugoti visas vertingas kosmetikos med\u017eiagas ir neleid\u017eia jai greitai sugesti, tod\u0117l naudojamas ir kaip nat\u016bralus konservantas. Aktyviosios med\u017eiagos pasi\u017eymi apsauginiu, valomuoju, prie\u0161grybeliniu ir tonizuojan\u010diu poveikiu, prailgina \u0161varos ir gaivos poj\u016bt\u012f.<\/p>\n<p><strong>Alantoinas<\/strong>\u00a0ramina sudirgusi\u0105 od\u0105, suteikia jai lygumo ir elastingumo, skatina l\u0105steli\u0173 regeneracij\u0105, turi antialergini\u0173 savybi\u0173, padeda gydyti \u017eaizdas, nudegimus ir \u012ftr\u016bkimus, mink\u0161tina.<\/p>\n","protected":false},"excerpt":{"rendered":"<p>\u00a0Earn 12 points worth \u00a30.60 when buying this product Efektyvus, ilgalaikio poveikio dezodorantas slopina bakterij\u0173, sukelian\u010di\u0173 blog\u0105 k\u016bno kvap\u0105, dauginim\u0105si, leid\u017eia odai kv\u0117puoti bei \u0161alinti toksinus, neu\u017ekem\u0161a prakaito liauk\u0173, ramina. Priemon\u0117 nedirgina ir neerzina odos, tod\u0117l tinka naudoti ir ypa\u010d jautriai odai. Dezodorantas ypa\u010d veiksmingas po depiliacijos ar skutimosi, apsaugo nuo spuogeli\u0173 ar b\u0117rimo susidarymo, [&#8230;]\n","protected":false},"featured_media":1410,"comment_status":"closed","ping_status":"closed","template":"","meta":[],"product_cat":[678,681,677],"product_tag":[],"class_list":{"0":"post-3648","1":"product","2":"type-product","3":"status-publish","4":"has-post-thumbnail","6":"product_cat-valymas-ir-apsauga","7":"product_cat-dezodorantai","8":"product_cat-higiena","10":"first","11":"instock","12":"shipping-taxable","13":"purchasable","14":"product-type-simple"},"yoast_head":"<!-- This site is optimized with the Yoast SEO plugin v23.6 - https:\/\/yoast.com\/wordpress\/plugins\/seo\/ -->\n<title>Dezodorantas - pur\u0161kiklis \u201eAl\u016bnitas ir \u0161alavijas\u201c\u200b\u200b, 100ml. - TianDe Online Shop - Beauty &amp; Health<\/title>\n<meta name=\"robots\" content=\"index, follow, max-snippet:-1, max-image-preview:large, max-video-preview:-1\" \/>\n<link rel=\"canonical\" href=\"https:\/\/tiandeproducts.co.uk\/lt\/dezodorantas-purskiklis-alunitas-ir-salavijas\u200b\u200b-100ml\/\" \/>\n<meta property=\"og:locale\" content=\"lt_LT\" \/>\n<meta property=\"og:type\" content=\"article\" \/>\n<meta property=\"og:title\" content=\"Dezodorantas - pur\u0161kiklis \u201eAl\u016bnitas ir \u0161alavijas\u201c\u200b\u200b, 100ml. - TianDe Online Shop - Beauty &amp; Health\" \/>\n<meta property=\"og:description\" content=\"\u00a0Earn 12 points worth \u00a30.60 when buying this product Efektyvus, ilgalaikio poveikio dezodorantas slopina bakterij\u0173, sukelian\u010di\u0173 blog\u0105 k\u016bno kvap\u0105, dauginim\u0105si, leid\u017eia odai kv\u0117puoti bei \u0161alinti toksinus, neu\u017ekem\u0161a prakaito liauk\u0173, ramina. Priemon\u0117 nedirgina ir neerzina odos, tod\u0117l tinka naudoti ir ypa\u010d jautriai odai. Dezodorantas ypa\u010d veiksmingas po depiliacijos ar skutimosi, apsaugo nuo spuogeli\u0173 ar b\u0117rimo susidarymo, [...]\" \/>\n<meta property=\"og:url\" content=\"https:\/\/tiandeproducts.co.uk\/lt\/dezodorantas-purskiklis-alunitas-ir-salavijas\u200b\u200b-100ml\/\" \/>\n<meta property=\"og:site_name\" content=\"TianDe Online Shop - Beauty &amp; Health\" \/>\n<meta property=\"article:publisher\" content=\"https:\/\/www.facebook.com\/tiande.products.england\/\" \/>\n<meta property=\"article:modified_time\" content=\"2021-02-25T12:00:44+00:00\" \/>\n<meta property=\"og:image\" content=\"https:\/\/tiandeproducts.co.uk\/wp-content\/uploads\/2016\/12\/30115__.png\" \/>\n\t<meta property=\"og:image:width\" content=\"700\" \/>\n\t<meta property=\"og:image:height\" content=\"700\" \/>\n\t<meta property=\"og:image:type\" content=\"image\/png\" \/>\n<meta name=\"twitter:card\" content=\"summary_large_image\" \/>\n<meta name=\"twitter:label1\" content=\"Est. reading time\" \/>\n\t<meta name=\"twitter:data1\" content=\"2 minut\u0117s\" \/>\n<script type=\"application\/ld+json\" class=\"yoast-schema-graph\">{\"@context\":\"https:\/\/schema.org\",\"@graph\":[{\"@type\":\"WebPage\",\"@id\":\"https:\/\/tiandeproducts.co.uk\/lt\/dezodorantas-purskiklis-alunitas-ir-salavijas%e2%80%8b%e2%80%8b-100ml\/\",\"url\":\"https:\/\/tiandeproducts.co.uk\/lt\/dezodorantas-purskiklis-alunitas-ir-salavijas%e2%80%8b%e2%80%8b-100ml\/\",\"name\":\"Dezodorantas - pur\u0161kiklis \u201eAl\u016bnitas ir \u0161alavijas\u201c\u200b\u200b, 100ml. - TianDe Online Shop - Beauty &amp; Health\",\"isPartOf\":{\"@id\":\"https:\/\/tiandeproducts.co.uk\/#website\"},\"primaryImageOfPage\":{\"@id\":\"https:\/\/tiandeproducts.co.uk\/lt\/dezodorantas-purskiklis-alunitas-ir-salavijas%e2%80%8b%e2%80%8b-100ml\/#primaryimage\"},\"image\":{\"@id\":\"https:\/\/tiandeproducts.co.uk\/lt\/dezodorantas-purskiklis-alunitas-ir-salavijas%e2%80%8b%e2%80%8b-100ml\/#primaryimage\"},\"thumbnailUrl\":\"https:\/\/tiandeproducts.co.uk\/wp-content\/uploads\/2016\/12\/30115__.png\",\"datePublished\":\"2016-12-13T22:33:53+00:00\",\"dateModified\":\"2021-02-25T12:00:44+00:00\",\"breadcrumb\":{\"@id\":\"https:\/\/tiandeproducts.co.uk\/lt\/dezodorantas-purskiklis-alunitas-ir-salavijas%e2%80%8b%e2%80%8b-100ml\/#breadcrumb\"},\"inLanguage\":\"lt-LT\",\"potentialAction\":[{\"@type\":\"ReadAction\",\"target\":[\"https:\/\/tiandeproducts.co.uk\/lt\/dezodorantas-purskiklis-alunitas-ir-salavijas%e2%80%8b%e2%80%8b-100ml\/\"]}]},{\"@type\":\"ImageObject\",\"inLanguage\":\"lt-LT\",\"@id\":\"https:\/\/tiandeproducts.co.uk\/lt\/dezodorantas-purskiklis-alunitas-ir-salavijas%e2%80%8b%e2%80%8b-100ml\/#primaryimage\",\"url\":\"https:\/\/tiandeproducts.co.uk\/wp-content\/uploads\/2016\/12\/30115__.png\",\"contentUrl\":\"https:\/\/tiandeproducts.co.uk\/wp-content\/uploads\/2016\/12\/30115__.png\",\"width\":700,\"height\":700,\"caption\":\"Deodorant spray \\\"Natural alunite and sage\\\",Phyto - Mineral Complex,100ml-0\"},{\"@type\":\"BreadcrumbList\",\"@id\":\"https:\/\/tiandeproducts.co.uk\/lt\/dezodorantas-purskiklis-alunitas-ir-salavijas%e2%80%8b%e2%80%8b-100ml\/#breadcrumb\",\"itemListElement\":[{\"@type\":\"ListItem\",\"position\":1,\"name\":\"Home\",\"item\":\"https:\/\/tiandeproducts.co.uk\/lt\/\"},{\"@type\":\"ListItem\",\"position\":2,\"name\":\"Shop\",\"item\":\"https:\/\/tiandeproducts.co.uk\/lt\/shop-2\/\"},{\"@type\":\"ListItem\",\"position\":3,\"name\":\"Dezodorantas &#8211; pur\u0161kiklis \u201eAl\u016bnitas ir \u0161alavijas\u201c\u200b\u200b, 100ml.\"}]},{\"@type\":\"WebSite\",\"@id\":\"https:\/\/tiandeproducts.co.uk\/#website\",\"url\":\"https:\/\/tiandeproducts.co.uk\/\",\"name\":\"TianDe Online Shop - Beauty & Health\",\"description\":\"Traditional Chinese Medicine\",\"potentialAction\":[{\"@type\":\"SearchAction\",\"target\":{\"@type\":\"EntryPoint\",\"urlTemplate\":\"https:\/\/tiandeproducts.co.uk\/?s={search_term_string}\"},\"query-input\":{\"@type\":\"PropertyValueSpecification\",\"valueRequired\":true,\"valueName\":\"search_term_string\"}}],\"inLanguage\":\"lt-LT\"}]}<\/script>\n<!-- \/ Yoast SEO plugin. -->","yoast_head_json":{"title":"Dezodorantas - pur\u0161kiklis \u201eAl\u016bnitas ir \u0161alavijas\u201c\u200b\u200b, 100ml. - TianDe Online Shop - Beauty &amp; Health","robots":{"index":"index","follow":"follow","max-snippet":"max-snippet:-1","max-image-preview":"max-image-preview:large","max-video-preview":"max-video-preview:-1"},"canonical":"https:\/\/tiandeproducts.co.uk\/lt\/dezodorantas-purskiklis-alunitas-ir-salavijas\u200b\u200b-100ml\/","og_locale":"lt_LT","og_type":"article","og_title":"Dezodorantas - pur\u0161kiklis \u201eAl\u016bnitas ir \u0161alavijas\u201c\u200b\u200b, 100ml. - TianDe Online Shop - Beauty &amp; Health","og_description":"\u00a0Earn 12 points worth \u00a30.60 when buying this product Efektyvus, ilgalaikio poveikio dezodorantas slopina bakterij\u0173, sukelian\u010di\u0173 blog\u0105 k\u016bno kvap\u0105, dauginim\u0105si, leid\u017eia odai kv\u0117puoti bei \u0161alinti toksinus, neu\u017ekem\u0161a prakaito liauk\u0173, ramina. Priemon\u0117 nedirgina ir neerzina odos, tod\u0117l tinka naudoti ir ypa\u010d jautriai odai. Dezodorantas ypa\u010d veiksmingas po depiliacijos ar skutimosi, apsaugo nuo spuogeli\u0173 ar b\u0117rimo susidarymo, [...]","og_url":"https:\/\/tiandeproducts.co.uk\/lt\/dezodorantas-purskiklis-alunitas-ir-salavijas\u200b\u200b-100ml\/","og_site_name":"TianDe Online Shop - Beauty &amp; Health","article_publisher":"https:\/\/www.facebook.com\/tiande.products.england\/","article_modified_time":"2021-02-25T12:00:44+00:00","og_image":[{"width":700,"height":700,"url":"https:\/\/tiandeproducts.co.uk\/wp-content\/uploads\/2016\/12\/30115__.png","type":"image\/png"}],"twitter_card":"summary_large_image","twitter_misc":{"Est. reading time":"2 minut\u0117s"},"schema":{"@context":"https:\/\/schema.org","@graph":[{"@type":"WebPage","@id":"https:\/\/tiandeproducts.co.uk\/lt\/dezodorantas-purskiklis-alunitas-ir-salavijas%e2%80%8b%e2%80%8b-100ml\/","url":"https:\/\/tiandeproducts.co.uk\/lt\/dezodorantas-purskiklis-alunitas-ir-salavijas%e2%80%8b%e2%80%8b-100ml\/","name":"Dezodorantas - pur\u0161kiklis \u201eAl\u016bnitas ir \u0161alavijas\u201c\u200b\u200b, 100ml. - TianDe Online Shop - Beauty &amp; Health","isPartOf":{"@id":"https:\/\/tiandeproducts.co.uk\/#website"},"primaryImageOfPage":{"@id":"https:\/\/tiandeproducts.co.uk\/lt\/dezodorantas-purskiklis-alunitas-ir-salavijas%e2%80%8b%e2%80%8b-100ml\/#primaryimage"},"image":{"@id":"https:\/\/tiandeproducts.co.uk\/lt\/dezodorantas-purskiklis-alunitas-ir-salavijas%e2%80%8b%e2%80%8b-100ml\/#primaryimage"},"thumbnailUrl":"https:\/\/tiandeproducts.co.uk\/wp-content\/uploads\/2016\/12\/30115__.png","datePublished":"2016-12-13T22:33:53+00:00","dateModified":"2021-02-25T12:00:44+00:00","breadcrumb":{"@id":"https:\/\/tiandeproducts.co.uk\/lt\/dezodorantas-purskiklis-alunitas-ir-salavijas%e2%80%8b%e2%80%8b-100ml\/#breadcrumb"},"inLanguage":"lt-LT","potentialAction":[{"@type":"ReadAction","target":["https:\/\/tiandeproducts.co.uk\/lt\/dezodorantas-purskiklis-alunitas-ir-salavijas%e2%80%8b%e2%80%8b-100ml\/"]}]},{"@type":"ImageObject","inLanguage":"lt-LT","@id":"https:\/\/tiandeproducts.co.uk\/lt\/dezodorantas-purskiklis-alunitas-ir-salavijas%e2%80%8b%e2%80%8b-100ml\/#primaryimage","url":"https:\/\/tiandeproducts.co.uk\/wp-content\/uploads\/2016\/12\/30115__.png","contentUrl":"https:\/\/tiandeproducts.co.uk\/wp-content\/uploads\/2016\/12\/30115__.png","width":700,"height":700,"caption":"Deodorant spray \"Natural alunite and sage\",Phyto - Mineral Complex,100ml-0"},{"@type":"BreadcrumbList","@id":"https:\/\/tiandeproducts.co.uk\/lt\/dezodorantas-purskiklis-alunitas-ir-salavijas%e2%80%8b%e2%80%8b-100ml\/#breadcrumb","itemListElement":[{"@type":"ListItem","position":1,"name":"Home","item":"https:\/\/tiandeproducts.co.uk\/lt\/"},{"@type":"ListItem","position":2,"name":"Shop","item":"https:\/\/tiandeproducts.co.uk\/lt\/shop-2\/"},{"@type":"ListItem","position":3,"name":"Dezodorantas &#8211; pur\u0161kiklis \u201eAl\u016bnitas ir \u0161alavijas\u201c\u200b\u200b, 100ml."}]},{"@type":"WebSite","@id":"https:\/\/tiandeproducts.co.uk\/#website","url":"https:\/\/tiandeproducts.co.uk\/","name":"TianDe Online Shop - Beauty & Health","description":"Traditional Chinese Medicine","potentialAction":[{"@type":"SearchAction","target":{"@type":"EntryPoint","urlTemplate":"https:\/\/tiandeproducts.co.uk\/?s={search_term_string}"},"query-input":{"@type":"PropertyValueSpecification","valueRequired":true,"valueName":"search_term_string"}}],"inLanguage":"lt-LT"}]}},"_links":{"self":[{"href":"https:\/\/tiandeproducts.co.uk\/lt\/wp-json\/wp\/v2\/product\/3648","targetHints":{"allow":["GET"]}}],"collection":[{"href":"https:\/\/tiandeproducts.co.uk\/lt\/wp-json\/wp\/v2\/product"}],"about":[{"href":"https:\/\/tiandeproducts.co.uk\/lt\/wp-json\/wp\/v2\/types\/product"}],"replies":[{"embeddable":true,"href":"https:\/\/tiandeproducts.co.uk\/lt\/wp-json\/wp\/v2\/comments?post=3648"}],"wp:featuredmedia":[{"embeddable":true,"href":"https:\/\/tiandeproducts.co.uk\/lt\/wp-json\/wp\/v2\/media\/1410"}],"wp:attachment":[{"href":"https:\/\/tiandeproducts.co.uk\/lt\/wp-json\/wp\/v2\/media?parent=3648"}],"wp:term":[{"taxonomy":"product_cat","embeddable":true,"href":"https:\/\/tiandeproducts.co.uk\/lt\/wp-json\/wp\/v2\/product_cat?post=3648"},{"taxonomy":"product_tag","embeddable":true,"href":"https:\/\/tiandeproducts.co.uk\/lt\/wp-json\/wp\/v2\/product_tag?post=3648"}],"curies":[{"name":"wp","href":"https:\/\/api.w.org\/{rel}","templated":true}]}}