{"id":3643,"date":"2016-04-24T13:20:08","date_gmt":"2016-04-24T12:20:08","guid":{"rendered":"https:\/\/tnd.ontesting.co.uk\/dantu-sepetelis-prodental1vnt\/"},"modified":"2021-02-25T12:10:06","modified_gmt":"2021-02-25T12:10:06","slug":"dantu-sepetelis-prodental1vnt","status":"publish","type":"product","link":"https:\/\/tiandeproducts.co.uk\/lt\/dantu-sepetelis-prodental1vnt\/","title":{"rendered":"Dant\u0173 \u0161epet\u0117lis \u201eProDental\u201c,1vnt"},"content":{"rendered":"<p><img decoding=\"async\" style=\"max-width: 16px; margin-right: 5px;\" src=\"https:\/\/tiandeproducts.co.uk\/wp-content\/uploads\/points-green.svg\" \/>\u00a0Earn 7 points worth \u00a30.35 when buying this product<\/p>\n<p>Unikal\u016bs silikono \u0161ereliai lengvai prasiskverbia \u012f sunkiai pasiekamas tarpdan\u010di\u0173 vietas, kruop\u0161\u010diai nuvalo dant\u0173 pavir\u0161i\u0173, apna\u0161as, \u0161alina bakterijas, \u0161velniai masa\u017euoja dantenas. Ergonomi\u0161ku \u0161epetuku patogu naudotis. Rezultatas- maksimali burnos ertm\u0117s higienos kontrol\u0117, visapusi\u0161ka apsauga. I\u0161laikykite dantenas ir dantis sveikus, m\u0117gaukit\u0117s puikia \u0161ypsena. Maksimalus rezultatas pasiekiamas naudojant kartu su kitomis TianDe burnos ertm\u0117s higienos priemon\u0117mis.\u200b<\/p>\n","protected":false},"excerpt":{"rendered":"<p>\u00a0Earn 7 points worth \u00a30.35 when buying this product Unikal\u016bs silikono \u0161ereliai lengvai prasiskverbia \u012f sunkiai pasiekamas tarpdan\u010di\u0173 vietas, kruop\u0161\u010diai nuvalo dant\u0173 pavir\u0161i\u0173, apna\u0161as, \u0161alina bakterijas, \u0161velniai masa\u017euoja dantenas. Ergonomi\u0161ku \u0161epetuku patogu naudotis. Rezultatas- maksimali burnos ertm\u0117s higienos kontrol\u0117, visapusi\u0161ka apsauga. I\u0161laikykite dantenas ir dantis sveikus, m\u0117gaukit\u0117s puikia \u0161ypsena. Maksimalus rezultatas pasiekiamas naudojant kartu su [&#8230;]\n","protected":false},"featured_media":5341,"comment_status":"closed","ping_status":"closed","template":"","meta":[],"product_cat":[684,685,677],"product_tag":[],"class_list":{"0":"post-3643","1":"product","2":"type-product","3":"status-publish","4":"has-post-thumbnail","6":"product_cat-burnos-higiena","7":"product_cat-dantu-sepetukai","8":"product_cat-higiena","10":"first","11":"instock","12":"shipping-taxable","13":"purchasable","14":"product-type-variable"},"yoast_head":"<!-- This site is optimized with the Yoast SEO plugin v23.6 - https:\/\/yoast.com\/wordpress\/plugins\/seo\/ -->\n<title>Dant\u0173 \u0161epet\u0117lis \u201eProDental\u201c,1vnt - TianDe Online Shop - Beauty &amp; Health<\/title>\n<meta name=\"robots\" content=\"index, follow, max-snippet:-1, max-image-preview:large, max-video-preview:-1\" \/>\n<link rel=\"canonical\" href=\"https:\/\/tiandeproducts.co.uk\/lt\/dantu-sepetelis-prodental1vnt\/\" \/>\n<meta property=\"og:locale\" content=\"lt_LT\" \/>\n<meta property=\"og:type\" content=\"article\" \/>\n<meta property=\"og:title\" content=\"Dant\u0173 \u0161epet\u0117lis \u201eProDental\u201c,1vnt - TianDe Online Shop - Beauty &amp; Health\" \/>\n<meta property=\"og:description\" content=\"\u00a0Earn 7 points worth \u00a30.35 when buying this product Unikal\u016bs silikono \u0161ereliai lengvai prasiskverbia \u012f sunkiai pasiekamas tarpdan\u010di\u0173 vietas, kruop\u0161\u010diai nuvalo dant\u0173 pavir\u0161i\u0173, apna\u0161as, \u0161alina bakterijas, \u0161velniai masa\u017euoja dantenas. Ergonomi\u0161ku \u0161epetuku patogu naudotis. Rezultatas- maksimali burnos ertm\u0117s higienos kontrol\u0117, visapusi\u0161ka apsauga. I\u0161laikykite dantenas ir dantis sveikus, m\u0117gaukit\u0117s puikia \u0161ypsena. Maksimalus rezultatas pasiekiamas naudojant kartu su [...]\" \/>\n<meta property=\"og:url\" content=\"https:\/\/tiandeproducts.co.uk\/lt\/dantu-sepetelis-prodental1vnt\/\" \/>\n<meta property=\"og:site_name\" content=\"TianDe Online Shop - Beauty &amp; Health\" \/>\n<meta property=\"article:publisher\" content=\"https:\/\/www.facebook.com\/tiande.products.england\/\" \/>\n<meta property=\"article:modified_time\" content=\"2021-02-25T12:10:06+00:00\" \/>\n<meta property=\"og:image\" content=\"https:\/\/tiandeproducts.co.uk\/wp-content\/uploads\/90148.1.gif\" \/>\n\t<meta property=\"og:image:width\" content=\"420\" \/>\n\t<meta property=\"og:image:height\" content=\"420\" \/>\n\t<meta property=\"og:image:type\" content=\"image\/gif\" \/>\n<meta name=\"twitter:card\" content=\"summary_large_image\" \/>\n<script type=\"application\/ld+json\" class=\"yoast-schema-graph\">{\"@context\":\"https:\/\/schema.org\",\"@graph\":[{\"@type\":\"WebPage\",\"@id\":\"https:\/\/tiandeproducts.co.uk\/lt\/dantu-sepetelis-prodental1vnt\/\",\"url\":\"https:\/\/tiandeproducts.co.uk\/lt\/dantu-sepetelis-prodental1vnt\/\",\"name\":\"Dant\u0173 \u0161epet\u0117lis \u201eProDental\u201c,1vnt - TianDe Online Shop - Beauty &amp; Health\",\"isPartOf\":{\"@id\":\"https:\/\/tiandeproducts.co.uk\/#website\"},\"primaryImageOfPage\":{\"@id\":\"https:\/\/tiandeproducts.co.uk\/lt\/dantu-sepetelis-prodental1vnt\/#primaryimage\"},\"image\":{\"@id\":\"https:\/\/tiandeproducts.co.uk\/lt\/dantu-sepetelis-prodental1vnt\/#primaryimage\"},\"thumbnailUrl\":\"https:\/\/tiandeproducts.co.uk\/wp-content\/uploads\/90148.1.gif\",\"datePublished\":\"2016-04-24T12:20:08+00:00\",\"dateModified\":\"2021-02-25T12:10:06+00:00\",\"breadcrumb\":{\"@id\":\"https:\/\/tiandeproducts.co.uk\/lt\/dantu-sepetelis-prodental1vnt\/#breadcrumb\"},\"inLanguage\":\"lt-LT\",\"potentialAction\":[{\"@type\":\"ReadAction\",\"target\":[\"https:\/\/tiandeproducts.co.uk\/lt\/dantu-sepetelis-prodental1vnt\/\"]}]},{\"@type\":\"ImageObject\",\"inLanguage\":\"lt-LT\",\"@id\":\"https:\/\/tiandeproducts.co.uk\/lt\/dantu-sepetelis-prodental1vnt\/#primaryimage\",\"url\":\"https:\/\/tiandeproducts.co.uk\/wp-content\/uploads\/90148.1.gif\",\"contentUrl\":\"https:\/\/tiandeproducts.co.uk\/wp-content\/uploads\/90148.1.gif\",\"width\":420,\"height\":420},{\"@type\":\"BreadcrumbList\",\"@id\":\"https:\/\/tiandeproducts.co.uk\/lt\/dantu-sepetelis-prodental1vnt\/#breadcrumb\",\"itemListElement\":[{\"@type\":\"ListItem\",\"position\":1,\"name\":\"Home\",\"item\":\"https:\/\/tiandeproducts.co.uk\/lt\/\"},{\"@type\":\"ListItem\",\"position\":2,\"name\":\"Shop\",\"item\":\"https:\/\/tiandeproducts.co.uk\/lt\/shop-2\/\"},{\"@type\":\"ListItem\",\"position\":3,\"name\":\"Dant\u0173 \u0161epet\u0117lis \u201eProDental\u201c,1vnt\"}]},{\"@type\":\"WebSite\",\"@id\":\"https:\/\/tiandeproducts.co.uk\/#website\",\"url\":\"https:\/\/tiandeproducts.co.uk\/\",\"name\":\"TianDe Online Shop - Beauty & Health\",\"description\":\"Traditional Chinese Medicine\",\"potentialAction\":[{\"@type\":\"SearchAction\",\"target\":{\"@type\":\"EntryPoint\",\"urlTemplate\":\"https:\/\/tiandeproducts.co.uk\/?s={search_term_string}\"},\"query-input\":{\"@type\":\"PropertyValueSpecification\",\"valueRequired\":true,\"valueName\":\"search_term_string\"}}],\"inLanguage\":\"lt-LT\"}]}<\/script>\n<!-- \/ Yoast SEO plugin. -->","yoast_head_json":{"title":"Dant\u0173 \u0161epet\u0117lis \u201eProDental\u201c,1vnt - TianDe Online Shop - Beauty &amp; Health","robots":{"index":"index","follow":"follow","max-snippet":"max-snippet:-1","max-image-preview":"max-image-preview:large","max-video-preview":"max-video-preview:-1"},"canonical":"https:\/\/tiandeproducts.co.uk\/lt\/dantu-sepetelis-prodental1vnt\/","og_locale":"lt_LT","og_type":"article","og_title":"Dant\u0173 \u0161epet\u0117lis \u201eProDental\u201c,1vnt - TianDe Online Shop - Beauty &amp; Health","og_description":"\u00a0Earn 7 points worth \u00a30.35 when buying this product Unikal\u016bs silikono \u0161ereliai lengvai prasiskverbia \u012f sunkiai pasiekamas tarpdan\u010di\u0173 vietas, kruop\u0161\u010diai nuvalo dant\u0173 pavir\u0161i\u0173, apna\u0161as, \u0161alina bakterijas, \u0161velniai masa\u017euoja dantenas. Ergonomi\u0161ku \u0161epetuku patogu naudotis. Rezultatas- maksimali burnos ertm\u0117s higienos kontrol\u0117, visapusi\u0161ka apsauga. I\u0161laikykite dantenas ir dantis sveikus, m\u0117gaukit\u0117s puikia \u0161ypsena. Maksimalus rezultatas pasiekiamas naudojant kartu su [...]","og_url":"https:\/\/tiandeproducts.co.uk\/lt\/dantu-sepetelis-prodental1vnt\/","og_site_name":"TianDe Online Shop - Beauty &amp; Health","article_publisher":"https:\/\/www.facebook.com\/tiande.products.england\/","article_modified_time":"2021-02-25T12:10:06+00:00","og_image":[{"width":420,"height":420,"url":"https:\/\/tiandeproducts.co.uk\/wp-content\/uploads\/90148.1.gif","type":"image\/gif"}],"twitter_card":"summary_large_image","schema":{"@context":"https:\/\/schema.org","@graph":[{"@type":"WebPage","@id":"https:\/\/tiandeproducts.co.uk\/lt\/dantu-sepetelis-prodental1vnt\/","url":"https:\/\/tiandeproducts.co.uk\/lt\/dantu-sepetelis-prodental1vnt\/","name":"Dant\u0173 \u0161epet\u0117lis \u201eProDental\u201c,1vnt - TianDe Online Shop - Beauty &amp; Health","isPartOf":{"@id":"https:\/\/tiandeproducts.co.uk\/#website"},"primaryImageOfPage":{"@id":"https:\/\/tiandeproducts.co.uk\/lt\/dantu-sepetelis-prodental1vnt\/#primaryimage"},"image":{"@id":"https:\/\/tiandeproducts.co.uk\/lt\/dantu-sepetelis-prodental1vnt\/#primaryimage"},"thumbnailUrl":"https:\/\/tiandeproducts.co.uk\/wp-content\/uploads\/90148.1.gif","datePublished":"2016-04-24T12:20:08+00:00","dateModified":"2021-02-25T12:10:06+00:00","breadcrumb":{"@id":"https:\/\/tiandeproducts.co.uk\/lt\/dantu-sepetelis-prodental1vnt\/#breadcrumb"},"inLanguage":"lt-LT","potentialAction":[{"@type":"ReadAction","target":["https:\/\/tiandeproducts.co.uk\/lt\/dantu-sepetelis-prodental1vnt\/"]}]},{"@type":"ImageObject","inLanguage":"lt-LT","@id":"https:\/\/tiandeproducts.co.uk\/lt\/dantu-sepetelis-prodental1vnt\/#primaryimage","url":"https:\/\/tiandeproducts.co.uk\/wp-content\/uploads\/90148.1.gif","contentUrl":"https:\/\/tiandeproducts.co.uk\/wp-content\/uploads\/90148.1.gif","width":420,"height":420},{"@type":"BreadcrumbList","@id":"https:\/\/tiandeproducts.co.uk\/lt\/dantu-sepetelis-prodental1vnt\/#breadcrumb","itemListElement":[{"@type":"ListItem","position":1,"name":"Home","item":"https:\/\/tiandeproducts.co.uk\/lt\/"},{"@type":"ListItem","position":2,"name":"Shop","item":"https:\/\/tiandeproducts.co.uk\/lt\/shop-2\/"},{"@type":"ListItem","position":3,"name":"Dant\u0173 \u0161epet\u0117lis \u201eProDental\u201c,1vnt"}]},{"@type":"WebSite","@id":"https:\/\/tiandeproducts.co.uk\/#website","url":"https:\/\/tiandeproducts.co.uk\/","name":"TianDe Online Shop - Beauty & Health","description":"Traditional Chinese Medicine","potentialAction":[{"@type":"SearchAction","target":{"@type":"EntryPoint","urlTemplate":"https:\/\/tiandeproducts.co.uk\/?s={search_term_string}"},"query-input":{"@type":"PropertyValueSpecification","valueRequired":true,"valueName":"search_term_string"}}],"inLanguage":"lt-LT"}]}},"_links":{"self":[{"href":"https:\/\/tiandeproducts.co.uk\/lt\/wp-json\/wp\/v2\/product\/3643","targetHints":{"allow":["GET"]}}],"collection":[{"href":"https:\/\/tiandeproducts.co.uk\/lt\/wp-json\/wp\/v2\/product"}],"about":[{"href":"https:\/\/tiandeproducts.co.uk\/lt\/wp-json\/wp\/v2\/types\/product"}],"replies":[{"embeddable":true,"href":"https:\/\/tiandeproducts.co.uk\/lt\/wp-json\/wp\/v2\/comments?post=3643"}],"wp:featuredmedia":[{"embeddable":true,"href":"https:\/\/tiandeproducts.co.uk\/lt\/wp-json\/wp\/v2\/media\/5341"}],"wp:attachment":[{"href":"https:\/\/tiandeproducts.co.uk\/lt\/wp-json\/wp\/v2\/media?parent=3643"}],"wp:term":[{"taxonomy":"product_cat","embeddable":true,"href":"https:\/\/tiandeproducts.co.uk\/lt\/wp-json\/wp\/v2\/product_cat?post=3643"},{"taxonomy":"product_tag","embeddable":true,"href":"https:\/\/tiandeproducts.co.uk\/lt\/wp-json\/wp\/v2\/product_tag?post=3643"}],"curies":[{"name":"wp","href":"https:\/\/api.w.org\/{rel}","templated":true}]}}