{"id":3638,"date":"2016-04-24T13:30:35","date_gmt":"2016-04-24T12:30:35","guid":{"rendered":"https:\/\/tnd.ontesting.co.uk\/vaikiskas-dantu-sepetelis-prodental-junior\/"},"modified":"2021-02-25T12:09:08","modified_gmt":"2021-02-25T12:09:08","slug":"vaikiskas-dantu-sepetelis-prodental-junior","status":"publish","type":"product","link":"https:\/\/tiandeproducts.co.uk\/lt\/vaikiskas-dantu-sepetelis-prodental-junior\/","title":{"rendered":"Vaiki\u0161kas dant\u0173 \u0161epet\u0117lis \u201eProDental Junior\u201c"},"content":{"rendered":"<p><img decoding=\"async\" style=\"max-width: 16px; margin-right: 5px;\" src=\"https:\/\/tiandeproducts.co.uk\/wp-content\/uploads\/points-green.svg\" \/>\u00a0Earn 4 points worth \u00a30.20 when buying this product<\/p>\n<p>Ypatingai mink\u0161ti silikono \u0161ereliai lengvai prasiskverbia \u012f sunkiai pasiekiamas tarpdan\u010di\u0173 vietas, kruop\u0161\u010diai nuvalo dant\u0173 pavir\u0161i\u0173, \u0161alina bakterijas, \u0161velniai masa\u017euoja dantenas.<\/p>\n","protected":false},"excerpt":{"rendered":"<p>\u00a0Earn 4 points worth \u00a30.20 when buying this product Ypatingai mink\u0161ti silikono \u0161ereliai lengvai prasiskverbia \u012f sunkiai pasiekiamas tarpdan\u010di\u0173 vietas, kruop\u0161\u010diai nuvalo dant\u0173 pavir\u0161i\u0173, \u0161alina bakterijas, \u0161velniai masa\u017euoja dantenas.<\/p>\n","protected":false},"featured_media":1337,"comment_status":"closed","ping_status":"closed","template":"","meta":[],"product_cat":[1349,684,685,677,617],"product_tag":[],"class_list":{"0":"post-3638","1":"product","2":"type-product","3":"status-publish","4":"has-post-thumbnail","6":"product_cat-burnos-higiena-lt","7":"product_cat-burnos-higiena","8":"product_cat-dantu-sepetukai","9":"product_cat-higiena","10":"product_cat-vaikams","12":"first","13":"instock","14":"shipping-taxable","15":"purchasable","16":"product-type-variable"},"yoast_head":"<!-- This site is optimized with the Yoast SEO plugin v23.6 - https:\/\/yoast.com\/wordpress\/plugins\/seo\/ -->\n<title>Vaiki\u0161kas dant\u0173 \u0161epet\u0117lis \u201eProDental Junior\u201c - TianDe Online Shop - Beauty &amp; Health<\/title>\n<meta name=\"robots\" content=\"index, follow, max-snippet:-1, max-image-preview:large, max-video-preview:-1\" \/>\n<link rel=\"canonical\" href=\"https:\/\/tiandeproducts.co.uk\/lt\/vaikiskas-dantu-sepetelis-prodental-junior\/\" \/>\n<meta property=\"og:locale\" content=\"lt_LT\" \/>\n<meta property=\"og:type\" content=\"article\" \/>\n<meta property=\"og:title\" content=\"Vaiki\u0161kas dant\u0173 \u0161epet\u0117lis \u201eProDental Junior\u201c - TianDe Online Shop - Beauty &amp; Health\" \/>\n<meta property=\"og:description\" content=\"\u00a0Earn 4 points worth \u00a30.20 when buying this product Ypatingai mink\u0161ti silikono \u0161ereliai lengvai prasiskverbia \u012f sunkiai pasiekiamas tarpdan\u010di\u0173 vietas, kruop\u0161\u010diai nuvalo dant\u0173 pavir\u0161i\u0173, \u0161alina bakterijas, \u0161velniai masa\u017euoja dantenas.\" \/>\n<meta property=\"og:url\" content=\"https:\/\/tiandeproducts.co.uk\/lt\/vaikiskas-dantu-sepetelis-prodental-junior\/\" \/>\n<meta property=\"og:site_name\" content=\"TianDe Online Shop - Beauty &amp; Health\" \/>\n<meta property=\"article:publisher\" content=\"https:\/\/www.facebook.com\/tiande.products.england\/\" \/>\n<meta property=\"article:modified_time\" content=\"2021-02-25T12:09:08+00:00\" \/>\n<meta property=\"og:image\" content=\"https:\/\/tiandeproducts.co.uk\/wp-content\/uploads\/2016\/04\/90153.jpg\" \/>\n\t<meta property=\"og:image:width\" content=\"800\" \/>\n\t<meta property=\"og:image:height\" content=\"800\" \/>\n\t<meta property=\"og:image:type\" content=\"image\/jpeg\" \/>\n<meta name=\"twitter:card\" content=\"summary_large_image\" \/>\n<script type=\"application\/ld+json\" class=\"yoast-schema-graph\">{\"@context\":\"https:\/\/schema.org\",\"@graph\":[{\"@type\":\"WebPage\",\"@id\":\"https:\/\/tiandeproducts.co.uk\/lt\/vaikiskas-dantu-sepetelis-prodental-junior\/\",\"url\":\"https:\/\/tiandeproducts.co.uk\/lt\/vaikiskas-dantu-sepetelis-prodental-junior\/\",\"name\":\"Vaiki\u0161kas dant\u0173 \u0161epet\u0117lis \u201eProDental Junior\u201c - TianDe Online Shop - Beauty &amp; Health\",\"isPartOf\":{\"@id\":\"https:\/\/tiandeproducts.co.uk\/#website\"},\"primaryImageOfPage\":{\"@id\":\"https:\/\/tiandeproducts.co.uk\/lt\/vaikiskas-dantu-sepetelis-prodental-junior\/#primaryimage\"},\"image\":{\"@id\":\"https:\/\/tiandeproducts.co.uk\/lt\/vaikiskas-dantu-sepetelis-prodental-junior\/#primaryimage\"},\"thumbnailUrl\":\"https:\/\/tiandeproducts.co.uk\/wp-content\/uploads\/2016\/04\/90153.jpg\",\"datePublished\":\"2016-04-24T12:30:35+00:00\",\"dateModified\":\"2021-02-25T12:09:08+00:00\",\"breadcrumb\":{\"@id\":\"https:\/\/tiandeproducts.co.uk\/lt\/vaikiskas-dantu-sepetelis-prodental-junior\/#breadcrumb\"},\"inLanguage\":\"lt-LT\",\"potentialAction\":[{\"@type\":\"ReadAction\",\"target\":[\"https:\/\/tiandeproducts.co.uk\/lt\/vaikiskas-dantu-sepetelis-prodental-junior\/\"]}]},{\"@type\":\"ImageObject\",\"inLanguage\":\"lt-LT\",\"@id\":\"https:\/\/tiandeproducts.co.uk\/lt\/vaikiskas-dantu-sepetelis-prodental-junior\/#primaryimage\",\"url\":\"https:\/\/tiandeproducts.co.uk\/wp-content\/uploads\/2016\/04\/90153.jpg\",\"contentUrl\":\"https:\/\/tiandeproducts.co.uk\/wp-content\/uploads\/2016\/04\/90153.jpg\",\"width\":800,\"height\":800,\"caption\":\"Junior Toothbrush,Gently Cleanses Teeth & Gum,1pc-0\"},{\"@type\":\"BreadcrumbList\",\"@id\":\"https:\/\/tiandeproducts.co.uk\/lt\/vaikiskas-dantu-sepetelis-prodental-junior\/#breadcrumb\",\"itemListElement\":[{\"@type\":\"ListItem\",\"position\":1,\"name\":\"Home\",\"item\":\"https:\/\/tiandeproducts.co.uk\/lt\/\"},{\"@type\":\"ListItem\",\"position\":2,\"name\":\"Shop\",\"item\":\"https:\/\/tiandeproducts.co.uk\/lt\/shop-2\/\"},{\"@type\":\"ListItem\",\"position\":3,\"name\":\"Vaiki\u0161kas dant\u0173 \u0161epet\u0117lis \u201eProDental Junior\u201c\"}]},{\"@type\":\"WebSite\",\"@id\":\"https:\/\/tiandeproducts.co.uk\/#website\",\"url\":\"https:\/\/tiandeproducts.co.uk\/\",\"name\":\"TianDe Online Shop - Beauty & Health\",\"description\":\"Traditional Chinese Medicine\",\"potentialAction\":[{\"@type\":\"SearchAction\",\"target\":{\"@type\":\"EntryPoint\",\"urlTemplate\":\"https:\/\/tiandeproducts.co.uk\/?s={search_term_string}\"},\"query-input\":{\"@type\":\"PropertyValueSpecification\",\"valueRequired\":true,\"valueName\":\"search_term_string\"}}],\"inLanguage\":\"lt-LT\"}]}<\/script>\n<!-- \/ Yoast SEO plugin. -->","yoast_head_json":{"title":"Vaiki\u0161kas dant\u0173 \u0161epet\u0117lis \u201eProDental Junior\u201c - TianDe Online Shop - Beauty &amp; Health","robots":{"index":"index","follow":"follow","max-snippet":"max-snippet:-1","max-image-preview":"max-image-preview:large","max-video-preview":"max-video-preview:-1"},"canonical":"https:\/\/tiandeproducts.co.uk\/lt\/vaikiskas-dantu-sepetelis-prodental-junior\/","og_locale":"lt_LT","og_type":"article","og_title":"Vaiki\u0161kas dant\u0173 \u0161epet\u0117lis \u201eProDental Junior\u201c - TianDe Online Shop - Beauty &amp; Health","og_description":"\u00a0Earn 4 points worth \u00a30.20 when buying this product Ypatingai mink\u0161ti silikono \u0161ereliai lengvai prasiskverbia \u012f sunkiai pasiekiamas tarpdan\u010di\u0173 vietas, kruop\u0161\u010diai nuvalo dant\u0173 pavir\u0161i\u0173, \u0161alina bakterijas, \u0161velniai masa\u017euoja dantenas.","og_url":"https:\/\/tiandeproducts.co.uk\/lt\/vaikiskas-dantu-sepetelis-prodental-junior\/","og_site_name":"TianDe Online Shop - Beauty &amp; Health","article_publisher":"https:\/\/www.facebook.com\/tiande.products.england\/","article_modified_time":"2021-02-25T12:09:08+00:00","og_image":[{"width":800,"height":800,"url":"https:\/\/tiandeproducts.co.uk\/wp-content\/uploads\/2016\/04\/90153.jpg","type":"image\/jpeg"}],"twitter_card":"summary_large_image","schema":{"@context":"https:\/\/schema.org","@graph":[{"@type":"WebPage","@id":"https:\/\/tiandeproducts.co.uk\/lt\/vaikiskas-dantu-sepetelis-prodental-junior\/","url":"https:\/\/tiandeproducts.co.uk\/lt\/vaikiskas-dantu-sepetelis-prodental-junior\/","name":"Vaiki\u0161kas dant\u0173 \u0161epet\u0117lis \u201eProDental Junior\u201c - TianDe Online Shop - Beauty &amp; Health","isPartOf":{"@id":"https:\/\/tiandeproducts.co.uk\/#website"},"primaryImageOfPage":{"@id":"https:\/\/tiandeproducts.co.uk\/lt\/vaikiskas-dantu-sepetelis-prodental-junior\/#primaryimage"},"image":{"@id":"https:\/\/tiandeproducts.co.uk\/lt\/vaikiskas-dantu-sepetelis-prodental-junior\/#primaryimage"},"thumbnailUrl":"https:\/\/tiandeproducts.co.uk\/wp-content\/uploads\/2016\/04\/90153.jpg","datePublished":"2016-04-24T12:30:35+00:00","dateModified":"2021-02-25T12:09:08+00:00","breadcrumb":{"@id":"https:\/\/tiandeproducts.co.uk\/lt\/vaikiskas-dantu-sepetelis-prodental-junior\/#breadcrumb"},"inLanguage":"lt-LT","potentialAction":[{"@type":"ReadAction","target":["https:\/\/tiandeproducts.co.uk\/lt\/vaikiskas-dantu-sepetelis-prodental-junior\/"]}]},{"@type":"ImageObject","inLanguage":"lt-LT","@id":"https:\/\/tiandeproducts.co.uk\/lt\/vaikiskas-dantu-sepetelis-prodental-junior\/#primaryimage","url":"https:\/\/tiandeproducts.co.uk\/wp-content\/uploads\/2016\/04\/90153.jpg","contentUrl":"https:\/\/tiandeproducts.co.uk\/wp-content\/uploads\/2016\/04\/90153.jpg","width":800,"height":800,"caption":"Junior Toothbrush,Gently Cleanses Teeth & Gum,1pc-0"},{"@type":"BreadcrumbList","@id":"https:\/\/tiandeproducts.co.uk\/lt\/vaikiskas-dantu-sepetelis-prodental-junior\/#breadcrumb","itemListElement":[{"@type":"ListItem","position":1,"name":"Home","item":"https:\/\/tiandeproducts.co.uk\/lt\/"},{"@type":"ListItem","position":2,"name":"Shop","item":"https:\/\/tiandeproducts.co.uk\/lt\/shop-2\/"},{"@type":"ListItem","position":3,"name":"Vaiki\u0161kas dant\u0173 \u0161epet\u0117lis \u201eProDental Junior\u201c"}]},{"@type":"WebSite","@id":"https:\/\/tiandeproducts.co.uk\/#website","url":"https:\/\/tiandeproducts.co.uk\/","name":"TianDe Online Shop - Beauty & Health","description":"Traditional Chinese Medicine","potentialAction":[{"@type":"SearchAction","target":{"@type":"EntryPoint","urlTemplate":"https:\/\/tiandeproducts.co.uk\/?s={search_term_string}"},"query-input":{"@type":"PropertyValueSpecification","valueRequired":true,"valueName":"search_term_string"}}],"inLanguage":"lt-LT"}]}},"_links":{"self":[{"href":"https:\/\/tiandeproducts.co.uk\/lt\/wp-json\/wp\/v2\/product\/3638","targetHints":{"allow":["GET"]}}],"collection":[{"href":"https:\/\/tiandeproducts.co.uk\/lt\/wp-json\/wp\/v2\/product"}],"about":[{"href":"https:\/\/tiandeproducts.co.uk\/lt\/wp-json\/wp\/v2\/types\/product"}],"replies":[{"embeddable":true,"href":"https:\/\/tiandeproducts.co.uk\/lt\/wp-json\/wp\/v2\/comments?post=3638"}],"wp:featuredmedia":[{"embeddable":true,"href":"https:\/\/tiandeproducts.co.uk\/lt\/wp-json\/wp\/v2\/media\/1337"}],"wp:attachment":[{"href":"https:\/\/tiandeproducts.co.uk\/lt\/wp-json\/wp\/v2\/media?parent=3638"}],"wp:term":[{"taxonomy":"product_cat","embeddable":true,"href":"https:\/\/tiandeproducts.co.uk\/lt\/wp-json\/wp\/v2\/product_cat?post=3638"},{"taxonomy":"product_tag","embeddable":true,"href":"https:\/\/tiandeproducts.co.uk\/lt\/wp-json\/wp\/v2\/product_tag?post=3638"}],"curies":[{"name":"wp","href":"https:\/\/api.w.org\/{rel}","templated":true}]}}