{"id":3637,"date":"2017-02-14T22:42:48","date_gmt":"2017-02-14T22:42:48","guid":{"rendered":"https:\/\/tnd.ontesting.co.uk\/gelis-dantims-naturali-bambuko-druska-sveikos-dantenos-120-g\/"},"modified":"2021-02-25T11:52:03","modified_gmt":"2021-02-25T11:52:03","slug":"gelis-dantims-naturali-bambuko-druska-sveikos-dantenos-120-g","status":"publish","type":"product","link":"https:\/\/tiandeproducts.co.uk\/lt\/gelis-dantims-naturali-bambuko-druska-sveikos-dantenos-120-g\/","title":{"rendered":"Gelis dantims \u201eNat\u016brali bambuko druska\u201c (sveikos dantenos) 120 g."},"content":{"rendered":"<p><img decoding=\"async\" style=\"max-width: 16px; margin-right: 5px;\" src=\"https:\/\/tiandeproducts.co.uk\/wp-content\/uploads\/points-green.svg\" \/>\u00a0Earn 6 points worth \u00a30.30 when buying this product<\/p>\n<p>Bambuko ekstraktas padeda esant danten\u0173 problemoms, stiprina dantis ir apsaugo nuo akmen\u0173 susidarymo, apsaugo nuo karieso. I\u0161laiko gaiv\u0173 kvap\u0105 \u00a0ilg\u0105 laik\u0105.<\/p>\n<p><strong>Naudojimas:<\/strong> valyti dantis 2 kartus per dien\u0105, nenuryti.<\/p>\n<p><strong>Aktyv\u016bs komponentai:<\/strong><\/p>\n<p><strong>Natrio fluoridas<\/strong> &#8211; \u0161iandien yra pageidaujama fluorido forma, turinti didel\u0119 remineralizuojan\u010di\u0105 ir antikariesi\u0161k\u0105 veikl\u0105. Natrio fluorido prana\u0161umas yra jo sugeb\u0117jimas lengvai ir greitai susiskaidyti \u012f aktyvius jonus, kurie pradeda veikti net per 1-3 minutes.<\/p>\n<p><strong>Titano dioksidas<\/strong> &#8211; \u0161velniai valo dantis. Tai yra viena i\u0161 \u0161velniausi\u0173 abrazyvini\u0173 med\u017eiag\u0173.<\/p>\n<p><strong>Mentolis<\/strong> \u2013 i\u0161valo bakterijas burnos ertm\u0117je. Gaivus kvapas i\u0161lieka ig\u0105 laik\u0105.<\/p>\n<p><strong>Bambuko ekstraktas<\/strong> &#8211; valo burnos ertm\u0119, slopina bakterij\u0173 dauginim\u0105si, apsaugo nuo akmen\u0173 susidarymo, karieso bei danten\u0173 sudirgimo.<\/p>\n","protected":false},"excerpt":{"rendered":"<p>\u00a0Earn 6 points worth \u00a30.30 when buying this product Bambuko ekstraktas padeda esant danten\u0173 problemoms, stiprina dantis ir apsaugo nuo akmen\u0173 susidarymo, apsaugo nuo karieso. I\u0161laiko gaiv\u0173 kvap\u0105 \u00a0ilg\u0105 laik\u0105. Naudojimas: valyti dantis 2 kartus per dien\u0105, nenuryti. Aktyv\u016bs komponentai: Natrio fluoridas &#8211; \u0161iandien yra pageidaujama fluorido forma, turinti didel\u0119 remineralizuojan\u010di\u0105 ir antikariesi\u0161k\u0105 veikl\u0105. Natrio [&#8230;]\n","protected":false},"featured_media":1487,"comment_status":"closed","ping_status":"closed","template":"","meta":[],"product_cat":[684,677],"product_tag":[],"class_list":{"0":"post-3637","1":"product","2":"type-product","3":"status-publish","4":"has-post-thumbnail","6":"product_cat-burnos-higiena","7":"product_cat-higiena","9":"first","10":"instock","11":"shipping-taxable","12":"purchasable","13":"product-type-simple"},"yoast_head":"<!-- This site is optimized with the Yoast SEO plugin v23.6 - https:\/\/yoast.com\/wordpress\/plugins\/seo\/ -->\n<title>Gelis dantims \u201eNat\u016brali bambuko druska\u201c (sveikos dantenos) 120 g. - TianDe Online Shop - Beauty &amp; Health<\/title>\n<meta name=\"robots\" content=\"index, follow, max-snippet:-1, max-image-preview:large, max-video-preview:-1\" \/>\n<link rel=\"canonical\" href=\"https:\/\/tiandeproducts.co.uk\/lt\/gelis-dantims-naturali-bambuko-druska-sveikos-dantenos-120-g\/\" \/>\n<meta property=\"og:locale\" content=\"lt_LT\" \/>\n<meta property=\"og:type\" content=\"article\" \/>\n<meta property=\"og:title\" content=\"Gelis dantims \u201eNat\u016brali bambuko druska\u201c (sveikos dantenos) 120 g. - TianDe Online Shop - Beauty &amp; Health\" \/>\n<meta property=\"og:description\" content=\"\u00a0Earn 6 points worth \u00a30.30 when buying this product Bambuko ekstraktas padeda esant danten\u0173 problemoms, stiprina dantis ir apsaugo nuo akmen\u0173 susidarymo, apsaugo nuo karieso. I\u0161laiko gaiv\u0173 kvap\u0105 \u00a0ilg\u0105 laik\u0105. Naudojimas: valyti dantis 2 kartus per dien\u0105, nenuryti. Aktyv\u016bs komponentai: Natrio fluoridas &#8211; \u0161iandien yra pageidaujama fluorido forma, turinti didel\u0119 remineralizuojan\u010di\u0105 ir antikariesi\u0161k\u0105 veikl\u0105. Natrio [...]\" \/>\n<meta property=\"og:url\" content=\"https:\/\/tiandeproducts.co.uk\/lt\/gelis-dantims-naturali-bambuko-druska-sveikos-dantenos-120-g\/\" \/>\n<meta property=\"og:site_name\" content=\"TianDe Online Shop - Beauty &amp; Health\" \/>\n<meta property=\"article:publisher\" content=\"https:\/\/www.facebook.com\/tiande.products.england\/\" \/>\n<meta property=\"article:modified_time\" content=\"2021-02-25T11:52:03+00:00\" \/>\n<meta property=\"og:image\" content=\"https:\/\/tiandeproducts.co.uk\/wp-content\/uploads\/2017\/02\/60141.png\" \/>\n\t<meta property=\"og:image:width\" content=\"700\" \/>\n\t<meta property=\"og:image:height\" content=\"700\" \/>\n\t<meta property=\"og:image:type\" content=\"image\/png\" \/>\n<meta name=\"twitter:card\" content=\"summary_large_image\" \/>\n<meta name=\"twitter:label1\" content=\"Est. reading time\" \/>\n\t<meta name=\"twitter:data1\" content=\"1 minut\u0117\" \/>\n<script type=\"application\/ld+json\" class=\"yoast-schema-graph\">{\"@context\":\"https:\/\/schema.org\",\"@graph\":[{\"@type\":\"WebPage\",\"@id\":\"https:\/\/tiandeproducts.co.uk\/lt\/gelis-dantims-naturali-bambuko-druska-sveikos-dantenos-120-g\/\",\"url\":\"https:\/\/tiandeproducts.co.uk\/lt\/gelis-dantims-naturali-bambuko-druska-sveikos-dantenos-120-g\/\",\"name\":\"Gelis dantims \u201eNat\u016brali bambuko druska\u201c (sveikos dantenos) 120 g. - TianDe Online Shop - Beauty &amp; Health\",\"isPartOf\":{\"@id\":\"https:\/\/tiandeproducts.co.uk\/#website\"},\"primaryImageOfPage\":{\"@id\":\"https:\/\/tiandeproducts.co.uk\/lt\/gelis-dantims-naturali-bambuko-druska-sveikos-dantenos-120-g\/#primaryimage\"},\"image\":{\"@id\":\"https:\/\/tiandeproducts.co.uk\/lt\/gelis-dantims-naturali-bambuko-druska-sveikos-dantenos-120-g\/#primaryimage\"},\"thumbnailUrl\":\"https:\/\/tiandeproducts.co.uk\/wp-content\/uploads\/2017\/02\/60141.png\",\"datePublished\":\"2017-02-14T22:42:48+00:00\",\"dateModified\":\"2021-02-25T11:52:03+00:00\",\"breadcrumb\":{\"@id\":\"https:\/\/tiandeproducts.co.uk\/lt\/gelis-dantims-naturali-bambuko-druska-sveikos-dantenos-120-g\/#breadcrumb\"},\"inLanguage\":\"lt-LT\",\"potentialAction\":[{\"@type\":\"ReadAction\",\"target\":[\"https:\/\/tiandeproducts.co.uk\/lt\/gelis-dantims-naturali-bambuko-druska-sveikos-dantenos-120-g\/\"]}]},{\"@type\":\"ImageObject\",\"inLanguage\":\"lt-LT\",\"@id\":\"https:\/\/tiandeproducts.co.uk\/lt\/gelis-dantims-naturali-bambuko-druska-sveikos-dantenos-120-g\/#primaryimage\",\"url\":\"https:\/\/tiandeproducts.co.uk\/wp-content\/uploads\/2017\/02\/60141.png\",\"contentUrl\":\"https:\/\/tiandeproducts.co.uk\/wp-content\/uploads\/2017\/02\/60141.png\",\"width\":700,\"height\":700,\"caption\":\"Natural Bamboo Salt Tooth Gel,Gentle Care,120g-0\"},{\"@type\":\"BreadcrumbList\",\"@id\":\"https:\/\/tiandeproducts.co.uk\/lt\/gelis-dantims-naturali-bambuko-druska-sveikos-dantenos-120-g\/#breadcrumb\",\"itemListElement\":[{\"@type\":\"ListItem\",\"position\":1,\"name\":\"Home\",\"item\":\"https:\/\/tiandeproducts.co.uk\/lt\/\"},{\"@type\":\"ListItem\",\"position\":2,\"name\":\"Shop\",\"item\":\"https:\/\/tiandeproducts.co.uk\/lt\/shop-2\/\"},{\"@type\":\"ListItem\",\"position\":3,\"name\":\"Gelis dantims \u201eNat\u016brali bambuko druska\u201c (sveikos dantenos) 120 g.\"}]},{\"@type\":\"WebSite\",\"@id\":\"https:\/\/tiandeproducts.co.uk\/#website\",\"url\":\"https:\/\/tiandeproducts.co.uk\/\",\"name\":\"TianDe Online Shop - Beauty & Health\",\"description\":\"Traditional Chinese Medicine\",\"potentialAction\":[{\"@type\":\"SearchAction\",\"target\":{\"@type\":\"EntryPoint\",\"urlTemplate\":\"https:\/\/tiandeproducts.co.uk\/?s={search_term_string}\"},\"query-input\":{\"@type\":\"PropertyValueSpecification\",\"valueRequired\":true,\"valueName\":\"search_term_string\"}}],\"inLanguage\":\"lt-LT\"}]}<\/script>\n<!-- \/ Yoast SEO plugin. -->","yoast_head_json":{"title":"Gelis dantims \u201eNat\u016brali bambuko druska\u201c (sveikos dantenos) 120 g. - TianDe Online Shop - Beauty &amp; Health","robots":{"index":"index","follow":"follow","max-snippet":"max-snippet:-1","max-image-preview":"max-image-preview:large","max-video-preview":"max-video-preview:-1"},"canonical":"https:\/\/tiandeproducts.co.uk\/lt\/gelis-dantims-naturali-bambuko-druska-sveikos-dantenos-120-g\/","og_locale":"lt_LT","og_type":"article","og_title":"Gelis dantims \u201eNat\u016brali bambuko druska\u201c (sveikos dantenos) 120 g. - TianDe Online Shop - Beauty &amp; Health","og_description":"\u00a0Earn 6 points worth \u00a30.30 when buying this product Bambuko ekstraktas padeda esant danten\u0173 problemoms, stiprina dantis ir apsaugo nuo akmen\u0173 susidarymo, apsaugo nuo karieso. I\u0161laiko gaiv\u0173 kvap\u0105 \u00a0ilg\u0105 laik\u0105. Naudojimas: valyti dantis 2 kartus per dien\u0105, nenuryti. Aktyv\u016bs komponentai: Natrio fluoridas &#8211; \u0161iandien yra pageidaujama fluorido forma, turinti didel\u0119 remineralizuojan\u010di\u0105 ir antikariesi\u0161k\u0105 veikl\u0105. Natrio [...]","og_url":"https:\/\/tiandeproducts.co.uk\/lt\/gelis-dantims-naturali-bambuko-druska-sveikos-dantenos-120-g\/","og_site_name":"TianDe Online Shop - Beauty &amp; Health","article_publisher":"https:\/\/www.facebook.com\/tiande.products.england\/","article_modified_time":"2021-02-25T11:52:03+00:00","og_image":[{"width":700,"height":700,"url":"https:\/\/tiandeproducts.co.uk\/wp-content\/uploads\/2017\/02\/60141.png","type":"image\/png"}],"twitter_card":"summary_large_image","twitter_misc":{"Est. reading time":"1 minut\u0117"},"schema":{"@context":"https:\/\/schema.org","@graph":[{"@type":"WebPage","@id":"https:\/\/tiandeproducts.co.uk\/lt\/gelis-dantims-naturali-bambuko-druska-sveikos-dantenos-120-g\/","url":"https:\/\/tiandeproducts.co.uk\/lt\/gelis-dantims-naturali-bambuko-druska-sveikos-dantenos-120-g\/","name":"Gelis dantims \u201eNat\u016brali bambuko druska\u201c (sveikos dantenos) 120 g. - TianDe Online Shop - Beauty &amp; Health","isPartOf":{"@id":"https:\/\/tiandeproducts.co.uk\/#website"},"primaryImageOfPage":{"@id":"https:\/\/tiandeproducts.co.uk\/lt\/gelis-dantims-naturali-bambuko-druska-sveikos-dantenos-120-g\/#primaryimage"},"image":{"@id":"https:\/\/tiandeproducts.co.uk\/lt\/gelis-dantims-naturali-bambuko-druska-sveikos-dantenos-120-g\/#primaryimage"},"thumbnailUrl":"https:\/\/tiandeproducts.co.uk\/wp-content\/uploads\/2017\/02\/60141.png","datePublished":"2017-02-14T22:42:48+00:00","dateModified":"2021-02-25T11:52:03+00:00","breadcrumb":{"@id":"https:\/\/tiandeproducts.co.uk\/lt\/gelis-dantims-naturali-bambuko-druska-sveikos-dantenos-120-g\/#breadcrumb"},"inLanguage":"lt-LT","potentialAction":[{"@type":"ReadAction","target":["https:\/\/tiandeproducts.co.uk\/lt\/gelis-dantims-naturali-bambuko-druska-sveikos-dantenos-120-g\/"]}]},{"@type":"ImageObject","inLanguage":"lt-LT","@id":"https:\/\/tiandeproducts.co.uk\/lt\/gelis-dantims-naturali-bambuko-druska-sveikos-dantenos-120-g\/#primaryimage","url":"https:\/\/tiandeproducts.co.uk\/wp-content\/uploads\/2017\/02\/60141.png","contentUrl":"https:\/\/tiandeproducts.co.uk\/wp-content\/uploads\/2017\/02\/60141.png","width":700,"height":700,"caption":"Natural Bamboo Salt Tooth Gel,Gentle Care,120g-0"},{"@type":"BreadcrumbList","@id":"https:\/\/tiandeproducts.co.uk\/lt\/gelis-dantims-naturali-bambuko-druska-sveikos-dantenos-120-g\/#breadcrumb","itemListElement":[{"@type":"ListItem","position":1,"name":"Home","item":"https:\/\/tiandeproducts.co.uk\/lt\/"},{"@type":"ListItem","position":2,"name":"Shop","item":"https:\/\/tiandeproducts.co.uk\/lt\/shop-2\/"},{"@type":"ListItem","position":3,"name":"Gelis dantims \u201eNat\u016brali bambuko druska\u201c (sveikos dantenos) 120 g."}]},{"@type":"WebSite","@id":"https:\/\/tiandeproducts.co.uk\/#website","url":"https:\/\/tiandeproducts.co.uk\/","name":"TianDe Online Shop - Beauty & Health","description":"Traditional Chinese Medicine","potentialAction":[{"@type":"SearchAction","target":{"@type":"EntryPoint","urlTemplate":"https:\/\/tiandeproducts.co.uk\/?s={search_term_string}"},"query-input":{"@type":"PropertyValueSpecification","valueRequired":true,"valueName":"search_term_string"}}],"inLanguage":"lt-LT"}]}},"_links":{"self":[{"href":"https:\/\/tiandeproducts.co.uk\/lt\/wp-json\/wp\/v2\/product\/3637","targetHints":{"allow":["GET"]}}],"collection":[{"href":"https:\/\/tiandeproducts.co.uk\/lt\/wp-json\/wp\/v2\/product"}],"about":[{"href":"https:\/\/tiandeproducts.co.uk\/lt\/wp-json\/wp\/v2\/types\/product"}],"replies":[{"embeddable":true,"href":"https:\/\/tiandeproducts.co.uk\/lt\/wp-json\/wp\/v2\/comments?post=3637"}],"wp:featuredmedia":[{"embeddable":true,"href":"https:\/\/tiandeproducts.co.uk\/lt\/wp-json\/wp\/v2\/media\/1487"}],"wp:attachment":[{"href":"https:\/\/tiandeproducts.co.uk\/lt\/wp-json\/wp\/v2\/media?parent=3637"}],"wp:term":[{"taxonomy":"product_cat","embeddable":true,"href":"https:\/\/tiandeproducts.co.uk\/lt\/wp-json\/wp\/v2\/product_cat?post=3637"},{"taxonomy":"product_tag","embeddable":true,"href":"https:\/\/tiandeproducts.co.uk\/lt\/wp-json\/wp\/v2\/product_tag?post=3637"}],"curies":[{"name":"wp","href":"https:\/\/api.w.org\/{rel}","templated":true}]}}