{"id":3636,"date":"2018-07-19T17:33:08","date_gmt":"2018-07-19T16:33:08","guid":{"rendered":"https:\/\/tnd.ontesting.co.uk\/skystis-burnos-skalavimui-250-ml\/"},"modified":"2021-02-12T11:58:04","modified_gmt":"2021-02-12T11:58:04","slug":"skystis-burnos-skalavimui-250-ml","status":"publish","type":"product","link":"https:\/\/tiandeproducts.co.uk\/lt\/skystis-burnos-skalavimui-250-ml\/","title":{"rendered":"Skystis burnos skalavimui 250 ml."},"content":{"rendered":"<p><img decoding=\"async\" style=\"max-width: 16px; margin-right: 5px;\" src=\"https:\/\/tiandeproducts.co.uk\/wp-content\/uploads\/points-green.svg\" \/>\u00a0Earn 9 points worth \u00a30.45 when buying this product<\/p>\n<p>Burnos skalavimo skystis saugo nuo dant\u0173 akmen\u0173 susidarymo ir \u0117duonies, skatina dant\u0173 emalio mineralizacij\u0105, stiprina dantenas, apsaugo jas nuo kraujavimo. Veikliosios med\u017eiagos neleid\u017eia kauptis bakterijoms bei \u0161alina bakterines dant\u0173 apna\u0161as, kurios skatina karieso ir danten\u0173 u\u017edegimo atsiradim\u0105. Tai efektyvi priemon\u0117 burnos gleivin\u0117s u\u017edegim\u0173, danten\u0173 lig\u0173 profilaktikai.<br \/>\nSud\u0117tyje n\u0117ra alkoholio, chlorheksidino, paraben\u0173, SLS.<\/p>\n<p>Priemon\u0117s sud\u0117tyje gausu gamtini\u0173 antiseptini\u0173, antimikrobini\u0173 ir prie\u0161u\u017edegimini\u0173 komponent\u0173, kurie ma\u017eina danten\u0173 u\u017edegim\u0105, padeda pa\u0161alinti danten\u0173 skausmus, palaiko normali\u0105 burnos mikroflor\u0105, i\u0161saugo gaiv\u0173 burnos kvap\u0105 ilg\u0105 laik\u0105.<\/p>\n<p><strong>Naudojimas:<\/strong><br \/>\nSkalaukite burn\u0105 2-3 kartus per dien\u0105 po dant\u0173 valymo ne ma\u017eiau nei 30 sek. Nepraryti.<\/p>\n<p><strong>Veikliosios med\u017eiagos:<\/strong><\/p>\n<p><strong>Sausmed\u017eio ekstraktas<\/strong>\u00a0stabdo danten\u0173 kraujavim\u0105, veikia kaip antiseptikas, dezinfekuoja, greitina bet koki\u0173 burnos ertm\u0117je esan\u010di\u0173 \u017eaizdeli\u0173 gyjim\u0105. Jame yra apie 90% dr\u0117kinam\u0173j\u0173 sudedam\u0173j\u0173 dali\u0173, labai didelis kiekis vitamin\u0173 A, E ir F.<\/p>\n<p><strong>Gaurome\u010dio ekstraktas\u00a0<\/strong>yra puikus prie\u0161mikrobinis preparatas, turintis ir prie\u0161u\u017edegimin\u012f poveik\u012f. Veikliosios med\u017eiagos skatina pa\u017eeist\u0173 danten\u0173 gyjim\u0105, ma\u017eina u\u017edegim\u0105 visoje burnos etrm\u0117je (stomatitas), veikia kaip stiprus antioksidantas.<\/p>\n<p><strong>Sibiro kedro s\u0117kl\u0173 \u0161alto spaudimo aliejus\u00a0<\/strong>turi daug vitamin\u0173 ir kit\u0173 bioaktyvi\u0173 med\u017eiag\u0173, tod\u0117l j\u012f galima vartoti ir kaip maisto papild\u0105, o d\u0117l savo sutraukian\u010dio poveikio jis naudojamas tam tikr\u0173 burnos ertm\u0117s lig\u0173 gydymui, siekiant \u201esutvirtinti\u201c dantenas.<\/p>\n<p><strong>Mentolis<\/strong>\u00a0valo burnos ertm\u0119 nuo bakterij\u0173, ilgam suteikia gaiv\u0173 ir malon\u0173 burnos kvap\u0105. Turi antiseptin\u012f, tonizuojant\u012f ir prie\u0161u\u017edegimin\u012f poveik\u012f.<\/p>\n","protected":false},"excerpt":{"rendered":"<p>\u00a0Earn 9 points worth \u00a30.45 when buying this product Burnos skalavimo skystis saugo nuo dant\u0173 akmen\u0173 susidarymo ir \u0117duonies, skatina dant\u0173 emalio mineralizacij\u0105, stiprina dantenas, apsaugo jas nuo kraujavimo. Veikliosios med\u017eiagos neleid\u017eia kauptis bakterijoms bei \u0161alina bakterines dant\u0173 apna\u0161as, kurios skatina karieso ir danten\u0173 u\u017edegimo atsiradim\u0105. Tai efektyvi priemon\u0117 burnos gleivin\u0117s u\u017edegim\u0173, danten\u0173 lig\u0173 profilaktikai. [&#8230;]\n","protected":false},"featured_media":1951,"comment_status":"closed","ping_status":"closed","template":"","meta":[],"product_cat":[684,677],"product_tag":[],"class_list":{"0":"post-3636","1":"product","2":"type-product","3":"status-publish","4":"has-post-thumbnail","6":"product_cat-burnos-higiena","7":"product_cat-higiena","9":"first","10":"outofstock","11":"shipping-taxable","12":"purchasable","13":"product-type-simple"},"yoast_head":"<!-- This site is optimized with the Yoast SEO plugin v23.6 - https:\/\/yoast.com\/wordpress\/plugins\/seo\/ -->\n<title>Skystis burnos skalavimui 250 ml. - TianDe Online Shop - Beauty &amp; Health<\/title>\n<meta name=\"robots\" content=\"index, follow, max-snippet:-1, max-image-preview:large, max-video-preview:-1\" \/>\n<link rel=\"canonical\" href=\"https:\/\/tiandeproducts.co.uk\/lt\/skystis-burnos-skalavimui-250-ml\/\" \/>\n<meta property=\"og:locale\" content=\"lt_LT\" \/>\n<meta property=\"og:type\" content=\"article\" \/>\n<meta property=\"og:title\" content=\"Skystis burnos skalavimui 250 ml. - TianDe Online Shop - Beauty &amp; Health\" \/>\n<meta property=\"og:description\" content=\"\u00a0Earn 9 points worth \u00a30.45 when buying this product Burnos skalavimo skystis saugo nuo dant\u0173 akmen\u0173 susidarymo ir \u0117duonies, skatina dant\u0173 emalio mineralizacij\u0105, stiprina dantenas, apsaugo jas nuo kraujavimo. Veikliosios med\u017eiagos neleid\u017eia kauptis bakterijoms bei \u0161alina bakterines dant\u0173 apna\u0161as, kurios skatina karieso ir danten\u0173 u\u017edegimo atsiradim\u0105. Tai efektyvi priemon\u0117 burnos gleivin\u0117s u\u017edegim\u0173, danten\u0173 lig\u0173 profilaktikai. [...]\" \/>\n<meta property=\"og:url\" content=\"https:\/\/tiandeproducts.co.uk\/lt\/skystis-burnos-skalavimui-250-ml\/\" \/>\n<meta property=\"og:site_name\" content=\"TianDe Online Shop - Beauty &amp; Health\" \/>\n<meta property=\"article:publisher\" content=\"https:\/\/www.facebook.com\/tiande.products.england\/\" \/>\n<meta property=\"article:modified_time\" content=\"2021-02-12T11:58:04+00:00\" \/>\n<meta property=\"og:image\" content=\"https:\/\/tiandeproducts.co.uk\/wp-content\/uploads\/2018\/07\/65905.jpg\" \/>\n\t<meta property=\"og:image:width\" content=\"700\" \/>\n\t<meta property=\"og:image:height\" content=\"700\" \/>\n\t<meta property=\"og:image:type\" content=\"image\/jpeg\" \/>\n<meta name=\"twitter:card\" content=\"summary_large_image\" \/>\n<meta name=\"twitter:label1\" content=\"Est. reading time\" \/>\n\t<meta name=\"twitter:data1\" content=\"1 minut\u0117\" \/>\n<script type=\"application\/ld+json\" class=\"yoast-schema-graph\">{\"@context\":\"https:\/\/schema.org\",\"@graph\":[{\"@type\":\"WebPage\",\"@id\":\"https:\/\/tiandeproducts.co.uk\/lt\/skystis-burnos-skalavimui-250-ml\/\",\"url\":\"https:\/\/tiandeproducts.co.uk\/lt\/skystis-burnos-skalavimui-250-ml\/\",\"name\":\"Skystis burnos skalavimui 250 ml. - TianDe Online Shop - Beauty &amp; Health\",\"isPartOf\":{\"@id\":\"https:\/\/tiandeproducts.co.uk\/#website\"},\"primaryImageOfPage\":{\"@id\":\"https:\/\/tiandeproducts.co.uk\/lt\/skystis-burnos-skalavimui-250-ml\/#primaryimage\"},\"image\":{\"@id\":\"https:\/\/tiandeproducts.co.uk\/lt\/skystis-burnos-skalavimui-250-ml\/#primaryimage\"},\"thumbnailUrl\":\"https:\/\/tiandeproducts.co.uk\/wp-content\/uploads\/2018\/07\/65905.jpg\",\"datePublished\":\"2018-07-19T16:33:08+00:00\",\"dateModified\":\"2021-02-12T11:58:04+00:00\",\"breadcrumb\":{\"@id\":\"https:\/\/tiandeproducts.co.uk\/lt\/skystis-burnos-skalavimui-250-ml\/#breadcrumb\"},\"inLanguage\":\"lt-LT\",\"potentialAction\":[{\"@type\":\"ReadAction\",\"target\":[\"https:\/\/tiandeproducts.co.uk\/lt\/skystis-burnos-skalavimui-250-ml\/\"]}]},{\"@type\":\"ImageObject\",\"inLanguage\":\"lt-LT\",\"@id\":\"https:\/\/tiandeproducts.co.uk\/lt\/skystis-burnos-skalavimui-250-ml\/#primaryimage\",\"url\":\"https:\/\/tiandeproducts.co.uk\/wp-content\/uploads\/2018\/07\/65905.jpg\",\"contentUrl\":\"https:\/\/tiandeproducts.co.uk\/wp-content\/uploads\/2018\/07\/65905.jpg\",\"width\":700,\"height\":700,\"caption\":\"Dr. Taiga Phyto Mouthwash,250ml-0\"},{\"@type\":\"BreadcrumbList\",\"@id\":\"https:\/\/tiandeproducts.co.uk\/lt\/skystis-burnos-skalavimui-250-ml\/#breadcrumb\",\"itemListElement\":[{\"@type\":\"ListItem\",\"position\":1,\"name\":\"Home\",\"item\":\"https:\/\/tiandeproducts.co.uk\/lt\/\"},{\"@type\":\"ListItem\",\"position\":2,\"name\":\"Shop\",\"item\":\"https:\/\/tiandeproducts.co.uk\/lt\/shop-2\/\"},{\"@type\":\"ListItem\",\"position\":3,\"name\":\"Skystis burnos skalavimui 250 ml.\"}]},{\"@type\":\"WebSite\",\"@id\":\"https:\/\/tiandeproducts.co.uk\/#website\",\"url\":\"https:\/\/tiandeproducts.co.uk\/\",\"name\":\"TianDe Online Shop - Beauty & Health\",\"description\":\"Traditional Chinese Medicine\",\"potentialAction\":[{\"@type\":\"SearchAction\",\"target\":{\"@type\":\"EntryPoint\",\"urlTemplate\":\"https:\/\/tiandeproducts.co.uk\/?s={search_term_string}\"},\"query-input\":{\"@type\":\"PropertyValueSpecification\",\"valueRequired\":true,\"valueName\":\"search_term_string\"}}],\"inLanguage\":\"lt-LT\"}]}<\/script>\n<!-- \/ Yoast SEO plugin. -->","yoast_head_json":{"title":"Skystis burnos skalavimui 250 ml. - TianDe Online Shop - Beauty &amp; Health","robots":{"index":"index","follow":"follow","max-snippet":"max-snippet:-1","max-image-preview":"max-image-preview:large","max-video-preview":"max-video-preview:-1"},"canonical":"https:\/\/tiandeproducts.co.uk\/lt\/skystis-burnos-skalavimui-250-ml\/","og_locale":"lt_LT","og_type":"article","og_title":"Skystis burnos skalavimui 250 ml. - TianDe Online Shop - Beauty &amp; Health","og_description":"\u00a0Earn 9 points worth \u00a30.45 when buying this product Burnos skalavimo skystis saugo nuo dant\u0173 akmen\u0173 susidarymo ir \u0117duonies, skatina dant\u0173 emalio mineralizacij\u0105, stiprina dantenas, apsaugo jas nuo kraujavimo. Veikliosios med\u017eiagos neleid\u017eia kauptis bakterijoms bei \u0161alina bakterines dant\u0173 apna\u0161as, kurios skatina karieso ir danten\u0173 u\u017edegimo atsiradim\u0105. Tai efektyvi priemon\u0117 burnos gleivin\u0117s u\u017edegim\u0173, danten\u0173 lig\u0173 profilaktikai. [...]","og_url":"https:\/\/tiandeproducts.co.uk\/lt\/skystis-burnos-skalavimui-250-ml\/","og_site_name":"TianDe Online Shop - Beauty &amp; Health","article_publisher":"https:\/\/www.facebook.com\/tiande.products.england\/","article_modified_time":"2021-02-12T11:58:04+00:00","og_image":[{"width":700,"height":700,"url":"https:\/\/tiandeproducts.co.uk\/wp-content\/uploads\/2018\/07\/65905.jpg","type":"image\/jpeg"}],"twitter_card":"summary_large_image","twitter_misc":{"Est. reading time":"1 minut\u0117"},"schema":{"@context":"https:\/\/schema.org","@graph":[{"@type":"WebPage","@id":"https:\/\/tiandeproducts.co.uk\/lt\/skystis-burnos-skalavimui-250-ml\/","url":"https:\/\/tiandeproducts.co.uk\/lt\/skystis-burnos-skalavimui-250-ml\/","name":"Skystis burnos skalavimui 250 ml. - TianDe Online Shop - Beauty &amp; Health","isPartOf":{"@id":"https:\/\/tiandeproducts.co.uk\/#website"},"primaryImageOfPage":{"@id":"https:\/\/tiandeproducts.co.uk\/lt\/skystis-burnos-skalavimui-250-ml\/#primaryimage"},"image":{"@id":"https:\/\/tiandeproducts.co.uk\/lt\/skystis-burnos-skalavimui-250-ml\/#primaryimage"},"thumbnailUrl":"https:\/\/tiandeproducts.co.uk\/wp-content\/uploads\/2018\/07\/65905.jpg","datePublished":"2018-07-19T16:33:08+00:00","dateModified":"2021-02-12T11:58:04+00:00","breadcrumb":{"@id":"https:\/\/tiandeproducts.co.uk\/lt\/skystis-burnos-skalavimui-250-ml\/#breadcrumb"},"inLanguage":"lt-LT","potentialAction":[{"@type":"ReadAction","target":["https:\/\/tiandeproducts.co.uk\/lt\/skystis-burnos-skalavimui-250-ml\/"]}]},{"@type":"ImageObject","inLanguage":"lt-LT","@id":"https:\/\/tiandeproducts.co.uk\/lt\/skystis-burnos-skalavimui-250-ml\/#primaryimage","url":"https:\/\/tiandeproducts.co.uk\/wp-content\/uploads\/2018\/07\/65905.jpg","contentUrl":"https:\/\/tiandeproducts.co.uk\/wp-content\/uploads\/2018\/07\/65905.jpg","width":700,"height":700,"caption":"Dr. Taiga Phyto Mouthwash,250ml-0"},{"@type":"BreadcrumbList","@id":"https:\/\/tiandeproducts.co.uk\/lt\/skystis-burnos-skalavimui-250-ml\/#breadcrumb","itemListElement":[{"@type":"ListItem","position":1,"name":"Home","item":"https:\/\/tiandeproducts.co.uk\/lt\/"},{"@type":"ListItem","position":2,"name":"Shop","item":"https:\/\/tiandeproducts.co.uk\/lt\/shop-2\/"},{"@type":"ListItem","position":3,"name":"Skystis burnos skalavimui 250 ml."}]},{"@type":"WebSite","@id":"https:\/\/tiandeproducts.co.uk\/#website","url":"https:\/\/tiandeproducts.co.uk\/","name":"TianDe Online Shop - Beauty & Health","description":"Traditional Chinese Medicine","potentialAction":[{"@type":"SearchAction","target":{"@type":"EntryPoint","urlTemplate":"https:\/\/tiandeproducts.co.uk\/?s={search_term_string}"},"query-input":{"@type":"PropertyValueSpecification","valueRequired":true,"valueName":"search_term_string"}}],"inLanguage":"lt-LT"}]}},"_links":{"self":[{"href":"https:\/\/tiandeproducts.co.uk\/lt\/wp-json\/wp\/v2\/product\/3636","targetHints":{"allow":["GET"]}}],"collection":[{"href":"https:\/\/tiandeproducts.co.uk\/lt\/wp-json\/wp\/v2\/product"}],"about":[{"href":"https:\/\/tiandeproducts.co.uk\/lt\/wp-json\/wp\/v2\/types\/product"}],"replies":[{"embeddable":true,"href":"https:\/\/tiandeproducts.co.uk\/lt\/wp-json\/wp\/v2\/comments?post=3636"}],"wp:featuredmedia":[{"embeddable":true,"href":"https:\/\/tiandeproducts.co.uk\/lt\/wp-json\/wp\/v2\/media\/1951"}],"wp:attachment":[{"href":"https:\/\/tiandeproducts.co.uk\/lt\/wp-json\/wp\/v2\/media?parent=3636"}],"wp:term":[{"taxonomy":"product_cat","embeddable":true,"href":"https:\/\/tiandeproducts.co.uk\/lt\/wp-json\/wp\/v2\/product_cat?post=3636"},{"taxonomy":"product_tag","embeddable":true,"href":"https:\/\/tiandeproducts.co.uk\/lt\/wp-json\/wp\/v2\/product_tag?post=3636"}],"curies":[{"name":"wp","href":"https:\/\/api.w.org\/{rel}","templated":true}]}}