{"id":3635,"date":"2019-07-17T20:12:49","date_gmt":"2019-07-17T19:12:49","guid":{"rendered":"https:\/\/tnd.ontesting.co.uk\/dantu-sepetelis-bambuko-medzio-anglis-1-vnt\/"},"modified":"2021-02-12T10:11:13","modified_gmt":"2021-02-12T10:11:13","slug":"dantu-sepetelis-bambuko-medzio-anglis-1-vnt","status":"publish","type":"product","link":"https:\/\/tiandeproducts.co.uk\/lt\/dantu-sepetelis-bambuko-medzio-anglis-1-vnt\/","title":{"rendered":"Dant\u0173 \u0161epet\u0117lis &#8222;Bambuko med\u017eio anglis&#8221; 1 vnt."},"content":{"rendered":"<div data-block=\"true\" data-editor=\"ecdik\" data-offset-key=\"5aemo-0-0\">\n<div data-offset-key=\"2b0ip-0-0\"><img decoding=\"async\" style=\"max-width: 16px; margin-right: 5px;\" src=\"https:\/\/tiandeproducts.co.uk\/wp-content\/uploads\/points-green.svg\" \/>\u00a0Earn 8 points worth \u00a30.40 when buying this product<\/div>\n<div data-offset-key=\"2b0ip-0-0\"><\/div>\n<div class=\"_1mf _1mj\" data-offset-key=\"2b0ip-0-0\"><span data-offset-key=\"2b0ip-0-0\">\u0160iuolaikiniame pasaulyje balti dantys yra ne tik patrauklumo \u017eenklas, bet ir tam tikro \u017emogaus gyvenimo ir statuso rodiklis. Laikui b\u0117gant nuo kavos, arbatos ir blog\u0173 \u012fpro\u010di\u0173 net nat\u016braliai balti dantys tampa gelsvo atspalvio. Dant\u0173 \u0161epet\u0117lis &#8222;Bambuko med\u017eio anglis&#8221; su med\u017eio anglimi turintis super plonus \u0161erelius pad\u0117s atkurti J\u016bs\u0173 \u0161ypsenos balt\u0105 \u0161vyt\u0117jim\u0105! Reguliarus \u0161io &#8222;protingo&#8221; \u0161epet\u0117lio naudojimas leis Jums dar kart\u0105 \u0161ypsotis visais 32 dantimis!<\/span><\/div>\n<\/div>\n<div data-block=\"true\" data-editor=\"ecdik\" data-offset-key=\"a7385-0-0\">\n<div class=\"_1mf _1mj\" data-offset-key=\"a7385-0-0\"><\/div>\n<\/div>\n<div data-block=\"true\" data-editor=\"ecdik\" data-offset-key=\"941ll-0-0\">\n<div class=\"_1mf _1mj\" data-offset-key=\"941ll-0-0\"><span data-offset-key=\"941ll-0-0\">Dant\u0173 \u0161epet\u0117lis &#8222;Bambuko med\u017eio anglis&#8221;:<\/span><\/div>\n<\/div>\n<div data-block=\"true\" data-editor=\"ecdik\" data-offset-key=\"2116b-0-0\">\n<div class=\"_1mf _1mj\" data-offset-key=\"2116b-0-0\"><span data-offset-key=\"2116b-0-0\">&#8211; \u0161velniai valo, poliruoja dant\u0173 emal\u012f ir masa\u017euoja dantenas;<\/span><\/div>\n<\/div>\n<div data-block=\"true\" data-editor=\"ecdik\" data-offset-key=\"d4gts-0-0\">\n<div class=\"_1mf _1mj\" data-offset-key=\"d4gts-0-0\"><span data-offset-key=\"d4gts-0-0\">&#8211; tinka naudoti su padid\u0117jusiu dant\u0173 jautrumu ir susilpn\u0117jusiomis dantenomis;<\/span><\/div>\n<\/div>\n<div data-block=\"true\" data-editor=\"ecdik\" data-offset-key=\"874oi-0-0\">\n<div class=\"_1mf _1mj\" data-offset-key=\"874oi-0-0\"><span data-offset-key=\"874oi-0-0\">&#8211; pa\u0161alina bakterin\u012f sluoksn\u012f net sunkiai pasiekiamose vietose.<\/span><\/div>\n<\/div>\n<div data-block=\"true\" data-editor=\"ecdik\" data-offset-key=\"d1ar7-0-0\">\n<div class=\"_1mf _1mj\" data-offset-key=\"d1ar7-0-0\"><\/div>\n<\/div>\n<div data-block=\"true\" data-editor=\"ecdik\" data-offset-key=\"3rlr8-0-0\">\n<div class=\"_1mf _1mj\" data-offset-key=\"3rlr8-0-0\"><span data-offset-key=\"3rlr8-0-0\">Kod\u0117l jis toks veiksmingas?<\/span><\/div>\n<\/div>\n<div data-block=\"true\" data-editor=\"ecdik\" data-offset-key=\"b6uvo-0-0\">\n<div class=\"_1mf _1mj\" data-offset-key=\"b6uvo-0-0\"><\/div>\n<\/div>\n<div data-block=\"true\" data-editor=\"ecdik\" data-offset-key=\"87d47-0-0\">\n<div class=\"_1mf _1mj\" data-offset-key=\"87d47-0-0\"><span data-offset-key=\"87d47-0-0\">&#8211; mink\u0161ti ir \u0161veln\u016bs \u0161ereliai. \u017dmon\u0117ms, kuriems yra padid\u0117j\u0119s emalio jautrumas, bet koks prisilietimas sukelia diskomfort\u0105, \u0161is produktas bus patrauklus visiems. D\u0117l \u0161ereli\u0173 mink\u0161tumo ir \u0161velnumo jie nepa\u017eeid\u017eia dant\u0173 ir neleid\u017eia sukelti skausmo. Jie gali prasiskverbti \u012f labiausiai neprieinamas vietas ir kruop\u0161\u010diai i\u0161valyti.<\/span><\/div>\n<\/div>\n<div data-block=\"true\" data-editor=\"ecdik\" data-offset-key=\"6fqcd-0-0\">\n<div class=\"_1mf _1mj\" data-offset-key=\"6fqcd-0-0\"><span data-offset-key=\"6fqcd-0-0\">&#8211; dezinfekcija. Akmens anglis turi galing\u0105 antibakterin\u012f poveik\u012f, gr\u0105\u017eina nat\u016bral\u0173 balt\u0105 atspalv\u012f dantims. Padeda atsikratyti nemaloni\u0173 kvap\u0173.<\/span><\/div>\n<\/div>\n<div data-block=\"true\" data-editor=\"ecdik\" data-offset-key=\"3j3v5-0-0\">\n<div class=\"_1mf _1mj\" data-offset-key=\"3j3v5-0-0\"><\/div>\n<\/div>\n<div data-block=\"true\" data-editor=\"ecdik\" data-offset-key=\"73b31-0-0\">\n<div class=\"_1mf _1mj\" data-offset-key=\"73b31-0-0\"><span data-offset-key=\"73b31-0-0\">Rezultatas bus geresnis naudojant &#8222;TianDe&#8221; dant\u0173 pastas ir gelius. \u0160ypsokis \u012f sveikat\u0105!<\/span><\/div>\n<\/div>\n<div data-block=\"true\" data-editor=\"ecdik\" data-offset-key=\"c1vnm-0-0\">\n<div class=\"_1mf _1mj\" data-offset-key=\"c1vnm-0-0\"><\/div>\n<\/div>\n<div data-block=\"true\" data-editor=\"ecdik\" data-offset-key=\"2ckru-0-0\">\n<div class=\"_1mf _1mj\" data-offset-key=\"2ckru-0-0\"><span data-offset-key=\"2ckru-0-0\"><strong>Naudojimas<\/strong>: dant\u0173 \u0161epet\u0117l\u012f reikia pakeisti, jei jo \u0161ereliai deformuojasi. Dant\u0173 \u0161epet\u0117lio tarnavimo laikas netur\u0117t\u0173 b\u016bti ilgesnis nei 2-3 m\u0117nesiai.<\/span><\/div>\n<\/div>\n","protected":false},"excerpt":{"rendered":"<p>\u00a0Earn 8 points worth \u00a30.40 when buying this product \u0160iuolaikiniame pasaulyje balti dantys yra ne tik patrauklumo \u017eenklas, bet ir tam tikro \u017emogaus gyvenimo ir statuso rodiklis. Laikui b\u0117gant nuo kavos, arbatos ir blog\u0173 \u012fpro\u010di\u0173 net nat\u016braliai balti dantys tampa gelsvo atspalvio. Dant\u0173 \u0161epet\u0117lis &#8222;Bambuko med\u017eio anglis&#8221; su med\u017eio anglimi turintis super plonus \u0161erelius pad\u0117s [&#8230;]\n","protected":false},"featured_media":3237,"comment_status":"closed","ping_status":"closed","template":"","meta":[],"product_cat":[684,685,677],"product_tag":[],"class_list":{"0":"post-3635","1":"product","2":"type-product","3":"status-publish","4":"has-post-thumbnail","6":"product_cat-burnos-higiena","7":"product_cat-dantu-sepetukai","8":"product_cat-higiena","10":"first","11":"outofstock","12":"shipping-taxable","13":"purchasable","14":"product-type-simple"},"yoast_head":"<!-- This site is optimized with the Yoast SEO plugin v23.6 - https:\/\/yoast.com\/wordpress\/plugins\/seo\/ -->\n<title>Dant\u0173 \u0161epet\u0117lis &quot;Bambuko med\u017eio anglis&quot; 1 vnt. - TianDe Online Shop - Beauty &amp; Health<\/title>\n<meta name=\"robots\" content=\"index, follow, max-snippet:-1, max-image-preview:large, max-video-preview:-1\" \/>\n<link rel=\"canonical\" href=\"https:\/\/tiandeproducts.co.uk\/lt\/dantu-sepetelis-bambuko-medzio-anglis-1-vnt\/\" \/>\n<meta property=\"og:locale\" content=\"lt_LT\" \/>\n<meta property=\"og:type\" content=\"article\" \/>\n<meta property=\"og:title\" content=\"Dant\u0173 \u0161epet\u0117lis &quot;Bambuko med\u017eio anglis&quot; 1 vnt. - TianDe Online Shop - Beauty &amp; Health\" \/>\n<meta property=\"og:description\" content=\"\u00a0Earn 8 points worth \u00a30.40 when buying this product \u0160iuolaikiniame pasaulyje balti dantys yra ne tik patrauklumo \u017eenklas, bet ir tam tikro \u017emogaus gyvenimo ir statuso rodiklis. Laikui b\u0117gant nuo kavos, arbatos ir blog\u0173 \u012fpro\u010di\u0173 net nat\u016braliai balti dantys tampa gelsvo atspalvio. Dant\u0173 \u0161epet\u0117lis &#8222;Bambuko med\u017eio anglis&#8221; su med\u017eio anglimi turintis super plonus \u0161erelius pad\u0117s [...]\" \/>\n<meta property=\"og:url\" content=\"https:\/\/tiandeproducts.co.uk\/lt\/dantu-sepetelis-bambuko-medzio-anglis-1-vnt\/\" \/>\n<meta property=\"og:site_name\" content=\"TianDe Online Shop - Beauty &amp; Health\" \/>\n<meta property=\"article:publisher\" content=\"https:\/\/www.facebook.com\/tiande.products.england\/\" \/>\n<meta property=\"article:modified_time\" content=\"2021-02-12T10:11:13+00:00\" \/>\n<meta property=\"og:image\" content=\"https:\/\/tiandeproducts.co.uk\/wp-content\/uploads\/90175.png\" \/>\n\t<meta property=\"og:image:width\" content=\"700\" \/>\n\t<meta property=\"og:image:height\" content=\"700\" \/>\n\t<meta property=\"og:image:type\" content=\"image\/png\" \/>\n<meta name=\"twitter:card\" content=\"summary_large_image\" \/>\n<meta name=\"twitter:label1\" content=\"Est. reading time\" \/>\n\t<meta name=\"twitter:data1\" content=\"1 minut\u0117\" \/>\n<script type=\"application\/ld+json\" class=\"yoast-schema-graph\">{\"@context\":\"https:\/\/schema.org\",\"@graph\":[{\"@type\":\"WebPage\",\"@id\":\"https:\/\/tiandeproducts.co.uk\/lt\/dantu-sepetelis-bambuko-medzio-anglis-1-vnt\/\",\"url\":\"https:\/\/tiandeproducts.co.uk\/lt\/dantu-sepetelis-bambuko-medzio-anglis-1-vnt\/\",\"name\":\"Dant\u0173 \u0161epet\u0117lis \\\"Bambuko med\u017eio anglis\\\" 1 vnt. - TianDe Online Shop - Beauty &amp; Health\",\"isPartOf\":{\"@id\":\"https:\/\/tiandeproducts.co.uk\/#website\"},\"primaryImageOfPage\":{\"@id\":\"https:\/\/tiandeproducts.co.uk\/lt\/dantu-sepetelis-bambuko-medzio-anglis-1-vnt\/#primaryimage\"},\"image\":{\"@id\":\"https:\/\/tiandeproducts.co.uk\/lt\/dantu-sepetelis-bambuko-medzio-anglis-1-vnt\/#primaryimage\"},\"thumbnailUrl\":\"https:\/\/tiandeproducts.co.uk\/wp-content\/uploads\/90175.png\",\"datePublished\":\"2019-07-17T19:12:49+00:00\",\"dateModified\":\"2021-02-12T10:11:13+00:00\",\"breadcrumb\":{\"@id\":\"https:\/\/tiandeproducts.co.uk\/lt\/dantu-sepetelis-bambuko-medzio-anglis-1-vnt\/#breadcrumb\"},\"inLanguage\":\"lt-LT\",\"potentialAction\":[{\"@type\":\"ReadAction\",\"target\":[\"https:\/\/tiandeproducts.co.uk\/lt\/dantu-sepetelis-bambuko-medzio-anglis-1-vnt\/\"]}]},{\"@type\":\"ImageObject\",\"inLanguage\":\"lt-LT\",\"@id\":\"https:\/\/tiandeproducts.co.uk\/lt\/dantu-sepetelis-bambuko-medzio-anglis-1-vnt\/#primaryimage\",\"url\":\"https:\/\/tiandeproducts.co.uk\/wp-content\/uploads\/90175.png\",\"contentUrl\":\"https:\/\/tiandeproducts.co.uk\/wp-content\/uploads\/90175.png\",\"width\":700,\"height\":700},{\"@type\":\"BreadcrumbList\",\"@id\":\"https:\/\/tiandeproducts.co.uk\/lt\/dantu-sepetelis-bambuko-medzio-anglis-1-vnt\/#breadcrumb\",\"itemListElement\":[{\"@type\":\"ListItem\",\"position\":1,\"name\":\"Home\",\"item\":\"https:\/\/tiandeproducts.co.uk\/lt\/\"},{\"@type\":\"ListItem\",\"position\":2,\"name\":\"Shop\",\"item\":\"https:\/\/tiandeproducts.co.uk\/lt\/shop-2\/\"},{\"@type\":\"ListItem\",\"position\":3,\"name\":\"Dant\u0173 \u0161epet\u0117lis &#8220;Bambuko med\u017eio anglis&#8221; 1 vnt.\"}]},{\"@type\":\"WebSite\",\"@id\":\"https:\/\/tiandeproducts.co.uk\/#website\",\"url\":\"https:\/\/tiandeproducts.co.uk\/\",\"name\":\"TianDe Online Shop - Beauty & Health\",\"description\":\"Traditional Chinese Medicine\",\"potentialAction\":[{\"@type\":\"SearchAction\",\"target\":{\"@type\":\"EntryPoint\",\"urlTemplate\":\"https:\/\/tiandeproducts.co.uk\/?s={search_term_string}\"},\"query-input\":{\"@type\":\"PropertyValueSpecification\",\"valueRequired\":true,\"valueName\":\"search_term_string\"}}],\"inLanguage\":\"lt-LT\"}]}<\/script>\n<!-- \/ Yoast SEO plugin. -->","yoast_head_json":{"title":"Dant\u0173 \u0161epet\u0117lis \"Bambuko med\u017eio anglis\" 1 vnt. - TianDe Online Shop - Beauty &amp; Health","robots":{"index":"index","follow":"follow","max-snippet":"max-snippet:-1","max-image-preview":"max-image-preview:large","max-video-preview":"max-video-preview:-1"},"canonical":"https:\/\/tiandeproducts.co.uk\/lt\/dantu-sepetelis-bambuko-medzio-anglis-1-vnt\/","og_locale":"lt_LT","og_type":"article","og_title":"Dant\u0173 \u0161epet\u0117lis \"Bambuko med\u017eio anglis\" 1 vnt. - TianDe Online Shop - Beauty &amp; Health","og_description":"\u00a0Earn 8 points worth \u00a30.40 when buying this product \u0160iuolaikiniame pasaulyje balti dantys yra ne tik patrauklumo \u017eenklas, bet ir tam tikro \u017emogaus gyvenimo ir statuso rodiklis. Laikui b\u0117gant nuo kavos, arbatos ir blog\u0173 \u012fpro\u010di\u0173 net nat\u016braliai balti dantys tampa gelsvo atspalvio. Dant\u0173 \u0161epet\u0117lis &#8222;Bambuko med\u017eio anglis&#8221; su med\u017eio anglimi turintis super plonus \u0161erelius pad\u0117s [...]","og_url":"https:\/\/tiandeproducts.co.uk\/lt\/dantu-sepetelis-bambuko-medzio-anglis-1-vnt\/","og_site_name":"TianDe Online Shop - Beauty &amp; Health","article_publisher":"https:\/\/www.facebook.com\/tiande.products.england\/","article_modified_time":"2021-02-12T10:11:13+00:00","og_image":[{"width":700,"height":700,"url":"https:\/\/tiandeproducts.co.uk\/wp-content\/uploads\/90175.png","type":"image\/png"}],"twitter_card":"summary_large_image","twitter_misc":{"Est. reading time":"1 minut\u0117"},"schema":{"@context":"https:\/\/schema.org","@graph":[{"@type":"WebPage","@id":"https:\/\/tiandeproducts.co.uk\/lt\/dantu-sepetelis-bambuko-medzio-anglis-1-vnt\/","url":"https:\/\/tiandeproducts.co.uk\/lt\/dantu-sepetelis-bambuko-medzio-anglis-1-vnt\/","name":"Dant\u0173 \u0161epet\u0117lis \"Bambuko med\u017eio anglis\" 1 vnt. - TianDe Online Shop - Beauty &amp; Health","isPartOf":{"@id":"https:\/\/tiandeproducts.co.uk\/#website"},"primaryImageOfPage":{"@id":"https:\/\/tiandeproducts.co.uk\/lt\/dantu-sepetelis-bambuko-medzio-anglis-1-vnt\/#primaryimage"},"image":{"@id":"https:\/\/tiandeproducts.co.uk\/lt\/dantu-sepetelis-bambuko-medzio-anglis-1-vnt\/#primaryimage"},"thumbnailUrl":"https:\/\/tiandeproducts.co.uk\/wp-content\/uploads\/90175.png","datePublished":"2019-07-17T19:12:49+00:00","dateModified":"2021-02-12T10:11:13+00:00","breadcrumb":{"@id":"https:\/\/tiandeproducts.co.uk\/lt\/dantu-sepetelis-bambuko-medzio-anglis-1-vnt\/#breadcrumb"},"inLanguage":"lt-LT","potentialAction":[{"@type":"ReadAction","target":["https:\/\/tiandeproducts.co.uk\/lt\/dantu-sepetelis-bambuko-medzio-anglis-1-vnt\/"]}]},{"@type":"ImageObject","inLanguage":"lt-LT","@id":"https:\/\/tiandeproducts.co.uk\/lt\/dantu-sepetelis-bambuko-medzio-anglis-1-vnt\/#primaryimage","url":"https:\/\/tiandeproducts.co.uk\/wp-content\/uploads\/90175.png","contentUrl":"https:\/\/tiandeproducts.co.uk\/wp-content\/uploads\/90175.png","width":700,"height":700},{"@type":"BreadcrumbList","@id":"https:\/\/tiandeproducts.co.uk\/lt\/dantu-sepetelis-bambuko-medzio-anglis-1-vnt\/#breadcrumb","itemListElement":[{"@type":"ListItem","position":1,"name":"Home","item":"https:\/\/tiandeproducts.co.uk\/lt\/"},{"@type":"ListItem","position":2,"name":"Shop","item":"https:\/\/tiandeproducts.co.uk\/lt\/shop-2\/"},{"@type":"ListItem","position":3,"name":"Dant\u0173 \u0161epet\u0117lis &#8220;Bambuko med\u017eio anglis&#8221; 1 vnt."}]},{"@type":"WebSite","@id":"https:\/\/tiandeproducts.co.uk\/#website","url":"https:\/\/tiandeproducts.co.uk\/","name":"TianDe Online Shop - Beauty & Health","description":"Traditional Chinese Medicine","potentialAction":[{"@type":"SearchAction","target":{"@type":"EntryPoint","urlTemplate":"https:\/\/tiandeproducts.co.uk\/?s={search_term_string}"},"query-input":{"@type":"PropertyValueSpecification","valueRequired":true,"valueName":"search_term_string"}}],"inLanguage":"lt-LT"}]}},"_links":{"self":[{"href":"https:\/\/tiandeproducts.co.uk\/lt\/wp-json\/wp\/v2\/product\/3635","targetHints":{"allow":["GET"]}}],"collection":[{"href":"https:\/\/tiandeproducts.co.uk\/lt\/wp-json\/wp\/v2\/product"}],"about":[{"href":"https:\/\/tiandeproducts.co.uk\/lt\/wp-json\/wp\/v2\/types\/product"}],"replies":[{"embeddable":true,"href":"https:\/\/tiandeproducts.co.uk\/lt\/wp-json\/wp\/v2\/comments?post=3635"}],"wp:featuredmedia":[{"embeddable":true,"href":"https:\/\/tiandeproducts.co.uk\/lt\/wp-json\/wp\/v2\/media\/3237"}],"wp:attachment":[{"href":"https:\/\/tiandeproducts.co.uk\/lt\/wp-json\/wp\/v2\/media?parent=3635"}],"wp:term":[{"taxonomy":"product_cat","embeddable":true,"href":"https:\/\/tiandeproducts.co.uk\/lt\/wp-json\/wp\/v2\/product_cat?post=3635"},{"taxonomy":"product_tag","embeddable":true,"href":"https:\/\/tiandeproducts.co.uk\/lt\/wp-json\/wp\/v2\/product_tag?post=3635"}],"curies":[{"name":"wp","href":"https:\/\/api.w.org\/{rel}","templated":true}]}}