{"id":3633,"date":"2019-07-17T20:19:46","date_gmt":"2019-07-17T19:19:46","guid":{"rendered":"https:\/\/tnd.ontesting.co.uk\/augaline-purskiama-priemone-su-biciu-pikiu-burnos-gaivai-50-ml\/"},"modified":"2021-02-05T18:48:43","modified_gmt":"2021-02-05T18:48:43","slug":"augaline-purskiama-priemone-su-biciu-pikiu-burnos-gaivai-50-ml","status":"publish","type":"product","link":"https:\/\/tiandeproducts.co.uk\/lt\/augaline-purskiama-priemone-su-biciu-pikiu-burnos-gaivai-50-ml\/","title":{"rendered":"Augalin\u0117 pur\u0161kiama priemon\u0117 su bi\u010di\u0173 pikiu burnos gaivai 50 ml."},"content":{"rendered":"<p><img decoding=\"async\" style=\"max-width: 16px; margin-right: 5px;\" src=\"https:\/\/tiandeproducts.co.uk\/wp-content\/uploads\/points-green.svg\" \/>\u00a0Earn 11 points worth \u00a30.55 when buying this product<\/p>\n<p>Priemon\u0117 su propoliu kovoja su nemaloni\u0173 kvapu ir burnos ertm\u0117s problem\u0173 prie\u017eastimi &#8211; su bakterijomis. Ji neu\u017emaskuoja problemos, o kasdien ji pagerina danten\u0173 ir burnos gleivin\u0117s b\u016bkl\u0119.<\/p>\n<p>Ji efektyviai veikia d\u0117l didelio grynumo 100% nat\u016bralaus propolio. Jis \u017einomas d\u0117l savo baktericidini\u0173 ir regeneruojan\u010di\u0173 savybi\u0173. Nor\u0117dami padidinti efekt\u0105, pur\u0161kimui prid\u0117ta Levzeyu (maralo \u0161aknis) ir bergenija. Pur\u0161kiklis gali b\u016bti naudojamas ne tik kv\u0117pavimo \u0161vie\u017eumui, burnos ertm\u0117s problem\u0173 sprendimui ir kovai su patogenin\u0117mis bakterijomis, bet ir kaip vietinis antiseptikas. Jame n\u0117ra ALKOHOLIO, pagaminto ant vandens pagrindo! Patogaus purk\u0161tuvo d\u0117ka produkto vartojimas bus labai ekonomi\u0161kas. Pakanka apie 250 papur\u0161kim\u0173.<\/p>\n<p><strong>Naudojimas:<\/strong> suplakite buteliuk\u0105, papurk\u0161kite \u012f burn\u0105 (1-2 paspaudimus), tada 30 minu\u010di\u0173 nevartokite vandens ir maisto. Rekomenduojama naudoti 4-6 kartus per dien\u0105.<\/p>\n","protected":false},"excerpt":{"rendered":"<p>\u00a0Earn 11 points worth \u00a30.55 when buying this product Priemon\u0117 su propoliu kovoja su nemaloni\u0173 kvapu ir burnos ertm\u0117s problem\u0173 prie\u017eastimi &#8211; su bakterijomis. Ji neu\u017emaskuoja problemos, o kasdien ji pagerina danten\u0173 ir burnos gleivin\u0117s b\u016bkl\u0119. Ji efektyviai veikia d\u0117l didelio grynumo 100% nat\u016bralaus propolio. Jis \u017einomas d\u0117l savo baktericidini\u0173 ir regeneruojan\u010di\u0173 savybi\u0173. Nor\u0117dami padidinti [&#8230;]\n","protected":false},"featured_media":3242,"comment_status":"closed","ping_status":"closed","template":"","meta":[],"product_cat":[684,686,677],"product_tag":[],"class_list":{"0":"post-3633","1":"product","2":"type-product","3":"status-publish","4":"has-post-thumbnail","6":"product_cat-burnos-higiena","7":"product_cat-dantu-pastosgeliai","8":"product_cat-higiena","10":"first","11":"outofstock","12":"shipping-taxable","13":"purchasable","14":"product-type-simple"},"yoast_head":"<!-- This site is optimized with the Yoast SEO plugin v23.6 - https:\/\/yoast.com\/wordpress\/plugins\/seo\/ -->\n<title>Augalin\u0117 pur\u0161kiama priemon\u0117 su bi\u010di\u0173 pikiu burnos gaivai 50 ml. - TianDe Online Shop - Beauty &amp; Health<\/title>\n<meta name=\"robots\" content=\"index, follow, max-snippet:-1, max-image-preview:large, max-video-preview:-1\" \/>\n<link rel=\"canonical\" href=\"https:\/\/tiandeproducts.co.uk\/lt\/augaline-purskiama-priemone-su-biciu-pikiu-burnos-gaivai-50-ml\/\" \/>\n<meta property=\"og:locale\" content=\"lt_LT\" \/>\n<meta property=\"og:type\" content=\"article\" \/>\n<meta property=\"og:title\" content=\"Augalin\u0117 pur\u0161kiama priemon\u0117 su bi\u010di\u0173 pikiu burnos gaivai 50 ml. - TianDe Online Shop - Beauty &amp; Health\" \/>\n<meta property=\"og:description\" content=\"\u00a0Earn 11 points worth \u00a30.55 when buying this product Priemon\u0117 su propoliu kovoja su nemaloni\u0173 kvapu ir burnos ertm\u0117s problem\u0173 prie\u017eastimi &#8211; su bakterijomis. Ji neu\u017emaskuoja problemos, o kasdien ji pagerina danten\u0173 ir burnos gleivin\u0117s b\u016bkl\u0119. Ji efektyviai veikia d\u0117l didelio grynumo 100% nat\u016bralaus propolio. Jis \u017einomas d\u0117l savo baktericidini\u0173 ir regeneruojan\u010di\u0173 savybi\u0173. Nor\u0117dami padidinti [...]\" \/>\n<meta property=\"og:url\" content=\"https:\/\/tiandeproducts.co.uk\/lt\/augaline-purskiama-priemone-su-biciu-pikiu-burnos-gaivai-50-ml\/\" \/>\n<meta property=\"og:site_name\" content=\"TianDe Online Shop - Beauty &amp; Health\" \/>\n<meta property=\"article:publisher\" content=\"https:\/\/www.facebook.com\/tiande.products.england\/\" \/>\n<meta property=\"article:modified_time\" content=\"2021-02-05T18:48:43+00:00\" \/>\n<meta property=\"og:image\" content=\"https:\/\/tiandeproducts.co.uk\/wp-content\/uploads\/65901.png\" \/>\n\t<meta property=\"og:image:width\" content=\"510\" \/>\n\t<meta property=\"og:image:height\" content=\"510\" \/>\n\t<meta property=\"og:image:type\" content=\"image\/png\" \/>\n<meta name=\"twitter:card\" content=\"summary_large_image\" \/>\n<meta name=\"twitter:label1\" content=\"Est. reading time\" \/>\n\t<meta name=\"twitter:data1\" content=\"1 minut\u0117\" \/>\n<script type=\"application\/ld+json\" class=\"yoast-schema-graph\">{\"@context\":\"https:\/\/schema.org\",\"@graph\":[{\"@type\":\"WebPage\",\"@id\":\"https:\/\/tiandeproducts.co.uk\/lt\/augaline-purskiama-priemone-su-biciu-pikiu-burnos-gaivai-50-ml\/\",\"url\":\"https:\/\/tiandeproducts.co.uk\/lt\/augaline-purskiama-priemone-su-biciu-pikiu-burnos-gaivai-50-ml\/\",\"name\":\"Augalin\u0117 pur\u0161kiama priemon\u0117 su bi\u010di\u0173 pikiu burnos gaivai 50 ml. - TianDe Online Shop - Beauty &amp; Health\",\"isPartOf\":{\"@id\":\"https:\/\/tiandeproducts.co.uk\/#website\"},\"primaryImageOfPage\":{\"@id\":\"https:\/\/tiandeproducts.co.uk\/lt\/augaline-purskiama-priemone-su-biciu-pikiu-burnos-gaivai-50-ml\/#primaryimage\"},\"image\":{\"@id\":\"https:\/\/tiandeproducts.co.uk\/lt\/augaline-purskiama-priemone-su-biciu-pikiu-burnos-gaivai-50-ml\/#primaryimage\"},\"thumbnailUrl\":\"https:\/\/tiandeproducts.co.uk\/wp-content\/uploads\/65901.png\",\"datePublished\":\"2019-07-17T19:19:46+00:00\",\"dateModified\":\"2021-02-05T18:48:43+00:00\",\"breadcrumb\":{\"@id\":\"https:\/\/tiandeproducts.co.uk\/lt\/augaline-purskiama-priemone-su-biciu-pikiu-burnos-gaivai-50-ml\/#breadcrumb\"},\"inLanguage\":\"lt-LT\",\"potentialAction\":[{\"@type\":\"ReadAction\",\"target\":[\"https:\/\/tiandeproducts.co.uk\/lt\/augaline-purskiama-priemone-su-biciu-pikiu-burnos-gaivai-50-ml\/\"]}]},{\"@type\":\"ImageObject\",\"inLanguage\":\"lt-LT\",\"@id\":\"https:\/\/tiandeproducts.co.uk\/lt\/augaline-purskiama-priemone-su-biciu-pikiu-burnos-gaivai-50-ml\/#primaryimage\",\"url\":\"https:\/\/tiandeproducts.co.uk\/wp-content\/uploads\/65901.png\",\"contentUrl\":\"https:\/\/tiandeproducts.co.uk\/wp-content\/uploads\/65901.png\",\"width\":510,\"height\":510},{\"@type\":\"BreadcrumbList\",\"@id\":\"https:\/\/tiandeproducts.co.uk\/lt\/augaline-purskiama-priemone-su-biciu-pikiu-burnos-gaivai-50-ml\/#breadcrumb\",\"itemListElement\":[{\"@type\":\"ListItem\",\"position\":1,\"name\":\"Home\",\"item\":\"https:\/\/tiandeproducts.co.uk\/lt\/\"},{\"@type\":\"ListItem\",\"position\":2,\"name\":\"Shop\",\"item\":\"https:\/\/tiandeproducts.co.uk\/lt\/shop-2\/\"},{\"@type\":\"ListItem\",\"position\":3,\"name\":\"Augalin\u0117 pur\u0161kiama priemon\u0117 su bi\u010di\u0173 pikiu burnos gaivai 50 ml.\"}]},{\"@type\":\"WebSite\",\"@id\":\"https:\/\/tiandeproducts.co.uk\/#website\",\"url\":\"https:\/\/tiandeproducts.co.uk\/\",\"name\":\"TianDe Online Shop - Beauty & Health\",\"description\":\"Traditional Chinese Medicine\",\"potentialAction\":[{\"@type\":\"SearchAction\",\"target\":{\"@type\":\"EntryPoint\",\"urlTemplate\":\"https:\/\/tiandeproducts.co.uk\/?s={search_term_string}\"},\"query-input\":{\"@type\":\"PropertyValueSpecification\",\"valueRequired\":true,\"valueName\":\"search_term_string\"}}],\"inLanguage\":\"lt-LT\"}]}<\/script>\n<!-- \/ Yoast SEO plugin. -->","yoast_head_json":{"title":"Augalin\u0117 pur\u0161kiama priemon\u0117 su bi\u010di\u0173 pikiu burnos gaivai 50 ml. - TianDe Online Shop - Beauty &amp; Health","robots":{"index":"index","follow":"follow","max-snippet":"max-snippet:-1","max-image-preview":"max-image-preview:large","max-video-preview":"max-video-preview:-1"},"canonical":"https:\/\/tiandeproducts.co.uk\/lt\/augaline-purskiama-priemone-su-biciu-pikiu-burnos-gaivai-50-ml\/","og_locale":"lt_LT","og_type":"article","og_title":"Augalin\u0117 pur\u0161kiama priemon\u0117 su bi\u010di\u0173 pikiu burnos gaivai 50 ml. - TianDe Online Shop - Beauty &amp; Health","og_description":"\u00a0Earn 11 points worth \u00a30.55 when buying this product Priemon\u0117 su propoliu kovoja su nemaloni\u0173 kvapu ir burnos ertm\u0117s problem\u0173 prie\u017eastimi &#8211; su bakterijomis. Ji neu\u017emaskuoja problemos, o kasdien ji pagerina danten\u0173 ir burnos gleivin\u0117s b\u016bkl\u0119. Ji efektyviai veikia d\u0117l didelio grynumo 100% nat\u016bralaus propolio. Jis \u017einomas d\u0117l savo baktericidini\u0173 ir regeneruojan\u010di\u0173 savybi\u0173. Nor\u0117dami padidinti [...]","og_url":"https:\/\/tiandeproducts.co.uk\/lt\/augaline-purskiama-priemone-su-biciu-pikiu-burnos-gaivai-50-ml\/","og_site_name":"TianDe Online Shop - Beauty &amp; Health","article_publisher":"https:\/\/www.facebook.com\/tiande.products.england\/","article_modified_time":"2021-02-05T18:48:43+00:00","og_image":[{"width":510,"height":510,"url":"https:\/\/tiandeproducts.co.uk\/wp-content\/uploads\/65901.png","type":"image\/png"}],"twitter_card":"summary_large_image","twitter_misc":{"Est. reading time":"1 minut\u0117"},"schema":{"@context":"https:\/\/schema.org","@graph":[{"@type":"WebPage","@id":"https:\/\/tiandeproducts.co.uk\/lt\/augaline-purskiama-priemone-su-biciu-pikiu-burnos-gaivai-50-ml\/","url":"https:\/\/tiandeproducts.co.uk\/lt\/augaline-purskiama-priemone-su-biciu-pikiu-burnos-gaivai-50-ml\/","name":"Augalin\u0117 pur\u0161kiama priemon\u0117 su bi\u010di\u0173 pikiu burnos gaivai 50 ml. - TianDe Online Shop - Beauty &amp; Health","isPartOf":{"@id":"https:\/\/tiandeproducts.co.uk\/#website"},"primaryImageOfPage":{"@id":"https:\/\/tiandeproducts.co.uk\/lt\/augaline-purskiama-priemone-su-biciu-pikiu-burnos-gaivai-50-ml\/#primaryimage"},"image":{"@id":"https:\/\/tiandeproducts.co.uk\/lt\/augaline-purskiama-priemone-su-biciu-pikiu-burnos-gaivai-50-ml\/#primaryimage"},"thumbnailUrl":"https:\/\/tiandeproducts.co.uk\/wp-content\/uploads\/65901.png","datePublished":"2019-07-17T19:19:46+00:00","dateModified":"2021-02-05T18:48:43+00:00","breadcrumb":{"@id":"https:\/\/tiandeproducts.co.uk\/lt\/augaline-purskiama-priemone-su-biciu-pikiu-burnos-gaivai-50-ml\/#breadcrumb"},"inLanguage":"lt-LT","potentialAction":[{"@type":"ReadAction","target":["https:\/\/tiandeproducts.co.uk\/lt\/augaline-purskiama-priemone-su-biciu-pikiu-burnos-gaivai-50-ml\/"]}]},{"@type":"ImageObject","inLanguage":"lt-LT","@id":"https:\/\/tiandeproducts.co.uk\/lt\/augaline-purskiama-priemone-su-biciu-pikiu-burnos-gaivai-50-ml\/#primaryimage","url":"https:\/\/tiandeproducts.co.uk\/wp-content\/uploads\/65901.png","contentUrl":"https:\/\/tiandeproducts.co.uk\/wp-content\/uploads\/65901.png","width":510,"height":510},{"@type":"BreadcrumbList","@id":"https:\/\/tiandeproducts.co.uk\/lt\/augaline-purskiama-priemone-su-biciu-pikiu-burnos-gaivai-50-ml\/#breadcrumb","itemListElement":[{"@type":"ListItem","position":1,"name":"Home","item":"https:\/\/tiandeproducts.co.uk\/lt\/"},{"@type":"ListItem","position":2,"name":"Shop","item":"https:\/\/tiandeproducts.co.uk\/lt\/shop-2\/"},{"@type":"ListItem","position":3,"name":"Augalin\u0117 pur\u0161kiama priemon\u0117 su bi\u010di\u0173 pikiu burnos gaivai 50 ml."}]},{"@type":"WebSite","@id":"https:\/\/tiandeproducts.co.uk\/#website","url":"https:\/\/tiandeproducts.co.uk\/","name":"TianDe Online Shop - Beauty & Health","description":"Traditional Chinese Medicine","potentialAction":[{"@type":"SearchAction","target":{"@type":"EntryPoint","urlTemplate":"https:\/\/tiandeproducts.co.uk\/?s={search_term_string}"},"query-input":{"@type":"PropertyValueSpecification","valueRequired":true,"valueName":"search_term_string"}}],"inLanguage":"lt-LT"}]}},"_links":{"self":[{"href":"https:\/\/tiandeproducts.co.uk\/lt\/wp-json\/wp\/v2\/product\/3633","targetHints":{"allow":["GET"]}}],"collection":[{"href":"https:\/\/tiandeproducts.co.uk\/lt\/wp-json\/wp\/v2\/product"}],"about":[{"href":"https:\/\/tiandeproducts.co.uk\/lt\/wp-json\/wp\/v2\/types\/product"}],"replies":[{"embeddable":true,"href":"https:\/\/tiandeproducts.co.uk\/lt\/wp-json\/wp\/v2\/comments?post=3633"}],"wp:featuredmedia":[{"embeddable":true,"href":"https:\/\/tiandeproducts.co.uk\/lt\/wp-json\/wp\/v2\/media\/3242"}],"wp:attachment":[{"href":"https:\/\/tiandeproducts.co.uk\/lt\/wp-json\/wp\/v2\/media?parent=3633"}],"wp:term":[{"taxonomy":"product_cat","embeddable":true,"href":"https:\/\/tiandeproducts.co.uk\/lt\/wp-json\/wp\/v2\/product_cat?post=3633"},{"taxonomy":"product_tag","embeddable":true,"href":"https:\/\/tiandeproducts.co.uk\/lt\/wp-json\/wp\/v2\/product_tag?post=3633"}],"curies":[{"name":"wp","href":"https:\/\/api.w.org\/{rel}","templated":true}]}}