{"id":3632,"date":"2016-04-07T17:24:00","date_gmt":"2016-04-07T16:24:00","guid":{"rendered":"https:\/\/tnd.ontesting.co.uk\/kasdieniai-higieniniai-iklotai-svelnus-rupestis-1-vnt\/"},"modified":"2020-02-27T07:52:34","modified_gmt":"2020-02-27T07:52:34","slug":"kasdieniai-higieniniai-iklotai-svelnus-rupestis-1-vnt","status":"publish","type":"product","link":"https:\/\/tiandeproducts.co.uk\/lt\/kasdieniai-higieniniai-iklotai-svelnus-rupestis-1-vnt\/","title":{"rendered":"Kasdieniai higieniniai \u012fklotai \u201e\u0160velnus r\u016bpestis\u201c 1 vnt."},"content":{"rendered":"<div class=\"col-md-6\">\n<p>Higieniniai \u012fklotai pasi\u017eymi stipriomis skausm\u0105 ma\u017einan\u010diomis ir \u0161lapim\u0105 skatinan\u010diomis savyb\u0117mis,\u00a0\u201e\u017eoli\u0173 kompresas&#8221; greitai ir efektyviai stabdo bakterij\u0173 dauginim\u0105si, kuris ir sukelia \u012fvairius u\u017edegiminius procesus, cistito vystym\u0105si. Sud\u0117tyje esantis ekstrakt\u0173 kompleksas normalizuoja lyties organ\u0173 gleivin\u0117s pH balans\u0105, gerina vietin\u0119 kraujotak\u0105, nuima patinimus, ma\u017eina klimakterinio laikotarpio sukelt\u0105 diskomfort\u0105, naudojamas kaip pagalbin\u0117 priemon\u0117 \u0161lapimo p\u016bsl\u0117s u\u017edegimui ma\u017einti. Mink\u0161tas ir nat\u016bralus vir\u0161utinis \u012fkloto sluoksnis akimirksniu praleid\u017eia dr\u0117gm\u0119 \u012f paketo vid\u0173, pasir\u016bpina ilgalaikiu gaivos ir \u0161varos efektu. Priemon\u0117 ypa\u010d rekomenduojama po ginekologini\u0173 operacij\u0173 ar susirgim\u0173 rezultatui u\u017etvirtinti (po medikamentinio gydymo).<\/p>\n<p>\u012eklot\u0173 &#8211; fito kompres\u0173 \u201eGentle Care&#8221; efektyvumo garantas &#8211; biologin\u0117 fito mas\u0117, sudaryta i\u0161 38 gydom\u0173j\u0173 augal\u0173 ekstrakt\u0173 ir saus\u0173 \u017eoli\u0173 komplekso bei eterini\u0173 aliej\u0173, kuri turi ypa\u010d veiksming\u0105 prie\u0161u\u017edegimin\u012f, antivirusin\u012f, antibakterin\u012f ir nuskausminam\u0105j\u012f poveik\u012f. Tai auk\u0161\u010diausios kokyb\u0117s, saugus ir funkcionalus higienos produktas &#8211; be jokios chemin\u0117s \u017ealos moters sveikatai ir gamtai, panaudojant tik augal\u0173 gyvybin\u0119 j\u0117g\u0105 ir Ryt\u0173 medicinos i\u0161mint\u012f!<\/p>\n<p><strong style=\"color: #333333;font-size: 14.4px\">Naudojimas:<\/strong><\/p>\n<\/div>\n<div class=\"col-md-6\">Po 1 kasdienin\u012f \u012fklot\u0105 per dien\u0105. Galite pajusti maloni\u0105 \u0161ilum\u0105 arba v\u0117s\u0105, kuri dings po keli\u0173 minu\u010di\u0173, kai \u012fklotas \u201eprisitaikys\u201c prie j\u016bs\u0173 organizmo. Nenaudoti n\u0117\u0161\u010dioms moterims, paaugl\u0117ms mergait\u0117ms (d\u0117l padidinto seksualinio jautrumo), bei menstruacij\u0173 metu.<\/div>\n<p><strong>Alunitas:<\/strong>\u00a0apsaugo nuo nemalonaus kvapo.<\/p>\n<p><strong>Borneolis:<\/strong>\u00a0pasi\u017eymi prie\u0161u\u017edegimin\u0117mis ir antibakterin\u0117mis savybemis.<\/p>\n<p><strong>Skudutis<\/strong>: atstato hormonialin\u012f fon\u0105.<\/p>\n<p><strong>Kiaulpien\u0117:<\/strong>\u00a0stimuliuoja imunitet\u0105.<\/p>\n<p><strong>Japon\u0173 sofora:<\/strong>\u00a0atstato ir sustiprina kraujagysli\u0173 sieneles.<\/p>\n<p><strong>Japon\u0173 sausmedis:<\/strong>\u00a0atstato mikrofloros balans\u0105.<\/p>\n<p><strong>M\u0117ta:<\/strong>\u00a0lengvai \u0161aldo pa\u017eeistas sudirgusias vietas.<\/p>\n<p><strong>Gardenija:<\/strong>\u00a0pasi\u017eymi antiseptin\u0117mis ir tonizuojan\u010diomis savyb\u0117mis.<\/p>\n<p><strong>Indijos chrizantema:<\/strong>\u00a0sustiprina odos apsaugines savybes nuo neigiamo aplinkos poveikio.<\/p>\n","protected":false},"excerpt":{"rendered":"<p>Higieniniai \u012fklotai pasi\u017eymi stipriomis skausm\u0105 ma\u017einan\u010diomis ir \u0161lapim\u0105 skatinan\u010diomis savyb\u0117mis,\u00a0\u201e\u017eoli\u0173 kompresas&#8221; greitai ir efektyviai stabdo bakterij\u0173 dauginim\u0105si, kuris ir sukelia \u012fvairius u\u017edegiminius procesus, cistito vystym\u0105si. Sud\u0117tyje esantis ekstrakt\u0173 kompleksas normalizuoja lyties organ\u0173 gleivin\u0117s pH balans\u0105, gerina vietin\u0119 kraujotak\u0105, nuima patinimus, ma\u017eina klimakterinio laikotarpio sukelt\u0105 diskomfort\u0105, naudojamas kaip pagalbin\u0117 priemon\u0117 \u0161lapimo p\u016bsl\u0117s u\u017edegimui ma\u017einti. Mink\u0161tas ir [&#8230;]\n","protected":false},"featured_media":762,"comment_status":"closed","ping_status":"closed","template":"","meta":[],"product_cat":[677,682,679],"product_tag":[],"class_list":{"0":"post-3632","1":"product","2":"type-product","3":"status-publish","4":"has-post-thumbnail","6":"product_cat-higiena","7":"product_cat-intymi-higiena","8":"product_cat-kasdieniniiai-iklotai","10":"first","11":"instock","12":"shipping-taxable","13":"purchasable","14":"product-type-simple"},"yoast_head":"<!-- This site is optimized with the Yoast SEO plugin v23.6 - https:\/\/yoast.com\/wordpress\/plugins\/seo\/ -->\n<title>Kasdieniai higieniniai \u012fklotai \u201e\u0160velnus r\u016bpestis\u201c 1 vnt. - TianDe Online Shop - Beauty &amp; Health<\/title>\n<meta name=\"robots\" content=\"index, follow, max-snippet:-1, max-image-preview:large, max-video-preview:-1\" \/>\n<link rel=\"canonical\" href=\"https:\/\/tiandeproducts.co.uk\/lt\/kasdieniai-higieniniai-iklotai-svelnus-rupestis-1-vnt\/\" \/>\n<meta property=\"og:locale\" content=\"lt_LT\" \/>\n<meta property=\"og:type\" content=\"article\" \/>\n<meta property=\"og:title\" content=\"Kasdieniai higieniniai \u012fklotai \u201e\u0160velnus r\u016bpestis\u201c 1 vnt. - TianDe Online Shop - Beauty &amp; Health\" \/>\n<meta property=\"og:description\" content=\"Higieniniai \u012fklotai pasi\u017eymi stipriomis skausm\u0105 ma\u017einan\u010diomis ir \u0161lapim\u0105 skatinan\u010diomis savyb\u0117mis,\u00a0\u201e\u017eoli\u0173 kompresas&#8221; greitai ir efektyviai stabdo bakterij\u0173 dauginim\u0105si, kuris ir sukelia \u012fvairius u\u017edegiminius procesus, cistito vystym\u0105si. Sud\u0117tyje esantis ekstrakt\u0173 kompleksas normalizuoja lyties organ\u0173 gleivin\u0117s pH balans\u0105, gerina vietin\u0119 kraujotak\u0105, nuima patinimus, ma\u017eina klimakterinio laikotarpio sukelt\u0105 diskomfort\u0105, naudojamas kaip pagalbin\u0117 priemon\u0117 \u0161lapimo p\u016bsl\u0117s u\u017edegimui ma\u017einti. Mink\u0161tas ir [...]\" \/>\n<meta property=\"og:url\" content=\"https:\/\/tiandeproducts.co.uk\/lt\/kasdieniai-higieniniai-iklotai-svelnus-rupestis-1-vnt\/\" \/>\n<meta property=\"og:site_name\" content=\"TianDe Online Shop - Beauty &amp; Health\" \/>\n<meta property=\"article:publisher\" content=\"https:\/\/www.facebook.com\/tiande.products.england\/\" \/>\n<meta property=\"article:modified_time\" content=\"2020-02-27T07:52:34+00:00\" \/>\n<meta property=\"og:image\" content=\"https:\/\/tiandeproducts.co.uk\/wp-content\/uploads\/2016\/04\/60145.png\" \/>\n\t<meta property=\"og:image:width\" content=\"700\" \/>\n\t<meta property=\"og:image:height\" content=\"700\" \/>\n\t<meta property=\"og:image:type\" content=\"image\/png\" \/>\n<meta name=\"twitter:card\" content=\"summary_large_image\" \/>\n<meta name=\"twitter:label1\" content=\"Est. reading time\" \/>\n\t<meta name=\"twitter:data1\" content=\"1 minut\u0117\" \/>\n<script type=\"application\/ld+json\" class=\"yoast-schema-graph\">{\"@context\":\"https:\/\/schema.org\",\"@graph\":[{\"@type\":\"WebPage\",\"@id\":\"https:\/\/tiandeproducts.co.uk\/lt\/kasdieniai-higieniniai-iklotai-svelnus-rupestis-1-vnt\/\",\"url\":\"https:\/\/tiandeproducts.co.uk\/lt\/kasdieniai-higieniniai-iklotai-svelnus-rupestis-1-vnt\/\",\"name\":\"Kasdieniai higieniniai \u012fklotai \u201e\u0160velnus r\u016bpestis\u201c 1 vnt. - TianDe Online Shop - Beauty &amp; Health\",\"isPartOf\":{\"@id\":\"https:\/\/tiandeproducts.co.uk\/#website\"},\"primaryImageOfPage\":{\"@id\":\"https:\/\/tiandeproducts.co.uk\/lt\/kasdieniai-higieniniai-iklotai-svelnus-rupestis-1-vnt\/#primaryimage\"},\"image\":{\"@id\":\"https:\/\/tiandeproducts.co.uk\/lt\/kasdieniai-higieniniai-iklotai-svelnus-rupestis-1-vnt\/#primaryimage\"},\"thumbnailUrl\":\"https:\/\/tiandeproducts.co.uk\/wp-content\/uploads\/2016\/04\/60145.png\",\"datePublished\":\"2016-04-07T16:24:00+00:00\",\"dateModified\":\"2020-02-27T07:52:34+00:00\",\"breadcrumb\":{\"@id\":\"https:\/\/tiandeproducts.co.uk\/lt\/kasdieniai-higieniniai-iklotai-svelnus-rupestis-1-vnt\/#breadcrumb\"},\"inLanguage\":\"lt-LT\",\"potentialAction\":[{\"@type\":\"ReadAction\",\"target\":[\"https:\/\/tiandeproducts.co.uk\/lt\/kasdieniai-higieniniai-iklotai-svelnus-rupestis-1-vnt\/\"]}]},{\"@type\":\"ImageObject\",\"inLanguage\":\"lt-LT\",\"@id\":\"https:\/\/tiandeproducts.co.uk\/lt\/kasdieniai-higieniniai-iklotai-svelnus-rupestis-1-vnt\/#primaryimage\",\"url\":\"https:\/\/tiandeproducts.co.uk\/wp-content\/uploads\/2016\/04\/60145.png\",\"contentUrl\":\"https:\/\/tiandeproducts.co.uk\/wp-content\/uploads\/2016\/04\/60145.png\",\"width\":700,\"height\":700,\"caption\":\"Gentle Care Daily Panty Liner,Helps Exterminate Bacteria,1pc-0\"},{\"@type\":\"BreadcrumbList\",\"@id\":\"https:\/\/tiandeproducts.co.uk\/lt\/kasdieniai-higieniniai-iklotai-svelnus-rupestis-1-vnt\/#breadcrumb\",\"itemListElement\":[{\"@type\":\"ListItem\",\"position\":1,\"name\":\"Home\",\"item\":\"https:\/\/tiandeproducts.co.uk\/lt\/\"},{\"@type\":\"ListItem\",\"position\":2,\"name\":\"Shop\",\"item\":\"https:\/\/tiandeproducts.co.uk\/lt\/shop-2\/\"},{\"@type\":\"ListItem\",\"position\":3,\"name\":\"Kasdieniai higieniniai \u012fklotai \u201e\u0160velnus r\u016bpestis\u201c 1 vnt.\"}]},{\"@type\":\"WebSite\",\"@id\":\"https:\/\/tiandeproducts.co.uk\/#website\",\"url\":\"https:\/\/tiandeproducts.co.uk\/\",\"name\":\"TianDe Online Shop - Beauty & Health\",\"description\":\"Traditional Chinese Medicine\",\"potentialAction\":[{\"@type\":\"SearchAction\",\"target\":{\"@type\":\"EntryPoint\",\"urlTemplate\":\"https:\/\/tiandeproducts.co.uk\/?s={search_term_string}\"},\"query-input\":{\"@type\":\"PropertyValueSpecification\",\"valueRequired\":true,\"valueName\":\"search_term_string\"}}],\"inLanguage\":\"lt-LT\"}]}<\/script>\n<!-- \/ Yoast SEO plugin. -->","yoast_head_json":{"title":"Kasdieniai higieniniai \u012fklotai \u201e\u0160velnus r\u016bpestis\u201c 1 vnt. - TianDe Online Shop - Beauty &amp; Health","robots":{"index":"index","follow":"follow","max-snippet":"max-snippet:-1","max-image-preview":"max-image-preview:large","max-video-preview":"max-video-preview:-1"},"canonical":"https:\/\/tiandeproducts.co.uk\/lt\/kasdieniai-higieniniai-iklotai-svelnus-rupestis-1-vnt\/","og_locale":"lt_LT","og_type":"article","og_title":"Kasdieniai higieniniai \u012fklotai \u201e\u0160velnus r\u016bpestis\u201c 1 vnt. - TianDe Online Shop - Beauty &amp; Health","og_description":"Higieniniai \u012fklotai pasi\u017eymi stipriomis skausm\u0105 ma\u017einan\u010diomis ir \u0161lapim\u0105 skatinan\u010diomis savyb\u0117mis,\u00a0\u201e\u017eoli\u0173 kompresas&#8221; greitai ir efektyviai stabdo bakterij\u0173 dauginim\u0105si, kuris ir sukelia \u012fvairius u\u017edegiminius procesus, cistito vystym\u0105si. Sud\u0117tyje esantis ekstrakt\u0173 kompleksas normalizuoja lyties organ\u0173 gleivin\u0117s pH balans\u0105, gerina vietin\u0119 kraujotak\u0105, nuima patinimus, ma\u017eina klimakterinio laikotarpio sukelt\u0105 diskomfort\u0105, naudojamas kaip pagalbin\u0117 priemon\u0117 \u0161lapimo p\u016bsl\u0117s u\u017edegimui ma\u017einti. Mink\u0161tas ir [...]","og_url":"https:\/\/tiandeproducts.co.uk\/lt\/kasdieniai-higieniniai-iklotai-svelnus-rupestis-1-vnt\/","og_site_name":"TianDe Online Shop - Beauty &amp; Health","article_publisher":"https:\/\/www.facebook.com\/tiande.products.england\/","article_modified_time":"2020-02-27T07:52:34+00:00","og_image":[{"width":700,"height":700,"url":"https:\/\/tiandeproducts.co.uk\/wp-content\/uploads\/2016\/04\/60145.png","type":"image\/png"}],"twitter_card":"summary_large_image","twitter_misc":{"Est. reading time":"1 minut\u0117"},"schema":{"@context":"https:\/\/schema.org","@graph":[{"@type":"WebPage","@id":"https:\/\/tiandeproducts.co.uk\/lt\/kasdieniai-higieniniai-iklotai-svelnus-rupestis-1-vnt\/","url":"https:\/\/tiandeproducts.co.uk\/lt\/kasdieniai-higieniniai-iklotai-svelnus-rupestis-1-vnt\/","name":"Kasdieniai higieniniai \u012fklotai \u201e\u0160velnus r\u016bpestis\u201c 1 vnt. - TianDe Online Shop - Beauty &amp; Health","isPartOf":{"@id":"https:\/\/tiandeproducts.co.uk\/#website"},"primaryImageOfPage":{"@id":"https:\/\/tiandeproducts.co.uk\/lt\/kasdieniai-higieniniai-iklotai-svelnus-rupestis-1-vnt\/#primaryimage"},"image":{"@id":"https:\/\/tiandeproducts.co.uk\/lt\/kasdieniai-higieniniai-iklotai-svelnus-rupestis-1-vnt\/#primaryimage"},"thumbnailUrl":"https:\/\/tiandeproducts.co.uk\/wp-content\/uploads\/2016\/04\/60145.png","datePublished":"2016-04-07T16:24:00+00:00","dateModified":"2020-02-27T07:52:34+00:00","breadcrumb":{"@id":"https:\/\/tiandeproducts.co.uk\/lt\/kasdieniai-higieniniai-iklotai-svelnus-rupestis-1-vnt\/#breadcrumb"},"inLanguage":"lt-LT","potentialAction":[{"@type":"ReadAction","target":["https:\/\/tiandeproducts.co.uk\/lt\/kasdieniai-higieniniai-iklotai-svelnus-rupestis-1-vnt\/"]}]},{"@type":"ImageObject","inLanguage":"lt-LT","@id":"https:\/\/tiandeproducts.co.uk\/lt\/kasdieniai-higieniniai-iklotai-svelnus-rupestis-1-vnt\/#primaryimage","url":"https:\/\/tiandeproducts.co.uk\/wp-content\/uploads\/2016\/04\/60145.png","contentUrl":"https:\/\/tiandeproducts.co.uk\/wp-content\/uploads\/2016\/04\/60145.png","width":700,"height":700,"caption":"Gentle Care Daily Panty Liner,Helps Exterminate Bacteria,1pc-0"},{"@type":"BreadcrumbList","@id":"https:\/\/tiandeproducts.co.uk\/lt\/kasdieniai-higieniniai-iklotai-svelnus-rupestis-1-vnt\/#breadcrumb","itemListElement":[{"@type":"ListItem","position":1,"name":"Home","item":"https:\/\/tiandeproducts.co.uk\/lt\/"},{"@type":"ListItem","position":2,"name":"Shop","item":"https:\/\/tiandeproducts.co.uk\/lt\/shop-2\/"},{"@type":"ListItem","position":3,"name":"Kasdieniai higieniniai \u012fklotai \u201e\u0160velnus r\u016bpestis\u201c 1 vnt."}]},{"@type":"WebSite","@id":"https:\/\/tiandeproducts.co.uk\/#website","url":"https:\/\/tiandeproducts.co.uk\/","name":"TianDe Online Shop - Beauty & Health","description":"Traditional Chinese Medicine","potentialAction":[{"@type":"SearchAction","target":{"@type":"EntryPoint","urlTemplate":"https:\/\/tiandeproducts.co.uk\/?s={search_term_string}"},"query-input":{"@type":"PropertyValueSpecification","valueRequired":true,"valueName":"search_term_string"}}],"inLanguage":"lt-LT"}]}},"_links":{"self":[{"href":"https:\/\/tiandeproducts.co.uk\/lt\/wp-json\/wp\/v2\/product\/3632","targetHints":{"allow":["GET"]}}],"collection":[{"href":"https:\/\/tiandeproducts.co.uk\/lt\/wp-json\/wp\/v2\/product"}],"about":[{"href":"https:\/\/tiandeproducts.co.uk\/lt\/wp-json\/wp\/v2\/types\/product"}],"replies":[{"embeddable":true,"href":"https:\/\/tiandeproducts.co.uk\/lt\/wp-json\/wp\/v2\/comments?post=3632"}],"wp:featuredmedia":[{"embeddable":true,"href":"https:\/\/tiandeproducts.co.uk\/lt\/wp-json\/wp\/v2\/media\/762"}],"wp:attachment":[{"href":"https:\/\/tiandeproducts.co.uk\/lt\/wp-json\/wp\/v2\/media?parent=3632"}],"wp:term":[{"taxonomy":"product_cat","embeddable":true,"href":"https:\/\/tiandeproducts.co.uk\/lt\/wp-json\/wp\/v2\/product_cat?post=3632"},{"taxonomy":"product_tag","embeddable":true,"href":"https:\/\/tiandeproducts.co.uk\/lt\/wp-json\/wp\/v2\/product_tag?post=3632"}],"curies":[{"name":"wp","href":"https:\/\/api.w.org\/{rel}","templated":true}]}}