{"id":3631,"date":"2016-04-07T17:33:56","date_gmt":"2016-04-07T16:33:56","guid":{"rendered":"https:\/\/tnd.ontesting.co.uk\/kasdieniniai-higieniniai-iklotai-zoleliu-energija-20-vnt\/"},"modified":"2020-02-29T01:29:20","modified_gmt":"2020-02-29T01:29:20","slug":"kasdieniniai-higieniniai-iklotai-zoleliu-energija-20-vnt","status":"publish","type":"product","link":"https:\/\/tiandeproducts.co.uk\/lt\/kasdieniniai-higieniniai-iklotai-zoleliu-energija-20-vnt\/","title":{"rendered":"Kasdieniniai higieniniai \u012fklotai \u201e\u017doleli\u0173 energija\u201c 20 vnt."},"content":{"rendered":"<p>Higieniniai \u012fklotai puikiai tinka naudoti ginekologini\u0173 problem\u0173 profilaktikai, kompleksiniam ginekologini\u0173 lig\u0173 gydymui, bei da\u017enai besikartojan\u010di\u0173 lyties organ\u0173 u\u017edegim\u0173 atvejais. Aktyviosios med\u017eiagos padeda atstatyti ma\u017eojo dubens organ\u0173 funkcij\u0105, mikroflor\u0105, suma\u017eina bakterij\u0173 dauginim\u0105si, apsaugo nuo u\u017edegim\u0173, pa\u0161alina nemalonius kvapus, suteikia \u0161varos ir gaivos poj\u016bt\u012f kiekvien\u0105 dien\u0105. \u012eklot\u0173 veiksmingumas juntamas jau po keli\u0173 minu\u010di\u0173 &#8211; i\u0161nyksta diskomforto jausmas, nie\u017eulys, deginimas.<\/p>\n<p>Ypatingos sud\u0117ties fito membrana, kurios pavir\u0161ius prisotintas u\u017epatentuotu 49 gydom\u0173j\u0173 augalini\u0173 ekstrakt\u0173 koncentratu, garantuoja piln\u0105 oro pralaidum\u0105, skys\u010dio sug\u0117rim\u0105 ir greit\u0105 jo paskirstym\u0105 \u012f \u012fkloto gyl\u012f. Fito membrana stimuliuoja moters imunitet\u0105, harmonizuoja moteri\u0161k\u0105j\u0105 energij\u0105, kuri ir pasirei\u0161kia menstruacinio ciklo reguliarumu. Gydom\u0173j\u0173 \u017eoli\u0173 koncentrat\u0173 \u012fsisavinimas vyksta per i\u0161orini\u0173 lytini\u0173 organ\u0173 gleivin\u0119, taip skatinamas prie\u0161u\u017edegiminis ir antiseptinis poveikis, s\u0105lygojantis moters organizmo hormoninio fono atstatym\u0105. Veikliosios med\u017eiagos normalizuoja kraujo apytak\u0105, naikina patologi\u0161k\u0105 mikroflor\u0105, nuima nie\u017eul\u012f, apsaugo nuo nemalonaus kvapo bei bakterij\u0173 dauginimosi.<\/p>\n<p><strong>Kod\u0117l verta rinktis \u0161iuos kasdieninius \u012fklotus?<br \/>\n<\/strong><em>Naudojamos pa\u010dios pa\u017eangiausios gamybos technologijos<\/em>. Augalin\u0117s biomas\u0117s susmulkinamos iki ypa\u010d ma\u017e\u0173 (mikro ir nano) daleli\u0173, saugiai ir steriliai atskiriamos augal\u0173 ekstrakt\u0173 veikliosios med\u017eiagos.<\/p>\n<p><em>Sud\u0117tyje yra net 49 gydom\u0173j\u0173 augal\u0173 ekstrakt\u0173 koncentratas<\/em>: sibirin\u0117s guost\u0117s s\u0117kl\u0173 ekstraktas, ciber\u017eol\u0117s lap\u0173 ekstraktas, pipirm\u0117t\u0117s ekstraktas, smailiaskiau\u010dio skudu\u010dio \u0161aknies ekstraktas, kininio skudu\u010dio lap\u0173 ekstraktas, puikiojo bij\u016bno \u0161akn\u0173 ekstraktas, daugia\u017eied\u0117s balta\u0161akn\u0117s (\u0160ou vu) \u0161aknies ekstraktas, alavijo lap\u0173 ekstraktas, alunito ir kt.<\/p>\n<p><em>Priemon\u0117 saugi<\/em>. Sud\u0117tyje n\u0117ra sintetini\u0173 med\u017eiag\u0173.<\/p>\n<p><strong>\u012eklot\u0173 sud\u0117tis<\/strong><\/p>\n<ol>\n<li>Auk\u0161tos kokyb\u0117s viskoz\u0117s sluoksnis greitai sugeria skyst\u012f ir atlieka fito kompreso funkcij\u0105;<\/li>\n<li>Fito membrana nukreipia skyst\u012f gilyn ir garantuoja piln\u0105 oro pralaidum\u0105;<\/li>\n<li>100% nat\u016bralus medviln\u0117s sluoksnis akimirksniu absorbuoja skyst\u012f ir leid\u017eia odai kv\u0117puoti;<\/li>\n<li>Ypa\u010d gerai sugeriantis polimeras paver\u010dia skyst\u012f geliu ir neleid\u017eia jam i\u0161tek\u0117ti;<\/li>\n<li>I\u0161orinis sluoksnis patikimai blokuoja skyst\u012f.<\/li>\n<\/ol>\n<p><strong>Naudojimas:<\/strong><br \/>\nPo 1 kasdienin\u012f \u012fklot\u0105 per dien\u0105. Galite pajusti maloni\u0105 \u0161ilum\u0105 arba v\u0117s\u0105, kuri dings po keli\u0173 minu\u010di\u0173, kai \u012fklotas \u201eprisitaikys\u201c prie j\u016bs\u0173 organizmo. Nenaudoti n\u0117\u0161\u010dioms moterims, paaugl\u0117ms mergait\u0117ms (d\u0117l padidinto seksualinio jautrumo) bei menstruacij\u0173 metu.<\/p>\n<p><strong>Veikliosios med\u017eiagos:<\/strong><\/p>\n<p><strong>Sibirin\u0117s guost\u0117s s\u0117kl\u0173 ekstraktas<\/strong>\u00a0turi plat\u0173 spektr\u0105 farmakologini\u0173 savybi\u0173, galin\u010di\u0173 pad\u0117ti kovoti su moters lyties organ\u0173, vyr\u0173 impotencijos, odos lig\u0173 problemomis. Ekstraktas ypa\u010d efektyvus esant grybeliui, alergin\u0117ms reakcijoms, u\u017edegiminiams procesams, stipriam nie\u017euliui. Aktyviosios med\u017eiagos pagreitina kraujo pritek\u0117jim\u0105 \u012f lyties organus, kas \u012ftakoja geresn\u012f audini\u0173 maitinim\u0105 ir aktyvesn\u0119 kraujo apytak\u0105. Visa tai padidina libido ir seksualines galimybes.<\/p>\n<p><strong>Ciber\u017eol\u0117s lap\u0173 ekstraktas<\/strong>\u00a0pasi\u017eymi stipriu prie\u0161u\u017edegiminiu poveikiu. Tur\u0117dama stiprias antioksidantines savybes ciber\u017eol\u0117 naudojama gydant genitalin\u012f herpio virus\u0105.<\/p>\n<p><strong>Pipirm\u0117t\u0117s ekstraktas<\/strong>\u00a0pa\u0161alina patinimus, nie\u017eul\u012f, sudirgimus, ma\u017eina u\u017edegimin\u012f proces\u0105, u\u017ekerta keli\u0105 grybelinei, virusinei ir bakterinei infekcijai plisti, pasi\u017eymi \u0161aldan\u010diu ir skausm\u0105 mal\u0161inan\u010diu poveikiu.Tai mikrobiologinis kompleksas su antibakteriniu efektu.<\/p>\n<p><strong>Smailiaskiau\u010dio skudu\u010dio \u0161aknies ekstraktas<\/strong>\u00a0suteikia antibakterin\u012f, skausm\u0105 ma\u017einant\u012f ir dezodoruojant\u012f efekt\u0105.<\/p>\n<p><strong>Kininio skudu\u010dio (\u0161ventagar\u0161v\u0117s) lap\u0173 ekstraktas<\/strong>\u00a0naudojamas kompleksinio gydymo metu prie vis\u0173 ginekologini\u0173 susirgim\u0173, menopauz\u0117s metu, esant disharmonialiniam sutrikimui, pasi\u017eymi spazmus ma\u017einan\u010diu ir raminamuoju poveikiu, padeda suma\u017einti jautrum\u0105 skausmui. Jame esantys eteriniai aliejai turi stipr\u0173 prie\u0161u\u017edegimin\u012f, antiseptin\u012f, antibakterin\u012f poveik\u012f.<\/p>\n<p><strong>Puikiojo bij\u016bno \u0161akn\u0173 ekstraktas<\/strong>\u00a0koreguoja endokrinin\u0117s ir imunin\u0117s sistem\u0173 darb\u0105, reguliuoja menstruacin\u012f cikl\u0105, veikia prie\u0161u\u017edegimi\u0161kai.<\/p>\n<p><strong>Daugia\u017eied\u0117s balta\u0161akn\u0117s (\u0160ou vu) \u0161aknies ekstrakto<\/strong>\u00a0sud\u0117tyje yra organini\u0173 r\u016bg\u0161\u010di\u0173, pasi\u017eymi prie\u0161u\u017edegimin\u0117mis savyb\u0117mis, tonizuoja, stiprina imunitet\u0105.<\/p>\n<p><strong>Alavijo lap\u0173 ekstraktas<\/strong>\u00a0pasi\u017eymi stipriu antibakteriniu poveikiu, naudojamas kaip efektyvi \u017eaizd\u0173 gydymo priemon\u0117, skatina audini\u0173 regeneracij\u0105, turi antimikrobini\u0173 savybi\u0173. I\u0161ori\u0161kai vartojamas esant p\u016blingoms u\u017edegimin\u0117ms ligoms, egzemoms, p\u016bliniams.<\/p>\n<p><strong>Alunitas<\/strong>\u00a0veikia antibakteri\u0161kai, sutraukian\u010diai, stabdo kraujavim\u0105, mink\u0161tina ir dr\u0117kina od\u0105, neerzina jos. I\u0161tirpusi aluno druska puikiai tinka bet kokios k\u016bno dalies i\u0161orinei dezinfekcijai, apsaugo nuo nemalonaus kvapo.<\/p>\n","protected":false},"excerpt":{"rendered":"<p>Higieniniai \u012fklotai puikiai tinka naudoti ginekologini\u0173 problem\u0173 profilaktikai, kompleksiniam ginekologini\u0173 lig\u0173 gydymui, bei da\u017enai besikartojan\u010di\u0173 lyties organ\u0173 u\u017edegim\u0173 atvejais. Aktyviosios med\u017eiagos padeda atstatyti ma\u017eojo dubens organ\u0173 funkcij\u0105, mikroflor\u0105, suma\u017eina bakterij\u0173 dauginim\u0105si, apsaugo nuo u\u017edegim\u0173, pa\u0161alina nemalonius kvapus, suteikia \u0161varos ir gaivos poj\u016bt\u012f kiekvien\u0105 dien\u0105. \u012eklot\u0173 veiksmingumas juntamas jau po keli\u0173 minu\u010di\u0173 &#8211; i\u0161nyksta diskomforto jausmas, [&#8230;]\n","protected":false},"featured_media":782,"comment_status":"closed","ping_status":"closed","template":"","meta":[],"product_cat":[677,682,679],"product_tag":[],"class_list":{"0":"post-3631","1":"product","2":"type-product","3":"status-publish","4":"has-post-thumbnail","6":"product_cat-higiena","7":"product_cat-intymi-higiena","8":"product_cat-kasdieniniiai-iklotai","10":"first","11":"instock","12":"shipping-taxable","13":"purchasable","14":"product-type-simple"},"yoast_head":"<!-- This site is optimized with the Yoast SEO plugin v23.6 - https:\/\/yoast.com\/wordpress\/plugins\/seo\/ -->\n<title>Kasdieniniai higieniniai \u012fklotai \u201e\u017doleli\u0173 energija\u201c 20 vnt. - TianDe Online Shop - Beauty &amp; Health<\/title>\n<meta name=\"robots\" content=\"index, follow, max-snippet:-1, max-image-preview:large, max-video-preview:-1\" \/>\n<link rel=\"canonical\" href=\"https:\/\/tiandeproducts.co.uk\/lt\/kasdieniniai-higieniniai-iklotai-zoleliu-energija-20-vnt\/\" \/>\n<meta property=\"og:locale\" content=\"lt_LT\" \/>\n<meta property=\"og:type\" content=\"article\" \/>\n<meta property=\"og:title\" content=\"Kasdieniniai higieniniai \u012fklotai \u201e\u017doleli\u0173 energija\u201c 20 vnt. - TianDe Online Shop - Beauty &amp; Health\" \/>\n<meta property=\"og:description\" content=\"Higieniniai \u012fklotai puikiai tinka naudoti ginekologini\u0173 problem\u0173 profilaktikai, kompleksiniam ginekologini\u0173 lig\u0173 gydymui, bei da\u017enai besikartojan\u010di\u0173 lyties organ\u0173 u\u017edegim\u0173 atvejais. Aktyviosios med\u017eiagos padeda atstatyti ma\u017eojo dubens organ\u0173 funkcij\u0105, mikroflor\u0105, suma\u017eina bakterij\u0173 dauginim\u0105si, apsaugo nuo u\u017edegim\u0173, pa\u0161alina nemalonius kvapus, suteikia \u0161varos ir gaivos poj\u016bt\u012f kiekvien\u0105 dien\u0105. \u012eklot\u0173 veiksmingumas juntamas jau po keli\u0173 minu\u010di\u0173 &#8211; i\u0161nyksta diskomforto jausmas, [...]\" \/>\n<meta property=\"og:url\" content=\"https:\/\/tiandeproducts.co.uk\/lt\/kasdieniniai-higieniniai-iklotai-zoleliu-energija-20-vnt\/\" \/>\n<meta property=\"og:site_name\" content=\"TianDe Online Shop - Beauty &amp; Health\" \/>\n<meta property=\"article:publisher\" content=\"https:\/\/www.facebook.com\/tiande.products.england\/\" \/>\n<meta property=\"article:modified_time\" content=\"2020-02-29T01:29:20+00:00\" \/>\n<meta property=\"og:image\" content=\"https:\/\/tiandeproducts.co.uk\/wp-content\/uploads\/2016\/04\/61901.png\" \/>\n\t<meta property=\"og:image:width\" content=\"700\" \/>\n\t<meta property=\"og:image:height\" content=\"700\" \/>\n\t<meta property=\"og:image:type\" content=\"image\/png\" \/>\n<meta name=\"twitter:card\" content=\"summary_large_image\" \/>\n<meta name=\"twitter:label1\" content=\"Est. reading time\" \/>\n\t<meta name=\"twitter:data1\" content=\"3 minut\u0117s\" \/>\n<script type=\"application\/ld+json\" class=\"yoast-schema-graph\">{\"@context\":\"https:\/\/schema.org\",\"@graph\":[{\"@type\":\"WebPage\",\"@id\":\"https:\/\/tiandeproducts.co.uk\/lt\/kasdieniniai-higieniniai-iklotai-zoleliu-energija-20-vnt\/\",\"url\":\"https:\/\/tiandeproducts.co.uk\/lt\/kasdieniniai-higieniniai-iklotai-zoleliu-energija-20-vnt\/\",\"name\":\"Kasdieniniai higieniniai \u012fklotai \u201e\u017doleli\u0173 energija\u201c 20 vnt. - TianDe Online Shop - Beauty &amp; Health\",\"isPartOf\":{\"@id\":\"https:\/\/tiandeproducts.co.uk\/#website\"},\"primaryImageOfPage\":{\"@id\":\"https:\/\/tiandeproducts.co.uk\/lt\/kasdieniniai-higieniniai-iklotai-zoleliu-energija-20-vnt\/#primaryimage\"},\"image\":{\"@id\":\"https:\/\/tiandeproducts.co.uk\/lt\/kasdieniniai-higieniniai-iklotai-zoleliu-energija-20-vnt\/#primaryimage\"},\"thumbnailUrl\":\"https:\/\/tiandeproducts.co.uk\/wp-content\/uploads\/2016\/04\/61901.png\",\"datePublished\":\"2016-04-07T16:33:56+00:00\",\"dateModified\":\"2020-02-29T01:29:20+00:00\",\"breadcrumb\":{\"@id\":\"https:\/\/tiandeproducts.co.uk\/lt\/kasdieniniai-higieniniai-iklotai-zoleliu-energija-20-vnt\/#breadcrumb\"},\"inLanguage\":\"lt-LT\",\"potentialAction\":[{\"@type\":\"ReadAction\",\"target\":[\"https:\/\/tiandeproducts.co.uk\/lt\/kasdieniniai-higieniniai-iklotai-zoleliu-energija-20-vnt\/\"]}]},{\"@type\":\"ImageObject\",\"inLanguage\":\"lt-LT\",\"@id\":\"https:\/\/tiandeproducts.co.uk\/lt\/kasdieniniai-higieniniai-iklotai-zoleliu-energija-20-vnt\/#primaryimage\",\"url\":\"https:\/\/tiandeproducts.co.uk\/wp-content\/uploads\/2016\/04\/61901.png\",\"contentUrl\":\"https:\/\/tiandeproducts.co.uk\/wp-content\/uploads\/2016\/04\/61901.png\",\"width\":700,\"height\":700,\"caption\":\"Herbal Energies Phytomembrane Panty Liners,20pcs-0\"},{\"@type\":\"BreadcrumbList\",\"@id\":\"https:\/\/tiandeproducts.co.uk\/lt\/kasdieniniai-higieniniai-iklotai-zoleliu-energija-20-vnt\/#breadcrumb\",\"itemListElement\":[{\"@type\":\"ListItem\",\"position\":1,\"name\":\"Home\",\"item\":\"https:\/\/tiandeproducts.co.uk\/lt\/\"},{\"@type\":\"ListItem\",\"position\":2,\"name\":\"Shop\",\"item\":\"https:\/\/tiandeproducts.co.uk\/lt\/shop-2\/\"},{\"@type\":\"ListItem\",\"position\":3,\"name\":\"Kasdieniniai higieniniai \u012fklotai \u201e\u017doleli\u0173 energija\u201c 20 vnt.\"}]},{\"@type\":\"WebSite\",\"@id\":\"https:\/\/tiandeproducts.co.uk\/#website\",\"url\":\"https:\/\/tiandeproducts.co.uk\/\",\"name\":\"TianDe Online Shop - Beauty & Health\",\"description\":\"Traditional Chinese Medicine\",\"potentialAction\":[{\"@type\":\"SearchAction\",\"target\":{\"@type\":\"EntryPoint\",\"urlTemplate\":\"https:\/\/tiandeproducts.co.uk\/?s={search_term_string}\"},\"query-input\":{\"@type\":\"PropertyValueSpecification\",\"valueRequired\":true,\"valueName\":\"search_term_string\"}}],\"inLanguage\":\"lt-LT\"}]}<\/script>\n<!-- \/ Yoast SEO plugin. -->","yoast_head_json":{"title":"Kasdieniniai higieniniai \u012fklotai \u201e\u017doleli\u0173 energija\u201c 20 vnt. - TianDe Online Shop - Beauty &amp; Health","robots":{"index":"index","follow":"follow","max-snippet":"max-snippet:-1","max-image-preview":"max-image-preview:large","max-video-preview":"max-video-preview:-1"},"canonical":"https:\/\/tiandeproducts.co.uk\/lt\/kasdieniniai-higieniniai-iklotai-zoleliu-energija-20-vnt\/","og_locale":"lt_LT","og_type":"article","og_title":"Kasdieniniai higieniniai \u012fklotai \u201e\u017doleli\u0173 energija\u201c 20 vnt. - TianDe Online Shop - Beauty &amp; Health","og_description":"Higieniniai \u012fklotai puikiai tinka naudoti ginekologini\u0173 problem\u0173 profilaktikai, kompleksiniam ginekologini\u0173 lig\u0173 gydymui, bei da\u017enai besikartojan\u010di\u0173 lyties organ\u0173 u\u017edegim\u0173 atvejais. Aktyviosios med\u017eiagos padeda atstatyti ma\u017eojo dubens organ\u0173 funkcij\u0105, mikroflor\u0105, suma\u017eina bakterij\u0173 dauginim\u0105si, apsaugo nuo u\u017edegim\u0173, pa\u0161alina nemalonius kvapus, suteikia \u0161varos ir gaivos poj\u016bt\u012f kiekvien\u0105 dien\u0105. \u012eklot\u0173 veiksmingumas juntamas jau po keli\u0173 minu\u010di\u0173 &#8211; i\u0161nyksta diskomforto jausmas, [...]","og_url":"https:\/\/tiandeproducts.co.uk\/lt\/kasdieniniai-higieniniai-iklotai-zoleliu-energija-20-vnt\/","og_site_name":"TianDe Online Shop - Beauty &amp; Health","article_publisher":"https:\/\/www.facebook.com\/tiande.products.england\/","article_modified_time":"2020-02-29T01:29:20+00:00","og_image":[{"width":700,"height":700,"url":"https:\/\/tiandeproducts.co.uk\/wp-content\/uploads\/2016\/04\/61901.png","type":"image\/png"}],"twitter_card":"summary_large_image","twitter_misc":{"Est. reading time":"3 minut\u0117s"},"schema":{"@context":"https:\/\/schema.org","@graph":[{"@type":"WebPage","@id":"https:\/\/tiandeproducts.co.uk\/lt\/kasdieniniai-higieniniai-iklotai-zoleliu-energija-20-vnt\/","url":"https:\/\/tiandeproducts.co.uk\/lt\/kasdieniniai-higieniniai-iklotai-zoleliu-energija-20-vnt\/","name":"Kasdieniniai higieniniai \u012fklotai \u201e\u017doleli\u0173 energija\u201c 20 vnt. - TianDe Online Shop - Beauty &amp; Health","isPartOf":{"@id":"https:\/\/tiandeproducts.co.uk\/#website"},"primaryImageOfPage":{"@id":"https:\/\/tiandeproducts.co.uk\/lt\/kasdieniniai-higieniniai-iklotai-zoleliu-energija-20-vnt\/#primaryimage"},"image":{"@id":"https:\/\/tiandeproducts.co.uk\/lt\/kasdieniniai-higieniniai-iklotai-zoleliu-energija-20-vnt\/#primaryimage"},"thumbnailUrl":"https:\/\/tiandeproducts.co.uk\/wp-content\/uploads\/2016\/04\/61901.png","datePublished":"2016-04-07T16:33:56+00:00","dateModified":"2020-02-29T01:29:20+00:00","breadcrumb":{"@id":"https:\/\/tiandeproducts.co.uk\/lt\/kasdieniniai-higieniniai-iklotai-zoleliu-energija-20-vnt\/#breadcrumb"},"inLanguage":"lt-LT","potentialAction":[{"@type":"ReadAction","target":["https:\/\/tiandeproducts.co.uk\/lt\/kasdieniniai-higieniniai-iklotai-zoleliu-energija-20-vnt\/"]}]},{"@type":"ImageObject","inLanguage":"lt-LT","@id":"https:\/\/tiandeproducts.co.uk\/lt\/kasdieniniai-higieniniai-iklotai-zoleliu-energija-20-vnt\/#primaryimage","url":"https:\/\/tiandeproducts.co.uk\/wp-content\/uploads\/2016\/04\/61901.png","contentUrl":"https:\/\/tiandeproducts.co.uk\/wp-content\/uploads\/2016\/04\/61901.png","width":700,"height":700,"caption":"Herbal Energies Phytomembrane Panty Liners,20pcs-0"},{"@type":"BreadcrumbList","@id":"https:\/\/tiandeproducts.co.uk\/lt\/kasdieniniai-higieniniai-iklotai-zoleliu-energija-20-vnt\/#breadcrumb","itemListElement":[{"@type":"ListItem","position":1,"name":"Home","item":"https:\/\/tiandeproducts.co.uk\/lt\/"},{"@type":"ListItem","position":2,"name":"Shop","item":"https:\/\/tiandeproducts.co.uk\/lt\/shop-2\/"},{"@type":"ListItem","position":3,"name":"Kasdieniniai higieniniai \u012fklotai \u201e\u017doleli\u0173 energija\u201c 20 vnt."}]},{"@type":"WebSite","@id":"https:\/\/tiandeproducts.co.uk\/#website","url":"https:\/\/tiandeproducts.co.uk\/","name":"TianDe Online Shop - Beauty & Health","description":"Traditional Chinese Medicine","potentialAction":[{"@type":"SearchAction","target":{"@type":"EntryPoint","urlTemplate":"https:\/\/tiandeproducts.co.uk\/?s={search_term_string}"},"query-input":{"@type":"PropertyValueSpecification","valueRequired":true,"valueName":"search_term_string"}}],"inLanguage":"lt-LT"}]}},"_links":{"self":[{"href":"https:\/\/tiandeproducts.co.uk\/lt\/wp-json\/wp\/v2\/product\/3631","targetHints":{"allow":["GET"]}}],"collection":[{"href":"https:\/\/tiandeproducts.co.uk\/lt\/wp-json\/wp\/v2\/product"}],"about":[{"href":"https:\/\/tiandeproducts.co.uk\/lt\/wp-json\/wp\/v2\/types\/product"}],"replies":[{"embeddable":true,"href":"https:\/\/tiandeproducts.co.uk\/lt\/wp-json\/wp\/v2\/comments?post=3631"}],"wp:featuredmedia":[{"embeddable":true,"href":"https:\/\/tiandeproducts.co.uk\/lt\/wp-json\/wp\/v2\/media\/782"}],"wp:attachment":[{"href":"https:\/\/tiandeproducts.co.uk\/lt\/wp-json\/wp\/v2\/media?parent=3631"}],"wp:term":[{"taxonomy":"product_cat","embeddable":true,"href":"https:\/\/tiandeproducts.co.uk\/lt\/wp-json\/wp\/v2\/product_cat?post=3631"},{"taxonomy":"product_tag","embeddable":true,"href":"https:\/\/tiandeproducts.co.uk\/lt\/wp-json\/wp\/v2\/product_tag?post=3631"}],"curies":[{"name":"wp","href":"https:\/\/api.w.org\/{rel}","templated":true}]}}