{"id":3630,"date":"2016-04-07T17:51:02","date_gmt":"2016-04-07T16:51:02","guid":{"rendered":"https:\/\/tnd.ontesting.co.uk\/svelnus-gelis-intymiai-prieziurai-360-ml\/"},"modified":"2019-12-11T08:27:50","modified_gmt":"2019-12-11T08:27:50","slug":"svelnus-gelis-intymiai-prieziurai-360-ml","status":"publish","type":"product","link":"https:\/\/tiandeproducts.co.uk\/lt\/svelnus-gelis-intymiai-prieziurai-360-ml\/","title":{"rendered":"\u0160velnus gelis intymiai prie\u017ei\u016brai 360 ml."},"content":{"rendered":"<p>Gelis u\u017etikrina \u0161var\u0105, gaivum\u0105, naikina nemalonius kvapus, apsaugo nuo infekcij\u0173 bei lig\u0173, nealergizuoja, nesausina gleivin\u0117s. Nat\u016bral\u016bs aktyv\u016bs komponentai palaiko sveik\u0105 lyties organ\u0173 mikroflor\u0105, skatina jos apsaugines savybes, panaikina nemalonius poj\u016b\u010dius, paraudimus, per\u0161t\u0117jim\u0105 ir patinimus. Priemon\u0117 lengvai pasiskirsto, greitai pa\u0161alina ne\u0161varumus, labai ekonomi\u0161ka. Tinka naudoti kasdien, bet kokio am\u017eiaus moterims ir vyrams, n\u0117\u0161\u010diosioms ir maitinan\u010dioms mamoms. Be konservant\u0173 ir aromatizatori\u0173.<\/p>\n<p>Tinkama intymioji higiena ne tik suteikia \u0161varos poj\u016bt\u012f, bet ir apsaugo nuo infekcij\u0173 bei lig\u0173. \u0160velnus intymios higienos gelis palaiko intymi\u0173 viet\u0173 \u0161var\u0105, i\u0161saugo pH balans\u0105, padidina audini\u0173 imunitet\u0105, sustiprina pasiprie\u0161inim\u0105 agresyviems mikroorganizmams bei apsaugo nuo mikrob\u0173 dauginimosi ir u\u017edegimini\u0173 proces\u0173 atsiradimo.<\/p>\n<p><strong>Naudojimas:<\/strong><br \/>\nNedidel\u012f kiek\u012f gelio sumai\u0161ykite su vandeniu (kol suputos), padenkite intymias vietas bei bikinio zon\u0105, po to nuplaukite \u0161iltu vandeniu. \u0160velni gelio konsistencija yra tir\u0161toka, tod\u0117l vienam plovimui u\u017etenka vieno ar net pus\u0117s dozatoriaus paspaudimo. Tinka tik i\u0161oriniam naudojimui.<\/p>\n<p><strong>Veikliosios med\u017eiagos:<\/strong><\/p>\n<p><strong>Nat\u016brali pieno r\u016bg\u0161tis<\/strong>\u00a0saugo intymius organus nuo nepageidaujam\u0173 bakterij\u0173, palaiko sveik\u0105 lyties organ\u0173 mikroflor\u0105, atstato jos nat\u016brali\u0105 apsaugin\u0119 funkcij\u0105. Kol mak\u0161ties terp\u0117je yra pieno r\u016bg\u0161ties, kuri u\u017ekerta keli\u0105 mikrobams, tol \u0161ie neplinta.<\/p>\n<p><strong>Alavijo ekstraktas<\/strong>\u00a0&#8211; nat\u016bralus odos dr\u0117kiklis, puikus antiseptikas, prie\u0161u\u017edegiminis preparatas. Aktyviosios med\u017eiagos pasi\u017eymi antibakteriniu veikimu, skatina regeneracijos procesus, suteikia elastingumo<\/p>\n<p><strong>\u0160alavijo ekstraktas<\/strong>\u00a0&#8211; fitoestrogen\u0173 \u0161altinis. \u0160is augalinis ekstraktas pasi\u017eymi puikiu antiseptiniu, sutraukian\u010diu ir antioksidantiniu poveikiu, turi antibakterini\u0173 ir antivirusini\u0173 savybi\u0173<\/p>\n<p><strong>Vaistin\u0117s ramun\u0117l\u0117s ekstraktas<\/strong>\u00a0pasi\u017eymi raminan\u010diu, prie\u0161u\u017edegiminiu, antioksidaciniu ir antiseptiniu poveikiu, ma\u017eina skausm\u0105 ir nie\u017eul\u012f.<\/p>\n<p><strong>Pra\u017eangialapi\u0173 mirteni\u0173 lap\u0173 aliejus<\/strong>\u00a0&#8211; vienas geriausi\u0173 nat\u016brali\u0173 antiseptik\u0173, pla\u010diai naudojamas medicinoje ir kosmetikoje. \u0160is aliejus toks veiksmingas d\u0117l dviej\u0173 prie\u017eas\u010di\u0173 &#8211; aktyviai veikia visas tris mikrob\u0173 grupes &#8211; bakterijas, virusus ir grybelius; yra labai stiprus imunostimuliatorius &#8211; ne tik pats apsaugo organizm\u0105 nuo mikrob\u0173, bet ir sustiprina imunitet\u0105 (nat\u016bralias apsaugines savybes).<\/p>\n<p><strong>Koloidinis sidabras<\/strong>\u00a0&#8211; sidabro molekuli\u0173 sankaupa, kuri pl\u016bduriuodama vandenyje netirpsta ir nereaguoja su juo. Svarbu tai, kad koloidinio sidabro molekul\u0117s b\u016bdamos ma\u017eesn\u0117s nei virusai ar bakterijos, laisvai prasiskverbia \u012f patogenus ir naikina juos. Antibiotikai kovoja tik su bakterijomis, koloidinis sidabras naikina ir bakterijas, ir virusus. Veikdamas kaip nat\u016bralus antibiotikas, sidabras naikina daugiau nei 650 ligas sukelian\u010di\u0173 organizm\u0173. Koloidinis sidabras puikiai tinka kasdienei odos prie\u017ei\u016brai, jis efektyviai pa\u0161alina dermatologinius negalavimus, nesukelia dirglumo, netoksi\u0161kas, yra tinkamas naudoti jautriai odai.<\/p>\n","protected":false},"excerpt":{"rendered":"<p>Gelis u\u017etikrina \u0161var\u0105, gaivum\u0105, naikina nemalonius kvapus, apsaugo nuo infekcij\u0173 bei lig\u0173, nealergizuoja, nesausina gleivin\u0117s. Nat\u016bral\u016bs aktyv\u016bs komponentai palaiko sveik\u0105 lyties organ\u0173 mikroflor\u0105, skatina jos apsaugines savybes, panaikina nemalonius poj\u016b\u010dius, paraudimus, per\u0161t\u0117jim\u0105 ir patinimus. Priemon\u0117 lengvai pasiskirsto, greitai pa\u0161alina ne\u0161varumus, labai ekonomi\u0161ka. Tinka naudoti kasdien, bet kokio am\u017eiaus moterims ir vyrams, n\u0117\u0161\u010diosioms ir maitinan\u010dioms mamoms. [&#8230;]\n","protected":false},"featured_media":807,"comment_status":"closed","ping_status":"closed","template":"","meta":[],"product_cat":[678,1376,677,682],"product_tag":[],"class_list":{"0":"post-3630","1":"product","2":"type-product","3":"status-publish","4":"has-post-thumbnail","6":"product_cat-valymas-ir-apsauga","7":"product_cat-ecodeviva-lt","8":"product_cat-higiena","9":"product_cat-intymi-higiena","11":"first","12":"instock","13":"shipping-taxable","14":"purchasable","15":"product-type-simple"},"yoast_head":"<!-- This site is optimized with the Yoast SEO plugin v23.6 - https:\/\/yoast.com\/wordpress\/plugins\/seo\/ -->\n<title>\u0160velnus gelis intymiai prie\u017ei\u016brai 360 ml. - TianDe Online Shop - Beauty &amp; Health<\/title>\n<meta name=\"robots\" content=\"index, follow, max-snippet:-1, max-image-preview:large, max-video-preview:-1\" \/>\n<link rel=\"canonical\" href=\"https:\/\/tiandeproducts.co.uk\/lt\/svelnus-gelis-intymiai-prieziurai-360-ml\/\" \/>\n<meta property=\"og:locale\" content=\"lt_LT\" \/>\n<meta property=\"og:type\" content=\"article\" \/>\n<meta property=\"og:title\" content=\"\u0160velnus gelis intymiai prie\u017ei\u016brai 360 ml. - TianDe Online Shop - Beauty &amp; Health\" \/>\n<meta property=\"og:description\" content=\"Gelis u\u017etikrina \u0161var\u0105, gaivum\u0105, naikina nemalonius kvapus, apsaugo nuo infekcij\u0173 bei lig\u0173, nealergizuoja, nesausina gleivin\u0117s. Nat\u016bral\u016bs aktyv\u016bs komponentai palaiko sveik\u0105 lyties organ\u0173 mikroflor\u0105, skatina jos apsaugines savybes, panaikina nemalonius poj\u016b\u010dius, paraudimus, per\u0161t\u0117jim\u0105 ir patinimus. Priemon\u0117 lengvai pasiskirsto, greitai pa\u0161alina ne\u0161varumus, labai ekonomi\u0161ka. Tinka naudoti kasdien, bet kokio am\u017eiaus moterims ir vyrams, n\u0117\u0161\u010diosioms ir maitinan\u010dioms mamoms. [...]\" \/>\n<meta property=\"og:url\" content=\"https:\/\/tiandeproducts.co.uk\/lt\/svelnus-gelis-intymiai-prieziurai-360-ml\/\" \/>\n<meta property=\"og:site_name\" content=\"TianDe Online Shop - Beauty &amp; Health\" \/>\n<meta property=\"article:publisher\" content=\"https:\/\/www.facebook.com\/tiande.products.england\/\" \/>\n<meta property=\"article:modified_time\" content=\"2019-12-11T08:27:50+00:00\" \/>\n<meta property=\"og:image\" content=\"https:\/\/tiandeproducts.co.uk\/wp-content\/uploads\/2016\/04\/64404_1_.png\" \/>\n\t<meta property=\"og:image:width\" content=\"700\" \/>\n\t<meta property=\"og:image:height\" content=\"700\" \/>\n\t<meta property=\"og:image:type\" content=\"image\/png\" \/>\n<meta name=\"twitter:card\" content=\"summary_large_image\" \/>\n<meta name=\"twitter:label1\" content=\"Est. reading time\" \/>\n\t<meta name=\"twitter:data1\" content=\"2 minut\u0117s\" \/>\n<script type=\"application\/ld+json\" class=\"yoast-schema-graph\">{\"@context\":\"https:\/\/schema.org\",\"@graph\":[{\"@type\":\"WebPage\",\"@id\":\"https:\/\/tiandeproducts.co.uk\/lt\/svelnus-gelis-intymiai-prieziurai-360-ml\/\",\"url\":\"https:\/\/tiandeproducts.co.uk\/lt\/svelnus-gelis-intymiai-prieziurai-360-ml\/\",\"name\":\"\u0160velnus gelis intymiai prie\u017ei\u016brai 360 ml. - TianDe Online Shop - Beauty &amp; Health\",\"isPartOf\":{\"@id\":\"https:\/\/tiandeproducts.co.uk\/#website\"},\"primaryImageOfPage\":{\"@id\":\"https:\/\/tiandeproducts.co.uk\/lt\/svelnus-gelis-intymiai-prieziurai-360-ml\/#primaryimage\"},\"image\":{\"@id\":\"https:\/\/tiandeproducts.co.uk\/lt\/svelnus-gelis-intymiai-prieziurai-360-ml\/#primaryimage\"},\"thumbnailUrl\":\"https:\/\/tiandeproducts.co.uk\/wp-content\/uploads\/2016\/04\/64404_1_.png\",\"datePublished\":\"2016-04-07T16:51:02+00:00\",\"dateModified\":\"2019-12-11T08:27:50+00:00\",\"breadcrumb\":{\"@id\":\"https:\/\/tiandeproducts.co.uk\/lt\/svelnus-gelis-intymiai-prieziurai-360-ml\/#breadcrumb\"},\"inLanguage\":\"lt-LT\",\"potentialAction\":[{\"@type\":\"ReadAction\",\"target\":[\"https:\/\/tiandeproducts.co.uk\/lt\/svelnus-gelis-intymiai-prieziurai-360-ml\/\"]}]},{\"@type\":\"ImageObject\",\"inLanguage\":\"lt-LT\",\"@id\":\"https:\/\/tiandeproducts.co.uk\/lt\/svelnus-gelis-intymiai-prieziurai-360-ml\/#primaryimage\",\"url\":\"https:\/\/tiandeproducts.co.uk\/wp-content\/uploads\/2016\/04\/64404_1_.png\",\"contentUrl\":\"https:\/\/tiandeproducts.co.uk\/wp-content\/uploads\/2016\/04\/64404_1_.png\",\"width\":700,\"height\":700,\"caption\":\"Gentle Gel for Delicate Care,Formula With Silver & Tea Tree Oil,360ml-0\"},{\"@type\":\"BreadcrumbList\",\"@id\":\"https:\/\/tiandeproducts.co.uk\/lt\/svelnus-gelis-intymiai-prieziurai-360-ml\/#breadcrumb\",\"itemListElement\":[{\"@type\":\"ListItem\",\"position\":1,\"name\":\"Home\",\"item\":\"https:\/\/tiandeproducts.co.uk\/lt\/\"},{\"@type\":\"ListItem\",\"position\":2,\"name\":\"Shop\",\"item\":\"https:\/\/tiandeproducts.co.uk\/lt\/shop-2\/\"},{\"@type\":\"ListItem\",\"position\":3,\"name\":\"\u0160velnus gelis intymiai prie\u017ei\u016brai 360 ml.\"}]},{\"@type\":\"WebSite\",\"@id\":\"https:\/\/tiandeproducts.co.uk\/#website\",\"url\":\"https:\/\/tiandeproducts.co.uk\/\",\"name\":\"TianDe Online Shop - Beauty & Health\",\"description\":\"Traditional Chinese Medicine\",\"potentialAction\":[{\"@type\":\"SearchAction\",\"target\":{\"@type\":\"EntryPoint\",\"urlTemplate\":\"https:\/\/tiandeproducts.co.uk\/?s={search_term_string}\"},\"query-input\":{\"@type\":\"PropertyValueSpecification\",\"valueRequired\":true,\"valueName\":\"search_term_string\"}}],\"inLanguage\":\"lt-LT\"}]}<\/script>\n<!-- \/ Yoast SEO plugin. -->","yoast_head_json":{"title":"\u0160velnus gelis intymiai prie\u017ei\u016brai 360 ml. - TianDe Online Shop - Beauty &amp; Health","robots":{"index":"index","follow":"follow","max-snippet":"max-snippet:-1","max-image-preview":"max-image-preview:large","max-video-preview":"max-video-preview:-1"},"canonical":"https:\/\/tiandeproducts.co.uk\/lt\/svelnus-gelis-intymiai-prieziurai-360-ml\/","og_locale":"lt_LT","og_type":"article","og_title":"\u0160velnus gelis intymiai prie\u017ei\u016brai 360 ml. - TianDe Online Shop - Beauty &amp; Health","og_description":"Gelis u\u017etikrina \u0161var\u0105, gaivum\u0105, naikina nemalonius kvapus, apsaugo nuo infekcij\u0173 bei lig\u0173, nealergizuoja, nesausina gleivin\u0117s. Nat\u016bral\u016bs aktyv\u016bs komponentai palaiko sveik\u0105 lyties organ\u0173 mikroflor\u0105, skatina jos apsaugines savybes, panaikina nemalonius poj\u016b\u010dius, paraudimus, per\u0161t\u0117jim\u0105 ir patinimus. Priemon\u0117 lengvai pasiskirsto, greitai pa\u0161alina ne\u0161varumus, labai ekonomi\u0161ka. Tinka naudoti kasdien, bet kokio am\u017eiaus moterims ir vyrams, n\u0117\u0161\u010diosioms ir maitinan\u010dioms mamoms. [...]","og_url":"https:\/\/tiandeproducts.co.uk\/lt\/svelnus-gelis-intymiai-prieziurai-360-ml\/","og_site_name":"TianDe Online Shop - Beauty &amp; Health","article_publisher":"https:\/\/www.facebook.com\/tiande.products.england\/","article_modified_time":"2019-12-11T08:27:50+00:00","og_image":[{"width":700,"height":700,"url":"https:\/\/tiandeproducts.co.uk\/wp-content\/uploads\/2016\/04\/64404_1_.png","type":"image\/png"}],"twitter_card":"summary_large_image","twitter_misc":{"Est. reading time":"2 minut\u0117s"},"schema":{"@context":"https:\/\/schema.org","@graph":[{"@type":"WebPage","@id":"https:\/\/tiandeproducts.co.uk\/lt\/svelnus-gelis-intymiai-prieziurai-360-ml\/","url":"https:\/\/tiandeproducts.co.uk\/lt\/svelnus-gelis-intymiai-prieziurai-360-ml\/","name":"\u0160velnus gelis intymiai prie\u017ei\u016brai 360 ml. - TianDe Online Shop - Beauty &amp; Health","isPartOf":{"@id":"https:\/\/tiandeproducts.co.uk\/#website"},"primaryImageOfPage":{"@id":"https:\/\/tiandeproducts.co.uk\/lt\/svelnus-gelis-intymiai-prieziurai-360-ml\/#primaryimage"},"image":{"@id":"https:\/\/tiandeproducts.co.uk\/lt\/svelnus-gelis-intymiai-prieziurai-360-ml\/#primaryimage"},"thumbnailUrl":"https:\/\/tiandeproducts.co.uk\/wp-content\/uploads\/2016\/04\/64404_1_.png","datePublished":"2016-04-07T16:51:02+00:00","dateModified":"2019-12-11T08:27:50+00:00","breadcrumb":{"@id":"https:\/\/tiandeproducts.co.uk\/lt\/svelnus-gelis-intymiai-prieziurai-360-ml\/#breadcrumb"},"inLanguage":"lt-LT","potentialAction":[{"@type":"ReadAction","target":["https:\/\/tiandeproducts.co.uk\/lt\/svelnus-gelis-intymiai-prieziurai-360-ml\/"]}]},{"@type":"ImageObject","inLanguage":"lt-LT","@id":"https:\/\/tiandeproducts.co.uk\/lt\/svelnus-gelis-intymiai-prieziurai-360-ml\/#primaryimage","url":"https:\/\/tiandeproducts.co.uk\/wp-content\/uploads\/2016\/04\/64404_1_.png","contentUrl":"https:\/\/tiandeproducts.co.uk\/wp-content\/uploads\/2016\/04\/64404_1_.png","width":700,"height":700,"caption":"Gentle Gel for Delicate Care,Formula With Silver & Tea Tree Oil,360ml-0"},{"@type":"BreadcrumbList","@id":"https:\/\/tiandeproducts.co.uk\/lt\/svelnus-gelis-intymiai-prieziurai-360-ml\/#breadcrumb","itemListElement":[{"@type":"ListItem","position":1,"name":"Home","item":"https:\/\/tiandeproducts.co.uk\/lt\/"},{"@type":"ListItem","position":2,"name":"Shop","item":"https:\/\/tiandeproducts.co.uk\/lt\/shop-2\/"},{"@type":"ListItem","position":3,"name":"\u0160velnus gelis intymiai prie\u017ei\u016brai 360 ml."}]},{"@type":"WebSite","@id":"https:\/\/tiandeproducts.co.uk\/#website","url":"https:\/\/tiandeproducts.co.uk\/","name":"TianDe Online Shop - Beauty & Health","description":"Traditional Chinese Medicine","potentialAction":[{"@type":"SearchAction","target":{"@type":"EntryPoint","urlTemplate":"https:\/\/tiandeproducts.co.uk\/?s={search_term_string}"},"query-input":{"@type":"PropertyValueSpecification","valueRequired":true,"valueName":"search_term_string"}}],"inLanguage":"lt-LT"}]}},"_links":{"self":[{"href":"https:\/\/tiandeproducts.co.uk\/lt\/wp-json\/wp\/v2\/product\/3630","targetHints":{"allow":["GET"]}}],"collection":[{"href":"https:\/\/tiandeproducts.co.uk\/lt\/wp-json\/wp\/v2\/product"}],"about":[{"href":"https:\/\/tiandeproducts.co.uk\/lt\/wp-json\/wp\/v2\/types\/product"}],"replies":[{"embeddable":true,"href":"https:\/\/tiandeproducts.co.uk\/lt\/wp-json\/wp\/v2\/comments?post=3630"}],"wp:featuredmedia":[{"embeddable":true,"href":"https:\/\/tiandeproducts.co.uk\/lt\/wp-json\/wp\/v2\/media\/807"}],"wp:attachment":[{"href":"https:\/\/tiandeproducts.co.uk\/lt\/wp-json\/wp\/v2\/media?parent=3630"}],"wp:term":[{"taxonomy":"product_cat","embeddable":true,"href":"https:\/\/tiandeproducts.co.uk\/lt\/wp-json\/wp\/v2\/product_cat?post=3630"},{"taxonomy":"product_tag","embeddable":true,"href":"https:\/\/tiandeproducts.co.uk\/lt\/wp-json\/wp\/v2\/product_tag?post=3630"}],"curies":[{"name":"wp","href":"https:\/\/api.w.org\/{rel}","templated":true}]}}