{"id":3628,"date":"2016-04-07T17:53:31","date_gmt":"2016-04-07T16:53:31","guid":{"rendered":"https:\/\/tnd.ontesting.co.uk\/dieniniai-higieniniai-iklotai-zoleliu-energija-8-vnt\/"},"modified":"2021-06-30T13:49:51","modified_gmt":"2021-06-30T12:49:51","slug":"dieniniai-higieniniai-iklotai-zoleliu-energija-8-vnt","status":"publish","type":"product","link":"https:\/\/tiandeproducts.co.uk\/lt\/dieniniai-higieniniai-iklotai-zoleliu-energija-8-vnt\/","title":{"rendered":"Dieniniai higieniniai \u012fklotai \u201e\u017doleli\u0173 energija\u201c 8 vnt."},"content":{"rendered":"<p>Higieniniai \u012fklotai greitai sugeria skys\u010dius ir paskirsto juos giliausiuose sluoksniuose, prilimpantys sparneliai apsaugo nuo pratek\u0117jim\u0173, suteikia sausumo poj\u016bt\u012f, \u017eoleli\u0173 ekstrakt\u0173 kompleksas apsaugo nuo nemalonaus kvapo bei bakterij\u0173 dauginimosi paketo viduje, \u0161velnus medvilninis sluoksnis leid\u017eia odai kv\u0117puoti. \u012eklot\u0173 veiksmingumas juntamas jau po keli\u0173 minu\u010di\u0173 &#8211; i\u0161nyksta diskomforto jausmas, nie\u017eulys, deginimas, aktyvuojama prie\u0161u\u017edegimin\u0117 ir antiseptin\u0117 apsauga, suteikiamas \u0161varos ir gaivos poj\u016btis. Kiekvieno pakelio viduje &#8211; greitas ir saugus mikrofloros testas. Sud\u0117tyje n\u0117ra sintetini\u0173 med\u017eiag\u0173.<\/p>\n<p>Ypatingos sud\u0117ties fito membrana, kurios pavir\u0161ius prisotintas u\u017epatentuotu 49 gydom\u0173j\u0173 augalini\u0173 ekstrakt\u0173 koncentratu, stimuliuoja moters imunitet\u0105, harmonizuoja moteri\u0161k\u0105j\u0105 energij\u0105 (kuri ir pasirei\u0161kia menstruacinio ciklo reguliarumu), suteikia komforto kritini\u0173 dien\u0173 laikotarpiu. Aktyvi\u0173j\u0173 \u017eoli\u0173 koncentrat\u0173 \u012fsisavinimas vyksta per i\u0161orini\u0173 lytini\u0173 organ\u0173 gleivin\u0119, taip aktyvuojasi prie\u0161u\u017edegiminis ir antiseptinis procesas, skatinamas moters organizmo harmonialinio fono atstatymas. Taip pat normalizuojama kraujo apytaka ma\u017eajame dubenyje &#8211; pogimdyminiu ar pooperciniu laikotarpiu padeda atstatyti ma\u017eojo dubens raumen\u0173 tonus\u0105. Veikliosios med\u017eiagos normalizuoja kraujo apytak\u0105, naikina patologi\u0161k\u0105 mikroflor\u0105, nuima nie\u017eul\u012f, apsaugo nuo nemalonaus kvapo bei bakterij\u0173 dauginimosi.<\/p>\n<p><strong>Kod\u0117l verta rinktis \u0161iuos kasdieninius \u012fklotus?<\/strong><br \/>\n<em>Naudojamos pa\u010dios pa\u017eangiausios gamybos technologijos.<\/em>\u00a0Augalin\u0117s biomas\u0117s susmulkinamos iki ypa\u010d ma\u017e\u0173 (mikro ir nano) daleli\u0173, saugiai ir steriliai atskiriamos augal\u0173 ekstrakt\u0173 veikliosios med\u017eiagos.<\/p>\n<p><em>Viduje u\u017epatentuotas 49 gydom\u0173j\u0173 augal\u0173 ekstrakt\u0173 kit\u0173 med\u017eiag\u0173 koncentratas<\/em>: sibirini\u0173 guos\u010di\u0173 s\u0117kl\u0173 ekstraktas, daugia\u017eied\u017ei\u0173 balta\u0161akni\u0173 (\u0161ou vu) \u0161akn\u0173 ekstraktas, puiki\u0173j\u0173 bij\u016bn\u0173 \u0161akn\u0173 ekstraktas, ciber\u017eol\u0117s lap\u0173 ekstraktas, alavijo ekstraktas, kininio skudu\u010dio (\u0161ventagar\u0161v\u0117s) lap\u0173 ekstraktas, alunitas (vulkanin\u0117s kilm\u0117s nat\u016bralus kristalas), pipirm\u0117t\u0117s ekstraktas, debesylo \u0161aknies ekstraktas, vanil\u0117, borneolis ir kt.<\/p>\n<p><em>Greitas ir saugus mikrofloros testas kiekvieno pakelio viduje<\/em>. D\u0117ka jo, per labai trump\u0105 laik\u0105 (~30 sek.) nustatysite esam\u0105 ar prasidedant\u012f lyties organ\u0173 u\u017edegimin\u012f proces\u0105. Bet koks u\u017edegiminis procesas i\u0161\u0161aukia pH balanso nukrypim\u0105, o spalvoto indikatoriaus pagalba tai nustatyti labai paprasta: vatos lazdele paimt\u0105 tepin\u0117l\u012f palyginti su testuko spalv\u0173 gama.<\/p>\n<p><strong>\u012eklot\u0173 sud\u0117tis<\/strong><\/p>\n<ol>\n<li>Auk\u0161tos kokyb\u0117s viskoz\u0117s sluoksnis greitai sugeria skyst\u012f ir atlieka fito kompreso funkcij\u0105;<\/li>\n<li>Fito membrana nukreipia skyst\u012f gilyn ir garantuoja piln\u0105 oro pralaidum\u0105;<\/li>\n<li>100% nat\u016bralus medviln\u0117s sluoksnis akimirksniu absorbuoja skyst\u012f ir leid\u017eia odai kv\u0117puoti;<\/li>\n<li>Ypa\u010d gerai sugeriantis polimeras paver\u010dia skyst\u012f geliu ir neleid\u017eia jam i\u0161tek\u0117ti;<\/li>\n<li>I\u0161orinis sluoksnis patikimai blokuoja skyst\u012f.<\/li>\n<\/ol>\n<p><strong>Naudojimas:<br \/>\n<\/strong>Nudokite kiekvien\u0105 dien\u0105\u00a0pagal poreik\u012f menstruacij\u0173 metu. Galite pajusti maloni\u0105 \u0161ilum\u0105 arba v\u0117s\u0105, kuri dings po keli\u0173 minu\u010di\u0173, kai \u012fklotas \u201eprisitaikys\u201c prie j\u016bs\u0173 organizmo. Nenaudoti n\u0117\u0161\u010dioms moterims, paaugl\u0117ms mergait\u0117ms (d\u0117l padidinto seksualinio jautrumo).<\/p>\n","protected":false},"excerpt":{"rendered":"<div id=\"product-description-short-79\" class=\"product-description-short mb-3 \">\n<p>&nbsp;<\/p>\n<\/div>\n<div class=\"steasy_divider between_short_and_price\"><\/div>\n","protected":false},"featured_media":812,"comment_status":"closed","ping_status":"closed","template":"","meta":[],"product_cat":[677,682,680],"product_tag":[],"class_list":{"0":"post-3628","1":"product","2":"type-product","3":"status-publish","4":"has-post-thumbnail","6":"product_cat-higiena","7":"product_cat-intymi-higiena","8":"product_cat-kritinems-dienoms-iklotai","10":"first","11":"instock","12":"shipping-taxable","13":"purchasable","14":"product-type-simple"},"yoast_head":"<!-- This site is optimized with the Yoast SEO plugin v23.6 - https:\/\/yoast.com\/wordpress\/plugins\/seo\/ -->\n<title>Dieniniai higieniniai \u012fklotai \u201e\u017doleli\u0173 energija\u201c 8 vnt. - TianDe Online Shop - Beauty &amp; Health<\/title>\n<meta name=\"robots\" content=\"index, follow, max-snippet:-1, max-image-preview:large, max-video-preview:-1\" \/>\n<link rel=\"canonical\" href=\"https:\/\/tiandeproducts.co.uk\/lt\/dieniniai-higieniniai-iklotai-zoleliu-energija-8-vnt\/\" \/>\n<meta property=\"og:locale\" content=\"lt_LT\" \/>\n<meta property=\"og:type\" content=\"article\" \/>\n<meta property=\"og:title\" content=\"Dieniniai higieniniai \u012fklotai \u201e\u017doleli\u0173 energija\u201c 8 vnt. - TianDe Online Shop - Beauty &amp; Health\" \/>\n<meta property=\"og:description\" content=\"&nbsp;\" \/>\n<meta property=\"og:url\" content=\"https:\/\/tiandeproducts.co.uk\/lt\/dieniniai-higieniniai-iklotai-zoleliu-energija-8-vnt\/\" \/>\n<meta property=\"og:site_name\" content=\"TianDe Online Shop - Beauty &amp; Health\" \/>\n<meta property=\"article:publisher\" content=\"https:\/\/www.facebook.com\/tiande.products.england\/\" \/>\n<meta property=\"article:modified_time\" content=\"2021-06-30T12:49:51+00:00\" \/>\n<meta property=\"og:image\" content=\"https:\/\/tiandeproducts.co.uk\/wp-content\/uploads\/2016\/04\/61902.png\" \/>\n\t<meta property=\"og:image:width\" content=\"700\" \/>\n\t<meta property=\"og:image:height\" content=\"700\" \/>\n\t<meta property=\"og:image:type\" content=\"image\/png\" \/>\n<meta name=\"twitter:card\" content=\"summary_large_image\" \/>\n<meta name=\"twitter:label1\" content=\"Est. reading time\" \/>\n\t<meta name=\"twitter:data1\" content=\"2 minut\u0117s\" \/>\n<script type=\"application\/ld+json\" class=\"yoast-schema-graph\">{\"@context\":\"https:\/\/schema.org\",\"@graph\":[{\"@type\":\"WebPage\",\"@id\":\"https:\/\/tiandeproducts.co.uk\/lt\/dieniniai-higieniniai-iklotai-zoleliu-energija-8-vnt\/\",\"url\":\"https:\/\/tiandeproducts.co.uk\/lt\/dieniniai-higieniniai-iklotai-zoleliu-energija-8-vnt\/\",\"name\":\"Dieniniai higieniniai \u012fklotai \u201e\u017doleli\u0173 energija\u201c 8 vnt. - TianDe Online Shop - Beauty &amp; Health\",\"isPartOf\":{\"@id\":\"https:\/\/tiandeproducts.co.uk\/#website\"},\"primaryImageOfPage\":{\"@id\":\"https:\/\/tiandeproducts.co.uk\/lt\/dieniniai-higieniniai-iklotai-zoleliu-energija-8-vnt\/#primaryimage\"},\"image\":{\"@id\":\"https:\/\/tiandeproducts.co.uk\/lt\/dieniniai-higieniniai-iklotai-zoleliu-energija-8-vnt\/#primaryimage\"},\"thumbnailUrl\":\"https:\/\/tiandeproducts.co.uk\/wp-content\/uploads\/2016\/04\/61902.png\",\"datePublished\":\"2016-04-07T16:53:31+00:00\",\"dateModified\":\"2021-06-30T12:49:51+00:00\",\"breadcrumb\":{\"@id\":\"https:\/\/tiandeproducts.co.uk\/lt\/dieniniai-higieniniai-iklotai-zoleliu-energija-8-vnt\/#breadcrumb\"},\"inLanguage\":\"lt-LT\",\"potentialAction\":[{\"@type\":\"ReadAction\",\"target\":[\"https:\/\/tiandeproducts.co.uk\/lt\/dieniniai-higieniniai-iklotai-zoleliu-energija-8-vnt\/\"]}]},{\"@type\":\"ImageObject\",\"inLanguage\":\"lt-LT\",\"@id\":\"https:\/\/tiandeproducts.co.uk\/lt\/dieniniai-higieniniai-iklotai-zoleliu-energija-8-vnt\/#primaryimage\",\"url\":\"https:\/\/tiandeproducts.co.uk\/wp-content\/uploads\/2016\/04\/61902.png\",\"contentUrl\":\"https:\/\/tiandeproducts.co.uk\/wp-content\/uploads\/2016\/04\/61902.png\",\"width\":700,\"height\":700,\"caption\":\"Herbal Energies Day Phytomembrane Hygiene Pads,8pcs-0\"},{\"@type\":\"BreadcrumbList\",\"@id\":\"https:\/\/tiandeproducts.co.uk\/lt\/dieniniai-higieniniai-iklotai-zoleliu-energija-8-vnt\/#breadcrumb\",\"itemListElement\":[{\"@type\":\"ListItem\",\"position\":1,\"name\":\"Home\",\"item\":\"https:\/\/tiandeproducts.co.uk\/lt\/\"},{\"@type\":\"ListItem\",\"position\":2,\"name\":\"Shop\",\"item\":\"https:\/\/tiandeproducts.co.uk\/lt\/shop-2\/\"},{\"@type\":\"ListItem\",\"position\":3,\"name\":\"Dieniniai higieniniai \u012fklotai \u201e\u017doleli\u0173 energija\u201c 8 vnt.\"}]},{\"@type\":\"WebSite\",\"@id\":\"https:\/\/tiandeproducts.co.uk\/#website\",\"url\":\"https:\/\/tiandeproducts.co.uk\/\",\"name\":\"TianDe Online Shop - Beauty & Health\",\"description\":\"Traditional Chinese Medicine\",\"potentialAction\":[{\"@type\":\"SearchAction\",\"target\":{\"@type\":\"EntryPoint\",\"urlTemplate\":\"https:\/\/tiandeproducts.co.uk\/?s={search_term_string}\"},\"query-input\":{\"@type\":\"PropertyValueSpecification\",\"valueRequired\":true,\"valueName\":\"search_term_string\"}}],\"inLanguage\":\"lt-LT\"}]}<\/script>\n<!-- \/ Yoast SEO plugin. -->","yoast_head_json":{"title":"Dieniniai higieniniai \u012fklotai \u201e\u017doleli\u0173 energija\u201c 8 vnt. - TianDe Online Shop - Beauty &amp; Health","robots":{"index":"index","follow":"follow","max-snippet":"max-snippet:-1","max-image-preview":"max-image-preview:large","max-video-preview":"max-video-preview:-1"},"canonical":"https:\/\/tiandeproducts.co.uk\/lt\/dieniniai-higieniniai-iklotai-zoleliu-energija-8-vnt\/","og_locale":"lt_LT","og_type":"article","og_title":"Dieniniai higieniniai \u012fklotai \u201e\u017doleli\u0173 energija\u201c 8 vnt. - TianDe Online Shop - Beauty &amp; Health","og_description":"&nbsp;","og_url":"https:\/\/tiandeproducts.co.uk\/lt\/dieniniai-higieniniai-iklotai-zoleliu-energija-8-vnt\/","og_site_name":"TianDe Online Shop - Beauty &amp; Health","article_publisher":"https:\/\/www.facebook.com\/tiande.products.england\/","article_modified_time":"2021-06-30T12:49:51+00:00","og_image":[{"width":700,"height":700,"url":"https:\/\/tiandeproducts.co.uk\/wp-content\/uploads\/2016\/04\/61902.png","type":"image\/png"}],"twitter_card":"summary_large_image","twitter_misc":{"Est. reading time":"2 minut\u0117s"},"schema":{"@context":"https:\/\/schema.org","@graph":[{"@type":"WebPage","@id":"https:\/\/tiandeproducts.co.uk\/lt\/dieniniai-higieniniai-iklotai-zoleliu-energija-8-vnt\/","url":"https:\/\/tiandeproducts.co.uk\/lt\/dieniniai-higieniniai-iklotai-zoleliu-energija-8-vnt\/","name":"Dieniniai higieniniai \u012fklotai \u201e\u017doleli\u0173 energija\u201c 8 vnt. - TianDe Online Shop - Beauty &amp; Health","isPartOf":{"@id":"https:\/\/tiandeproducts.co.uk\/#website"},"primaryImageOfPage":{"@id":"https:\/\/tiandeproducts.co.uk\/lt\/dieniniai-higieniniai-iklotai-zoleliu-energija-8-vnt\/#primaryimage"},"image":{"@id":"https:\/\/tiandeproducts.co.uk\/lt\/dieniniai-higieniniai-iklotai-zoleliu-energija-8-vnt\/#primaryimage"},"thumbnailUrl":"https:\/\/tiandeproducts.co.uk\/wp-content\/uploads\/2016\/04\/61902.png","datePublished":"2016-04-07T16:53:31+00:00","dateModified":"2021-06-30T12:49:51+00:00","breadcrumb":{"@id":"https:\/\/tiandeproducts.co.uk\/lt\/dieniniai-higieniniai-iklotai-zoleliu-energija-8-vnt\/#breadcrumb"},"inLanguage":"lt-LT","potentialAction":[{"@type":"ReadAction","target":["https:\/\/tiandeproducts.co.uk\/lt\/dieniniai-higieniniai-iklotai-zoleliu-energija-8-vnt\/"]}]},{"@type":"ImageObject","inLanguage":"lt-LT","@id":"https:\/\/tiandeproducts.co.uk\/lt\/dieniniai-higieniniai-iklotai-zoleliu-energija-8-vnt\/#primaryimage","url":"https:\/\/tiandeproducts.co.uk\/wp-content\/uploads\/2016\/04\/61902.png","contentUrl":"https:\/\/tiandeproducts.co.uk\/wp-content\/uploads\/2016\/04\/61902.png","width":700,"height":700,"caption":"Herbal Energies Day Phytomembrane Hygiene Pads,8pcs-0"},{"@type":"BreadcrumbList","@id":"https:\/\/tiandeproducts.co.uk\/lt\/dieniniai-higieniniai-iklotai-zoleliu-energija-8-vnt\/#breadcrumb","itemListElement":[{"@type":"ListItem","position":1,"name":"Home","item":"https:\/\/tiandeproducts.co.uk\/lt\/"},{"@type":"ListItem","position":2,"name":"Shop","item":"https:\/\/tiandeproducts.co.uk\/lt\/shop-2\/"},{"@type":"ListItem","position":3,"name":"Dieniniai higieniniai \u012fklotai \u201e\u017doleli\u0173 energija\u201c 8 vnt."}]},{"@type":"WebSite","@id":"https:\/\/tiandeproducts.co.uk\/#website","url":"https:\/\/tiandeproducts.co.uk\/","name":"TianDe Online Shop - Beauty & Health","description":"Traditional Chinese Medicine","potentialAction":[{"@type":"SearchAction","target":{"@type":"EntryPoint","urlTemplate":"https:\/\/tiandeproducts.co.uk\/?s={search_term_string}"},"query-input":{"@type":"PropertyValueSpecification","valueRequired":true,"valueName":"search_term_string"}}],"inLanguage":"lt-LT"}]}},"_links":{"self":[{"href":"https:\/\/tiandeproducts.co.uk\/lt\/wp-json\/wp\/v2\/product\/3628","targetHints":{"allow":["GET"]}}],"collection":[{"href":"https:\/\/tiandeproducts.co.uk\/lt\/wp-json\/wp\/v2\/product"}],"about":[{"href":"https:\/\/tiandeproducts.co.uk\/lt\/wp-json\/wp\/v2\/types\/product"}],"replies":[{"embeddable":true,"href":"https:\/\/tiandeproducts.co.uk\/lt\/wp-json\/wp\/v2\/comments?post=3628"}],"wp:featuredmedia":[{"embeddable":true,"href":"https:\/\/tiandeproducts.co.uk\/lt\/wp-json\/wp\/v2\/media\/812"}],"wp:attachment":[{"href":"https:\/\/tiandeproducts.co.uk\/lt\/wp-json\/wp\/v2\/media?parent=3628"}],"wp:term":[{"taxonomy":"product_cat","embeddable":true,"href":"https:\/\/tiandeproducts.co.uk\/lt\/wp-json\/wp\/v2\/product_cat?post=3628"},{"taxonomy":"product_tag","embeddable":true,"href":"https:\/\/tiandeproducts.co.uk\/lt\/wp-json\/wp\/v2\/product_tag?post=3628"}],"curies":[{"name":"wp","href":"https:\/\/api.w.org\/{rel}","templated":true}]}}