{"id":3626,"date":"2016-04-23T17:22:22","date_gmt":"2016-04-23T16:22:22","guid":{"rendered":"https:\/\/tnd.ontesting.co.uk\/volupta-moterims-2-vnt-x-5-g\/"},"modified":"2021-02-25T12:16:47","modified_gmt":"2021-02-25T12:16:47","slug":"volupta-moterims-2-vnt-x-5-g","status":"publish","type":"product","link":"https:\/\/tiandeproducts.co.uk\/lt\/volupta-moterims-2-vnt-x-5-g\/","title":{"rendered":"Volupta + moterims 2 vnt. x 5 g."},"content":{"rendered":"<p><img decoding=\"async\" style=\"max-width: 16px; margin-right: 5px;\" src=\"https:\/\/tiandeproducts.co.uk\/wp-content\/uploads\/points-green.svg\" \/>\u00a0Earn 9 points worth \u00a30.45 when buying this product<\/p>\n<p><strong>Pa\u017eadink savo jausmingum\u0105!<\/strong><\/p>\n<p>Sukurta moterims, patiks ir vyrams&#8230;<br \/>\nIntymus gelis Volupta atras visus J\u016bs\u0173 seksualinio malonumo aspektus ir pad\u0117s patirti malonum\u0105 net toms moterims, kurioms jis buvo anks\u010diau nepasiekiamas.<br \/>\nGelio pagrindas &#8211; amino r\u016bg\u0161tis L-argininas. Volupta + i\u0161 tianDe pirm\u0105 kart\u0105 pristatyta tokioje didel\u0117je pakuot\u0117je. Priemon\u0117s sud\u0117tyje yra auk\u0161tos koncentracijos amino r\u016bg\u0161tis L-argininas. Tai erogenin\u0117 veiklioji med\u017eiaga, kuri aktyvuoja seksualinio susijaudinimo nat\u016bral\u0173 mechanizm\u0105.<\/p>\n<p><strong><u>L-argininas<\/u><\/strong>\u00a0yra absorbuojamas per gleivin\u0119, stimuliuoja azoto oksido gamyb\u0105, sukelia galing\u0105 seksualin\u0119 energij\u0105 ir didina lytin\u012f susijaudinim\u0105.<\/p>\n<p><strong><u>Mentolis<\/u><\/strong>\u00a0stimuliuoja nerv\u0173 gal\u016bnes, sustiprina malonumo jausm\u0105.<\/p>\n<p><strong><u>Pieno r\u016bg\u0161tis<\/u><\/strong>\u00a0i\u0161saugo normal\u0173 pH ir intymios mikrofloros balans\u0105.<\/p>\n<p><strong><u>Pantenolis<\/u>\u00a0ir alantoinas<\/strong> dr\u0117kina, mink\u0161tina gleivin\u0119, u\u017ekerta keli\u0105 dirginimui.<\/p>\n<p>Volupta+ moterims:<\/p>\n<ul>\n<li>sustiprina seksualin\u012f geism\u0105;<\/li>\n<li>sustiprina jutiminius poj\u016b\u010dius;<\/li>\n<li>padeda partneriams pasiekti sinchronin\u012f orgazm\u0105;<\/li>\n<li>priemon\u0117 suderinama su prezervatyvais ir kitais produktais i\u0161 latekso;<\/li>\n<li>Turi nat\u016bral\u0173 mentolio aromat\u0105 ir neutral\u0173 skon\u012f.<\/li>\n<\/ul>\n<p>Didesniam efektui rekomenduojama naudoti reguliariai.<\/p>\n","protected":false},"excerpt":{"rendered":"<p>\u00a0Earn 9 points worth \u00a30.45 when buying this product Pa\u017eadink savo jausmingum\u0105! Sukurta moterims, patiks ir vyrams&#8230; Intymus gelis Volupta atras visus J\u016bs\u0173 seksualinio malonumo aspektus ir pad\u0117s patirti malonum\u0105 net toms moterims, kurioms jis buvo anks\u010diau nepasiekiamas. Gelio pagrindas &#8211; amino r\u016bg\u0161tis L-argininas. Volupta + i\u0161 tianDe pirm\u0105 kart\u0105 pristatyta tokioje didel\u0117je pakuot\u0117je. Priemon\u0117s [&#8230;]\n","protected":false},"featured_media":18924,"comment_status":"closed","ping_status":"closed","template":"","meta":[],"product_cat":[677,682],"product_tag":[],"class_list":{"0":"post-3626","1":"product","2":"type-product","3":"status-publish","4":"has-post-thumbnail","6":"product_cat-higiena","7":"product_cat-intymi-higiena","9":"first","10":"instock","11":"shipping-taxable","12":"purchasable","13":"product-type-simple"},"yoast_head":"<!-- This site is optimized with the Yoast SEO plugin v23.6 - https:\/\/yoast.com\/wordpress\/plugins\/seo\/ -->\n<title>Volupta + moterims 2 vnt. x 5 g. - TianDe Online Shop - Beauty &amp; Health<\/title>\n<meta name=\"robots\" content=\"index, follow, max-snippet:-1, max-image-preview:large, max-video-preview:-1\" \/>\n<link rel=\"canonical\" href=\"https:\/\/tiandeproducts.co.uk\/lt\/volupta-moterims-2-vnt-x-5-g\/\" \/>\n<meta property=\"og:locale\" content=\"lt_LT\" \/>\n<meta property=\"og:type\" content=\"article\" \/>\n<meta property=\"og:title\" content=\"Volupta + moterims 2 vnt. x 5 g. - TianDe Online Shop - Beauty &amp; Health\" \/>\n<meta property=\"og:description\" content=\"\u00a0Earn 9 points worth \u00a30.45 when buying this product Pa\u017eadink savo jausmingum\u0105! Sukurta moterims, patiks ir vyrams&#8230; Intymus gelis Volupta atras visus J\u016bs\u0173 seksualinio malonumo aspektus ir pad\u0117s patirti malonum\u0105 net toms moterims, kurioms jis buvo anks\u010diau nepasiekiamas. Gelio pagrindas &#8211; amino r\u016bg\u0161tis L-argininas. Volupta + i\u0161 tianDe pirm\u0105 kart\u0105 pristatyta tokioje didel\u0117je pakuot\u0117je. Priemon\u0117s [...]\" \/>\n<meta property=\"og:url\" content=\"https:\/\/tiandeproducts.co.uk\/lt\/volupta-moterims-2-vnt-x-5-g\/\" \/>\n<meta property=\"og:site_name\" content=\"TianDe Online Shop - Beauty &amp; Health\" \/>\n<meta property=\"article:publisher\" content=\"https:\/\/www.facebook.com\/tiande.products.england\/\" \/>\n<meta property=\"article:modified_time\" content=\"2021-02-25T12:16:47+00:00\" \/>\n<meta property=\"og:image\" content=\"https:\/\/tiandeproducts.co.uk\/wp-content\/uploads\/65301-2E.png\" \/>\n\t<meta property=\"og:image:width\" content=\"1200\" \/>\n\t<meta property=\"og:image:height\" content=\"1200\" \/>\n\t<meta property=\"og:image:type\" content=\"image\/png\" \/>\n<meta name=\"twitter:card\" content=\"summary_large_image\" \/>\n<meta name=\"twitter:label1\" content=\"Est. reading time\" \/>\n\t<meta name=\"twitter:data1\" content=\"1 minut\u0117\" \/>\n<script type=\"application\/ld+json\" class=\"yoast-schema-graph\">{\"@context\":\"https:\/\/schema.org\",\"@graph\":[{\"@type\":\"WebPage\",\"@id\":\"https:\/\/tiandeproducts.co.uk\/lt\/volupta-moterims-2-vnt-x-5-g\/\",\"url\":\"https:\/\/tiandeproducts.co.uk\/lt\/volupta-moterims-2-vnt-x-5-g\/\",\"name\":\"Volupta + moterims 2 vnt. x 5 g. - TianDe Online Shop - Beauty &amp; Health\",\"isPartOf\":{\"@id\":\"https:\/\/tiandeproducts.co.uk\/#website\"},\"primaryImageOfPage\":{\"@id\":\"https:\/\/tiandeproducts.co.uk\/lt\/volupta-moterims-2-vnt-x-5-g\/#primaryimage\"},\"image\":{\"@id\":\"https:\/\/tiandeproducts.co.uk\/lt\/volupta-moterims-2-vnt-x-5-g\/#primaryimage\"},\"thumbnailUrl\":\"https:\/\/tiandeproducts.co.uk\/wp-content\/uploads\/65301-2E.png\",\"datePublished\":\"2016-04-23T16:22:22+00:00\",\"dateModified\":\"2021-02-25T12:16:47+00:00\",\"breadcrumb\":{\"@id\":\"https:\/\/tiandeproducts.co.uk\/lt\/volupta-moterims-2-vnt-x-5-g\/#breadcrumb\"},\"inLanguage\":\"lt-LT\",\"potentialAction\":[{\"@type\":\"ReadAction\",\"target\":[\"https:\/\/tiandeproducts.co.uk\/lt\/volupta-moterims-2-vnt-x-5-g\/\"]}]},{\"@type\":\"ImageObject\",\"inLanguage\":\"lt-LT\",\"@id\":\"https:\/\/tiandeproducts.co.uk\/lt\/volupta-moterims-2-vnt-x-5-g\/#primaryimage\",\"url\":\"https:\/\/tiandeproducts.co.uk\/wp-content\/uploads\/65301-2E.png\",\"contentUrl\":\"https:\/\/tiandeproducts.co.uk\/wp-content\/uploads\/65301-2E.png\",\"width\":1200,\"height\":1200},{\"@type\":\"BreadcrumbList\",\"@id\":\"https:\/\/tiandeproducts.co.uk\/lt\/volupta-moterims-2-vnt-x-5-g\/#breadcrumb\",\"itemListElement\":[{\"@type\":\"ListItem\",\"position\":1,\"name\":\"Home\",\"item\":\"https:\/\/tiandeproducts.co.uk\/lt\/\"},{\"@type\":\"ListItem\",\"position\":2,\"name\":\"Shop\",\"item\":\"https:\/\/tiandeproducts.co.uk\/lt\/shop-2\/\"},{\"@type\":\"ListItem\",\"position\":3,\"name\":\"Volupta + moterims 2 vnt. x 5 g.\"}]},{\"@type\":\"WebSite\",\"@id\":\"https:\/\/tiandeproducts.co.uk\/#website\",\"url\":\"https:\/\/tiandeproducts.co.uk\/\",\"name\":\"TianDe Online Shop - Beauty & Health\",\"description\":\"Traditional Chinese Medicine\",\"potentialAction\":[{\"@type\":\"SearchAction\",\"target\":{\"@type\":\"EntryPoint\",\"urlTemplate\":\"https:\/\/tiandeproducts.co.uk\/?s={search_term_string}\"},\"query-input\":{\"@type\":\"PropertyValueSpecification\",\"valueRequired\":true,\"valueName\":\"search_term_string\"}}],\"inLanguage\":\"lt-LT\"}]}<\/script>\n<!-- \/ Yoast SEO plugin. -->","yoast_head_json":{"title":"Volupta + moterims 2 vnt. x 5 g. - TianDe Online Shop - Beauty &amp; Health","robots":{"index":"index","follow":"follow","max-snippet":"max-snippet:-1","max-image-preview":"max-image-preview:large","max-video-preview":"max-video-preview:-1"},"canonical":"https:\/\/tiandeproducts.co.uk\/lt\/volupta-moterims-2-vnt-x-5-g\/","og_locale":"lt_LT","og_type":"article","og_title":"Volupta + moterims 2 vnt. x 5 g. - TianDe Online Shop - Beauty &amp; Health","og_description":"\u00a0Earn 9 points worth \u00a30.45 when buying this product Pa\u017eadink savo jausmingum\u0105! Sukurta moterims, patiks ir vyrams&#8230; Intymus gelis Volupta atras visus J\u016bs\u0173 seksualinio malonumo aspektus ir pad\u0117s patirti malonum\u0105 net toms moterims, kurioms jis buvo anks\u010diau nepasiekiamas. Gelio pagrindas &#8211; amino r\u016bg\u0161tis L-argininas. Volupta + i\u0161 tianDe pirm\u0105 kart\u0105 pristatyta tokioje didel\u0117je pakuot\u0117je. Priemon\u0117s [...]","og_url":"https:\/\/tiandeproducts.co.uk\/lt\/volupta-moterims-2-vnt-x-5-g\/","og_site_name":"TianDe Online Shop - Beauty &amp; Health","article_publisher":"https:\/\/www.facebook.com\/tiande.products.england\/","article_modified_time":"2021-02-25T12:16:47+00:00","og_image":[{"width":1200,"height":1200,"url":"https:\/\/tiandeproducts.co.uk\/wp-content\/uploads\/65301-2E.png","type":"image\/png"}],"twitter_card":"summary_large_image","twitter_misc":{"Est. reading time":"1 minut\u0117"},"schema":{"@context":"https:\/\/schema.org","@graph":[{"@type":"WebPage","@id":"https:\/\/tiandeproducts.co.uk\/lt\/volupta-moterims-2-vnt-x-5-g\/","url":"https:\/\/tiandeproducts.co.uk\/lt\/volupta-moterims-2-vnt-x-5-g\/","name":"Volupta + moterims 2 vnt. x 5 g. - TianDe Online Shop - Beauty &amp; Health","isPartOf":{"@id":"https:\/\/tiandeproducts.co.uk\/#website"},"primaryImageOfPage":{"@id":"https:\/\/tiandeproducts.co.uk\/lt\/volupta-moterims-2-vnt-x-5-g\/#primaryimage"},"image":{"@id":"https:\/\/tiandeproducts.co.uk\/lt\/volupta-moterims-2-vnt-x-5-g\/#primaryimage"},"thumbnailUrl":"https:\/\/tiandeproducts.co.uk\/wp-content\/uploads\/65301-2E.png","datePublished":"2016-04-23T16:22:22+00:00","dateModified":"2021-02-25T12:16:47+00:00","breadcrumb":{"@id":"https:\/\/tiandeproducts.co.uk\/lt\/volupta-moterims-2-vnt-x-5-g\/#breadcrumb"},"inLanguage":"lt-LT","potentialAction":[{"@type":"ReadAction","target":["https:\/\/tiandeproducts.co.uk\/lt\/volupta-moterims-2-vnt-x-5-g\/"]}]},{"@type":"ImageObject","inLanguage":"lt-LT","@id":"https:\/\/tiandeproducts.co.uk\/lt\/volupta-moterims-2-vnt-x-5-g\/#primaryimage","url":"https:\/\/tiandeproducts.co.uk\/wp-content\/uploads\/65301-2E.png","contentUrl":"https:\/\/tiandeproducts.co.uk\/wp-content\/uploads\/65301-2E.png","width":1200,"height":1200},{"@type":"BreadcrumbList","@id":"https:\/\/tiandeproducts.co.uk\/lt\/volupta-moterims-2-vnt-x-5-g\/#breadcrumb","itemListElement":[{"@type":"ListItem","position":1,"name":"Home","item":"https:\/\/tiandeproducts.co.uk\/lt\/"},{"@type":"ListItem","position":2,"name":"Shop","item":"https:\/\/tiandeproducts.co.uk\/lt\/shop-2\/"},{"@type":"ListItem","position":3,"name":"Volupta + moterims 2 vnt. x 5 g."}]},{"@type":"WebSite","@id":"https:\/\/tiandeproducts.co.uk\/#website","url":"https:\/\/tiandeproducts.co.uk\/","name":"TianDe Online Shop - Beauty & Health","description":"Traditional Chinese Medicine","potentialAction":[{"@type":"SearchAction","target":{"@type":"EntryPoint","urlTemplate":"https:\/\/tiandeproducts.co.uk\/?s={search_term_string}"},"query-input":{"@type":"PropertyValueSpecification","valueRequired":true,"valueName":"search_term_string"}}],"inLanguage":"lt-LT"}]}},"_links":{"self":[{"href":"https:\/\/tiandeproducts.co.uk\/lt\/wp-json\/wp\/v2\/product\/3626","targetHints":{"allow":["GET"]}}],"collection":[{"href":"https:\/\/tiandeproducts.co.uk\/lt\/wp-json\/wp\/v2\/product"}],"about":[{"href":"https:\/\/tiandeproducts.co.uk\/lt\/wp-json\/wp\/v2\/types\/product"}],"replies":[{"embeddable":true,"href":"https:\/\/tiandeproducts.co.uk\/lt\/wp-json\/wp\/v2\/comments?post=3626"}],"wp:featuredmedia":[{"embeddable":true,"href":"https:\/\/tiandeproducts.co.uk\/lt\/wp-json\/wp\/v2\/media\/18924"}],"wp:attachment":[{"href":"https:\/\/tiandeproducts.co.uk\/lt\/wp-json\/wp\/v2\/media?parent=3626"}],"wp:term":[{"taxonomy":"product_cat","embeddable":true,"href":"https:\/\/tiandeproducts.co.uk\/lt\/wp-json\/wp\/v2\/product_cat?post=3626"},{"taxonomy":"product_tag","embeddable":true,"href":"https:\/\/tiandeproducts.co.uk\/lt\/wp-json\/wp\/v2\/product_tag?post=3626"}],"curies":[{"name":"wp","href":"https:\/\/api.w.org\/{rel}","templated":true}]}}