{"id":3622,"date":"2018-09-06T16:22:12","date_gmt":"2018-09-06T15:22:12","guid":{"rendered":"https:\/\/tnd.ontesting.co.uk\/dieniniai-higieniniai-iklotai-su-vaistazolemis-nefrito-energija-10-vnt\/"},"modified":"2022-03-16T15:55:19","modified_gmt":"2022-03-16T15:55:19","slug":"dieniniai-higieniniai-iklotai-su-vaistazolemis-nefrito-energija-10-vnt","status":"publish","type":"product","link":"https:\/\/tiandeproducts.co.uk\/lt\/dieniniai-higieniniai-iklotai-su-vaistazolemis-nefrito-energija-10-vnt\/","title":{"rendered":"Dieniniai higieniniai \u012fklotai su vaista\u017eol\u0117mis \u201eNefrito energija\u201c 10 vnt"},"content":{"rendered":"<p><img decoding=\"async\" style=\"max-width: 16px; margin-right: 5px;\" src=\"https:\/\/tiandeproducts.co.uk\/wp-content\/uploads\/points-green.svg\" \/>\u00a0Earn 7 points worth \u00a30.35 when buying this product<\/p>\n<p>Sunkioms dienoms skirti \u017eoleli\u0173 \u012fklotai \u201eNefrito gaivumas\u201c turi sud\u0117tyje fitokompozicij\u0105 i\u0161 19 gydom\u0173j\u0173 augal\u0173 (juod\u0173j\u0173 pipir\u0173 aliejaus, totorin\u0117s malud\u0117s, ramun\u0117li\u0173, sukat\u017eol\u0117s, saforos, am\u016brinio kam\u0161tenio ir kt.). Jie skirti naudoti dien\u0105 m\u0117nesini\u0173 laikotarpiu. Vir\u0161utinis sluoksnis Dry su anatominiu \u012fspaudu, atliktu \u012fstri\u017eai, greitai ir tolygiai paskirsto skyst\u012f per vis\u0105 \u012fkloto ilg\u012f, taip suma\u017eindami tikimyb\u0119, kad skystis paklius ant kra\u0161t\u0173. Sluoksnis i\u0161 100% medviln\u0117s, sumirkytas \u017eoli\u0173 ekstraktais, arbatmed\u017eio ir juod\u0173j\u0173 pipir\u0173 eteriniu aliejumi, akimirksniu sugeria skyst\u012f. Superabsorbentas dr\u0117gm\u0119 paver\u010dia geliu ir garantuoja komfort\u0105 ir apsaug\u0105.\u00a0 \u0160onuose esantys sparneliai gerai prisitvirtina ir garantuoja komfort\u0105 judant. I\u0161orinis sluoksnis su klij\u0173 juostele patikimai blokuoja skyst\u012f.<\/p>\n<p><strong>Aktyv\u016bs komponentai:<\/strong><\/p>\n<p><strong>Pipirm\u0117\u010di\u0173 ekstraktas<\/strong> &#8211; mink\u0161tina od\u0105, ma\u017eina sudirgim\u0105, suteikia komforto jausm\u0105.<\/p>\n<p><strong>Kamelijos ekstraktas<\/strong> i\u0161 Kinijos turi antioksidant\u0173, antimikrobini\u0173 savybi\u0173. Mink\u0161tina ir dr\u0117kina od\u0105. Apsaugo odos sudirgimo.<\/p>\n","protected":false},"excerpt":{"rendered":"<p>\u00a0Earn 7 points worth \u00a30.35 when buying this product Sunkioms dienoms skirti \u017eoleli\u0173 \u012fklotai \u201eNefrito gaivumas\u201c turi sud\u0117tyje fitokompozicij\u0105 i\u0161 19 gydom\u0173j\u0173 augal\u0173 (juod\u0173j\u0173 pipir\u0173 aliejaus, totorin\u0117s malud\u0117s, ramun\u0117li\u0173, sukat\u017eol\u0117s, saforos, am\u016brinio kam\u0161tenio ir kt.). Jie skirti naudoti dien\u0105 m\u0117nesini\u0173 laikotarpiu. Vir\u0161utinis sluoksnis Dry su anatominiu \u012fspaudu, atliktu \u012fstri\u017eai, greitai ir tolygiai paskirsto skyst\u012f per [&#8230;]\n","protected":false},"featured_media":2001,"comment_status":"closed","ping_status":"closed","template":"","meta":[],"product_cat":[677,682,680],"product_tag":[],"class_list":{"0":"post-3622","1":"product","2":"type-product","3":"status-publish","4":"has-post-thumbnail","6":"product_cat-higiena","7":"product_cat-intymi-higiena","8":"product_cat-kritinems-dienoms-iklotai","10":"first","11":"instock","12":"shipping-taxable","13":"purchasable","14":"product-type-simple"},"yoast_head":"<!-- This site is optimized with the Yoast SEO plugin v23.6 - https:\/\/yoast.com\/wordpress\/plugins\/seo\/ -->\n<title>Dieniniai higieniniai \u012fklotai su vaista\u017eol\u0117mis \u201eNefrito energija\u201c 10 vnt - TianDe Online Shop - Beauty &amp; Health<\/title>\n<meta name=\"robots\" content=\"index, follow, max-snippet:-1, max-image-preview:large, max-video-preview:-1\" \/>\n<link rel=\"canonical\" href=\"https:\/\/tiandeproducts.co.uk\/lt\/dieniniai-higieniniai-iklotai-su-vaistazolemis-nefrito-energija-10-vnt\/\" \/>\n<meta property=\"og:locale\" content=\"lt_LT\" \/>\n<meta property=\"og:type\" content=\"article\" \/>\n<meta property=\"og:title\" content=\"Dieniniai higieniniai \u012fklotai su vaista\u017eol\u0117mis \u201eNefrito energija\u201c 10 vnt - TianDe Online Shop - Beauty &amp; Health\" \/>\n<meta property=\"og:description\" content=\"\u00a0Earn 7 points worth \u00a30.35 when buying this product Sunkioms dienoms skirti \u017eoleli\u0173 \u012fklotai \u201eNefrito gaivumas\u201c turi sud\u0117tyje fitokompozicij\u0105 i\u0161 19 gydom\u0173j\u0173 augal\u0173 (juod\u0173j\u0173 pipir\u0173 aliejaus, totorin\u0117s malud\u0117s, ramun\u0117li\u0173, sukat\u017eol\u0117s, saforos, am\u016brinio kam\u0161tenio ir kt.). Jie skirti naudoti dien\u0105 m\u0117nesini\u0173 laikotarpiu. Vir\u0161utinis sluoksnis Dry su anatominiu \u012fspaudu, atliktu \u012fstri\u017eai, greitai ir tolygiai paskirsto skyst\u012f per [...]\" \/>\n<meta property=\"og:url\" content=\"https:\/\/tiandeproducts.co.uk\/lt\/dieniniai-higieniniai-iklotai-su-vaistazolemis-nefrito-energija-10-vnt\/\" \/>\n<meta property=\"og:site_name\" content=\"TianDe Online Shop - Beauty &amp; Health\" \/>\n<meta property=\"article:publisher\" content=\"https:\/\/www.facebook.com\/tiande.products.england\/\" \/>\n<meta property=\"article:modified_time\" content=\"2022-03-16T15:55:19+00:00\" \/>\n<meta property=\"og:image\" content=\"https:\/\/tiandeproducts.co.uk\/wp-content\/uploads\/2018\/09\/61912.jpg\" \/>\n\t<meta property=\"og:image:width\" content=\"700\" \/>\n\t<meta property=\"og:image:height\" content=\"700\" \/>\n\t<meta property=\"og:image:type\" content=\"image\/jpeg\" \/>\n<meta name=\"twitter:card\" content=\"summary_large_image\" \/>\n<meta name=\"twitter:label1\" content=\"Est. reading time\" \/>\n\t<meta name=\"twitter:data1\" content=\"1 minut\u0117\" \/>\n<script type=\"application\/ld+json\" class=\"yoast-schema-graph\">{\"@context\":\"https:\/\/schema.org\",\"@graph\":[{\"@type\":\"WebPage\",\"@id\":\"https:\/\/tiandeproducts.co.uk\/lt\/dieniniai-higieniniai-iklotai-su-vaistazolemis-nefrito-energija-10-vnt\/\",\"url\":\"https:\/\/tiandeproducts.co.uk\/lt\/dieniniai-higieniniai-iklotai-su-vaistazolemis-nefrito-energija-10-vnt\/\",\"name\":\"Dieniniai higieniniai \u012fklotai su vaista\u017eol\u0117mis \u201eNefrito energija\u201c 10 vnt - TianDe Online Shop - Beauty &amp; Health\",\"isPartOf\":{\"@id\":\"https:\/\/tiandeproducts.co.uk\/#website\"},\"primaryImageOfPage\":{\"@id\":\"https:\/\/tiandeproducts.co.uk\/lt\/dieniniai-higieniniai-iklotai-su-vaistazolemis-nefrito-energija-10-vnt\/#primaryimage\"},\"image\":{\"@id\":\"https:\/\/tiandeproducts.co.uk\/lt\/dieniniai-higieniniai-iklotai-su-vaistazolemis-nefrito-energija-10-vnt\/#primaryimage\"},\"thumbnailUrl\":\"https:\/\/tiandeproducts.co.uk\/wp-content\/uploads\/2018\/09\/61912.jpg\",\"datePublished\":\"2018-09-06T15:22:12+00:00\",\"dateModified\":\"2022-03-16T15:55:19+00:00\",\"breadcrumb\":{\"@id\":\"https:\/\/tiandeproducts.co.uk\/lt\/dieniniai-higieniniai-iklotai-su-vaistazolemis-nefrito-energija-10-vnt\/#breadcrumb\"},\"inLanguage\":\"lt-LT\",\"potentialAction\":[{\"@type\":\"ReadAction\",\"target\":[\"https:\/\/tiandeproducts.co.uk\/lt\/dieniniai-higieniniai-iklotai-su-vaistazolemis-nefrito-energija-10-vnt\/\"]}]},{\"@type\":\"ImageObject\",\"inLanguage\":\"lt-LT\",\"@id\":\"https:\/\/tiandeproducts.co.uk\/lt\/dieniniai-higieniniai-iklotai-su-vaistazolemis-nefrito-energija-10-vnt\/#primaryimage\",\"url\":\"https:\/\/tiandeproducts.co.uk\/wp-content\/uploads\/2018\/09\/61912.jpg\",\"contentUrl\":\"https:\/\/tiandeproducts.co.uk\/wp-content\/uploads\/2018\/09\/61912.jpg\",\"width\":700,\"height\":700,\"caption\":\"Nephrite Freshness Herb Day Sanitary Pads, ,10pcs-0\"},{\"@type\":\"BreadcrumbList\",\"@id\":\"https:\/\/tiandeproducts.co.uk\/lt\/dieniniai-higieniniai-iklotai-su-vaistazolemis-nefrito-energija-10-vnt\/#breadcrumb\",\"itemListElement\":[{\"@type\":\"ListItem\",\"position\":1,\"name\":\"Home\",\"item\":\"https:\/\/tiandeproducts.co.uk\/lt\/\"},{\"@type\":\"ListItem\",\"position\":2,\"name\":\"Shop\",\"item\":\"https:\/\/tiandeproducts.co.uk\/lt\/shop-2\/\"},{\"@type\":\"ListItem\",\"position\":3,\"name\":\"Dieniniai higieniniai \u012fklotai su vaista\u017eol\u0117mis \u201eNefrito energija\u201c 10 vnt\"}]},{\"@type\":\"WebSite\",\"@id\":\"https:\/\/tiandeproducts.co.uk\/#website\",\"url\":\"https:\/\/tiandeproducts.co.uk\/\",\"name\":\"TianDe Online Shop - Beauty & Health\",\"description\":\"Traditional Chinese Medicine\",\"potentialAction\":[{\"@type\":\"SearchAction\",\"target\":{\"@type\":\"EntryPoint\",\"urlTemplate\":\"https:\/\/tiandeproducts.co.uk\/?s={search_term_string}\"},\"query-input\":{\"@type\":\"PropertyValueSpecification\",\"valueRequired\":true,\"valueName\":\"search_term_string\"}}],\"inLanguage\":\"lt-LT\"}]}<\/script>\n<!-- \/ Yoast SEO plugin. -->","yoast_head_json":{"title":"Dieniniai higieniniai \u012fklotai su vaista\u017eol\u0117mis \u201eNefrito energija\u201c 10 vnt - TianDe Online Shop - Beauty &amp; Health","robots":{"index":"index","follow":"follow","max-snippet":"max-snippet:-1","max-image-preview":"max-image-preview:large","max-video-preview":"max-video-preview:-1"},"canonical":"https:\/\/tiandeproducts.co.uk\/lt\/dieniniai-higieniniai-iklotai-su-vaistazolemis-nefrito-energija-10-vnt\/","og_locale":"lt_LT","og_type":"article","og_title":"Dieniniai higieniniai \u012fklotai su vaista\u017eol\u0117mis \u201eNefrito energija\u201c 10 vnt - TianDe Online Shop - Beauty &amp; Health","og_description":"\u00a0Earn 7 points worth \u00a30.35 when buying this product Sunkioms dienoms skirti \u017eoleli\u0173 \u012fklotai \u201eNefrito gaivumas\u201c turi sud\u0117tyje fitokompozicij\u0105 i\u0161 19 gydom\u0173j\u0173 augal\u0173 (juod\u0173j\u0173 pipir\u0173 aliejaus, totorin\u0117s malud\u0117s, ramun\u0117li\u0173, sukat\u017eol\u0117s, saforos, am\u016brinio kam\u0161tenio ir kt.). Jie skirti naudoti dien\u0105 m\u0117nesini\u0173 laikotarpiu. Vir\u0161utinis sluoksnis Dry su anatominiu \u012fspaudu, atliktu \u012fstri\u017eai, greitai ir tolygiai paskirsto skyst\u012f per [...]","og_url":"https:\/\/tiandeproducts.co.uk\/lt\/dieniniai-higieniniai-iklotai-su-vaistazolemis-nefrito-energija-10-vnt\/","og_site_name":"TianDe Online Shop - Beauty &amp; Health","article_publisher":"https:\/\/www.facebook.com\/tiande.products.england\/","article_modified_time":"2022-03-16T15:55:19+00:00","og_image":[{"width":700,"height":700,"url":"https:\/\/tiandeproducts.co.uk\/wp-content\/uploads\/2018\/09\/61912.jpg","type":"image\/jpeg"}],"twitter_card":"summary_large_image","twitter_misc":{"Est. reading time":"1 minut\u0117"},"schema":{"@context":"https:\/\/schema.org","@graph":[{"@type":"WebPage","@id":"https:\/\/tiandeproducts.co.uk\/lt\/dieniniai-higieniniai-iklotai-su-vaistazolemis-nefrito-energija-10-vnt\/","url":"https:\/\/tiandeproducts.co.uk\/lt\/dieniniai-higieniniai-iklotai-su-vaistazolemis-nefrito-energija-10-vnt\/","name":"Dieniniai higieniniai \u012fklotai su vaista\u017eol\u0117mis \u201eNefrito energija\u201c 10 vnt - TianDe Online Shop - Beauty &amp; Health","isPartOf":{"@id":"https:\/\/tiandeproducts.co.uk\/#website"},"primaryImageOfPage":{"@id":"https:\/\/tiandeproducts.co.uk\/lt\/dieniniai-higieniniai-iklotai-su-vaistazolemis-nefrito-energija-10-vnt\/#primaryimage"},"image":{"@id":"https:\/\/tiandeproducts.co.uk\/lt\/dieniniai-higieniniai-iklotai-su-vaistazolemis-nefrito-energija-10-vnt\/#primaryimage"},"thumbnailUrl":"https:\/\/tiandeproducts.co.uk\/wp-content\/uploads\/2018\/09\/61912.jpg","datePublished":"2018-09-06T15:22:12+00:00","dateModified":"2022-03-16T15:55:19+00:00","breadcrumb":{"@id":"https:\/\/tiandeproducts.co.uk\/lt\/dieniniai-higieniniai-iklotai-su-vaistazolemis-nefrito-energija-10-vnt\/#breadcrumb"},"inLanguage":"lt-LT","potentialAction":[{"@type":"ReadAction","target":["https:\/\/tiandeproducts.co.uk\/lt\/dieniniai-higieniniai-iklotai-su-vaistazolemis-nefrito-energija-10-vnt\/"]}]},{"@type":"ImageObject","inLanguage":"lt-LT","@id":"https:\/\/tiandeproducts.co.uk\/lt\/dieniniai-higieniniai-iklotai-su-vaistazolemis-nefrito-energija-10-vnt\/#primaryimage","url":"https:\/\/tiandeproducts.co.uk\/wp-content\/uploads\/2018\/09\/61912.jpg","contentUrl":"https:\/\/tiandeproducts.co.uk\/wp-content\/uploads\/2018\/09\/61912.jpg","width":700,"height":700,"caption":"Nephrite Freshness Herb Day Sanitary Pads, ,10pcs-0"},{"@type":"BreadcrumbList","@id":"https:\/\/tiandeproducts.co.uk\/lt\/dieniniai-higieniniai-iklotai-su-vaistazolemis-nefrito-energija-10-vnt\/#breadcrumb","itemListElement":[{"@type":"ListItem","position":1,"name":"Home","item":"https:\/\/tiandeproducts.co.uk\/lt\/"},{"@type":"ListItem","position":2,"name":"Shop","item":"https:\/\/tiandeproducts.co.uk\/lt\/shop-2\/"},{"@type":"ListItem","position":3,"name":"Dieniniai higieniniai \u012fklotai su vaista\u017eol\u0117mis \u201eNefrito energija\u201c 10 vnt"}]},{"@type":"WebSite","@id":"https:\/\/tiandeproducts.co.uk\/#website","url":"https:\/\/tiandeproducts.co.uk\/","name":"TianDe Online Shop - Beauty & Health","description":"Traditional Chinese Medicine","potentialAction":[{"@type":"SearchAction","target":{"@type":"EntryPoint","urlTemplate":"https:\/\/tiandeproducts.co.uk\/?s={search_term_string}"},"query-input":{"@type":"PropertyValueSpecification","valueRequired":true,"valueName":"search_term_string"}}],"inLanguage":"lt-LT"}]}},"_links":{"self":[{"href":"https:\/\/tiandeproducts.co.uk\/lt\/wp-json\/wp\/v2\/product\/3622","targetHints":{"allow":["GET"]}}],"collection":[{"href":"https:\/\/tiandeproducts.co.uk\/lt\/wp-json\/wp\/v2\/product"}],"about":[{"href":"https:\/\/tiandeproducts.co.uk\/lt\/wp-json\/wp\/v2\/types\/product"}],"replies":[{"embeddable":true,"href":"https:\/\/tiandeproducts.co.uk\/lt\/wp-json\/wp\/v2\/comments?post=3622"}],"wp:featuredmedia":[{"embeddable":true,"href":"https:\/\/tiandeproducts.co.uk\/lt\/wp-json\/wp\/v2\/media\/2001"}],"wp:attachment":[{"href":"https:\/\/tiandeproducts.co.uk\/lt\/wp-json\/wp\/v2\/media?parent=3622"}],"wp:term":[{"taxonomy":"product_cat","embeddable":true,"href":"https:\/\/tiandeproducts.co.uk\/lt\/wp-json\/wp\/v2\/product_cat?post=3622"},{"taxonomy":"product_tag","embeddable":true,"href":"https:\/\/tiandeproducts.co.uk\/lt\/wp-json\/wp\/v2\/product_tag?post=3622"}],"curies":[{"name":"wp","href":"https:\/\/api.w.org\/{rel}","templated":true}]}}