{"id":3619,"date":"2018-02-17T17:58:06","date_gmt":"2018-02-17T17:58:06","guid":{"rendered":"https:\/\/tnd.ontesting.co.uk\/kasdieniniai-higieniniai-iklotai-su-alavijo-ekstraktu-nefrito-energija-1-vnt\/"},"modified":"2021-02-12T12:20:45","modified_gmt":"2021-02-12T12:20:45","slug":"kasdieniniai-higieniniai-iklotai-su-alavijo-ekstraktu-nefrito-energija-1-vnt","status":"publish","type":"product","link":"https:\/\/tiandeproducts.co.uk\/lt\/kasdieniniai-higieniniai-iklotai-su-alavijo-ekstraktu-nefrito-energija-1-vnt\/","title":{"rendered":"Kasdieniniai higieniniai \u012fklotai su alavijo ekstraktu \u201eNefrito energija\u201c 1 vnt"},"content":{"rendered":"<p><img decoding=\"async\" style=\"max-width: 16px; margin-right: 5px;\" src=\"https:\/\/tiandeproducts.co.uk\/wp-content\/uploads\/points-green.svg\" \/>\u00a0Earn 1 points worth \u00a30.05 when buying this product<\/p>\n<p>Kasdieniniai higieniniai \u012fklotai su alavijo ekstraktu \u201eNefrito gaivumas\u201c turi sud\u0117tyje didel\u0119 koncentracij\u0105 \u0161io gydomojo augalo \u2013 gamtinio antibiotiko. Skirti kasdieniniam naudojimui. Maksimalus poveikis pasiekiamas naudojant kartu su vaista\u017eoli\u0173 arbatomis \u201e\u017doleli\u0173 arbata su kininiu skudu\u010diu ir viena\u0161ale u\u017egina moterims\u201c arba \u201e\u017doleli\u0173 arbata su kininiu skudu\u010diu ir radiole\u201d ir nuosekliai naudojantis \u012fklotais \u201eNefrito gaivumas\u201c: kriti\u0161koms dienoms &#8211; kriti\u0161koms naktims &#8211; kasdieniniais.\u00a0Super\u00a0<span class=\"hps\">plon<\/span><span class=\"hps\">os<\/span>\u00a0<span class=\"hps\">pagalv\u0117l\u0117s<\/span>\u00a0<span class=\"hps\">leid\u017eia<\/span>\u00a0<span class=\"hps\">jums<\/span>\u00a0<span class=\"hps\">d\u0117v\u0117ti<\/span>\u00a0<span class=\"hps\">gerai prigludusi<\/span><span class=\"hps\">us prie k\u016bno<\/span>\u00a0<span class=\"hps\">drabu\u017ei<\/span><span class=\"hps\">us<\/span><span class=\"hps\">.<\/span><\/p>\n<p><strong>Aktyv\u016bs komponentai:<\/strong><\/p>\n<p><strong>Pipirm\u0117\u010di\u0173 ekstraktas<\/strong> &#8211; mink\u0161tina od\u0105, ma\u017eina sudirgim\u0105, suteikia komforto jausm\u0105.<\/p>\n<p><strong>Kamelijos ekstraktas<\/strong> i\u0161 Kinijos turi antioksidant\u0173, antimikrobini\u0173 savybi\u0173. Mink\u0161tina ir dr\u0117kina od\u0105. Apsaugo odos sudirgimo.<\/p>\n","protected":false},"excerpt":{"rendered":"<p>\u00a0Earn 1 points worth \u00a30.05 when buying this product Kasdieniniai higieniniai \u012fklotai su alavijo ekstraktu \u201eNefrito gaivumas\u201c turi sud\u0117tyje didel\u0119 koncentracij\u0105 \u0161io gydomojo augalo \u2013 gamtinio antibiotiko. Skirti kasdieniniam naudojimui. Maksimalus poveikis pasiekiamas naudojant kartu su vaista\u017eoli\u0173 arbatomis \u201e\u017doleli\u0173 arbata su kininiu skudu\u010diu ir viena\u0161ale u\u017egina moterims\u201c arba \u201e\u017doleli\u0173 arbata su kininiu skudu\u010diu ir radiole\u201d [&#8230;]\n","protected":false},"featured_media":1826,"comment_status":"closed","ping_status":"closed","template":"","meta":[],"product_cat":[677,682,679],"product_tag":[],"class_list":{"0":"post-3619","1":"product","2":"type-product","3":"status-publish","4":"has-post-thumbnail","6":"product_cat-higiena","7":"product_cat-intymi-higiena","8":"product_cat-kasdieniniiai-iklotai","10":"first","11":"outofstock","12":"shipping-taxable","13":"purchasable","14":"product-type-simple"},"yoast_head":"<!-- This site is optimized with the Yoast SEO plugin v23.6 - https:\/\/yoast.com\/wordpress\/plugins\/seo\/ -->\n<title>Kasdieniniai higieniniai \u012fklotai su alavijo ekstraktu \u201eNefrito energija\u201c 1 vnt - TianDe Online Shop - Beauty &amp; Health<\/title>\n<meta name=\"robots\" content=\"index, follow, max-snippet:-1, max-image-preview:large, max-video-preview:-1\" \/>\n<link rel=\"canonical\" href=\"https:\/\/tiandeproducts.co.uk\/lt\/kasdieniniai-higieniniai-iklotai-su-alavijo-ekstraktu-nefrito-energija-1-vnt\/\" \/>\n<meta property=\"og:locale\" content=\"lt_LT\" \/>\n<meta property=\"og:type\" content=\"article\" \/>\n<meta property=\"og:title\" content=\"Kasdieniniai higieniniai \u012fklotai su alavijo ekstraktu \u201eNefrito energija\u201c 1 vnt - TianDe Online Shop - Beauty &amp; Health\" \/>\n<meta property=\"og:description\" content=\"\u00a0Earn 1 points worth \u00a30.05 when buying this product Kasdieniniai higieniniai \u012fklotai su alavijo ekstraktu \u201eNefrito gaivumas\u201c turi sud\u0117tyje didel\u0119 koncentracij\u0105 \u0161io gydomojo augalo \u2013 gamtinio antibiotiko. Skirti kasdieniniam naudojimui. Maksimalus poveikis pasiekiamas naudojant kartu su vaista\u017eoli\u0173 arbatomis \u201e\u017doleli\u0173 arbata su kininiu skudu\u010diu ir viena\u0161ale u\u017egina moterims\u201c arba \u201e\u017doleli\u0173 arbata su kininiu skudu\u010diu ir radiole\u201d [...]\" \/>\n<meta property=\"og:url\" content=\"https:\/\/tiandeproducts.co.uk\/lt\/kasdieniniai-higieniniai-iklotai-su-alavijo-ekstraktu-nefrito-energija-1-vnt\/\" \/>\n<meta property=\"og:site_name\" content=\"TianDe Online Shop - Beauty &amp; Health\" \/>\n<meta property=\"article:publisher\" content=\"https:\/\/www.facebook.com\/tiande.products.england\/\" \/>\n<meta property=\"article:modified_time\" content=\"2021-02-12T12:20:45+00:00\" \/>\n<meta property=\"og:image\" content=\"https:\/\/tiandeproducts.co.uk\/wp-content\/uploads\/2018\/02\/61911.01d.jpg\" \/>\n\t<meta property=\"og:image:width\" content=\"800\" \/>\n\t<meta property=\"og:image:height\" content=\"800\" \/>\n\t<meta property=\"og:image:type\" content=\"image\/jpeg\" \/>\n<meta name=\"twitter:card\" content=\"summary_large_image\" \/>\n<meta name=\"twitter:label1\" content=\"Est. reading time\" \/>\n\t<meta name=\"twitter:data1\" content=\"1 minut\u0117\" \/>\n<script type=\"application\/ld+json\" class=\"yoast-schema-graph\">{\"@context\":\"https:\/\/schema.org\",\"@graph\":[{\"@type\":\"WebPage\",\"@id\":\"https:\/\/tiandeproducts.co.uk\/lt\/kasdieniniai-higieniniai-iklotai-su-alavijo-ekstraktu-nefrito-energija-1-vnt\/\",\"url\":\"https:\/\/tiandeproducts.co.uk\/lt\/kasdieniniai-higieniniai-iklotai-su-alavijo-ekstraktu-nefrito-energija-1-vnt\/\",\"name\":\"Kasdieniniai higieniniai \u012fklotai su alavijo ekstraktu \u201eNefrito energija\u201c 1 vnt - TianDe Online Shop - Beauty &amp; Health\",\"isPartOf\":{\"@id\":\"https:\/\/tiandeproducts.co.uk\/#website\"},\"primaryImageOfPage\":{\"@id\":\"https:\/\/tiandeproducts.co.uk\/lt\/kasdieniniai-higieniniai-iklotai-su-alavijo-ekstraktu-nefrito-energija-1-vnt\/#primaryimage\"},\"image\":{\"@id\":\"https:\/\/tiandeproducts.co.uk\/lt\/kasdieniniai-higieniniai-iklotai-su-alavijo-ekstraktu-nefrito-energija-1-vnt\/#primaryimage\"},\"thumbnailUrl\":\"https:\/\/tiandeproducts.co.uk\/wp-content\/uploads\/2018\/02\/61911.01d.jpg\",\"datePublished\":\"2018-02-17T17:58:06+00:00\",\"dateModified\":\"2021-02-12T12:20:45+00:00\",\"breadcrumb\":{\"@id\":\"https:\/\/tiandeproducts.co.uk\/lt\/kasdieniniai-higieniniai-iklotai-su-alavijo-ekstraktu-nefrito-energija-1-vnt\/#breadcrumb\"},\"inLanguage\":\"lt-LT\",\"potentialAction\":[{\"@type\":\"ReadAction\",\"target\":[\"https:\/\/tiandeproducts.co.uk\/lt\/kasdieniniai-higieniniai-iklotai-su-alavijo-ekstraktu-nefrito-energija-1-vnt\/\"]}]},{\"@type\":\"ImageObject\",\"inLanguage\":\"lt-LT\",\"@id\":\"https:\/\/tiandeproducts.co.uk\/lt\/kasdieniniai-higieniniai-iklotai-su-alavijo-ekstraktu-nefrito-energija-1-vnt\/#primaryimage\",\"url\":\"https:\/\/tiandeproducts.co.uk\/wp-content\/uploads\/2018\/02\/61911.01d.jpg\",\"contentUrl\":\"https:\/\/tiandeproducts.co.uk\/wp-content\/uploads\/2018\/02\/61911.01d.jpg\",\"width\":800,\"height\":800,\"caption\":\"\\\"Nephritic Freshness\\\" Daily liner with aloe extract,1pc-0\"},{\"@type\":\"BreadcrumbList\",\"@id\":\"https:\/\/tiandeproducts.co.uk\/lt\/kasdieniniai-higieniniai-iklotai-su-alavijo-ekstraktu-nefrito-energija-1-vnt\/#breadcrumb\",\"itemListElement\":[{\"@type\":\"ListItem\",\"position\":1,\"name\":\"Home\",\"item\":\"https:\/\/tiandeproducts.co.uk\/lt\/\"},{\"@type\":\"ListItem\",\"position\":2,\"name\":\"Shop\",\"item\":\"https:\/\/tiandeproducts.co.uk\/lt\/shop-2\/\"},{\"@type\":\"ListItem\",\"position\":3,\"name\":\"Kasdieniniai higieniniai \u012fklotai su alavijo ekstraktu \u201eNefrito energija\u201c 1 vnt\"}]},{\"@type\":\"WebSite\",\"@id\":\"https:\/\/tiandeproducts.co.uk\/#website\",\"url\":\"https:\/\/tiandeproducts.co.uk\/\",\"name\":\"TianDe Online Shop - Beauty & Health\",\"description\":\"Traditional Chinese Medicine\",\"potentialAction\":[{\"@type\":\"SearchAction\",\"target\":{\"@type\":\"EntryPoint\",\"urlTemplate\":\"https:\/\/tiandeproducts.co.uk\/?s={search_term_string}\"},\"query-input\":{\"@type\":\"PropertyValueSpecification\",\"valueRequired\":true,\"valueName\":\"search_term_string\"}}],\"inLanguage\":\"lt-LT\"}]}<\/script>\n<!-- \/ Yoast SEO plugin. -->","yoast_head_json":{"title":"Kasdieniniai higieniniai \u012fklotai su alavijo ekstraktu \u201eNefrito energija\u201c 1 vnt - TianDe Online Shop - Beauty &amp; Health","robots":{"index":"index","follow":"follow","max-snippet":"max-snippet:-1","max-image-preview":"max-image-preview:large","max-video-preview":"max-video-preview:-1"},"canonical":"https:\/\/tiandeproducts.co.uk\/lt\/kasdieniniai-higieniniai-iklotai-su-alavijo-ekstraktu-nefrito-energija-1-vnt\/","og_locale":"lt_LT","og_type":"article","og_title":"Kasdieniniai higieniniai \u012fklotai su alavijo ekstraktu \u201eNefrito energija\u201c 1 vnt - TianDe Online Shop - Beauty &amp; Health","og_description":"\u00a0Earn 1 points worth \u00a30.05 when buying this product Kasdieniniai higieniniai \u012fklotai su alavijo ekstraktu \u201eNefrito gaivumas\u201c turi sud\u0117tyje didel\u0119 koncentracij\u0105 \u0161io gydomojo augalo \u2013 gamtinio antibiotiko. Skirti kasdieniniam naudojimui. Maksimalus poveikis pasiekiamas naudojant kartu su vaista\u017eoli\u0173 arbatomis \u201e\u017doleli\u0173 arbata su kininiu skudu\u010diu ir viena\u0161ale u\u017egina moterims\u201c arba \u201e\u017doleli\u0173 arbata su kininiu skudu\u010diu ir radiole\u201d [...]","og_url":"https:\/\/tiandeproducts.co.uk\/lt\/kasdieniniai-higieniniai-iklotai-su-alavijo-ekstraktu-nefrito-energija-1-vnt\/","og_site_name":"TianDe Online Shop - Beauty &amp; Health","article_publisher":"https:\/\/www.facebook.com\/tiande.products.england\/","article_modified_time":"2021-02-12T12:20:45+00:00","og_image":[{"width":800,"height":800,"url":"https:\/\/tiandeproducts.co.uk\/wp-content\/uploads\/2018\/02\/61911.01d.jpg","type":"image\/jpeg"}],"twitter_card":"summary_large_image","twitter_misc":{"Est. reading time":"1 minut\u0117"},"schema":{"@context":"https:\/\/schema.org","@graph":[{"@type":"WebPage","@id":"https:\/\/tiandeproducts.co.uk\/lt\/kasdieniniai-higieniniai-iklotai-su-alavijo-ekstraktu-nefrito-energija-1-vnt\/","url":"https:\/\/tiandeproducts.co.uk\/lt\/kasdieniniai-higieniniai-iklotai-su-alavijo-ekstraktu-nefrito-energija-1-vnt\/","name":"Kasdieniniai higieniniai \u012fklotai su alavijo ekstraktu \u201eNefrito energija\u201c 1 vnt - TianDe Online Shop - Beauty &amp; Health","isPartOf":{"@id":"https:\/\/tiandeproducts.co.uk\/#website"},"primaryImageOfPage":{"@id":"https:\/\/tiandeproducts.co.uk\/lt\/kasdieniniai-higieniniai-iklotai-su-alavijo-ekstraktu-nefrito-energija-1-vnt\/#primaryimage"},"image":{"@id":"https:\/\/tiandeproducts.co.uk\/lt\/kasdieniniai-higieniniai-iklotai-su-alavijo-ekstraktu-nefrito-energija-1-vnt\/#primaryimage"},"thumbnailUrl":"https:\/\/tiandeproducts.co.uk\/wp-content\/uploads\/2018\/02\/61911.01d.jpg","datePublished":"2018-02-17T17:58:06+00:00","dateModified":"2021-02-12T12:20:45+00:00","breadcrumb":{"@id":"https:\/\/tiandeproducts.co.uk\/lt\/kasdieniniai-higieniniai-iklotai-su-alavijo-ekstraktu-nefrito-energija-1-vnt\/#breadcrumb"},"inLanguage":"lt-LT","potentialAction":[{"@type":"ReadAction","target":["https:\/\/tiandeproducts.co.uk\/lt\/kasdieniniai-higieniniai-iklotai-su-alavijo-ekstraktu-nefrito-energija-1-vnt\/"]}]},{"@type":"ImageObject","inLanguage":"lt-LT","@id":"https:\/\/tiandeproducts.co.uk\/lt\/kasdieniniai-higieniniai-iklotai-su-alavijo-ekstraktu-nefrito-energija-1-vnt\/#primaryimage","url":"https:\/\/tiandeproducts.co.uk\/wp-content\/uploads\/2018\/02\/61911.01d.jpg","contentUrl":"https:\/\/tiandeproducts.co.uk\/wp-content\/uploads\/2018\/02\/61911.01d.jpg","width":800,"height":800,"caption":"\"Nephritic Freshness\" Daily liner with aloe extract,1pc-0"},{"@type":"BreadcrumbList","@id":"https:\/\/tiandeproducts.co.uk\/lt\/kasdieniniai-higieniniai-iklotai-su-alavijo-ekstraktu-nefrito-energija-1-vnt\/#breadcrumb","itemListElement":[{"@type":"ListItem","position":1,"name":"Home","item":"https:\/\/tiandeproducts.co.uk\/lt\/"},{"@type":"ListItem","position":2,"name":"Shop","item":"https:\/\/tiandeproducts.co.uk\/lt\/shop-2\/"},{"@type":"ListItem","position":3,"name":"Kasdieniniai higieniniai \u012fklotai su alavijo ekstraktu \u201eNefrito energija\u201c 1 vnt"}]},{"@type":"WebSite","@id":"https:\/\/tiandeproducts.co.uk\/#website","url":"https:\/\/tiandeproducts.co.uk\/","name":"TianDe Online Shop - Beauty & Health","description":"Traditional Chinese Medicine","potentialAction":[{"@type":"SearchAction","target":{"@type":"EntryPoint","urlTemplate":"https:\/\/tiandeproducts.co.uk\/?s={search_term_string}"},"query-input":{"@type":"PropertyValueSpecification","valueRequired":true,"valueName":"search_term_string"}}],"inLanguage":"lt-LT"}]}},"_links":{"self":[{"href":"https:\/\/tiandeproducts.co.uk\/lt\/wp-json\/wp\/v2\/product\/3619","targetHints":{"allow":["GET"]}}],"collection":[{"href":"https:\/\/tiandeproducts.co.uk\/lt\/wp-json\/wp\/v2\/product"}],"about":[{"href":"https:\/\/tiandeproducts.co.uk\/lt\/wp-json\/wp\/v2\/types\/product"}],"replies":[{"embeddable":true,"href":"https:\/\/tiandeproducts.co.uk\/lt\/wp-json\/wp\/v2\/comments?post=3619"}],"wp:featuredmedia":[{"embeddable":true,"href":"https:\/\/tiandeproducts.co.uk\/lt\/wp-json\/wp\/v2\/media\/1826"}],"wp:attachment":[{"href":"https:\/\/tiandeproducts.co.uk\/lt\/wp-json\/wp\/v2\/media?parent=3619"}],"wp:term":[{"taxonomy":"product_cat","embeddable":true,"href":"https:\/\/tiandeproducts.co.uk\/lt\/wp-json\/wp\/v2\/product_cat?post=3619"},{"taxonomy":"product_tag","embeddable":true,"href":"https:\/\/tiandeproducts.co.uk\/lt\/wp-json\/wp\/v2\/product_tag?post=3619"}],"curies":[{"name":"wp","href":"https:\/\/api.w.org\/{rel}","templated":true}]}}