{"id":3618,"date":"2019-07-17T20:45:34","date_gmt":"2019-07-17T19:45:34","guid":{"rendered":"https:\/\/tnd.ontesting.co.uk\/ypac-ploni-kasdieniniai-higieniniai-iklotai-su-zoleliu-ekstraktais-nefrito-energija-18-vnt\/"},"modified":"2021-02-05T18:47:15","modified_gmt":"2021-02-05T18:47:15","slug":"ypac-ploni-kasdieniniai-higieniniai-iklotai-su-zoleliu-ekstraktais-nefrito-energija-18-vnt","status":"publish","type":"product","link":"https:\/\/tiandeproducts.co.uk\/lt\/ypac-ploni-kasdieniniai-higieniniai-iklotai-su-zoleliu-ekstraktais-nefrito-energija-18-vnt\/","title":{"rendered":"Ypa\u010d ploni kasdieniniai higieniniai \u012fklotai su \u017eoleli\u0173 ekstraktais \u201eNefrito energija\u201c 18 vnt"},"content":{"rendered":"<p><img decoding=\"async\" style=\"max-width: 16px; margin-right: 5px;\" src=\"https:\/\/tiandeproducts.co.uk\/wp-content\/uploads\/points-green.svg\" \/>\u00a0Earn 6 points worth \u00a30.30 when buying this product<\/p>\n<p>J\u0173 sud\u0117tyje yra fitokompozicija FCM i\u0161 19 gydom\u0173j\u0173 augal\u0173 (juod\u0173j\u0173 pipir\u0173 aliejus, totorin\u0117 malud\u0117, ramun\u0117l\u0117s, sukat\u017eol\u0117s, saforos, am\u016brinio kam\u0161tenio ir kt.). Sluoksnis i\u0161\u00a0 nat\u016bralios medviln\u0117s, sumirkytas \u017eoli\u0173 ekstraktais, arbatmed\u017eio ir juod\u0173j\u0173 pipir\u0173 eteriniu aliejumi, akimirksniu sugeria skyst\u012f ir kvap\u0105. 100% nat\u016bralus medviln\u0117s sluoksnisyra puikus absorbentas, kuris gerai sugeria dr\u0117gm\u0119 ir garantuoja komfort\u0105 ir apsaug\u0105. \u012ekloto pavir\u0161ius patikimai blokuoja skyst\u012f.<\/p>\n<p><strong>Aktyv\u016bs komponentai:<\/strong><\/p>\n<p><strong>Pipirm\u0117\u010di\u0173 ekstraktas &#8211; <\/strong>mink\u0161tina od\u0105, ma\u017eina sudirgim\u0105, suteikia komforto jausm\u0105.<\/p>\n<p><strong>Kamelijos ekstraktas <\/strong>i\u0161 Kinijos turi antioksidant\u0173, antimikrobini\u0173 savybi\u0173. Mink\u0161tina ir dr\u0117kina od\u0105. Apsaugo odos sudirgimo.<\/p>\n","protected":false},"excerpt":{"rendered":"<p>\u00a0Earn 6 points worth \u00a30.30 when buying this product J\u0173 sud\u0117tyje yra fitokompozicija FCM i\u0161 19 gydom\u0173j\u0173 augal\u0173 (juod\u0173j\u0173 pipir\u0173 aliejus, totorin\u0117 malud\u0117, ramun\u0117l\u0117s, sukat\u017eol\u0117s, saforos, am\u016brinio kam\u0161tenio ir kt.). Sluoksnis i\u0161\u00a0 nat\u016bralios medviln\u0117s, sumirkytas \u017eoli\u0173 ekstraktais, arbatmed\u017eio ir juod\u0173j\u0173 pipir\u0173 eteriniu aliejumi, akimirksniu sugeria skyst\u012f ir kvap\u0105. 100% nat\u016bralus medviln\u0117s sluoksnisyra puikus absorbentas, kuris [&#8230;]\n","protected":false},"featured_media":3252,"comment_status":"closed","ping_status":"closed","template":"","meta":[],"product_cat":[677,682,679],"product_tag":[],"class_list":{"0":"post-3618","1":"product","2":"type-product","3":"status-publish","4":"has-post-thumbnail","6":"product_cat-higiena","7":"product_cat-intymi-higiena","8":"product_cat-kasdieniniiai-iklotai","10":"first","11":"instock","12":"shipping-taxable","13":"purchasable","14":"product-type-simple"},"yoast_head":"<!-- This site is optimized with the Yoast SEO plugin v23.6 - https:\/\/yoast.com\/wordpress\/plugins\/seo\/ -->\n<title>Ypa\u010d ploni kasdieniniai higieniniai \u012fklotai su \u017eoleli\u0173 ekstraktais \u201eNefrito energija\u201c 18 vnt - TianDe Online Shop - Beauty &amp; Health<\/title>\n<meta name=\"robots\" content=\"index, follow, max-snippet:-1, max-image-preview:large, max-video-preview:-1\" \/>\n<link rel=\"canonical\" href=\"https:\/\/tiandeproducts.co.uk\/lt\/ypac-ploni-kasdieniniai-higieniniai-iklotai-su-zoleliu-ekstraktais-nefrito-energija-18-vnt\/\" \/>\n<meta property=\"og:locale\" content=\"lt_LT\" \/>\n<meta property=\"og:type\" content=\"article\" \/>\n<meta property=\"og:title\" content=\"Ypa\u010d ploni kasdieniniai higieniniai \u012fklotai su \u017eoleli\u0173 ekstraktais \u201eNefrito energija\u201c 18 vnt - TianDe Online Shop - Beauty &amp; Health\" \/>\n<meta property=\"og:description\" content=\"\u00a0Earn 6 points worth \u00a30.30 when buying this product J\u0173 sud\u0117tyje yra fitokompozicija FCM i\u0161 19 gydom\u0173j\u0173 augal\u0173 (juod\u0173j\u0173 pipir\u0173 aliejus, totorin\u0117 malud\u0117, ramun\u0117l\u0117s, sukat\u017eol\u0117s, saforos, am\u016brinio kam\u0161tenio ir kt.). Sluoksnis i\u0161\u00a0 nat\u016bralios medviln\u0117s, sumirkytas \u017eoli\u0173 ekstraktais, arbatmed\u017eio ir juod\u0173j\u0173 pipir\u0173 eteriniu aliejumi, akimirksniu sugeria skyst\u012f ir kvap\u0105. 100% nat\u016bralus medviln\u0117s sluoksnisyra puikus absorbentas, kuris [...]\" \/>\n<meta property=\"og:url\" content=\"https:\/\/tiandeproducts.co.uk\/lt\/ypac-ploni-kasdieniniai-higieniniai-iklotai-su-zoleliu-ekstraktais-nefrito-energija-18-vnt\/\" \/>\n<meta property=\"og:site_name\" content=\"TianDe Online Shop - Beauty &amp; Health\" \/>\n<meta property=\"article:publisher\" content=\"https:\/\/www.facebook.com\/tiande.products.england\/\" \/>\n<meta property=\"article:modified_time\" content=\"2021-02-05T18:47:15+00:00\" \/>\n<meta property=\"og:image\" content=\"https:\/\/tiandeproducts.co.uk\/wp-content\/uploads\/61921.png\" \/>\n\t<meta property=\"og:image:width\" content=\"700\" \/>\n\t<meta property=\"og:image:height\" content=\"700\" \/>\n\t<meta property=\"og:image:type\" content=\"image\/png\" \/>\n<meta name=\"twitter:card\" content=\"summary_large_image\" \/>\n<meta name=\"twitter:label1\" content=\"Est. reading time\" \/>\n\t<meta name=\"twitter:data1\" content=\"1 minut\u0117\" \/>\n<script type=\"application\/ld+json\" class=\"yoast-schema-graph\">{\"@context\":\"https:\/\/schema.org\",\"@graph\":[{\"@type\":\"WebPage\",\"@id\":\"https:\/\/tiandeproducts.co.uk\/lt\/ypac-ploni-kasdieniniai-higieniniai-iklotai-su-zoleliu-ekstraktais-nefrito-energija-18-vnt\/\",\"url\":\"https:\/\/tiandeproducts.co.uk\/lt\/ypac-ploni-kasdieniniai-higieniniai-iklotai-su-zoleliu-ekstraktais-nefrito-energija-18-vnt\/\",\"name\":\"Ypa\u010d ploni kasdieniniai higieniniai \u012fklotai su \u017eoleli\u0173 ekstraktais \u201eNefrito energija\u201c 18 vnt - TianDe Online Shop - Beauty &amp; Health\",\"isPartOf\":{\"@id\":\"https:\/\/tiandeproducts.co.uk\/#website\"},\"primaryImageOfPage\":{\"@id\":\"https:\/\/tiandeproducts.co.uk\/lt\/ypac-ploni-kasdieniniai-higieniniai-iklotai-su-zoleliu-ekstraktais-nefrito-energija-18-vnt\/#primaryimage\"},\"image\":{\"@id\":\"https:\/\/tiandeproducts.co.uk\/lt\/ypac-ploni-kasdieniniai-higieniniai-iklotai-su-zoleliu-ekstraktais-nefrito-energija-18-vnt\/#primaryimage\"},\"thumbnailUrl\":\"https:\/\/tiandeproducts.co.uk\/wp-content\/uploads\/61921.png\",\"datePublished\":\"2019-07-17T19:45:34+00:00\",\"dateModified\":\"2021-02-05T18:47:15+00:00\",\"breadcrumb\":{\"@id\":\"https:\/\/tiandeproducts.co.uk\/lt\/ypac-ploni-kasdieniniai-higieniniai-iklotai-su-zoleliu-ekstraktais-nefrito-energija-18-vnt\/#breadcrumb\"},\"inLanguage\":\"lt-LT\",\"potentialAction\":[{\"@type\":\"ReadAction\",\"target\":[\"https:\/\/tiandeproducts.co.uk\/lt\/ypac-ploni-kasdieniniai-higieniniai-iklotai-su-zoleliu-ekstraktais-nefrito-energija-18-vnt\/\"]}]},{\"@type\":\"ImageObject\",\"inLanguage\":\"lt-LT\",\"@id\":\"https:\/\/tiandeproducts.co.uk\/lt\/ypac-ploni-kasdieniniai-higieniniai-iklotai-su-zoleliu-ekstraktais-nefrito-energija-18-vnt\/#primaryimage\",\"url\":\"https:\/\/tiandeproducts.co.uk\/wp-content\/uploads\/61921.png\",\"contentUrl\":\"https:\/\/tiandeproducts.co.uk\/wp-content\/uploads\/61921.png\",\"width\":700,\"height\":700},{\"@type\":\"BreadcrumbList\",\"@id\":\"https:\/\/tiandeproducts.co.uk\/lt\/ypac-ploni-kasdieniniai-higieniniai-iklotai-su-zoleliu-ekstraktais-nefrito-energija-18-vnt\/#breadcrumb\",\"itemListElement\":[{\"@type\":\"ListItem\",\"position\":1,\"name\":\"Home\",\"item\":\"https:\/\/tiandeproducts.co.uk\/lt\/\"},{\"@type\":\"ListItem\",\"position\":2,\"name\":\"Shop\",\"item\":\"https:\/\/tiandeproducts.co.uk\/lt\/shop-2\/\"},{\"@type\":\"ListItem\",\"position\":3,\"name\":\"Ypa\u010d ploni kasdieniniai higieniniai \u012fklotai su \u017eoleli\u0173 ekstraktais \u201eNefrito energija\u201c 18 vnt\"}]},{\"@type\":\"WebSite\",\"@id\":\"https:\/\/tiandeproducts.co.uk\/#website\",\"url\":\"https:\/\/tiandeproducts.co.uk\/\",\"name\":\"TianDe Online Shop - Beauty & Health\",\"description\":\"Traditional Chinese Medicine\",\"potentialAction\":[{\"@type\":\"SearchAction\",\"target\":{\"@type\":\"EntryPoint\",\"urlTemplate\":\"https:\/\/tiandeproducts.co.uk\/?s={search_term_string}\"},\"query-input\":{\"@type\":\"PropertyValueSpecification\",\"valueRequired\":true,\"valueName\":\"search_term_string\"}}],\"inLanguage\":\"lt-LT\"}]}<\/script>\n<!-- \/ Yoast SEO plugin. -->","yoast_head_json":{"title":"Ypa\u010d ploni kasdieniniai higieniniai \u012fklotai su \u017eoleli\u0173 ekstraktais \u201eNefrito energija\u201c 18 vnt - TianDe Online Shop - Beauty &amp; Health","robots":{"index":"index","follow":"follow","max-snippet":"max-snippet:-1","max-image-preview":"max-image-preview:large","max-video-preview":"max-video-preview:-1"},"canonical":"https:\/\/tiandeproducts.co.uk\/lt\/ypac-ploni-kasdieniniai-higieniniai-iklotai-su-zoleliu-ekstraktais-nefrito-energija-18-vnt\/","og_locale":"lt_LT","og_type":"article","og_title":"Ypa\u010d ploni kasdieniniai higieniniai \u012fklotai su \u017eoleli\u0173 ekstraktais \u201eNefrito energija\u201c 18 vnt - TianDe Online Shop - Beauty &amp; Health","og_description":"\u00a0Earn 6 points worth \u00a30.30 when buying this product J\u0173 sud\u0117tyje yra fitokompozicija FCM i\u0161 19 gydom\u0173j\u0173 augal\u0173 (juod\u0173j\u0173 pipir\u0173 aliejus, totorin\u0117 malud\u0117, ramun\u0117l\u0117s, sukat\u017eol\u0117s, saforos, am\u016brinio kam\u0161tenio ir kt.). Sluoksnis i\u0161\u00a0 nat\u016bralios medviln\u0117s, sumirkytas \u017eoli\u0173 ekstraktais, arbatmed\u017eio ir juod\u0173j\u0173 pipir\u0173 eteriniu aliejumi, akimirksniu sugeria skyst\u012f ir kvap\u0105. 100% nat\u016bralus medviln\u0117s sluoksnisyra puikus absorbentas, kuris [...]","og_url":"https:\/\/tiandeproducts.co.uk\/lt\/ypac-ploni-kasdieniniai-higieniniai-iklotai-su-zoleliu-ekstraktais-nefrito-energija-18-vnt\/","og_site_name":"TianDe Online Shop - Beauty &amp; Health","article_publisher":"https:\/\/www.facebook.com\/tiande.products.england\/","article_modified_time":"2021-02-05T18:47:15+00:00","og_image":[{"width":700,"height":700,"url":"https:\/\/tiandeproducts.co.uk\/wp-content\/uploads\/61921.png","type":"image\/png"}],"twitter_card":"summary_large_image","twitter_misc":{"Est. reading time":"1 minut\u0117"},"schema":{"@context":"https:\/\/schema.org","@graph":[{"@type":"WebPage","@id":"https:\/\/tiandeproducts.co.uk\/lt\/ypac-ploni-kasdieniniai-higieniniai-iklotai-su-zoleliu-ekstraktais-nefrito-energija-18-vnt\/","url":"https:\/\/tiandeproducts.co.uk\/lt\/ypac-ploni-kasdieniniai-higieniniai-iklotai-su-zoleliu-ekstraktais-nefrito-energija-18-vnt\/","name":"Ypa\u010d ploni kasdieniniai higieniniai \u012fklotai su \u017eoleli\u0173 ekstraktais \u201eNefrito energija\u201c 18 vnt - TianDe Online Shop - Beauty &amp; Health","isPartOf":{"@id":"https:\/\/tiandeproducts.co.uk\/#website"},"primaryImageOfPage":{"@id":"https:\/\/tiandeproducts.co.uk\/lt\/ypac-ploni-kasdieniniai-higieniniai-iklotai-su-zoleliu-ekstraktais-nefrito-energija-18-vnt\/#primaryimage"},"image":{"@id":"https:\/\/tiandeproducts.co.uk\/lt\/ypac-ploni-kasdieniniai-higieniniai-iklotai-su-zoleliu-ekstraktais-nefrito-energija-18-vnt\/#primaryimage"},"thumbnailUrl":"https:\/\/tiandeproducts.co.uk\/wp-content\/uploads\/61921.png","datePublished":"2019-07-17T19:45:34+00:00","dateModified":"2021-02-05T18:47:15+00:00","breadcrumb":{"@id":"https:\/\/tiandeproducts.co.uk\/lt\/ypac-ploni-kasdieniniai-higieniniai-iklotai-su-zoleliu-ekstraktais-nefrito-energija-18-vnt\/#breadcrumb"},"inLanguage":"lt-LT","potentialAction":[{"@type":"ReadAction","target":["https:\/\/tiandeproducts.co.uk\/lt\/ypac-ploni-kasdieniniai-higieniniai-iklotai-su-zoleliu-ekstraktais-nefrito-energija-18-vnt\/"]}]},{"@type":"ImageObject","inLanguage":"lt-LT","@id":"https:\/\/tiandeproducts.co.uk\/lt\/ypac-ploni-kasdieniniai-higieniniai-iklotai-su-zoleliu-ekstraktais-nefrito-energija-18-vnt\/#primaryimage","url":"https:\/\/tiandeproducts.co.uk\/wp-content\/uploads\/61921.png","contentUrl":"https:\/\/tiandeproducts.co.uk\/wp-content\/uploads\/61921.png","width":700,"height":700},{"@type":"BreadcrumbList","@id":"https:\/\/tiandeproducts.co.uk\/lt\/ypac-ploni-kasdieniniai-higieniniai-iklotai-su-zoleliu-ekstraktais-nefrito-energija-18-vnt\/#breadcrumb","itemListElement":[{"@type":"ListItem","position":1,"name":"Home","item":"https:\/\/tiandeproducts.co.uk\/lt\/"},{"@type":"ListItem","position":2,"name":"Shop","item":"https:\/\/tiandeproducts.co.uk\/lt\/shop-2\/"},{"@type":"ListItem","position":3,"name":"Ypa\u010d ploni kasdieniniai higieniniai \u012fklotai su \u017eoleli\u0173 ekstraktais \u201eNefrito energija\u201c 18 vnt"}]},{"@type":"WebSite","@id":"https:\/\/tiandeproducts.co.uk\/#website","url":"https:\/\/tiandeproducts.co.uk\/","name":"TianDe Online Shop - Beauty & Health","description":"Traditional Chinese Medicine","potentialAction":[{"@type":"SearchAction","target":{"@type":"EntryPoint","urlTemplate":"https:\/\/tiandeproducts.co.uk\/?s={search_term_string}"},"query-input":{"@type":"PropertyValueSpecification","valueRequired":true,"valueName":"search_term_string"}}],"inLanguage":"lt-LT"}]}},"_links":{"self":[{"href":"https:\/\/tiandeproducts.co.uk\/lt\/wp-json\/wp\/v2\/product\/3618","targetHints":{"allow":["GET"]}}],"collection":[{"href":"https:\/\/tiandeproducts.co.uk\/lt\/wp-json\/wp\/v2\/product"}],"about":[{"href":"https:\/\/tiandeproducts.co.uk\/lt\/wp-json\/wp\/v2\/types\/product"}],"replies":[{"embeddable":true,"href":"https:\/\/tiandeproducts.co.uk\/lt\/wp-json\/wp\/v2\/comments?post=3618"}],"wp:featuredmedia":[{"embeddable":true,"href":"https:\/\/tiandeproducts.co.uk\/lt\/wp-json\/wp\/v2\/media\/3252"}],"wp:attachment":[{"href":"https:\/\/tiandeproducts.co.uk\/lt\/wp-json\/wp\/v2\/media?parent=3618"}],"wp:term":[{"taxonomy":"product_cat","embeddable":true,"href":"https:\/\/tiandeproducts.co.uk\/lt\/wp-json\/wp\/v2\/product_cat?post=3618"},{"taxonomy":"product_tag","embeddable":true,"href":"https:\/\/tiandeproducts.co.uk\/lt\/wp-json\/wp\/v2\/product_tag?post=3618"}],"curies":[{"name":"wp","href":"https:\/\/api.w.org\/{rel}","templated":true}]}}