{"id":3617,"date":"2019-07-17T20:58:31","date_gmt":"2019-07-17T19:58:31","guid":{"rendered":"https:\/\/tnd.ontesting.co.uk\/in-top-ipatingai-ploni-iklotai-su-sidabru-kiekvienai-dienai-20vnt\/"},"modified":"2021-02-05T18:45:45","modified_gmt":"2021-02-05T18:45:45","slug":"in-top-ipatingai-ploni-iklotai-su-sidabru-kiekvienai-dienai-20vnt","status":"publish","type":"product","link":"https:\/\/tiandeproducts.co.uk\/lt\/in-top-ipatingai-ploni-iklotai-su-sidabru-kiekvienai-dienai-20vnt\/","title":{"rendered":"In Top \u012fpatingai ploni \u012fklotai su sidabru kiekvienai dienai 20vnt"},"content":{"rendered":"<p><img decoding=\"async\" style=\"max-width: 16px; margin-right: 5px;\" src=\"https:\/\/tiandeproducts.co.uk\/wp-content\/uploads\/points-green.svg\" \/>\u00a0Earn 6 points worth \u00a30.30 when buying this product<\/p>\n<p>In Top kasdieniai \u012fklotai su sidabru ne tik pad\u0117s Jums jaustis patogiai bet ir pasitik\u0117site savimi bet kurioje situacijoje ir jie pasir\u016bpins J\u016bs\u0173 sveikata.<br \/>\nSidabro mikrogranul\u0117s, esan\u010dios specialiame tarpiklyje, turi teigiam\u0105 poveik\u012f mikroflorai ir u\u017ekerta keli\u0105 infekcij\u0173 atsiradimui.<br \/>\n&#8211; vir\u0161utinis sluoksnis, pagamintas i\u0161 celiulioz\u0117s &#8211; nat\u016bralios neaustin\u0117s med\u017eiagos, leid\u017eia odai kv\u0117puoti ir nesukelia \u0161aluti<span class=\"text_exposed_show\">nio poveikio. Vis\u0105 dien\u0105 jausite tik mink\u0161tum\u0105, \u0161velnum\u0105 ir jausit\u0117s komforti\u0161kai.<br \/>\n&#8211; \u012fklotai idealiai priglunda ir netrukdo netgi aktyviai dirbant &#8211; galite sportuoti, u\u017esiimti verslu, susitikti su draugais, o \u012fklotukai i\u0161liks.<br \/>\n&#8211; kompakti\u0161kas dydis tinka bet kokio modelio kelnait\u0117ms.<br \/>\n\u0160vie\u017eumas &#8211; tai ko mums kartais tr\u016bksta ilg\u0105 dien\u0105. D\u0117ka \u012fklotuk\u0173 su sidabru, \u0161vie\u017eumo poj\u016btis nepaliks vis\u0105 dien\u0105!<br \/>\nSidabro jonai turi teigiam\u0105 poveik\u012f lytini\u0173 organ\u0173 gleivinei, teikdami ne\u012ftik\u0117tin\u0105 komfort\u0105. Iklotai su antibakterin\u0117mis savyb\u0117mis pa\u0161alina nemalonu kvap\u0105, nie\u017eul\u012f ir sudirgimo prie\u017east\u012f.<br \/>\n<strong>Sud\u0117tis:<\/strong><br \/>\nSidabras yra vienas i\u0161 stipriausi\u0173 nat\u016brali\u0173 antibiotik\u0173.<br \/>\nKaip veikia sidabro jonai?<br \/>\n&#8211; sunaikina bakterijas;<br \/>\n&#8211; slopina bakterij\u0173 augim\u0105 ir vystym\u0105si;<br \/>\n&#8211; pa\u0161alina nemalon\u0173 kvap\u0105, nie\u017eulio ir sudirgimo prie\u017eastis.<\/span><\/p>\n","protected":false},"excerpt":{"rendered":"<p>\u00a0Earn 6 points worth \u00a30.30 when buying this product In Top kasdieniai \u012fklotai su sidabru ne tik pad\u0117s Jums jaustis patogiai bet ir pasitik\u0117site savimi bet kurioje situacijoje ir jie pasir\u016bpins J\u016bs\u0173 sveikata. Sidabro mikrogranul\u0117s, esan\u010dios specialiame tarpiklyje, turi teigiam\u0105 poveik\u012f mikroflorai ir u\u017ekerta keli\u0105 infekcij\u0173 atsiradimui. &#8211; vir\u0161utinis sluoksnis, pagamintas i\u0161 celiulioz\u0117s &#8211; nat\u016bralios [&#8230;]\n","protected":false},"featured_media":3263,"comment_status":"closed","ping_status":"closed","template":"","meta":[],"product_cat":[677,682,679],"product_tag":[],"class_list":{"0":"post-3617","1":"product","2":"type-product","3":"status-publish","4":"has-post-thumbnail","6":"product_cat-higiena","7":"product_cat-intymi-higiena","8":"product_cat-kasdieniniiai-iklotai","10":"first","11":"outofstock","12":"shipping-taxable","13":"purchasable","14":"product-type-simple"},"yoast_head":"<!-- This site is optimized with the Yoast SEO plugin v23.6 - https:\/\/yoast.com\/wordpress\/plugins\/seo\/ -->\n<title>In Top \u012fpatingai ploni \u012fklotai su sidabru kiekvienai dienai 20vnt - TianDe Online Shop - Beauty &amp; Health<\/title>\n<meta name=\"description\" content=\"Active protection and freshness thanks to silver ions.Natural,soft,&quot;breathing&quot; upper layer.Ideal for delicate,sensitive skin.Silver - is a natural antibiotic with high antibacterial activity.\" \/>\n<meta name=\"robots\" content=\"index, follow, max-snippet:-1, max-image-preview:large, max-video-preview:-1\" \/>\n<link rel=\"canonical\" href=\"https:\/\/tiandeproducts.co.uk\/lt\/in-top-ipatingai-ploni-iklotai-su-sidabru-kiekvienai-dienai-20vnt\/\" \/>\n<meta property=\"og:locale\" content=\"lt_LT\" \/>\n<meta property=\"og:type\" content=\"article\" \/>\n<meta property=\"og:title\" content=\"In Top \u012fpatingai ploni \u012fklotai su sidabru kiekvienai dienai 20vnt - TianDe Online Shop - Beauty &amp; Health\" \/>\n<meta property=\"og:description\" content=\"Active protection and freshness thanks to silver ions.Natural,soft,&quot;breathing&quot; upper layer.Ideal for delicate,sensitive skin.Silver - is a natural antibiotic with high antibacterial activity.\" \/>\n<meta property=\"og:url\" content=\"https:\/\/tiandeproducts.co.uk\/lt\/in-top-ipatingai-ploni-iklotai-su-sidabru-kiekvienai-dienai-20vnt\/\" \/>\n<meta property=\"og:site_name\" content=\"TianDe Online Shop - Beauty &amp; Health\" \/>\n<meta property=\"article:publisher\" content=\"https:\/\/www.facebook.com\/tiande.products.england\/\" \/>\n<meta property=\"article:modified_time\" content=\"2021-02-05T18:45:45+00:00\" \/>\n<meta property=\"og:image\" content=\"https:\/\/tiandeproducts.co.uk\/wp-content\/uploads\/65512.png\" \/>\n\t<meta property=\"og:image:width\" content=\"700\" \/>\n\t<meta property=\"og:image:height\" content=\"700\" \/>\n\t<meta property=\"og:image:type\" content=\"image\/png\" \/>\n<meta name=\"twitter:card\" content=\"summary_large_image\" \/>\n<meta name=\"twitter:label1\" content=\"Est. reading time\" \/>\n\t<meta name=\"twitter:data1\" content=\"1 minut\u0117\" \/>\n<script type=\"application\/ld+json\" class=\"yoast-schema-graph\">{\"@context\":\"https:\/\/schema.org\",\"@graph\":[{\"@type\":\"WebPage\",\"@id\":\"https:\/\/tiandeproducts.co.uk\/lt\/in-top-ipatingai-ploni-iklotai-su-sidabru-kiekvienai-dienai-20vnt\/\",\"url\":\"https:\/\/tiandeproducts.co.uk\/lt\/in-top-ipatingai-ploni-iklotai-su-sidabru-kiekvienai-dienai-20vnt\/\",\"name\":\"In Top \u012fpatingai ploni \u012fklotai su sidabru kiekvienai dienai 20vnt - TianDe Online Shop - Beauty &amp; Health\",\"isPartOf\":{\"@id\":\"https:\/\/tiandeproducts.co.uk\/#website\"},\"primaryImageOfPage\":{\"@id\":\"https:\/\/tiandeproducts.co.uk\/lt\/in-top-ipatingai-ploni-iklotai-su-sidabru-kiekvienai-dienai-20vnt\/#primaryimage\"},\"image\":{\"@id\":\"https:\/\/tiandeproducts.co.uk\/lt\/in-top-ipatingai-ploni-iklotai-su-sidabru-kiekvienai-dienai-20vnt\/#primaryimage\"},\"thumbnailUrl\":\"https:\/\/tiandeproducts.co.uk\/wp-content\/uploads\/65512.png\",\"datePublished\":\"2019-07-17T19:58:31+00:00\",\"dateModified\":\"2021-02-05T18:45:45+00:00\",\"description\":\"Active protection and freshness thanks to silver ions.Natural,soft,\\\"breathing\\\" upper layer.Ideal for delicate,sensitive skin.Silver - is a natural antibiotic with high antibacterial activity.\",\"breadcrumb\":{\"@id\":\"https:\/\/tiandeproducts.co.uk\/lt\/in-top-ipatingai-ploni-iklotai-su-sidabru-kiekvienai-dienai-20vnt\/#breadcrumb\"},\"inLanguage\":\"lt-LT\",\"potentialAction\":[{\"@type\":\"ReadAction\",\"target\":[\"https:\/\/tiandeproducts.co.uk\/lt\/in-top-ipatingai-ploni-iklotai-su-sidabru-kiekvienai-dienai-20vnt\/\"]}]},{\"@type\":\"ImageObject\",\"inLanguage\":\"lt-LT\",\"@id\":\"https:\/\/tiandeproducts.co.uk\/lt\/in-top-ipatingai-ploni-iklotai-su-sidabru-kiekvienai-dienai-20vnt\/#primaryimage\",\"url\":\"https:\/\/tiandeproducts.co.uk\/wp-content\/uploads\/65512.png\",\"contentUrl\":\"https:\/\/tiandeproducts.co.uk\/wp-content\/uploads\/65512.png\",\"width\":700,\"height\":700},{\"@type\":\"BreadcrumbList\",\"@id\":\"https:\/\/tiandeproducts.co.uk\/lt\/in-top-ipatingai-ploni-iklotai-su-sidabru-kiekvienai-dienai-20vnt\/#breadcrumb\",\"itemListElement\":[{\"@type\":\"ListItem\",\"position\":1,\"name\":\"Home\",\"item\":\"https:\/\/tiandeproducts.co.uk\/lt\/\"},{\"@type\":\"ListItem\",\"position\":2,\"name\":\"Shop\",\"item\":\"https:\/\/tiandeproducts.co.uk\/lt\/shop-2\/\"},{\"@type\":\"ListItem\",\"position\":3,\"name\":\"In Top \u012fpatingai ploni \u012fklotai su sidabru kiekvienai dienai 20vnt\"}]},{\"@type\":\"WebSite\",\"@id\":\"https:\/\/tiandeproducts.co.uk\/#website\",\"url\":\"https:\/\/tiandeproducts.co.uk\/\",\"name\":\"TianDe Online Shop - Beauty & Health\",\"description\":\"Traditional Chinese Medicine\",\"potentialAction\":[{\"@type\":\"SearchAction\",\"target\":{\"@type\":\"EntryPoint\",\"urlTemplate\":\"https:\/\/tiandeproducts.co.uk\/?s={search_term_string}\"},\"query-input\":{\"@type\":\"PropertyValueSpecification\",\"valueRequired\":true,\"valueName\":\"search_term_string\"}}],\"inLanguage\":\"lt-LT\"}]}<\/script>\n<!-- \/ Yoast SEO plugin. -->","yoast_head_json":{"title":"In Top \u012fpatingai ploni \u012fklotai su sidabru kiekvienai dienai 20vnt - TianDe Online Shop - Beauty &amp; Health","description":"Active protection and freshness thanks to silver ions.Natural,soft,\"breathing\" upper layer.Ideal for delicate,sensitive skin.Silver - is a natural antibiotic with high antibacterial activity.","robots":{"index":"index","follow":"follow","max-snippet":"max-snippet:-1","max-image-preview":"max-image-preview:large","max-video-preview":"max-video-preview:-1"},"canonical":"https:\/\/tiandeproducts.co.uk\/lt\/in-top-ipatingai-ploni-iklotai-su-sidabru-kiekvienai-dienai-20vnt\/","og_locale":"lt_LT","og_type":"article","og_title":"In Top \u012fpatingai ploni \u012fklotai su sidabru kiekvienai dienai 20vnt - TianDe Online Shop - Beauty &amp; Health","og_description":"Active protection and freshness thanks to silver ions.Natural,soft,\"breathing\" upper layer.Ideal for delicate,sensitive skin.Silver - is a natural antibiotic with high antibacterial activity.","og_url":"https:\/\/tiandeproducts.co.uk\/lt\/in-top-ipatingai-ploni-iklotai-su-sidabru-kiekvienai-dienai-20vnt\/","og_site_name":"TianDe Online Shop - Beauty &amp; Health","article_publisher":"https:\/\/www.facebook.com\/tiande.products.england\/","article_modified_time":"2021-02-05T18:45:45+00:00","og_image":[{"width":700,"height":700,"url":"https:\/\/tiandeproducts.co.uk\/wp-content\/uploads\/65512.png","type":"image\/png"}],"twitter_card":"summary_large_image","twitter_misc":{"Est. reading time":"1 minut\u0117"},"schema":{"@context":"https:\/\/schema.org","@graph":[{"@type":"WebPage","@id":"https:\/\/tiandeproducts.co.uk\/lt\/in-top-ipatingai-ploni-iklotai-su-sidabru-kiekvienai-dienai-20vnt\/","url":"https:\/\/tiandeproducts.co.uk\/lt\/in-top-ipatingai-ploni-iklotai-su-sidabru-kiekvienai-dienai-20vnt\/","name":"In Top \u012fpatingai ploni \u012fklotai su sidabru kiekvienai dienai 20vnt - TianDe Online Shop - Beauty &amp; Health","isPartOf":{"@id":"https:\/\/tiandeproducts.co.uk\/#website"},"primaryImageOfPage":{"@id":"https:\/\/tiandeproducts.co.uk\/lt\/in-top-ipatingai-ploni-iklotai-su-sidabru-kiekvienai-dienai-20vnt\/#primaryimage"},"image":{"@id":"https:\/\/tiandeproducts.co.uk\/lt\/in-top-ipatingai-ploni-iklotai-su-sidabru-kiekvienai-dienai-20vnt\/#primaryimage"},"thumbnailUrl":"https:\/\/tiandeproducts.co.uk\/wp-content\/uploads\/65512.png","datePublished":"2019-07-17T19:58:31+00:00","dateModified":"2021-02-05T18:45:45+00:00","description":"Active protection and freshness thanks to silver ions.Natural,soft,\"breathing\" upper layer.Ideal for delicate,sensitive skin.Silver - is a natural antibiotic with high antibacterial activity.","breadcrumb":{"@id":"https:\/\/tiandeproducts.co.uk\/lt\/in-top-ipatingai-ploni-iklotai-su-sidabru-kiekvienai-dienai-20vnt\/#breadcrumb"},"inLanguage":"lt-LT","potentialAction":[{"@type":"ReadAction","target":["https:\/\/tiandeproducts.co.uk\/lt\/in-top-ipatingai-ploni-iklotai-su-sidabru-kiekvienai-dienai-20vnt\/"]}]},{"@type":"ImageObject","inLanguage":"lt-LT","@id":"https:\/\/tiandeproducts.co.uk\/lt\/in-top-ipatingai-ploni-iklotai-su-sidabru-kiekvienai-dienai-20vnt\/#primaryimage","url":"https:\/\/tiandeproducts.co.uk\/wp-content\/uploads\/65512.png","contentUrl":"https:\/\/tiandeproducts.co.uk\/wp-content\/uploads\/65512.png","width":700,"height":700},{"@type":"BreadcrumbList","@id":"https:\/\/tiandeproducts.co.uk\/lt\/in-top-ipatingai-ploni-iklotai-su-sidabru-kiekvienai-dienai-20vnt\/#breadcrumb","itemListElement":[{"@type":"ListItem","position":1,"name":"Home","item":"https:\/\/tiandeproducts.co.uk\/lt\/"},{"@type":"ListItem","position":2,"name":"Shop","item":"https:\/\/tiandeproducts.co.uk\/lt\/shop-2\/"},{"@type":"ListItem","position":3,"name":"In Top \u012fpatingai ploni \u012fklotai su sidabru kiekvienai dienai 20vnt"}]},{"@type":"WebSite","@id":"https:\/\/tiandeproducts.co.uk\/#website","url":"https:\/\/tiandeproducts.co.uk\/","name":"TianDe Online Shop - Beauty & Health","description":"Traditional Chinese Medicine","potentialAction":[{"@type":"SearchAction","target":{"@type":"EntryPoint","urlTemplate":"https:\/\/tiandeproducts.co.uk\/?s={search_term_string}"},"query-input":{"@type":"PropertyValueSpecification","valueRequired":true,"valueName":"search_term_string"}}],"inLanguage":"lt-LT"}]}},"_links":{"self":[{"href":"https:\/\/tiandeproducts.co.uk\/lt\/wp-json\/wp\/v2\/product\/3617","targetHints":{"allow":["GET"]}}],"collection":[{"href":"https:\/\/tiandeproducts.co.uk\/lt\/wp-json\/wp\/v2\/product"}],"about":[{"href":"https:\/\/tiandeproducts.co.uk\/lt\/wp-json\/wp\/v2\/types\/product"}],"replies":[{"embeddable":true,"href":"https:\/\/tiandeproducts.co.uk\/lt\/wp-json\/wp\/v2\/comments?post=3617"}],"wp:featuredmedia":[{"embeddable":true,"href":"https:\/\/tiandeproducts.co.uk\/lt\/wp-json\/wp\/v2\/media\/3263"}],"wp:attachment":[{"href":"https:\/\/tiandeproducts.co.uk\/lt\/wp-json\/wp\/v2\/media?parent=3617"}],"wp:term":[{"taxonomy":"product_cat","embeddable":true,"href":"https:\/\/tiandeproducts.co.uk\/lt\/wp-json\/wp\/v2\/product_cat?post=3617"},{"taxonomy":"product_tag","embeddable":true,"href":"https:\/\/tiandeproducts.co.uk\/lt\/wp-json\/wp\/v2\/product_tag?post=3617"}],"curies":[{"name":"wp","href":"https:\/\/api.w.org\/{rel}","templated":true}]}}