{"id":3616,"date":"2016-04-07T17:44:04","date_gmt":"2016-04-07T16:44:04","guid":{"rendered":"https:\/\/tnd.ontesting.co.uk\/dantu-pasta-zalioji-arbata-sanci-zensenis-120g\/"},"modified":"2020-02-28T12:27:03","modified_gmt":"2020-02-28T12:27:03","slug":"dantu-pasta-zalioji-arbata-sanci-zensenis-120g","status":"publish","type":"product","link":"https:\/\/tiandeproducts.co.uk\/lt\/dantu-pasta-zalioji-arbata-sanci-zensenis-120g\/","title":{"rendered":"Dant\u0173 pasta \u201e\u017dalioji arbata + San\u010di \u017een\u0161enis\u201c 120g"},"content":{"rendered":"<p>Priemon\u0117 skirta visapusi\u0161kai burnos ertm\u0117s prie\u017ei\u016brai: kruop\u0161\u010diai valo apna\u0161as, r\u016bpinasi danten\u0173 sveikata, saugo nuo \u0117duonies bei suteikia gaiv\u0173 burnos kvap\u0105. Tai \u0161velni valomoji formul\u0117 kremnio pagrindu &#8211; u\u017ekerta keli\u0105 kariesui, stiprina dantenas, poliruoja ir suteikia blizgesio. N\u0117ra chlorgeksidino, triklozano, fluoro ir paraben\u0173.<\/p>\n<p>Dant\u0173 pastoje \u201e\u200b\u017dalia arbata + \u017een\u0161enis san\u010di\u201c naudojami nat\u016bral\u016bs komponentai su itin i\u0161reik\u0161tomis antibakterin\u0117mis ir antimikrobin\u0117mis savyb\u0117mis. \u017daliosios arbatos ir mentolio ekstraktai, skirtingai nei chlorgeksidinas ir triklozanas, nesutrikdo mikrofloros balanso (kas da\u017enai sukuria palankias s\u0105lygas grybelio atsiradimui), saugo dantis nuo karieso, o dantenas nuo u\u017edegimo. \u017den\u0161enio san\u010di ekstraktas suteikia dantenoms ypating\u0105 apsaug\u0105 ir prie\u017ei\u016br\u0105, normalizuoja med\u017eiag\u0173 apykaitos procesus periodonto audiniuose.<\/p>\n<p>TianDe dant\u0173 pastose naudojamas silicio r\u016bg\u0161tis. \u0160i valomoji med\u017eiaga\u00a0yra ne tik \u0161velni ir \u201emink\u0161ta\u201c, bet ir visi\u0161kai saugi dantims ir dantenoms. Ji neturi agresyvi\u0173 abrazyvini\u0173 daleli\u0173, kurios dirgina dantenas ir kenkia dant\u0173 emaliui.<\/p>\n<p><strong>Naudojimas:<\/strong><br \/>\nValykite i\u0161orin\u0119 ir galin\u0119 dant\u0173 pus\u0119, nepamir\u0161kite tarpdan\u010di\u0173 bei lie\u017euvio (valykite 2 kartus per dien\u0105 ne ma\u017eiau nei 5 min.). Nepraryti.\u00a0Vaikai iki 6 met\u0173 am\u017eiaus tur\u0117t\u0173 valytis dantis pri\u017ei\u016brimi suaugusi\u0173j\u0173.<\/p>\n<p><strong>Veikliosios med\u017eiagos:<\/strong><\/p>\n<p><strong>\u017den\u0161enio san\u010di ekstraktas<\/strong>\u00a0turi daug biologi\u0161kai aktyvi\u0173 med\u017eiag\u0173: saponinglikozid\u0173, vitamin\u0173, mineralini\u0173 med\u017eiag\u0173, polisacharid\u0173. \u0160is ekstraktas naudojamas kaip efektyvi kraujavimo stabdymo priemon\u0117, yra vienas svarbiausi\u0173 adaptogen\u0173.<\/p>\n<p><strong>Mentolis<\/strong>\u00a0valo burnos ertm\u0119 nuo bakterij\u0173, ilgam suteikia gaiv\u0173 ir malon\u0173 burnos kvap\u0105. Turi antiseptin\u012f, tonizuojant\u012f ir prie\u0161u\u017edegimin\u012f poveik\u012f.<\/p>\n<p><strong>\u017daliosios arbatos ekstraktas<\/strong>\u00a0veikia kaip biostimuliatorius ir antioksidantas. Aktyvina kraujo ir limfos mikrocirkuliacij\u0105, veikia prieu\u017edegimi\u0161kai, saugo nuo bakterij\u0173, grybeli\u0173 ir virus\u0173.<\/p>\n","protected":false},"excerpt":{"rendered":"<p>Priemon\u0117 skirta visapusi\u0161kai burnos ertm\u0117s prie\u017ei\u016brai: kruop\u0161\u010diai valo apna\u0161as, r\u016bpinasi danten\u0173 sveikata, saugo nuo \u0117duonies bei suteikia gaiv\u0173 burnos kvap\u0105. Tai \u0161velni valomoji formul\u0117 kremnio pagrindu &#8211; u\u017ekerta keli\u0105 kariesui, stiprina dantenas, poliruoja ir suteikia blizgesio. N\u0117ra chlorgeksidino, triklozano, fluoro ir paraben\u0173. Dant\u0173 pastoje \u201e\u200b\u017dalia arbata + \u017een\u0161enis san\u010di\u201c naudojami nat\u016bral\u016bs komponentai su itin i\u0161reik\u0161tomis [&#8230;]\n","protected":false},"featured_media":792,"comment_status":"closed","ping_status":"closed","template":"","meta":[],"product_cat":[684,686,677],"product_tag":[],"class_list":{"0":"post-3616","1":"product","2":"type-product","3":"status-publish","4":"has-post-thumbnail","6":"product_cat-burnos-higiena","7":"product_cat-dantu-pastosgeliai","8":"product_cat-higiena","10":"first","11":"instock","12":"shipping-taxable","13":"purchasable","14":"product-type-simple"},"yoast_head":"<!-- This site is optimized with the Yoast SEO plugin v23.6 - https:\/\/yoast.com\/wordpress\/plugins\/seo\/ -->\n<title>Dant\u0173 pasta \u201e\u017dalioji arbata + San\u010di \u017een\u0161enis\u201c 120g - TianDe Online Shop - Beauty &amp; Health<\/title>\n<meta name=\"robots\" content=\"index, follow, max-snippet:-1, max-image-preview:large, max-video-preview:-1\" \/>\n<link rel=\"canonical\" href=\"https:\/\/tiandeproducts.co.uk\/lt\/dantu-pasta-zalioji-arbata-sanci-zensenis-120g\/\" \/>\n<meta property=\"og:locale\" content=\"lt_LT\" \/>\n<meta property=\"og:type\" content=\"article\" \/>\n<meta property=\"og:title\" content=\"Dant\u0173 pasta \u201e\u017dalioji arbata + San\u010di \u017een\u0161enis\u201c 120g - TianDe Online Shop - Beauty &amp; Health\" \/>\n<meta property=\"og:description\" content=\"Priemon\u0117 skirta visapusi\u0161kai burnos ertm\u0117s prie\u017ei\u016brai: kruop\u0161\u010diai valo apna\u0161as, r\u016bpinasi danten\u0173 sveikata, saugo nuo \u0117duonies bei suteikia gaiv\u0173 burnos kvap\u0105. Tai \u0161velni valomoji formul\u0117 kremnio pagrindu &#8211; u\u017ekerta keli\u0105 kariesui, stiprina dantenas, poliruoja ir suteikia blizgesio. N\u0117ra chlorgeksidino, triklozano, fluoro ir paraben\u0173. Dant\u0173 pastoje \u201e\u200b\u017dalia arbata + \u017een\u0161enis san\u010di\u201c naudojami nat\u016bral\u016bs komponentai su itin i\u0161reik\u0161tomis [...]\" \/>\n<meta property=\"og:url\" content=\"https:\/\/tiandeproducts.co.uk\/lt\/dantu-pasta-zalioji-arbata-sanci-zensenis-120g\/\" \/>\n<meta property=\"og:site_name\" content=\"TianDe Online Shop - Beauty &amp; Health\" \/>\n<meta property=\"article:publisher\" content=\"https:\/\/www.facebook.com\/tiande.products.england\/\" \/>\n<meta property=\"article:modified_time\" content=\"2020-02-28T12:27:03+00:00\" \/>\n<meta property=\"og:image\" content=\"https:\/\/tiandeproducts.co.uk\/wp-content\/uploads\/2016\/04\/60144.png\" \/>\n\t<meta property=\"og:image:width\" content=\"700\" \/>\n\t<meta property=\"og:image:height\" content=\"700\" \/>\n\t<meta property=\"og:image:type\" content=\"image\/png\" \/>\n<meta name=\"twitter:card\" content=\"summary_large_image\" \/>\n<meta name=\"twitter:label1\" content=\"Est. reading time\" \/>\n\t<meta name=\"twitter:data1\" content=\"1 minut\u0117\" \/>\n<script type=\"application\/ld+json\" class=\"yoast-schema-graph\">{\"@context\":\"https:\/\/schema.org\",\"@graph\":[{\"@type\":\"WebPage\",\"@id\":\"https:\/\/tiandeproducts.co.uk\/lt\/dantu-pasta-zalioji-arbata-sanci-zensenis-120g\/\",\"url\":\"https:\/\/tiandeproducts.co.uk\/lt\/dantu-pasta-zalioji-arbata-sanci-zensenis-120g\/\",\"name\":\"Dant\u0173 pasta \u201e\u017dalioji arbata + San\u010di \u017een\u0161enis\u201c 120g - TianDe Online Shop - Beauty &amp; Health\",\"isPartOf\":{\"@id\":\"https:\/\/tiandeproducts.co.uk\/#website\"},\"primaryImageOfPage\":{\"@id\":\"https:\/\/tiandeproducts.co.uk\/lt\/dantu-pasta-zalioji-arbata-sanci-zensenis-120g\/#primaryimage\"},\"image\":{\"@id\":\"https:\/\/tiandeproducts.co.uk\/lt\/dantu-pasta-zalioji-arbata-sanci-zensenis-120g\/#primaryimage\"},\"thumbnailUrl\":\"https:\/\/tiandeproducts.co.uk\/wp-content\/uploads\/2016\/04\/60144.png\",\"datePublished\":\"2016-04-07T16:44:04+00:00\",\"dateModified\":\"2020-02-28T12:27:03+00:00\",\"breadcrumb\":{\"@id\":\"https:\/\/tiandeproducts.co.uk\/lt\/dantu-pasta-zalioji-arbata-sanci-zensenis-120g\/#breadcrumb\"},\"inLanguage\":\"lt-LT\",\"potentialAction\":[{\"@type\":\"ReadAction\",\"target\":[\"https:\/\/tiandeproducts.co.uk\/lt\/dantu-pasta-zalioji-arbata-sanci-zensenis-120g\/\"]}]},{\"@type\":\"ImageObject\",\"inLanguage\":\"lt-LT\",\"@id\":\"https:\/\/tiandeproducts.co.uk\/lt\/dantu-pasta-zalioji-arbata-sanci-zensenis-120g\/#primaryimage\",\"url\":\"https:\/\/tiandeproducts.co.uk\/wp-content\/uploads\/2016\/04\/60144.png\",\"contentUrl\":\"https:\/\/tiandeproducts.co.uk\/wp-content\/uploads\/2016\/04\/60144.png\",\"width\":700,\"height\":700,\"caption\":\"Toothpaste \\\"Green tea + Sanchi ginseng\\\", Tooth & gum protection,120 g-0\"},{\"@type\":\"BreadcrumbList\",\"@id\":\"https:\/\/tiandeproducts.co.uk\/lt\/dantu-pasta-zalioji-arbata-sanci-zensenis-120g\/#breadcrumb\",\"itemListElement\":[{\"@type\":\"ListItem\",\"position\":1,\"name\":\"Home\",\"item\":\"https:\/\/tiandeproducts.co.uk\/lt\/\"},{\"@type\":\"ListItem\",\"position\":2,\"name\":\"Shop\",\"item\":\"https:\/\/tiandeproducts.co.uk\/lt\/shop-2\/\"},{\"@type\":\"ListItem\",\"position\":3,\"name\":\"Dant\u0173 pasta \u201e\u017dalioji arbata + San\u010di \u017een\u0161enis\u201c 120g\"}]},{\"@type\":\"WebSite\",\"@id\":\"https:\/\/tiandeproducts.co.uk\/#website\",\"url\":\"https:\/\/tiandeproducts.co.uk\/\",\"name\":\"TianDe Online Shop - Beauty & Health\",\"description\":\"Traditional Chinese Medicine\",\"potentialAction\":[{\"@type\":\"SearchAction\",\"target\":{\"@type\":\"EntryPoint\",\"urlTemplate\":\"https:\/\/tiandeproducts.co.uk\/?s={search_term_string}\"},\"query-input\":{\"@type\":\"PropertyValueSpecification\",\"valueRequired\":true,\"valueName\":\"search_term_string\"}}],\"inLanguage\":\"lt-LT\"}]}<\/script>\n<!-- \/ Yoast SEO plugin. -->","yoast_head_json":{"title":"Dant\u0173 pasta \u201e\u017dalioji arbata + San\u010di \u017een\u0161enis\u201c 120g - TianDe Online Shop - Beauty &amp; Health","robots":{"index":"index","follow":"follow","max-snippet":"max-snippet:-1","max-image-preview":"max-image-preview:large","max-video-preview":"max-video-preview:-1"},"canonical":"https:\/\/tiandeproducts.co.uk\/lt\/dantu-pasta-zalioji-arbata-sanci-zensenis-120g\/","og_locale":"lt_LT","og_type":"article","og_title":"Dant\u0173 pasta \u201e\u017dalioji arbata + San\u010di \u017een\u0161enis\u201c 120g - TianDe Online Shop - Beauty &amp; Health","og_description":"Priemon\u0117 skirta visapusi\u0161kai burnos ertm\u0117s prie\u017ei\u016brai: kruop\u0161\u010diai valo apna\u0161as, r\u016bpinasi danten\u0173 sveikata, saugo nuo \u0117duonies bei suteikia gaiv\u0173 burnos kvap\u0105. Tai \u0161velni valomoji formul\u0117 kremnio pagrindu &#8211; u\u017ekerta keli\u0105 kariesui, stiprina dantenas, poliruoja ir suteikia blizgesio. N\u0117ra chlorgeksidino, triklozano, fluoro ir paraben\u0173. Dant\u0173 pastoje \u201e\u200b\u017dalia arbata + \u017een\u0161enis san\u010di\u201c naudojami nat\u016bral\u016bs komponentai su itin i\u0161reik\u0161tomis [...]","og_url":"https:\/\/tiandeproducts.co.uk\/lt\/dantu-pasta-zalioji-arbata-sanci-zensenis-120g\/","og_site_name":"TianDe Online Shop - Beauty &amp; Health","article_publisher":"https:\/\/www.facebook.com\/tiande.products.england\/","article_modified_time":"2020-02-28T12:27:03+00:00","og_image":[{"width":700,"height":700,"url":"https:\/\/tiandeproducts.co.uk\/wp-content\/uploads\/2016\/04\/60144.png","type":"image\/png"}],"twitter_card":"summary_large_image","twitter_misc":{"Est. reading time":"1 minut\u0117"},"schema":{"@context":"https:\/\/schema.org","@graph":[{"@type":"WebPage","@id":"https:\/\/tiandeproducts.co.uk\/lt\/dantu-pasta-zalioji-arbata-sanci-zensenis-120g\/","url":"https:\/\/tiandeproducts.co.uk\/lt\/dantu-pasta-zalioji-arbata-sanci-zensenis-120g\/","name":"Dant\u0173 pasta \u201e\u017dalioji arbata + San\u010di \u017een\u0161enis\u201c 120g - TianDe Online Shop - Beauty &amp; Health","isPartOf":{"@id":"https:\/\/tiandeproducts.co.uk\/#website"},"primaryImageOfPage":{"@id":"https:\/\/tiandeproducts.co.uk\/lt\/dantu-pasta-zalioji-arbata-sanci-zensenis-120g\/#primaryimage"},"image":{"@id":"https:\/\/tiandeproducts.co.uk\/lt\/dantu-pasta-zalioji-arbata-sanci-zensenis-120g\/#primaryimage"},"thumbnailUrl":"https:\/\/tiandeproducts.co.uk\/wp-content\/uploads\/2016\/04\/60144.png","datePublished":"2016-04-07T16:44:04+00:00","dateModified":"2020-02-28T12:27:03+00:00","breadcrumb":{"@id":"https:\/\/tiandeproducts.co.uk\/lt\/dantu-pasta-zalioji-arbata-sanci-zensenis-120g\/#breadcrumb"},"inLanguage":"lt-LT","potentialAction":[{"@type":"ReadAction","target":["https:\/\/tiandeproducts.co.uk\/lt\/dantu-pasta-zalioji-arbata-sanci-zensenis-120g\/"]}]},{"@type":"ImageObject","inLanguage":"lt-LT","@id":"https:\/\/tiandeproducts.co.uk\/lt\/dantu-pasta-zalioji-arbata-sanci-zensenis-120g\/#primaryimage","url":"https:\/\/tiandeproducts.co.uk\/wp-content\/uploads\/2016\/04\/60144.png","contentUrl":"https:\/\/tiandeproducts.co.uk\/wp-content\/uploads\/2016\/04\/60144.png","width":700,"height":700,"caption":"Toothpaste \"Green tea + Sanchi ginseng\", Tooth & gum protection,120 g-0"},{"@type":"BreadcrumbList","@id":"https:\/\/tiandeproducts.co.uk\/lt\/dantu-pasta-zalioji-arbata-sanci-zensenis-120g\/#breadcrumb","itemListElement":[{"@type":"ListItem","position":1,"name":"Home","item":"https:\/\/tiandeproducts.co.uk\/lt\/"},{"@type":"ListItem","position":2,"name":"Shop","item":"https:\/\/tiandeproducts.co.uk\/lt\/shop-2\/"},{"@type":"ListItem","position":3,"name":"Dant\u0173 pasta \u201e\u017dalioji arbata + San\u010di \u017een\u0161enis\u201c 120g"}]},{"@type":"WebSite","@id":"https:\/\/tiandeproducts.co.uk\/#website","url":"https:\/\/tiandeproducts.co.uk\/","name":"TianDe Online Shop - Beauty & Health","description":"Traditional Chinese Medicine","potentialAction":[{"@type":"SearchAction","target":{"@type":"EntryPoint","urlTemplate":"https:\/\/tiandeproducts.co.uk\/?s={search_term_string}"},"query-input":{"@type":"PropertyValueSpecification","valueRequired":true,"valueName":"search_term_string"}}],"inLanguage":"lt-LT"}]}},"_links":{"self":[{"href":"https:\/\/tiandeproducts.co.uk\/lt\/wp-json\/wp\/v2\/product\/3616","targetHints":{"allow":["GET"]}}],"collection":[{"href":"https:\/\/tiandeproducts.co.uk\/lt\/wp-json\/wp\/v2\/product"}],"about":[{"href":"https:\/\/tiandeproducts.co.uk\/lt\/wp-json\/wp\/v2\/types\/product"}],"replies":[{"embeddable":true,"href":"https:\/\/tiandeproducts.co.uk\/lt\/wp-json\/wp\/v2\/comments?post=3616"}],"wp:featuredmedia":[{"embeddable":true,"href":"https:\/\/tiandeproducts.co.uk\/lt\/wp-json\/wp\/v2\/media\/792"}],"wp:attachment":[{"href":"https:\/\/tiandeproducts.co.uk\/lt\/wp-json\/wp\/v2\/media?parent=3616"}],"wp:term":[{"taxonomy":"product_cat","embeddable":true,"href":"https:\/\/tiandeproducts.co.uk\/lt\/wp-json\/wp\/v2\/product_cat?post=3616"},{"taxonomy":"product_tag","embeddable":true,"href":"https:\/\/tiandeproducts.co.uk\/lt\/wp-json\/wp\/v2\/product_tag?post=3616"}],"curies":[{"name":"wp","href":"https:\/\/api.w.org\/{rel}","templated":true}]}}