{"id":3615,"date":"2016-04-07T17:45:58","date_gmt":"2016-04-07T16:45:58","guid":{"rendered":"https:\/\/tnd.ontesting.co.uk\/dantu-pasta-naturalus-vandenyno-perlai-naturalus-baltumas-120g\/"},"modified":"2020-02-28T11:29:46","modified_gmt":"2020-02-28T11:29:46","slug":"dantu-pasta-naturalus-vandenyno-perlai-naturalus-baltumas-120g","status":"publish","type":"product","link":"https:\/\/tiandeproducts.co.uk\/lt\/dantu-pasta-naturalus-vandenyno-perlai-naturalus-baltumas-120g\/","title":{"rendered":"Dant\u0173 pasta \u201eNat\u016bral\u016bs vandenyno perlai\u201c (nat\u016bralus baltumas) 120g"},"content":{"rendered":"<p>Balinimo technologija su nat\u016braliais perlais apsaugo dantenas nuo dirgikli\u0173, atkuria nat\u016bral\u0173 dant\u0173 baltum\u0105, naikina pigmentines d\u0117mes, nepa\u017eeid\u017eia emalio. Sud\u0117tyje esanti perl\u0173 pudra prisotina dant\u0173 emal\u012f mineralais, detoksikuoja, stiprina dantis ir suteikia jiems nat\u016bralaus blizgesio. Dant\u0173 pasta saugo nuo karieso atsiradimo, efektyviai \u0161alina dant\u0173 pavir\u0161iaus apna\u0161as (neleid\u017eia formuotis akmenims), mal\u0161ina u\u017edegimus ir saugo dantenas nuo sudirgimo, ilgam suteikia gaiv\u0173 burnos kvap\u0105.<\/p>\n<p><strong>Naudojimas:<\/strong><br \/>\nValykite i\u0161orin\u0119 ir galin\u0119 dant\u0173 pus\u0119, nepamir\u0161kite tarpdan\u010di\u0173 bei lie\u017euvio (valykite 2 kartus per dien\u0105 ne ma\u017eiau nei 5 min.). Nepraryti.\u00a0Vaikai iki 6 met\u0173 am\u017eiaus tur\u0117t\u0173 valytis dantis pri\u017ei\u016brimi suaugusi\u0173j\u0173.<br \/>\nKartu rekomenduojame naudoti tirpi\u0105j\u0105 kauk\u0119 \u201ePerl\u0173 pudra\u201c (50224), kurios sud\u0117tyje 100% nat\u016brali perl\u0173 pudra, kuri nuostabiai balina dantis, juos poliruoja ir visi\u0161kai nepa\u017eeid\u017eia dant\u0173 emalio. Vandeniu sudr\u0117kint\u0105 dant\u0173 \u0161epet\u0117l\u012f padenkite perl\u0173 pudra ir sukamaisiais judesiais \u0161velniai valykite dantis apie 3 min. Proced\u016br\u0105 kartoti 2 &#8211; 3 kartus per savait\u0119.<\/p>\n<p><strong>Veikliosios med\u017eiagos:<\/strong><\/p>\n<p><strong>Perl\u0173 pudra<\/strong>\u00a0\u2013100% nat\u016bral\u016bs perl\u0173 milteliai. Tai koncentruotas nat\u016bralus kalcio \u0161altinis, puikiai balina dantis, saugo emal\u012f, stiprina ir dantis ir dantenas, turi poliruojan\u010di\u0173 savybi\u0173.<\/p>\n<p><strong>Mentolis<\/strong>\u00a0valo burnos ertm\u0119 nuo bakterij\u0173, ilgam suteikia gaiv\u0173 ir malon\u0173 burnos kvap\u0105. Turi antiseptin\u012f, tonizuojant\u012f ir prie\u0161u\u017edegimin\u012f poveik\u012f.<\/p>\n<p><strong>Titano dioksidas<\/strong>\u00a0\u0161velniai pa\u0161alina dant\u0173 apna\u0161as. Tai nat\u016bralus neorganinis pigmentas, vienas i\u0161 \u0161velniausi\u0173 \u017einom\u0173 abrazyv\u0173.<\/p>\n<p>Dant\u0173 pastose naudojamas\u00a0<strong>natrio fluoridas<\/strong>\u00a0yra saugus ir venas efektyviausi\u0173 b\u016bd\u0173 apsaugoti dantis nuo \u0117duonies ar bakterij\u0173 atsiradimo. Jis lengvai ir greitai suyra \u012f aktyvius jonus, kurie geba pasiekti norim\u0105 efekt\u0105 per 1-3 min.<\/p>\n","protected":false},"excerpt":{"rendered":"<p>Balinimo technologija su nat\u016braliais perlais apsaugo dantenas nuo dirgikli\u0173, atkuria nat\u016bral\u0173 dant\u0173 baltum\u0105, naikina pigmentines d\u0117mes, nepa\u017eeid\u017eia emalio. Sud\u0117tyje esanti perl\u0173 pudra prisotina dant\u0173 emal\u012f mineralais, detoksikuoja, stiprina dantis ir suteikia jiems nat\u016bralaus blizgesio. Dant\u0173 pasta saugo nuo karieso atsiradimo, efektyviai \u0161alina dant\u0173 pavir\u0161iaus apna\u0161as (neleid\u017eia formuotis akmenims), mal\u0161ina u\u017edegimus ir saugo dantenas nuo sudirgimo, [&#8230;]\n","protected":false},"featured_media":797,"comment_status":"closed","ping_status":"closed","template":"","meta":[],"product_cat":[684,686,677],"product_tag":[],"class_list":{"0":"post-3615","1":"product","2":"type-product","3":"status-publish","4":"has-post-thumbnail","6":"product_cat-burnos-higiena","7":"product_cat-dantu-pastosgeliai","8":"product_cat-higiena","10":"first","11":"instock","12":"shipping-taxable","13":"purchasable","14":"product-type-simple"},"yoast_head":"<!-- This site is optimized with the Yoast SEO plugin v23.6 - https:\/\/yoast.com\/wordpress\/plugins\/seo\/ -->\n<title>Dant\u0173 pasta \u201eNat\u016bral\u016bs vandenyno perlai\u201c (nat\u016bralus baltumas) 120g - TianDe Online Shop - Beauty &amp; Health<\/title>\n<meta name=\"robots\" content=\"index, follow, max-snippet:-1, max-image-preview:large, max-video-preview:-1\" \/>\n<link rel=\"canonical\" href=\"https:\/\/tiandeproducts.co.uk\/lt\/dantu-pasta-naturalus-vandenyno-perlai-naturalus-baltumas-120g\/\" \/>\n<meta property=\"og:locale\" content=\"lt_LT\" \/>\n<meta property=\"og:type\" content=\"article\" \/>\n<meta property=\"og:title\" content=\"Dant\u0173 pasta \u201eNat\u016bral\u016bs vandenyno perlai\u201c (nat\u016bralus baltumas) 120g - TianDe Online Shop - Beauty &amp; Health\" \/>\n<meta property=\"og:description\" content=\"Balinimo technologija su nat\u016braliais perlais apsaugo dantenas nuo dirgikli\u0173, atkuria nat\u016bral\u0173 dant\u0173 baltum\u0105, naikina pigmentines d\u0117mes, nepa\u017eeid\u017eia emalio. Sud\u0117tyje esanti perl\u0173 pudra prisotina dant\u0173 emal\u012f mineralais, detoksikuoja, stiprina dantis ir suteikia jiems nat\u016bralaus blizgesio. Dant\u0173 pasta saugo nuo karieso atsiradimo, efektyviai \u0161alina dant\u0173 pavir\u0161iaus apna\u0161as (neleid\u017eia formuotis akmenims), mal\u0161ina u\u017edegimus ir saugo dantenas nuo sudirgimo, [...]\" \/>\n<meta property=\"og:url\" content=\"https:\/\/tiandeproducts.co.uk\/lt\/dantu-pasta-naturalus-vandenyno-perlai-naturalus-baltumas-120g\/\" \/>\n<meta property=\"og:site_name\" content=\"TianDe Online Shop - Beauty &amp; Health\" \/>\n<meta property=\"article:publisher\" content=\"https:\/\/www.facebook.com\/tiande.products.england\/\" \/>\n<meta property=\"article:modified_time\" content=\"2020-02-28T11:29:46+00:00\" \/>\n<meta property=\"og:image\" content=\"https:\/\/tiandeproducts.co.uk\/wp-content\/uploads\/2016\/04\/60142.png\" \/>\n\t<meta property=\"og:image:width\" content=\"700\" \/>\n\t<meta property=\"og:image:height\" content=\"700\" \/>\n\t<meta property=\"og:image:type\" content=\"image\/png\" \/>\n<meta name=\"twitter:card\" content=\"summary_large_image\" \/>\n<meta name=\"twitter:label1\" content=\"Est. reading time\" \/>\n\t<meta name=\"twitter:data1\" content=\"1 minut\u0117\" \/>\n<script type=\"application\/ld+json\" class=\"yoast-schema-graph\">{\"@context\":\"https:\/\/schema.org\",\"@graph\":[{\"@type\":\"WebPage\",\"@id\":\"https:\/\/tiandeproducts.co.uk\/lt\/dantu-pasta-naturalus-vandenyno-perlai-naturalus-baltumas-120g\/\",\"url\":\"https:\/\/tiandeproducts.co.uk\/lt\/dantu-pasta-naturalus-vandenyno-perlai-naturalus-baltumas-120g\/\",\"name\":\"Dant\u0173 pasta \u201eNat\u016bral\u016bs vandenyno perlai\u201c (nat\u016bralus baltumas) 120g - TianDe Online Shop - Beauty &amp; Health\",\"isPartOf\":{\"@id\":\"https:\/\/tiandeproducts.co.uk\/#website\"},\"primaryImageOfPage\":{\"@id\":\"https:\/\/tiandeproducts.co.uk\/lt\/dantu-pasta-naturalus-vandenyno-perlai-naturalus-baltumas-120g\/#primaryimage\"},\"image\":{\"@id\":\"https:\/\/tiandeproducts.co.uk\/lt\/dantu-pasta-naturalus-vandenyno-perlai-naturalus-baltumas-120g\/#primaryimage\"},\"thumbnailUrl\":\"https:\/\/tiandeproducts.co.uk\/wp-content\/uploads\/2016\/04\/60142.png\",\"datePublished\":\"2016-04-07T16:45:58+00:00\",\"dateModified\":\"2020-02-28T11:29:46+00:00\",\"breadcrumb\":{\"@id\":\"https:\/\/tiandeproducts.co.uk\/lt\/dantu-pasta-naturalus-vandenyno-perlai-naturalus-baltumas-120g\/#breadcrumb\"},\"inLanguage\":\"lt-LT\",\"potentialAction\":[{\"@type\":\"ReadAction\",\"target\":[\"https:\/\/tiandeproducts.co.uk\/lt\/dantu-pasta-naturalus-vandenyno-perlai-naturalus-baltumas-120g\/\"]}]},{\"@type\":\"ImageObject\",\"inLanguage\":\"lt-LT\",\"@id\":\"https:\/\/tiandeproducts.co.uk\/lt\/dantu-pasta-naturalus-vandenyno-perlai-naturalus-baltumas-120g\/#primaryimage\",\"url\":\"https:\/\/tiandeproducts.co.uk\/wp-content\/uploads\/2016\/04\/60142.png\",\"contentUrl\":\"https:\/\/tiandeproducts.co.uk\/wp-content\/uploads\/2016\/04\/60142.png\",\"width\":700,\"height\":700,\"caption\":\"Whitening Natural Oceanic Pearl Tooth Paste,120g-0\"},{\"@type\":\"BreadcrumbList\",\"@id\":\"https:\/\/tiandeproducts.co.uk\/lt\/dantu-pasta-naturalus-vandenyno-perlai-naturalus-baltumas-120g\/#breadcrumb\",\"itemListElement\":[{\"@type\":\"ListItem\",\"position\":1,\"name\":\"Home\",\"item\":\"https:\/\/tiandeproducts.co.uk\/lt\/\"},{\"@type\":\"ListItem\",\"position\":2,\"name\":\"Shop\",\"item\":\"https:\/\/tiandeproducts.co.uk\/lt\/shop-2\/\"},{\"@type\":\"ListItem\",\"position\":3,\"name\":\"Dant\u0173 pasta \u201eNat\u016bral\u016bs vandenyno perlai\u201c (nat\u016bralus baltumas) 120g\"}]},{\"@type\":\"WebSite\",\"@id\":\"https:\/\/tiandeproducts.co.uk\/#website\",\"url\":\"https:\/\/tiandeproducts.co.uk\/\",\"name\":\"TianDe Online Shop - Beauty & Health\",\"description\":\"Traditional Chinese Medicine\",\"potentialAction\":[{\"@type\":\"SearchAction\",\"target\":{\"@type\":\"EntryPoint\",\"urlTemplate\":\"https:\/\/tiandeproducts.co.uk\/?s={search_term_string}\"},\"query-input\":{\"@type\":\"PropertyValueSpecification\",\"valueRequired\":true,\"valueName\":\"search_term_string\"}}],\"inLanguage\":\"lt-LT\"}]}<\/script>\n<!-- \/ Yoast SEO plugin. -->","yoast_head_json":{"title":"Dant\u0173 pasta \u201eNat\u016bral\u016bs vandenyno perlai\u201c (nat\u016bralus baltumas) 120g - TianDe Online Shop - Beauty &amp; Health","robots":{"index":"index","follow":"follow","max-snippet":"max-snippet:-1","max-image-preview":"max-image-preview:large","max-video-preview":"max-video-preview:-1"},"canonical":"https:\/\/tiandeproducts.co.uk\/lt\/dantu-pasta-naturalus-vandenyno-perlai-naturalus-baltumas-120g\/","og_locale":"lt_LT","og_type":"article","og_title":"Dant\u0173 pasta \u201eNat\u016bral\u016bs vandenyno perlai\u201c (nat\u016bralus baltumas) 120g - TianDe Online Shop - Beauty &amp; Health","og_description":"Balinimo technologija su nat\u016braliais perlais apsaugo dantenas nuo dirgikli\u0173, atkuria nat\u016bral\u0173 dant\u0173 baltum\u0105, naikina pigmentines d\u0117mes, nepa\u017eeid\u017eia emalio. Sud\u0117tyje esanti perl\u0173 pudra prisotina dant\u0173 emal\u012f mineralais, detoksikuoja, stiprina dantis ir suteikia jiems nat\u016bralaus blizgesio. Dant\u0173 pasta saugo nuo karieso atsiradimo, efektyviai \u0161alina dant\u0173 pavir\u0161iaus apna\u0161as (neleid\u017eia formuotis akmenims), mal\u0161ina u\u017edegimus ir saugo dantenas nuo sudirgimo, [...]","og_url":"https:\/\/tiandeproducts.co.uk\/lt\/dantu-pasta-naturalus-vandenyno-perlai-naturalus-baltumas-120g\/","og_site_name":"TianDe Online Shop - Beauty &amp; Health","article_publisher":"https:\/\/www.facebook.com\/tiande.products.england\/","article_modified_time":"2020-02-28T11:29:46+00:00","og_image":[{"width":700,"height":700,"url":"https:\/\/tiandeproducts.co.uk\/wp-content\/uploads\/2016\/04\/60142.png","type":"image\/png"}],"twitter_card":"summary_large_image","twitter_misc":{"Est. reading time":"1 minut\u0117"},"schema":{"@context":"https:\/\/schema.org","@graph":[{"@type":"WebPage","@id":"https:\/\/tiandeproducts.co.uk\/lt\/dantu-pasta-naturalus-vandenyno-perlai-naturalus-baltumas-120g\/","url":"https:\/\/tiandeproducts.co.uk\/lt\/dantu-pasta-naturalus-vandenyno-perlai-naturalus-baltumas-120g\/","name":"Dant\u0173 pasta \u201eNat\u016bral\u016bs vandenyno perlai\u201c (nat\u016bralus baltumas) 120g - TianDe Online Shop - Beauty &amp; Health","isPartOf":{"@id":"https:\/\/tiandeproducts.co.uk\/#website"},"primaryImageOfPage":{"@id":"https:\/\/tiandeproducts.co.uk\/lt\/dantu-pasta-naturalus-vandenyno-perlai-naturalus-baltumas-120g\/#primaryimage"},"image":{"@id":"https:\/\/tiandeproducts.co.uk\/lt\/dantu-pasta-naturalus-vandenyno-perlai-naturalus-baltumas-120g\/#primaryimage"},"thumbnailUrl":"https:\/\/tiandeproducts.co.uk\/wp-content\/uploads\/2016\/04\/60142.png","datePublished":"2016-04-07T16:45:58+00:00","dateModified":"2020-02-28T11:29:46+00:00","breadcrumb":{"@id":"https:\/\/tiandeproducts.co.uk\/lt\/dantu-pasta-naturalus-vandenyno-perlai-naturalus-baltumas-120g\/#breadcrumb"},"inLanguage":"lt-LT","potentialAction":[{"@type":"ReadAction","target":["https:\/\/tiandeproducts.co.uk\/lt\/dantu-pasta-naturalus-vandenyno-perlai-naturalus-baltumas-120g\/"]}]},{"@type":"ImageObject","inLanguage":"lt-LT","@id":"https:\/\/tiandeproducts.co.uk\/lt\/dantu-pasta-naturalus-vandenyno-perlai-naturalus-baltumas-120g\/#primaryimage","url":"https:\/\/tiandeproducts.co.uk\/wp-content\/uploads\/2016\/04\/60142.png","contentUrl":"https:\/\/tiandeproducts.co.uk\/wp-content\/uploads\/2016\/04\/60142.png","width":700,"height":700,"caption":"Whitening Natural Oceanic Pearl Tooth Paste,120g-0"},{"@type":"BreadcrumbList","@id":"https:\/\/tiandeproducts.co.uk\/lt\/dantu-pasta-naturalus-vandenyno-perlai-naturalus-baltumas-120g\/#breadcrumb","itemListElement":[{"@type":"ListItem","position":1,"name":"Home","item":"https:\/\/tiandeproducts.co.uk\/lt\/"},{"@type":"ListItem","position":2,"name":"Shop","item":"https:\/\/tiandeproducts.co.uk\/lt\/shop-2\/"},{"@type":"ListItem","position":3,"name":"Dant\u0173 pasta \u201eNat\u016bral\u016bs vandenyno perlai\u201c (nat\u016bralus baltumas) 120g"}]},{"@type":"WebSite","@id":"https:\/\/tiandeproducts.co.uk\/#website","url":"https:\/\/tiandeproducts.co.uk\/","name":"TianDe Online Shop - Beauty & Health","description":"Traditional Chinese Medicine","potentialAction":[{"@type":"SearchAction","target":{"@type":"EntryPoint","urlTemplate":"https:\/\/tiandeproducts.co.uk\/?s={search_term_string}"},"query-input":{"@type":"PropertyValueSpecification","valueRequired":true,"valueName":"search_term_string"}}],"inLanguage":"lt-LT"}]}},"_links":{"self":[{"href":"https:\/\/tiandeproducts.co.uk\/lt\/wp-json\/wp\/v2\/product\/3615","targetHints":{"allow":["GET"]}}],"collection":[{"href":"https:\/\/tiandeproducts.co.uk\/lt\/wp-json\/wp\/v2\/product"}],"about":[{"href":"https:\/\/tiandeproducts.co.uk\/lt\/wp-json\/wp\/v2\/types\/product"}],"replies":[{"embeddable":true,"href":"https:\/\/tiandeproducts.co.uk\/lt\/wp-json\/wp\/v2\/comments?post=3615"}],"wp:featuredmedia":[{"embeddable":true,"href":"https:\/\/tiandeproducts.co.uk\/lt\/wp-json\/wp\/v2\/media\/797"}],"wp:attachment":[{"href":"https:\/\/tiandeproducts.co.uk\/lt\/wp-json\/wp\/v2\/media?parent=3615"}],"wp:term":[{"taxonomy":"product_cat","embeddable":true,"href":"https:\/\/tiandeproducts.co.uk\/lt\/wp-json\/wp\/v2\/product_cat?post=3615"},{"taxonomy":"product_tag","embeddable":true,"href":"https:\/\/tiandeproducts.co.uk\/lt\/wp-json\/wp\/v2\/product_tag?post=3615"}],"curies":[{"name":"wp","href":"https:\/\/api.w.org\/{rel}","templated":true}]}}