{"id":3614,"date":"2016-04-07T17:48:01","date_gmt":"2016-04-07T16:48:01","guid":{"rendered":"https:\/\/tnd.ontesting.co.uk\/dantu-pasta-prodental-120g\/"},"modified":"2020-10-09T15:05:22","modified_gmt":"2020-10-09T14:05:22","slug":"dantu-pasta-prodental-120g","status":"publish","type":"product","link":"https:\/\/tiandeproducts.co.uk\/lt\/dantu-pasta-prodental-120g\/","title":{"rendered":"Dant\u0173 pasta \u201eProdental\u201c 120g"},"content":{"rendered":"<p>Dant\u0173 pasta pa\u0161alina apna\u0161as, aktyvina apykaitinius procesus danten\u0173 srityje, stiprina jas, mal\u0161ina u\u017edegiminius procesus, normalizuoja \u0161arm\u0173 &#8211; r\u016bg\u0161\u010di\u0173 pusiausvyr\u0105 visoje burnos ertm\u0117je, apsaugo nuo karieso, ma\u017eina kraujavim\u0105. Reguliarus priemon\u0117s naudojimas pad\u0117s i\u0161saugoti sveikus ir baltus dantis, skatins regeneracijos procesus. Pastos sud\u0117tyje yra net 90,9% nat\u016brali\u0173 komponent\u0173. Be fluoro.<\/p>\n<p>Burnos ertm\u0117s r\u016bg\u0161\u010di\u0173 &#8211; \u0161arm\u0173 pusiausvyra yra labai svarbi dant\u0173 sveikatai. Laikoma, kad sveikos burnos normalus pH yra ~ nuo 7,3 iki 7,4. Valgant burnos ertm\u0117s pH pakinta (ypa\u010d valgant saldumynus). Veikiami bakterij\u0173 jie r\u016bgsta, susidaro pieno r\u016bg\u0161tis, kuri padidina r\u016bg\u0161tingum\u0105. Pavyzd\u017eiui 10 gram\u0173 cukraus 10-16 kart\u0173 padidina pieno r\u016bg\u0161ties kiek\u012f seil\u0117se, o tai lemia pH suma\u017e\u0117jim\u0105 artimiausioms 20 &#8211; \u010diai minu\u010di\u0173. R\u016bg\u0161ti terp\u0117 yra palangi bakterijoms ir virusams, kuri\u0173 dauginimasis i\u0161\u0161aukia burnos ertm\u0117s\u00a0ligas ir karies\u0105.\u00a0Gausios dant\u0173 apna\u0161os, negydomas arba jau l\u0117tinis danten\u0173 u\u017edegimas, gali peraugti \u012f periodontit\u0105. Tuomet dantenos parausta, patinsta, pradeda kraujuoti. Norint apsisaugoti nuo periodontito, b\u016btina r\u016bpintis ne tik savo dantimis, bet ir visos burnos higiena. Pirmiausia, tai tinkamas dant\u0173 bei danten\u0173 valymas.<\/p>\n<p>Dant\u0173 pastoje\u00a0\u201eProDental\u201c\u00a0yra special\u016bs aktyv\u016bs komponentai, kurie neutralizuoja r\u016bg\u0161t\u012f, tuo pa\u010diu atkuria optimal\u0173 pH balans\u0105, padeda kovoti su danten\u0173 kraujavimu bei kariesu.\u00a0Sud\u0117tyje esantys aktyv\u016bs komponentai pirmiausia veikia\u00a0mink\u0161tuosius parodonto audinius (dantenas).<\/p>\n<p><strong>Naudojimas:<\/strong><br \/>\nValykite i\u0161orin\u0119 ir galin\u0119 dant\u0173 pus\u0119, nepamir\u0161kite tarpdan\u010di\u0173 bei lie\u017euvio (valykite 2 kartus per dien\u0105 ne ma\u017eiau nei 5 min.). Nepraryti.\u00a0Vaikai iki 6 met\u0173 am\u017eiaus tur\u0117t\u0173 valytis dantis pri\u017ei\u016brimi suaugusi\u0173j\u0173.<\/p>\n<p><strong>Veikliosios med\u017eiagos:<\/strong><\/p>\n<p><strong>Silicio r\u016bg\u0161tis<\/strong>\u00a0nebrai\u017eo ir nepa\u017eeid\u017eia dant\u0173 emalio, efektyviai valo dant\u0173 apna\u0161as, lengvai poliruoja. Rekomenduojama naudoti turint jautrias dantenas ir pa\u017eeist\u0105 dant\u0173 emal\u012f.<\/p>\n<p><strong>Mentolis<\/strong>\u00a0valo burnos ertm\u0119 nuo bakterij\u0173, ilgam suteikia gaiv\u0173 ir malon\u0173 burnos kvap\u0105. Turi antiseptin\u012f, tonizuojant\u012f ir prie\u0161u\u017edegimin\u012f poveik\u012f.<\/p>\n<p><strong>Peptidai<\/strong>\u00a0skatina danten\u0173 mink\u0161t\u0173j\u0173 audini\u0173 regeneracij\u0105, saugo dantenas nuo u\u017edegim\u0173, padeda burnos ertm\u0117je atsiradusi\u0173 \u017eaizdeli\u0173 u\u017egijimui. Dant\u0173 pastos sud\u0117tyje esantis Sh-polipeptidas-1 stiprina kapiliar\u0173 sieneles, gerina mikrocirkuliacij\u0105 ir periodonto audini\u0173 mityb\u0105.<\/p>\n<p><strong>Vynuogi\u0173 kauliuk\u0173 aliejus<\/strong>\u00a0bei m\u0117tos lap\u0173 aliejus turi stipr\u0173 antioksidacin\u012f poveik\u012f. Vynuogi\u0173 kauliuk\u0173 aliejuje ypa\u010d gausu vitamino E, A, B, C, mineral\u0173, protein\u0173. Jame yra net 0,8-1,5% nehidrolizuot\u0173 lipid\u0173, kurie turi labai didel\u012f kiek\u012f toki\u0173 fenoli\u0173 kaip takoferolis; 76% linolenin\u0117s r\u016bg\u0161ties, kuri ypa\u010d aktyviai kontroliuoja audini\u0173 regeneracijos procesus. Visi \u0161ie komponentai veikia antialergi\u0161kai ir prie\u0161u\u017edegimi\u0161kai.<\/p>\n<p><strong>Augalini\u0173 ekstrakt\u0173 komplekse<\/strong>: \u017een\u0161enio \u0161aknies ekstraktas, paprastojo saldymed\u017eio \u0161aknies ekstraktas, vaistini\u0173 ramuni\u0173 \u017eied\u0173 ekstraktas. \u017den\u0161enio \u0161aknies ekstraktas efektyviai stabdo bakterij\u0173 dauginimosi proces\u0105, neleid\u017eia susidaryti apna\u0161oms ir vystytis kariesui, ma\u017eina danten\u0173 u\u017edegimo rizik\u0105. Paprastojo saldymed\u017eio \u0161aknies ekstraktas padeda pa\u0161alinti danten\u0173 u\u017edegim\u0105 ir atstatyti kraujo mikrocirkuliacij\u0105 u\u017edegimo vietoje. Vaistin\u0117s ramun\u0117l\u0117s ekstraktas suma\u017eina danten\u0173 dirglum\u0105, jautrum\u0105, normalizuoja burnos ertm\u0117s mikroflor\u0105, pasi\u017eymi prie\u0161u\u017edegiminiu poveikiu.<\/p>\n<p><strong>Medaus ekstraktas<\/strong>\u00a0&#8211; gamtinis antiseptikas, saugantis burnos ertm\u0119 nuo bakterij\u0173.<\/p>\n<p><strong>Natrio laktatas<\/strong>\u00a0&#8211; r\u016bg\u0161\u010di\u0173 ir \u0161arm\u0173 pusiausvyr\u0105 (pH) reguliuojanti med\u017eiaga, sauganti nuo bakterij\u0173 dauginimosi.<\/p>\n","protected":false},"excerpt":{"rendered":"<p>Dant\u0173 pasta pa\u0161alina apna\u0161as, aktyvina apykaitinius procesus danten\u0173 srityje, stiprina jas, mal\u0161ina u\u017edegiminius procesus, normalizuoja \u0161arm\u0173 &#8211; r\u016bg\u0161\u010di\u0173 pusiausvyr\u0105 visoje burnos ertm\u0117je, apsaugo nuo karieso, ma\u017eina kraujavim\u0105. Reguliarus priemon\u0117s naudojimas pad\u0117s i\u0161saugoti sveikus ir baltus dantis, skatins regeneracijos procesus. Pastos sud\u0117tyje yra net 90,9% nat\u016brali\u0173 komponent\u0173. Be fluoro. Burnos ertm\u0117s r\u016bg\u0161\u010di\u0173 &#8211; \u0161arm\u0173 pusiausvyra yra [&#8230;]\n","protected":false},"featured_media":802,"comment_status":"closed","ping_status":"closed","template":"","meta":[],"product_cat":[684,686,677],"product_tag":[],"class_list":{"0":"post-3614","1":"product","2":"type-product","3":"status-publish","4":"has-post-thumbnail","6":"product_cat-burnos-higiena","7":"product_cat-dantu-pastosgeliai","8":"product_cat-higiena","10":"first","11":"outofstock","12":"shipping-taxable","13":"purchasable","14":"product-type-simple"},"yoast_head":"<!-- This site is optimized with the Yoast SEO plugin v23.6 - https:\/\/yoast.com\/wordpress\/plugins\/seo\/ -->\n<title>Dant\u0173 pasta \u201eProdental\u201c 120g - TianDe Online Shop - Beauty &amp; Health<\/title>\n<meta name=\"robots\" content=\"index, follow, max-snippet:-1, max-image-preview:large, max-video-preview:-1\" \/>\n<link rel=\"canonical\" href=\"https:\/\/tiandeproducts.co.uk\/lt\/dantu-pasta-prodental-120g\/\" \/>\n<meta property=\"og:locale\" content=\"lt_LT\" \/>\n<meta property=\"og:type\" content=\"article\" \/>\n<meta property=\"og:title\" content=\"Dant\u0173 pasta \u201eProdental\u201c 120g - TianDe Online Shop - Beauty &amp; Health\" \/>\n<meta property=\"og:description\" content=\"Dant\u0173 pasta pa\u0161alina apna\u0161as, aktyvina apykaitinius procesus danten\u0173 srityje, stiprina jas, mal\u0161ina u\u017edegiminius procesus, normalizuoja \u0161arm\u0173 &#8211; r\u016bg\u0161\u010di\u0173 pusiausvyr\u0105 visoje burnos ertm\u0117je, apsaugo nuo karieso, ma\u017eina kraujavim\u0105. Reguliarus priemon\u0117s naudojimas pad\u0117s i\u0161saugoti sveikus ir baltus dantis, skatins regeneracijos procesus. Pastos sud\u0117tyje yra net 90,9% nat\u016brali\u0173 komponent\u0173. Be fluoro. Burnos ertm\u0117s r\u016bg\u0161\u010di\u0173 &#8211; \u0161arm\u0173 pusiausvyra yra [...]\" \/>\n<meta property=\"og:url\" content=\"https:\/\/tiandeproducts.co.uk\/lt\/dantu-pasta-prodental-120g\/\" \/>\n<meta property=\"og:site_name\" content=\"TianDe Online Shop - Beauty &amp; Health\" \/>\n<meta property=\"article:publisher\" content=\"https:\/\/www.facebook.com\/tiande.products.england\/\" \/>\n<meta property=\"article:modified_time\" content=\"2020-10-09T14:05:22+00:00\" \/>\n<meta property=\"og:image\" content=\"https:\/\/tiandeproducts.co.uk\/wp-content\/uploads\/2016\/04\/60143_new.png\" \/>\n\t<meta property=\"og:image:width\" content=\"700\" \/>\n\t<meta property=\"og:image:height\" content=\"700\" \/>\n\t<meta property=\"og:image:type\" content=\"image\/png\" \/>\n<meta name=\"twitter:card\" content=\"summary_large_image\" \/>\n<meta name=\"twitter:label1\" content=\"Est. reading time\" \/>\n\t<meta name=\"twitter:data1\" content=\"3 minut\u0117s\" \/>\n<script type=\"application\/ld+json\" class=\"yoast-schema-graph\">{\"@context\":\"https:\/\/schema.org\",\"@graph\":[{\"@type\":\"WebPage\",\"@id\":\"https:\/\/tiandeproducts.co.uk\/lt\/dantu-pasta-prodental-120g\/\",\"url\":\"https:\/\/tiandeproducts.co.uk\/lt\/dantu-pasta-prodental-120g\/\",\"name\":\"Dant\u0173 pasta \u201eProdental\u201c 120g - TianDe Online Shop - Beauty &amp; Health\",\"isPartOf\":{\"@id\":\"https:\/\/tiandeproducts.co.uk\/#website\"},\"primaryImageOfPage\":{\"@id\":\"https:\/\/tiandeproducts.co.uk\/lt\/dantu-pasta-prodental-120g\/#primaryimage\"},\"image\":{\"@id\":\"https:\/\/tiandeproducts.co.uk\/lt\/dantu-pasta-prodental-120g\/#primaryimage\"},\"thumbnailUrl\":\"https:\/\/tiandeproducts.co.uk\/wp-content\/uploads\/2016\/04\/60143_new.png\",\"datePublished\":\"2016-04-07T16:48:01+00:00\",\"dateModified\":\"2020-10-09T14:05:22+00:00\",\"breadcrumb\":{\"@id\":\"https:\/\/tiandeproducts.co.uk\/lt\/dantu-pasta-prodental-120g\/#breadcrumb\"},\"inLanguage\":\"lt-LT\",\"potentialAction\":[{\"@type\":\"ReadAction\",\"target\":[\"https:\/\/tiandeproducts.co.uk\/lt\/dantu-pasta-prodental-120g\/\"]}]},{\"@type\":\"ImageObject\",\"inLanguage\":\"lt-LT\",\"@id\":\"https:\/\/tiandeproducts.co.uk\/lt\/dantu-pasta-prodental-120g\/#primaryimage\",\"url\":\"https:\/\/tiandeproducts.co.uk\/wp-content\/uploads\/2016\/04\/60143_new.png\",\"contentUrl\":\"https:\/\/tiandeproducts.co.uk\/wp-content\/uploads\/2016\/04\/60143_new.png\",\"width\":700,\"height\":700,\"caption\":\"ProDental Tooth Paste,Prevents Tooth Decay,120g-0\"},{\"@type\":\"BreadcrumbList\",\"@id\":\"https:\/\/tiandeproducts.co.uk\/lt\/dantu-pasta-prodental-120g\/#breadcrumb\",\"itemListElement\":[{\"@type\":\"ListItem\",\"position\":1,\"name\":\"Home\",\"item\":\"https:\/\/tiandeproducts.co.uk\/lt\/\"},{\"@type\":\"ListItem\",\"position\":2,\"name\":\"Shop\",\"item\":\"https:\/\/tiandeproducts.co.uk\/lt\/shop-2\/\"},{\"@type\":\"ListItem\",\"position\":3,\"name\":\"Dant\u0173 pasta \u201eProdental\u201c 120g\"}]},{\"@type\":\"WebSite\",\"@id\":\"https:\/\/tiandeproducts.co.uk\/#website\",\"url\":\"https:\/\/tiandeproducts.co.uk\/\",\"name\":\"TianDe Online Shop - Beauty & Health\",\"description\":\"Traditional Chinese Medicine\",\"potentialAction\":[{\"@type\":\"SearchAction\",\"target\":{\"@type\":\"EntryPoint\",\"urlTemplate\":\"https:\/\/tiandeproducts.co.uk\/?s={search_term_string}\"},\"query-input\":{\"@type\":\"PropertyValueSpecification\",\"valueRequired\":true,\"valueName\":\"search_term_string\"}}],\"inLanguage\":\"lt-LT\"}]}<\/script>\n<!-- \/ Yoast SEO plugin. -->","yoast_head_json":{"title":"Dant\u0173 pasta \u201eProdental\u201c 120g - TianDe Online Shop - Beauty &amp; Health","robots":{"index":"index","follow":"follow","max-snippet":"max-snippet:-1","max-image-preview":"max-image-preview:large","max-video-preview":"max-video-preview:-1"},"canonical":"https:\/\/tiandeproducts.co.uk\/lt\/dantu-pasta-prodental-120g\/","og_locale":"lt_LT","og_type":"article","og_title":"Dant\u0173 pasta \u201eProdental\u201c 120g - TianDe Online Shop - Beauty &amp; Health","og_description":"Dant\u0173 pasta pa\u0161alina apna\u0161as, aktyvina apykaitinius procesus danten\u0173 srityje, stiprina jas, mal\u0161ina u\u017edegiminius procesus, normalizuoja \u0161arm\u0173 &#8211; r\u016bg\u0161\u010di\u0173 pusiausvyr\u0105 visoje burnos ertm\u0117je, apsaugo nuo karieso, ma\u017eina kraujavim\u0105. Reguliarus priemon\u0117s naudojimas pad\u0117s i\u0161saugoti sveikus ir baltus dantis, skatins regeneracijos procesus. Pastos sud\u0117tyje yra net 90,9% nat\u016brali\u0173 komponent\u0173. Be fluoro. Burnos ertm\u0117s r\u016bg\u0161\u010di\u0173 &#8211; \u0161arm\u0173 pusiausvyra yra [...]","og_url":"https:\/\/tiandeproducts.co.uk\/lt\/dantu-pasta-prodental-120g\/","og_site_name":"TianDe Online Shop - Beauty &amp; Health","article_publisher":"https:\/\/www.facebook.com\/tiande.products.england\/","article_modified_time":"2020-10-09T14:05:22+00:00","og_image":[{"width":700,"height":700,"url":"https:\/\/tiandeproducts.co.uk\/wp-content\/uploads\/2016\/04\/60143_new.png","type":"image\/png"}],"twitter_card":"summary_large_image","twitter_misc":{"Est. reading time":"3 minut\u0117s"},"schema":{"@context":"https:\/\/schema.org","@graph":[{"@type":"WebPage","@id":"https:\/\/tiandeproducts.co.uk\/lt\/dantu-pasta-prodental-120g\/","url":"https:\/\/tiandeproducts.co.uk\/lt\/dantu-pasta-prodental-120g\/","name":"Dant\u0173 pasta \u201eProdental\u201c 120g - TianDe Online Shop - Beauty &amp; Health","isPartOf":{"@id":"https:\/\/tiandeproducts.co.uk\/#website"},"primaryImageOfPage":{"@id":"https:\/\/tiandeproducts.co.uk\/lt\/dantu-pasta-prodental-120g\/#primaryimage"},"image":{"@id":"https:\/\/tiandeproducts.co.uk\/lt\/dantu-pasta-prodental-120g\/#primaryimage"},"thumbnailUrl":"https:\/\/tiandeproducts.co.uk\/wp-content\/uploads\/2016\/04\/60143_new.png","datePublished":"2016-04-07T16:48:01+00:00","dateModified":"2020-10-09T14:05:22+00:00","breadcrumb":{"@id":"https:\/\/tiandeproducts.co.uk\/lt\/dantu-pasta-prodental-120g\/#breadcrumb"},"inLanguage":"lt-LT","potentialAction":[{"@type":"ReadAction","target":["https:\/\/tiandeproducts.co.uk\/lt\/dantu-pasta-prodental-120g\/"]}]},{"@type":"ImageObject","inLanguage":"lt-LT","@id":"https:\/\/tiandeproducts.co.uk\/lt\/dantu-pasta-prodental-120g\/#primaryimage","url":"https:\/\/tiandeproducts.co.uk\/wp-content\/uploads\/2016\/04\/60143_new.png","contentUrl":"https:\/\/tiandeproducts.co.uk\/wp-content\/uploads\/2016\/04\/60143_new.png","width":700,"height":700,"caption":"ProDental Tooth Paste,Prevents Tooth Decay,120g-0"},{"@type":"BreadcrumbList","@id":"https:\/\/tiandeproducts.co.uk\/lt\/dantu-pasta-prodental-120g\/#breadcrumb","itemListElement":[{"@type":"ListItem","position":1,"name":"Home","item":"https:\/\/tiandeproducts.co.uk\/lt\/"},{"@type":"ListItem","position":2,"name":"Shop","item":"https:\/\/tiandeproducts.co.uk\/lt\/shop-2\/"},{"@type":"ListItem","position":3,"name":"Dant\u0173 pasta \u201eProdental\u201c 120g"}]},{"@type":"WebSite","@id":"https:\/\/tiandeproducts.co.uk\/#website","url":"https:\/\/tiandeproducts.co.uk\/","name":"TianDe Online Shop - Beauty & Health","description":"Traditional Chinese Medicine","potentialAction":[{"@type":"SearchAction","target":{"@type":"EntryPoint","urlTemplate":"https:\/\/tiandeproducts.co.uk\/?s={search_term_string}"},"query-input":{"@type":"PropertyValueSpecification","valueRequired":true,"valueName":"search_term_string"}}],"inLanguage":"lt-LT"}]}},"_links":{"self":[{"href":"https:\/\/tiandeproducts.co.uk\/lt\/wp-json\/wp\/v2\/product\/3614","targetHints":{"allow":["GET"]}}],"collection":[{"href":"https:\/\/tiandeproducts.co.uk\/lt\/wp-json\/wp\/v2\/product"}],"about":[{"href":"https:\/\/tiandeproducts.co.uk\/lt\/wp-json\/wp\/v2\/types\/product"}],"replies":[{"embeddable":true,"href":"https:\/\/tiandeproducts.co.uk\/lt\/wp-json\/wp\/v2\/comments?post=3614"}],"wp:featuredmedia":[{"embeddable":true,"href":"https:\/\/tiandeproducts.co.uk\/lt\/wp-json\/wp\/v2\/media\/802"}],"wp:attachment":[{"href":"https:\/\/tiandeproducts.co.uk\/lt\/wp-json\/wp\/v2\/media?parent=3614"}],"wp:term":[{"taxonomy":"product_cat","embeddable":true,"href":"https:\/\/tiandeproducts.co.uk\/lt\/wp-json\/wp\/v2\/product_cat?post=3614"},{"taxonomy":"product_tag","embeddable":true,"href":"https:\/\/tiandeproducts.co.uk\/lt\/wp-json\/wp\/v2\/product_tag?post=3614"}],"curies":[{"name":"wp","href":"https:\/\/api.w.org\/{rel}","templated":true}]}}