{"id":3613,"date":"2016-04-20T18:18:20","date_gmt":"2016-04-20T17:18:20","guid":{"rendered":"https:\/\/tnd.ontesting.co.uk\/vaikiska-dantu-pasta-gelis-prodental-junior-50g\/"},"modified":"2020-02-04T23:03:06","modified_gmt":"2020-02-04T23:03:06","slug":"vaikiska-dantu-pasta-gelis-prodental-junior-50g","status":"publish","type":"product","link":"https:\/\/tiandeproducts.co.uk\/lt\/vaikiska-dantu-pasta-gelis-prodental-junior-50g\/","title":{"rendered":"Vaiki\u0161ka dant\u0173 pasta &#8211; gelis &#8222;Prodental Junior&#8221; 50g"},"content":{"rendered":"<p>\u201eProDental Junior\u201c aktyvi\u0173 ingredient\u0173 kiekis ir kompozicija pritaikyta vaik\u0173 burnos ertmei &#8211; nuo pirmojo pieninio dantuko iki nuolatini\u0173 dant\u0173. Ji saugo pieninius dantis ir dantenas, efektyviai ir \u0161velniai \u0161alina apna\u0161as, nekenkia jautriam vaik\u0173 dant\u0173 emaliui, patikimai saugo nuo \u0117duonies. Mink\u0161tos, nat\u016bralios poliruojan\u010dios med\u017eiagos padeda ypa\u010d \u0161velniai i\u0161valyti dantukus. Sud\u0117tyje n\u0117ra fluoro ir paraben\u0173, tod\u0117l pasta &#8211; gelis yra saugi, net nety\u010dia nurijus. Gaivus obuoli\u0173 skonis ir aromatas, kartu su ry\u0161kia ir linksma pakuote, pad\u0117s pritraukti vaik\u0173 d\u0117mes\u012f ir paversti dantuk\u0173 valym\u0105 maloniu u\u017esi\u0117mimu<\/p>\n<p>Suaugusi\u0173 \u017emoni\u0173 dant\u0173 b\u016bkl\u0117 priklauso ir nuo to, kaip burnos ertm\u0117s higiena r\u016bpinom\u0117s vaikyst\u0117je. Pienini\u0173 dantuk\u0173 kariesas lengvai persiduoda nuolatiniams dantims. Vaik\u0173 dantuk\u0173 emal\u0117 yra mink\u0161tesn\u0117, perpus plonesn\u0117 nei suaugusi\u0173, ma\u017eesn\u0117s mineralizacijos (beveik 10 kart\u0173), j\u0105 lengva pa\u017eeisti, taip pat i\u0161\u0161aukti dantuk\u0173 jautrum\u0105. Tod\u0117l dant\u0173 past\u0105 patiems ma\u017eiausiems reikt\u0173 parinkti su ypatinga atsakomybe.<\/p>\n<p>TianDe dant\u0173 pastose naudojamas silicio r\u016bg\u0161tis. \u0160i valomoji med\u017eiaga\u00a0yra ne tik \u0161velni ir \u201emink\u0161ta\u201c, bet ir visi\u0161kai saugi dantims ir dantenoms. Ji neturi agresyvi\u0173 abrazyvini\u0173 daleli\u0173, kurios dirgina dantenas ir kenkia dant\u0173 emaliui.<\/p>\n<p><strong>Naudojimas:<\/strong><br \/>\nValykite i\u0161orin\u0119 ir galin\u0119 dant\u0173 pus\u0119, nepamir\u0161kite tarpdan\u010di\u0173 bei lie\u017euvio (valykite 2 kartus per dien\u0105 ne ma\u017eiau nei 5 min.). Nepraryti.\u00a0Vaikai iki 6 met\u0173 am\u017eiaus tur\u0117t\u0173 valytis dantis pri\u017ei\u016brimi suaugusi\u0173j\u0173.<\/p>\n<p><strong>Veikliosios med\u017eiagos:<\/strong><\/p>\n<p><strong>Silicio r\u016bg\u0161tis<\/strong>\u00a0nebrai\u017eo ir nepa\u017eeid\u017eia dant\u0173 emalio, efektyviai valo dant\u0173 apna\u0161as, lengvai poliruoja. Rekomenduojama naudoti turint jautrias dantenas ir pa\u017eeist\u0105 dant\u0173 emal\u012f.<\/p>\n<p><strong>Mentolis<\/strong>\u00a0valo burnos ertm\u0119 nuo bakterij\u0173, ilgam suteikia gaiv\u0173 ir malon\u0173 burnos kvap\u0105. Turi antiseptin\u012f, tonizuojant\u012f ir prie\u0161u\u017edegimin\u012f poveik\u012f.<\/p>\n","protected":false},"excerpt":{"rendered":"<p>\u201eProDental Junior\u201c aktyvi\u0173 ingredient\u0173 kiekis ir kompozicija pritaikyta vaik\u0173 burnos ertmei &#8211; nuo pirmojo pieninio dantuko iki nuolatini\u0173 dant\u0173. Ji saugo pieninius dantis ir dantenas, efektyviai ir \u0161velniai \u0161alina apna\u0161as, nekenkia jautriam vaik\u0173 dant\u0173 emaliui, patikimai saugo nuo \u0117duonies. Mink\u0161tos, nat\u016bralios poliruojan\u010dios med\u017eiagos padeda ypa\u010d \u0161velniai i\u0161valyti dantukus. Sud\u0117tyje n\u0117ra fluoro ir paraben\u0173, tod\u0117l pasta [&#8230;]\n","protected":false},"featured_media":1030,"comment_status":"closed","ping_status":"closed","template":"","meta":[],"product_cat":[684,1349,686,677,617],"product_tag":[],"class_list":{"0":"post-3613","1":"product","2":"type-product","3":"status-publish","4":"has-post-thumbnail","6":"product_cat-burnos-higiena","7":"product_cat-burnos-higiena-lt","8":"product_cat-dantu-pastosgeliai","9":"product_cat-higiena","10":"product_cat-vaikams","12":"first","13":"outofstock","14":"shipping-taxable","15":"purchasable","16":"product-type-simple"},"yoast_head":"<!-- This site is optimized with the Yoast SEO plugin v23.6 - https:\/\/yoast.com\/wordpress\/plugins\/seo\/ -->\n<title>Vaiki\u0161ka dant\u0173 pasta - gelis &quot;Prodental Junior&quot; 50g - TianDe Online Shop - Beauty &amp; Health<\/title>\n<meta name=\"robots\" content=\"index, follow, max-snippet:-1, max-image-preview:large, max-video-preview:-1\" \/>\n<link rel=\"canonical\" href=\"https:\/\/tiandeproducts.co.uk\/lt\/vaikiska-dantu-pasta-gelis-prodental-junior-50g\/\" \/>\n<meta property=\"og:locale\" content=\"lt_LT\" \/>\n<meta property=\"og:type\" content=\"article\" \/>\n<meta property=\"og:title\" content=\"Vaiki\u0161ka dant\u0173 pasta - gelis &quot;Prodental Junior&quot; 50g - TianDe Online Shop - Beauty &amp; Health\" \/>\n<meta property=\"og:description\" content=\"\u201eProDental Junior\u201c aktyvi\u0173 ingredient\u0173 kiekis ir kompozicija pritaikyta vaik\u0173 burnos ertmei &#8211; nuo pirmojo pieninio dantuko iki nuolatini\u0173 dant\u0173. Ji saugo pieninius dantis ir dantenas, efektyviai ir \u0161velniai \u0161alina apna\u0161as, nekenkia jautriam vaik\u0173 dant\u0173 emaliui, patikimai saugo nuo \u0117duonies. Mink\u0161tos, nat\u016bralios poliruojan\u010dios med\u017eiagos padeda ypa\u010d \u0161velniai i\u0161valyti dantukus. Sud\u0117tyje n\u0117ra fluoro ir paraben\u0173, tod\u0117l pasta [...]\" \/>\n<meta property=\"og:url\" content=\"https:\/\/tiandeproducts.co.uk\/lt\/vaikiska-dantu-pasta-gelis-prodental-junior-50g\/\" \/>\n<meta property=\"og:site_name\" content=\"TianDe Online Shop - Beauty &amp; Health\" \/>\n<meta property=\"article:publisher\" content=\"https:\/\/www.facebook.com\/tiande.products.england\/\" \/>\n<meta property=\"article:modified_time\" content=\"2020-02-04T23:03:06+00:00\" \/>\n<meta property=\"og:image\" content=\"https:\/\/tiandeproducts.co.uk\/wp-content\/uploads\/2016\/04\/123_12.png\" \/>\n\t<meta property=\"og:image:width\" content=\"700\" \/>\n\t<meta property=\"og:image:height\" content=\"700\" \/>\n\t<meta property=\"og:image:type\" content=\"image\/png\" \/>\n<meta name=\"twitter:card\" content=\"summary_large_image\" \/>\n<meta name=\"twitter:label1\" content=\"Est. reading time\" \/>\n\t<meta name=\"twitter:data1\" content=\"1 minut\u0117\" \/>\n<script type=\"application\/ld+json\" class=\"yoast-schema-graph\">{\"@context\":\"https:\/\/schema.org\",\"@graph\":[{\"@type\":\"WebPage\",\"@id\":\"https:\/\/tiandeproducts.co.uk\/lt\/vaikiska-dantu-pasta-gelis-prodental-junior-50g\/\",\"url\":\"https:\/\/tiandeproducts.co.uk\/lt\/vaikiska-dantu-pasta-gelis-prodental-junior-50g\/\",\"name\":\"Vaiki\u0161ka dant\u0173 pasta - gelis \\\"Prodental Junior\\\" 50g - TianDe Online Shop - Beauty &amp; Health\",\"isPartOf\":{\"@id\":\"https:\/\/tiandeproducts.co.uk\/#website\"},\"primaryImageOfPage\":{\"@id\":\"https:\/\/tiandeproducts.co.uk\/lt\/vaikiska-dantu-pasta-gelis-prodental-junior-50g\/#primaryimage\"},\"image\":{\"@id\":\"https:\/\/tiandeproducts.co.uk\/lt\/vaikiska-dantu-pasta-gelis-prodental-junior-50g\/#primaryimage\"},\"thumbnailUrl\":\"https:\/\/tiandeproducts.co.uk\/wp-content\/uploads\/2016\/04\/123_12.png\",\"datePublished\":\"2016-04-20T17:18:20+00:00\",\"dateModified\":\"2020-02-04T23:03:06+00:00\",\"breadcrumb\":{\"@id\":\"https:\/\/tiandeproducts.co.uk\/lt\/vaikiska-dantu-pasta-gelis-prodental-junior-50g\/#breadcrumb\"},\"inLanguage\":\"lt-LT\",\"potentialAction\":[{\"@type\":\"ReadAction\",\"target\":[\"https:\/\/tiandeproducts.co.uk\/lt\/vaikiska-dantu-pasta-gelis-prodental-junior-50g\/\"]}]},{\"@type\":\"ImageObject\",\"inLanguage\":\"lt-LT\",\"@id\":\"https:\/\/tiandeproducts.co.uk\/lt\/vaikiska-dantu-pasta-gelis-prodental-junior-50g\/#primaryimage\",\"url\":\"https:\/\/tiandeproducts.co.uk\/wp-content\/uploads\/2016\/04\/123_12.png\",\"contentUrl\":\"https:\/\/tiandeproducts.co.uk\/wp-content\/uploads\/2016\/04\/123_12.png\",\"width\":700,\"height\":700,\"caption\":\"Prodental Junior Gel Toothpaste With Mint & Apple,,50g-0\"},{\"@type\":\"BreadcrumbList\",\"@id\":\"https:\/\/tiandeproducts.co.uk\/lt\/vaikiska-dantu-pasta-gelis-prodental-junior-50g\/#breadcrumb\",\"itemListElement\":[{\"@type\":\"ListItem\",\"position\":1,\"name\":\"Home\",\"item\":\"https:\/\/tiandeproducts.co.uk\/lt\/\"},{\"@type\":\"ListItem\",\"position\":2,\"name\":\"Shop\",\"item\":\"https:\/\/tiandeproducts.co.uk\/lt\/shop-2\/\"},{\"@type\":\"ListItem\",\"position\":3,\"name\":\"Vaiki\u0161ka dant\u0173 pasta &#8211; gelis &#8220;Prodental Junior&#8221; 50g\"}]},{\"@type\":\"WebSite\",\"@id\":\"https:\/\/tiandeproducts.co.uk\/#website\",\"url\":\"https:\/\/tiandeproducts.co.uk\/\",\"name\":\"TianDe Online Shop - Beauty & Health\",\"description\":\"Traditional Chinese Medicine\",\"potentialAction\":[{\"@type\":\"SearchAction\",\"target\":{\"@type\":\"EntryPoint\",\"urlTemplate\":\"https:\/\/tiandeproducts.co.uk\/?s={search_term_string}\"},\"query-input\":{\"@type\":\"PropertyValueSpecification\",\"valueRequired\":true,\"valueName\":\"search_term_string\"}}],\"inLanguage\":\"lt-LT\"}]}<\/script>\n<!-- \/ Yoast SEO plugin. -->","yoast_head_json":{"title":"Vaiki\u0161ka dant\u0173 pasta - gelis \"Prodental Junior\" 50g - TianDe Online Shop - Beauty &amp; Health","robots":{"index":"index","follow":"follow","max-snippet":"max-snippet:-1","max-image-preview":"max-image-preview:large","max-video-preview":"max-video-preview:-1"},"canonical":"https:\/\/tiandeproducts.co.uk\/lt\/vaikiska-dantu-pasta-gelis-prodental-junior-50g\/","og_locale":"lt_LT","og_type":"article","og_title":"Vaiki\u0161ka dant\u0173 pasta - gelis \"Prodental Junior\" 50g - TianDe Online Shop - Beauty &amp; Health","og_description":"\u201eProDental Junior\u201c aktyvi\u0173 ingredient\u0173 kiekis ir kompozicija pritaikyta vaik\u0173 burnos ertmei &#8211; nuo pirmojo pieninio dantuko iki nuolatini\u0173 dant\u0173. Ji saugo pieninius dantis ir dantenas, efektyviai ir \u0161velniai \u0161alina apna\u0161as, nekenkia jautriam vaik\u0173 dant\u0173 emaliui, patikimai saugo nuo \u0117duonies. Mink\u0161tos, nat\u016bralios poliruojan\u010dios med\u017eiagos padeda ypa\u010d \u0161velniai i\u0161valyti dantukus. Sud\u0117tyje n\u0117ra fluoro ir paraben\u0173, tod\u0117l pasta [...]","og_url":"https:\/\/tiandeproducts.co.uk\/lt\/vaikiska-dantu-pasta-gelis-prodental-junior-50g\/","og_site_name":"TianDe Online Shop - Beauty &amp; Health","article_publisher":"https:\/\/www.facebook.com\/tiande.products.england\/","article_modified_time":"2020-02-04T23:03:06+00:00","og_image":[{"width":700,"height":700,"url":"https:\/\/tiandeproducts.co.uk\/wp-content\/uploads\/2016\/04\/123_12.png","type":"image\/png"}],"twitter_card":"summary_large_image","twitter_misc":{"Est. reading time":"1 minut\u0117"},"schema":{"@context":"https:\/\/schema.org","@graph":[{"@type":"WebPage","@id":"https:\/\/tiandeproducts.co.uk\/lt\/vaikiska-dantu-pasta-gelis-prodental-junior-50g\/","url":"https:\/\/tiandeproducts.co.uk\/lt\/vaikiska-dantu-pasta-gelis-prodental-junior-50g\/","name":"Vaiki\u0161ka dant\u0173 pasta - gelis \"Prodental Junior\" 50g - TianDe Online Shop - Beauty &amp; Health","isPartOf":{"@id":"https:\/\/tiandeproducts.co.uk\/#website"},"primaryImageOfPage":{"@id":"https:\/\/tiandeproducts.co.uk\/lt\/vaikiska-dantu-pasta-gelis-prodental-junior-50g\/#primaryimage"},"image":{"@id":"https:\/\/tiandeproducts.co.uk\/lt\/vaikiska-dantu-pasta-gelis-prodental-junior-50g\/#primaryimage"},"thumbnailUrl":"https:\/\/tiandeproducts.co.uk\/wp-content\/uploads\/2016\/04\/123_12.png","datePublished":"2016-04-20T17:18:20+00:00","dateModified":"2020-02-04T23:03:06+00:00","breadcrumb":{"@id":"https:\/\/tiandeproducts.co.uk\/lt\/vaikiska-dantu-pasta-gelis-prodental-junior-50g\/#breadcrumb"},"inLanguage":"lt-LT","potentialAction":[{"@type":"ReadAction","target":["https:\/\/tiandeproducts.co.uk\/lt\/vaikiska-dantu-pasta-gelis-prodental-junior-50g\/"]}]},{"@type":"ImageObject","inLanguage":"lt-LT","@id":"https:\/\/tiandeproducts.co.uk\/lt\/vaikiska-dantu-pasta-gelis-prodental-junior-50g\/#primaryimage","url":"https:\/\/tiandeproducts.co.uk\/wp-content\/uploads\/2016\/04\/123_12.png","contentUrl":"https:\/\/tiandeproducts.co.uk\/wp-content\/uploads\/2016\/04\/123_12.png","width":700,"height":700,"caption":"Prodental Junior Gel Toothpaste With Mint & Apple,,50g-0"},{"@type":"BreadcrumbList","@id":"https:\/\/tiandeproducts.co.uk\/lt\/vaikiska-dantu-pasta-gelis-prodental-junior-50g\/#breadcrumb","itemListElement":[{"@type":"ListItem","position":1,"name":"Home","item":"https:\/\/tiandeproducts.co.uk\/lt\/"},{"@type":"ListItem","position":2,"name":"Shop","item":"https:\/\/tiandeproducts.co.uk\/lt\/shop-2\/"},{"@type":"ListItem","position":3,"name":"Vaiki\u0161ka dant\u0173 pasta &#8211; gelis &#8220;Prodental Junior&#8221; 50g"}]},{"@type":"WebSite","@id":"https:\/\/tiandeproducts.co.uk\/#website","url":"https:\/\/tiandeproducts.co.uk\/","name":"TianDe Online Shop - Beauty & Health","description":"Traditional Chinese Medicine","potentialAction":[{"@type":"SearchAction","target":{"@type":"EntryPoint","urlTemplate":"https:\/\/tiandeproducts.co.uk\/?s={search_term_string}"},"query-input":{"@type":"PropertyValueSpecification","valueRequired":true,"valueName":"search_term_string"}}],"inLanguage":"lt-LT"}]}},"_links":{"self":[{"href":"https:\/\/tiandeproducts.co.uk\/lt\/wp-json\/wp\/v2\/product\/3613","targetHints":{"allow":["GET"]}}],"collection":[{"href":"https:\/\/tiandeproducts.co.uk\/lt\/wp-json\/wp\/v2\/product"}],"about":[{"href":"https:\/\/tiandeproducts.co.uk\/lt\/wp-json\/wp\/v2\/types\/product"}],"replies":[{"embeddable":true,"href":"https:\/\/tiandeproducts.co.uk\/lt\/wp-json\/wp\/v2\/comments?post=3613"}],"wp:featuredmedia":[{"embeddable":true,"href":"https:\/\/tiandeproducts.co.uk\/lt\/wp-json\/wp\/v2\/media\/1030"}],"wp:attachment":[{"href":"https:\/\/tiandeproducts.co.uk\/lt\/wp-json\/wp\/v2\/media?parent=3613"}],"wp:term":[{"taxonomy":"product_cat","embeddable":true,"href":"https:\/\/tiandeproducts.co.uk\/lt\/wp-json\/wp\/v2\/product_cat?post=3613"},{"taxonomy":"product_tag","embeddable":true,"href":"https:\/\/tiandeproducts.co.uk\/lt\/wp-json\/wp\/v2\/product_tag?post=3613"}],"curies":[{"name":"wp","href":"https:\/\/api.w.org\/{rel}","templated":true}]}}