{"id":3612,"date":"2016-04-20T18:29:53","date_gmt":"2016-04-20T17:29:53","guid":{"rendered":"https:\/\/tnd.ontesting.co.uk\/dantu-pasta-extra-white-pro-60g\/"},"modified":"2020-02-25T23:54:46","modified_gmt":"2020-02-25T23:54:46","slug":"dantu-pasta-extra-white-pro-60g","status":"publish","type":"product","link":"https:\/\/tiandeproducts.co.uk\/lt\/dantu-pasta-extra-white-pro-60g\/","title":{"rendered":"Dant\u0173 pasta Extra White PRO 60g"},"content":{"rendered":"<p><strong>Profesionali formul\u0117.<\/strong><br \/>\nDant\u0173 pastos Extra White PRO sud\u0117tyje yra \u0161iuolaikini\u0173 mink\u0161t\u0173 ir saugi\u0173 abrazyvini\u0173 daleli\u0173 (vandeninio silicio, kalcio-divandenilio fosfatas), kurios biologi\u0161kai dera su dant\u0173 emaliu. Sud\u0117tyje n\u0117ra oksiduojan\u010di\u0173 balikli\u0173 ir kit\u0173 chemini\u0173 med\u017eiag\u0173 ir paraben\u0173.<br \/>\nJi pa\u0161alina net tankias pigmentines d\u0117mes &#8211; apna\u0161\u0173 susidarymo prie\u017east\u012f. Pasta atstato ir palaiko nat\u016brali\u0105 balt\u0105 emalio spalv\u0105, pa\u0161alina apna\u0161as nuo tabako ir kavos. D\u0117l kalcio jungini\u0173, fosforo ir natrio fluorido (fluorido mas\u0117s dalis yra ma\u017eesn\u0117 nei 0,13%) apsaugo nuo padid\u0117jusio jautrumo ir stiprina emal\u012f. Ilgai i\u0161lieka gaivus kvapas.<br \/>\nReguliariai naudojant gaunamas puikus rezultatas.<\/p>\n<ul>\n<li>atstato nat\u016bral\u0173 emalio baltum\u0105;<\/li>\n<li>pa\u0161alina nuo tabako susidariusias d\u0117mes;<\/li>\n<li>stiprina emal\u012f ir apsaugo nuo padid\u0117jusio jautrumo;<\/li>\n<li>suteikia gaiv\u0173 kvap\u0105;<\/li>\n<li>draugi\u0161ka sveikatai: \u012f sud\u0117t\u012f ne\u012feina oksidatoriai ir kiti cheminiai balikliai.<\/li>\n<\/ul>\n<p><strong>Naudojimas:<\/strong> dantis valyti 1-2 kartus per savait\u0119.<\/p>\n<p><strong><em>Aktyv\u016bs komponentai:<\/em><\/strong><\/p>\n<p><em><strong>Mentolis<\/strong> \u2013 suteikia gaiv\u0173 kvap\u0105, i\u0161valo nuo bakterij\u0173.<\/em><\/p>\n<p><em><strong>Kalcio dihidrofosfatas<\/strong> \u2013 tai kalcio ir fosforo \u0161altinis, kurie sudaro emalio pagrind\u0105. \u0160i\u0173 komponent\u0173 d\u0117ka danties emails papildomas tr\u016bkstamais mineralais. \u0160velniai valo emal\u012f.<\/em><\/p>\n<p><em><strong>Silicio r\u016bg\u0161tis<\/strong> &#8211; hidratuotas silicio dioksidas yra mink\u0161tas abrazyvas, pagamintas i\u0161 silicio.\u00a0<span title=\"\u0415\u0433\u043e \u0441\u0444\u0435\u0440\u0438\u0447\u0435\u0441\u043a\u0438\u0435 \u0433\u0440\u0430\u043d\u0443\u043b\u044b, \u043d\u0435 \u0446\u0430\u0440\u0430\u043f\u0430\u044f \u0438 \u043d\u0435 \u043f\u043e\u0432\u0440\u0435\u0436\u0434\u0430\u044f \u044d\u043c\u0430\u043b\u044c, \u044d\u0444\u0444\u0435\u043a\u0442\u0438\u0432\u043d\u043e \u0443\u0434\u0430\u043b\u044f\u044e\u0442 \u0437\u0443\u0431\u043d\u043e\u0439 \u043d\u0430\u043b\u0435\u0442.&lt;\/p&gt;\n\u00a0\u00a0\u00a0\u00a0\u00a0\u00a0\u00a0\u00a0\u00a0\u00a0\u00a0\u00a0\u00a0\u00a0\u00a0\u00a0\u00a0\u00a0\u00a0\u00a0\u00a0\u00a0\u00a0\u00a0\u00a0\u00a0\u00a0\u00a0\u00a0\u00a0\u00a0\u00a0\">Jo sferin\u0117s granul\u0117s nepa\u017eeid\u017eia emalio.<\/span><\/em><\/p>\n<p><em><strong>Natrio fluoridas<\/strong> &#8211; \u0161iandien yra pageidaujama fluorido forma, turinti didel\u0119 remineralizuojan\u010di\u0105 savyb\u0119.\u00a0<span title=\"\u041f\u0440\u0435\u0438\u043c\u0443\u0449\u0435\u0441\u0442\u0432\u043e\u043c \u0444\u0442\u043e\u0440\u0438\u0434\u0430 \u043d\u0430\u0442\u0440\u0438\u044f \u044f\u0432\u043b\u044f\u0435\u0442\u0441\u044f \u0435\u0433\u043e \u0441\u043f\u043e\u0441\u043e\u0431\u043d\u043e\u0441\u0442\u044c \u043b\u0435\u0433\u043a\u043e \u0438 \u0431\u044b\u0441\u0442\u0440\u043e \u0440\u0430\u0441\u043f\u0430\u0434\u0430\u0442\u044c\u0441\u044f \u043d\u0430 \u0430\u043a\u0442\u0438\u0432\u043d\u044b\u0435 \u0438\u043e\u043d\u044b, \u043a\u043e\u0442\u043e\u0440\u044b\u0435 \u0443\u0441\u043f\u0435\u0432\u0430\u044e\u0442 \u043f\u0440\u043e\u0438\u0437\u0432\u0435\u0441\u0442\u0438 \u044d\u0444\u0444\u0435\u043a\u0442, \u0434\u0430\u0436\u0435 \u0432 \u0442\u0435\u0447\u0435\u043d\u0438\u0435 \u0432\u0441\u0435\u0433\u043e 1-3 \u043c\u0438\u043d\u0443\u0442.\">Natrio fluorido prana\u0161umas yra jo sugeb\u0117jimas lengvai ir greitai susiskaidyti \u012f aktyvius jonus, kurie sp\u0117ja suveikti net per 1-3 minutes.<\/span><\/em><\/p>\n","protected":false},"excerpt":{"rendered":"<p>Profesionali formul\u0117. Dant\u0173 pastos Extra White PRO sud\u0117tyje yra \u0161iuolaikini\u0173 mink\u0161t\u0173 ir saugi\u0173 abrazyvini\u0173 daleli\u0173 (vandeninio silicio, kalcio-divandenilio fosfatas), kurios biologi\u0161kai dera su dant\u0173 emaliu. Sud\u0117tyje n\u0117ra oksiduojan\u010di\u0173 balikli\u0173 ir kit\u0173 chemini\u0173 med\u017eiag\u0173 ir paraben\u0173. Ji pa\u0161alina net tankias pigmentines d\u0117mes &#8211; apna\u0161\u0173 susidarymo prie\u017east\u012f. Pasta atstato ir palaiko nat\u016brali\u0105 balt\u0105 emalio spalv\u0105, pa\u0161alina apna\u0161as [&#8230;]\n","protected":false},"featured_media":1040,"comment_status":"closed","ping_status":"closed","template":"","meta":[],"product_cat":[684,686,677],"product_tag":[],"class_list":{"0":"post-3612","1":"product","2":"type-product","3":"status-publish","4":"has-post-thumbnail","6":"product_cat-burnos-higiena","7":"product_cat-dantu-pastosgeliai","8":"product_cat-higiena","10":"first","11":"instock","12":"shipping-taxable","13":"purchasable","14":"product-type-simple"},"yoast_head":"<!-- This site is optimized with the Yoast SEO plugin v23.6 - https:\/\/yoast.com\/wordpress\/plugins\/seo\/ -->\n<title>Dant\u0173 pasta Extra White PRO 60g - TianDe Online Shop - Beauty &amp; Health<\/title>\n<meta name=\"robots\" content=\"index, follow, max-snippet:-1, max-image-preview:large, max-video-preview:-1\" \/>\n<link rel=\"canonical\" href=\"https:\/\/tiandeproducts.co.uk\/lt\/dantu-pasta-extra-white-pro-60g\/\" \/>\n<meta property=\"og:locale\" content=\"lt_LT\" \/>\n<meta property=\"og:type\" content=\"article\" \/>\n<meta property=\"og:title\" content=\"Dant\u0173 pasta Extra White PRO 60g - TianDe Online Shop - Beauty &amp; Health\" \/>\n<meta property=\"og:description\" content=\"Profesionali formul\u0117. Dant\u0173 pastos Extra White PRO sud\u0117tyje yra \u0161iuolaikini\u0173 mink\u0161t\u0173 ir saugi\u0173 abrazyvini\u0173 daleli\u0173 (vandeninio silicio, kalcio-divandenilio fosfatas), kurios biologi\u0161kai dera su dant\u0173 emaliu. Sud\u0117tyje n\u0117ra oksiduojan\u010di\u0173 balikli\u0173 ir kit\u0173 chemini\u0173 med\u017eiag\u0173 ir paraben\u0173. Ji pa\u0161alina net tankias pigmentines d\u0117mes &#8211; apna\u0161\u0173 susidarymo prie\u017east\u012f. Pasta atstato ir palaiko nat\u016brali\u0105 balt\u0105 emalio spalv\u0105, pa\u0161alina apna\u0161as [...]\" \/>\n<meta property=\"og:url\" content=\"https:\/\/tiandeproducts.co.uk\/lt\/dantu-pasta-extra-white-pro-60g\/\" \/>\n<meta property=\"og:site_name\" content=\"TianDe Online Shop - Beauty &amp; Health\" \/>\n<meta property=\"article:publisher\" content=\"https:\/\/www.facebook.com\/tiande.products.england\/\" \/>\n<meta property=\"article:modified_time\" content=\"2020-02-25T23:54:46+00:00\" \/>\n<meta property=\"og:image\" content=\"https:\/\/tiandeproducts.co.uk\/wp-content\/uploads\/2016\/04\/60146.png\" \/>\n\t<meta property=\"og:image:width\" content=\"700\" \/>\n\t<meta property=\"og:image:height\" content=\"700\" \/>\n\t<meta property=\"og:image:type\" content=\"image\/png\" \/>\n<meta name=\"twitter:card\" content=\"summary_large_image\" \/>\n<meta name=\"twitter:label1\" content=\"Est. reading time\" \/>\n\t<meta name=\"twitter:data1\" content=\"1 minut\u0117\" \/>\n<script type=\"application\/ld+json\" class=\"yoast-schema-graph\">{\"@context\":\"https:\/\/schema.org\",\"@graph\":[{\"@type\":\"WebPage\",\"@id\":\"https:\/\/tiandeproducts.co.uk\/lt\/dantu-pasta-extra-white-pro-60g\/\",\"url\":\"https:\/\/tiandeproducts.co.uk\/lt\/dantu-pasta-extra-white-pro-60g\/\",\"name\":\"Dant\u0173 pasta Extra White PRO 60g - TianDe Online Shop - Beauty &amp; Health\",\"isPartOf\":{\"@id\":\"https:\/\/tiandeproducts.co.uk\/#website\"},\"primaryImageOfPage\":{\"@id\":\"https:\/\/tiandeproducts.co.uk\/lt\/dantu-pasta-extra-white-pro-60g\/#primaryimage\"},\"image\":{\"@id\":\"https:\/\/tiandeproducts.co.uk\/lt\/dantu-pasta-extra-white-pro-60g\/#primaryimage\"},\"thumbnailUrl\":\"https:\/\/tiandeproducts.co.uk\/wp-content\/uploads\/2016\/04\/60146.png\",\"datePublished\":\"2016-04-20T17:29:53+00:00\",\"dateModified\":\"2020-02-25T23:54:46+00:00\",\"breadcrumb\":{\"@id\":\"https:\/\/tiandeproducts.co.uk\/lt\/dantu-pasta-extra-white-pro-60g\/#breadcrumb\"},\"inLanguage\":\"lt-LT\",\"potentialAction\":[{\"@type\":\"ReadAction\",\"target\":[\"https:\/\/tiandeproducts.co.uk\/lt\/dantu-pasta-extra-white-pro-60g\/\"]}]},{\"@type\":\"ImageObject\",\"inLanguage\":\"lt-LT\",\"@id\":\"https:\/\/tiandeproducts.co.uk\/lt\/dantu-pasta-extra-white-pro-60g\/#primaryimage\",\"url\":\"https:\/\/tiandeproducts.co.uk\/wp-content\/uploads\/2016\/04\/60146.png\",\"contentUrl\":\"https:\/\/tiandeproducts.co.uk\/wp-content\/uploads\/2016\/04\/60146.png\",\"width\":700,\"height\":700,\"caption\":\"Extra White PRO Tooth Paste,Professional Formula,60g-0\"},{\"@type\":\"BreadcrumbList\",\"@id\":\"https:\/\/tiandeproducts.co.uk\/lt\/dantu-pasta-extra-white-pro-60g\/#breadcrumb\",\"itemListElement\":[{\"@type\":\"ListItem\",\"position\":1,\"name\":\"Home\",\"item\":\"https:\/\/tiandeproducts.co.uk\/lt\/\"},{\"@type\":\"ListItem\",\"position\":2,\"name\":\"Shop\",\"item\":\"https:\/\/tiandeproducts.co.uk\/lt\/shop-2\/\"},{\"@type\":\"ListItem\",\"position\":3,\"name\":\"Dant\u0173 pasta Extra White PRO 60g\"}]},{\"@type\":\"WebSite\",\"@id\":\"https:\/\/tiandeproducts.co.uk\/#website\",\"url\":\"https:\/\/tiandeproducts.co.uk\/\",\"name\":\"TianDe Online Shop - Beauty & Health\",\"description\":\"Traditional Chinese Medicine\",\"potentialAction\":[{\"@type\":\"SearchAction\",\"target\":{\"@type\":\"EntryPoint\",\"urlTemplate\":\"https:\/\/tiandeproducts.co.uk\/?s={search_term_string}\"},\"query-input\":{\"@type\":\"PropertyValueSpecification\",\"valueRequired\":true,\"valueName\":\"search_term_string\"}}],\"inLanguage\":\"lt-LT\"}]}<\/script>\n<!-- \/ Yoast SEO plugin. -->","yoast_head_json":{"title":"Dant\u0173 pasta Extra White PRO 60g - TianDe Online Shop - Beauty &amp; Health","robots":{"index":"index","follow":"follow","max-snippet":"max-snippet:-1","max-image-preview":"max-image-preview:large","max-video-preview":"max-video-preview:-1"},"canonical":"https:\/\/tiandeproducts.co.uk\/lt\/dantu-pasta-extra-white-pro-60g\/","og_locale":"lt_LT","og_type":"article","og_title":"Dant\u0173 pasta Extra White PRO 60g - TianDe Online Shop - Beauty &amp; Health","og_description":"Profesionali formul\u0117. Dant\u0173 pastos Extra White PRO sud\u0117tyje yra \u0161iuolaikini\u0173 mink\u0161t\u0173 ir saugi\u0173 abrazyvini\u0173 daleli\u0173 (vandeninio silicio, kalcio-divandenilio fosfatas), kurios biologi\u0161kai dera su dant\u0173 emaliu. Sud\u0117tyje n\u0117ra oksiduojan\u010di\u0173 balikli\u0173 ir kit\u0173 chemini\u0173 med\u017eiag\u0173 ir paraben\u0173. Ji pa\u0161alina net tankias pigmentines d\u0117mes &#8211; apna\u0161\u0173 susidarymo prie\u017east\u012f. Pasta atstato ir palaiko nat\u016brali\u0105 balt\u0105 emalio spalv\u0105, pa\u0161alina apna\u0161as [...]","og_url":"https:\/\/tiandeproducts.co.uk\/lt\/dantu-pasta-extra-white-pro-60g\/","og_site_name":"TianDe Online Shop - Beauty &amp; Health","article_publisher":"https:\/\/www.facebook.com\/tiande.products.england\/","article_modified_time":"2020-02-25T23:54:46+00:00","og_image":[{"width":700,"height":700,"url":"https:\/\/tiandeproducts.co.uk\/wp-content\/uploads\/2016\/04\/60146.png","type":"image\/png"}],"twitter_card":"summary_large_image","twitter_misc":{"Est. reading time":"1 minut\u0117"},"schema":{"@context":"https:\/\/schema.org","@graph":[{"@type":"WebPage","@id":"https:\/\/tiandeproducts.co.uk\/lt\/dantu-pasta-extra-white-pro-60g\/","url":"https:\/\/tiandeproducts.co.uk\/lt\/dantu-pasta-extra-white-pro-60g\/","name":"Dant\u0173 pasta Extra White PRO 60g - TianDe Online Shop - Beauty &amp; Health","isPartOf":{"@id":"https:\/\/tiandeproducts.co.uk\/#website"},"primaryImageOfPage":{"@id":"https:\/\/tiandeproducts.co.uk\/lt\/dantu-pasta-extra-white-pro-60g\/#primaryimage"},"image":{"@id":"https:\/\/tiandeproducts.co.uk\/lt\/dantu-pasta-extra-white-pro-60g\/#primaryimage"},"thumbnailUrl":"https:\/\/tiandeproducts.co.uk\/wp-content\/uploads\/2016\/04\/60146.png","datePublished":"2016-04-20T17:29:53+00:00","dateModified":"2020-02-25T23:54:46+00:00","breadcrumb":{"@id":"https:\/\/tiandeproducts.co.uk\/lt\/dantu-pasta-extra-white-pro-60g\/#breadcrumb"},"inLanguage":"lt-LT","potentialAction":[{"@type":"ReadAction","target":["https:\/\/tiandeproducts.co.uk\/lt\/dantu-pasta-extra-white-pro-60g\/"]}]},{"@type":"ImageObject","inLanguage":"lt-LT","@id":"https:\/\/tiandeproducts.co.uk\/lt\/dantu-pasta-extra-white-pro-60g\/#primaryimage","url":"https:\/\/tiandeproducts.co.uk\/wp-content\/uploads\/2016\/04\/60146.png","contentUrl":"https:\/\/tiandeproducts.co.uk\/wp-content\/uploads\/2016\/04\/60146.png","width":700,"height":700,"caption":"Extra White PRO Tooth Paste,Professional Formula,60g-0"},{"@type":"BreadcrumbList","@id":"https:\/\/tiandeproducts.co.uk\/lt\/dantu-pasta-extra-white-pro-60g\/#breadcrumb","itemListElement":[{"@type":"ListItem","position":1,"name":"Home","item":"https:\/\/tiandeproducts.co.uk\/lt\/"},{"@type":"ListItem","position":2,"name":"Shop","item":"https:\/\/tiandeproducts.co.uk\/lt\/shop-2\/"},{"@type":"ListItem","position":3,"name":"Dant\u0173 pasta Extra White PRO 60g"}]},{"@type":"WebSite","@id":"https:\/\/tiandeproducts.co.uk\/#website","url":"https:\/\/tiandeproducts.co.uk\/","name":"TianDe Online Shop - Beauty & Health","description":"Traditional Chinese Medicine","potentialAction":[{"@type":"SearchAction","target":{"@type":"EntryPoint","urlTemplate":"https:\/\/tiandeproducts.co.uk\/?s={search_term_string}"},"query-input":{"@type":"PropertyValueSpecification","valueRequired":true,"valueName":"search_term_string"}}],"inLanguage":"lt-LT"}]}},"_links":{"self":[{"href":"https:\/\/tiandeproducts.co.uk\/lt\/wp-json\/wp\/v2\/product\/3612","targetHints":{"allow":["GET"]}}],"collection":[{"href":"https:\/\/tiandeproducts.co.uk\/lt\/wp-json\/wp\/v2\/product"}],"about":[{"href":"https:\/\/tiandeproducts.co.uk\/lt\/wp-json\/wp\/v2\/types\/product"}],"replies":[{"embeddable":true,"href":"https:\/\/tiandeproducts.co.uk\/lt\/wp-json\/wp\/v2\/comments?post=3612"}],"wp:featuredmedia":[{"embeddable":true,"href":"https:\/\/tiandeproducts.co.uk\/lt\/wp-json\/wp\/v2\/media\/1040"}],"wp:attachment":[{"href":"https:\/\/tiandeproducts.co.uk\/lt\/wp-json\/wp\/v2\/media?parent=3612"}],"wp:term":[{"taxonomy":"product_cat","embeddable":true,"href":"https:\/\/tiandeproducts.co.uk\/lt\/wp-json\/wp\/v2\/product_cat?post=3612"},{"taxonomy":"product_tag","embeddable":true,"href":"https:\/\/tiandeproducts.co.uk\/lt\/wp-json\/wp\/v2\/product_tag?post=3612"}],"curies":[{"name":"wp","href":"https:\/\/api.w.org\/{rel}","templated":true}]}}